{"id":4919,"date":"2019-10-04T14:50:26","date_gmt":"2019-10-04T12:50:26","guid":{"rendered":"https:\/\/kamoto.md\/despre-noi\/"},"modified":"2026-03-05T13:55:02","modified_gmt":"2026-03-05T11:55:02","slug":"despre-noi","status":"publish","type":"page","link":"https:\/\/kamoto.md\/ro\/despre-noi\/","title":{"rendered":"Despre noi"},"content":{"rendered":"<div class=\"wpb-content-wrapper\"><p>[vc_row][vc_column][vc_column_text css=&#8221;&#8221; woodmart_inline=&#8221;no&#8221; text_larger=&#8221;no&#8221;]<strong>Marca KAMOTO<\/strong> este denumit\u0103 dup\u0103 ora\u0219ul <strong>Kamoto<\/strong>, situat \u00een districtul Kamoto, prefectura Kumamoto, Japonia. Sub aceast\u0103 marc\u0103 sunt produse mai multe grupe de produse: unelte electrice, echipamente de for\u021b\u0103, tehnic\u0103 pentru gr\u0103din\u0103, electrocasnice \u0219i mijloace electrice de transport. Principalele fabrici care produc echipamentele Kamoto sunt amplasate \u00een China \u0219i produc exclusiv tehnic\u0103 modern\u0103 de \u00eenalt\u0103 calitate.<\/p>\n<p>\u00cen procesul de produc\u021bie sunt utilizate cele mai noi tehnologii \u0219i un design modern; segmentul de pre\u021b este orientat c\u0103tre un public larg de consumatori, ceea ce creeaz\u0103 o cerere ridicat\u0103 \u0219i satisface cele mai bune a\u0219tept\u0103ri ale clien\u021bilor. Marca este una interna\u021bional\u0103 \u0219i este prezentat\u0103 \u00een cele mai bune magazine specializate din aceste categorii de produse.<\/p>\n<h2>Kamoto \u00een Moldova<\/h2>\n<p>Marca Kamoto a ap\u0103rut pentru prima dat\u0103 pe pia\u021ba din Moldova \u00een anul <strong>2014<\/strong>. Distribuitorul exclusiv este compania <strong>Kamoto SRL<\/strong>. \u00cen prezent, Kamoto ofer\u0103 \u00een Moldova o gam\u0103 larg\u0103 de unelte electrice, echipamente pentru gr\u0103din\u0103, echipamente de for\u021b\u0103 \u0219i tehnic\u0103 pentru construc\u021bii de \u00eenalt\u0103 calitate destinate utiliz\u0103rii casnice.<\/p>\n<p>Printre produsele principale se num\u0103r\u0103: \u0219urubelni\u021be electrice cu cablu \u0219i cu acumulator, polizoare unghiulare, rotopercutoare, borma\u0219ini, fier\u0103straie pendulare (fer\u0103straie electrice tip pendular), pistoale cu aer cald (foehne tehnice), pulverizatoare cu aer \u0219i f\u0103r\u0103 aer (pistoale de vopsit), mixere, fier\u0103straie circulare, dezumidificatoare de aer, trimmere pe benzin\u0103 \u0219i ma\u0219ini de tuns gazonul, drujbe pe benzin\u0103 \u0219i electrice, motocultoare, generatoare, compresoare, tunuri de c\u0103ldur\u0103 \u0219i aeroterme, radiatoare cu ulei, convectoare, betoniere, biciclete electrice \u0219i multe alte produse.<\/p>\n<p>Pe teritoriul Moldovei func\u021bioneaz\u0103 <strong>dou\u0103 magazine Kamoto<\/strong> \u2013 \u00een <strong>Chi\u0219in\u0103u<\/strong> \u0219i <strong>Orhei<\/strong>. Tehnica este distribuit\u0103 pe scar\u0103 larg\u0103 prin re\u021beaua de dealeri \u00een toate raioanele Moldovei \u0219i s-a remarcat ca fiind <strong>\u201etehnic\u0103 de \u00eenalt\u0103 calitate la pre\u021buri medii de pia\u021b\u0103\u201d<\/strong>, ceea ce o face accesibil\u0103 unui num\u0103r larg de consumatori cu diferite niveluri de venit.<\/p>\n<p>Gama de produse Kamoto \u00een Moldova cre\u0219te anual. V\u00e2nz\u0103rile sunt asigurate de speciali\u0219ti harnici \u0219i experimenta\u021bi din punct de vedere tehnic. Centrul oficial de service Kamoto deserve\u0219te de regul\u0103 clien\u021bii \u00een <strong>1\u20133 zile<\/strong>, ceea ce consolideaz\u0103 \u00eencrederea \u00een marc\u0103 \u0219i creeaz\u0103 confort \u00een utilizarea echipamentelor.<\/p>\n<h2>Factorii succesului Kamoto SRL \u00een Moldova<\/h2>\n<p>Cre\u0219terea de succes a companiei <strong>Kamoto SRL<\/strong> \u00een Moldova se bazeaz\u0103 pe:<\/p>\n<ul>\n<li>adaptarea constant\u0103 la nevoile consumatorilor \u2013 luarea \u00een considerare a tuturor cerin\u021belor acestora, consultan\u021b\u0103 calificat\u0103 \u0219i demonstra\u021bii practice;<\/li>\n<li>nivelul ridicat al calit\u0103\u021bii produselor \u0219i servicii profesionale de service;<\/li>\n<li>dezvoltarea continu\u0103 a competen\u021belor profesionale ale angaja\u021bilor \u0219i perfec\u021bionarea constant\u0103 a calific\u0103rii acestora;<\/li>\n<li>extinderea permanent\u0103 a gamei de produse.<\/li>\n<\/ul>\n<p>Pentru a ob\u021bine informa\u021bii despre produsele m\u0103rcii <strong>Kamoto<\/strong> \u00een Moldova, precum \u0219i despre dealerii acesteia, vizita\u021bi site-urile <strong><a href=\"http:\/\/www.kamoto.md\/\">www.kamoto.md<\/a><\/strong>, <strong><a href=\"http:\/\/www.kamoto.com\/\">www.kamoto.com<\/a><\/strong>, <strong><a href=\"http:\/\/www.kamoto.jp\/\">www.kamoto.jp<\/a><\/strong>, paginile de Facebook <strong>@kamotomd<\/strong>, <strong>@kamotoprofessional<\/strong>, sau suna\u021bi la numerele <strong>062 011 186<\/strong>, <strong>062 011 187<\/strong>.<\/p>\n<p><strong>V\u0103 a\u0219tept\u0103m cu drag \u00een magazinele noastre \u0219i \u00een magazinele dealerilor no\u0219tri!<\/strong>[\/vc_column_text][\/vc_column][\/vc_row]<\/p>\n<\/div>","protected":false},"excerpt":{"rendered":"<p>[vc_row][vc_column][vc_column_text css=&#8221;&#8221; woodmart_inline=&#8221;no&#8221; text_larger=&#8221;no&#8221;]Marca KAMOTO este denumit\u0103 dup\u0103 ora\u0219ul Kamoto, situat \u00een districtul Kamoto, prefectura Kumamoto, Japonia. Sub aceast\u0103 marc\u0103<\/p>\n","protected":false},"author":1,"featured_media":0,"parent":0,"menu_order":0,"comment_status":"closed","ping_status":"closed","template":"","meta":{"footnotes":""},"class_list":["post-4919","page","type-page","status-publish","hentry"],"yoast_head":"<!-- This site is optimized with the Yoast SEO plugin v27.3 - https:\/\/yoast.com\/product\/yoast-seo-wordpress\/ -->\n<title>Despre noi - Kamoto.md<\/title>\n<meta name=\"robots\" content=\"index, follow, max-snippet:-1, max-image-preview:large, max-video-preview:-1\" \/>\n<link rel=\"canonical\" href=\"https:\/\/kamoto.md\/ro\/despre-noi\/\" \/>\n<meta property=\"og:locale\" content=\"ro_RO\" \/>\n<meta property=\"og:type\" content=\"article\" \/>\n<meta property=\"og:title\" content=\"Despre noi - Kamoto.md\" \/>\n<meta property=\"og:description\" content=\"[vc_row][vc_column][vc_column_text css=&#8221;&#8221; woodmart_inline=&#8221;no&#8221; text_larger=&#8221;no&#8221;]Marca KAMOTO este denumit\u0103 dup\u0103 ora\u0219ul Kamoto, situat \u00een districtul Kamoto, prefectura Kumamoto, Japonia. Sub aceast\u0103 marc\u0103\" \/>\n<meta property=\"og:url\" content=\"https:\/\/kamoto.md\/ro\/despre-noi\/\" \/>\n<meta property=\"og:site_name\" content=\"Kamoto.md\" \/>\n<meta property=\"article:modified_time\" content=\"2026-03-05T11:55:02+00:00\" \/>\n<meta property=\"og:image\" content=\"https:\/\/kamoto.md\/wp-content\/uploads\/2021\/05\/logo2.png\" \/>\n\t<meta property=\"og:image:width\" content=\"1000\" \/>\n\t<meta property=\"og:image:height\" content=\"1000\" \/>\n\t<meta property=\"og:image:type\" content=\"image\/png\" \/>\n<meta name=\"twitter:card\" content=\"summary_large_image\" \/>\n<meta name=\"twitter:label1\" content=\"Timp estimat pentru citire\" \/>\n\t<meta name=\"twitter:data1\" content=\"3 minute\" \/>\n<script type=\"application\/ld+json\" class=\"yoast-schema-graph\">{\"@context\":\"https:\\\/\\\/schema.org\",\"@graph\":[{\"@type\":\"WebPage\",\"@id\":\"https:\\\/\\\/kamoto.md\\\/ro\\\/despre-noi\\\/\",\"url\":\"https:\\\/\\\/kamoto.md\\\/ro\\\/despre-noi\\\/\",\"name\":\"Despre noi - Kamoto.md\",\"isPartOf\":{\"@id\":\"https:\\\/\\\/kamoto.md\\\/ro\\\/#website\"},\"datePublished\":\"2019-10-04T12:50:26+00:00\",\"dateModified\":\"2026-03-05T11:55:02+00:00\",\"breadcrumb\":{\"@id\":\"https:\\\/\\\/kamoto.md\\\/ro\\\/despre-noi\\\/#breadcrumb\"},\"inLanguage\":\"ro-RO\",\"potentialAction\":[{\"@type\":\"ReadAction\",\"target\":[\"https:\\\/\\\/kamoto.md\\\/ro\\\/despre-noi\\\/\"]}]},{\"@type\":\"BreadcrumbList\",\"@id\":\"https:\\\/\\\/kamoto.md\\\/ro\\\/despre-noi\\\/#breadcrumb\",\"itemListElement\":[{\"@type\":\"ListItem\",\"position\":1,\"name\":\"\u0413\u043b\u0430\u0432\u043d\u0430\u044f \u0441\u0442\u0440\u0430\u043d\u0438\u0446\u0430\",\"item\":\"https:\\\/\\\/kamoto.md\\\/ro\\\/\"},{\"@type\":\"ListItem\",\"position\":2,\"name\":\"Despre noi\"}]},{\"@type\":\"WebSite\",\"@id\":\"https:\\\/\\\/kamoto.md\\\/ro\\\/#website\",\"url\":\"https:\\\/\\\/kamoto.md\\\/ro\\\/\",\"name\":\"Kamoto.MD\",\"description\":\"\u0418\u043d\u0442\u0435\u0440\u043d\u0435\u0442 \u043c\u0430\u0433\u0430\u0437\u0438\u043d \u044d\u043b\u0435\u043a\u0442\u0440\u043e\u0438\u043d\u0441\u0442\u0440\u0443\u043c\u0435\u043d\u0442\u0430, \u0441\u0430\u0434\u043e\u0432\u043e\u0439 \u0438 \u0441\u0438\u043b\u043e\u0432\u043e\u0439 \u0442\u0435\u0445\u043d\u0438\u043a\u0438.\",\"publisher\":{\"@id\":\"https:\\\/\\\/kamoto.md\\\/ro\\\/#organization\"},\"potentialAction\":[{\"@type\":\"SearchAction\",\"target\":{\"@type\":\"EntryPoint\",\"urlTemplate\":\"https:\\\/\\\/kamoto.md\\\/ro\\\/?s={search_term_string}\"},\"query-input\":{\"@type\":\"PropertyValueSpecification\",\"valueRequired\":true,\"valueName\":\"search_term_string\"}}],\"inLanguage\":\"ro-RO\"},{\"@type\":\"Organization\",\"@id\":\"https:\\\/\\\/kamoto.md\\\/ro\\\/#organization\",\"name\":\"Kamoto S.R.L.\",\"url\":\"https:\\\/\\\/kamoto.md\\\/ro\\\/\",\"logo\":{\"@type\":\"ImageObject\",\"inLanguage\":\"ro-RO\",\"@id\":\"https:\\\/\\\/kamoto.md\\\/ro\\\/#\\\/schema\\\/logo\\\/image\\\/\",\"url\":\"https:\\\/\\\/kamoto.md\\\/wp-content\\\/uploads\\\/2017\\\/08\\\/logo.png\",\"contentUrl\":\"https:\\\/\\\/kamoto.md\\\/wp-content\\\/uploads\\\/2017\\\/08\\\/logo.png\",\"width\":323,\"height\":50,\"caption\":\"Kamoto S.R.L.\"},\"image\":{\"@id\":\"https:\\\/\\\/kamoto.md\\\/ro\\\/#\\\/schema\\\/logo\\\/image\\\/\"}}]}<\/script>\n<!-- \/ Yoast SEO plugin. -->","yoast_head_json":{"title":"Despre noi - Kamoto.md","robots":{"index":"index","follow":"follow","max-snippet":"max-snippet:-1","max-image-preview":"max-image-preview:large","max-video-preview":"max-video-preview:-1"},"canonical":"https:\/\/kamoto.md\/ro\/despre-noi\/","og_locale":"ro_RO","og_type":"article","og_title":"Despre noi - Kamoto.md","og_description":"[vc_row][vc_column][vc_column_text css=&#8221;&#8221; woodmart_inline=&#8221;no&#8221; text_larger=&#8221;no&#8221;]Marca KAMOTO este denumit\u0103 dup\u0103 ora\u0219ul Kamoto, situat \u00een districtul Kamoto, prefectura Kumamoto, Japonia. Sub aceast\u0103 marc\u0103","og_url":"https:\/\/kamoto.md\/ro\/despre-noi\/","og_site_name":"Kamoto.md","article_modified_time":"2026-03-05T11:55:02+00:00","og_image":[{"width":1000,"height":1000,"url":"https:\/\/kamoto.md\/wp-content\/uploads\/2021\/05\/logo2.png","type":"image\/png"}],"twitter_card":"summary_large_image","twitter_misc":{"Timp estimat pentru citire":"3 minute"},"schema":{"@context":"https:\/\/schema.org","@graph":[{"@type":"WebPage","@id":"https:\/\/kamoto.md\/ro\/despre-noi\/","url":"https:\/\/kamoto.md\/ro\/despre-noi\/","name":"Despre noi - Kamoto.md","isPartOf":{"@id":"https:\/\/kamoto.md\/ro\/#website"},"datePublished":"2019-10-04T12:50:26+00:00","dateModified":"2026-03-05T11:55:02+00:00","breadcrumb":{"@id":"https:\/\/kamoto.md\/ro\/despre-noi\/#breadcrumb"},"inLanguage":"ro-RO","potentialAction":[{"@type":"ReadAction","target":["https:\/\/kamoto.md\/ro\/despre-noi\/"]}]},{"@type":"BreadcrumbList","@id":"https:\/\/kamoto.md\/ro\/despre-noi\/#breadcrumb","itemListElement":[{"@type":"ListItem","position":1,"name":"\u0413\u043b\u0430\u0432\u043d\u0430\u044f \u0441\u0442\u0440\u0430\u043d\u0438\u0446\u0430","item":"https:\/\/kamoto.md\/ro\/"},{"@type":"ListItem","position":2,"name":"Despre noi"}]},{"@type":"WebSite","@id":"https:\/\/kamoto.md\/ro\/#website","url":"https:\/\/kamoto.md\/ro\/","name":"Kamoto.MD","description":"\u0418\u043d\u0442\u0435\u0440\u043d\u0435\u0442 \u043c\u0430\u0433\u0430\u0437\u0438\u043d \u044d\u043b\u0435\u043a\u0442\u0440\u043e\u0438\u043d\u0441\u0442\u0440\u0443\u043c\u0435\u043d\u0442\u0430, \u0441\u0430\u0434\u043e\u0432\u043e\u0439 \u0438 \u0441\u0438\u043b\u043e\u0432\u043e\u0439 \u0442\u0435\u0445\u043d\u0438\u043a\u0438.","publisher":{"@id":"https:\/\/kamoto.md\/ro\/#organization"},"potentialAction":[{"@type":"SearchAction","target":{"@type":"EntryPoint","urlTemplate":"https:\/\/kamoto.md\/ro\/?s={search_term_string}"},"query-input":{"@type":"PropertyValueSpecification","valueRequired":true,"valueName":"search_term_string"}}],"inLanguage":"ro-RO"},{"@type":"Organization","@id":"https:\/\/kamoto.md\/ro\/#organization","name":"Kamoto S.R.L.","url":"https:\/\/kamoto.md\/ro\/","logo":{"@type":"ImageObject","inLanguage":"ro-RO","@id":"https:\/\/kamoto.md\/ro\/#\/schema\/logo\/image\/","url":"https:\/\/kamoto.md\/wp-content\/uploads\/2017\/08\/logo.png","contentUrl":"https:\/\/kamoto.md\/wp-content\/uploads\/2017\/08\/logo.png","width":323,"height":50,"caption":"Kamoto S.R.L."},"image":{"@id":"https:\/\/kamoto.md\/ro\/#\/schema\/logo\/image\/"}}]}},"_links":{"self":[{"href":"https:\/\/kamoto.md\/ro\/wp-json\/wp\/v2\/pages\/4919","targetHints":{"allow":["GET"]}}],"collection":[{"href":"https:\/\/kamoto.md\/ro\/wp-json\/wp\/v2\/pages"}],"about":[{"href":"https:\/\/kamoto.md\/ro\/wp-json\/wp\/v2\/types\/page"}],"author":[{"embeddable":true,"href":"https:\/\/kamoto.md\/ro\/wp-json\/wp\/v2\/users\/1"}],"replies":[{"embeddable":true,"href":"https:\/\/kamoto.md\/ro\/wp-json\/wp\/v2\/comments?post=4919"}],"version-history":[{"count":1,"href":"https:\/\/kamoto.md\/ro\/wp-json\/wp\/v2\/pages\/4919\/revisions"}],"predecessor-version":[{"id":15009,"href":"https:\/\/kamoto.md\/ro\/wp-json\/wp\/v2\/pages\/4919\/revisions\/15009"}],"wp:attachment":[{"href":"https:\/\/kamoto.md\/ro\/wp-json\/wp\/v2\/media?parent=4919"}],"curies":[{"name":"wp","href":"https:\/\/api.w.org\/{rel}","templated":true}]}}