{"id":10112,"date":"2021-04-16T13:14:14","date_gmt":"2021-04-16T11:14:14","guid":{"rendered":"https:\/\/kamoto.md\/?post_type=product&#038;p=10112"},"modified":"2026-02-27T13:13:48","modified_gmt":"2026-02-27T11:13:48","slug":"motocoasa-pe-benzina-kamoto-t33c","status":"publish","type":"product","link":"https:\/\/kamoto.md\/ro\/shop\/scule-si-unelte-de-gradinarit\/motocoase\/motocoasa-pe-benzina-kamoto-t33c\/","title":{"rendered":"Motocoas\u0103 pe benzin\u0103 KAMOTO T33C"},"content":{"rendered":"<p>Motocoas\u0103 pe benzin\u0103 KAMOTO T33C, cu m\u00e2ner de biciclet\u0103 reglabil, este proiectat pentru cosirea ierbii \u0219i gazonului \u00een jurul trunchiurilor copacilor \u0219i de-a lungul c\u0103ilor dintr-o gr\u0103din\u0103. La \u00eenlocuirea liniei de pescuit cu un cu\u021bit de t\u0103iere, se folose\u0219te pentru cosirea lemnului mort, a buruienilor dure \u0219i a tufelor mici. Trimmerul este echipat cu o centur\u0103 de rucsac ergonomic\u0103, un arbore de transmisie rigid, care asigur\u0103 fiabilitate \u0219i durabilitate maxim\u0103. Sunt furnizate o mulinet\u0103 de nylon cu linie de pescuit, un cu\u021bit metalic cu 3 lame \u0219i o fer\u0103str\u0103u de 40 de din\u021bi. O caracteristic\u0103 distinctiv\u0103 a acestui dispozitiv de tuns este o bar\u0103 pliabil\u0103 care v\u0103 permite s\u0103 dezasambla\u021bi dispozitivul de tuns \u00een 2 p\u0103r\u021bi \u0219i s\u0103-l plia\u021bi compact \u00een portbagajul vehiculului dvs. pentru a fi transportat mai departe \u00een locul de care ave\u021bi nevoie. Sistem avansat anti-vibra\u021bii, un design echilibrat va asigura u\u0219urin\u021ba \u00een utilizare. Toate comenzile sunt integrate \u00een m\u00e2nerul ergonomic. Grundul va asigura o pornire u\u0219oar\u0103 \u0219i va reduce sarcina pe demaror. Accesul u\u0219or la filtrul de aer \u0219i la bujie permite o \u00eentre\u021binere regulat\u0103 f\u0103r\u0103 a fi necesar s\u0103 merge\u021bi la un centru de service.<\/p>\n<p>Recomand\u0103ri:<br \/>\n\u2014\u00a0<a href=\"https:\/\/kamoto.md\/rekomendatsii\/obkatka-dvuhtaktnogo-dvigatelya-trimmera-dlya-travy-benzokosy\/\">\u041e\u0411\u041a\u0410\u0422\u041a\u0410 \u0414\u0412\u0423\u0425\u0422\u0410\u041a\u0422\u041d\u041e\u0413\u041e \u0414\u0412\u0418\u0413\u0410\u0422\u0415\u041b\u042f \u0422\u0420\u0418\u041c\u041c\u0415\u0420\u0410 (\u043f\u0435\u0440\u0435\u0439\u0442\u0438 \u043f\u043e \u0441\u0441\u044b\u043b\u043a\u0435 \u0434\u043b\u044f \u0447\u0442\u0435\u043d\u0438\u044f)<\/a><\/p>\n","protected":false},"excerpt":{"rendered":"<p>Deplasarea motorului: 33 cm \u00b3<br \/>\nPutere: 1.2 CP \/ 0,9 kW<br \/>\nRota\u021bii pe minut: 6500<br \/>\nTipul motorului: 2T &#8211; \u00een doi timpi<br \/>\nPropor\u021biune ulei 2T &#8211; benzin\u0103 A-95: (1\/33) 30 ml &#8211; 1000 ml<br \/>\nCaptura: 42 cm<br \/>\nDiametrul liniei de t\u0103iere: 1,3 &#8211; 3,0 mm<br \/>\nDiametrul cu\u021bitului: 25,5 cm<br \/>\nElemente de t\u0103iere incluse: mulinet\u0103 de nailon cu fir, metal cu 3 lame. cu\u021bit, lam\u0103 de fer\u0103str\u0103u cu 40 de din\u021bi<br \/>\nSistem de lansare: EASY START<br \/>\nTip m\u00e2ner: U<br \/>\nTija : tij\u0103 demontabil\u0103<br \/>\nSistem anti-vibra\u021bii: Da<br \/>\nCapacitatea rezervorului de combustibil: 0,75 L<br \/>\nGreutate: 7,3 kg<\/p>\n","protected":false},"featured_media":10113,"template":"","meta":[],"product_brand":[],"product_cat":[294],"product_tag":[],"class_list":{"0":"post-10112","1":"product","2":"type-product","3":"status-publish","4":"has-post-thumbnail","6":"product_cat-motocoase","8":"first","9":"instock","10":"shipping-taxable","11":"purchasable","12":"product-type-simple"},"yoast_head":"<!-- This site is optimized with the Yoast SEO plugin v27.3 - https:\/\/yoast.com\/product\/yoast-seo-wordpress\/ -->\n<title>Vrei Trimer ieftine? Moldova - Chisinau - Kamoto.md - Orhei - Cimislia<\/title>\n<meta name=\"description\" content=\"Descoprea gama noastra de Trimer la PRETURI de importator \u25bb Vezi OFERTELE pe site! - Kamoto.md - Motocoas\u0103 pe benzin\u0103 KAMOTO T33C - Moldova - Chisinau - Orhei - Cimislia\" \/>\n<meta name=\"robots\" content=\"index, follow, max-snippet:-1, max-image-preview:large, max-video-preview:-1\" \/>\n<link rel=\"canonical\" href=\"https:\/\/kamoto.md\/ro\/shop\/scule-si-unelte-de-gradinarit\/motocoase\/motocoasa-pe-benzina-kamoto-t33c\/\" \/>\n<meta property=\"og:locale\" content=\"ro_RO\" \/>\n<meta property=\"og:type\" content=\"article\" \/>\n<meta property=\"og:title\" content=\"Vrei Trimer ieftine? Moldova - Chisinau - Kamoto.md - Orhei - Cimislia\" \/>\n<meta property=\"og:description\" content=\"Descoprea gama noastra de Trimer la PRETURI de importator \u25bb Vezi OFERTELE pe site! - Kamoto.md - Motocoas\u0103 pe benzin\u0103 KAMOTO T33C - Moldova - Chisinau - Orhei - Cimislia\" \/>\n<meta property=\"og:url\" content=\"https:\/\/kamoto.md\/ro\/shop\/scule-si-unelte-de-gradinarit\/motocoase\/motocoasa-pe-benzina-kamoto-t33c\/\" \/>\n<meta property=\"og:site_name\" content=\"Kamoto.md\" \/>\n<meta property=\"article:modified_time\" content=\"2026-02-27T11:13:48+00:00\" \/>\n<meta property=\"og:image\" content=\"https:\/\/kamoto.md\/wp-content\/uploads\/2021\/05\/logo2.png\" \/>\n\t<meta property=\"og:image:width\" content=\"1000\" \/>\n\t<meta property=\"og:image:height\" content=\"1000\" \/>\n\t<meta property=\"og:image:type\" content=\"image\/png\" \/>\n<meta name=\"twitter:card\" content=\"summary_large_image\" \/>\n<meta name=\"twitter:label1\" content=\"Timp estimat pentru citire\" \/>\n\t<meta name=\"twitter:data1\" content=\"2 minute\" \/>\n<script type=\"application\/ld+json\" class=\"yoast-schema-graph\">{\"@context\":\"https:\\\/\\\/schema.org\",\"@graph\":[{\"@type\":[\"WebPage\",\"ItemPage\"],\"@id\":\"https:\\\/\\\/kamoto.md\\\/ro\\\/shop\\\/scule-si-unelte-de-gradinarit\\\/motocoase\\\/motocoasa-pe-benzina-kamoto-t33c\\\/\",\"url\":\"https:\\\/\\\/kamoto.md\\\/ro\\\/shop\\\/scule-si-unelte-de-gradinarit\\\/motocoase\\\/motocoasa-pe-benzina-kamoto-t33c\\\/\",\"name\":\"Vrei Trimer ieftine? Moldova - Chisinau - Kamoto.md - Orhei - Cimislia\",\"isPartOf\":{\"@id\":\"https:\\\/\\\/kamoto.md\\\/ro\\\/#website\"},\"primaryImageOfPage\":{\"@id\":\"https:\\\/\\\/kamoto.md\\\/ro\\\/shop\\\/scule-si-unelte-de-gradinarit\\\/motocoase\\\/motocoasa-pe-benzina-kamoto-t33c\\\/#primaryimage\"},\"image\":{\"@id\":\"https:\\\/\\\/kamoto.md\\\/ro\\\/shop\\\/scule-si-unelte-de-gradinarit\\\/motocoase\\\/motocoasa-pe-benzina-kamoto-t33c\\\/#primaryimage\"},\"thumbnailUrl\":\"https:\\\/\\\/kamoto.md\\\/wp-content\\\/uploads\\\/2021\\\/04\\\/G_O_2950.jpg\",\"datePublished\":\"2021-04-16T11:14:14+00:00\",\"dateModified\":\"2026-02-27T11:13:48+00:00\",\"description\":\"Descoprea gama noastra de Trimer la PRETURI de importator \u25bb Vezi OFERTELE pe site! - Kamoto.md - Motocoas\u0103 pe benzin\u0103 KAMOTO T33C - Moldova - Chisinau - Orhei - Cimislia\",\"breadcrumb\":{\"@id\":\"https:\\\/\\\/kamoto.md\\\/ro\\\/shop\\\/scule-si-unelte-de-gradinarit\\\/motocoase\\\/motocoasa-pe-benzina-kamoto-t33c\\\/#breadcrumb\"},\"inLanguage\":\"ro-RO\",\"potentialAction\":[{\"@type\":\"ReadAction\",\"target\":[\"https:\\\/\\\/kamoto.md\\\/ro\\\/shop\\\/scule-si-unelte-de-gradinarit\\\/motocoase\\\/motocoasa-pe-benzina-kamoto-t33c\\\/\"]}]},{\"@type\":\"ImageObject\",\"inLanguage\":\"ro-RO\",\"@id\":\"https:\\\/\\\/kamoto.md\\\/ro\\\/shop\\\/scule-si-unelte-de-gradinarit\\\/motocoase\\\/motocoasa-pe-benzina-kamoto-t33c\\\/#primaryimage\",\"url\":\"https:\\\/\\\/kamoto.md\\\/wp-content\\\/uploads\\\/2021\\\/04\\\/G_O_2950.jpg\",\"contentUrl\":\"https:\\\/\\\/kamoto.md\\\/wp-content\\\/uploads\\\/2021\\\/04\\\/G_O_2950.jpg\",\"width\":1000,\"height\":1000},{\"@type\":\"BreadcrumbList\",\"@id\":\"https:\\\/\\\/kamoto.md\\\/ro\\\/shop\\\/scule-si-unelte-de-gradinarit\\\/motocoase\\\/motocoasa-pe-benzina-kamoto-t33c\\\/#breadcrumb\",\"itemListElement\":[{\"@type\":\"ListItem\",\"position\":1,\"name\":\"\u0413\u043b\u0430\u0432\u043d\u0430\u044f \u0441\u0442\u0440\u0430\u043d\u0438\u0446\u0430\",\"item\":\"https:\\\/\\\/kamoto.md\\\/ro\\\/\"},{\"@type\":\"ListItem\",\"position\":2,\"name\":\"Catalog\",\"item\":\"https:\\\/\\\/kamoto.md\\\/ro\\\/catalog\\\/\"},{\"@type\":\"ListItem\",\"position\":3,\"name\":\"Instrumente \u0219i unelte de gr\u0103din\u0103rit\",\"item\":\"https:\\\/\\\/kamoto.md\\\/ro\\\/catalog\\\/scule-si-unelte-de-gradinarit\\\/\"},{\"@type\":\"ListItem\",\"position\":4,\"name\":\"Motocoase\",\"item\":\"https:\\\/\\\/kamoto.md\\\/ro\\\/catalog\\\/scule-si-unelte-de-gradinarit\\\/motocoase\\\/\"},{\"@type\":\"ListItem\",\"position\":5,\"name\":\"Motocoas\u0103 pe benzin\u0103 KAMOTO T33C\"}]},{\"@type\":\"WebSite\",\"@id\":\"https:\\\/\\\/kamoto.md\\\/ro\\\/#website\",\"url\":\"https:\\\/\\\/kamoto.md\\\/ro\\\/\",\"name\":\"Kamoto.MD\",\"description\":\"\u0418\u043d\u0442\u0435\u0440\u043d\u0435\u0442 \u043c\u0430\u0433\u0430\u0437\u0438\u043d \u044d\u043b\u0435\u043a\u0442\u0440\u043e\u0438\u043d\u0441\u0442\u0440\u0443\u043c\u0435\u043d\u0442\u0430, \u0441\u0430\u0434\u043e\u0432\u043e\u0439 \u0438 \u0441\u0438\u043b\u043e\u0432\u043e\u0439 \u0442\u0435\u0445\u043d\u0438\u043a\u0438.\",\"publisher\":{\"@id\":\"https:\\\/\\\/kamoto.md\\\/ro\\\/#organization\"},\"potentialAction\":[{\"@type\":\"SearchAction\",\"target\":{\"@type\":\"EntryPoint\",\"urlTemplate\":\"https:\\\/\\\/kamoto.md\\\/ro\\\/?s={search_term_string}\"},\"query-input\":{\"@type\":\"PropertyValueSpecification\",\"valueRequired\":true,\"valueName\":\"search_term_string\"}}],\"inLanguage\":\"ro-RO\"},{\"@type\":\"Organization\",\"@id\":\"https:\\\/\\\/kamoto.md\\\/ro\\\/#organization\",\"name\":\"Kamoto S.R.L.\",\"url\":\"https:\\\/\\\/kamoto.md\\\/ro\\\/\",\"logo\":{\"@type\":\"ImageObject\",\"inLanguage\":\"ro-RO\",\"@id\":\"https:\\\/\\\/kamoto.md\\\/ro\\\/#\\\/schema\\\/logo\\\/image\\\/\",\"url\":\"https:\\\/\\\/kamoto.md\\\/wp-content\\\/uploads\\\/2017\\\/08\\\/logo.png\",\"contentUrl\":\"https:\\\/\\\/kamoto.md\\\/wp-content\\\/uploads\\\/2017\\\/08\\\/logo.png\",\"width\":323,\"height\":50,\"caption\":\"Kamoto S.R.L.\"},\"image\":{\"@id\":\"https:\\\/\\\/kamoto.md\\\/ro\\\/#\\\/schema\\\/logo\\\/image\\\/\"}}]}<\/script>\n<!-- \/ Yoast SEO plugin. -->","yoast_head_json":{"title":"Vrei Trimer ieftine? Moldova - Chisinau - Kamoto.md - Orhei - Cimislia","description":"Descoprea gama noastra de Trimer la PRETURI de importator \u25bb Vezi OFERTELE pe site! - Kamoto.md - Motocoas\u0103 pe benzin\u0103 KAMOTO T33C - Moldova - Chisinau - Orhei - Cimislia","robots":{"index":"index","follow":"follow","max-snippet":"max-snippet:-1","max-image-preview":"max-image-preview:large","max-video-preview":"max-video-preview:-1"},"canonical":"https:\/\/kamoto.md\/ro\/shop\/scule-si-unelte-de-gradinarit\/motocoase\/motocoasa-pe-benzina-kamoto-t33c\/","og_locale":"ro_RO","og_type":"article","og_title":"Vrei Trimer ieftine? Moldova - Chisinau - Kamoto.md - Orhei - Cimislia","og_description":"Descoprea gama noastra de Trimer la PRETURI de importator \u25bb Vezi OFERTELE pe site! - Kamoto.md - Motocoas\u0103 pe benzin\u0103 KAMOTO T33C - Moldova - Chisinau - Orhei - Cimislia","og_url":"https:\/\/kamoto.md\/ro\/shop\/scule-si-unelte-de-gradinarit\/motocoase\/motocoasa-pe-benzina-kamoto-t33c\/","og_site_name":"Kamoto.md","article_modified_time":"2026-02-27T11:13:48+00:00","og_image":[{"width":1000,"height":1000,"url":"https:\/\/kamoto.md\/wp-content\/uploads\/2021\/05\/logo2.png","type":"image\/png"}],"twitter_card":"summary_large_image","twitter_misc":{"Timp estimat pentru citire":"2 minute"},"schema":{"@context":"https:\/\/schema.org","@graph":[{"@type":["WebPage","ItemPage"],"@id":"https:\/\/kamoto.md\/ro\/shop\/scule-si-unelte-de-gradinarit\/motocoase\/motocoasa-pe-benzina-kamoto-t33c\/","url":"https:\/\/kamoto.md\/ro\/shop\/scule-si-unelte-de-gradinarit\/motocoase\/motocoasa-pe-benzina-kamoto-t33c\/","name":"Vrei Trimer ieftine? Moldova - Chisinau - Kamoto.md - Orhei - Cimislia","isPartOf":{"@id":"https:\/\/kamoto.md\/ro\/#website"},"primaryImageOfPage":{"@id":"https:\/\/kamoto.md\/ro\/shop\/scule-si-unelte-de-gradinarit\/motocoase\/motocoasa-pe-benzina-kamoto-t33c\/#primaryimage"},"image":{"@id":"https:\/\/kamoto.md\/ro\/shop\/scule-si-unelte-de-gradinarit\/motocoase\/motocoasa-pe-benzina-kamoto-t33c\/#primaryimage"},"thumbnailUrl":"https:\/\/kamoto.md\/wp-content\/uploads\/2021\/04\/G_O_2950.jpg","datePublished":"2021-04-16T11:14:14+00:00","dateModified":"2026-02-27T11:13:48+00:00","description":"Descoprea gama noastra de Trimer la PRETURI de importator \u25bb Vezi OFERTELE pe site! - Kamoto.md - Motocoas\u0103 pe benzin\u0103 KAMOTO T33C - Moldova - Chisinau - Orhei - Cimislia","breadcrumb":{"@id":"https:\/\/kamoto.md\/ro\/shop\/scule-si-unelte-de-gradinarit\/motocoase\/motocoasa-pe-benzina-kamoto-t33c\/#breadcrumb"},"inLanguage":"ro-RO","potentialAction":[{"@type":"ReadAction","target":["https:\/\/kamoto.md\/ro\/shop\/scule-si-unelte-de-gradinarit\/motocoase\/motocoasa-pe-benzina-kamoto-t33c\/"]}]},{"@type":"ImageObject","inLanguage":"ro-RO","@id":"https:\/\/kamoto.md\/ro\/shop\/scule-si-unelte-de-gradinarit\/motocoase\/motocoasa-pe-benzina-kamoto-t33c\/#primaryimage","url":"https:\/\/kamoto.md\/wp-content\/uploads\/2021\/04\/G_O_2950.jpg","contentUrl":"https:\/\/kamoto.md\/wp-content\/uploads\/2021\/04\/G_O_2950.jpg","width":1000,"height":1000},{"@type":"BreadcrumbList","@id":"https:\/\/kamoto.md\/ro\/shop\/scule-si-unelte-de-gradinarit\/motocoase\/motocoasa-pe-benzina-kamoto-t33c\/#breadcrumb","itemListElement":[{"@type":"ListItem","position":1,"name":"\u0413\u043b\u0430\u0432\u043d\u0430\u044f \u0441\u0442\u0440\u0430\u043d\u0438\u0446\u0430","item":"https:\/\/kamoto.md\/ro\/"},{"@type":"ListItem","position":2,"name":"Catalog","item":"https:\/\/kamoto.md\/ro\/catalog\/"},{"@type":"ListItem","position":3,"name":"Instrumente \u0219i unelte de gr\u0103din\u0103rit","item":"https:\/\/kamoto.md\/ro\/catalog\/scule-si-unelte-de-gradinarit\/"},{"@type":"ListItem","position":4,"name":"Motocoase","item":"https:\/\/kamoto.md\/ro\/catalog\/scule-si-unelte-de-gradinarit\/motocoase\/"},{"@type":"ListItem","position":5,"name":"Motocoas\u0103 pe benzin\u0103 KAMOTO T33C"}]},{"@type":"WebSite","@id":"https:\/\/kamoto.md\/ro\/#website","url":"https:\/\/kamoto.md\/ro\/","name":"Kamoto.MD","description":"\u0418\u043d\u0442\u0435\u0440\u043d\u0435\u0442 \u043c\u0430\u0433\u0430\u0437\u0438\u043d \u044d\u043b\u0435\u043a\u0442\u0440\u043e\u0438\u043d\u0441\u0442\u0440\u0443\u043c\u0435\u043d\u0442\u0430, \u0441\u0430\u0434\u043e\u0432\u043e\u0439 \u0438 \u0441\u0438\u043b\u043e\u0432\u043e\u0439 \u0442\u0435\u0445\u043d\u0438\u043a\u0438.","publisher":{"@id":"https:\/\/kamoto.md\/ro\/#organization"},"potentialAction":[{"@type":"SearchAction","target":{"@type":"EntryPoint","urlTemplate":"https:\/\/kamoto.md\/ro\/?s={search_term_string}"},"query-input":{"@type":"PropertyValueSpecification","valueRequired":true,"valueName":"search_term_string"}}],"inLanguage":"ro-RO"},{"@type":"Organization","@id":"https:\/\/kamoto.md\/ro\/#organization","name":"Kamoto S.R.L.","url":"https:\/\/kamoto.md\/ro\/","logo":{"@type":"ImageObject","inLanguage":"ro-RO","@id":"https:\/\/kamoto.md\/ro\/#\/schema\/logo\/image\/","url":"https:\/\/kamoto.md\/wp-content\/uploads\/2017\/08\/logo.png","contentUrl":"https:\/\/kamoto.md\/wp-content\/uploads\/2017\/08\/logo.png","width":323,"height":50,"caption":"Kamoto S.R.L."},"image":{"@id":"https:\/\/kamoto.md\/ro\/#\/schema\/logo\/image\/"}}]}},"_links":{"self":[{"href":"https:\/\/kamoto.md\/ro\/wp-json\/wp\/v2\/product\/10112","targetHints":{"allow":["GET"]}}],"collection":[{"href":"https:\/\/kamoto.md\/ro\/wp-json\/wp\/v2\/product"}],"about":[{"href":"https:\/\/kamoto.md\/ro\/wp-json\/wp\/v2\/types\/product"}],"wp:featuredmedia":[{"embeddable":true,"href":"https:\/\/kamoto.md\/ro\/wp-json\/wp\/v2\/media\/10113"}],"wp:attachment":[{"href":"https:\/\/kamoto.md\/ro\/wp-json\/wp\/v2\/media?parent=10112"}],"wp:term":[{"taxonomy":"product_brand","embeddable":true,"href":"https:\/\/kamoto.md\/ro\/wp-json\/wp\/v2\/product_brand?post=10112"},{"taxonomy":"product_cat","embeddable":true,"href":"https:\/\/kamoto.md\/ro\/wp-json\/wp\/v2\/product_cat?post=10112"},{"taxonomy":"product_tag","embeddable":true,"href":"https:\/\/kamoto.md\/ro\/wp-json\/wp\/v2\/product_tag?post=10112"}],"curies":[{"name":"wp","href":"https:\/\/api.w.org\/{rel}","templated":true}]}}