{"id":11403,"date":"2022-11-08T15:29:56","date_gmt":"2022-11-08T13:29:56","guid":{"rendered":"https:\/\/kamoto.md\/shop\/fara-categorie\/ulei-moto-2t-1l\/"},"modified":"2026-02-27T12:32:55","modified_gmt":"2026-02-27T10:32:55","slug":"moto-2t-ulei-mineral-n-2-timpi-1-litru","status":"publish","type":"product","link":"https:\/\/kamoto.md\/ro\/shop\/accesorii\/uleiuri\/moto-2t-ulei-mineral-n-2-timpi-1-litru\/","title":{"rendered":"MOTO 2T Ulei mineral \u00een 2 timpi 1 litru"},"content":{"rendered":"<p>MOTO 2T Ulei mineral \u00een 2 timpi 1 litru. Ulei mineral de \u00eenalt\u0103 calitate pentru motoare \u00een doi timpi r\u0103cite cu aer. Conceput pentru un sistem de amestecare independent. Uleiul este conceput pentru motoarele \u00een doi timpi ale ma\u0219inilor de tuns iarba, fer\u0103straie cu lan\u021b, ma\u0219ini de tuns gard viu, ma\u0219ini de t\u0103iat perii, ma\u0219ini de g\u0103urit electrice, etc&#8230;.<\/p>\n<p>Licen\u021b\u0103 JASO FB \/ ISO-L-EGB<\/p>\n<p>Aten\u021bie !!!<br \/>\nUleiul \u00een doi timpi trebuie tras de preferin\u021b\u0103 cu o sering\u0103 medical\u0103 \u0219i apoi ad\u0103ugat \u00een rezervor pentru a fi amestecat cu benzina. Acest lucru este necesar pentru o m\u0103surare mai precis\u0103 a cantit\u0103\u021bii de ulei ad\u0103ugate.<br \/>\nAmesteca\u021bi uleiul \u00een 2 timpi \u0219i benzina numai \u00een recipiente curate. Asigura\u021bi-v\u0103 c\u0103 nu exist\u0103 ap\u0103 rezidual\u0103 sau alt lichid \u00een recipientul \u00een care amesteca\u021bi ulei \u00een 2 timpi \u0219i benzin\u0103. \u00cen caz contrar, acest lucru poate duce la func\u021bionarea instabil\u0103 a uneltei sau la defectarea unora dintre piesele acesteia.<br \/>\nAgita\u021bi bine un recipient cu un amestec de ulei \u00een 2 timpi \u0219i benzin\u0103 \u00eenainte de a-l turna \u00een rezervorul uneltei dvs.<br \/>\nDup\u0103 fiecare utilizare a uneltei, se recomand\u0103 scurgerea amestecului de combustibil \u00eentr-un recipient curat, apoi pornirea uneltei (motocoas\u0103 sau fer\u0103str\u0103u cu lan\u021b) p\u00e2n\u0103 c\u00e2nd amestecul de combustibil r\u0103mas \u00een carburator este consumat complet.<br \/>\n\u00cencerca\u021bi s\u0103 utiliza\u021bi numai amestec de combustibil proasp\u0103t. Un amestec de ulei \u00een 2 timpi \u0219i benzin\u0103 care a fost l\u0103sat timp de mai mult de 10-14 zile \u00ee\u0219i va schimba propriet\u0103\u021bile.<\/p>\n","protected":false},"excerpt":{"rendered":"<p>Tip ulei: Mineral<br \/>\nLicen\u021b\u0103: JASO FB \/ ISO-L-EGB<br \/>\nTip motor: 2T<br \/>\n\u021aara produc\u0103torului: Rusia, &#8222;Gazpromneft-SM&#8221; LLC<br \/>\nCapacitate: 1.0 l<\/p>\n","protected":false},"featured_media":11397,"template":"","meta":[],"product_brand":[],"product_cat":[280],"product_tag":[],"class_list":{"0":"post-11403","1":"product","2":"type-product","3":"status-publish","4":"has-post-thumbnail","6":"product_cat-uleiuri","8":"first","9":"instock","10":"shipping-taxable","11":"purchasable","12":"product-type-simple"},"yoast_head":"<!-- This site is optimized with the Yoast SEO plugin v27.3 - https:\/\/yoast.com\/product\/yoast-seo-wordpress\/ -->\n<title>Uleiuri - MOTO 2T Ulei mineral \u00een 2 timpi 1 litru - Kamoto.md<\/title>\n<meta name=\"robots\" content=\"index, follow, max-snippet:-1, max-image-preview:large, max-video-preview:-1\" \/>\n<link rel=\"canonical\" href=\"https:\/\/kamoto.md\/ro\/shop\/accesorii\/uleiuri\/moto-2t-ulei-mineral-n-2-timpi-1-litru\/\" \/>\n<meta property=\"og:locale\" content=\"ro_RO\" \/>\n<meta property=\"og:type\" content=\"article\" \/>\n<meta property=\"og:title\" content=\"Uleiuri - MOTO 2T Ulei mineral \u00een 2 timpi 1 litru - Kamoto.md\" \/>\n<meta property=\"og:description\" content=\"Tip ulei: Mineral Licen\u021b\u0103: JASO FB \/ ISO-L-EGB Tip motor: 2T \u021aara produc\u0103torului: Rusia, &quot;Gazpromneft-SM&quot; LLC Capacitate: 1.0 l\" \/>\n<meta property=\"og:url\" content=\"https:\/\/kamoto.md\/ro\/shop\/accesorii\/uleiuri\/moto-2t-ulei-mineral-n-2-timpi-1-litru\/\" \/>\n<meta property=\"og:site_name\" content=\"Kamoto.md\" \/>\n<meta property=\"article:modified_time\" content=\"2026-02-27T10:32:55+00:00\" \/>\n<meta property=\"og:image\" content=\"https:\/\/kamoto.md\/wp-content\/uploads\/2021\/05\/logo2.png\" \/>\n\t<meta property=\"og:image:width\" content=\"1000\" \/>\n\t<meta property=\"og:image:height\" content=\"1000\" \/>\n\t<meta property=\"og:image:type\" content=\"image\/png\" \/>\n<meta name=\"twitter:card\" content=\"summary_large_image\" \/>\n<meta name=\"twitter:label1\" content=\"Timp estimat pentru citire\" \/>\n\t<meta name=\"twitter:data1\" content=\"2 minute\" \/>\n<script type=\"application\/ld+json\" class=\"yoast-schema-graph\">{\"@context\":\"https:\\\/\\\/schema.org\",\"@graph\":[{\"@type\":[\"WebPage\",\"ItemPage\"],\"@id\":\"https:\\\/\\\/kamoto.md\\\/ro\\\/shop\\\/accesorii\\\/uleiuri\\\/moto-2t-ulei-mineral-n-2-timpi-1-litru\\\/\",\"url\":\"https:\\\/\\\/kamoto.md\\\/ro\\\/shop\\\/accesorii\\\/uleiuri\\\/moto-2t-ulei-mineral-n-2-timpi-1-litru\\\/\",\"name\":\"Uleiuri - MOTO 2T Ulei mineral \u00een 2 timpi 1 litru - Kamoto.md\",\"isPartOf\":{\"@id\":\"https:\\\/\\\/kamoto.md\\\/ro\\\/#website\"},\"primaryImageOfPage\":{\"@id\":\"https:\\\/\\\/kamoto.md\\\/ro\\\/shop\\\/accesorii\\\/uleiuri\\\/moto-2t-ulei-mineral-n-2-timpi-1-litru\\\/#primaryimage\"},\"image\":{\"@id\":\"https:\\\/\\\/kamoto.md\\\/ro\\\/shop\\\/accesorii\\\/uleiuri\\\/moto-2t-ulei-mineral-n-2-timpi-1-litru\\\/#primaryimage\"},\"thumbnailUrl\":\"https:\\\/\\\/kamoto.md\\\/wp-content\\\/uploads\\\/2022\\\/11\\\/photo_2022-11-08_15-20-50.jpg\",\"datePublished\":\"2022-11-08T13:29:56+00:00\",\"dateModified\":\"2026-02-27T10:32:55+00:00\",\"breadcrumb\":{\"@id\":\"https:\\\/\\\/kamoto.md\\\/ro\\\/shop\\\/accesorii\\\/uleiuri\\\/moto-2t-ulei-mineral-n-2-timpi-1-litru\\\/#breadcrumb\"},\"inLanguage\":\"ro-RO\",\"potentialAction\":[{\"@type\":\"ReadAction\",\"target\":[\"https:\\\/\\\/kamoto.md\\\/ro\\\/shop\\\/accesorii\\\/uleiuri\\\/moto-2t-ulei-mineral-n-2-timpi-1-litru\\\/\"]}]},{\"@type\":\"ImageObject\",\"inLanguage\":\"ro-RO\",\"@id\":\"https:\\\/\\\/kamoto.md\\\/ro\\\/shop\\\/accesorii\\\/uleiuri\\\/moto-2t-ulei-mineral-n-2-timpi-1-litru\\\/#primaryimage\",\"url\":\"https:\\\/\\\/kamoto.md\\\/wp-content\\\/uploads\\\/2022\\\/11\\\/photo_2022-11-08_15-20-50.jpg\",\"contentUrl\":\"https:\\\/\\\/kamoto.md\\\/wp-content\\\/uploads\\\/2022\\\/11\\\/photo_2022-11-08_15-20-50.jpg\",\"width\":1000,\"height\":1000},{\"@type\":\"BreadcrumbList\",\"@id\":\"https:\\\/\\\/kamoto.md\\\/ro\\\/shop\\\/accesorii\\\/uleiuri\\\/moto-2t-ulei-mineral-n-2-timpi-1-litru\\\/#breadcrumb\",\"itemListElement\":[{\"@type\":\"ListItem\",\"position\":1,\"name\":\"\u0413\u043b\u0430\u0432\u043d\u0430\u044f \u0441\u0442\u0440\u0430\u043d\u0438\u0446\u0430\",\"item\":\"https:\\\/\\\/kamoto.md\\\/ro\\\/\"},{\"@type\":\"ListItem\",\"position\":2,\"name\":\"Catalog\",\"item\":\"https:\\\/\\\/kamoto.md\\\/ro\\\/catalog\\\/\"},{\"@type\":\"ListItem\",\"position\":3,\"name\":\"Accesorii\",\"item\":\"https:\\\/\\\/kamoto.md\\\/ro\\\/catalog\\\/accesorii\\\/\"},{\"@type\":\"ListItem\",\"position\":4,\"name\":\"Uleiuri\",\"item\":\"https:\\\/\\\/kamoto.md\\\/ro\\\/catalog\\\/accesorii\\\/uleiuri\\\/\"},{\"@type\":\"ListItem\",\"position\":5,\"name\":\"MOTO 2T Ulei mineral \u00een 2 timpi 1 litru\"}]},{\"@type\":\"WebSite\",\"@id\":\"https:\\\/\\\/kamoto.md\\\/ro\\\/#website\",\"url\":\"https:\\\/\\\/kamoto.md\\\/ro\\\/\",\"name\":\"Kamoto.MD\",\"description\":\"\u0418\u043d\u0442\u0435\u0440\u043d\u0435\u0442 \u043c\u0430\u0433\u0430\u0437\u0438\u043d \u044d\u043b\u0435\u043a\u0442\u0440\u043e\u0438\u043d\u0441\u0442\u0440\u0443\u043c\u0435\u043d\u0442\u0430, \u0441\u0430\u0434\u043e\u0432\u043e\u0439 \u0438 \u0441\u0438\u043b\u043e\u0432\u043e\u0439 \u0442\u0435\u0445\u043d\u0438\u043a\u0438.\",\"publisher\":{\"@id\":\"https:\\\/\\\/kamoto.md\\\/ro\\\/#organization\"},\"potentialAction\":[{\"@type\":\"SearchAction\",\"target\":{\"@type\":\"EntryPoint\",\"urlTemplate\":\"https:\\\/\\\/kamoto.md\\\/ro\\\/?s={search_term_string}\"},\"query-input\":{\"@type\":\"PropertyValueSpecification\",\"valueRequired\":true,\"valueName\":\"search_term_string\"}}],\"inLanguage\":\"ro-RO\"},{\"@type\":\"Organization\",\"@id\":\"https:\\\/\\\/kamoto.md\\\/ro\\\/#organization\",\"name\":\"Kamoto S.R.L.\",\"url\":\"https:\\\/\\\/kamoto.md\\\/ro\\\/\",\"logo\":{\"@type\":\"ImageObject\",\"inLanguage\":\"ro-RO\",\"@id\":\"https:\\\/\\\/kamoto.md\\\/ro\\\/#\\\/schema\\\/logo\\\/image\\\/\",\"url\":\"https:\\\/\\\/kamoto.md\\\/wp-content\\\/uploads\\\/2017\\\/08\\\/logo.png\",\"contentUrl\":\"https:\\\/\\\/kamoto.md\\\/wp-content\\\/uploads\\\/2017\\\/08\\\/logo.png\",\"width\":323,\"height\":50,\"caption\":\"Kamoto S.R.L.\"},\"image\":{\"@id\":\"https:\\\/\\\/kamoto.md\\\/ro\\\/#\\\/schema\\\/logo\\\/image\\\/\"}}]}<\/script>\n<!-- \/ Yoast SEO plugin. -->","yoast_head_json":{"title":"Uleiuri - MOTO 2T Ulei mineral \u00een 2 timpi 1 litru - Kamoto.md","robots":{"index":"index","follow":"follow","max-snippet":"max-snippet:-1","max-image-preview":"max-image-preview:large","max-video-preview":"max-video-preview:-1"},"canonical":"https:\/\/kamoto.md\/ro\/shop\/accesorii\/uleiuri\/moto-2t-ulei-mineral-n-2-timpi-1-litru\/","og_locale":"ro_RO","og_type":"article","og_title":"Uleiuri - MOTO 2T Ulei mineral \u00een 2 timpi 1 litru - Kamoto.md","og_description":"Tip ulei: Mineral Licen\u021b\u0103: JASO FB \/ ISO-L-EGB Tip motor: 2T \u021aara produc\u0103torului: Rusia, \"Gazpromneft-SM\" LLC Capacitate: 1.0 l","og_url":"https:\/\/kamoto.md\/ro\/shop\/accesorii\/uleiuri\/moto-2t-ulei-mineral-n-2-timpi-1-litru\/","og_site_name":"Kamoto.md","article_modified_time":"2026-02-27T10:32:55+00:00","og_image":[{"width":1000,"height":1000,"url":"https:\/\/kamoto.md\/wp-content\/uploads\/2021\/05\/logo2.png","type":"image\/png"}],"twitter_card":"summary_large_image","twitter_misc":{"Timp estimat pentru citire":"2 minute"},"schema":{"@context":"https:\/\/schema.org","@graph":[{"@type":["WebPage","ItemPage"],"@id":"https:\/\/kamoto.md\/ro\/shop\/accesorii\/uleiuri\/moto-2t-ulei-mineral-n-2-timpi-1-litru\/","url":"https:\/\/kamoto.md\/ro\/shop\/accesorii\/uleiuri\/moto-2t-ulei-mineral-n-2-timpi-1-litru\/","name":"Uleiuri - MOTO 2T Ulei mineral \u00een 2 timpi 1 litru - Kamoto.md","isPartOf":{"@id":"https:\/\/kamoto.md\/ro\/#website"},"primaryImageOfPage":{"@id":"https:\/\/kamoto.md\/ro\/shop\/accesorii\/uleiuri\/moto-2t-ulei-mineral-n-2-timpi-1-litru\/#primaryimage"},"image":{"@id":"https:\/\/kamoto.md\/ro\/shop\/accesorii\/uleiuri\/moto-2t-ulei-mineral-n-2-timpi-1-litru\/#primaryimage"},"thumbnailUrl":"https:\/\/kamoto.md\/wp-content\/uploads\/2022\/11\/photo_2022-11-08_15-20-50.jpg","datePublished":"2022-11-08T13:29:56+00:00","dateModified":"2026-02-27T10:32:55+00:00","breadcrumb":{"@id":"https:\/\/kamoto.md\/ro\/shop\/accesorii\/uleiuri\/moto-2t-ulei-mineral-n-2-timpi-1-litru\/#breadcrumb"},"inLanguage":"ro-RO","potentialAction":[{"@type":"ReadAction","target":["https:\/\/kamoto.md\/ro\/shop\/accesorii\/uleiuri\/moto-2t-ulei-mineral-n-2-timpi-1-litru\/"]}]},{"@type":"ImageObject","inLanguage":"ro-RO","@id":"https:\/\/kamoto.md\/ro\/shop\/accesorii\/uleiuri\/moto-2t-ulei-mineral-n-2-timpi-1-litru\/#primaryimage","url":"https:\/\/kamoto.md\/wp-content\/uploads\/2022\/11\/photo_2022-11-08_15-20-50.jpg","contentUrl":"https:\/\/kamoto.md\/wp-content\/uploads\/2022\/11\/photo_2022-11-08_15-20-50.jpg","width":1000,"height":1000},{"@type":"BreadcrumbList","@id":"https:\/\/kamoto.md\/ro\/shop\/accesorii\/uleiuri\/moto-2t-ulei-mineral-n-2-timpi-1-litru\/#breadcrumb","itemListElement":[{"@type":"ListItem","position":1,"name":"\u0413\u043b\u0430\u0432\u043d\u0430\u044f \u0441\u0442\u0440\u0430\u043d\u0438\u0446\u0430","item":"https:\/\/kamoto.md\/ro\/"},{"@type":"ListItem","position":2,"name":"Catalog","item":"https:\/\/kamoto.md\/ro\/catalog\/"},{"@type":"ListItem","position":3,"name":"Accesorii","item":"https:\/\/kamoto.md\/ro\/catalog\/accesorii\/"},{"@type":"ListItem","position":4,"name":"Uleiuri","item":"https:\/\/kamoto.md\/ro\/catalog\/accesorii\/uleiuri\/"},{"@type":"ListItem","position":5,"name":"MOTO 2T Ulei mineral \u00een 2 timpi 1 litru"}]},{"@type":"WebSite","@id":"https:\/\/kamoto.md\/ro\/#website","url":"https:\/\/kamoto.md\/ro\/","name":"Kamoto.MD","description":"\u0418\u043d\u0442\u0435\u0440\u043d\u0435\u0442 \u043c\u0430\u0433\u0430\u0437\u0438\u043d \u044d\u043b\u0435\u043a\u0442\u0440\u043e\u0438\u043d\u0441\u0442\u0440\u0443\u043c\u0435\u043d\u0442\u0430, \u0441\u0430\u0434\u043e\u0432\u043e\u0439 \u0438 \u0441\u0438\u043b\u043e\u0432\u043e\u0439 \u0442\u0435\u0445\u043d\u0438\u043a\u0438.","publisher":{"@id":"https:\/\/kamoto.md\/ro\/#organization"},"potentialAction":[{"@type":"SearchAction","target":{"@type":"EntryPoint","urlTemplate":"https:\/\/kamoto.md\/ro\/?s={search_term_string}"},"query-input":{"@type":"PropertyValueSpecification","valueRequired":true,"valueName":"search_term_string"}}],"inLanguage":"ro-RO"},{"@type":"Organization","@id":"https:\/\/kamoto.md\/ro\/#organization","name":"Kamoto S.R.L.","url":"https:\/\/kamoto.md\/ro\/","logo":{"@type":"ImageObject","inLanguage":"ro-RO","@id":"https:\/\/kamoto.md\/ro\/#\/schema\/logo\/image\/","url":"https:\/\/kamoto.md\/wp-content\/uploads\/2017\/08\/logo.png","contentUrl":"https:\/\/kamoto.md\/wp-content\/uploads\/2017\/08\/logo.png","width":323,"height":50,"caption":"Kamoto S.R.L."},"image":{"@id":"https:\/\/kamoto.md\/ro\/#\/schema\/logo\/image\/"}}]}},"_links":{"self":[{"href":"https:\/\/kamoto.md\/ro\/wp-json\/wp\/v2\/product\/11403","targetHints":{"allow":["GET"]}}],"collection":[{"href":"https:\/\/kamoto.md\/ro\/wp-json\/wp\/v2\/product"}],"about":[{"href":"https:\/\/kamoto.md\/ro\/wp-json\/wp\/v2\/types\/product"}],"wp:featuredmedia":[{"embeddable":true,"href":"https:\/\/kamoto.md\/ro\/wp-json\/wp\/v2\/media\/11397"}],"wp:attachment":[{"href":"https:\/\/kamoto.md\/ro\/wp-json\/wp\/v2\/media?parent=11403"}],"wp:term":[{"taxonomy":"product_brand","embeddable":true,"href":"https:\/\/kamoto.md\/ro\/wp-json\/wp\/v2\/product_brand?post=11403"},{"taxonomy":"product_cat","embeddable":true,"href":"https:\/\/kamoto.md\/ro\/wp-json\/wp\/v2\/product_cat?post=11403"},{"taxonomy":"product_tag","embeddable":true,"href":"https:\/\/kamoto.md\/ro\/wp-json\/wp\/v2\/product_tag?post=11403"}],"curies":[{"name":"wp","href":"https:\/\/api.w.org\/{rel}","templated":true}]}}