{"id":11413,"date":"2021-11-17T15:30:32","date_gmt":"2021-11-17T13:30:32","guid":{"rendered":"https:\/\/kamoto.md\/shop\/fara-categorie\/kultivator-benzinovyj-kamoto-gc7110\/"},"modified":"2026-02-27T12:34:12","modified_gmt":"2026-02-27T10:34:12","slug":"motocultor-pe-benzina-kamoto-gc7110-fara-freza","status":"publish","type":"product","link":"https:\/\/kamoto.md\/ro\/shop\/scule-si-unelte-de-gradinarit\/cultivatoare-pe-benzina\/motocultor-pe-benzina-kamoto-gc7110-fara-freza\/","title":{"rendered":"Motocultor pe benzin\u0103 KAMOTO GC7110 f\u0103r\u0103 frez\u0103"},"content":{"rendered":"<p>Motocultor pe benzin\u0103 KAMOTO GC7110 f\u0103r\u0103 frez\u0103 cu motor de 7 CP \u0219i o l\u0103\u021bime de lucru mare (110 cm), echipat cu freze c\u0103lite (32 buc), care v\u0103 permite s\u0103 \u00eel utiliza\u021bi pe soluri grele \u0219i pentru cultivarea terenurilor virgine.<\/p>\n<p>M\u00e2nerul de control este reglabil \u0219i rotativ \u00een diferite planuri \u0219i are un compartiment pentru depozitarea uneltelor \u0219i a altor obiecte mici.<\/p>\n<p>Schimbarea vitezelor se face prin intermediul cutiei de viteze.<\/p>\n<p>Unitatea tractat\u0103 puternic\u0103 montat\u0103 pe cultivator este cea mai comun\u0103 \u0219i face posibil\u0103 instalarea diferitelor accesorii: plug, cap de plug, s\u0103p\u0103tor de cartofi \u0219i, de asemenea, conectarea unui c\u0103rucior.<\/p>\n<p>De asemenea, sunt incluse ro\u021bi pneumatice \u0219i discuri laterale.<\/p>\n<p>Cutia de viteze din font\u0103 este dintr-o singur\u0103 bucat\u0103, nu exist\u0103 cus\u0103tur\u0103, nu exist\u0103 garnitur\u0103 \u0219i, prin urmare, nu exist\u0103 scurgeri de ulei. Spre deosebire de cutiile de viteze din aluminiu, cutiile de viteze din font\u0103 sunt mai robuste, iar scaunele rulmen\u021bilor nu sunt supuse murd\u0103ririi, ceea ce prelunge\u0219te de multe ori durata de via\u021b\u0103 a cutiei de viteze.<\/p>\n","protected":false},"excerpt":{"rendered":"<p>Cilindree: 212 cm3<br \/>\nTip motor: 4T- patru timpi r\u0103cit cu aer<br \/>\nPutere: 7,0 CP \/ 3600 rpm<br \/>\nL\u0103\u021bime de lucru (min\/max): 60 &#8211; 80 &#8211; 110 cm<br \/>\nAprindere: electronic\u0103<br \/>\nTransmisie: curea de transmisie cu mecanism de ambreiaj cu role de presiune \u0219i lan\u021b<br \/>\nViteze: 2 \u00eenainte \/ 1 \u00eenapoi<br \/>\nTipul cutiei de viteze: font\u0103<br \/>\nDiametrul frezei: 30 cm<br \/>\nCapacitatea rezervorului de combustibil: 3,6 litri<br \/>\nRo\u021bi pneumatice, tip: 4.00-8<br \/>\nUmplerea cu ulei de motor (SAE10W40): 0,6 litri<br \/>\nUmplere ulei cutie de viteze (TAD-17): 1,2 litri<br \/>\nNum\u0103r de cu\u021bite: 32<\/p>\n","protected":false},"featured_media":11049,"template":"","meta":[],"product_brand":[],"product_cat":[291],"product_tag":[],"class_list":{"0":"post-11413","1":"product","2":"type-product","3":"status-publish","4":"has-post-thumbnail","6":"product_cat-cultivatoare-pe-benzina","8":"first","9":"instock","10":"sale","11":"shipping-taxable","12":"purchasable","13":"product-type-simple"},"yoast_head":"<!-- This site is optimized with the Yoast SEO plugin v27.3 - https:\/\/yoast.com\/product\/yoast-seo-wordpress\/ -->\n<title>Motocultoare pe benzin\u0103 - Motocultor pe benzin\u0103 KAMOTO GC7110 f\u0103r\u0103 frez\u0103 - Kamoto.md<\/title>\n<meta name=\"robots\" content=\"index, follow, max-snippet:-1, max-image-preview:large, max-video-preview:-1\" \/>\n<link rel=\"canonical\" href=\"https:\/\/kamoto.md\/ro\/shop\/scule-si-unelte-de-gradinarit\/cultivatoare-pe-benzina\/motocultor-pe-benzina-kamoto-gc7110-fara-freza\/\" \/>\n<meta property=\"og:locale\" content=\"ro_RO\" \/>\n<meta property=\"og:type\" content=\"article\" \/>\n<meta property=\"og:title\" content=\"Motocultoare pe benzin\u0103 - Motocultor pe benzin\u0103 KAMOTO GC7110 f\u0103r\u0103 frez\u0103 - Kamoto.md\" \/>\n<meta property=\"og:description\" content=\"Cilindree: 212 cm3 Tip motor: 4T- patru timpi r\u0103cit cu aer Putere: 7,0 CP \/ 3600 rpm L\u0103\u021bime de lucru (min\/max): 60 - 80 - 110 cm Aprindere: electronic\u0103 Transmisie: curea de transmisie cu mecanism de ambreiaj cu role de presiune \u0219i lan\u021b Viteze: 2 \u00eenainte \/ 1 \u00eenapoi Tipul cutiei de viteze: font\u0103 Diametrul frezei: 30 cm Capacitatea rezervorului de combustibil: 3,6 litri Ro\u021bi pneumatice, tip: 4.00-8 Umplerea cu ulei de motor (SAE10W40): 0,6 litri Umplere ulei cutie de viteze (TAD-17): 1,2 litri Num\u0103r de cu\u021bite: 32\" \/>\n<meta property=\"og:url\" content=\"https:\/\/kamoto.md\/ro\/shop\/scule-si-unelte-de-gradinarit\/cultivatoare-pe-benzina\/motocultor-pe-benzina-kamoto-gc7110-fara-freza\/\" \/>\n<meta property=\"og:site_name\" content=\"Kamoto.md\" \/>\n<meta property=\"article:modified_time\" content=\"2026-02-27T10:34:12+00:00\" \/>\n<meta property=\"og:image\" content=\"https:\/\/kamoto.md\/wp-content\/uploads\/2021\/05\/logo2.png\" \/>\n\t<meta property=\"og:image:width\" content=\"1000\" \/>\n\t<meta property=\"og:image:height\" content=\"1000\" \/>\n\t<meta property=\"og:image:type\" content=\"image\/png\" \/>\n<meta name=\"twitter:card\" content=\"summary_large_image\" \/>\n<meta name=\"twitter:label1\" content=\"Timp estimat pentru citire\" \/>\n\t<meta name=\"twitter:data1\" content=\"1 minut\" \/>\n<script type=\"application\/ld+json\" class=\"yoast-schema-graph\">{\"@context\":\"https:\\\/\\\/schema.org\",\"@graph\":[{\"@type\":[\"WebPage\",\"ItemPage\"],\"@id\":\"https:\\\/\\\/kamoto.md\\\/ro\\\/shop\\\/scule-si-unelte-de-gradinarit\\\/cultivatoare-pe-benzina\\\/motocultor-pe-benzina-kamoto-gc7110-fara-freza\\\/\",\"url\":\"https:\\\/\\\/kamoto.md\\\/ro\\\/shop\\\/scule-si-unelte-de-gradinarit\\\/cultivatoare-pe-benzina\\\/motocultor-pe-benzina-kamoto-gc7110-fara-freza\\\/\",\"name\":\"Motocultoare pe benzin\u0103 - Motocultor pe benzin\u0103 KAMOTO GC7110 f\u0103r\u0103 frez\u0103 - Kamoto.md\",\"isPartOf\":{\"@id\":\"https:\\\/\\\/kamoto.md\\\/ro\\\/#website\"},\"primaryImageOfPage\":{\"@id\":\"https:\\\/\\\/kamoto.md\\\/ro\\\/shop\\\/scule-si-unelte-de-gradinarit\\\/cultivatoare-pe-benzina\\\/motocultor-pe-benzina-kamoto-gc7110-fara-freza\\\/#primaryimage\"},\"image\":{\"@id\":\"https:\\\/\\\/kamoto.md\\\/ro\\\/shop\\\/scule-si-unelte-de-gradinarit\\\/cultivatoare-pe-benzina\\\/motocultor-pe-benzina-kamoto-gc7110-fara-freza\\\/#primaryimage\"},\"thumbnailUrl\":\"https:\\\/\\\/kamoto.md\\\/wp-content\\\/uploads\\\/2021\\\/11\\\/1_IMG_2945.jpg\",\"datePublished\":\"2021-11-17T13:30:32+00:00\",\"dateModified\":\"2026-02-27T10:34:12+00:00\",\"breadcrumb\":{\"@id\":\"https:\\\/\\\/kamoto.md\\\/ro\\\/shop\\\/scule-si-unelte-de-gradinarit\\\/cultivatoare-pe-benzina\\\/motocultor-pe-benzina-kamoto-gc7110-fara-freza\\\/#breadcrumb\"},\"inLanguage\":\"ro-RO\",\"potentialAction\":[{\"@type\":\"ReadAction\",\"target\":[\"https:\\\/\\\/kamoto.md\\\/ro\\\/shop\\\/scule-si-unelte-de-gradinarit\\\/cultivatoare-pe-benzina\\\/motocultor-pe-benzina-kamoto-gc7110-fara-freza\\\/\"]}]},{\"@type\":\"ImageObject\",\"inLanguage\":\"ro-RO\",\"@id\":\"https:\\\/\\\/kamoto.md\\\/ro\\\/shop\\\/scule-si-unelte-de-gradinarit\\\/cultivatoare-pe-benzina\\\/motocultor-pe-benzina-kamoto-gc7110-fara-freza\\\/#primaryimage\",\"url\":\"https:\\\/\\\/kamoto.md\\\/wp-content\\\/uploads\\\/2021\\\/11\\\/1_IMG_2945.jpg\",\"contentUrl\":\"https:\\\/\\\/kamoto.md\\\/wp-content\\\/uploads\\\/2021\\\/11\\\/1_IMG_2945.jpg\",\"width\":1000,\"height\":1000},{\"@type\":\"BreadcrumbList\",\"@id\":\"https:\\\/\\\/kamoto.md\\\/ro\\\/shop\\\/scule-si-unelte-de-gradinarit\\\/cultivatoare-pe-benzina\\\/motocultor-pe-benzina-kamoto-gc7110-fara-freza\\\/#breadcrumb\",\"itemListElement\":[{\"@type\":\"ListItem\",\"position\":1,\"name\":\"\u0413\u043b\u0430\u0432\u043d\u0430\u044f \u0441\u0442\u0440\u0430\u043d\u0438\u0446\u0430\",\"item\":\"https:\\\/\\\/kamoto.md\\\/ro\\\/\"},{\"@type\":\"ListItem\",\"position\":2,\"name\":\"Catalog\",\"item\":\"https:\\\/\\\/kamoto.md\\\/ro\\\/catalog\\\/\"},{\"@type\":\"ListItem\",\"position\":3,\"name\":\"Instrumente \u0219i unelte de gr\u0103din\u0103rit\",\"item\":\"https:\\\/\\\/kamoto.md\\\/ro\\\/catalog\\\/scule-si-unelte-de-gradinarit\\\/\"},{\"@type\":\"ListItem\",\"position\":4,\"name\":\"Motocultoare pe benzin\u0103\",\"item\":\"https:\\\/\\\/kamoto.md\\\/ro\\\/catalog\\\/scule-si-unelte-de-gradinarit\\\/cultivatoare-pe-benzina\\\/\"},{\"@type\":\"ListItem\",\"position\":5,\"name\":\"Motocultor pe benzin\u0103 KAMOTO GC7110 f\u0103r\u0103 frez\u0103\"}]},{\"@type\":\"WebSite\",\"@id\":\"https:\\\/\\\/kamoto.md\\\/ro\\\/#website\",\"url\":\"https:\\\/\\\/kamoto.md\\\/ro\\\/\",\"name\":\"Kamoto.MD\",\"description\":\"\u0418\u043d\u0442\u0435\u0440\u043d\u0435\u0442 \u043c\u0430\u0433\u0430\u0437\u0438\u043d \u044d\u043b\u0435\u043a\u0442\u0440\u043e\u0438\u043d\u0441\u0442\u0440\u0443\u043c\u0435\u043d\u0442\u0430, \u0441\u0430\u0434\u043e\u0432\u043e\u0439 \u0438 \u0441\u0438\u043b\u043e\u0432\u043e\u0439 \u0442\u0435\u0445\u043d\u0438\u043a\u0438.\",\"publisher\":{\"@id\":\"https:\\\/\\\/kamoto.md\\\/ro\\\/#organization\"},\"potentialAction\":[{\"@type\":\"SearchAction\",\"target\":{\"@type\":\"EntryPoint\",\"urlTemplate\":\"https:\\\/\\\/kamoto.md\\\/ro\\\/?s={search_term_string}\"},\"query-input\":{\"@type\":\"PropertyValueSpecification\",\"valueRequired\":true,\"valueName\":\"search_term_string\"}}],\"inLanguage\":\"ro-RO\"},{\"@type\":\"Organization\",\"@id\":\"https:\\\/\\\/kamoto.md\\\/ro\\\/#organization\",\"name\":\"Kamoto S.R.L.\",\"url\":\"https:\\\/\\\/kamoto.md\\\/ro\\\/\",\"logo\":{\"@type\":\"ImageObject\",\"inLanguage\":\"ro-RO\",\"@id\":\"https:\\\/\\\/kamoto.md\\\/ro\\\/#\\\/schema\\\/logo\\\/image\\\/\",\"url\":\"https:\\\/\\\/kamoto.md\\\/wp-content\\\/uploads\\\/2017\\\/08\\\/logo.png\",\"contentUrl\":\"https:\\\/\\\/kamoto.md\\\/wp-content\\\/uploads\\\/2017\\\/08\\\/logo.png\",\"width\":323,\"height\":50,\"caption\":\"Kamoto S.R.L.\"},\"image\":{\"@id\":\"https:\\\/\\\/kamoto.md\\\/ro\\\/#\\\/schema\\\/logo\\\/image\\\/\"}}]}<\/script>\n<!-- \/ Yoast SEO plugin. -->","yoast_head_json":{"title":"Motocultoare pe benzin\u0103 - Motocultor pe benzin\u0103 KAMOTO GC7110 f\u0103r\u0103 frez\u0103 - Kamoto.md","robots":{"index":"index","follow":"follow","max-snippet":"max-snippet:-1","max-image-preview":"max-image-preview:large","max-video-preview":"max-video-preview:-1"},"canonical":"https:\/\/kamoto.md\/ro\/shop\/scule-si-unelte-de-gradinarit\/cultivatoare-pe-benzina\/motocultor-pe-benzina-kamoto-gc7110-fara-freza\/","og_locale":"ro_RO","og_type":"article","og_title":"Motocultoare pe benzin\u0103 - Motocultor pe benzin\u0103 KAMOTO GC7110 f\u0103r\u0103 frez\u0103 - Kamoto.md","og_description":"Cilindree: 212 cm3 Tip motor: 4T- patru timpi r\u0103cit cu aer Putere: 7,0 CP \/ 3600 rpm L\u0103\u021bime de lucru (min\/max): 60 - 80 - 110 cm Aprindere: electronic\u0103 Transmisie: curea de transmisie cu mecanism de ambreiaj cu role de presiune \u0219i lan\u021b Viteze: 2 \u00eenainte \/ 1 \u00eenapoi Tipul cutiei de viteze: font\u0103 Diametrul frezei: 30 cm Capacitatea rezervorului de combustibil: 3,6 litri Ro\u021bi pneumatice, tip: 4.00-8 Umplerea cu ulei de motor (SAE10W40): 0,6 litri Umplere ulei cutie de viteze (TAD-17): 1,2 litri Num\u0103r de cu\u021bite: 32","og_url":"https:\/\/kamoto.md\/ro\/shop\/scule-si-unelte-de-gradinarit\/cultivatoare-pe-benzina\/motocultor-pe-benzina-kamoto-gc7110-fara-freza\/","og_site_name":"Kamoto.md","article_modified_time":"2026-02-27T10:34:12+00:00","og_image":[{"width":1000,"height":1000,"url":"https:\/\/kamoto.md\/wp-content\/uploads\/2021\/05\/logo2.png","type":"image\/png"}],"twitter_card":"summary_large_image","twitter_misc":{"Timp estimat pentru citire":"1 minut"},"schema":{"@context":"https:\/\/schema.org","@graph":[{"@type":["WebPage","ItemPage"],"@id":"https:\/\/kamoto.md\/ro\/shop\/scule-si-unelte-de-gradinarit\/cultivatoare-pe-benzina\/motocultor-pe-benzina-kamoto-gc7110-fara-freza\/","url":"https:\/\/kamoto.md\/ro\/shop\/scule-si-unelte-de-gradinarit\/cultivatoare-pe-benzina\/motocultor-pe-benzina-kamoto-gc7110-fara-freza\/","name":"Motocultoare pe benzin\u0103 - Motocultor pe benzin\u0103 KAMOTO GC7110 f\u0103r\u0103 frez\u0103 - Kamoto.md","isPartOf":{"@id":"https:\/\/kamoto.md\/ro\/#website"},"primaryImageOfPage":{"@id":"https:\/\/kamoto.md\/ro\/shop\/scule-si-unelte-de-gradinarit\/cultivatoare-pe-benzina\/motocultor-pe-benzina-kamoto-gc7110-fara-freza\/#primaryimage"},"image":{"@id":"https:\/\/kamoto.md\/ro\/shop\/scule-si-unelte-de-gradinarit\/cultivatoare-pe-benzina\/motocultor-pe-benzina-kamoto-gc7110-fara-freza\/#primaryimage"},"thumbnailUrl":"https:\/\/kamoto.md\/wp-content\/uploads\/2021\/11\/1_IMG_2945.jpg","datePublished":"2021-11-17T13:30:32+00:00","dateModified":"2026-02-27T10:34:12+00:00","breadcrumb":{"@id":"https:\/\/kamoto.md\/ro\/shop\/scule-si-unelte-de-gradinarit\/cultivatoare-pe-benzina\/motocultor-pe-benzina-kamoto-gc7110-fara-freza\/#breadcrumb"},"inLanguage":"ro-RO","potentialAction":[{"@type":"ReadAction","target":["https:\/\/kamoto.md\/ro\/shop\/scule-si-unelte-de-gradinarit\/cultivatoare-pe-benzina\/motocultor-pe-benzina-kamoto-gc7110-fara-freza\/"]}]},{"@type":"ImageObject","inLanguage":"ro-RO","@id":"https:\/\/kamoto.md\/ro\/shop\/scule-si-unelte-de-gradinarit\/cultivatoare-pe-benzina\/motocultor-pe-benzina-kamoto-gc7110-fara-freza\/#primaryimage","url":"https:\/\/kamoto.md\/wp-content\/uploads\/2021\/11\/1_IMG_2945.jpg","contentUrl":"https:\/\/kamoto.md\/wp-content\/uploads\/2021\/11\/1_IMG_2945.jpg","width":1000,"height":1000},{"@type":"BreadcrumbList","@id":"https:\/\/kamoto.md\/ro\/shop\/scule-si-unelte-de-gradinarit\/cultivatoare-pe-benzina\/motocultor-pe-benzina-kamoto-gc7110-fara-freza\/#breadcrumb","itemListElement":[{"@type":"ListItem","position":1,"name":"\u0413\u043b\u0430\u0432\u043d\u0430\u044f \u0441\u0442\u0440\u0430\u043d\u0438\u0446\u0430","item":"https:\/\/kamoto.md\/ro\/"},{"@type":"ListItem","position":2,"name":"Catalog","item":"https:\/\/kamoto.md\/ro\/catalog\/"},{"@type":"ListItem","position":3,"name":"Instrumente \u0219i unelte de gr\u0103din\u0103rit","item":"https:\/\/kamoto.md\/ro\/catalog\/scule-si-unelte-de-gradinarit\/"},{"@type":"ListItem","position":4,"name":"Motocultoare pe benzin\u0103","item":"https:\/\/kamoto.md\/ro\/catalog\/scule-si-unelte-de-gradinarit\/cultivatoare-pe-benzina\/"},{"@type":"ListItem","position":5,"name":"Motocultor pe benzin\u0103 KAMOTO GC7110 f\u0103r\u0103 frez\u0103"}]},{"@type":"WebSite","@id":"https:\/\/kamoto.md\/ro\/#website","url":"https:\/\/kamoto.md\/ro\/","name":"Kamoto.MD","description":"\u0418\u043d\u0442\u0435\u0440\u043d\u0435\u0442 \u043c\u0430\u0433\u0430\u0437\u0438\u043d \u044d\u043b\u0435\u043a\u0442\u0440\u043e\u0438\u043d\u0441\u0442\u0440\u0443\u043c\u0435\u043d\u0442\u0430, \u0441\u0430\u0434\u043e\u0432\u043e\u0439 \u0438 \u0441\u0438\u043b\u043e\u0432\u043e\u0439 \u0442\u0435\u0445\u043d\u0438\u043a\u0438.","publisher":{"@id":"https:\/\/kamoto.md\/ro\/#organization"},"potentialAction":[{"@type":"SearchAction","target":{"@type":"EntryPoint","urlTemplate":"https:\/\/kamoto.md\/ro\/?s={search_term_string}"},"query-input":{"@type":"PropertyValueSpecification","valueRequired":true,"valueName":"search_term_string"}}],"inLanguage":"ro-RO"},{"@type":"Organization","@id":"https:\/\/kamoto.md\/ro\/#organization","name":"Kamoto S.R.L.","url":"https:\/\/kamoto.md\/ro\/","logo":{"@type":"ImageObject","inLanguage":"ro-RO","@id":"https:\/\/kamoto.md\/ro\/#\/schema\/logo\/image\/","url":"https:\/\/kamoto.md\/wp-content\/uploads\/2017\/08\/logo.png","contentUrl":"https:\/\/kamoto.md\/wp-content\/uploads\/2017\/08\/logo.png","width":323,"height":50,"caption":"Kamoto S.R.L."},"image":{"@id":"https:\/\/kamoto.md\/ro\/#\/schema\/logo\/image\/"}}]}},"_links":{"self":[{"href":"https:\/\/kamoto.md\/ro\/wp-json\/wp\/v2\/product\/11413","targetHints":{"allow":["GET"]}}],"collection":[{"href":"https:\/\/kamoto.md\/ro\/wp-json\/wp\/v2\/product"}],"about":[{"href":"https:\/\/kamoto.md\/ro\/wp-json\/wp\/v2\/types\/product"}],"wp:featuredmedia":[{"embeddable":true,"href":"https:\/\/kamoto.md\/ro\/wp-json\/wp\/v2\/media\/11049"}],"wp:attachment":[{"href":"https:\/\/kamoto.md\/ro\/wp-json\/wp\/v2\/media?parent=11413"}],"wp:term":[{"taxonomy":"product_brand","embeddable":true,"href":"https:\/\/kamoto.md\/ro\/wp-json\/wp\/v2\/product_brand?post=11413"},{"taxonomy":"product_cat","embeddable":true,"href":"https:\/\/kamoto.md\/ro\/wp-json\/wp\/v2\/product_cat?post=11413"},{"taxonomy":"product_tag","embeddable":true,"href":"https:\/\/kamoto.md\/ro\/wp-json\/wp\/v2\/product_tag?post=11413"}],"curies":[{"name":"wp","href":"https:\/\/api.w.org\/{rel}","templated":true}]}}