{"id":11415,"date":"2022-10-23T18:48:19","date_gmt":"2022-10-23T16:48:19","guid":{"rendered":"https:\/\/kamoto.md\/shop\/fara-categorie\/kultivator-dizelnyj-kamoto-dc9135e\/"},"modified":"2026-02-27T12:33:19","modified_gmt":"2026-02-27T10:33:19","slug":"motocultor-pe-motorina-kamoto-dc9135e","status":"publish","type":"product","link":"https:\/\/kamoto.md\/ro\/shop\/scule-si-unelte-de-gradinarit\/cultivatoare-pe-motorina\/motocultor-pe-motorina-kamoto-dc9135e\/","title":{"rendered":"Motocultor pe motorin\u0103 KAMOTO DC9135E"},"content":{"rendered":"<p>Motocultor pe motorin\u0103 KAMOTO DC9135E cu motor de 9 CP \u0219i l\u0103\u021bime mare de lucru, echipat cu freze c\u0103lite (32 buc.), care v\u0103 permite s\u0103 \u00eel utiliza\u021bi pe soluri grele \u0219i pentru cultivarea terenurilor virgine.<\/p>\n<p>M\u00e2nerul de control este reglabil \u0219i rotativ \u00een diferite planuri \u0219i are un compartiment pentru depozitarea uneltelor \u0219i a altor obiecte mici.<\/p>\n<p>Schimbarea vitezelor se face prin intermediul cutiei de viteze.<\/p>\n<p>Arbore PTO instalat<\/p>\n<p>Unitatea tractat\u0103 puternic\u0103 montat\u0103 pe cultivator este cea mai comun\u0103 \u0219i face posibil\u0103 instalarea diferitelor accesorii: plug, cap de plug, s\u0103p\u0103tor de cartofi \u0219i, de asemenea, conectarea unui c\u0103rucior.<\/p>\n<p>De asemenea, sunt incluse ro\u021bi pneumatice \u0219i discuri laterale.<\/p>\n<p>Cutia de viteze din font\u0103 este dintr-o singur\u0103 bucat\u0103, nu exist\u0103 cus\u0103tur\u0103, nu exist\u0103 garnitur\u0103 \u0219i, prin urmare, nu exist\u0103 scurgeri de ulei. Spre deosebire de cutiile de viteze din aluminiu, cutiile de viteze din font\u0103 sunt mai robuste, iar scaunele rulmen\u021bilor nu sunt supuse murd\u0103ririi, ceea ce prelunge\u0219te de multe ori durata de via\u021b\u0103 a cutiei de viteze.<\/p>\n","protected":false},"excerpt":{"rendered":"<p>R\u0102CIRE: AER<br \/>\nPUTERE MOTOR: 9 CP<br \/>\nCUTIE DE VITEZE: 2 \u00ceNAINTE \/ 1 \u00ceNAPOI<br \/>\nCUTIE DE VITEZE: FONT\u0102<br \/>\nNUM\u0102R DE FREZE: 32 BUC<br \/>\nRO\u021aI PNEUMATICE, TIP: 5.00-12<br \/>\nDEMAROR ELECTRIC: DISPONIBIL<br \/>\nL\u0102\u021aIME DE LUCRU: 90-125 CM<br \/>\nARBORE CARDANIC: DISPONIBIL<\/p>\n","protected":false},"featured_media":11321,"template":"","meta":[],"product_brand":[],"product_cat":[386],"product_tag":[],"class_list":{"0":"post-11415","1":"product","2":"type-product","3":"status-publish","4":"has-post-thumbnail","6":"product_cat-cultivatoare-pe-motorina","8":"first","9":"instock","10":"sale","11":"shipping-taxable","12":"purchasable","13":"product-type-simple"},"yoast_head":"<!-- This site is optimized with the Yoast SEO plugin v27.3 - https:\/\/yoast.com\/product\/yoast-seo-wordpress\/ -->\n<title>Motocultor pe motorin\u0103 KAMOTO DC9135E % - Kamoto.md %<\/title>\n<meta name=\"description\" content=\"C\u0103uta\u021bi de unde s\u0103 cump\u0103ra\u021bi un Cultivator ieftin din stoc \u00een Chi\u0219in\u0103u? \u2705Vast\u0103 selec\u021bie \u0219i pre\u021buri mici \u2b50De pe site-ul Kamoto.md pute\u021bi ridica un Cultivator cu garan\u021bie \u2705\" \/>\n<meta name=\"robots\" content=\"index, follow, max-snippet:-1, max-image-preview:large, max-video-preview:-1\" \/>\n<link rel=\"canonical\" href=\"https:\/\/kamoto.md\/ro\/shop\/scule-si-unelte-de-gradinarit\/cultivatoare-pe-motorina\/motocultor-pe-motorina-kamoto-dc9135e\/\" \/>\n<meta property=\"og:locale\" content=\"ro_RO\" \/>\n<meta property=\"og:type\" content=\"article\" \/>\n<meta property=\"og:title\" content=\"Motocultor pe motorin\u0103 KAMOTO DC9135E % - Kamoto.md %\" \/>\n<meta property=\"og:description\" content=\"C\u0103uta\u021bi de unde s\u0103 cump\u0103ra\u021bi un Cultivator ieftin din stoc \u00een Chi\u0219in\u0103u? \u2705Vast\u0103 selec\u021bie \u0219i pre\u021buri mici \u2b50De pe site-ul Kamoto.md pute\u021bi ridica un Cultivator cu garan\u021bie \u2705\" \/>\n<meta property=\"og:url\" content=\"https:\/\/kamoto.md\/ro\/shop\/scule-si-unelte-de-gradinarit\/cultivatoare-pe-motorina\/motocultor-pe-motorina-kamoto-dc9135e\/\" \/>\n<meta property=\"og:site_name\" content=\"Kamoto.md\" \/>\n<meta property=\"article:modified_time\" content=\"2026-02-27T10:33:19+00:00\" \/>\n<meta property=\"og:image\" content=\"https:\/\/kamoto.md\/wp-content\/uploads\/2021\/05\/logo2.png\" \/>\n\t<meta property=\"og:image:width\" content=\"1000\" \/>\n\t<meta property=\"og:image:height\" content=\"1000\" \/>\n\t<meta property=\"og:image:type\" content=\"image\/png\" \/>\n<meta name=\"twitter:card\" content=\"summary_large_image\" \/>\n<meta name=\"twitter:label1\" content=\"Timp estimat pentru citire\" \/>\n\t<meta name=\"twitter:data1\" content=\"1 minut\" \/>\n<script type=\"application\/ld+json\" class=\"yoast-schema-graph\">{\"@context\":\"https:\\\/\\\/schema.org\",\"@graph\":[{\"@type\":[\"WebPage\",\"ItemPage\"],\"@id\":\"https:\\\/\\\/kamoto.md\\\/ro\\\/shop\\\/scule-si-unelte-de-gradinarit\\\/cultivatoare-pe-motorina\\\/motocultor-pe-motorina-kamoto-dc9135e\\\/\",\"url\":\"https:\\\/\\\/kamoto.md\\\/ro\\\/shop\\\/scule-si-unelte-de-gradinarit\\\/cultivatoare-pe-motorina\\\/motocultor-pe-motorina-kamoto-dc9135e\\\/\",\"name\":\"Motocultor pe motorin\u0103 KAMOTO DC9135E % - Kamoto.md %\",\"isPartOf\":{\"@id\":\"https:\\\/\\\/kamoto.md\\\/ro\\\/#website\"},\"primaryImageOfPage\":{\"@id\":\"https:\\\/\\\/kamoto.md\\\/ro\\\/shop\\\/scule-si-unelte-de-gradinarit\\\/cultivatoare-pe-motorina\\\/motocultor-pe-motorina-kamoto-dc9135e\\\/#primaryimage\"},\"image\":{\"@id\":\"https:\\\/\\\/kamoto.md\\\/ro\\\/shop\\\/scule-si-unelte-de-gradinarit\\\/cultivatoare-pe-motorina\\\/motocultor-pe-motorina-kamoto-dc9135e\\\/#primaryimage\"},\"thumbnailUrl\":\"https:\\\/\\\/kamoto.md\\\/wp-content\\\/uploads\\\/2022\\\/10\\\/IMG_8168-scaled.jpg\",\"datePublished\":\"2022-10-23T16:48:19+00:00\",\"dateModified\":\"2026-02-27T10:33:19+00:00\",\"description\":\"C\u0103uta\u021bi de unde s\u0103 cump\u0103ra\u021bi un Cultivator ieftin din stoc \u00een Chi\u0219in\u0103u? \u2705Vast\u0103 selec\u021bie \u0219i pre\u021buri mici \u2b50De pe site-ul Kamoto.md pute\u021bi ridica un Cultivator cu garan\u021bie \u2705\",\"breadcrumb\":{\"@id\":\"https:\\\/\\\/kamoto.md\\\/ro\\\/shop\\\/scule-si-unelte-de-gradinarit\\\/cultivatoare-pe-motorina\\\/motocultor-pe-motorina-kamoto-dc9135e\\\/#breadcrumb\"},\"inLanguage\":\"ro-RO\",\"potentialAction\":[{\"@type\":\"ReadAction\",\"target\":[\"https:\\\/\\\/kamoto.md\\\/ro\\\/shop\\\/scule-si-unelte-de-gradinarit\\\/cultivatoare-pe-motorina\\\/motocultor-pe-motorina-kamoto-dc9135e\\\/\"]}]},{\"@type\":\"ImageObject\",\"inLanguage\":\"ro-RO\",\"@id\":\"https:\\\/\\\/kamoto.md\\\/ro\\\/shop\\\/scule-si-unelte-de-gradinarit\\\/cultivatoare-pe-motorina\\\/motocultor-pe-motorina-kamoto-dc9135e\\\/#primaryimage\",\"url\":\"https:\\\/\\\/kamoto.md\\\/wp-content\\\/uploads\\\/2022\\\/10\\\/IMG_8168-scaled.jpg\",\"contentUrl\":\"https:\\\/\\\/kamoto.md\\\/wp-content\\\/uploads\\\/2022\\\/10\\\/IMG_8168-scaled.jpg\",\"width\":2560,\"height\":1829},{\"@type\":\"BreadcrumbList\",\"@id\":\"https:\\\/\\\/kamoto.md\\\/ro\\\/shop\\\/scule-si-unelte-de-gradinarit\\\/cultivatoare-pe-motorina\\\/motocultor-pe-motorina-kamoto-dc9135e\\\/#breadcrumb\",\"itemListElement\":[{\"@type\":\"ListItem\",\"position\":1,\"name\":\"\u0413\u043b\u0430\u0432\u043d\u0430\u044f \u0441\u0442\u0440\u0430\u043d\u0438\u0446\u0430\",\"item\":\"https:\\\/\\\/kamoto.md\\\/ro\\\/\"},{\"@type\":\"ListItem\",\"position\":2,\"name\":\"Catalog\",\"item\":\"https:\\\/\\\/kamoto.md\\\/ro\\\/catalog\\\/\"},{\"@type\":\"ListItem\",\"position\":3,\"name\":\"Instrumente \u0219i unelte de gr\u0103din\u0103rit\",\"item\":\"https:\\\/\\\/kamoto.md\\\/ro\\\/catalog\\\/scule-si-unelte-de-gradinarit\\\/\"},{\"@type\":\"ListItem\",\"position\":4,\"name\":\"Motocultoare pe motorin\u0103\",\"item\":\"https:\\\/\\\/kamoto.md\\\/ro\\\/catalog\\\/scule-si-unelte-de-gradinarit\\\/cultivatoare-pe-motorina\\\/\"},{\"@type\":\"ListItem\",\"position\":5,\"name\":\"Motocultor pe motorin\u0103 KAMOTO DC9135E\"}]},{\"@type\":\"WebSite\",\"@id\":\"https:\\\/\\\/kamoto.md\\\/ro\\\/#website\",\"url\":\"https:\\\/\\\/kamoto.md\\\/ro\\\/\",\"name\":\"Kamoto.MD\",\"description\":\"\u0418\u043d\u0442\u0435\u0440\u043d\u0435\u0442 \u043c\u0430\u0433\u0430\u0437\u0438\u043d \u044d\u043b\u0435\u043a\u0442\u0440\u043e\u0438\u043d\u0441\u0442\u0440\u0443\u043c\u0435\u043d\u0442\u0430, \u0441\u0430\u0434\u043e\u0432\u043e\u0439 \u0438 \u0441\u0438\u043b\u043e\u0432\u043e\u0439 \u0442\u0435\u0445\u043d\u0438\u043a\u0438.\",\"publisher\":{\"@id\":\"https:\\\/\\\/kamoto.md\\\/ro\\\/#organization\"},\"potentialAction\":[{\"@type\":\"SearchAction\",\"target\":{\"@type\":\"EntryPoint\",\"urlTemplate\":\"https:\\\/\\\/kamoto.md\\\/ro\\\/?s={search_term_string}\"},\"query-input\":{\"@type\":\"PropertyValueSpecification\",\"valueRequired\":true,\"valueName\":\"search_term_string\"}}],\"inLanguage\":\"ro-RO\"},{\"@type\":\"Organization\",\"@id\":\"https:\\\/\\\/kamoto.md\\\/ro\\\/#organization\",\"name\":\"Kamoto S.R.L.\",\"url\":\"https:\\\/\\\/kamoto.md\\\/ro\\\/\",\"logo\":{\"@type\":\"ImageObject\",\"inLanguage\":\"ro-RO\",\"@id\":\"https:\\\/\\\/kamoto.md\\\/ro\\\/#\\\/schema\\\/logo\\\/image\\\/\",\"url\":\"https:\\\/\\\/kamoto.md\\\/wp-content\\\/uploads\\\/2017\\\/08\\\/logo.png\",\"contentUrl\":\"https:\\\/\\\/kamoto.md\\\/wp-content\\\/uploads\\\/2017\\\/08\\\/logo.png\",\"width\":323,\"height\":50,\"caption\":\"Kamoto S.R.L.\"},\"image\":{\"@id\":\"https:\\\/\\\/kamoto.md\\\/ro\\\/#\\\/schema\\\/logo\\\/image\\\/\"}}]}<\/script>\n<!-- \/ Yoast SEO plugin. -->","yoast_head_json":{"title":"Motocultor pe motorin\u0103 KAMOTO DC9135E % - Kamoto.md %","description":"C\u0103uta\u021bi de unde s\u0103 cump\u0103ra\u021bi un Cultivator ieftin din stoc \u00een Chi\u0219in\u0103u? \u2705Vast\u0103 selec\u021bie \u0219i pre\u021buri mici \u2b50De pe site-ul Kamoto.md pute\u021bi ridica un Cultivator cu garan\u021bie \u2705","robots":{"index":"index","follow":"follow","max-snippet":"max-snippet:-1","max-image-preview":"max-image-preview:large","max-video-preview":"max-video-preview:-1"},"canonical":"https:\/\/kamoto.md\/ro\/shop\/scule-si-unelte-de-gradinarit\/cultivatoare-pe-motorina\/motocultor-pe-motorina-kamoto-dc9135e\/","og_locale":"ro_RO","og_type":"article","og_title":"Motocultor pe motorin\u0103 KAMOTO DC9135E % - Kamoto.md %","og_description":"C\u0103uta\u021bi de unde s\u0103 cump\u0103ra\u021bi un Cultivator ieftin din stoc \u00een Chi\u0219in\u0103u? \u2705Vast\u0103 selec\u021bie \u0219i pre\u021buri mici \u2b50De pe site-ul Kamoto.md pute\u021bi ridica un Cultivator cu garan\u021bie \u2705","og_url":"https:\/\/kamoto.md\/ro\/shop\/scule-si-unelte-de-gradinarit\/cultivatoare-pe-motorina\/motocultor-pe-motorina-kamoto-dc9135e\/","og_site_name":"Kamoto.md","article_modified_time":"2026-02-27T10:33:19+00:00","og_image":[{"width":1000,"height":1000,"url":"https:\/\/kamoto.md\/wp-content\/uploads\/2021\/05\/logo2.png","type":"image\/png"}],"twitter_card":"summary_large_image","twitter_misc":{"Timp estimat pentru citire":"1 minut"},"schema":{"@context":"https:\/\/schema.org","@graph":[{"@type":["WebPage","ItemPage"],"@id":"https:\/\/kamoto.md\/ro\/shop\/scule-si-unelte-de-gradinarit\/cultivatoare-pe-motorina\/motocultor-pe-motorina-kamoto-dc9135e\/","url":"https:\/\/kamoto.md\/ro\/shop\/scule-si-unelte-de-gradinarit\/cultivatoare-pe-motorina\/motocultor-pe-motorina-kamoto-dc9135e\/","name":"Motocultor pe motorin\u0103 KAMOTO DC9135E % - Kamoto.md %","isPartOf":{"@id":"https:\/\/kamoto.md\/ro\/#website"},"primaryImageOfPage":{"@id":"https:\/\/kamoto.md\/ro\/shop\/scule-si-unelte-de-gradinarit\/cultivatoare-pe-motorina\/motocultor-pe-motorina-kamoto-dc9135e\/#primaryimage"},"image":{"@id":"https:\/\/kamoto.md\/ro\/shop\/scule-si-unelte-de-gradinarit\/cultivatoare-pe-motorina\/motocultor-pe-motorina-kamoto-dc9135e\/#primaryimage"},"thumbnailUrl":"https:\/\/kamoto.md\/wp-content\/uploads\/2022\/10\/IMG_8168-scaled.jpg","datePublished":"2022-10-23T16:48:19+00:00","dateModified":"2026-02-27T10:33:19+00:00","description":"C\u0103uta\u021bi de unde s\u0103 cump\u0103ra\u021bi un Cultivator ieftin din stoc \u00een Chi\u0219in\u0103u? \u2705Vast\u0103 selec\u021bie \u0219i pre\u021buri mici \u2b50De pe site-ul Kamoto.md pute\u021bi ridica un Cultivator cu garan\u021bie \u2705","breadcrumb":{"@id":"https:\/\/kamoto.md\/ro\/shop\/scule-si-unelte-de-gradinarit\/cultivatoare-pe-motorina\/motocultor-pe-motorina-kamoto-dc9135e\/#breadcrumb"},"inLanguage":"ro-RO","potentialAction":[{"@type":"ReadAction","target":["https:\/\/kamoto.md\/ro\/shop\/scule-si-unelte-de-gradinarit\/cultivatoare-pe-motorina\/motocultor-pe-motorina-kamoto-dc9135e\/"]}]},{"@type":"ImageObject","inLanguage":"ro-RO","@id":"https:\/\/kamoto.md\/ro\/shop\/scule-si-unelte-de-gradinarit\/cultivatoare-pe-motorina\/motocultor-pe-motorina-kamoto-dc9135e\/#primaryimage","url":"https:\/\/kamoto.md\/wp-content\/uploads\/2022\/10\/IMG_8168-scaled.jpg","contentUrl":"https:\/\/kamoto.md\/wp-content\/uploads\/2022\/10\/IMG_8168-scaled.jpg","width":2560,"height":1829},{"@type":"BreadcrumbList","@id":"https:\/\/kamoto.md\/ro\/shop\/scule-si-unelte-de-gradinarit\/cultivatoare-pe-motorina\/motocultor-pe-motorina-kamoto-dc9135e\/#breadcrumb","itemListElement":[{"@type":"ListItem","position":1,"name":"\u0413\u043b\u0430\u0432\u043d\u0430\u044f \u0441\u0442\u0440\u0430\u043d\u0438\u0446\u0430","item":"https:\/\/kamoto.md\/ro\/"},{"@type":"ListItem","position":2,"name":"Catalog","item":"https:\/\/kamoto.md\/ro\/catalog\/"},{"@type":"ListItem","position":3,"name":"Instrumente \u0219i unelte de gr\u0103din\u0103rit","item":"https:\/\/kamoto.md\/ro\/catalog\/scule-si-unelte-de-gradinarit\/"},{"@type":"ListItem","position":4,"name":"Motocultoare pe motorin\u0103","item":"https:\/\/kamoto.md\/ro\/catalog\/scule-si-unelte-de-gradinarit\/cultivatoare-pe-motorina\/"},{"@type":"ListItem","position":5,"name":"Motocultor pe motorin\u0103 KAMOTO DC9135E"}]},{"@type":"WebSite","@id":"https:\/\/kamoto.md\/ro\/#website","url":"https:\/\/kamoto.md\/ro\/","name":"Kamoto.MD","description":"\u0418\u043d\u0442\u0435\u0440\u043d\u0435\u0442 \u043c\u0430\u0433\u0430\u0437\u0438\u043d \u044d\u043b\u0435\u043a\u0442\u0440\u043e\u0438\u043d\u0441\u0442\u0440\u0443\u043c\u0435\u043d\u0442\u0430, \u0441\u0430\u0434\u043e\u0432\u043e\u0439 \u0438 \u0441\u0438\u043b\u043e\u0432\u043e\u0439 \u0442\u0435\u0445\u043d\u0438\u043a\u0438.","publisher":{"@id":"https:\/\/kamoto.md\/ro\/#organization"},"potentialAction":[{"@type":"SearchAction","target":{"@type":"EntryPoint","urlTemplate":"https:\/\/kamoto.md\/ro\/?s={search_term_string}"},"query-input":{"@type":"PropertyValueSpecification","valueRequired":true,"valueName":"search_term_string"}}],"inLanguage":"ro-RO"},{"@type":"Organization","@id":"https:\/\/kamoto.md\/ro\/#organization","name":"Kamoto S.R.L.","url":"https:\/\/kamoto.md\/ro\/","logo":{"@type":"ImageObject","inLanguage":"ro-RO","@id":"https:\/\/kamoto.md\/ro\/#\/schema\/logo\/image\/","url":"https:\/\/kamoto.md\/wp-content\/uploads\/2017\/08\/logo.png","contentUrl":"https:\/\/kamoto.md\/wp-content\/uploads\/2017\/08\/logo.png","width":323,"height":50,"caption":"Kamoto S.R.L."},"image":{"@id":"https:\/\/kamoto.md\/ro\/#\/schema\/logo\/image\/"}}]}},"_links":{"self":[{"href":"https:\/\/kamoto.md\/ro\/wp-json\/wp\/v2\/product\/11415","targetHints":{"allow":["GET"]}}],"collection":[{"href":"https:\/\/kamoto.md\/ro\/wp-json\/wp\/v2\/product"}],"about":[{"href":"https:\/\/kamoto.md\/ro\/wp-json\/wp\/v2\/types\/product"}],"wp:featuredmedia":[{"embeddable":true,"href":"https:\/\/kamoto.md\/ro\/wp-json\/wp\/v2\/media\/11321"}],"wp:attachment":[{"href":"https:\/\/kamoto.md\/ro\/wp-json\/wp\/v2\/media?parent=11415"}],"wp:term":[{"taxonomy":"product_brand","embeddable":true,"href":"https:\/\/kamoto.md\/ro\/wp-json\/wp\/v2\/product_brand?post=11415"},{"taxonomy":"product_cat","embeddable":true,"href":"https:\/\/kamoto.md\/ro\/wp-json\/wp\/v2\/product_cat?post=11415"},{"taxonomy":"product_tag","embeddable":true,"href":"https:\/\/kamoto.md\/ro\/wp-json\/wp\/v2\/product_tag?post=11415"}],"curies":[{"name":"wp","href":"https:\/\/api.w.org\/{rel}","templated":true}]}}