{"id":11421,"date":"2021-11-25T23:04:05","date_gmt":"2021-11-25T21:04:05","guid":{"rendered":"https:\/\/kamoto.md\/shop\/fara-categorie\/dizelnaya-teplovaya-pushka-kamoto-idh30a\/"},"modified":"2026-03-27T14:25:09","modified_gmt":"2026-03-27T12:25:09","slug":"aeroterm-pe-motorin-kamoto-idh30a","status":"publish","type":"product","link":"https:\/\/kamoto.md\/ro\/shop\/tehnica-de-climatizare\/tunuri-de-caldura-pe-motorina\/aeroterm-pe-motorin-kamoto-idh30a\/","title":{"rendered":"Aeroterm\u0103 pe motorin\u0103 KAMOTO IDH30A"},"content":{"rendered":"<p>Aeroterm\u0103 pe motorin\u0103 KAMOTO IDH30A cu motorin\u0103 indirect\u0103 este proiectat pentru \u00eenc\u0103lzirea spa\u021biilor cu prezen\u021b\u0103 permanent\u0103 sau pe termen lung a persoanelor.<\/p>\n<p>Combustibilul arde aproape complet \u00een camera de ardere, \u00eenc\u0103lzind schimb\u0103torul de c\u0103ldur\u0103 multicircuit cu aer. Aerul care sufl\u0103 peste schimb\u0103torul de c\u0103ldur\u0103 fierbinte este expulzat \u00een \u00eenc\u0103pere. Produsele de ardere sunt evacuate printr-un orificiu de ventila\u021bie \u00een partea superioar\u0103 a carcasei.<\/p>\n<p>Echipat cu recunoa\u0219tere automat\u0103 a defec\u021biunilor, control \u0219i reglare a fl\u0103c\u0103rii, protec\u021bie la supra\u00eenc\u0103lzire. Temperatura de ie\u0219ire este reglat\u0103 prin intermediul unui termostat \u00eencorporat \u0219i al unui termostat extern.<\/p>\n<p>Avantaje:<br \/>\n&#8211; \u00cenc\u0103lzire sigur\u0103 a \u00eenc\u0103perilor ocupate permanent;<br \/>\n&#8211; Eficien\u021b\u0103 ridicat\u0103;<br \/>\n&#8211; Sisteme de men\u021binere a temperaturii;<br \/>\n&#8211; Manometru \u00eencorporat;<br \/>\n&#8211; Senzor de nivel al combustibilului;<br \/>\n&#8211; \u00centre\u021binere u\u0219oar\u0103;<br \/>\n&#8211; Termostat \u00eencorporat \u0219i termostat extern.<\/p>\n","protected":false},"excerpt":{"rendered":"<p>Tip combustibil: motorin\u0103\/cherosen<br \/>\nTip de \u00eenc\u0103lzire: \u00eenc\u0103lzire indirect\u0103 (indirect\u0103)<br \/>\nPutere termic\u0103: 30 kW<br \/>\nTensiune: 220\/50 V\/Hz<br \/>\nPuterea motorului: 340 W<br \/>\nDebit de aer: 750 m3\/h<br \/>\nSuprafa\u021ba de \u00eenc\u0103lzire: ~250 m2<br \/>\nConsum de combustibil: 2,4 litri\/or\u0103<br \/>\nPresiunea de lucru: 0,38 bar<br \/>\nConsum de curent: 1,5 A<br \/>\nCapacitatea rezervorului: 56 litri<br \/>\nSistem de reglare a puterii: Da<br \/>\nAfi\u0219aj digital al temperaturii setate (A): Verificare<br \/>\nAfi\u0219aj digital de diagnosticare: Da<br \/>\nSistem de protec\u021bie \u00eempotriva supra\u00eenc\u0103lzirii: Da<br \/>\nSistem de protec\u021bie \u00eempotriva scurgerilor de combustibil: Da<br \/>\nTermostat (\u00eencorporat): Da<br \/>\nCompletitudine:<br \/>\nGenerator de c\u0103ldur\u0103 diesel: 1 buc.<br \/>\nTermostat (extern): 1 buc.<br \/>\nLungimea cablului termostatului: 9,5 m<br \/>\nRoat\u0103: 2 buc.<br \/>\nCadru: 1 buc.<br \/>\nM\u00e2ner: 1 buc.<br \/>\nInstruc\u021biuni de utilizare: 1 buc.<\/p>\n","protected":false},"featured_media":11483,"template":"","meta":[],"product_brand":[],"product_cat":[353],"product_tag":[],"class_list":{"0":"post-11421","1":"product","2":"type-product","3":"status-publish","4":"has-post-thumbnail","6":"product_cat-tunuri-de-caldura-pe-motorina","8":"first","9":"instock","10":"shipping-taxable","11":"purchasable","12":"product-type-simple"},"yoast_head":"<!-- This site is optimized with the Yoast SEO plugin v27.3 - https:\/\/yoast.com\/product\/yoast-seo-wordpress\/ -->\n<title>Aeroterme pe motorin\u0103 - Aeroterm\u0103 pe motorin\u0103 KAMOTO IDH30A - Kamoto.md<\/title>\n<meta name=\"robots\" content=\"index, follow, max-snippet:-1, max-image-preview:large, max-video-preview:-1\" \/>\n<link rel=\"canonical\" href=\"https:\/\/kamoto.md\/ro\/shop\/tehnica-de-climatizare\/tunuri-de-caldura-pe-motorina\/aeroterm-pe-motorin-kamoto-idh30a\/\" \/>\n<meta property=\"og:locale\" content=\"ro_RO\" \/>\n<meta property=\"og:type\" content=\"article\" \/>\n<meta property=\"og:title\" content=\"Aeroterme pe motorin\u0103 - Aeroterm\u0103 pe motorin\u0103 KAMOTO IDH30A - Kamoto.md\" \/>\n<meta property=\"og:description\" content=\"Tip combustibil: motorin\u0103\/cherosen Tip de \u00eenc\u0103lzire: \u00eenc\u0103lzire indirect\u0103 (indirect\u0103) Putere termic\u0103: 30 kW Tensiune: 220\/50 V\/Hz Puterea motorului: 340 W Debit de aer: 750 m3\/h Suprafa\u021ba de \u00eenc\u0103lzire: ~250 m2 Consum de combustibil: 2,4 litri\/or\u0103 Presiunea de lucru: 0,38 bar Consum de curent: 1,5 A Capacitatea rezervorului: 56 litri Sistem de reglare a puterii: Da Afi\u0219aj digital al temperaturii setate (A): Verificare Afi\u0219aj digital de diagnosticare: Da Sistem de protec\u021bie \u00eempotriva supra\u00eenc\u0103lzirii: Da Sistem de protec\u021bie \u00eempotriva scurgerilor de combustibil: Da Termostat (\u00eencorporat): Da Completitudine: Generator de c\u0103ldur\u0103 diesel: 1 buc. Termostat (extern): 1 buc. Lungimea cablului termostatului: 9,5 m Roat\u0103: 2 buc. Cadru: 1 buc. M\u00e2ner: 1 buc. Instruc\u021biuni de utilizare: 1 buc.\" \/>\n<meta property=\"og:url\" content=\"https:\/\/kamoto.md\/ro\/shop\/tehnica-de-climatizare\/tunuri-de-caldura-pe-motorina\/aeroterm-pe-motorin-kamoto-idh30a\/\" \/>\n<meta property=\"og:site_name\" content=\"Kamoto.md\" \/>\n<meta property=\"article:modified_time\" content=\"2026-03-27T12:25:09+00:00\" \/>\n<meta property=\"og:image\" content=\"https:\/\/kamoto.md\/wp-content\/uploads\/2021\/05\/logo2.png\" \/>\n\t<meta property=\"og:image:width\" content=\"1000\" \/>\n\t<meta property=\"og:image:height\" content=\"1000\" \/>\n\t<meta property=\"og:image:type\" content=\"image\/png\" \/>\n<meta name=\"twitter:card\" content=\"summary_large_image\" \/>\n<meta name=\"twitter:label1\" content=\"Timp estimat pentru citire\" \/>\n\t<meta name=\"twitter:data1\" content=\"1 minut\" \/>\n<script type=\"application\/ld+json\" class=\"yoast-schema-graph\">{\"@context\":\"https:\\\/\\\/schema.org\",\"@graph\":[{\"@type\":[\"WebPage\",\"ItemPage\"],\"@id\":\"https:\\\/\\\/kamoto.md\\\/ro\\\/shop\\\/tehnica-de-climatizare\\\/tunuri-de-caldura-pe-motorina\\\/aeroterm-pe-motorin-kamoto-idh30a\\\/\",\"url\":\"https:\\\/\\\/kamoto.md\\\/ro\\\/shop\\\/tehnica-de-climatizare\\\/tunuri-de-caldura-pe-motorina\\\/aeroterm-pe-motorin-kamoto-idh30a\\\/\",\"name\":\"Aeroterme pe motorin\u0103 - Aeroterm\u0103 pe motorin\u0103 KAMOTO IDH30A - Kamoto.md\",\"isPartOf\":{\"@id\":\"https:\\\/\\\/kamoto.md\\\/ro\\\/#website\"},\"primaryImageOfPage\":{\"@id\":\"https:\\\/\\\/kamoto.md\\\/ro\\\/shop\\\/tehnica-de-climatizare\\\/tunuri-de-caldura-pe-motorina\\\/aeroterm-pe-motorin-kamoto-idh30a\\\/#primaryimage\"},\"image\":{\"@id\":\"https:\\\/\\\/kamoto.md\\\/ro\\\/shop\\\/tehnica-de-climatizare\\\/tunuri-de-caldura-pe-motorina\\\/aeroterm-pe-motorin-kamoto-idh30a\\\/#primaryimage\"},\"thumbnailUrl\":\"https:\\\/\\\/kamoto.md\\\/wp-content\\\/uploads\\\/2021\\\/11\\\/Dizelnaya-teplovaya-pushka-Kamoto-IDH30.jpg\",\"datePublished\":\"2021-11-25T21:04:05+00:00\",\"dateModified\":\"2026-03-27T12:25:09+00:00\",\"breadcrumb\":{\"@id\":\"https:\\\/\\\/kamoto.md\\\/ro\\\/shop\\\/tehnica-de-climatizare\\\/tunuri-de-caldura-pe-motorina\\\/aeroterm-pe-motorin-kamoto-idh30a\\\/#breadcrumb\"},\"inLanguage\":\"ro-RO\",\"potentialAction\":[{\"@type\":\"ReadAction\",\"target\":[\"https:\\\/\\\/kamoto.md\\\/ro\\\/shop\\\/tehnica-de-climatizare\\\/tunuri-de-caldura-pe-motorina\\\/aeroterm-pe-motorin-kamoto-idh30a\\\/\"]}]},{\"@type\":\"ImageObject\",\"inLanguage\":\"ro-RO\",\"@id\":\"https:\\\/\\\/kamoto.md\\\/ro\\\/shop\\\/tehnica-de-climatizare\\\/tunuri-de-caldura-pe-motorina\\\/aeroterm-pe-motorin-kamoto-idh30a\\\/#primaryimage\",\"url\":\"https:\\\/\\\/kamoto.md\\\/wp-content\\\/uploads\\\/2021\\\/11\\\/Dizelnaya-teplovaya-pushka-Kamoto-IDH30.jpg\",\"contentUrl\":\"https:\\\/\\\/kamoto.md\\\/wp-content\\\/uploads\\\/2021\\\/11\\\/Dizelnaya-teplovaya-pushka-Kamoto-IDH30.jpg\",\"width\":1000,\"height\":1000},{\"@type\":\"BreadcrumbList\",\"@id\":\"https:\\\/\\\/kamoto.md\\\/ro\\\/shop\\\/tehnica-de-climatizare\\\/tunuri-de-caldura-pe-motorina\\\/aeroterm-pe-motorin-kamoto-idh30a\\\/#breadcrumb\",\"itemListElement\":[{\"@type\":\"ListItem\",\"position\":1,\"name\":\"\u0413\u043b\u0430\u0432\u043d\u0430\u044f \u0441\u0442\u0440\u0430\u043d\u0438\u0446\u0430\",\"item\":\"https:\\\/\\\/kamoto.md\\\/ro\\\/\"},{\"@type\":\"ListItem\",\"position\":2,\"name\":\"Catalog\",\"item\":\"https:\\\/\\\/kamoto.md\\\/ro\\\/catalog\\\/\"},{\"@type\":\"ListItem\",\"position\":3,\"name\":\"Tehnic\u0103 de climatizare\",\"item\":\"https:\\\/\\\/kamoto.md\\\/ro\\\/catalog\\\/tehnica-de-climatizare\\\/\"},{\"@type\":\"ListItem\",\"position\":4,\"name\":\"Aeroterme pe motorin\u0103\",\"item\":\"https:\\\/\\\/kamoto.md\\\/ro\\\/catalog\\\/tehnica-de-climatizare\\\/tunuri-de-caldura-pe-motorina\\\/\"},{\"@type\":\"ListItem\",\"position\":5,\"name\":\"Aeroterm\u0103 pe motorin\u0103 KAMOTO IDH30A\"}]},{\"@type\":\"WebSite\",\"@id\":\"https:\\\/\\\/kamoto.md\\\/ro\\\/#website\",\"url\":\"https:\\\/\\\/kamoto.md\\\/ro\\\/\",\"name\":\"Kamoto.MD\",\"description\":\"\u0418\u043d\u0442\u0435\u0440\u043d\u0435\u0442 \u043c\u0430\u0433\u0430\u0437\u0438\u043d \u044d\u043b\u0435\u043a\u0442\u0440\u043e\u0438\u043d\u0441\u0442\u0440\u0443\u043c\u0435\u043d\u0442\u0430, \u0441\u0430\u0434\u043e\u0432\u043e\u0439 \u0438 \u0441\u0438\u043b\u043e\u0432\u043e\u0439 \u0442\u0435\u0445\u043d\u0438\u043a\u0438.\",\"publisher\":{\"@id\":\"https:\\\/\\\/kamoto.md\\\/ro\\\/#organization\"},\"potentialAction\":[{\"@type\":\"SearchAction\",\"target\":{\"@type\":\"EntryPoint\",\"urlTemplate\":\"https:\\\/\\\/kamoto.md\\\/ro\\\/?s={search_term_string}\"},\"query-input\":{\"@type\":\"PropertyValueSpecification\",\"valueRequired\":true,\"valueName\":\"search_term_string\"}}],\"inLanguage\":\"ro-RO\"},{\"@type\":\"Organization\",\"@id\":\"https:\\\/\\\/kamoto.md\\\/ro\\\/#organization\",\"name\":\"Kamoto S.R.L.\",\"url\":\"https:\\\/\\\/kamoto.md\\\/ro\\\/\",\"logo\":{\"@type\":\"ImageObject\",\"inLanguage\":\"ro-RO\",\"@id\":\"https:\\\/\\\/kamoto.md\\\/ro\\\/#\\\/schema\\\/logo\\\/image\\\/\",\"url\":\"https:\\\/\\\/kamoto.md\\\/wp-content\\\/uploads\\\/2017\\\/08\\\/logo.png\",\"contentUrl\":\"https:\\\/\\\/kamoto.md\\\/wp-content\\\/uploads\\\/2017\\\/08\\\/logo.png\",\"width\":323,\"height\":50,\"caption\":\"Kamoto S.R.L.\"},\"image\":{\"@id\":\"https:\\\/\\\/kamoto.md\\\/ro\\\/#\\\/schema\\\/logo\\\/image\\\/\"}}]}<\/script>\n<!-- \/ Yoast SEO plugin. -->","yoast_head_json":{"title":"Aeroterme pe motorin\u0103 - Aeroterm\u0103 pe motorin\u0103 KAMOTO IDH30A - Kamoto.md","robots":{"index":"index","follow":"follow","max-snippet":"max-snippet:-1","max-image-preview":"max-image-preview:large","max-video-preview":"max-video-preview:-1"},"canonical":"https:\/\/kamoto.md\/ro\/shop\/tehnica-de-climatizare\/tunuri-de-caldura-pe-motorina\/aeroterm-pe-motorin-kamoto-idh30a\/","og_locale":"ro_RO","og_type":"article","og_title":"Aeroterme pe motorin\u0103 - Aeroterm\u0103 pe motorin\u0103 KAMOTO IDH30A - Kamoto.md","og_description":"Tip combustibil: motorin\u0103\/cherosen Tip de \u00eenc\u0103lzire: \u00eenc\u0103lzire indirect\u0103 (indirect\u0103) Putere termic\u0103: 30 kW Tensiune: 220\/50 V\/Hz Puterea motorului: 340 W Debit de aer: 750 m3\/h Suprafa\u021ba de \u00eenc\u0103lzire: ~250 m2 Consum de combustibil: 2,4 litri\/or\u0103 Presiunea de lucru: 0,38 bar Consum de curent: 1,5 A Capacitatea rezervorului: 56 litri Sistem de reglare a puterii: Da Afi\u0219aj digital al temperaturii setate (A): Verificare Afi\u0219aj digital de diagnosticare: Da Sistem de protec\u021bie \u00eempotriva supra\u00eenc\u0103lzirii: Da Sistem de protec\u021bie \u00eempotriva scurgerilor de combustibil: Da Termostat (\u00eencorporat): Da Completitudine: Generator de c\u0103ldur\u0103 diesel: 1 buc. Termostat (extern): 1 buc. Lungimea cablului termostatului: 9,5 m Roat\u0103: 2 buc. Cadru: 1 buc. M\u00e2ner: 1 buc. Instruc\u021biuni de utilizare: 1 buc.","og_url":"https:\/\/kamoto.md\/ro\/shop\/tehnica-de-climatizare\/tunuri-de-caldura-pe-motorina\/aeroterm-pe-motorin-kamoto-idh30a\/","og_site_name":"Kamoto.md","article_modified_time":"2026-03-27T12:25:09+00:00","og_image":[{"width":1000,"height":1000,"url":"https:\/\/kamoto.md\/wp-content\/uploads\/2021\/05\/logo2.png","type":"image\/png"}],"twitter_card":"summary_large_image","twitter_misc":{"Timp estimat pentru citire":"1 minut"},"schema":{"@context":"https:\/\/schema.org","@graph":[{"@type":["WebPage","ItemPage"],"@id":"https:\/\/kamoto.md\/ro\/shop\/tehnica-de-climatizare\/tunuri-de-caldura-pe-motorina\/aeroterm-pe-motorin-kamoto-idh30a\/","url":"https:\/\/kamoto.md\/ro\/shop\/tehnica-de-climatizare\/tunuri-de-caldura-pe-motorina\/aeroterm-pe-motorin-kamoto-idh30a\/","name":"Aeroterme pe motorin\u0103 - Aeroterm\u0103 pe motorin\u0103 KAMOTO IDH30A - Kamoto.md","isPartOf":{"@id":"https:\/\/kamoto.md\/ro\/#website"},"primaryImageOfPage":{"@id":"https:\/\/kamoto.md\/ro\/shop\/tehnica-de-climatizare\/tunuri-de-caldura-pe-motorina\/aeroterm-pe-motorin-kamoto-idh30a\/#primaryimage"},"image":{"@id":"https:\/\/kamoto.md\/ro\/shop\/tehnica-de-climatizare\/tunuri-de-caldura-pe-motorina\/aeroterm-pe-motorin-kamoto-idh30a\/#primaryimage"},"thumbnailUrl":"https:\/\/kamoto.md\/wp-content\/uploads\/2021\/11\/Dizelnaya-teplovaya-pushka-Kamoto-IDH30.jpg","datePublished":"2021-11-25T21:04:05+00:00","dateModified":"2026-03-27T12:25:09+00:00","breadcrumb":{"@id":"https:\/\/kamoto.md\/ro\/shop\/tehnica-de-climatizare\/tunuri-de-caldura-pe-motorina\/aeroterm-pe-motorin-kamoto-idh30a\/#breadcrumb"},"inLanguage":"ro-RO","potentialAction":[{"@type":"ReadAction","target":["https:\/\/kamoto.md\/ro\/shop\/tehnica-de-climatizare\/tunuri-de-caldura-pe-motorina\/aeroterm-pe-motorin-kamoto-idh30a\/"]}]},{"@type":"ImageObject","inLanguage":"ro-RO","@id":"https:\/\/kamoto.md\/ro\/shop\/tehnica-de-climatizare\/tunuri-de-caldura-pe-motorina\/aeroterm-pe-motorin-kamoto-idh30a\/#primaryimage","url":"https:\/\/kamoto.md\/wp-content\/uploads\/2021\/11\/Dizelnaya-teplovaya-pushka-Kamoto-IDH30.jpg","contentUrl":"https:\/\/kamoto.md\/wp-content\/uploads\/2021\/11\/Dizelnaya-teplovaya-pushka-Kamoto-IDH30.jpg","width":1000,"height":1000},{"@type":"BreadcrumbList","@id":"https:\/\/kamoto.md\/ro\/shop\/tehnica-de-climatizare\/tunuri-de-caldura-pe-motorina\/aeroterm-pe-motorin-kamoto-idh30a\/#breadcrumb","itemListElement":[{"@type":"ListItem","position":1,"name":"\u0413\u043b\u0430\u0432\u043d\u0430\u044f \u0441\u0442\u0440\u0430\u043d\u0438\u0446\u0430","item":"https:\/\/kamoto.md\/ro\/"},{"@type":"ListItem","position":2,"name":"Catalog","item":"https:\/\/kamoto.md\/ro\/catalog\/"},{"@type":"ListItem","position":3,"name":"Tehnic\u0103 de climatizare","item":"https:\/\/kamoto.md\/ro\/catalog\/tehnica-de-climatizare\/"},{"@type":"ListItem","position":4,"name":"Aeroterme pe motorin\u0103","item":"https:\/\/kamoto.md\/ro\/catalog\/tehnica-de-climatizare\/tunuri-de-caldura-pe-motorina\/"},{"@type":"ListItem","position":5,"name":"Aeroterm\u0103 pe motorin\u0103 KAMOTO IDH30A"}]},{"@type":"WebSite","@id":"https:\/\/kamoto.md\/ro\/#website","url":"https:\/\/kamoto.md\/ro\/","name":"Kamoto.MD","description":"\u0418\u043d\u0442\u0435\u0440\u043d\u0435\u0442 \u043c\u0430\u0433\u0430\u0437\u0438\u043d \u044d\u043b\u0435\u043a\u0442\u0440\u043e\u0438\u043d\u0441\u0442\u0440\u0443\u043c\u0435\u043d\u0442\u0430, \u0441\u0430\u0434\u043e\u0432\u043e\u0439 \u0438 \u0441\u0438\u043b\u043e\u0432\u043e\u0439 \u0442\u0435\u0445\u043d\u0438\u043a\u0438.","publisher":{"@id":"https:\/\/kamoto.md\/ro\/#organization"},"potentialAction":[{"@type":"SearchAction","target":{"@type":"EntryPoint","urlTemplate":"https:\/\/kamoto.md\/ro\/?s={search_term_string}"},"query-input":{"@type":"PropertyValueSpecification","valueRequired":true,"valueName":"search_term_string"}}],"inLanguage":"ro-RO"},{"@type":"Organization","@id":"https:\/\/kamoto.md\/ro\/#organization","name":"Kamoto S.R.L.","url":"https:\/\/kamoto.md\/ro\/","logo":{"@type":"ImageObject","inLanguage":"ro-RO","@id":"https:\/\/kamoto.md\/ro\/#\/schema\/logo\/image\/","url":"https:\/\/kamoto.md\/wp-content\/uploads\/2017\/08\/logo.png","contentUrl":"https:\/\/kamoto.md\/wp-content\/uploads\/2017\/08\/logo.png","width":323,"height":50,"caption":"Kamoto S.R.L."},"image":{"@id":"https:\/\/kamoto.md\/ro\/#\/schema\/logo\/image\/"}}]}},"_links":{"self":[{"href":"https:\/\/kamoto.md\/ro\/wp-json\/wp\/v2\/product\/11421","targetHints":{"allow":["GET"]}}],"collection":[{"href":"https:\/\/kamoto.md\/ro\/wp-json\/wp\/v2\/product"}],"about":[{"href":"https:\/\/kamoto.md\/ro\/wp-json\/wp\/v2\/types\/product"}],"wp:featuredmedia":[{"embeddable":true,"href":"https:\/\/kamoto.md\/ro\/wp-json\/wp\/v2\/media\/11483"}],"wp:attachment":[{"href":"https:\/\/kamoto.md\/ro\/wp-json\/wp\/v2\/media?parent=11421"}],"wp:term":[{"taxonomy":"product_brand","embeddable":true,"href":"https:\/\/kamoto.md\/ro\/wp-json\/wp\/v2\/product_brand?post=11421"},{"taxonomy":"product_cat","embeddable":true,"href":"https:\/\/kamoto.md\/ro\/wp-json\/wp\/v2\/product_cat?post=11421"},{"taxonomy":"product_tag","embeddable":true,"href":"https:\/\/kamoto.md\/ro\/wp-json\/wp\/v2\/product_tag?post=11421"}],"curies":[{"name":"wp","href":"https:\/\/api.w.org\/{rel}","templated":true}]}}