{"id":12472,"date":"2025-01-31T14:12:29","date_gmt":"2025-01-31T12:12:29","guid":{"rendered":"https:\/\/kamoto.md\/?post_type=product&#038;p=12472"},"modified":"2026-02-26T13:41:20","modified_gmt":"2026-02-26T11:41:20","slug":"ulei-motor-kamoto-prefix-4t-10w-40","status":"publish","type":"product","link":"https:\/\/kamoto.md\/ro\/shop\/accesorii\/uleiuri\/ulei-motor-kamoto-prefix-4t-10w-40\/","title":{"rendered":"Ulei Motor KAMOTO PREFIX 4T 10W-40"},"content":{"rendered":"<p>Ulei Motor KAMOTO PREFIX 4T 10W-40<\/p>\n<p>Uleiul de motor este semisintetic \u0219i este conceput pentru motoarele diesel \u0219i pe benzin\u0103 ale ma\u0219inilor \u0219i furgonetelor, inclusiv cele echipate cu turbocompresor sau sistem de injec\u021bie direct\u0103 de combustibil.<br \/>\nPoate fi folosit la motoarele pe benzin\u0103 care necesit\u0103 ulei s\u0103 \u00eendeplineasc\u0103 clasific\u0103rile API SM\/CF sau ACEA A3\/B4.<\/p>\n","protected":false},"excerpt":{"rendered":"<p>API SL\/CF<br \/>\nJASO-SG<br \/>\nACEA A3\/B4-A3, B3-16<\/p>\n","protected":false},"featured_media":12467,"template":"","meta":[],"product_brand":[],"product_cat":[280],"product_tag":[],"class_list":{"0":"post-12472","1":"product","2":"type-product","3":"status-publish","4":"has-post-thumbnail","6":"product_cat-uleiuri","8":"first","9":"instock","10":"shipping-taxable","11":"purchasable","12":"product-type-simple"},"yoast_head":"<!-- This site is optimized with the Yoast SEO plugin v27.3 - https:\/\/yoast.com\/product\/yoast-seo-wordpress\/ -->\n<title>Uleiuri - Ulei Motor KAMOTO PREFIX 4T 10W-40 - Kamoto.md<\/title>\n<meta name=\"description\" content=\"Uleiul de motor este semisintetic \u0219i este conceput pentru motoarele diesel \u0219i pe benzin\u0103 ale ma\u0219inilor \u0219i furgonetelor, inclusiv cele echipate cu turbocompresor sau sistem de injec\u021bie direct\u0103 de combustibil.Poate fi folosit la motoarele pe benzin\u0103 care necesit\u0103 ulei s\u0103 \u00eendeplineasc\u0103 clasific\u0103rile API SM\/CF sau ACEA A3\/B4.\" \/>\n<meta name=\"robots\" content=\"index, follow, max-snippet:-1, max-image-preview:large, max-video-preview:-1\" \/>\n<link rel=\"canonical\" href=\"https:\/\/kamoto.md\/ro\/shop\/accesorii\/uleiuri\/ulei-motor-kamoto-prefix-4t-10w-40\/\" \/>\n<meta property=\"og:locale\" content=\"ro_RO\" \/>\n<meta property=\"og:type\" content=\"article\" \/>\n<meta property=\"og:title\" content=\"Uleiuri - Ulei Motor KAMOTO PREFIX 4T 10W-40 - Kamoto.md\" \/>\n<meta property=\"og:description\" content=\"Uleiul de motor este semisintetic \u0219i este conceput pentru motoarele diesel \u0219i pe benzin\u0103 ale ma\u0219inilor \u0219i furgonetelor, inclusiv cele echipate cu turbocompresor sau sistem de injec\u021bie direct\u0103 de combustibil.Poate fi folosit la motoarele pe benzin\u0103 care necesit\u0103 ulei s\u0103 \u00eendeplineasc\u0103 clasific\u0103rile API SM\/CF sau ACEA A3\/B4.\" \/>\n<meta property=\"og:url\" content=\"https:\/\/kamoto.md\/ro\/shop\/accesorii\/uleiuri\/ulei-motor-kamoto-prefix-4t-10w-40\/\" \/>\n<meta property=\"og:site_name\" content=\"Kamoto.md\" \/>\n<meta property=\"article:modified_time\" content=\"2026-02-26T11:41:20+00:00\" \/>\n<meta property=\"og:image\" content=\"https:\/\/kamoto.md\/wp-content\/uploads\/2025\/01\/Bezymyannyj-8.jpg\" \/>\n\t<meta property=\"og:image:width\" content=\"1000\" \/>\n\t<meta property=\"og:image:height\" content=\"1000\" \/>\n\t<meta property=\"og:image:type\" content=\"image\/jpeg\" \/>\n<meta name=\"twitter:card\" content=\"summary_large_image\" \/>\n<meta name=\"twitter:label1\" content=\"Timp estimat pentru citire\" \/>\n\t<meta name=\"twitter:data1\" content=\"1 minut\" \/>\n<script type=\"application\/ld+json\" class=\"yoast-schema-graph\">{\"@context\":\"https:\\\/\\\/schema.org\",\"@graph\":[{\"@type\":[\"WebPage\",\"ItemPage\"],\"@id\":\"https:\\\/\\\/kamoto.md\\\/ro\\\/shop\\\/accesorii\\\/uleiuri\\\/ulei-motor-kamoto-prefix-4t-10w-40\\\/\",\"url\":\"https:\\\/\\\/kamoto.md\\\/ro\\\/shop\\\/accesorii\\\/uleiuri\\\/ulei-motor-kamoto-prefix-4t-10w-40\\\/\",\"name\":\"Uleiuri - Ulei Motor KAMOTO PREFIX 4T 10W-40 - Kamoto.md\",\"isPartOf\":{\"@id\":\"https:\\\/\\\/kamoto.md\\\/ro\\\/#website\"},\"primaryImageOfPage\":{\"@id\":\"https:\\\/\\\/kamoto.md\\\/ro\\\/shop\\\/accesorii\\\/uleiuri\\\/ulei-motor-kamoto-prefix-4t-10w-40\\\/#primaryimage\"},\"image\":{\"@id\":\"https:\\\/\\\/kamoto.md\\\/ro\\\/shop\\\/accesorii\\\/uleiuri\\\/ulei-motor-kamoto-prefix-4t-10w-40\\\/#primaryimage\"},\"thumbnailUrl\":\"https:\\\/\\\/kamoto.md\\\/wp-content\\\/uploads\\\/2025\\\/01\\\/Bezymyannyj-8.jpg\",\"datePublished\":\"2025-01-31T12:12:29+00:00\",\"dateModified\":\"2026-02-26T11:41:20+00:00\",\"description\":\"Uleiul de motor este semisintetic \u0219i este conceput pentru motoarele diesel \u0219i pe benzin\u0103 ale ma\u0219inilor \u0219i furgonetelor, inclusiv cele echipate cu turbocompresor sau sistem de injec\u021bie direct\u0103 de combustibil.Poate fi folosit la motoarele pe benzin\u0103 care necesit\u0103 ulei s\u0103 \u00eendeplineasc\u0103 clasific\u0103rile API SM\\\/CF sau ACEA A3\\\/B4.\",\"breadcrumb\":{\"@id\":\"https:\\\/\\\/kamoto.md\\\/ro\\\/shop\\\/accesorii\\\/uleiuri\\\/ulei-motor-kamoto-prefix-4t-10w-40\\\/#breadcrumb\"},\"inLanguage\":\"ro-RO\",\"potentialAction\":[{\"@type\":\"ReadAction\",\"target\":[\"https:\\\/\\\/kamoto.md\\\/ro\\\/shop\\\/accesorii\\\/uleiuri\\\/ulei-motor-kamoto-prefix-4t-10w-40\\\/\"]}]},{\"@type\":\"ImageObject\",\"inLanguage\":\"ro-RO\",\"@id\":\"https:\\\/\\\/kamoto.md\\\/ro\\\/shop\\\/accesorii\\\/uleiuri\\\/ulei-motor-kamoto-prefix-4t-10w-40\\\/#primaryimage\",\"url\":\"https:\\\/\\\/kamoto.md\\\/wp-content\\\/uploads\\\/2025\\\/01\\\/Bezymyannyj-8.jpg\",\"contentUrl\":\"https:\\\/\\\/kamoto.md\\\/wp-content\\\/uploads\\\/2025\\\/01\\\/Bezymyannyj-8.jpg\",\"width\":1000,\"height\":1000},{\"@type\":\"BreadcrumbList\",\"@id\":\"https:\\\/\\\/kamoto.md\\\/ro\\\/shop\\\/accesorii\\\/uleiuri\\\/ulei-motor-kamoto-prefix-4t-10w-40\\\/#breadcrumb\",\"itemListElement\":[{\"@type\":\"ListItem\",\"position\":1,\"name\":\"\u0413\u043b\u0430\u0432\u043d\u0430\u044f \u0441\u0442\u0440\u0430\u043d\u0438\u0446\u0430\",\"item\":\"https:\\\/\\\/kamoto.md\\\/ro\\\/\"},{\"@type\":\"ListItem\",\"position\":2,\"name\":\"Catalog\",\"item\":\"https:\\\/\\\/kamoto.md\\\/ro\\\/catalog\\\/\"},{\"@type\":\"ListItem\",\"position\":3,\"name\":\"Accesorii\",\"item\":\"https:\\\/\\\/kamoto.md\\\/ro\\\/catalog\\\/accesorii\\\/\"},{\"@type\":\"ListItem\",\"position\":4,\"name\":\"Uleiuri\",\"item\":\"https:\\\/\\\/kamoto.md\\\/ro\\\/catalog\\\/accesorii\\\/uleiuri\\\/\"},{\"@type\":\"ListItem\",\"position\":5,\"name\":\"Ulei Motor KAMOTO PREFIX 4T 10W-40\"}]},{\"@type\":\"WebSite\",\"@id\":\"https:\\\/\\\/kamoto.md\\\/ro\\\/#website\",\"url\":\"https:\\\/\\\/kamoto.md\\\/ro\\\/\",\"name\":\"Kamoto.MD\",\"description\":\"\u0418\u043d\u0442\u0435\u0440\u043d\u0435\u0442 \u043c\u0430\u0433\u0430\u0437\u0438\u043d \u044d\u043b\u0435\u043a\u0442\u0440\u043e\u0438\u043d\u0441\u0442\u0440\u0443\u043c\u0435\u043d\u0442\u0430, \u0441\u0430\u0434\u043e\u0432\u043e\u0439 \u0438 \u0441\u0438\u043b\u043e\u0432\u043e\u0439 \u0442\u0435\u0445\u043d\u0438\u043a\u0438.\",\"publisher\":{\"@id\":\"https:\\\/\\\/kamoto.md\\\/ro\\\/#organization\"},\"potentialAction\":[{\"@type\":\"SearchAction\",\"target\":{\"@type\":\"EntryPoint\",\"urlTemplate\":\"https:\\\/\\\/kamoto.md\\\/ro\\\/?s={search_term_string}\"},\"query-input\":{\"@type\":\"PropertyValueSpecification\",\"valueRequired\":true,\"valueName\":\"search_term_string\"}}],\"inLanguage\":\"ro-RO\"},{\"@type\":\"Organization\",\"@id\":\"https:\\\/\\\/kamoto.md\\\/ro\\\/#organization\",\"name\":\"Kamoto S.R.L.\",\"url\":\"https:\\\/\\\/kamoto.md\\\/ro\\\/\",\"logo\":{\"@type\":\"ImageObject\",\"inLanguage\":\"ro-RO\",\"@id\":\"https:\\\/\\\/kamoto.md\\\/ro\\\/#\\\/schema\\\/logo\\\/image\\\/\",\"url\":\"https:\\\/\\\/kamoto.md\\\/wp-content\\\/uploads\\\/2017\\\/08\\\/logo.png\",\"contentUrl\":\"https:\\\/\\\/kamoto.md\\\/wp-content\\\/uploads\\\/2017\\\/08\\\/logo.png\",\"width\":323,\"height\":50,\"caption\":\"Kamoto S.R.L.\"},\"image\":{\"@id\":\"https:\\\/\\\/kamoto.md\\\/ro\\\/#\\\/schema\\\/logo\\\/image\\\/\"}}]}<\/script>\n<!-- \/ Yoast SEO plugin. -->","yoast_head_json":{"title":"Uleiuri - Ulei Motor KAMOTO PREFIX 4T 10W-40 - Kamoto.md","description":"Uleiul de motor este semisintetic \u0219i este conceput pentru motoarele diesel \u0219i pe benzin\u0103 ale ma\u0219inilor \u0219i furgonetelor, inclusiv cele echipate cu turbocompresor sau sistem de injec\u021bie direct\u0103 de combustibil.Poate fi folosit la motoarele pe benzin\u0103 care necesit\u0103 ulei s\u0103 \u00eendeplineasc\u0103 clasific\u0103rile API SM\/CF sau ACEA A3\/B4.","robots":{"index":"index","follow":"follow","max-snippet":"max-snippet:-1","max-image-preview":"max-image-preview:large","max-video-preview":"max-video-preview:-1"},"canonical":"https:\/\/kamoto.md\/ro\/shop\/accesorii\/uleiuri\/ulei-motor-kamoto-prefix-4t-10w-40\/","og_locale":"ro_RO","og_type":"article","og_title":"Uleiuri - Ulei Motor KAMOTO PREFIX 4T 10W-40 - Kamoto.md","og_description":"Uleiul de motor este semisintetic \u0219i este conceput pentru motoarele diesel \u0219i pe benzin\u0103 ale ma\u0219inilor \u0219i furgonetelor, inclusiv cele echipate cu turbocompresor sau sistem de injec\u021bie direct\u0103 de combustibil.Poate fi folosit la motoarele pe benzin\u0103 care necesit\u0103 ulei s\u0103 \u00eendeplineasc\u0103 clasific\u0103rile API SM\/CF sau ACEA A3\/B4.","og_url":"https:\/\/kamoto.md\/ro\/shop\/accesorii\/uleiuri\/ulei-motor-kamoto-prefix-4t-10w-40\/","og_site_name":"Kamoto.md","article_modified_time":"2026-02-26T11:41:20+00:00","og_image":[{"width":1000,"height":1000,"url":"https:\/\/kamoto.md\/wp-content\/uploads\/2025\/01\/Bezymyannyj-8.jpg","type":"image\/jpeg"}],"twitter_card":"summary_large_image","twitter_misc":{"Timp estimat pentru citire":"1 minut"},"schema":{"@context":"https:\/\/schema.org","@graph":[{"@type":["WebPage","ItemPage"],"@id":"https:\/\/kamoto.md\/ro\/shop\/accesorii\/uleiuri\/ulei-motor-kamoto-prefix-4t-10w-40\/","url":"https:\/\/kamoto.md\/ro\/shop\/accesorii\/uleiuri\/ulei-motor-kamoto-prefix-4t-10w-40\/","name":"Uleiuri - Ulei Motor KAMOTO PREFIX 4T 10W-40 - Kamoto.md","isPartOf":{"@id":"https:\/\/kamoto.md\/ro\/#website"},"primaryImageOfPage":{"@id":"https:\/\/kamoto.md\/ro\/shop\/accesorii\/uleiuri\/ulei-motor-kamoto-prefix-4t-10w-40\/#primaryimage"},"image":{"@id":"https:\/\/kamoto.md\/ro\/shop\/accesorii\/uleiuri\/ulei-motor-kamoto-prefix-4t-10w-40\/#primaryimage"},"thumbnailUrl":"https:\/\/kamoto.md\/wp-content\/uploads\/2025\/01\/Bezymyannyj-8.jpg","datePublished":"2025-01-31T12:12:29+00:00","dateModified":"2026-02-26T11:41:20+00:00","description":"Uleiul de motor este semisintetic \u0219i este conceput pentru motoarele diesel \u0219i pe benzin\u0103 ale ma\u0219inilor \u0219i furgonetelor, inclusiv cele echipate cu turbocompresor sau sistem de injec\u021bie direct\u0103 de combustibil.Poate fi folosit la motoarele pe benzin\u0103 care necesit\u0103 ulei s\u0103 \u00eendeplineasc\u0103 clasific\u0103rile API SM\/CF sau ACEA A3\/B4.","breadcrumb":{"@id":"https:\/\/kamoto.md\/ro\/shop\/accesorii\/uleiuri\/ulei-motor-kamoto-prefix-4t-10w-40\/#breadcrumb"},"inLanguage":"ro-RO","potentialAction":[{"@type":"ReadAction","target":["https:\/\/kamoto.md\/ro\/shop\/accesorii\/uleiuri\/ulei-motor-kamoto-prefix-4t-10w-40\/"]}]},{"@type":"ImageObject","inLanguage":"ro-RO","@id":"https:\/\/kamoto.md\/ro\/shop\/accesorii\/uleiuri\/ulei-motor-kamoto-prefix-4t-10w-40\/#primaryimage","url":"https:\/\/kamoto.md\/wp-content\/uploads\/2025\/01\/Bezymyannyj-8.jpg","contentUrl":"https:\/\/kamoto.md\/wp-content\/uploads\/2025\/01\/Bezymyannyj-8.jpg","width":1000,"height":1000},{"@type":"BreadcrumbList","@id":"https:\/\/kamoto.md\/ro\/shop\/accesorii\/uleiuri\/ulei-motor-kamoto-prefix-4t-10w-40\/#breadcrumb","itemListElement":[{"@type":"ListItem","position":1,"name":"\u0413\u043b\u0430\u0432\u043d\u0430\u044f \u0441\u0442\u0440\u0430\u043d\u0438\u0446\u0430","item":"https:\/\/kamoto.md\/ro\/"},{"@type":"ListItem","position":2,"name":"Catalog","item":"https:\/\/kamoto.md\/ro\/catalog\/"},{"@type":"ListItem","position":3,"name":"Accesorii","item":"https:\/\/kamoto.md\/ro\/catalog\/accesorii\/"},{"@type":"ListItem","position":4,"name":"Uleiuri","item":"https:\/\/kamoto.md\/ro\/catalog\/accesorii\/uleiuri\/"},{"@type":"ListItem","position":5,"name":"Ulei Motor KAMOTO PREFIX 4T 10W-40"}]},{"@type":"WebSite","@id":"https:\/\/kamoto.md\/ro\/#website","url":"https:\/\/kamoto.md\/ro\/","name":"Kamoto.MD","description":"\u0418\u043d\u0442\u0435\u0440\u043d\u0435\u0442 \u043c\u0430\u0433\u0430\u0437\u0438\u043d \u044d\u043b\u0435\u043a\u0442\u0440\u043e\u0438\u043d\u0441\u0442\u0440\u0443\u043c\u0435\u043d\u0442\u0430, \u0441\u0430\u0434\u043e\u0432\u043e\u0439 \u0438 \u0441\u0438\u043b\u043e\u0432\u043e\u0439 \u0442\u0435\u0445\u043d\u0438\u043a\u0438.","publisher":{"@id":"https:\/\/kamoto.md\/ro\/#organization"},"potentialAction":[{"@type":"SearchAction","target":{"@type":"EntryPoint","urlTemplate":"https:\/\/kamoto.md\/ro\/?s={search_term_string}"},"query-input":{"@type":"PropertyValueSpecification","valueRequired":true,"valueName":"search_term_string"}}],"inLanguage":"ro-RO"},{"@type":"Organization","@id":"https:\/\/kamoto.md\/ro\/#organization","name":"Kamoto S.R.L.","url":"https:\/\/kamoto.md\/ro\/","logo":{"@type":"ImageObject","inLanguage":"ro-RO","@id":"https:\/\/kamoto.md\/ro\/#\/schema\/logo\/image\/","url":"https:\/\/kamoto.md\/wp-content\/uploads\/2017\/08\/logo.png","contentUrl":"https:\/\/kamoto.md\/wp-content\/uploads\/2017\/08\/logo.png","width":323,"height":50,"caption":"Kamoto S.R.L."},"image":{"@id":"https:\/\/kamoto.md\/ro\/#\/schema\/logo\/image\/"}}]}},"_links":{"self":[{"href":"https:\/\/kamoto.md\/ro\/wp-json\/wp\/v2\/product\/12472","targetHints":{"allow":["GET"]}}],"collection":[{"href":"https:\/\/kamoto.md\/ro\/wp-json\/wp\/v2\/product"}],"about":[{"href":"https:\/\/kamoto.md\/ro\/wp-json\/wp\/v2\/types\/product"}],"wp:featuredmedia":[{"embeddable":true,"href":"https:\/\/kamoto.md\/ro\/wp-json\/wp\/v2\/media\/12467"}],"wp:attachment":[{"href":"https:\/\/kamoto.md\/ro\/wp-json\/wp\/v2\/media?parent=12472"}],"wp:term":[{"taxonomy":"product_brand","embeddable":true,"href":"https:\/\/kamoto.md\/ro\/wp-json\/wp\/v2\/product_brand?post=12472"},{"taxonomy":"product_cat","embeddable":true,"href":"https:\/\/kamoto.md\/ro\/wp-json\/wp\/v2\/product_cat?post=12472"},{"taxonomy":"product_tag","embeddable":true,"href":"https:\/\/kamoto.md\/ro\/wp-json\/wp\/v2\/product_tag?post=12472"}],"curies":[{"name":"wp","href":"https:\/\/api.w.org\/{rel}","templated":true}]}}