{"id":13688,"date":"2025-09-23T10:21:29","date_gmt":"2025-09-23T08:21:29","guid":{"rendered":"https:\/\/kamoto.md\/shop\/fara-categorie\/elektricheskij-kraskoraspylitel-kamoto-sg950\/"},"modified":"2026-02-27T11:49:46","modified_gmt":"2026-02-27T09:49:46","slug":"pulverizator-electric-kamoto-sg950","status":"publish","type":"product","link":"https:\/\/kamoto.md\/ro\/shop\/scule-electrice\/pulverizator-electric\/pulverizator-electric-kamoto-sg950\/","title":{"rendered":"Pulverizator electric KAMOTO SG950"},"content":{"rendered":"<p>Pulverizatorul electric de vopsea KAMOTO SG950 este proiectat pentru lucr\u0103ri de volum mare, modelul fiind caracterizat prin rentabilitate, transfer eficient de vopsea \u0219i calitate ridicat\u0103 a suprafe\u021bei vopsite. Compresorul poate fi a\u0219ezat pe podea sau ag\u0103\u021bat pe um\u0103r de cureaua inclus\u0103, l\u0103s\u00e2nd doar atomizorul \u0219i rezervorul de vopsea \u00een m\u00e2na me\u0219terului, care este mult mai u\u0219or dec\u00e2t modelul combinat \u0219i permite me\u0219terului s\u0103 lucreze pentru perioade mai lungi de timp.<\/p>\n<h3>Domeniul de aplicare<\/h3>\n<p>Ma\u0219ina este proiectat\u0103 pentru utilizare \u00een zone cu clim\u0103 moderat\u0103, cu temperatur\u0103 caracteristic\u0103 de la +5\u00b0C la +40\u00b0C, umiditate relativ\u0103 care nu dep\u0103\u0219e\u0219te 80%, absen\u021ba impactului direct al precipita\u021biilor atmosferice \u0219i a prafului excesiv din aer.<\/p>\n","protected":false},"excerpt":{"rendered":"<table>\n<tbody>\n<tr>\n<td width=\"444\"><\/td>\n<td width=\"185\"><\/td>\n<\/tr>\n<tr>\n<td width=\"444\">Tensiune de re\u021bea, V\/curent frecven\u021b\u0103, Hz<\/td>\n<td width=\"185\">220\/50<\/td>\n<\/tr>\n<tr>\n<td width=\"444\">Consumul nominal de energie, W<\/td>\n<td width=\"185\">950<\/td>\n<\/tr>\n<tr>\n<td width=\"444\">Debit maxim, ml\/min<\/td>\n<td width=\"185\">1000<\/td>\n<\/tr>\n<tr>\n<td width=\"444\">V\u00e2scozitatea maxim\u0103, DIN\/sec<\/td>\n<td width=\"185\">100<\/td>\n<\/tr>\n<tr>\n<td width=\"444\">Capacitatea rezervorului, ml<\/td>\n<td width=\"185\">800<\/td>\n<\/tr>\n<tr>\n<td width=\"444\">Diametrul duzei OEM, mm<\/td>\n<td width=\"185\">1,8\/2,6<\/td>\n<\/tr>\n<tr>\n<td width=\"444\">Cablu cauciucat rezistent la \u00eenghe\u021b<\/td>\n<td width=\"185\">Da<\/td>\n<\/tr>\n<\/tbody>\n<\/table>\n","protected":false},"featured_media":13414,"template":"","meta":[],"product_brand":[],"product_cat":[317],"product_tag":[],"class_list":{"0":"post-13688","1":"product","2":"type-product","3":"status-publish","4":"has-post-thumbnail","6":"product_cat-pulverizator-electric","8":"first","9":"instock","10":"shipping-taxable","11":"purchasable","12":"product-type-simple"},"yoast_head":"<!-- This site is optimized with the Yoast SEO plugin v27.3 - https:\/\/yoast.com\/product\/yoast-seo-wordpress\/ -->\n<title>Pulverizatoare electrice - Pulverizator electric KAMOTO SG950 - Kamoto.md<\/title>\n<meta name=\"description\" content=\"Pulverizatorul electric de vopsea Kamoto SG950 este proiectat pentru lucr\u0103ri de volum mare, modelul fiind caracterizat prin rentabilitate, transfer eficient de vopsea \u0219i calitate ridicat\u0103 a suprafe\u021bei vopsite. Compresorul poate fi a\u0219ezat pe podea sau ag\u0103\u021bat pe um\u0103r cu ajutorul curelei incluse, l\u0103s\u00e2nd doar atomizorul \u0219i rezervorul de vopsea \u00een m\u00e2na me\u0219terului, care este mult mai u\u0219or dec\u00e2t modelul combinat \u0219i permite me\u0219terului s\u0103 lucreze pentru perioade mai lungi de timp.\" \/>\n<meta name=\"robots\" content=\"index, follow, max-snippet:-1, max-image-preview:large, max-video-preview:-1\" \/>\n<link rel=\"canonical\" href=\"https:\/\/kamoto.md\/ro\/shop\/scule-electrice\/pulverizator-electric\/pulverizator-electric-kamoto-sg950\/\" \/>\n<meta property=\"og:locale\" content=\"ro_RO\" \/>\n<meta property=\"og:type\" content=\"article\" \/>\n<meta property=\"og:title\" content=\"Pulverizatoare electrice - Pulverizator electric KAMOTO SG950 - Kamoto.md\" \/>\n<meta property=\"og:description\" content=\"Pulverizatorul electric de vopsea Kamoto SG950 este proiectat pentru lucr\u0103ri de volum mare, modelul fiind caracterizat prin rentabilitate, transfer eficient de vopsea \u0219i calitate ridicat\u0103 a suprafe\u021bei vopsite. Compresorul poate fi a\u0219ezat pe podea sau ag\u0103\u021bat pe um\u0103r cu ajutorul curelei incluse, l\u0103s\u00e2nd doar atomizorul \u0219i rezervorul de vopsea \u00een m\u00e2na me\u0219terului, care este mult mai u\u0219or dec\u00e2t modelul combinat \u0219i permite me\u0219terului s\u0103 lucreze pentru perioade mai lungi de timp.\" \/>\n<meta property=\"og:url\" content=\"https:\/\/kamoto.md\/ro\/shop\/scule-electrice\/pulverizator-electric\/pulverizator-electric-kamoto-sg950\/\" \/>\n<meta property=\"og:site_name\" content=\"Kamoto.md\" \/>\n<meta property=\"article:modified_time\" content=\"2026-02-27T09:49:46+00:00\" \/>\n<meta property=\"og:image\" content=\"https:\/\/kamoto.md\/wp-content\/uploads\/2021\/05\/logo2.png\" \/>\n\t<meta property=\"og:image:width\" content=\"1000\" \/>\n\t<meta property=\"og:image:height\" content=\"1000\" \/>\n\t<meta property=\"og:image:type\" content=\"image\/png\" \/>\n<meta name=\"twitter:card\" content=\"summary_large_image\" \/>\n<meta name=\"twitter:label1\" content=\"Timp estimat pentru citire\" \/>\n\t<meta name=\"twitter:data1\" content=\"1 minut\" \/>\n<script type=\"application\/ld+json\" class=\"yoast-schema-graph\">{\"@context\":\"https:\\\/\\\/schema.org\",\"@graph\":[{\"@type\":[\"WebPage\",\"ItemPage\"],\"@id\":\"https:\\\/\\\/kamoto.md\\\/ro\\\/shop\\\/scule-electrice\\\/pulverizator-electric\\\/pulverizator-electric-kamoto-sg950\\\/\",\"url\":\"https:\\\/\\\/kamoto.md\\\/ro\\\/shop\\\/scule-electrice\\\/pulverizator-electric\\\/pulverizator-electric-kamoto-sg950\\\/\",\"name\":\"Pulverizatoare electrice - Pulverizator electric KAMOTO SG950 - Kamoto.md\",\"isPartOf\":{\"@id\":\"https:\\\/\\\/kamoto.md\\\/ro\\\/#website\"},\"primaryImageOfPage\":{\"@id\":\"https:\\\/\\\/kamoto.md\\\/ro\\\/shop\\\/scule-electrice\\\/pulverizator-electric\\\/pulverizator-electric-kamoto-sg950\\\/#primaryimage\"},\"image\":{\"@id\":\"https:\\\/\\\/kamoto.md\\\/ro\\\/shop\\\/scule-electrice\\\/pulverizator-electric\\\/pulverizator-electric-kamoto-sg950\\\/#primaryimage\"},\"thumbnailUrl\":\"https:\\\/\\\/kamoto.md\\\/wp-content\\\/uploads\\\/2025\\\/09\\\/2-17.jpg\",\"datePublished\":\"2025-09-23T08:21:29+00:00\",\"dateModified\":\"2026-02-27T09:49:46+00:00\",\"description\":\"Pulverizatorul electric de vopsea Kamoto SG950 este proiectat pentru lucr\u0103ri de volum mare, modelul fiind caracterizat prin rentabilitate, transfer eficient de vopsea \u0219i calitate ridicat\u0103 a suprafe\u021bei vopsite. Compresorul poate fi a\u0219ezat pe podea sau ag\u0103\u021bat pe um\u0103r cu ajutorul curelei incluse, l\u0103s\u00e2nd doar atomizorul \u0219i rezervorul de vopsea \u00een m\u00e2na me\u0219terului, care este mult mai u\u0219or dec\u00e2t modelul combinat \u0219i permite me\u0219terului s\u0103 lucreze pentru perioade mai lungi de timp.\",\"breadcrumb\":{\"@id\":\"https:\\\/\\\/kamoto.md\\\/ro\\\/shop\\\/scule-electrice\\\/pulverizator-electric\\\/pulverizator-electric-kamoto-sg950\\\/#breadcrumb\"},\"inLanguage\":\"ro-RO\",\"potentialAction\":[{\"@type\":\"ReadAction\",\"target\":[\"https:\\\/\\\/kamoto.md\\\/ro\\\/shop\\\/scule-electrice\\\/pulverizator-electric\\\/pulverizator-electric-kamoto-sg950\\\/\"]}]},{\"@type\":\"ImageObject\",\"inLanguage\":\"ro-RO\",\"@id\":\"https:\\\/\\\/kamoto.md\\\/ro\\\/shop\\\/scule-electrice\\\/pulverizator-electric\\\/pulverizator-electric-kamoto-sg950\\\/#primaryimage\",\"url\":\"https:\\\/\\\/kamoto.md\\\/wp-content\\\/uploads\\\/2025\\\/09\\\/2-17.jpg\",\"contentUrl\":\"https:\\\/\\\/kamoto.md\\\/wp-content\\\/uploads\\\/2025\\\/09\\\/2-17.jpg\",\"width\":1000,\"height\":1000},{\"@type\":\"BreadcrumbList\",\"@id\":\"https:\\\/\\\/kamoto.md\\\/ro\\\/shop\\\/scule-electrice\\\/pulverizator-electric\\\/pulverizator-electric-kamoto-sg950\\\/#breadcrumb\",\"itemListElement\":[{\"@type\":\"ListItem\",\"position\":1,\"name\":\"\u0413\u043b\u0430\u0432\u043d\u0430\u044f \u0441\u0442\u0440\u0430\u043d\u0438\u0446\u0430\",\"item\":\"https:\\\/\\\/kamoto.md\\\/ro\\\/\"},{\"@type\":\"ListItem\",\"position\":2,\"name\":\"Catalog\",\"item\":\"https:\\\/\\\/kamoto.md\\\/ro\\\/catalog\\\/\"},{\"@type\":\"ListItem\",\"position\":3,\"name\":\"Instrumente electrice\",\"item\":\"https:\\\/\\\/kamoto.md\\\/ro\\\/catalog\\\/scule-electrice\\\/\"},{\"@type\":\"ListItem\",\"position\":4,\"name\":\"Pulverizatoare electrice\",\"item\":\"https:\\\/\\\/kamoto.md\\\/ro\\\/catalog\\\/scule-electrice\\\/pulverizator-electric\\\/\"},{\"@type\":\"ListItem\",\"position\":5,\"name\":\"Pulverizator electric KAMOTO SG950\"}]},{\"@type\":\"WebSite\",\"@id\":\"https:\\\/\\\/kamoto.md\\\/ro\\\/#website\",\"url\":\"https:\\\/\\\/kamoto.md\\\/ro\\\/\",\"name\":\"Kamoto.MD\",\"description\":\"\u0418\u043d\u0442\u0435\u0440\u043d\u0435\u0442 \u043c\u0430\u0433\u0430\u0437\u0438\u043d \u044d\u043b\u0435\u043a\u0442\u0440\u043e\u0438\u043d\u0441\u0442\u0440\u0443\u043c\u0435\u043d\u0442\u0430, \u0441\u0430\u0434\u043e\u0432\u043e\u0439 \u0438 \u0441\u0438\u043b\u043e\u0432\u043e\u0439 \u0442\u0435\u0445\u043d\u0438\u043a\u0438.\",\"publisher\":{\"@id\":\"https:\\\/\\\/kamoto.md\\\/ro\\\/#organization\"},\"potentialAction\":[{\"@type\":\"SearchAction\",\"target\":{\"@type\":\"EntryPoint\",\"urlTemplate\":\"https:\\\/\\\/kamoto.md\\\/ro\\\/?s={search_term_string}\"},\"query-input\":{\"@type\":\"PropertyValueSpecification\",\"valueRequired\":true,\"valueName\":\"search_term_string\"}}],\"inLanguage\":\"ro-RO\"},{\"@type\":\"Organization\",\"@id\":\"https:\\\/\\\/kamoto.md\\\/ro\\\/#organization\",\"name\":\"Kamoto S.R.L.\",\"url\":\"https:\\\/\\\/kamoto.md\\\/ro\\\/\",\"logo\":{\"@type\":\"ImageObject\",\"inLanguage\":\"ro-RO\",\"@id\":\"https:\\\/\\\/kamoto.md\\\/ro\\\/#\\\/schema\\\/logo\\\/image\\\/\",\"url\":\"https:\\\/\\\/kamoto.md\\\/wp-content\\\/uploads\\\/2017\\\/08\\\/logo.png\",\"contentUrl\":\"https:\\\/\\\/kamoto.md\\\/wp-content\\\/uploads\\\/2017\\\/08\\\/logo.png\",\"width\":323,\"height\":50,\"caption\":\"Kamoto S.R.L.\"},\"image\":{\"@id\":\"https:\\\/\\\/kamoto.md\\\/ro\\\/#\\\/schema\\\/logo\\\/image\\\/\"}}]}<\/script>\n<!-- \/ Yoast SEO plugin. -->","yoast_head_json":{"title":"Pulverizatoare electrice - Pulverizator electric KAMOTO SG950 - Kamoto.md","description":"Pulverizatorul electric de vopsea Kamoto SG950 este proiectat pentru lucr\u0103ri de volum mare, modelul fiind caracterizat prin rentabilitate, transfer eficient de vopsea \u0219i calitate ridicat\u0103 a suprafe\u021bei vopsite. Compresorul poate fi a\u0219ezat pe podea sau ag\u0103\u021bat pe um\u0103r cu ajutorul curelei incluse, l\u0103s\u00e2nd doar atomizorul \u0219i rezervorul de vopsea \u00een m\u00e2na me\u0219terului, care este mult mai u\u0219or dec\u00e2t modelul combinat \u0219i permite me\u0219terului s\u0103 lucreze pentru perioade mai lungi de timp.","robots":{"index":"index","follow":"follow","max-snippet":"max-snippet:-1","max-image-preview":"max-image-preview:large","max-video-preview":"max-video-preview:-1"},"canonical":"https:\/\/kamoto.md\/ro\/shop\/scule-electrice\/pulverizator-electric\/pulverizator-electric-kamoto-sg950\/","og_locale":"ro_RO","og_type":"article","og_title":"Pulverizatoare electrice - Pulverizator electric KAMOTO SG950 - Kamoto.md","og_description":"Pulverizatorul electric de vopsea Kamoto SG950 este proiectat pentru lucr\u0103ri de volum mare, modelul fiind caracterizat prin rentabilitate, transfer eficient de vopsea \u0219i calitate ridicat\u0103 a suprafe\u021bei vopsite. Compresorul poate fi a\u0219ezat pe podea sau ag\u0103\u021bat pe um\u0103r cu ajutorul curelei incluse, l\u0103s\u00e2nd doar atomizorul \u0219i rezervorul de vopsea \u00een m\u00e2na me\u0219terului, care este mult mai u\u0219or dec\u00e2t modelul combinat \u0219i permite me\u0219terului s\u0103 lucreze pentru perioade mai lungi de timp.","og_url":"https:\/\/kamoto.md\/ro\/shop\/scule-electrice\/pulverizator-electric\/pulverizator-electric-kamoto-sg950\/","og_site_name":"Kamoto.md","article_modified_time":"2026-02-27T09:49:46+00:00","og_image":[{"width":1000,"height":1000,"url":"https:\/\/kamoto.md\/wp-content\/uploads\/2021\/05\/logo2.png","type":"image\/png"}],"twitter_card":"summary_large_image","twitter_misc":{"Timp estimat pentru citire":"1 minut"},"schema":{"@context":"https:\/\/schema.org","@graph":[{"@type":["WebPage","ItemPage"],"@id":"https:\/\/kamoto.md\/ro\/shop\/scule-electrice\/pulverizator-electric\/pulverizator-electric-kamoto-sg950\/","url":"https:\/\/kamoto.md\/ro\/shop\/scule-electrice\/pulverizator-electric\/pulverizator-electric-kamoto-sg950\/","name":"Pulverizatoare electrice - Pulverizator electric KAMOTO SG950 - Kamoto.md","isPartOf":{"@id":"https:\/\/kamoto.md\/ro\/#website"},"primaryImageOfPage":{"@id":"https:\/\/kamoto.md\/ro\/shop\/scule-electrice\/pulverizator-electric\/pulverizator-electric-kamoto-sg950\/#primaryimage"},"image":{"@id":"https:\/\/kamoto.md\/ro\/shop\/scule-electrice\/pulverizator-electric\/pulverizator-electric-kamoto-sg950\/#primaryimage"},"thumbnailUrl":"https:\/\/kamoto.md\/wp-content\/uploads\/2025\/09\/2-17.jpg","datePublished":"2025-09-23T08:21:29+00:00","dateModified":"2026-02-27T09:49:46+00:00","description":"Pulverizatorul electric de vopsea Kamoto SG950 este proiectat pentru lucr\u0103ri de volum mare, modelul fiind caracterizat prin rentabilitate, transfer eficient de vopsea \u0219i calitate ridicat\u0103 a suprafe\u021bei vopsite. Compresorul poate fi a\u0219ezat pe podea sau ag\u0103\u021bat pe um\u0103r cu ajutorul curelei incluse, l\u0103s\u00e2nd doar atomizorul \u0219i rezervorul de vopsea \u00een m\u00e2na me\u0219terului, care este mult mai u\u0219or dec\u00e2t modelul combinat \u0219i permite me\u0219terului s\u0103 lucreze pentru perioade mai lungi de timp.","breadcrumb":{"@id":"https:\/\/kamoto.md\/ro\/shop\/scule-electrice\/pulverizator-electric\/pulverizator-electric-kamoto-sg950\/#breadcrumb"},"inLanguage":"ro-RO","potentialAction":[{"@type":"ReadAction","target":["https:\/\/kamoto.md\/ro\/shop\/scule-electrice\/pulverizator-electric\/pulverizator-electric-kamoto-sg950\/"]}]},{"@type":"ImageObject","inLanguage":"ro-RO","@id":"https:\/\/kamoto.md\/ro\/shop\/scule-electrice\/pulverizator-electric\/pulverizator-electric-kamoto-sg950\/#primaryimage","url":"https:\/\/kamoto.md\/wp-content\/uploads\/2025\/09\/2-17.jpg","contentUrl":"https:\/\/kamoto.md\/wp-content\/uploads\/2025\/09\/2-17.jpg","width":1000,"height":1000},{"@type":"BreadcrumbList","@id":"https:\/\/kamoto.md\/ro\/shop\/scule-electrice\/pulverizator-electric\/pulverizator-electric-kamoto-sg950\/#breadcrumb","itemListElement":[{"@type":"ListItem","position":1,"name":"\u0413\u043b\u0430\u0432\u043d\u0430\u044f \u0441\u0442\u0440\u0430\u043d\u0438\u0446\u0430","item":"https:\/\/kamoto.md\/ro\/"},{"@type":"ListItem","position":2,"name":"Catalog","item":"https:\/\/kamoto.md\/ro\/catalog\/"},{"@type":"ListItem","position":3,"name":"Instrumente electrice","item":"https:\/\/kamoto.md\/ro\/catalog\/scule-electrice\/"},{"@type":"ListItem","position":4,"name":"Pulverizatoare electrice","item":"https:\/\/kamoto.md\/ro\/catalog\/scule-electrice\/pulverizator-electric\/"},{"@type":"ListItem","position":5,"name":"Pulverizator electric KAMOTO SG950"}]},{"@type":"WebSite","@id":"https:\/\/kamoto.md\/ro\/#website","url":"https:\/\/kamoto.md\/ro\/","name":"Kamoto.MD","description":"\u0418\u043d\u0442\u0435\u0440\u043d\u0435\u0442 \u043c\u0430\u0433\u0430\u0437\u0438\u043d \u044d\u043b\u0435\u043a\u0442\u0440\u043e\u0438\u043d\u0441\u0442\u0440\u0443\u043c\u0435\u043d\u0442\u0430, \u0441\u0430\u0434\u043e\u0432\u043e\u0439 \u0438 \u0441\u0438\u043b\u043e\u0432\u043e\u0439 \u0442\u0435\u0445\u043d\u0438\u043a\u0438.","publisher":{"@id":"https:\/\/kamoto.md\/ro\/#organization"},"potentialAction":[{"@type":"SearchAction","target":{"@type":"EntryPoint","urlTemplate":"https:\/\/kamoto.md\/ro\/?s={search_term_string}"},"query-input":{"@type":"PropertyValueSpecification","valueRequired":true,"valueName":"search_term_string"}}],"inLanguage":"ro-RO"},{"@type":"Organization","@id":"https:\/\/kamoto.md\/ro\/#organization","name":"Kamoto S.R.L.","url":"https:\/\/kamoto.md\/ro\/","logo":{"@type":"ImageObject","inLanguage":"ro-RO","@id":"https:\/\/kamoto.md\/ro\/#\/schema\/logo\/image\/","url":"https:\/\/kamoto.md\/wp-content\/uploads\/2017\/08\/logo.png","contentUrl":"https:\/\/kamoto.md\/wp-content\/uploads\/2017\/08\/logo.png","width":323,"height":50,"caption":"Kamoto S.R.L."},"image":{"@id":"https:\/\/kamoto.md\/ro\/#\/schema\/logo\/image\/"}}]}},"_links":{"self":[{"href":"https:\/\/kamoto.md\/ro\/wp-json\/wp\/v2\/product\/13688","targetHints":{"allow":["GET"]}}],"collection":[{"href":"https:\/\/kamoto.md\/ro\/wp-json\/wp\/v2\/product"}],"about":[{"href":"https:\/\/kamoto.md\/ro\/wp-json\/wp\/v2\/types\/product"}],"wp:featuredmedia":[{"embeddable":true,"href":"https:\/\/kamoto.md\/ro\/wp-json\/wp\/v2\/media\/13414"}],"wp:attachment":[{"href":"https:\/\/kamoto.md\/ro\/wp-json\/wp\/v2\/media?parent=13688"}],"wp:term":[{"taxonomy":"product_brand","embeddable":true,"href":"https:\/\/kamoto.md\/ro\/wp-json\/wp\/v2\/product_brand?post=13688"},{"taxonomy":"product_cat","embeddable":true,"href":"https:\/\/kamoto.md\/ro\/wp-json\/wp\/v2\/product_cat?post=13688"},{"taxonomy":"product_tag","embeddable":true,"href":"https:\/\/kamoto.md\/ro\/wp-json\/wp\/v2\/product_tag?post=13688"}],"curies":[{"name":"wp","href":"https:\/\/api.w.org\/{rel}","templated":true}]}}