{"id":13689,"date":"2025-09-23T10:12:46","date_gmt":"2025-09-23T08:12:46","guid":{"rendered":"https:\/\/kamoto.md\/shop\/fara-categorie\/akkumulyatornaya-uglovaya-shlifmashina-kamoto-ab1000-bez-akkumulyatora-i-zaryadnogo-ustrojstva\/"},"modified":"2026-03-10T11:21:10","modified_gmt":"2026-03-10T09:21:10","slug":"polizor-unghiular-kamoto-a850","status":"publish","type":"product","link":"https:\/\/kamoto.md\/ro\/shop\/scule-electrice\/polizoare-unghiulare\/polizor-unghiular-kamoto-a850\/","title":{"rendered":"Polizor unghiular Kamoto AB1000"},"content":{"rendered":"<div class=\"wpb-content-wrapper\"><p>[vc_row][vc_column][vc_column_text css=&#8221;&#8221; woodmart_inline=&#8221;no&#8221; text_larger=&#8221;no&#8221;]Polizorul unghiular Kamoto AB1000 este un instrument versatil \u0219i puternic conceput pentru t\u0103ierea \u0219i \u0219lefuirea diferitelor materiale. Este echipat cu motor f\u0103r\u0103 perii, care asigur\u0103 performan\u021be ridicate, eficien\u021b\u0103 energetic\u0103 \u0219i durabilitate.[\/vc_column_text][\/vc_column][\/vc_row]<\/p>\n<\/div>","protected":false},"excerpt":{"rendered":"<ul>\n<li><strong>Diametrul discului:<\/strong> 125 mm<\/li>\n<li><strong>Tensiune:<\/strong> 20 V<\/li>\n<li><strong>Putere:<\/strong> 1000 W<\/li>\n<li><strong>Viteza de rota\u021bie:<\/strong>\n<ul>\n<li>Viteza 1: 0-4500 rpm<\/li>\n<li>A doua vitez\u0103: 0-6500 rpm<\/li>\n<li>Viteza a 3-a: 0-9500 rpm<\/li>\n<\/ul>\n<\/li>\n<li><strong>Motor: Motor<\/strong> f\u0103r\u0103 perii (Motor f\u0103r\u0103 perii)<\/li>\n<li><strong>Echipament:<\/strong><\/li>\n<\/ul>\n<ul>\n<li>Polizor unghiular f\u0103r\u0103 fir<\/li>\n<li>Capac de protec\u021bie<\/li>\n<li>M\u00e2ner suplimentar<\/li>\n<\/ul>\n","protected":false},"featured_media":13403,"template":"","meta":[],"product_brand":[],"product_cat":[326],"product_tag":[],"class_list":{"0":"post-13689","1":"product","2":"type-product","3":"status-publish","4":"has-post-thumbnail","6":"product_cat-polizoare-unghiulare","8":"first","9":"instock","10":"shipping-taxable","11":"purchasable","12":"product-type-simple"},"yoast_head":"<!-- This site is optimized with the Yoast SEO plugin v27.3 - https:\/\/yoast.com\/product\/yoast-seo-wordpress\/ -->\n<title>Polizoare unghiulare - Polizor unghiular Kamoto AB1000 - Kamoto.md<\/title>\n<meta name=\"description\" content=\"Polizorul unghiular f\u0103r\u0103 fir Kamoto AB1000 este un instrument versatil \u0219i puternic conceput pentru t\u0103ierea \u0219i \u0219lefuirea diferitelor materiale. Este echipat cu motor f\u0103r\u0103 perii, care asigur\u0103 performan\u021be ridicate, eficien\u021b\u0103 energetic\u0103 \u0219i durabilitate.\" \/>\n<meta name=\"robots\" content=\"index, follow, max-snippet:-1, max-image-preview:large, max-video-preview:-1\" \/>\n<link rel=\"canonical\" href=\"https:\/\/kamoto.md\/ro\/shop\/scule-electrice\/polizoare-unghiulare\/polizor-unghiular-kamoto-a850\/\" \/>\n<meta property=\"og:locale\" content=\"ro_RO\" \/>\n<meta property=\"og:type\" content=\"article\" \/>\n<meta property=\"og:title\" content=\"Polizoare unghiulare - Polizor unghiular Kamoto AB1000 - Kamoto.md\" \/>\n<meta property=\"og:description\" content=\"Polizorul unghiular f\u0103r\u0103 fir Kamoto AB1000 este un instrument versatil \u0219i puternic conceput pentru t\u0103ierea \u0219i \u0219lefuirea diferitelor materiale. Este echipat cu motor f\u0103r\u0103 perii, care asigur\u0103 performan\u021be ridicate, eficien\u021b\u0103 energetic\u0103 \u0219i durabilitate.\" \/>\n<meta property=\"og:url\" content=\"https:\/\/kamoto.md\/ro\/shop\/scule-electrice\/polizoare-unghiulare\/polizor-unghiular-kamoto-a850\/\" \/>\n<meta property=\"og:site_name\" content=\"Kamoto.md\" \/>\n<meta property=\"article:modified_time\" content=\"2026-03-10T09:21:10+00:00\" \/>\n<meta property=\"og:image\" content=\"https:\/\/kamoto.md\/wp-content\/uploads\/2021\/05\/logo2.png\" \/>\n\t<meta property=\"og:image:width\" content=\"1000\" \/>\n\t<meta property=\"og:image:height\" content=\"1000\" \/>\n\t<meta property=\"og:image:type\" content=\"image\/png\" \/>\n<meta name=\"twitter:card\" content=\"summary_large_image\" \/>\n<meta name=\"twitter:label1\" content=\"Timp estimat pentru citire\" \/>\n\t<meta name=\"twitter:data1\" content=\"1 minut\" \/>\n<script type=\"application\/ld+json\" class=\"yoast-schema-graph\">{\"@context\":\"https:\\\/\\\/schema.org\",\"@graph\":[{\"@type\":[\"WebPage\",\"ItemPage\"],\"@id\":\"https:\\\/\\\/kamoto.md\\\/ro\\\/shop\\\/scule-electrice\\\/polizoare-unghiulare\\\/polizor-unghiular-kamoto-a850\\\/\",\"url\":\"https:\\\/\\\/kamoto.md\\\/ro\\\/shop\\\/scule-electrice\\\/polizoare-unghiulare\\\/polizor-unghiular-kamoto-a850\\\/\",\"name\":\"Polizoare unghiulare - Polizor unghiular Kamoto AB1000 - Kamoto.md\",\"isPartOf\":{\"@id\":\"https:\\\/\\\/kamoto.md\\\/ro\\\/#website\"},\"primaryImageOfPage\":{\"@id\":\"https:\\\/\\\/kamoto.md\\\/ro\\\/shop\\\/scule-electrice\\\/polizoare-unghiulare\\\/polizor-unghiular-kamoto-a850\\\/#primaryimage\"},\"image\":{\"@id\":\"https:\\\/\\\/kamoto.md\\\/ro\\\/shop\\\/scule-electrice\\\/polizoare-unghiulare\\\/polizor-unghiular-kamoto-a850\\\/#primaryimage\"},\"thumbnailUrl\":\"https:\\\/\\\/kamoto.md\\\/wp-content\\\/uploads\\\/2025\\\/09\\\/5-15.jpg\",\"datePublished\":\"2025-09-23T08:12:46+00:00\",\"dateModified\":\"2026-03-10T09:21:10+00:00\",\"description\":\"Polizorul unghiular f\u0103r\u0103 fir Kamoto AB1000 este un instrument versatil \u0219i puternic conceput pentru t\u0103ierea \u0219i \u0219lefuirea diferitelor materiale. Este echipat cu motor f\u0103r\u0103 perii, care asigur\u0103 performan\u021be ridicate, eficien\u021b\u0103 energetic\u0103 \u0219i durabilitate.\",\"breadcrumb\":{\"@id\":\"https:\\\/\\\/kamoto.md\\\/ro\\\/shop\\\/scule-electrice\\\/polizoare-unghiulare\\\/polizor-unghiular-kamoto-a850\\\/#breadcrumb\"},\"inLanguage\":\"ro-RO\",\"potentialAction\":[{\"@type\":\"ReadAction\",\"target\":[\"https:\\\/\\\/kamoto.md\\\/ro\\\/shop\\\/scule-electrice\\\/polizoare-unghiulare\\\/polizor-unghiular-kamoto-a850\\\/\"]}]},{\"@type\":\"ImageObject\",\"inLanguage\":\"ro-RO\",\"@id\":\"https:\\\/\\\/kamoto.md\\\/ro\\\/shop\\\/scule-electrice\\\/polizoare-unghiulare\\\/polizor-unghiular-kamoto-a850\\\/#primaryimage\",\"url\":\"https:\\\/\\\/kamoto.md\\\/wp-content\\\/uploads\\\/2025\\\/09\\\/5-15.jpg\",\"contentUrl\":\"https:\\\/\\\/kamoto.md\\\/wp-content\\\/uploads\\\/2025\\\/09\\\/5-15.jpg\",\"width\":1000,\"height\":1000},{\"@type\":\"BreadcrumbList\",\"@id\":\"https:\\\/\\\/kamoto.md\\\/ro\\\/shop\\\/scule-electrice\\\/polizoare-unghiulare\\\/polizor-unghiular-kamoto-a850\\\/#breadcrumb\",\"itemListElement\":[{\"@type\":\"ListItem\",\"position\":1,\"name\":\"\u0413\u043b\u0430\u0432\u043d\u0430\u044f \u0441\u0442\u0440\u0430\u043d\u0438\u0446\u0430\",\"item\":\"https:\\\/\\\/kamoto.md\\\/ro\\\/\"},{\"@type\":\"ListItem\",\"position\":2,\"name\":\"Catalog\",\"item\":\"https:\\\/\\\/kamoto.md\\\/ro\\\/catalog\\\/\"},{\"@type\":\"ListItem\",\"position\":3,\"name\":\"Instrumente electrice\",\"item\":\"https:\\\/\\\/kamoto.md\\\/ro\\\/catalog\\\/scule-electrice\\\/\"},{\"@type\":\"ListItem\",\"position\":4,\"name\":\"Polizoare unghiulare\",\"item\":\"https:\\\/\\\/kamoto.md\\\/ro\\\/catalog\\\/scule-electrice\\\/polizoare-unghiulare\\\/\"},{\"@type\":\"ListItem\",\"position\":5,\"name\":\"Polizor unghiular Kamoto AB1000\"}]},{\"@type\":\"WebSite\",\"@id\":\"https:\\\/\\\/kamoto.md\\\/ro\\\/#website\",\"url\":\"https:\\\/\\\/kamoto.md\\\/ro\\\/\",\"name\":\"Kamoto.MD\",\"description\":\"\u0418\u043d\u0442\u0435\u0440\u043d\u0435\u0442 \u043c\u0430\u0433\u0430\u0437\u0438\u043d \u044d\u043b\u0435\u043a\u0442\u0440\u043e\u0438\u043d\u0441\u0442\u0440\u0443\u043c\u0435\u043d\u0442\u0430, \u0441\u0430\u0434\u043e\u0432\u043e\u0439 \u0438 \u0441\u0438\u043b\u043e\u0432\u043e\u0439 \u0442\u0435\u0445\u043d\u0438\u043a\u0438.\",\"publisher\":{\"@id\":\"https:\\\/\\\/kamoto.md\\\/ro\\\/#organization\"},\"potentialAction\":[{\"@type\":\"SearchAction\",\"target\":{\"@type\":\"EntryPoint\",\"urlTemplate\":\"https:\\\/\\\/kamoto.md\\\/ro\\\/?s={search_term_string}\"},\"query-input\":{\"@type\":\"PropertyValueSpecification\",\"valueRequired\":true,\"valueName\":\"search_term_string\"}}],\"inLanguage\":\"ro-RO\"},{\"@type\":\"Organization\",\"@id\":\"https:\\\/\\\/kamoto.md\\\/ro\\\/#organization\",\"name\":\"Kamoto S.R.L.\",\"url\":\"https:\\\/\\\/kamoto.md\\\/ro\\\/\",\"logo\":{\"@type\":\"ImageObject\",\"inLanguage\":\"ro-RO\",\"@id\":\"https:\\\/\\\/kamoto.md\\\/ro\\\/#\\\/schema\\\/logo\\\/image\\\/\",\"url\":\"https:\\\/\\\/kamoto.md\\\/wp-content\\\/uploads\\\/2017\\\/08\\\/logo.png\",\"contentUrl\":\"https:\\\/\\\/kamoto.md\\\/wp-content\\\/uploads\\\/2017\\\/08\\\/logo.png\",\"width\":323,\"height\":50,\"caption\":\"Kamoto S.R.L.\"},\"image\":{\"@id\":\"https:\\\/\\\/kamoto.md\\\/ro\\\/#\\\/schema\\\/logo\\\/image\\\/\"}}]}<\/script>\n<!-- \/ Yoast SEO plugin. -->","yoast_head_json":{"title":"Polizoare unghiulare - Polizor unghiular Kamoto AB1000 - Kamoto.md","description":"Polizorul unghiular f\u0103r\u0103 fir Kamoto AB1000 este un instrument versatil \u0219i puternic conceput pentru t\u0103ierea \u0219i \u0219lefuirea diferitelor materiale. Este echipat cu motor f\u0103r\u0103 perii, care asigur\u0103 performan\u021be ridicate, eficien\u021b\u0103 energetic\u0103 \u0219i durabilitate.","robots":{"index":"index","follow":"follow","max-snippet":"max-snippet:-1","max-image-preview":"max-image-preview:large","max-video-preview":"max-video-preview:-1"},"canonical":"https:\/\/kamoto.md\/ro\/shop\/scule-electrice\/polizoare-unghiulare\/polizor-unghiular-kamoto-a850\/","og_locale":"ro_RO","og_type":"article","og_title":"Polizoare unghiulare - Polizor unghiular Kamoto AB1000 - Kamoto.md","og_description":"Polizorul unghiular f\u0103r\u0103 fir Kamoto AB1000 este un instrument versatil \u0219i puternic conceput pentru t\u0103ierea \u0219i \u0219lefuirea diferitelor materiale. Este echipat cu motor f\u0103r\u0103 perii, care asigur\u0103 performan\u021be ridicate, eficien\u021b\u0103 energetic\u0103 \u0219i durabilitate.","og_url":"https:\/\/kamoto.md\/ro\/shop\/scule-electrice\/polizoare-unghiulare\/polizor-unghiular-kamoto-a850\/","og_site_name":"Kamoto.md","article_modified_time":"2026-03-10T09:21:10+00:00","og_image":[{"width":1000,"height":1000,"url":"https:\/\/kamoto.md\/wp-content\/uploads\/2021\/05\/logo2.png","type":"image\/png"}],"twitter_card":"summary_large_image","twitter_misc":{"Timp estimat pentru citire":"1 minut"},"schema":{"@context":"https:\/\/schema.org","@graph":[{"@type":["WebPage","ItemPage"],"@id":"https:\/\/kamoto.md\/ro\/shop\/scule-electrice\/polizoare-unghiulare\/polizor-unghiular-kamoto-a850\/","url":"https:\/\/kamoto.md\/ro\/shop\/scule-electrice\/polizoare-unghiulare\/polizor-unghiular-kamoto-a850\/","name":"Polizoare unghiulare - Polizor unghiular Kamoto AB1000 - Kamoto.md","isPartOf":{"@id":"https:\/\/kamoto.md\/ro\/#website"},"primaryImageOfPage":{"@id":"https:\/\/kamoto.md\/ro\/shop\/scule-electrice\/polizoare-unghiulare\/polizor-unghiular-kamoto-a850\/#primaryimage"},"image":{"@id":"https:\/\/kamoto.md\/ro\/shop\/scule-electrice\/polizoare-unghiulare\/polizor-unghiular-kamoto-a850\/#primaryimage"},"thumbnailUrl":"https:\/\/kamoto.md\/wp-content\/uploads\/2025\/09\/5-15.jpg","datePublished":"2025-09-23T08:12:46+00:00","dateModified":"2026-03-10T09:21:10+00:00","description":"Polizorul unghiular f\u0103r\u0103 fir Kamoto AB1000 este un instrument versatil \u0219i puternic conceput pentru t\u0103ierea \u0219i \u0219lefuirea diferitelor materiale. Este echipat cu motor f\u0103r\u0103 perii, care asigur\u0103 performan\u021be ridicate, eficien\u021b\u0103 energetic\u0103 \u0219i durabilitate.","breadcrumb":{"@id":"https:\/\/kamoto.md\/ro\/shop\/scule-electrice\/polizoare-unghiulare\/polizor-unghiular-kamoto-a850\/#breadcrumb"},"inLanguage":"ro-RO","potentialAction":[{"@type":"ReadAction","target":["https:\/\/kamoto.md\/ro\/shop\/scule-electrice\/polizoare-unghiulare\/polizor-unghiular-kamoto-a850\/"]}]},{"@type":"ImageObject","inLanguage":"ro-RO","@id":"https:\/\/kamoto.md\/ro\/shop\/scule-electrice\/polizoare-unghiulare\/polizor-unghiular-kamoto-a850\/#primaryimage","url":"https:\/\/kamoto.md\/wp-content\/uploads\/2025\/09\/5-15.jpg","contentUrl":"https:\/\/kamoto.md\/wp-content\/uploads\/2025\/09\/5-15.jpg","width":1000,"height":1000},{"@type":"BreadcrumbList","@id":"https:\/\/kamoto.md\/ro\/shop\/scule-electrice\/polizoare-unghiulare\/polizor-unghiular-kamoto-a850\/#breadcrumb","itemListElement":[{"@type":"ListItem","position":1,"name":"\u0413\u043b\u0430\u0432\u043d\u0430\u044f \u0441\u0442\u0440\u0430\u043d\u0438\u0446\u0430","item":"https:\/\/kamoto.md\/ro\/"},{"@type":"ListItem","position":2,"name":"Catalog","item":"https:\/\/kamoto.md\/ro\/catalog\/"},{"@type":"ListItem","position":3,"name":"Instrumente electrice","item":"https:\/\/kamoto.md\/ro\/catalog\/scule-electrice\/"},{"@type":"ListItem","position":4,"name":"Polizoare unghiulare","item":"https:\/\/kamoto.md\/ro\/catalog\/scule-electrice\/polizoare-unghiulare\/"},{"@type":"ListItem","position":5,"name":"Polizor unghiular Kamoto AB1000"}]},{"@type":"WebSite","@id":"https:\/\/kamoto.md\/ro\/#website","url":"https:\/\/kamoto.md\/ro\/","name":"Kamoto.MD","description":"\u0418\u043d\u0442\u0435\u0440\u043d\u0435\u0442 \u043c\u0430\u0433\u0430\u0437\u0438\u043d \u044d\u043b\u0435\u043a\u0442\u0440\u043e\u0438\u043d\u0441\u0442\u0440\u0443\u043c\u0435\u043d\u0442\u0430, \u0441\u0430\u0434\u043e\u0432\u043e\u0439 \u0438 \u0441\u0438\u043b\u043e\u0432\u043e\u0439 \u0442\u0435\u0445\u043d\u0438\u043a\u0438.","publisher":{"@id":"https:\/\/kamoto.md\/ro\/#organization"},"potentialAction":[{"@type":"SearchAction","target":{"@type":"EntryPoint","urlTemplate":"https:\/\/kamoto.md\/ro\/?s={search_term_string}"},"query-input":{"@type":"PropertyValueSpecification","valueRequired":true,"valueName":"search_term_string"}}],"inLanguage":"ro-RO"},{"@type":"Organization","@id":"https:\/\/kamoto.md\/ro\/#organization","name":"Kamoto S.R.L.","url":"https:\/\/kamoto.md\/ro\/","logo":{"@type":"ImageObject","inLanguage":"ro-RO","@id":"https:\/\/kamoto.md\/ro\/#\/schema\/logo\/image\/","url":"https:\/\/kamoto.md\/wp-content\/uploads\/2017\/08\/logo.png","contentUrl":"https:\/\/kamoto.md\/wp-content\/uploads\/2017\/08\/logo.png","width":323,"height":50,"caption":"Kamoto S.R.L."},"image":{"@id":"https:\/\/kamoto.md\/ro\/#\/schema\/logo\/image\/"}}]}},"_links":{"self":[{"href":"https:\/\/kamoto.md\/ro\/wp-json\/wp\/v2\/product\/13689","targetHints":{"allow":["GET"]}}],"collection":[{"href":"https:\/\/kamoto.md\/ro\/wp-json\/wp\/v2\/product"}],"about":[{"href":"https:\/\/kamoto.md\/ro\/wp-json\/wp\/v2\/types\/product"}],"wp:featuredmedia":[{"embeddable":true,"href":"https:\/\/kamoto.md\/ro\/wp-json\/wp\/v2\/media\/13403"}],"wp:attachment":[{"href":"https:\/\/kamoto.md\/ro\/wp-json\/wp\/v2\/media?parent=13689"}],"wp:term":[{"taxonomy":"product_brand","embeddable":true,"href":"https:\/\/kamoto.md\/ro\/wp-json\/wp\/v2\/product_brand?post=13689"},{"taxonomy":"product_cat","embeddable":true,"href":"https:\/\/kamoto.md\/ro\/wp-json\/wp\/v2\/product_cat?post=13689"},{"taxonomy":"product_tag","embeddable":true,"href":"https:\/\/kamoto.md\/ro\/wp-json\/wp\/v2\/product_tag?post=13689"}],"curies":[{"name":"wp","href":"https:\/\/api.w.org\/{rel}","templated":true}]}}