{"id":13690,"date":"2025-09-22T19:22:33","date_gmt":"2025-09-22T17:22:33","guid":{"rendered":"https:\/\/kamoto.md\/shop\/fara-categorie\/akkumulyatornyj-gajkovyort-s-udarnym-mehanizmom-kamoto-wb950-bez-akkumulyatora-i-zaryadnogo-ustrojstva\/"},"modified":"2026-02-25T19:02:28","modified_gmt":"2026-02-25T17:02:28","slug":"masina-de-insurubat-cu-impact-pe-acumulator-kamoto-wb950-fara-baterie-si-incarcator","status":"publish","type":"product","link":"https:\/\/kamoto.md\/ro\/shop\/scule-electrice\/masini-de-insurubat-cu-acumulator\/masina-de-insurubat-cu-impact-pe-acumulator-kamoto-wb950-fara-baterie-si-incarcator\/","title":{"rendered":"Ma\u0219in\u0103 de \u00een\u0219urubat cu impact pe acumulator  KAMOTO WB950 (f\u0103r\u0103 baterie si \u00eenc\u0103rc\u0103tor)"},"content":{"rendered":"<p>Ma\u0219in\u0103 de \u00een\u0219urubat cu impact pe acumulator KAMOTO WB950 (f\u0103r\u0103 baterie si \u00eenc\u0103rc\u0103tor) este proiectat\u0103 pentru \u00een\u0219urubarea \u0219i de\u0219urubarea elementelor de fixare mari. Este echipat cu motoare f\u0103r\u0103 perii (Brushless Motor) pentru performan\u021be ridicate, fiabilitate \u0219i durat\u0103 lung\u0103 de via\u021b\u0103.<\/p>\n<p>Ma\u0219in\u0103 de \u00een\u0219urubat cu impact pe acumulator KAMOTO WB950 (f\u0103r\u0103 baterie si \u00eenc\u0103rc\u0103tor) combin\u0103 puterea \u0219i confortul, fiind ideal\u0103 pentru uz casnic \u0219i semi-profesional.<\/p>\n","protected":false},"excerpt":{"rendered":"<p><strong>Model: Kamoto WB950<\/strong><\/p>\n<ul>\n<li><strong>Tensiune:<\/strong> 20 V<\/li>\n<li><strong>Cuplu maxim:<\/strong> 950 N-m<\/li>\n<li><strong>Viteza de rota\u021bie:<\/strong> 0-2400 rpm<\/li>\n<li><strong>Frecven\u021ba b\u0103t\u0103ilor:<\/strong> 0-2900 <strong>b\u0103t\u0103i\/minut<\/strong><\/li>\n<li><strong>Motor: Motor<\/strong> f\u0103r\u0103 perii (Motor f\u0103r\u0103 perii)<\/li>\n<li><strong>Echipament:<\/strong><\/li>\n<\/ul>\n<ul>\n<li><strong>sp\u0103rg\u0103tor de nuci<\/strong><\/li>\n<li><strong>Carcas\u0103 din plastic (BMC)<\/strong><\/li>\n<\/ul>\n","protected":false},"featured_media":13349,"template":"","meta":[],"product_brand":[],"product_cat":[315],"product_tag":[],"class_list":{"0":"post-13690","1":"product","2":"type-product","3":"status-publish","4":"has-post-thumbnail","6":"product_cat-masini-de-insurubat-cu-acumulator","8":"first","9":"instock","10":"shipping-taxable","11":"purchasable","12":"product-type-simple"},"yoast_head":"<!-- This site is optimized with the Yoast SEO plugin v27.3 - https:\/\/yoast.com\/product\/yoast-seo-wordpress\/ -->\n<title>Ma\u0219ini de \u00een\u0219urubat pe acumulator - Ma\u0219in\u0103 de \u00een\u0219urubat cu impact pe acumulator KAMOTO WB950 (f\u0103r\u0103 baterie si \u00eenc\u0103rc\u0103tor) - Kamoto.md<\/title>\n<meta name=\"description\" content=\"Cheia cu impact f\u0103r\u0103 fir Kamoto WB950 este proiectat\u0103 pentru \u00een\u0219urubarea \u0219i de\u0219urubarea elementelor de fixare mari. Este echipat cu motoare f\u0103r\u0103 perii (Brushless Motor) pentru performan\u021be ridicate, fiabilitate \u0219i durat\u0103 lung\u0103 de via\u021b\u0103.\" \/>\n<meta name=\"robots\" content=\"index, follow, max-snippet:-1, max-image-preview:large, max-video-preview:-1\" \/>\n<link rel=\"canonical\" href=\"https:\/\/kamoto.md\/ro\/shop\/scule-electrice\/masini-de-insurubat-cu-acumulator\/masina-de-insurubat-cu-impact-pe-acumulator-kamoto-wb950-fara-baterie-si-incarcator\/\" \/>\n<meta property=\"og:locale\" content=\"ro_RO\" \/>\n<meta property=\"og:type\" content=\"article\" \/>\n<meta property=\"og:title\" content=\"Ma\u0219ini de \u00een\u0219urubat pe acumulator - Ma\u0219in\u0103 de \u00een\u0219urubat cu impact pe acumulator KAMOTO WB950 (f\u0103r\u0103 baterie si \u00eenc\u0103rc\u0103tor) - Kamoto.md\" \/>\n<meta property=\"og:description\" content=\"Cheia cu impact f\u0103r\u0103 fir Kamoto WB950 este proiectat\u0103 pentru \u00een\u0219urubarea \u0219i de\u0219urubarea elementelor de fixare mari. Este echipat cu motoare f\u0103r\u0103 perii (Brushless Motor) pentru performan\u021be ridicate, fiabilitate \u0219i durat\u0103 lung\u0103 de via\u021b\u0103.\" \/>\n<meta property=\"og:url\" content=\"https:\/\/kamoto.md\/ro\/shop\/scule-electrice\/masini-de-insurubat-cu-acumulator\/masina-de-insurubat-cu-impact-pe-acumulator-kamoto-wb950-fara-baterie-si-incarcator\/\" \/>\n<meta property=\"og:site_name\" content=\"Kamoto.md\" \/>\n<meta property=\"article:modified_time\" content=\"2026-02-25T17:02:28+00:00\" \/>\n<meta property=\"og:image\" content=\"https:\/\/kamoto.md\/wp-content\/uploads\/2021\/05\/logo2.png\" \/>\n\t<meta property=\"og:image:width\" content=\"1000\" \/>\n\t<meta property=\"og:image:height\" content=\"1000\" \/>\n\t<meta property=\"og:image:type\" content=\"image\/png\" \/>\n<meta name=\"twitter:card\" content=\"summary_large_image\" \/>\n<meta name=\"twitter:label1\" content=\"Timp estimat pentru citire\" \/>\n\t<meta name=\"twitter:data1\" content=\"1 minut\" \/>\n<script type=\"application\/ld+json\" class=\"yoast-schema-graph\">{\"@context\":\"https:\\\/\\\/schema.org\",\"@graph\":[{\"@type\":[\"WebPage\",\"ItemPage\"],\"@id\":\"https:\\\/\\\/kamoto.md\\\/ro\\\/shop\\\/scule-electrice\\\/masini-de-insurubat-cu-acumulator\\\/masina-de-insurubat-cu-impact-pe-acumulator-kamoto-wb950-fara-baterie-si-incarcator\\\/\",\"url\":\"https:\\\/\\\/kamoto.md\\\/ro\\\/shop\\\/scule-electrice\\\/masini-de-insurubat-cu-acumulator\\\/masina-de-insurubat-cu-impact-pe-acumulator-kamoto-wb950-fara-baterie-si-incarcator\\\/\",\"name\":\"Ma\u0219ini de \u00een\u0219urubat pe acumulator - Ma\u0219in\u0103 de \u00een\u0219urubat cu impact pe acumulator KAMOTO WB950 (f\u0103r\u0103 baterie si \u00eenc\u0103rc\u0103tor) - Kamoto.md\",\"isPartOf\":{\"@id\":\"https:\\\/\\\/kamoto.md\\\/ro\\\/#website\"},\"primaryImageOfPage\":{\"@id\":\"https:\\\/\\\/kamoto.md\\\/ro\\\/shop\\\/scule-electrice\\\/masini-de-insurubat-cu-acumulator\\\/masina-de-insurubat-cu-impact-pe-acumulator-kamoto-wb950-fara-baterie-si-incarcator\\\/#primaryimage\"},\"image\":{\"@id\":\"https:\\\/\\\/kamoto.md\\\/ro\\\/shop\\\/scule-electrice\\\/masini-de-insurubat-cu-acumulator\\\/masina-de-insurubat-cu-impact-pe-acumulator-kamoto-wb950-fara-baterie-si-incarcator\\\/#primaryimage\"},\"thumbnailUrl\":\"https:\\\/\\\/kamoto.md\\\/wp-content\\\/uploads\\\/2025\\\/09\\\/3a.jpg\",\"datePublished\":\"2025-09-22T17:22:33+00:00\",\"dateModified\":\"2026-02-25T17:02:28+00:00\",\"description\":\"Cheia cu impact f\u0103r\u0103 fir Kamoto WB950 este proiectat\u0103 pentru \u00een\u0219urubarea \u0219i de\u0219urubarea elementelor de fixare mari. Este echipat cu motoare f\u0103r\u0103 perii (Brushless Motor) pentru performan\u021be ridicate, fiabilitate \u0219i durat\u0103 lung\u0103 de via\u021b\u0103.\",\"breadcrumb\":{\"@id\":\"https:\\\/\\\/kamoto.md\\\/ro\\\/shop\\\/scule-electrice\\\/masini-de-insurubat-cu-acumulator\\\/masina-de-insurubat-cu-impact-pe-acumulator-kamoto-wb950-fara-baterie-si-incarcator\\\/#breadcrumb\"},\"inLanguage\":\"ro-RO\",\"potentialAction\":[{\"@type\":\"ReadAction\",\"target\":[\"https:\\\/\\\/kamoto.md\\\/ro\\\/shop\\\/scule-electrice\\\/masini-de-insurubat-cu-acumulator\\\/masina-de-insurubat-cu-impact-pe-acumulator-kamoto-wb950-fara-baterie-si-incarcator\\\/\"]}]},{\"@type\":\"ImageObject\",\"inLanguage\":\"ro-RO\",\"@id\":\"https:\\\/\\\/kamoto.md\\\/ro\\\/shop\\\/scule-electrice\\\/masini-de-insurubat-cu-acumulator\\\/masina-de-insurubat-cu-impact-pe-acumulator-kamoto-wb950-fara-baterie-si-incarcator\\\/#primaryimage\",\"url\":\"https:\\\/\\\/kamoto.md\\\/wp-content\\\/uploads\\\/2025\\\/09\\\/3a.jpg\",\"contentUrl\":\"https:\\\/\\\/kamoto.md\\\/wp-content\\\/uploads\\\/2025\\\/09\\\/3a.jpg\",\"width\":1000,\"height\":1000},{\"@type\":\"BreadcrumbList\",\"@id\":\"https:\\\/\\\/kamoto.md\\\/ro\\\/shop\\\/scule-electrice\\\/masini-de-insurubat-cu-acumulator\\\/masina-de-insurubat-cu-impact-pe-acumulator-kamoto-wb950-fara-baterie-si-incarcator\\\/#breadcrumb\",\"itemListElement\":[{\"@type\":\"ListItem\",\"position\":1,\"name\":\"\u0413\u043b\u0430\u0432\u043d\u0430\u044f \u0441\u0442\u0440\u0430\u043d\u0438\u0446\u0430\",\"item\":\"https:\\\/\\\/kamoto.md\\\/ro\\\/\"},{\"@type\":\"ListItem\",\"position\":2,\"name\":\"Catalog\",\"item\":\"https:\\\/\\\/kamoto.md\\\/ro\\\/catalog\\\/\"},{\"@type\":\"ListItem\",\"position\":3,\"name\":\"Instrumente electrice\",\"item\":\"https:\\\/\\\/kamoto.md\\\/ro\\\/catalog\\\/scule-electrice\\\/\"},{\"@type\":\"ListItem\",\"position\":4,\"name\":\"Ma\u0219ini de \u00een\u0219urubat pe acumulator\",\"item\":\"https:\\\/\\\/kamoto.md\\\/ro\\\/catalog\\\/scule-electrice\\\/masini-de-insurubat-cu-acumulator\\\/\"},{\"@type\":\"ListItem\",\"position\":5,\"name\":\"Ma\u0219in\u0103 de \u00een\u0219urubat cu impact pe acumulator KAMOTO WB950 (f\u0103r\u0103 baterie si \u00eenc\u0103rc\u0103tor)\"}]},{\"@type\":\"WebSite\",\"@id\":\"https:\\\/\\\/kamoto.md\\\/ro\\\/#website\",\"url\":\"https:\\\/\\\/kamoto.md\\\/ro\\\/\",\"name\":\"Kamoto.MD\",\"description\":\"\u0418\u043d\u0442\u0435\u0440\u043d\u0435\u0442 \u043c\u0430\u0433\u0430\u0437\u0438\u043d \u044d\u043b\u0435\u043a\u0442\u0440\u043e\u0438\u043d\u0441\u0442\u0440\u0443\u043c\u0435\u043d\u0442\u0430, \u0441\u0430\u0434\u043e\u0432\u043e\u0439 \u0438 \u0441\u0438\u043b\u043e\u0432\u043e\u0439 \u0442\u0435\u0445\u043d\u0438\u043a\u0438.\",\"publisher\":{\"@id\":\"https:\\\/\\\/kamoto.md\\\/ro\\\/#organization\"},\"potentialAction\":[{\"@type\":\"SearchAction\",\"target\":{\"@type\":\"EntryPoint\",\"urlTemplate\":\"https:\\\/\\\/kamoto.md\\\/ro\\\/?s={search_term_string}\"},\"query-input\":{\"@type\":\"PropertyValueSpecification\",\"valueRequired\":true,\"valueName\":\"search_term_string\"}}],\"inLanguage\":\"ro-RO\"},{\"@type\":\"Organization\",\"@id\":\"https:\\\/\\\/kamoto.md\\\/ro\\\/#organization\",\"name\":\"Kamoto S.R.L.\",\"url\":\"https:\\\/\\\/kamoto.md\\\/ro\\\/\",\"logo\":{\"@type\":\"ImageObject\",\"inLanguage\":\"ro-RO\",\"@id\":\"https:\\\/\\\/kamoto.md\\\/ro\\\/#\\\/schema\\\/logo\\\/image\\\/\",\"url\":\"https:\\\/\\\/kamoto.md\\\/wp-content\\\/uploads\\\/2017\\\/08\\\/logo.png\",\"contentUrl\":\"https:\\\/\\\/kamoto.md\\\/wp-content\\\/uploads\\\/2017\\\/08\\\/logo.png\",\"width\":323,\"height\":50,\"caption\":\"Kamoto S.R.L.\"},\"image\":{\"@id\":\"https:\\\/\\\/kamoto.md\\\/ro\\\/#\\\/schema\\\/logo\\\/image\\\/\"}}]}<\/script>\n<!-- \/ Yoast SEO plugin. -->","yoast_head_json":{"title":"Ma\u0219ini de \u00een\u0219urubat pe acumulator - Ma\u0219in\u0103 de \u00een\u0219urubat cu impact pe acumulator KAMOTO WB950 (f\u0103r\u0103 baterie si \u00eenc\u0103rc\u0103tor) - Kamoto.md","description":"Cheia cu impact f\u0103r\u0103 fir Kamoto WB950 este proiectat\u0103 pentru \u00een\u0219urubarea \u0219i de\u0219urubarea elementelor de fixare mari. Este echipat cu motoare f\u0103r\u0103 perii (Brushless Motor) pentru performan\u021be ridicate, fiabilitate \u0219i durat\u0103 lung\u0103 de via\u021b\u0103.","robots":{"index":"index","follow":"follow","max-snippet":"max-snippet:-1","max-image-preview":"max-image-preview:large","max-video-preview":"max-video-preview:-1"},"canonical":"https:\/\/kamoto.md\/ro\/shop\/scule-electrice\/masini-de-insurubat-cu-acumulator\/masina-de-insurubat-cu-impact-pe-acumulator-kamoto-wb950-fara-baterie-si-incarcator\/","og_locale":"ro_RO","og_type":"article","og_title":"Ma\u0219ini de \u00een\u0219urubat pe acumulator - Ma\u0219in\u0103 de \u00een\u0219urubat cu impact pe acumulator KAMOTO WB950 (f\u0103r\u0103 baterie si \u00eenc\u0103rc\u0103tor) - Kamoto.md","og_description":"Cheia cu impact f\u0103r\u0103 fir Kamoto WB950 este proiectat\u0103 pentru \u00een\u0219urubarea \u0219i de\u0219urubarea elementelor de fixare mari. Este echipat cu motoare f\u0103r\u0103 perii (Brushless Motor) pentru performan\u021be ridicate, fiabilitate \u0219i durat\u0103 lung\u0103 de via\u021b\u0103.","og_url":"https:\/\/kamoto.md\/ro\/shop\/scule-electrice\/masini-de-insurubat-cu-acumulator\/masina-de-insurubat-cu-impact-pe-acumulator-kamoto-wb950-fara-baterie-si-incarcator\/","og_site_name":"Kamoto.md","article_modified_time":"2026-02-25T17:02:28+00:00","og_image":[{"width":1000,"height":1000,"url":"https:\/\/kamoto.md\/wp-content\/uploads\/2021\/05\/logo2.png","type":"image\/png"}],"twitter_card":"summary_large_image","twitter_misc":{"Timp estimat pentru citire":"1 minut"},"schema":{"@context":"https:\/\/schema.org","@graph":[{"@type":["WebPage","ItemPage"],"@id":"https:\/\/kamoto.md\/ro\/shop\/scule-electrice\/masini-de-insurubat-cu-acumulator\/masina-de-insurubat-cu-impact-pe-acumulator-kamoto-wb950-fara-baterie-si-incarcator\/","url":"https:\/\/kamoto.md\/ro\/shop\/scule-electrice\/masini-de-insurubat-cu-acumulator\/masina-de-insurubat-cu-impact-pe-acumulator-kamoto-wb950-fara-baterie-si-incarcator\/","name":"Ma\u0219ini de \u00een\u0219urubat pe acumulator - Ma\u0219in\u0103 de \u00een\u0219urubat cu impact pe acumulator KAMOTO WB950 (f\u0103r\u0103 baterie si \u00eenc\u0103rc\u0103tor) - Kamoto.md","isPartOf":{"@id":"https:\/\/kamoto.md\/ro\/#website"},"primaryImageOfPage":{"@id":"https:\/\/kamoto.md\/ro\/shop\/scule-electrice\/masini-de-insurubat-cu-acumulator\/masina-de-insurubat-cu-impact-pe-acumulator-kamoto-wb950-fara-baterie-si-incarcator\/#primaryimage"},"image":{"@id":"https:\/\/kamoto.md\/ro\/shop\/scule-electrice\/masini-de-insurubat-cu-acumulator\/masina-de-insurubat-cu-impact-pe-acumulator-kamoto-wb950-fara-baterie-si-incarcator\/#primaryimage"},"thumbnailUrl":"https:\/\/kamoto.md\/wp-content\/uploads\/2025\/09\/3a.jpg","datePublished":"2025-09-22T17:22:33+00:00","dateModified":"2026-02-25T17:02:28+00:00","description":"Cheia cu impact f\u0103r\u0103 fir Kamoto WB950 este proiectat\u0103 pentru \u00een\u0219urubarea \u0219i de\u0219urubarea elementelor de fixare mari. Este echipat cu motoare f\u0103r\u0103 perii (Brushless Motor) pentru performan\u021be ridicate, fiabilitate \u0219i durat\u0103 lung\u0103 de via\u021b\u0103.","breadcrumb":{"@id":"https:\/\/kamoto.md\/ro\/shop\/scule-electrice\/masini-de-insurubat-cu-acumulator\/masina-de-insurubat-cu-impact-pe-acumulator-kamoto-wb950-fara-baterie-si-incarcator\/#breadcrumb"},"inLanguage":"ro-RO","potentialAction":[{"@type":"ReadAction","target":["https:\/\/kamoto.md\/ro\/shop\/scule-electrice\/masini-de-insurubat-cu-acumulator\/masina-de-insurubat-cu-impact-pe-acumulator-kamoto-wb950-fara-baterie-si-incarcator\/"]}]},{"@type":"ImageObject","inLanguage":"ro-RO","@id":"https:\/\/kamoto.md\/ro\/shop\/scule-electrice\/masini-de-insurubat-cu-acumulator\/masina-de-insurubat-cu-impact-pe-acumulator-kamoto-wb950-fara-baterie-si-incarcator\/#primaryimage","url":"https:\/\/kamoto.md\/wp-content\/uploads\/2025\/09\/3a.jpg","contentUrl":"https:\/\/kamoto.md\/wp-content\/uploads\/2025\/09\/3a.jpg","width":1000,"height":1000},{"@type":"BreadcrumbList","@id":"https:\/\/kamoto.md\/ro\/shop\/scule-electrice\/masini-de-insurubat-cu-acumulator\/masina-de-insurubat-cu-impact-pe-acumulator-kamoto-wb950-fara-baterie-si-incarcator\/#breadcrumb","itemListElement":[{"@type":"ListItem","position":1,"name":"\u0413\u043b\u0430\u0432\u043d\u0430\u044f \u0441\u0442\u0440\u0430\u043d\u0438\u0446\u0430","item":"https:\/\/kamoto.md\/ro\/"},{"@type":"ListItem","position":2,"name":"Catalog","item":"https:\/\/kamoto.md\/ro\/catalog\/"},{"@type":"ListItem","position":3,"name":"Instrumente electrice","item":"https:\/\/kamoto.md\/ro\/catalog\/scule-electrice\/"},{"@type":"ListItem","position":4,"name":"Ma\u0219ini de \u00een\u0219urubat pe acumulator","item":"https:\/\/kamoto.md\/ro\/catalog\/scule-electrice\/masini-de-insurubat-cu-acumulator\/"},{"@type":"ListItem","position":5,"name":"Ma\u0219in\u0103 de \u00een\u0219urubat cu impact pe acumulator KAMOTO WB950 (f\u0103r\u0103 baterie si \u00eenc\u0103rc\u0103tor)"}]},{"@type":"WebSite","@id":"https:\/\/kamoto.md\/ro\/#website","url":"https:\/\/kamoto.md\/ro\/","name":"Kamoto.MD","description":"\u0418\u043d\u0442\u0435\u0440\u043d\u0435\u0442 \u043c\u0430\u0433\u0430\u0437\u0438\u043d \u044d\u043b\u0435\u043a\u0442\u0440\u043e\u0438\u043d\u0441\u0442\u0440\u0443\u043c\u0435\u043d\u0442\u0430, \u0441\u0430\u0434\u043e\u0432\u043e\u0439 \u0438 \u0441\u0438\u043b\u043e\u0432\u043e\u0439 \u0442\u0435\u0445\u043d\u0438\u043a\u0438.","publisher":{"@id":"https:\/\/kamoto.md\/ro\/#organization"},"potentialAction":[{"@type":"SearchAction","target":{"@type":"EntryPoint","urlTemplate":"https:\/\/kamoto.md\/ro\/?s={search_term_string}"},"query-input":{"@type":"PropertyValueSpecification","valueRequired":true,"valueName":"search_term_string"}}],"inLanguage":"ro-RO"},{"@type":"Organization","@id":"https:\/\/kamoto.md\/ro\/#organization","name":"Kamoto S.R.L.","url":"https:\/\/kamoto.md\/ro\/","logo":{"@type":"ImageObject","inLanguage":"ro-RO","@id":"https:\/\/kamoto.md\/ro\/#\/schema\/logo\/image\/","url":"https:\/\/kamoto.md\/wp-content\/uploads\/2017\/08\/logo.png","contentUrl":"https:\/\/kamoto.md\/wp-content\/uploads\/2017\/08\/logo.png","width":323,"height":50,"caption":"Kamoto S.R.L."},"image":{"@id":"https:\/\/kamoto.md\/ro\/#\/schema\/logo\/image\/"}}]}},"_links":{"self":[{"href":"https:\/\/kamoto.md\/ro\/wp-json\/wp\/v2\/product\/13690","targetHints":{"allow":["GET"]}}],"collection":[{"href":"https:\/\/kamoto.md\/ro\/wp-json\/wp\/v2\/product"}],"about":[{"href":"https:\/\/kamoto.md\/ro\/wp-json\/wp\/v2\/types\/product"}],"wp:featuredmedia":[{"embeddable":true,"href":"https:\/\/kamoto.md\/ro\/wp-json\/wp\/v2\/media\/13349"}],"wp:attachment":[{"href":"https:\/\/kamoto.md\/ro\/wp-json\/wp\/v2\/media?parent=13690"}],"wp:term":[{"taxonomy":"product_brand","embeddable":true,"href":"https:\/\/kamoto.md\/ro\/wp-json\/wp\/v2\/product_brand?post=13690"},{"taxonomy":"product_cat","embeddable":true,"href":"https:\/\/kamoto.md\/ro\/wp-json\/wp\/v2\/product_cat?post=13690"},{"taxonomy":"product_tag","embeddable":true,"href":"https:\/\/kamoto.md\/ro\/wp-json\/wp\/v2\/product_tag?post=13690"}],"curies":[{"name":"wp","href":"https:\/\/api.w.org\/{rel}","templated":true}]}}