{"id":13700,"date":"2025-09-22T17:45:06","date_gmt":"2025-09-22T15:45:06","guid":{"rendered":"https:\/\/kamoto.md\/shop\/fara-categorie\/akkumulyatornaya-tsirkulyarnaya-pila-kamoto-csb190-bez-akkumulyatora-i-zaryadnogo-ustrojstva\/"},"modified":"2026-02-27T16:19:03","modified_gmt":"2026-02-27T14:19:03","slug":"fierastrau-circular-pe-acumulator-kamoto-csb190-fara-baterie-si-incarcator-2","status":"publish","type":"product","link":"https:\/\/kamoto.md\/ro\/shop\/scule-electrice\/ferastrau-circular-manual\/fierastrau-circular-pe-acumulator-kamoto-csb190-fara-baterie-si-incarcator-2\/","title":{"rendered":"Fier\u0103str\u0103u circular pe acumulator KAMOTO CSB190 (f\u0103r\u0103 baterie \u0219i \u00eenc\u0103rc\u0103tor)"},"content":{"rendered":"<p>Fier\u0103str\u0103ul circular pe acumulator KAMOTO CSB190 (f\u0103r\u0103 baterie \u0219i \u00eenc\u0103rc\u0103tor) este proiectat pentru t\u0103ierea precis\u0103 \u0219i eficient\u0103 a diferitelor materiale, cum ar fi lemnul, plasticul \u0219i materialele compozite. Datorit\u0103 motorului f\u0103r\u0103 perii, fer\u0103str\u0103ul ofer\u0103 performan\u021be ridicate, durabilitate \u0219i u\u0219urin\u021b\u0103 \u00een utilizare.<\/p>\n","protected":false},"excerpt":{"rendered":"<ul>\n<li><strong>Tensiune:<\/strong> 20 V<\/li>\n<li><strong>Putere:<\/strong> 1000 W<\/li>\n<li><strong>Diametrul maxim al discului:<\/strong> 190 mm<\/li>\n<li><strong>Tura\u021bie \u00een gol:<\/strong> 5000 rpm<\/li>\n<li><strong>Ad\u00e2ncimea maxim\u0103 de t\u0103iere:<\/strong>\n<ul>\n<li>63,5 mm la un unghi de 90\u00b0<\/li>\n<li>44,5 mm la un unghi de 45\u00b0<\/li>\n<\/ul>\n<\/li>\n<li><strong>Motor: Motor<\/strong> f\u0103r\u0103 perii (Motor f\u0103r\u0103 perii)<\/li>\n<li><strong>Echipament:<\/strong><\/li>\n<\/ul>\n<ul>\n<li>Fer\u0103str\u0103u circular f\u0103r\u0103 fir<\/li>\n<li>Ghid<\/li>\n<li>Tasta schimb\u0103torului de discuri<\/li>\n<li>Disc<\/li>\n<\/ul>\n","protected":false},"featured_media":13232,"template":"","meta":[],"product_brand":[],"product_cat":[322],"product_tag":[],"class_list":{"0":"post-13700","1":"product","2":"type-product","3":"status-publish","4":"has-post-thumbnail","6":"product_cat-ferastrau-circular-manual","8":"first","9":"instock","10":"sale","11":"shipping-taxable","12":"purchasable","13":"product-type-simple"},"yoast_head":"<!-- This site is optimized with the Yoast SEO plugin v27.3 - https:\/\/yoast.com\/product\/yoast-seo-wordpress\/ -->\n<title>Fer\u0103straie circulare manuale - Fier\u0103str\u0103u circular pe acumulator KAMOTO CSB190 (f\u0103r\u0103 baterie \u0219i \u00eenc\u0103rc\u0103tor) - Kamoto.md<\/title>\n<meta name=\"description\" content=\"Fer\u0103str\u0103ul circular f\u0103r\u0103 fir KAMOTO CSB190 este proiectat pentru t\u0103ierea precis\u0103 \u0219i eficient\u0103 a diferitelor materiale, cum ar fi lemnul, plasticul \u0219i materialele compozite. Datorit\u0103 motorului f\u0103r\u0103 perii, fer\u0103str\u0103ul ofer\u0103 performan\u021be ridicate, durabilitate \u0219i u\u0219urin\u021b\u0103 \u00een utilizare.\" \/>\n<meta name=\"robots\" content=\"index, follow, max-snippet:-1, max-image-preview:large, max-video-preview:-1\" \/>\n<link rel=\"canonical\" href=\"https:\/\/kamoto.md\/ro\/shop\/scule-electrice\/ferastrau-circular-manual\/fierastrau-circular-pe-acumulator-kamoto-csb190-fara-baterie-si-incarcator-2\/\" \/>\n<meta property=\"og:locale\" content=\"ro_RO\" \/>\n<meta property=\"og:type\" content=\"article\" \/>\n<meta property=\"og:title\" content=\"Fer\u0103straie circulare manuale - Fier\u0103str\u0103u circular pe acumulator KAMOTO CSB190 (f\u0103r\u0103 baterie \u0219i \u00eenc\u0103rc\u0103tor) - Kamoto.md\" \/>\n<meta property=\"og:description\" content=\"Fer\u0103str\u0103ul circular f\u0103r\u0103 fir KAMOTO CSB190 este proiectat pentru t\u0103ierea precis\u0103 \u0219i eficient\u0103 a diferitelor materiale, cum ar fi lemnul, plasticul \u0219i materialele compozite. Datorit\u0103 motorului f\u0103r\u0103 perii, fer\u0103str\u0103ul ofer\u0103 performan\u021be ridicate, durabilitate \u0219i u\u0219urin\u021b\u0103 \u00een utilizare.\" \/>\n<meta property=\"og:url\" content=\"https:\/\/kamoto.md\/ro\/shop\/scule-electrice\/ferastrau-circular-manual\/fierastrau-circular-pe-acumulator-kamoto-csb190-fara-baterie-si-incarcator-2\/\" \/>\n<meta property=\"og:site_name\" content=\"Kamoto.md\" \/>\n<meta property=\"article:modified_time\" content=\"2026-02-27T14:19:03+00:00\" \/>\n<meta property=\"og:image\" content=\"https:\/\/kamoto.md\/wp-content\/uploads\/2021\/05\/logo2.png\" \/>\n\t<meta property=\"og:image:width\" content=\"1000\" \/>\n\t<meta property=\"og:image:height\" content=\"1000\" \/>\n\t<meta property=\"og:image:type\" content=\"image\/png\" \/>\n<meta name=\"twitter:card\" content=\"summary_large_image\" \/>\n<meta name=\"twitter:label1\" content=\"Timp estimat pentru citire\" \/>\n\t<meta name=\"twitter:data1\" content=\"1 minut\" \/>\n<script type=\"application\/ld+json\" class=\"yoast-schema-graph\">{\"@context\":\"https:\\\/\\\/schema.org\",\"@graph\":[{\"@type\":[\"WebPage\",\"ItemPage\"],\"@id\":\"https:\\\/\\\/kamoto.md\\\/ro\\\/shop\\\/scule-electrice\\\/ferastrau-circular-manual\\\/fierastrau-circular-pe-acumulator-kamoto-csb190-fara-baterie-si-incarcator-2\\\/\",\"url\":\"https:\\\/\\\/kamoto.md\\\/ro\\\/shop\\\/scule-electrice\\\/ferastrau-circular-manual\\\/fierastrau-circular-pe-acumulator-kamoto-csb190-fara-baterie-si-incarcator-2\\\/\",\"name\":\"Fer\u0103straie circulare manuale - Fier\u0103str\u0103u circular pe acumulator KAMOTO CSB190 (f\u0103r\u0103 baterie \u0219i \u00eenc\u0103rc\u0103tor) - Kamoto.md\",\"isPartOf\":{\"@id\":\"https:\\\/\\\/kamoto.md\\\/ro\\\/#website\"},\"primaryImageOfPage\":{\"@id\":\"https:\\\/\\\/kamoto.md\\\/ro\\\/shop\\\/scule-electrice\\\/ferastrau-circular-manual\\\/fierastrau-circular-pe-acumulator-kamoto-csb190-fara-baterie-si-incarcator-2\\\/#primaryimage\"},\"image\":{\"@id\":\"https:\\\/\\\/kamoto.md\\\/ro\\\/shop\\\/scule-electrice\\\/ferastrau-circular-manual\\\/fierastrau-circular-pe-acumulator-kamoto-csb190-fara-baterie-si-incarcator-2\\\/#primaryimage\"},\"thumbnailUrl\":\"https:\\\/\\\/kamoto.md\\\/wp-content\\\/uploads\\\/2025\\\/09\\\/1-5.jpg\",\"datePublished\":\"2025-09-22T15:45:06+00:00\",\"dateModified\":\"2026-02-27T14:19:03+00:00\",\"description\":\"Fer\u0103str\u0103ul circular f\u0103r\u0103 fir KAMOTO CSB190 este proiectat pentru t\u0103ierea precis\u0103 \u0219i eficient\u0103 a diferitelor materiale, cum ar fi lemnul, plasticul \u0219i materialele compozite. Datorit\u0103 motorului f\u0103r\u0103 perii, fer\u0103str\u0103ul ofer\u0103 performan\u021be ridicate, durabilitate \u0219i u\u0219urin\u021b\u0103 \u00een utilizare.\",\"breadcrumb\":{\"@id\":\"https:\\\/\\\/kamoto.md\\\/ro\\\/shop\\\/scule-electrice\\\/ferastrau-circular-manual\\\/fierastrau-circular-pe-acumulator-kamoto-csb190-fara-baterie-si-incarcator-2\\\/#breadcrumb\"},\"inLanguage\":\"ro-RO\",\"potentialAction\":[{\"@type\":\"ReadAction\",\"target\":[\"https:\\\/\\\/kamoto.md\\\/ro\\\/shop\\\/scule-electrice\\\/ferastrau-circular-manual\\\/fierastrau-circular-pe-acumulator-kamoto-csb190-fara-baterie-si-incarcator-2\\\/\"]}]},{\"@type\":\"ImageObject\",\"inLanguage\":\"ro-RO\",\"@id\":\"https:\\\/\\\/kamoto.md\\\/ro\\\/shop\\\/scule-electrice\\\/ferastrau-circular-manual\\\/fierastrau-circular-pe-acumulator-kamoto-csb190-fara-baterie-si-incarcator-2\\\/#primaryimage\",\"url\":\"https:\\\/\\\/kamoto.md\\\/wp-content\\\/uploads\\\/2025\\\/09\\\/1-5.jpg\",\"contentUrl\":\"https:\\\/\\\/kamoto.md\\\/wp-content\\\/uploads\\\/2025\\\/09\\\/1-5.jpg\",\"width\":1000,\"height\":1000},{\"@type\":\"BreadcrumbList\",\"@id\":\"https:\\\/\\\/kamoto.md\\\/ro\\\/shop\\\/scule-electrice\\\/ferastrau-circular-manual\\\/fierastrau-circular-pe-acumulator-kamoto-csb190-fara-baterie-si-incarcator-2\\\/#breadcrumb\",\"itemListElement\":[{\"@type\":\"ListItem\",\"position\":1,\"name\":\"\u0413\u043b\u0430\u0432\u043d\u0430\u044f \u0441\u0442\u0440\u0430\u043d\u0438\u0446\u0430\",\"item\":\"https:\\\/\\\/kamoto.md\\\/ro\\\/\"},{\"@type\":\"ListItem\",\"position\":2,\"name\":\"Catalog\",\"item\":\"https:\\\/\\\/kamoto.md\\\/ro\\\/catalog\\\/\"},{\"@type\":\"ListItem\",\"position\":3,\"name\":\"Instrumente electrice\",\"item\":\"https:\\\/\\\/kamoto.md\\\/ro\\\/catalog\\\/scule-electrice\\\/\"},{\"@type\":\"ListItem\",\"position\":4,\"name\":\"Fer\u0103straie circulare manuale\",\"item\":\"https:\\\/\\\/kamoto.md\\\/ro\\\/catalog\\\/scule-electrice\\\/ferastrau-circular-manual\\\/\"},{\"@type\":\"ListItem\",\"position\":5,\"name\":\"Fier\u0103str\u0103u circular pe acumulator KAMOTO CSB190 (f\u0103r\u0103 baterie \u0219i \u00eenc\u0103rc\u0103tor)\"}]},{\"@type\":\"WebSite\",\"@id\":\"https:\\\/\\\/kamoto.md\\\/ro\\\/#website\",\"url\":\"https:\\\/\\\/kamoto.md\\\/ro\\\/\",\"name\":\"Kamoto.MD\",\"description\":\"\u0418\u043d\u0442\u0435\u0440\u043d\u0435\u0442 \u043c\u0430\u0433\u0430\u0437\u0438\u043d \u044d\u043b\u0435\u043a\u0442\u0440\u043e\u0438\u043d\u0441\u0442\u0440\u0443\u043c\u0435\u043d\u0442\u0430, \u0441\u0430\u0434\u043e\u0432\u043e\u0439 \u0438 \u0441\u0438\u043b\u043e\u0432\u043e\u0439 \u0442\u0435\u0445\u043d\u0438\u043a\u0438.\",\"publisher\":{\"@id\":\"https:\\\/\\\/kamoto.md\\\/ro\\\/#organization\"},\"potentialAction\":[{\"@type\":\"SearchAction\",\"target\":{\"@type\":\"EntryPoint\",\"urlTemplate\":\"https:\\\/\\\/kamoto.md\\\/ro\\\/?s={search_term_string}\"},\"query-input\":{\"@type\":\"PropertyValueSpecification\",\"valueRequired\":true,\"valueName\":\"search_term_string\"}}],\"inLanguage\":\"ro-RO\"},{\"@type\":\"Organization\",\"@id\":\"https:\\\/\\\/kamoto.md\\\/ro\\\/#organization\",\"name\":\"Kamoto S.R.L.\",\"url\":\"https:\\\/\\\/kamoto.md\\\/ro\\\/\",\"logo\":{\"@type\":\"ImageObject\",\"inLanguage\":\"ro-RO\",\"@id\":\"https:\\\/\\\/kamoto.md\\\/ro\\\/#\\\/schema\\\/logo\\\/image\\\/\",\"url\":\"https:\\\/\\\/kamoto.md\\\/wp-content\\\/uploads\\\/2017\\\/08\\\/logo.png\",\"contentUrl\":\"https:\\\/\\\/kamoto.md\\\/wp-content\\\/uploads\\\/2017\\\/08\\\/logo.png\",\"width\":323,\"height\":50,\"caption\":\"Kamoto S.R.L.\"},\"image\":{\"@id\":\"https:\\\/\\\/kamoto.md\\\/ro\\\/#\\\/schema\\\/logo\\\/image\\\/\"}}]}<\/script>\n<!-- \/ Yoast SEO plugin. -->","yoast_head_json":{"title":"Fer\u0103straie circulare manuale - Fier\u0103str\u0103u circular pe acumulator KAMOTO CSB190 (f\u0103r\u0103 baterie \u0219i \u00eenc\u0103rc\u0103tor) - Kamoto.md","description":"Fer\u0103str\u0103ul circular f\u0103r\u0103 fir KAMOTO CSB190 este proiectat pentru t\u0103ierea precis\u0103 \u0219i eficient\u0103 a diferitelor materiale, cum ar fi lemnul, plasticul \u0219i materialele compozite. Datorit\u0103 motorului f\u0103r\u0103 perii, fer\u0103str\u0103ul ofer\u0103 performan\u021be ridicate, durabilitate \u0219i u\u0219urin\u021b\u0103 \u00een utilizare.","robots":{"index":"index","follow":"follow","max-snippet":"max-snippet:-1","max-image-preview":"max-image-preview:large","max-video-preview":"max-video-preview:-1"},"canonical":"https:\/\/kamoto.md\/ro\/shop\/scule-electrice\/ferastrau-circular-manual\/fierastrau-circular-pe-acumulator-kamoto-csb190-fara-baterie-si-incarcator-2\/","og_locale":"ro_RO","og_type":"article","og_title":"Fer\u0103straie circulare manuale - Fier\u0103str\u0103u circular pe acumulator KAMOTO CSB190 (f\u0103r\u0103 baterie \u0219i \u00eenc\u0103rc\u0103tor) - Kamoto.md","og_description":"Fer\u0103str\u0103ul circular f\u0103r\u0103 fir KAMOTO CSB190 este proiectat pentru t\u0103ierea precis\u0103 \u0219i eficient\u0103 a diferitelor materiale, cum ar fi lemnul, plasticul \u0219i materialele compozite. Datorit\u0103 motorului f\u0103r\u0103 perii, fer\u0103str\u0103ul ofer\u0103 performan\u021be ridicate, durabilitate \u0219i u\u0219urin\u021b\u0103 \u00een utilizare.","og_url":"https:\/\/kamoto.md\/ro\/shop\/scule-electrice\/ferastrau-circular-manual\/fierastrau-circular-pe-acumulator-kamoto-csb190-fara-baterie-si-incarcator-2\/","og_site_name":"Kamoto.md","article_modified_time":"2026-02-27T14:19:03+00:00","og_image":[{"width":1000,"height":1000,"url":"https:\/\/kamoto.md\/wp-content\/uploads\/2021\/05\/logo2.png","type":"image\/png"}],"twitter_card":"summary_large_image","twitter_misc":{"Timp estimat pentru citire":"1 minut"},"schema":{"@context":"https:\/\/schema.org","@graph":[{"@type":["WebPage","ItemPage"],"@id":"https:\/\/kamoto.md\/ro\/shop\/scule-electrice\/ferastrau-circular-manual\/fierastrau-circular-pe-acumulator-kamoto-csb190-fara-baterie-si-incarcator-2\/","url":"https:\/\/kamoto.md\/ro\/shop\/scule-electrice\/ferastrau-circular-manual\/fierastrau-circular-pe-acumulator-kamoto-csb190-fara-baterie-si-incarcator-2\/","name":"Fer\u0103straie circulare manuale - Fier\u0103str\u0103u circular pe acumulator KAMOTO CSB190 (f\u0103r\u0103 baterie \u0219i \u00eenc\u0103rc\u0103tor) - Kamoto.md","isPartOf":{"@id":"https:\/\/kamoto.md\/ro\/#website"},"primaryImageOfPage":{"@id":"https:\/\/kamoto.md\/ro\/shop\/scule-electrice\/ferastrau-circular-manual\/fierastrau-circular-pe-acumulator-kamoto-csb190-fara-baterie-si-incarcator-2\/#primaryimage"},"image":{"@id":"https:\/\/kamoto.md\/ro\/shop\/scule-electrice\/ferastrau-circular-manual\/fierastrau-circular-pe-acumulator-kamoto-csb190-fara-baterie-si-incarcator-2\/#primaryimage"},"thumbnailUrl":"https:\/\/kamoto.md\/wp-content\/uploads\/2025\/09\/1-5.jpg","datePublished":"2025-09-22T15:45:06+00:00","dateModified":"2026-02-27T14:19:03+00:00","description":"Fer\u0103str\u0103ul circular f\u0103r\u0103 fir KAMOTO CSB190 este proiectat pentru t\u0103ierea precis\u0103 \u0219i eficient\u0103 a diferitelor materiale, cum ar fi lemnul, plasticul \u0219i materialele compozite. Datorit\u0103 motorului f\u0103r\u0103 perii, fer\u0103str\u0103ul ofer\u0103 performan\u021be ridicate, durabilitate \u0219i u\u0219urin\u021b\u0103 \u00een utilizare.","breadcrumb":{"@id":"https:\/\/kamoto.md\/ro\/shop\/scule-electrice\/ferastrau-circular-manual\/fierastrau-circular-pe-acumulator-kamoto-csb190-fara-baterie-si-incarcator-2\/#breadcrumb"},"inLanguage":"ro-RO","potentialAction":[{"@type":"ReadAction","target":["https:\/\/kamoto.md\/ro\/shop\/scule-electrice\/ferastrau-circular-manual\/fierastrau-circular-pe-acumulator-kamoto-csb190-fara-baterie-si-incarcator-2\/"]}]},{"@type":"ImageObject","inLanguage":"ro-RO","@id":"https:\/\/kamoto.md\/ro\/shop\/scule-electrice\/ferastrau-circular-manual\/fierastrau-circular-pe-acumulator-kamoto-csb190-fara-baterie-si-incarcator-2\/#primaryimage","url":"https:\/\/kamoto.md\/wp-content\/uploads\/2025\/09\/1-5.jpg","contentUrl":"https:\/\/kamoto.md\/wp-content\/uploads\/2025\/09\/1-5.jpg","width":1000,"height":1000},{"@type":"BreadcrumbList","@id":"https:\/\/kamoto.md\/ro\/shop\/scule-electrice\/ferastrau-circular-manual\/fierastrau-circular-pe-acumulator-kamoto-csb190-fara-baterie-si-incarcator-2\/#breadcrumb","itemListElement":[{"@type":"ListItem","position":1,"name":"\u0413\u043b\u0430\u0432\u043d\u0430\u044f \u0441\u0442\u0440\u0430\u043d\u0438\u0446\u0430","item":"https:\/\/kamoto.md\/ro\/"},{"@type":"ListItem","position":2,"name":"Catalog","item":"https:\/\/kamoto.md\/ro\/catalog\/"},{"@type":"ListItem","position":3,"name":"Instrumente electrice","item":"https:\/\/kamoto.md\/ro\/catalog\/scule-electrice\/"},{"@type":"ListItem","position":4,"name":"Fer\u0103straie circulare manuale","item":"https:\/\/kamoto.md\/ro\/catalog\/scule-electrice\/ferastrau-circular-manual\/"},{"@type":"ListItem","position":5,"name":"Fier\u0103str\u0103u circular pe acumulator KAMOTO CSB190 (f\u0103r\u0103 baterie \u0219i \u00eenc\u0103rc\u0103tor)"}]},{"@type":"WebSite","@id":"https:\/\/kamoto.md\/ro\/#website","url":"https:\/\/kamoto.md\/ro\/","name":"Kamoto.MD","description":"\u0418\u043d\u0442\u0435\u0440\u043d\u0435\u0442 \u043c\u0430\u0433\u0430\u0437\u0438\u043d \u044d\u043b\u0435\u043a\u0442\u0440\u043e\u0438\u043d\u0441\u0442\u0440\u0443\u043c\u0435\u043d\u0442\u0430, \u0441\u0430\u0434\u043e\u0432\u043e\u0439 \u0438 \u0441\u0438\u043b\u043e\u0432\u043e\u0439 \u0442\u0435\u0445\u043d\u0438\u043a\u0438.","publisher":{"@id":"https:\/\/kamoto.md\/ro\/#organization"},"potentialAction":[{"@type":"SearchAction","target":{"@type":"EntryPoint","urlTemplate":"https:\/\/kamoto.md\/ro\/?s={search_term_string}"},"query-input":{"@type":"PropertyValueSpecification","valueRequired":true,"valueName":"search_term_string"}}],"inLanguage":"ro-RO"},{"@type":"Organization","@id":"https:\/\/kamoto.md\/ro\/#organization","name":"Kamoto S.R.L.","url":"https:\/\/kamoto.md\/ro\/","logo":{"@type":"ImageObject","inLanguage":"ro-RO","@id":"https:\/\/kamoto.md\/ro\/#\/schema\/logo\/image\/","url":"https:\/\/kamoto.md\/wp-content\/uploads\/2017\/08\/logo.png","contentUrl":"https:\/\/kamoto.md\/wp-content\/uploads\/2017\/08\/logo.png","width":323,"height":50,"caption":"Kamoto S.R.L."},"image":{"@id":"https:\/\/kamoto.md\/ro\/#\/schema\/logo\/image\/"}}]}},"_links":{"self":[{"href":"https:\/\/kamoto.md\/ro\/wp-json\/wp\/v2\/product\/13700","targetHints":{"allow":["GET"]}}],"collection":[{"href":"https:\/\/kamoto.md\/ro\/wp-json\/wp\/v2\/product"}],"about":[{"href":"https:\/\/kamoto.md\/ro\/wp-json\/wp\/v2\/types\/product"}],"wp:featuredmedia":[{"embeddable":true,"href":"https:\/\/kamoto.md\/ro\/wp-json\/wp\/v2\/media\/13232"}],"wp:attachment":[{"href":"https:\/\/kamoto.md\/ro\/wp-json\/wp\/v2\/media?parent=13700"}],"wp:term":[{"taxonomy":"product_brand","embeddable":true,"href":"https:\/\/kamoto.md\/ro\/wp-json\/wp\/v2\/product_brand?post=13700"},{"taxonomy":"product_cat","embeddable":true,"href":"https:\/\/kamoto.md\/ro\/wp-json\/wp\/v2\/product_cat?post=13700"},{"taxonomy":"product_tag","embeddable":true,"href":"https:\/\/kamoto.md\/ro\/wp-json\/wp\/v2\/product_tag?post=13700"}],"curies":[{"name":"wp","href":"https:\/\/api.w.org\/{rel}","templated":true}]}}