{"id":13704,"date":"2025-09-22T17:18:54","date_gmt":"2025-09-22T15:18:54","guid":{"rendered":"https:\/\/kamoto.md\/shop\/fara-categorie\/pylesos-akkumulyatornyj-kamoto-vcb30-bez-akkumulyatora-i-zaryadnogo-ustrojstva\/"},"modified":"2026-02-27T16:13:30","modified_gmt":"2026-02-27T14:13:30","slug":"aspirator-pe-acumulator-kamoto-vcb30-fara-baterie-si-incarcator","status":"publish","type":"product","link":"https:\/\/kamoto.md\/ro\/shop\/scule-electrice\/aspiratoare\/aspirator-pe-acumulator-kamoto-vcb30-fara-baterie-si-incarcator\/","title":{"rendered":"Aspirator pe acumulator KAMOTO VCB30 (f\u0103r\u0103 baterie \u0219i \u00eenc\u0103rc\u0103tor)"},"content":{"rendered":"<p>Aspiratoarele pe acumulator KAMOTO VCB30 (f\u0103r\u0103 baterie \u0219i \u00eenc\u0103rc\u0103tor) sunt dispozitive de cur\u0103\u021bare uscat\u0103 \u0219i umed\u0103 f\u0103r\u0103 fir echipate cu <strong>motoare f\u0103r\u0103 perii (Brushless Motor)<\/strong> pentru performan\u021be ridicate \u0219i durabilitate. Aceste modele suport\u0103 func\u021bia de suflare a aerului, ceea ce le face versatile \u00een aplica\u021bii. Hoovers sunt compatibile cu bateriile \u0219i \u00eenc\u0103rc\u0103toarele Kamoto de 20 V care se potrivesc tuturor uneltelor marca Kamoto.<\/p>\n","protected":false},"excerpt":{"rendered":"<ul>\n<li><strong>Tensiune<\/strong>: 20 V<\/li>\n<li><strong>Frecven\u021b\u0103<\/strong>: 50 Hz<\/li>\n<li><strong>Putere<\/strong>: 200 W<\/li>\n<li><strong>Presiunea maxim\u0103 de aspira\u021bie<\/strong>: 15 kPa<\/li>\n<li><strong>Capacitatea rezervorului<\/strong>: 30 litri<\/li>\n<li><strong>Motor<\/strong>: Motor f\u0103r\u0103 perii (Motor f\u0103r\u0103 perii)<\/li>\n<li><strong>Echipament:<\/strong><\/li>\n<li style=\"list-style-type: none\">\n<ul>\n<li>Hoover<\/li>\n<li>Furtun flexibil lung de 1,5 m<\/li>\n<li>Duz\u0103 pentru crevase<\/li>\n<li>Duz\u0103 de cur\u0103\u021bare umed\u0103 \u0219i uscat\u0103<\/li>\n<li>Pung\u0103 de h\u00e2rtie pentru praf (1 buc.)<\/li>\n<li>Filtru cu burete<\/li>\n<\/ul>\n<\/li>\n<\/ul>\n","protected":false},"featured_media":13196,"template":"","meta":[],"product_brand":[],"product_cat":[292],"product_tag":[],"class_list":{"0":"post-13704","1":"product","2":"type-product","3":"status-publish","4":"has-post-thumbnail","6":"product_cat-aspiratoare","8":"first","9":"instock","10":"shipping-taxable","11":"purchasable","12":"product-type-simple"},"yoast_head":"<!-- This site is optimized with the Yoast SEO plugin v27.3 - https:\/\/yoast.com\/product\/yoast-seo-wordpress\/ -->\n<title>Aspiratoare - Aspirator pe acumulator KAMOTO VCB30 (f\u0103r\u0103 baterie \u0219i \u00eenc\u0103rc\u0103tor) - Kamoto.md<\/title>\n<meta name=\"description\" content=\"Aspiratoarele Kamoto VCB30 sunt dispozitive de cur\u0103\u021bare uscat\u0103 \u0219i umed\u0103 f\u0103r\u0103 fir echipate cu motoare f\u0103r\u0103 perii (Brushless Motor) pentru performan\u021be ridicate \u0219i durabilitate.\" \/>\n<meta name=\"robots\" content=\"index, follow, max-snippet:-1, max-image-preview:large, max-video-preview:-1\" \/>\n<link rel=\"canonical\" href=\"https:\/\/kamoto.md\/ro\/shop\/scule-electrice\/aspiratoare\/aspirator-pe-acumulator-kamoto-vcb30-fara-baterie-si-incarcator\/\" \/>\n<meta property=\"og:locale\" content=\"ro_RO\" \/>\n<meta property=\"og:type\" content=\"article\" \/>\n<meta property=\"og:title\" content=\"Aspiratoare - Aspirator pe acumulator KAMOTO VCB30 (f\u0103r\u0103 baterie \u0219i \u00eenc\u0103rc\u0103tor) - Kamoto.md\" \/>\n<meta property=\"og:description\" content=\"Aspiratoarele Kamoto VCB30 sunt dispozitive de cur\u0103\u021bare uscat\u0103 \u0219i umed\u0103 f\u0103r\u0103 fir echipate cu motoare f\u0103r\u0103 perii (Brushless Motor) pentru performan\u021be ridicate \u0219i durabilitate.\" \/>\n<meta property=\"og:url\" content=\"https:\/\/kamoto.md\/ro\/shop\/scule-electrice\/aspiratoare\/aspirator-pe-acumulator-kamoto-vcb30-fara-baterie-si-incarcator\/\" \/>\n<meta property=\"og:site_name\" content=\"Kamoto.md\" \/>\n<meta property=\"article:modified_time\" content=\"2026-02-27T14:13:30+00:00\" \/>\n<meta property=\"og:image\" content=\"https:\/\/kamoto.md\/wp-content\/uploads\/2021\/05\/logo2.png\" \/>\n\t<meta property=\"og:image:width\" content=\"1000\" \/>\n\t<meta property=\"og:image:height\" content=\"1000\" \/>\n\t<meta property=\"og:image:type\" content=\"image\/png\" \/>\n<meta name=\"twitter:card\" content=\"summary_large_image\" \/>\n<meta name=\"twitter:label1\" content=\"Timp estimat pentru citire\" \/>\n\t<meta name=\"twitter:data1\" content=\"1 minut\" \/>\n<script type=\"application\/ld+json\" class=\"yoast-schema-graph\">{\"@context\":\"https:\\\/\\\/schema.org\",\"@graph\":[{\"@type\":[\"WebPage\",\"ItemPage\"],\"@id\":\"https:\\\/\\\/kamoto.md\\\/ro\\\/shop\\\/scule-electrice\\\/aspiratoare\\\/aspirator-pe-acumulator-kamoto-vcb30-fara-baterie-si-incarcator\\\/\",\"url\":\"https:\\\/\\\/kamoto.md\\\/ro\\\/shop\\\/scule-electrice\\\/aspiratoare\\\/aspirator-pe-acumulator-kamoto-vcb30-fara-baterie-si-incarcator\\\/\",\"name\":\"Aspiratoare - Aspirator pe acumulator KAMOTO VCB30 (f\u0103r\u0103 baterie \u0219i \u00eenc\u0103rc\u0103tor) - Kamoto.md\",\"isPartOf\":{\"@id\":\"https:\\\/\\\/kamoto.md\\\/ro\\\/#website\"},\"primaryImageOfPage\":{\"@id\":\"https:\\\/\\\/kamoto.md\\\/ro\\\/shop\\\/scule-electrice\\\/aspiratoare\\\/aspirator-pe-acumulator-kamoto-vcb30-fara-baterie-si-incarcator\\\/#primaryimage\"},\"image\":{\"@id\":\"https:\\\/\\\/kamoto.md\\\/ro\\\/shop\\\/scule-electrice\\\/aspiratoare\\\/aspirator-pe-acumulator-kamoto-vcb30-fara-baterie-si-incarcator\\\/#primaryimage\"},\"thumbnailUrl\":\"https:\\\/\\\/kamoto.md\\\/wp-content\\\/uploads\\\/2025\\\/09\\\/1-2.jpg\",\"datePublished\":\"2025-09-22T15:18:54+00:00\",\"dateModified\":\"2026-02-27T14:13:30+00:00\",\"description\":\"Aspiratoarele Kamoto VCB30 sunt dispozitive de cur\u0103\u021bare uscat\u0103 \u0219i umed\u0103 f\u0103r\u0103 fir echipate cu motoare f\u0103r\u0103 perii (Brushless Motor) pentru performan\u021be ridicate \u0219i durabilitate.\",\"breadcrumb\":{\"@id\":\"https:\\\/\\\/kamoto.md\\\/ro\\\/shop\\\/scule-electrice\\\/aspiratoare\\\/aspirator-pe-acumulator-kamoto-vcb30-fara-baterie-si-incarcator\\\/#breadcrumb\"},\"inLanguage\":\"ro-RO\",\"potentialAction\":[{\"@type\":\"ReadAction\",\"target\":[\"https:\\\/\\\/kamoto.md\\\/ro\\\/shop\\\/scule-electrice\\\/aspiratoare\\\/aspirator-pe-acumulator-kamoto-vcb30-fara-baterie-si-incarcator\\\/\"]}]},{\"@type\":\"ImageObject\",\"inLanguage\":\"ro-RO\",\"@id\":\"https:\\\/\\\/kamoto.md\\\/ro\\\/shop\\\/scule-electrice\\\/aspiratoare\\\/aspirator-pe-acumulator-kamoto-vcb30-fara-baterie-si-incarcator\\\/#primaryimage\",\"url\":\"https:\\\/\\\/kamoto.md\\\/wp-content\\\/uploads\\\/2025\\\/09\\\/1-2.jpg\",\"contentUrl\":\"https:\\\/\\\/kamoto.md\\\/wp-content\\\/uploads\\\/2025\\\/09\\\/1-2.jpg\",\"width\":1000,\"height\":1000},{\"@type\":\"BreadcrumbList\",\"@id\":\"https:\\\/\\\/kamoto.md\\\/ro\\\/shop\\\/scule-electrice\\\/aspiratoare\\\/aspirator-pe-acumulator-kamoto-vcb30-fara-baterie-si-incarcator\\\/#breadcrumb\",\"itemListElement\":[{\"@type\":\"ListItem\",\"position\":1,\"name\":\"\u0413\u043b\u0430\u0432\u043d\u0430\u044f \u0441\u0442\u0440\u0430\u043d\u0438\u0446\u0430\",\"item\":\"https:\\\/\\\/kamoto.md\\\/ro\\\/\"},{\"@type\":\"ListItem\",\"position\":2,\"name\":\"Catalog\",\"item\":\"https:\\\/\\\/kamoto.md\\\/ro\\\/catalog\\\/\"},{\"@type\":\"ListItem\",\"position\":3,\"name\":\"Instrumente electrice\",\"item\":\"https:\\\/\\\/kamoto.md\\\/ro\\\/catalog\\\/scule-electrice\\\/\"},{\"@type\":\"ListItem\",\"position\":4,\"name\":\"Aspiratoare\",\"item\":\"https:\\\/\\\/kamoto.md\\\/ro\\\/catalog\\\/scule-electrice\\\/aspiratoare\\\/\"},{\"@type\":\"ListItem\",\"position\":5,\"name\":\"Aspirator pe acumulator KAMOTO VCB30 (f\u0103r\u0103 baterie \u0219i \u00eenc\u0103rc\u0103tor)\"}]},{\"@type\":\"WebSite\",\"@id\":\"https:\\\/\\\/kamoto.md\\\/ro\\\/#website\",\"url\":\"https:\\\/\\\/kamoto.md\\\/ro\\\/\",\"name\":\"Kamoto.MD\",\"description\":\"\u0418\u043d\u0442\u0435\u0440\u043d\u0435\u0442 \u043c\u0430\u0433\u0430\u0437\u0438\u043d \u044d\u043b\u0435\u043a\u0442\u0440\u043e\u0438\u043d\u0441\u0442\u0440\u0443\u043c\u0435\u043d\u0442\u0430, \u0441\u0430\u0434\u043e\u0432\u043e\u0439 \u0438 \u0441\u0438\u043b\u043e\u0432\u043e\u0439 \u0442\u0435\u0445\u043d\u0438\u043a\u0438.\",\"publisher\":{\"@id\":\"https:\\\/\\\/kamoto.md\\\/ro\\\/#organization\"},\"potentialAction\":[{\"@type\":\"SearchAction\",\"target\":{\"@type\":\"EntryPoint\",\"urlTemplate\":\"https:\\\/\\\/kamoto.md\\\/ro\\\/?s={search_term_string}\"},\"query-input\":{\"@type\":\"PropertyValueSpecification\",\"valueRequired\":true,\"valueName\":\"search_term_string\"}}],\"inLanguage\":\"ro-RO\"},{\"@type\":\"Organization\",\"@id\":\"https:\\\/\\\/kamoto.md\\\/ro\\\/#organization\",\"name\":\"Kamoto S.R.L.\",\"url\":\"https:\\\/\\\/kamoto.md\\\/ro\\\/\",\"logo\":{\"@type\":\"ImageObject\",\"inLanguage\":\"ro-RO\",\"@id\":\"https:\\\/\\\/kamoto.md\\\/ro\\\/#\\\/schema\\\/logo\\\/image\\\/\",\"url\":\"https:\\\/\\\/kamoto.md\\\/wp-content\\\/uploads\\\/2017\\\/08\\\/logo.png\",\"contentUrl\":\"https:\\\/\\\/kamoto.md\\\/wp-content\\\/uploads\\\/2017\\\/08\\\/logo.png\",\"width\":323,\"height\":50,\"caption\":\"Kamoto S.R.L.\"},\"image\":{\"@id\":\"https:\\\/\\\/kamoto.md\\\/ro\\\/#\\\/schema\\\/logo\\\/image\\\/\"}}]}<\/script>\n<!-- \/ Yoast SEO plugin. -->","yoast_head_json":{"title":"Aspiratoare - Aspirator pe acumulator KAMOTO VCB30 (f\u0103r\u0103 baterie \u0219i \u00eenc\u0103rc\u0103tor) - Kamoto.md","description":"Aspiratoarele Kamoto VCB30 sunt dispozitive de cur\u0103\u021bare uscat\u0103 \u0219i umed\u0103 f\u0103r\u0103 fir echipate cu motoare f\u0103r\u0103 perii (Brushless Motor) pentru performan\u021be ridicate \u0219i durabilitate.","robots":{"index":"index","follow":"follow","max-snippet":"max-snippet:-1","max-image-preview":"max-image-preview:large","max-video-preview":"max-video-preview:-1"},"canonical":"https:\/\/kamoto.md\/ro\/shop\/scule-electrice\/aspiratoare\/aspirator-pe-acumulator-kamoto-vcb30-fara-baterie-si-incarcator\/","og_locale":"ro_RO","og_type":"article","og_title":"Aspiratoare - Aspirator pe acumulator KAMOTO VCB30 (f\u0103r\u0103 baterie \u0219i \u00eenc\u0103rc\u0103tor) - Kamoto.md","og_description":"Aspiratoarele Kamoto VCB30 sunt dispozitive de cur\u0103\u021bare uscat\u0103 \u0219i umed\u0103 f\u0103r\u0103 fir echipate cu motoare f\u0103r\u0103 perii (Brushless Motor) pentru performan\u021be ridicate \u0219i durabilitate.","og_url":"https:\/\/kamoto.md\/ro\/shop\/scule-electrice\/aspiratoare\/aspirator-pe-acumulator-kamoto-vcb30-fara-baterie-si-incarcator\/","og_site_name":"Kamoto.md","article_modified_time":"2026-02-27T14:13:30+00:00","og_image":[{"width":1000,"height":1000,"url":"https:\/\/kamoto.md\/wp-content\/uploads\/2021\/05\/logo2.png","type":"image\/png"}],"twitter_card":"summary_large_image","twitter_misc":{"Timp estimat pentru citire":"1 minut"},"schema":{"@context":"https:\/\/schema.org","@graph":[{"@type":["WebPage","ItemPage"],"@id":"https:\/\/kamoto.md\/ro\/shop\/scule-electrice\/aspiratoare\/aspirator-pe-acumulator-kamoto-vcb30-fara-baterie-si-incarcator\/","url":"https:\/\/kamoto.md\/ro\/shop\/scule-electrice\/aspiratoare\/aspirator-pe-acumulator-kamoto-vcb30-fara-baterie-si-incarcator\/","name":"Aspiratoare - Aspirator pe acumulator KAMOTO VCB30 (f\u0103r\u0103 baterie \u0219i \u00eenc\u0103rc\u0103tor) - Kamoto.md","isPartOf":{"@id":"https:\/\/kamoto.md\/ro\/#website"},"primaryImageOfPage":{"@id":"https:\/\/kamoto.md\/ro\/shop\/scule-electrice\/aspiratoare\/aspirator-pe-acumulator-kamoto-vcb30-fara-baterie-si-incarcator\/#primaryimage"},"image":{"@id":"https:\/\/kamoto.md\/ro\/shop\/scule-electrice\/aspiratoare\/aspirator-pe-acumulator-kamoto-vcb30-fara-baterie-si-incarcator\/#primaryimage"},"thumbnailUrl":"https:\/\/kamoto.md\/wp-content\/uploads\/2025\/09\/1-2.jpg","datePublished":"2025-09-22T15:18:54+00:00","dateModified":"2026-02-27T14:13:30+00:00","description":"Aspiratoarele Kamoto VCB30 sunt dispozitive de cur\u0103\u021bare uscat\u0103 \u0219i umed\u0103 f\u0103r\u0103 fir echipate cu motoare f\u0103r\u0103 perii (Brushless Motor) pentru performan\u021be ridicate \u0219i durabilitate.","breadcrumb":{"@id":"https:\/\/kamoto.md\/ro\/shop\/scule-electrice\/aspiratoare\/aspirator-pe-acumulator-kamoto-vcb30-fara-baterie-si-incarcator\/#breadcrumb"},"inLanguage":"ro-RO","potentialAction":[{"@type":"ReadAction","target":["https:\/\/kamoto.md\/ro\/shop\/scule-electrice\/aspiratoare\/aspirator-pe-acumulator-kamoto-vcb30-fara-baterie-si-incarcator\/"]}]},{"@type":"ImageObject","inLanguage":"ro-RO","@id":"https:\/\/kamoto.md\/ro\/shop\/scule-electrice\/aspiratoare\/aspirator-pe-acumulator-kamoto-vcb30-fara-baterie-si-incarcator\/#primaryimage","url":"https:\/\/kamoto.md\/wp-content\/uploads\/2025\/09\/1-2.jpg","contentUrl":"https:\/\/kamoto.md\/wp-content\/uploads\/2025\/09\/1-2.jpg","width":1000,"height":1000},{"@type":"BreadcrumbList","@id":"https:\/\/kamoto.md\/ro\/shop\/scule-electrice\/aspiratoare\/aspirator-pe-acumulator-kamoto-vcb30-fara-baterie-si-incarcator\/#breadcrumb","itemListElement":[{"@type":"ListItem","position":1,"name":"\u0413\u043b\u0430\u0432\u043d\u0430\u044f \u0441\u0442\u0440\u0430\u043d\u0438\u0446\u0430","item":"https:\/\/kamoto.md\/ro\/"},{"@type":"ListItem","position":2,"name":"Catalog","item":"https:\/\/kamoto.md\/ro\/catalog\/"},{"@type":"ListItem","position":3,"name":"Instrumente electrice","item":"https:\/\/kamoto.md\/ro\/catalog\/scule-electrice\/"},{"@type":"ListItem","position":4,"name":"Aspiratoare","item":"https:\/\/kamoto.md\/ro\/catalog\/scule-electrice\/aspiratoare\/"},{"@type":"ListItem","position":5,"name":"Aspirator pe acumulator KAMOTO VCB30 (f\u0103r\u0103 baterie \u0219i \u00eenc\u0103rc\u0103tor)"}]},{"@type":"WebSite","@id":"https:\/\/kamoto.md\/ro\/#website","url":"https:\/\/kamoto.md\/ro\/","name":"Kamoto.MD","description":"\u0418\u043d\u0442\u0435\u0440\u043d\u0435\u0442 \u043c\u0430\u0433\u0430\u0437\u0438\u043d \u044d\u043b\u0435\u043a\u0442\u0440\u043e\u0438\u043d\u0441\u0442\u0440\u0443\u043c\u0435\u043d\u0442\u0430, \u0441\u0430\u0434\u043e\u0432\u043e\u0439 \u0438 \u0441\u0438\u043b\u043e\u0432\u043e\u0439 \u0442\u0435\u0445\u043d\u0438\u043a\u0438.","publisher":{"@id":"https:\/\/kamoto.md\/ro\/#organization"},"potentialAction":[{"@type":"SearchAction","target":{"@type":"EntryPoint","urlTemplate":"https:\/\/kamoto.md\/ro\/?s={search_term_string}"},"query-input":{"@type":"PropertyValueSpecification","valueRequired":true,"valueName":"search_term_string"}}],"inLanguage":"ro-RO"},{"@type":"Organization","@id":"https:\/\/kamoto.md\/ro\/#organization","name":"Kamoto S.R.L.","url":"https:\/\/kamoto.md\/ro\/","logo":{"@type":"ImageObject","inLanguage":"ro-RO","@id":"https:\/\/kamoto.md\/ro\/#\/schema\/logo\/image\/","url":"https:\/\/kamoto.md\/wp-content\/uploads\/2017\/08\/logo.png","contentUrl":"https:\/\/kamoto.md\/wp-content\/uploads\/2017\/08\/logo.png","width":323,"height":50,"caption":"Kamoto S.R.L."},"image":{"@id":"https:\/\/kamoto.md\/ro\/#\/schema\/logo\/image\/"}}]}},"_links":{"self":[{"href":"https:\/\/kamoto.md\/ro\/wp-json\/wp\/v2\/product\/13704","targetHints":{"allow":["GET"]}}],"collection":[{"href":"https:\/\/kamoto.md\/ro\/wp-json\/wp\/v2\/product"}],"about":[{"href":"https:\/\/kamoto.md\/ro\/wp-json\/wp\/v2\/types\/product"}],"wp:featuredmedia":[{"embeddable":true,"href":"https:\/\/kamoto.md\/ro\/wp-json\/wp\/v2\/media\/13196"}],"wp:attachment":[{"href":"https:\/\/kamoto.md\/ro\/wp-json\/wp\/v2\/media?parent=13704"}],"wp:term":[{"taxonomy":"product_brand","embeddable":true,"href":"https:\/\/kamoto.md\/ro\/wp-json\/wp\/v2\/product_brand?post=13704"},{"taxonomy":"product_cat","embeddable":true,"href":"https:\/\/kamoto.md\/ro\/wp-json\/wp\/v2\/product_cat?post=13704"},{"taxonomy":"product_tag","embeddable":true,"href":"https:\/\/kamoto.md\/ro\/wp-json\/wp\/v2\/product_tag?post=13704"}],"curies":[{"name":"wp","href":"https:\/\/api.w.org\/{rel}","templated":true}]}}