{"id":13706,"date":"2025-09-01T12:11:27","date_gmt":"2025-09-01T10:11:27","guid":{"rendered":"https:\/\/kamoto.md\/shop\/fara-categorie\/robot-gazonokosilka-kamoto-r18\/"},"modified":"2026-02-26T09:59:55","modified_gmt":"2026-02-26T07:59:55","slug":"robot-masina-de-tuns-iarba-kamoto-r18","status":"publish","type":"product","link":"https:\/\/kamoto.md\/ro\/shop\/scule-si-unelte-de-gradinarit\/masini-de-tuns-gazon\/robot-masina-de-tuns-iarba-kamoto-r18\/","title":{"rendered":"Robot-ma\u0219ina de tuns iarba KAMOTO R18"},"content":{"rendered":"<p>Robot-ma\u0219ina de tuns iarba KAMOTO R18<\/p>\n<p>Elibera\u021bi-v\u0103 de sarcini \u0219i bucura\u021bi-v\u0103 de o peluz\u0103 mereu bine \u00eentre\u021binut\u0103. Ma\u0219ina robotizat\u0103 de tuns iarba Kamoto R18 are grij\u0103 singur\u0103 de curtea dvs.: taie iarba, distribuie uniform resturile de iarb\u0103 \u0219i v\u0103 p\u0103streaz\u0103 gazonul perfect \u00een fiecare zi.<\/p>\n<p>Nu are nevoie de supravegherea dvs. &#8211; trebuie doar s\u0103 seta\u021bi o dat\u0103 zona de lucru, iar dispozitivul va face treaba \u00een mod regulat \u0219i precis. Este un ajutor modern pentru cei care apreciaz\u0103 confortul, timpul \u0219i frumuse\u021bea parcelei lor.<\/p>\n","protected":false},"excerpt":{"rendered":"<p>Tensiunea bateriei cu litiu: 28 V<br \/>\nCapacitatea bateriei cu litiu: 2 Ah<br \/>\nTipul motorului: Motor f\u0103r\u0103 perii<br \/>\nViteza lamei: 2900 rpm<br \/>\nSistemul lamei: 3 lame (mulching)<br \/>\nL\u0103\u021bimea de t\u0103iere: 18 cm<br \/>\nModul de t\u0103iere: Aleatoriu, linii drepte<br \/>\nSuprafa\u021ba de t\u0103iere: 600 m\u00b2<br \/>\nUnghi maxim de \u00eenclinare: 20\u00b0<br \/>\nTimp de \u00eenc\u0103rcare: 50 min.<br \/>\nTimp de lucru: 70 min.<br \/>\nNum\u0103r de \u021b\u0103ru\u0219i de cablare: 150 buc\u0103\u021bi<\/p>\n","protected":false},"featured_media":13128,"template":"","meta":[],"product_brand":[],"product_cat":[289],"product_tag":[],"class_list":{"0":"post-13706","1":"product","2":"type-product","3":"status-publish","4":"has-post-thumbnail","6":"product_cat-masini-de-tuns-gazon","8":"first","9":"instock","10":"shipping-taxable","11":"purchasable","12":"product-type-simple"},"yoast_head":"<!-- This site is optimized with the Yoast SEO plugin v27.3 - https:\/\/yoast.com\/product\/yoast-seo-wordpress\/ -->\n<title>Ma\u0219ini de tuns gazon - Robot-ma\u0219ina de tuns iarba KAMOTO R18 - Kamoto.md<\/title>\n<meta name=\"description\" content=\"Ma\u0219in\u0103 de tuns iarba robotizat\u0103 Kamoto R18. Elibera\u021bi-v\u0103 de sarcini \u0219i bucura\u021bi-v\u0103 de o peluz\u0103 mereu bine \u00eentre\u021binut\u0103.\" \/>\n<meta name=\"robots\" content=\"index, follow, max-snippet:-1, max-image-preview:large, max-video-preview:-1\" \/>\n<link rel=\"canonical\" href=\"https:\/\/kamoto.md\/ro\/shop\/scule-si-unelte-de-gradinarit\/masini-de-tuns-gazon\/robot-masina-de-tuns-iarba-kamoto-r18\/\" \/>\n<meta property=\"og:locale\" content=\"ro_RO\" \/>\n<meta property=\"og:type\" content=\"article\" \/>\n<meta property=\"og:title\" content=\"Ma\u0219ini de tuns gazon - Robot-ma\u0219ina de tuns iarba KAMOTO R18 - Kamoto.md\" \/>\n<meta property=\"og:description\" content=\"Ma\u0219in\u0103 de tuns iarba robotizat\u0103 Kamoto R18. Elibera\u021bi-v\u0103 de sarcini \u0219i bucura\u021bi-v\u0103 de o peluz\u0103 mereu bine \u00eentre\u021binut\u0103.\" \/>\n<meta property=\"og:url\" content=\"https:\/\/kamoto.md\/ro\/shop\/scule-si-unelte-de-gradinarit\/masini-de-tuns-gazon\/robot-masina-de-tuns-iarba-kamoto-r18\/\" \/>\n<meta property=\"og:site_name\" content=\"Kamoto.md\" \/>\n<meta property=\"article:modified_time\" content=\"2026-02-26T07:59:55+00:00\" \/>\n<meta property=\"og:image\" content=\"https:\/\/kamoto.md\/wp-content\/uploads\/2021\/05\/logo2.png\" \/>\n\t<meta property=\"og:image:width\" content=\"1000\" \/>\n\t<meta property=\"og:image:height\" content=\"1000\" \/>\n\t<meta property=\"og:image:type\" content=\"image\/png\" \/>\n<meta name=\"twitter:card\" content=\"summary_large_image\" \/>\n<meta name=\"twitter:label1\" content=\"Timp estimat pentru citire\" \/>\n\t<meta name=\"twitter:data1\" content=\"1 minut\" \/>\n<script type=\"application\/ld+json\" class=\"yoast-schema-graph\">{\"@context\":\"https:\\\/\\\/schema.org\",\"@graph\":[{\"@type\":[\"WebPage\",\"ItemPage\"],\"@id\":\"https:\\\/\\\/kamoto.md\\\/ro\\\/shop\\\/scule-si-unelte-de-gradinarit\\\/masini-de-tuns-gazon\\\/robot-masina-de-tuns-iarba-kamoto-r18\\\/\",\"url\":\"https:\\\/\\\/kamoto.md\\\/ro\\\/shop\\\/scule-si-unelte-de-gradinarit\\\/masini-de-tuns-gazon\\\/robot-masina-de-tuns-iarba-kamoto-r18\\\/\",\"name\":\"Ma\u0219ini de tuns gazon - Robot-ma\u0219ina de tuns iarba KAMOTO R18 - Kamoto.md\",\"isPartOf\":{\"@id\":\"https:\\\/\\\/kamoto.md\\\/ro\\\/#website\"},\"primaryImageOfPage\":{\"@id\":\"https:\\\/\\\/kamoto.md\\\/ro\\\/shop\\\/scule-si-unelte-de-gradinarit\\\/masini-de-tuns-gazon\\\/robot-masina-de-tuns-iarba-kamoto-r18\\\/#primaryimage\"},\"image\":{\"@id\":\"https:\\\/\\\/kamoto.md\\\/ro\\\/shop\\\/scule-si-unelte-de-gradinarit\\\/masini-de-tuns-gazon\\\/robot-masina-de-tuns-iarba-kamoto-r18\\\/#primaryimage\"},\"thumbnailUrl\":\"https:\\\/\\\/kamoto.md\\\/wp-content\\\/uploads\\\/2025\\\/09\\\/3.jpg\",\"datePublished\":\"2025-09-01T10:11:27+00:00\",\"dateModified\":\"2026-02-26T07:59:55+00:00\",\"description\":\"Ma\u0219in\u0103 de tuns iarba robotizat\u0103 Kamoto R18. Elibera\u021bi-v\u0103 de sarcini \u0219i bucura\u021bi-v\u0103 de o peluz\u0103 mereu bine \u00eentre\u021binut\u0103.\",\"breadcrumb\":{\"@id\":\"https:\\\/\\\/kamoto.md\\\/ro\\\/shop\\\/scule-si-unelte-de-gradinarit\\\/masini-de-tuns-gazon\\\/robot-masina-de-tuns-iarba-kamoto-r18\\\/#breadcrumb\"},\"inLanguage\":\"ro-RO\",\"potentialAction\":[{\"@type\":\"ReadAction\",\"target\":[\"https:\\\/\\\/kamoto.md\\\/ro\\\/shop\\\/scule-si-unelte-de-gradinarit\\\/masini-de-tuns-gazon\\\/robot-masina-de-tuns-iarba-kamoto-r18\\\/\"]}]},{\"@type\":\"ImageObject\",\"inLanguage\":\"ro-RO\",\"@id\":\"https:\\\/\\\/kamoto.md\\\/ro\\\/shop\\\/scule-si-unelte-de-gradinarit\\\/masini-de-tuns-gazon\\\/robot-masina-de-tuns-iarba-kamoto-r18\\\/#primaryimage\",\"url\":\"https:\\\/\\\/kamoto.md\\\/wp-content\\\/uploads\\\/2025\\\/09\\\/3.jpg\",\"contentUrl\":\"https:\\\/\\\/kamoto.md\\\/wp-content\\\/uploads\\\/2025\\\/09\\\/3.jpg\",\"width\":1000,\"height\":1000},{\"@type\":\"BreadcrumbList\",\"@id\":\"https:\\\/\\\/kamoto.md\\\/ro\\\/shop\\\/scule-si-unelte-de-gradinarit\\\/masini-de-tuns-gazon\\\/robot-masina-de-tuns-iarba-kamoto-r18\\\/#breadcrumb\",\"itemListElement\":[{\"@type\":\"ListItem\",\"position\":1,\"name\":\"\u0413\u043b\u0430\u0432\u043d\u0430\u044f \u0441\u0442\u0440\u0430\u043d\u0438\u0446\u0430\",\"item\":\"https:\\\/\\\/kamoto.md\\\/ro\\\/\"},{\"@type\":\"ListItem\",\"position\":2,\"name\":\"Catalog\",\"item\":\"https:\\\/\\\/kamoto.md\\\/ro\\\/catalog\\\/\"},{\"@type\":\"ListItem\",\"position\":3,\"name\":\"Instrumente \u0219i unelte de gr\u0103din\u0103rit\",\"item\":\"https:\\\/\\\/kamoto.md\\\/ro\\\/catalog\\\/scule-si-unelte-de-gradinarit\\\/\"},{\"@type\":\"ListItem\",\"position\":4,\"name\":\"Ma\u0219ini de tuns gazon\",\"item\":\"https:\\\/\\\/kamoto.md\\\/ro\\\/catalog\\\/scule-si-unelte-de-gradinarit\\\/masini-de-tuns-gazon\\\/\"},{\"@type\":\"ListItem\",\"position\":5,\"name\":\"Robot-ma\u0219ina de tuns iarba KAMOTO R18\"}]},{\"@type\":\"WebSite\",\"@id\":\"https:\\\/\\\/kamoto.md\\\/ro\\\/#website\",\"url\":\"https:\\\/\\\/kamoto.md\\\/ro\\\/\",\"name\":\"Kamoto.MD\",\"description\":\"\u0418\u043d\u0442\u0435\u0440\u043d\u0435\u0442 \u043c\u0430\u0433\u0430\u0437\u0438\u043d \u044d\u043b\u0435\u043a\u0442\u0440\u043e\u0438\u043d\u0441\u0442\u0440\u0443\u043c\u0435\u043d\u0442\u0430, \u0441\u0430\u0434\u043e\u0432\u043e\u0439 \u0438 \u0441\u0438\u043b\u043e\u0432\u043e\u0439 \u0442\u0435\u0445\u043d\u0438\u043a\u0438.\",\"publisher\":{\"@id\":\"https:\\\/\\\/kamoto.md\\\/ro\\\/#organization\"},\"potentialAction\":[{\"@type\":\"SearchAction\",\"target\":{\"@type\":\"EntryPoint\",\"urlTemplate\":\"https:\\\/\\\/kamoto.md\\\/ro\\\/?s={search_term_string}\"},\"query-input\":{\"@type\":\"PropertyValueSpecification\",\"valueRequired\":true,\"valueName\":\"search_term_string\"}}],\"inLanguage\":\"ro-RO\"},{\"@type\":\"Organization\",\"@id\":\"https:\\\/\\\/kamoto.md\\\/ro\\\/#organization\",\"name\":\"Kamoto S.R.L.\",\"url\":\"https:\\\/\\\/kamoto.md\\\/ro\\\/\",\"logo\":{\"@type\":\"ImageObject\",\"inLanguage\":\"ro-RO\",\"@id\":\"https:\\\/\\\/kamoto.md\\\/ro\\\/#\\\/schema\\\/logo\\\/image\\\/\",\"url\":\"https:\\\/\\\/kamoto.md\\\/wp-content\\\/uploads\\\/2017\\\/08\\\/logo.png\",\"contentUrl\":\"https:\\\/\\\/kamoto.md\\\/wp-content\\\/uploads\\\/2017\\\/08\\\/logo.png\",\"width\":323,\"height\":50,\"caption\":\"Kamoto S.R.L.\"},\"image\":{\"@id\":\"https:\\\/\\\/kamoto.md\\\/ro\\\/#\\\/schema\\\/logo\\\/image\\\/\"}}]}<\/script>\n<!-- \/ Yoast SEO plugin. -->","yoast_head_json":{"title":"Ma\u0219ini de tuns gazon - Robot-ma\u0219ina de tuns iarba KAMOTO R18 - Kamoto.md","description":"Ma\u0219in\u0103 de tuns iarba robotizat\u0103 Kamoto R18. Elibera\u021bi-v\u0103 de sarcini \u0219i bucura\u021bi-v\u0103 de o peluz\u0103 mereu bine \u00eentre\u021binut\u0103.","robots":{"index":"index","follow":"follow","max-snippet":"max-snippet:-1","max-image-preview":"max-image-preview:large","max-video-preview":"max-video-preview:-1"},"canonical":"https:\/\/kamoto.md\/ro\/shop\/scule-si-unelte-de-gradinarit\/masini-de-tuns-gazon\/robot-masina-de-tuns-iarba-kamoto-r18\/","og_locale":"ro_RO","og_type":"article","og_title":"Ma\u0219ini de tuns gazon - Robot-ma\u0219ina de tuns iarba KAMOTO R18 - Kamoto.md","og_description":"Ma\u0219in\u0103 de tuns iarba robotizat\u0103 Kamoto R18. Elibera\u021bi-v\u0103 de sarcini \u0219i bucura\u021bi-v\u0103 de o peluz\u0103 mereu bine \u00eentre\u021binut\u0103.","og_url":"https:\/\/kamoto.md\/ro\/shop\/scule-si-unelte-de-gradinarit\/masini-de-tuns-gazon\/robot-masina-de-tuns-iarba-kamoto-r18\/","og_site_name":"Kamoto.md","article_modified_time":"2026-02-26T07:59:55+00:00","og_image":[{"width":1000,"height":1000,"url":"https:\/\/kamoto.md\/wp-content\/uploads\/2021\/05\/logo2.png","type":"image\/png"}],"twitter_card":"summary_large_image","twitter_misc":{"Timp estimat pentru citire":"1 minut"},"schema":{"@context":"https:\/\/schema.org","@graph":[{"@type":["WebPage","ItemPage"],"@id":"https:\/\/kamoto.md\/ro\/shop\/scule-si-unelte-de-gradinarit\/masini-de-tuns-gazon\/robot-masina-de-tuns-iarba-kamoto-r18\/","url":"https:\/\/kamoto.md\/ro\/shop\/scule-si-unelte-de-gradinarit\/masini-de-tuns-gazon\/robot-masina-de-tuns-iarba-kamoto-r18\/","name":"Ma\u0219ini de tuns gazon - Robot-ma\u0219ina de tuns iarba KAMOTO R18 - Kamoto.md","isPartOf":{"@id":"https:\/\/kamoto.md\/ro\/#website"},"primaryImageOfPage":{"@id":"https:\/\/kamoto.md\/ro\/shop\/scule-si-unelte-de-gradinarit\/masini-de-tuns-gazon\/robot-masina-de-tuns-iarba-kamoto-r18\/#primaryimage"},"image":{"@id":"https:\/\/kamoto.md\/ro\/shop\/scule-si-unelte-de-gradinarit\/masini-de-tuns-gazon\/robot-masina-de-tuns-iarba-kamoto-r18\/#primaryimage"},"thumbnailUrl":"https:\/\/kamoto.md\/wp-content\/uploads\/2025\/09\/3.jpg","datePublished":"2025-09-01T10:11:27+00:00","dateModified":"2026-02-26T07:59:55+00:00","description":"Ma\u0219in\u0103 de tuns iarba robotizat\u0103 Kamoto R18. Elibera\u021bi-v\u0103 de sarcini \u0219i bucura\u021bi-v\u0103 de o peluz\u0103 mereu bine \u00eentre\u021binut\u0103.","breadcrumb":{"@id":"https:\/\/kamoto.md\/ro\/shop\/scule-si-unelte-de-gradinarit\/masini-de-tuns-gazon\/robot-masina-de-tuns-iarba-kamoto-r18\/#breadcrumb"},"inLanguage":"ro-RO","potentialAction":[{"@type":"ReadAction","target":["https:\/\/kamoto.md\/ro\/shop\/scule-si-unelte-de-gradinarit\/masini-de-tuns-gazon\/robot-masina-de-tuns-iarba-kamoto-r18\/"]}]},{"@type":"ImageObject","inLanguage":"ro-RO","@id":"https:\/\/kamoto.md\/ro\/shop\/scule-si-unelte-de-gradinarit\/masini-de-tuns-gazon\/robot-masina-de-tuns-iarba-kamoto-r18\/#primaryimage","url":"https:\/\/kamoto.md\/wp-content\/uploads\/2025\/09\/3.jpg","contentUrl":"https:\/\/kamoto.md\/wp-content\/uploads\/2025\/09\/3.jpg","width":1000,"height":1000},{"@type":"BreadcrumbList","@id":"https:\/\/kamoto.md\/ro\/shop\/scule-si-unelte-de-gradinarit\/masini-de-tuns-gazon\/robot-masina-de-tuns-iarba-kamoto-r18\/#breadcrumb","itemListElement":[{"@type":"ListItem","position":1,"name":"\u0413\u043b\u0430\u0432\u043d\u0430\u044f \u0441\u0442\u0440\u0430\u043d\u0438\u0446\u0430","item":"https:\/\/kamoto.md\/ro\/"},{"@type":"ListItem","position":2,"name":"Catalog","item":"https:\/\/kamoto.md\/ro\/catalog\/"},{"@type":"ListItem","position":3,"name":"Instrumente \u0219i unelte de gr\u0103din\u0103rit","item":"https:\/\/kamoto.md\/ro\/catalog\/scule-si-unelte-de-gradinarit\/"},{"@type":"ListItem","position":4,"name":"Ma\u0219ini de tuns gazon","item":"https:\/\/kamoto.md\/ro\/catalog\/scule-si-unelte-de-gradinarit\/masini-de-tuns-gazon\/"},{"@type":"ListItem","position":5,"name":"Robot-ma\u0219ina de tuns iarba KAMOTO R18"}]},{"@type":"WebSite","@id":"https:\/\/kamoto.md\/ro\/#website","url":"https:\/\/kamoto.md\/ro\/","name":"Kamoto.MD","description":"\u0418\u043d\u0442\u0435\u0440\u043d\u0435\u0442 \u043c\u0430\u0433\u0430\u0437\u0438\u043d \u044d\u043b\u0435\u043a\u0442\u0440\u043e\u0438\u043d\u0441\u0442\u0440\u0443\u043c\u0435\u043d\u0442\u0430, \u0441\u0430\u0434\u043e\u0432\u043e\u0439 \u0438 \u0441\u0438\u043b\u043e\u0432\u043e\u0439 \u0442\u0435\u0445\u043d\u0438\u043a\u0438.","publisher":{"@id":"https:\/\/kamoto.md\/ro\/#organization"},"potentialAction":[{"@type":"SearchAction","target":{"@type":"EntryPoint","urlTemplate":"https:\/\/kamoto.md\/ro\/?s={search_term_string}"},"query-input":{"@type":"PropertyValueSpecification","valueRequired":true,"valueName":"search_term_string"}}],"inLanguage":"ro-RO"},{"@type":"Organization","@id":"https:\/\/kamoto.md\/ro\/#organization","name":"Kamoto S.R.L.","url":"https:\/\/kamoto.md\/ro\/","logo":{"@type":"ImageObject","inLanguage":"ro-RO","@id":"https:\/\/kamoto.md\/ro\/#\/schema\/logo\/image\/","url":"https:\/\/kamoto.md\/wp-content\/uploads\/2017\/08\/logo.png","contentUrl":"https:\/\/kamoto.md\/wp-content\/uploads\/2017\/08\/logo.png","width":323,"height":50,"caption":"Kamoto S.R.L."},"image":{"@id":"https:\/\/kamoto.md\/ro\/#\/schema\/logo\/image\/"}}]}},"_links":{"self":[{"href":"https:\/\/kamoto.md\/ro\/wp-json\/wp\/v2\/product\/13706","targetHints":{"allow":["GET"]}}],"collection":[{"href":"https:\/\/kamoto.md\/ro\/wp-json\/wp\/v2\/product"}],"about":[{"href":"https:\/\/kamoto.md\/ro\/wp-json\/wp\/v2\/types\/product"}],"wp:featuredmedia":[{"embeddable":true,"href":"https:\/\/kamoto.md\/ro\/wp-json\/wp\/v2\/media\/13128"}],"wp:attachment":[{"href":"https:\/\/kamoto.md\/ro\/wp-json\/wp\/v2\/media?parent=13706"}],"wp:term":[{"taxonomy":"product_brand","embeddable":true,"href":"https:\/\/kamoto.md\/ro\/wp-json\/wp\/v2\/product_brand?post=13706"},{"taxonomy":"product_cat","embeddable":true,"href":"https:\/\/kamoto.md\/ro\/wp-json\/wp\/v2\/product_cat?post=13706"},{"taxonomy":"product_tag","embeddable":true,"href":"https:\/\/kamoto.md\/ro\/wp-json\/wp\/v2\/product_tag?post=13706"}],"curies":[{"name":"wp","href":"https:\/\/api.w.org\/{rel}","templated":true}]}}