{"id":13711,"date":"2025-07-24T14:36:05","date_gmt":"2025-07-24T12:36:05","guid":{"rendered":"https:\/\/kamoto.md\/shop\/fara-categorie\/akkumulyatornyj-trimmer-kamoto-tb500\/"},"modified":"2026-02-27T11:54:43","modified_gmt":"2026-02-27T09:54:43","slug":"motocoasa-cu-acumulator-incarcator-set-kamoto-tb500","status":"publish","type":"product","link":"https:\/\/kamoto.md\/ro\/shop\/scule-si-unelte-de-gradinarit\/motocoase\/motocoasa-cu-acumulator-incarcator-set-kamoto-tb500\/","title":{"rendered":"Motocoas\u0103 cu acumulator + \u00eencarcator (set) KAMOTO TB500"},"content":{"rendered":"<p>Motocoas\u0103 cu acumulator + \u00eencarcator (set) KAMOTO TB500 este un trimmer de gr\u0103din\u0103 f\u0103r\u0103 fir superb, conceput special pentru gr\u0103dinile mici. Se caracterizeaz\u0103 prin niveluri sc\u0103zute de zgomot \u0219i vibra\u021bii \u0219i nu produce emisii directe.<\/p>\n<p>Acest trimmer este proiectat pentru a fi u\u0219or \u0219i distractiv de utilizat. Acesta ofer\u0103 rezultate excelente. Bra\u021bul pliabil \u00eel face u\u0219or de transportat \u0219i depozitat.<\/p>\n<p>De remarcat \u00een special este amplasarea inteligent\u0103 a bateriei. Acesta este pozi\u021bionat orizontal prin carcas\u0103 pentru a reduce riscul acumul\u0103rii de murd\u0103rie, resturi, praf \u0219i ap\u0103 \u00een compartimentul bateriei. Acest lucru previne posibile probleme cu conectorul.<\/p>\n","protected":false},"excerpt":{"rendered":"<ul class=\"chars-products\">\n<li>Tip motor:<strong> F\u0103r\u0103 perii<\/strong><\/li>\n<li>Putere: <strong>500 W <\/strong><\/li>\n<li>Max. viteza de rota\u021bie: <strong>5800 rpm<\/strong><\/li>\n<li>Element de t\u0103iere: <strong>fir de<\/strong> pescuit<\/li>\n<li>Grosimea maxim\u0103 a liniei: <strong>2,4 mm<\/strong><\/li>\n<li>L\u0103\u021bimea de cosire a firului de pescuit: <strong>420 mm<\/strong><\/li>\n<li>Nivelul sonor. putere LwA: <strong>3,0 dB(A)<\/strong><\/li>\n<\/ul>\n<p><strong>Func\u021bionalitate suplimentar\u0103<\/strong><\/p>\n<ul class=\"chars-products\">\n<li>Tip m\u00e2ner: <strong>\u00een form\u0103 de U<\/strong><\/li>\n<li>Bra\u021b pliabil: <strong>Da<\/strong><\/li>\n<li>Pachet: <strong>Cutie\/Accesorii<\/strong><\/li>\n<\/ul>\n<p><strong>Parametrii sursei de alimentare<\/strong><\/p>\n<ul class=\"chars-products\">\n<li>Tensiunea bateriei: <strong>40 V<\/strong><\/li>\n<li>Capacitatea bateriei: <strong>4 Ah<\/strong><\/li>\n<li>Tip baterie: <strong>Li-Ion<\/strong><\/li>\n<li>Col. acumulator. inclus: <strong>1 buc.<\/strong><\/li>\n<\/ul>\n","protected":false},"featured_media":12869,"template":"","meta":[],"product_brand":[],"product_cat":[294],"product_tag":[],"class_list":{"0":"post-13711","1":"product","2":"type-product","3":"status-publish","4":"has-post-thumbnail","6":"product_cat-motocoase","8":"first","9":"instock","10":"shipping-taxable","11":"purchasable","12":"product-type-simple"},"yoast_head":"<!-- This site is optimized with the Yoast SEO plugin v27.3 - https:\/\/yoast.com\/product\/yoast-seo-wordpress\/ -->\n<title>%Motocoase % Motocoas\u0103 cu acumulator + \u00eencarcator (set) KAMOTO TB500 - % Kamoto.md %<\/title>\n<meta name=\"description\" content=\"Trimmerul f\u0103r\u0103 fir Kamoto TB500 este un trimmer de gr\u0103din\u0103 f\u0103r\u0103 fir excelent\" \/>\n<meta name=\"robots\" content=\"index, follow, max-snippet:-1, max-image-preview:large, max-video-preview:-1\" \/>\n<link rel=\"canonical\" href=\"https:\/\/kamoto.md\/ro\/shop\/scule-si-unelte-de-gradinarit\/motocoase\/motocoasa-cu-acumulator-incarcator-set-kamoto-tb500\/\" \/>\n<meta property=\"og:locale\" content=\"ro_RO\" \/>\n<meta property=\"og:type\" content=\"article\" \/>\n<meta property=\"og:title\" content=\"%Motocoase % Motocoas\u0103 cu acumulator + \u00eencarcator (set) KAMOTO TB500 - % Kamoto.md %\" \/>\n<meta property=\"og:description\" content=\"Trimmerul f\u0103r\u0103 fir Kamoto TB500 este un trimmer de gr\u0103din\u0103 f\u0103r\u0103 fir excelent\" \/>\n<meta property=\"og:url\" content=\"https:\/\/kamoto.md\/ro\/shop\/scule-si-unelte-de-gradinarit\/motocoase\/motocoasa-cu-acumulator-incarcator-set-kamoto-tb500\/\" \/>\n<meta property=\"og:site_name\" content=\"Kamoto.md\" \/>\n<meta property=\"article:modified_time\" content=\"2026-02-27T09:54:43+00:00\" \/>\n<meta property=\"og:image\" content=\"https:\/\/kamoto.md\/wp-content\/uploads\/2021\/05\/logo2.png\" \/>\n\t<meta property=\"og:image:width\" content=\"1000\" \/>\n\t<meta property=\"og:image:height\" content=\"1000\" \/>\n\t<meta property=\"og:image:type\" content=\"image\/png\" \/>\n<meta name=\"twitter:card\" content=\"summary_large_image\" \/>\n<meta name=\"twitter:label1\" content=\"Timp estimat pentru citire\" \/>\n\t<meta name=\"twitter:data1\" content=\"1 minut\" \/>\n<script type=\"application\/ld+json\" class=\"yoast-schema-graph\">{\"@context\":\"https:\\\/\\\/schema.org\",\"@graph\":[{\"@type\":[\"WebPage\",\"ItemPage\"],\"@id\":\"https:\\\/\\\/kamoto.md\\\/ro\\\/shop\\\/scule-si-unelte-de-gradinarit\\\/motocoase\\\/motocoasa-cu-acumulator-incarcator-set-kamoto-tb500\\\/\",\"url\":\"https:\\\/\\\/kamoto.md\\\/ro\\\/shop\\\/scule-si-unelte-de-gradinarit\\\/motocoase\\\/motocoasa-cu-acumulator-incarcator-set-kamoto-tb500\\\/\",\"name\":\"%Motocoase % Motocoas\u0103 cu acumulator + \u00eencarcator (set) KAMOTO TB500 - % Kamoto.md %\",\"isPartOf\":{\"@id\":\"https:\\\/\\\/kamoto.md\\\/ro\\\/#website\"},\"primaryImageOfPage\":{\"@id\":\"https:\\\/\\\/kamoto.md\\\/ro\\\/shop\\\/scule-si-unelte-de-gradinarit\\\/motocoase\\\/motocoasa-cu-acumulator-incarcator-set-kamoto-tb500\\\/#primaryimage\"},\"image\":{\"@id\":\"https:\\\/\\\/kamoto.md\\\/ro\\\/shop\\\/scule-si-unelte-de-gradinarit\\\/motocoase\\\/motocoasa-cu-acumulator-incarcator-set-kamoto-tb500\\\/#primaryimage\"},\"thumbnailUrl\":\"https:\\\/\\\/kamoto.md\\\/wp-content\\\/uploads\\\/2025\\\/07\\\/902.jpg\",\"datePublished\":\"2025-07-24T12:36:05+00:00\",\"dateModified\":\"2026-02-27T09:54:43+00:00\",\"description\":\"Trimmerul f\u0103r\u0103 fir Kamoto TB500 este un trimmer de gr\u0103din\u0103 f\u0103r\u0103 fir excelent\",\"breadcrumb\":{\"@id\":\"https:\\\/\\\/kamoto.md\\\/ro\\\/shop\\\/scule-si-unelte-de-gradinarit\\\/motocoase\\\/motocoasa-cu-acumulator-incarcator-set-kamoto-tb500\\\/#breadcrumb\"},\"inLanguage\":\"ro-RO\",\"potentialAction\":[{\"@type\":\"ReadAction\",\"target\":[\"https:\\\/\\\/kamoto.md\\\/ro\\\/shop\\\/scule-si-unelte-de-gradinarit\\\/motocoase\\\/motocoasa-cu-acumulator-incarcator-set-kamoto-tb500\\\/\"]}]},{\"@type\":\"ImageObject\",\"inLanguage\":\"ro-RO\",\"@id\":\"https:\\\/\\\/kamoto.md\\\/ro\\\/shop\\\/scule-si-unelte-de-gradinarit\\\/motocoase\\\/motocoasa-cu-acumulator-incarcator-set-kamoto-tb500\\\/#primaryimage\",\"url\":\"https:\\\/\\\/kamoto.md\\\/wp-content\\\/uploads\\\/2025\\\/07\\\/902.jpg\",\"contentUrl\":\"https:\\\/\\\/kamoto.md\\\/wp-content\\\/uploads\\\/2025\\\/07\\\/902.jpg\",\"width\":1000,\"height\":1000},{\"@type\":\"BreadcrumbList\",\"@id\":\"https:\\\/\\\/kamoto.md\\\/ro\\\/shop\\\/scule-si-unelte-de-gradinarit\\\/motocoase\\\/motocoasa-cu-acumulator-incarcator-set-kamoto-tb500\\\/#breadcrumb\",\"itemListElement\":[{\"@type\":\"ListItem\",\"position\":1,\"name\":\"\u0413\u043b\u0430\u0432\u043d\u0430\u044f \u0441\u0442\u0440\u0430\u043d\u0438\u0446\u0430\",\"item\":\"https:\\\/\\\/kamoto.md\\\/ro\\\/\"},{\"@type\":\"ListItem\",\"position\":2,\"name\":\"Catalog\",\"item\":\"https:\\\/\\\/kamoto.md\\\/ro\\\/catalog\\\/\"},{\"@type\":\"ListItem\",\"position\":3,\"name\":\"Instrumente \u0219i unelte de gr\u0103din\u0103rit\",\"item\":\"https:\\\/\\\/kamoto.md\\\/ro\\\/catalog\\\/scule-si-unelte-de-gradinarit\\\/\"},{\"@type\":\"ListItem\",\"position\":4,\"name\":\"Motocoase\",\"item\":\"https:\\\/\\\/kamoto.md\\\/ro\\\/catalog\\\/scule-si-unelte-de-gradinarit\\\/motocoase\\\/\"},{\"@type\":\"ListItem\",\"position\":5,\"name\":\"Motocoas\u0103 cu acumulator + \u00eencarcator (set) KAMOTO TB500\"}]},{\"@type\":\"WebSite\",\"@id\":\"https:\\\/\\\/kamoto.md\\\/ro\\\/#website\",\"url\":\"https:\\\/\\\/kamoto.md\\\/ro\\\/\",\"name\":\"Kamoto.MD\",\"description\":\"\u0418\u043d\u0442\u0435\u0440\u043d\u0435\u0442 \u043c\u0430\u0433\u0430\u0437\u0438\u043d \u044d\u043b\u0435\u043a\u0442\u0440\u043e\u0438\u043d\u0441\u0442\u0440\u0443\u043c\u0435\u043d\u0442\u0430, \u0441\u0430\u0434\u043e\u0432\u043e\u0439 \u0438 \u0441\u0438\u043b\u043e\u0432\u043e\u0439 \u0442\u0435\u0445\u043d\u0438\u043a\u0438.\",\"publisher\":{\"@id\":\"https:\\\/\\\/kamoto.md\\\/ro\\\/#organization\"},\"potentialAction\":[{\"@type\":\"SearchAction\",\"target\":{\"@type\":\"EntryPoint\",\"urlTemplate\":\"https:\\\/\\\/kamoto.md\\\/ro\\\/?s={search_term_string}\"},\"query-input\":{\"@type\":\"PropertyValueSpecification\",\"valueRequired\":true,\"valueName\":\"search_term_string\"}}],\"inLanguage\":\"ro-RO\"},{\"@type\":\"Organization\",\"@id\":\"https:\\\/\\\/kamoto.md\\\/ro\\\/#organization\",\"name\":\"Kamoto S.R.L.\",\"url\":\"https:\\\/\\\/kamoto.md\\\/ro\\\/\",\"logo\":{\"@type\":\"ImageObject\",\"inLanguage\":\"ro-RO\",\"@id\":\"https:\\\/\\\/kamoto.md\\\/ro\\\/#\\\/schema\\\/logo\\\/image\\\/\",\"url\":\"https:\\\/\\\/kamoto.md\\\/wp-content\\\/uploads\\\/2017\\\/08\\\/logo.png\",\"contentUrl\":\"https:\\\/\\\/kamoto.md\\\/wp-content\\\/uploads\\\/2017\\\/08\\\/logo.png\",\"width\":323,\"height\":50,\"caption\":\"Kamoto S.R.L.\"},\"image\":{\"@id\":\"https:\\\/\\\/kamoto.md\\\/ro\\\/#\\\/schema\\\/logo\\\/image\\\/\"}}]}<\/script>\n<!-- \/ Yoast SEO plugin. -->","yoast_head_json":{"title":"%Motocoase % Motocoas\u0103 cu acumulator + \u00eencarcator (set) KAMOTO TB500 - % Kamoto.md %","description":"Trimmerul f\u0103r\u0103 fir Kamoto TB500 este un trimmer de gr\u0103din\u0103 f\u0103r\u0103 fir excelent","robots":{"index":"index","follow":"follow","max-snippet":"max-snippet:-1","max-image-preview":"max-image-preview:large","max-video-preview":"max-video-preview:-1"},"canonical":"https:\/\/kamoto.md\/ro\/shop\/scule-si-unelte-de-gradinarit\/motocoase\/motocoasa-cu-acumulator-incarcator-set-kamoto-tb500\/","og_locale":"ro_RO","og_type":"article","og_title":"%Motocoase % Motocoas\u0103 cu acumulator + \u00eencarcator (set) KAMOTO TB500 - % Kamoto.md %","og_description":"Trimmerul f\u0103r\u0103 fir Kamoto TB500 este un trimmer de gr\u0103din\u0103 f\u0103r\u0103 fir excelent","og_url":"https:\/\/kamoto.md\/ro\/shop\/scule-si-unelte-de-gradinarit\/motocoase\/motocoasa-cu-acumulator-incarcator-set-kamoto-tb500\/","og_site_name":"Kamoto.md","article_modified_time":"2026-02-27T09:54:43+00:00","og_image":[{"width":1000,"height":1000,"url":"https:\/\/kamoto.md\/wp-content\/uploads\/2021\/05\/logo2.png","type":"image\/png"}],"twitter_card":"summary_large_image","twitter_misc":{"Timp estimat pentru citire":"1 minut"},"schema":{"@context":"https:\/\/schema.org","@graph":[{"@type":["WebPage","ItemPage"],"@id":"https:\/\/kamoto.md\/ro\/shop\/scule-si-unelte-de-gradinarit\/motocoase\/motocoasa-cu-acumulator-incarcator-set-kamoto-tb500\/","url":"https:\/\/kamoto.md\/ro\/shop\/scule-si-unelte-de-gradinarit\/motocoase\/motocoasa-cu-acumulator-incarcator-set-kamoto-tb500\/","name":"%Motocoase % Motocoas\u0103 cu acumulator + \u00eencarcator (set) KAMOTO TB500 - % Kamoto.md %","isPartOf":{"@id":"https:\/\/kamoto.md\/ro\/#website"},"primaryImageOfPage":{"@id":"https:\/\/kamoto.md\/ro\/shop\/scule-si-unelte-de-gradinarit\/motocoase\/motocoasa-cu-acumulator-incarcator-set-kamoto-tb500\/#primaryimage"},"image":{"@id":"https:\/\/kamoto.md\/ro\/shop\/scule-si-unelte-de-gradinarit\/motocoase\/motocoasa-cu-acumulator-incarcator-set-kamoto-tb500\/#primaryimage"},"thumbnailUrl":"https:\/\/kamoto.md\/wp-content\/uploads\/2025\/07\/902.jpg","datePublished":"2025-07-24T12:36:05+00:00","dateModified":"2026-02-27T09:54:43+00:00","description":"Trimmerul f\u0103r\u0103 fir Kamoto TB500 este un trimmer de gr\u0103din\u0103 f\u0103r\u0103 fir excelent","breadcrumb":{"@id":"https:\/\/kamoto.md\/ro\/shop\/scule-si-unelte-de-gradinarit\/motocoase\/motocoasa-cu-acumulator-incarcator-set-kamoto-tb500\/#breadcrumb"},"inLanguage":"ro-RO","potentialAction":[{"@type":"ReadAction","target":["https:\/\/kamoto.md\/ro\/shop\/scule-si-unelte-de-gradinarit\/motocoase\/motocoasa-cu-acumulator-incarcator-set-kamoto-tb500\/"]}]},{"@type":"ImageObject","inLanguage":"ro-RO","@id":"https:\/\/kamoto.md\/ro\/shop\/scule-si-unelte-de-gradinarit\/motocoase\/motocoasa-cu-acumulator-incarcator-set-kamoto-tb500\/#primaryimage","url":"https:\/\/kamoto.md\/wp-content\/uploads\/2025\/07\/902.jpg","contentUrl":"https:\/\/kamoto.md\/wp-content\/uploads\/2025\/07\/902.jpg","width":1000,"height":1000},{"@type":"BreadcrumbList","@id":"https:\/\/kamoto.md\/ro\/shop\/scule-si-unelte-de-gradinarit\/motocoase\/motocoasa-cu-acumulator-incarcator-set-kamoto-tb500\/#breadcrumb","itemListElement":[{"@type":"ListItem","position":1,"name":"\u0413\u043b\u0430\u0432\u043d\u0430\u044f \u0441\u0442\u0440\u0430\u043d\u0438\u0446\u0430","item":"https:\/\/kamoto.md\/ro\/"},{"@type":"ListItem","position":2,"name":"Catalog","item":"https:\/\/kamoto.md\/ro\/catalog\/"},{"@type":"ListItem","position":3,"name":"Instrumente \u0219i unelte de gr\u0103din\u0103rit","item":"https:\/\/kamoto.md\/ro\/catalog\/scule-si-unelte-de-gradinarit\/"},{"@type":"ListItem","position":4,"name":"Motocoase","item":"https:\/\/kamoto.md\/ro\/catalog\/scule-si-unelte-de-gradinarit\/motocoase\/"},{"@type":"ListItem","position":5,"name":"Motocoas\u0103 cu acumulator + \u00eencarcator (set) KAMOTO TB500"}]},{"@type":"WebSite","@id":"https:\/\/kamoto.md\/ro\/#website","url":"https:\/\/kamoto.md\/ro\/","name":"Kamoto.MD","description":"\u0418\u043d\u0442\u0435\u0440\u043d\u0435\u0442 \u043c\u0430\u0433\u0430\u0437\u0438\u043d \u044d\u043b\u0435\u043a\u0442\u0440\u043e\u0438\u043d\u0441\u0442\u0440\u0443\u043c\u0435\u043d\u0442\u0430, \u0441\u0430\u0434\u043e\u0432\u043e\u0439 \u0438 \u0441\u0438\u043b\u043e\u0432\u043e\u0439 \u0442\u0435\u0445\u043d\u0438\u043a\u0438.","publisher":{"@id":"https:\/\/kamoto.md\/ro\/#organization"},"potentialAction":[{"@type":"SearchAction","target":{"@type":"EntryPoint","urlTemplate":"https:\/\/kamoto.md\/ro\/?s={search_term_string}"},"query-input":{"@type":"PropertyValueSpecification","valueRequired":true,"valueName":"search_term_string"}}],"inLanguage":"ro-RO"},{"@type":"Organization","@id":"https:\/\/kamoto.md\/ro\/#organization","name":"Kamoto S.R.L.","url":"https:\/\/kamoto.md\/ro\/","logo":{"@type":"ImageObject","inLanguage":"ro-RO","@id":"https:\/\/kamoto.md\/ro\/#\/schema\/logo\/image\/","url":"https:\/\/kamoto.md\/wp-content\/uploads\/2017\/08\/logo.png","contentUrl":"https:\/\/kamoto.md\/wp-content\/uploads\/2017\/08\/logo.png","width":323,"height":50,"caption":"Kamoto S.R.L."},"image":{"@id":"https:\/\/kamoto.md\/ro\/#\/schema\/logo\/image\/"}}]}},"_links":{"self":[{"href":"https:\/\/kamoto.md\/ro\/wp-json\/wp\/v2\/product\/13711","targetHints":{"allow":["GET"]}}],"collection":[{"href":"https:\/\/kamoto.md\/ro\/wp-json\/wp\/v2\/product"}],"about":[{"href":"https:\/\/kamoto.md\/ro\/wp-json\/wp\/v2\/types\/product"}],"wp:featuredmedia":[{"embeddable":true,"href":"https:\/\/kamoto.md\/ro\/wp-json\/wp\/v2\/media\/12869"}],"wp:attachment":[{"href":"https:\/\/kamoto.md\/ro\/wp-json\/wp\/v2\/media?parent=13711"}],"wp:term":[{"taxonomy":"product_brand","embeddable":true,"href":"https:\/\/kamoto.md\/ro\/wp-json\/wp\/v2\/product_brand?post=13711"},{"taxonomy":"product_cat","embeddable":true,"href":"https:\/\/kamoto.md\/ro\/wp-json\/wp\/v2\/product_cat?post=13711"},{"taxonomy":"product_tag","embeddable":true,"href":"https:\/\/kamoto.md\/ro\/wp-json\/wp\/v2\/product_tag?post=13711"}],"curies":[{"name":"wp","href":"https:\/\/api.w.org\/{rel}","templated":true}]}}