{"id":13715,"date":"2025-04-14T16:00:15","date_gmt":"2025-04-14T14:00:15","guid":{"rendered":"https:\/\/kamoto.md\/shop\/fara-categorie\/generator-invertornyj-kamoto-gg30w\/"},"modified":"2026-02-25T18:51:23","modified_gmt":"2026-02-25T16:51:23","slug":"generator-tip-invertor-pe-benzina-kamoto-gg30w","status":"publish","type":"product","link":"https:\/\/kamoto.md\/ro\/shop\/generatoare-si-compresoare\/generatoare\/generator-tip-invertor-pe-benzina-kamoto-gg30w\/","title":{"rendered":"Generator tip Invertor pe benzin\u0103 KAMOTO GG30W"},"content":{"rendered":"<h3 class=\"\" data-start=\"144\" data-end=\"211\">Generator tip Invertor pe benzin\u0103 KAMOTO GG30W de 3,5 kW este o solu\u021bie fiabil\u0103 pentru locuin\u021be \u0219i case de vacan\u021b\u0103.<\/h3>\n<p>Un generator cu invertor este considerat cea mai bun\u0103 alegere pentru sarcinile care sunt sensibile la calitatea tensiunii.<\/p>\n<p data-start=\"144\" data-end=\"211\">Generatorul invertor pe benzin\u0103 Kamoto GG30W cu o putere maxim\u0103 de 3,5 kW este o alegere ideal\u0103 pentru alimentarea cu energie de rezerv\u0103 a unei case particulare, a unei cabane de var\u0103 sau a unui obiect mic. Datorit\u0103 motorului compact \u00een 4 timpi de 212 cm\u00b3 \u0219i a motorului r\u0103cit cu aer, unitatea asigur\u0103 o func\u021bionare stabil\u0103 \u0219i eficient\u0103 cu un consum redus de combustibil.<\/p>\n<p class=\"\" data-start=\"532\" data-end=\"792\">Modelul func\u021bioneaz\u0103 cu benzin\u0103 A-95 \u0219i este echipat cu un rezervor de combustibil de 8,5 litri, care \u00eei permite s\u0103 func\u021bioneze p\u00e2n\u0103 la 17 ore la sarcin\u0103 nominal\u0103 (0,42 l\/h) f\u0103r\u0103 realimentare. Pornirea este manual\u0103, ceea ce face ca unitatea s\u0103 fie mai fiabil\u0103 \u00een toate condi\u021biile meteorologice.<\/p>\n<p class=\"\" data-start=\"794\" data-end=\"1076\">Absen\u021ba unei baterii, a unui demaror electric \u0219i a unui sistem de pornire automat\u0103 (ATS) face designul mai simplu \u0219i mai ieftin de \u00eentre\u021binut. Generatorul nu are o ie\u0219ire de curent constant, este orientat exclusiv c\u0103tre tensiunea de 230V 50Hz AC, care este ideal\u0103 pentru majoritatea aparatelor de uz casnic.<\/p>\n<p class=\"\" data-start=\"1078\" data-end=\"1301\">Utiliza\u021bi uleiul de motor 10W40 recomandat (API \u2265 SF) \u0219i men\u021bine\u021bi nivelul uleiului (0,6 litri) pentru a prelungi durata de via\u021b\u0103 a motorului. Consumul de ulei este de numai 2,0 g\/kWh, ceea ce indic\u0103 o economie de func\u021bionare ridicat\u0103.<\/p>\n<p class=\"\" data-start=\"1303\" data-end=\"1329\"><strong data-start=\"1303\" data-end=\"1329\">Principalele beneficii:<\/strong><\/p>\n<ul data-start=\"1330\" data-end=\"1562\">\n<li class=\"\" data-start=\"1330\" data-end=\"1351\">\n<p class=\"\" data-start=\"1332\" data-end=\"1351\">Putere de p\u00e2n\u0103 la 3,5 kW<\/p>\n<\/li>\n<li class=\"\" data-start=\"1352\" data-end=\"1422\">\n<p class=\"\" data-start=\"1354\" data-end=\"1422\">Consum economic de combustibil &#8211; doar 0,42 litri\/or\u0103 la sarcina nominal\u0103<\/p>\n<\/li>\n<li class=\"\" data-start=\"1423\" data-end=\"1467\">\n<p class=\"\" data-start=\"1425\" data-end=\"1467\">Motor de 7,5 CP r\u0103cit cu aer<\/p>\n<\/li>\n<li class=\"\" data-start=\"1468\" data-end=\"1500\">\n<p class=\"\" data-start=\"1470\" data-end=\"1500\">Sistem simplu de pornire manual\u0103<\/p>\n<\/li>\n<li class=\"\" data-start=\"1501\" data-end=\"1562\">\n<p class=\"\" data-start=\"1503\" data-end=\"1562\">Ideal pentru utilizarea \u00een medii f\u0103r\u0103 re\u021bea<\/p>\n<\/li>\n<\/ul>\n","protected":false},"excerpt":{"rendered":"<table class=\"xslData;XLSY;v2;4574;BgaAAgAAB6ACAAABFgoAAAI4EAAAA1IEAAAEdQQAAAAAAAAAAAAAAAAAAAAAAAAAAAAAAAAAAAAAAAAAAAAAAAAAAAAAAAAAAAAAAAAAAAAAAAAAAAAAAAAAAAAAAAAAAAAAAAAAAAAAAAAAAAAAAAAAAAAAAAAAAAAAAAAAAAAAAAAAAAAAAAAAAAAAAAAAAAAAAAAAAAAAAAAAAAAAAAAAAAAAAAAAAAAAAAAAAAAAAAAAAAAAAAAAAAAAAAAAAAAAAAAAAAAAAAAAAAAAAAAAAAAAAAAAAAAAAAAAAAAAAAAAAAAAAAAAAAAAAAAAAAAAAAAAAAAAAAAAAAAAAAAAAAAAAAAAAAAAAAAAAAAAAAAAAAAAAAAAAAAAAAAAAAAAAAAAAAAAAAAAAAAAAAAAAAAAAAAAAAAAAAAAAAAAAAAAAAAAAAAAAAAAAAAAAAAAAAAAAAAAAAAAAAAAAAAAAAAAAAAAAAAAAAAAAAAAAAAAAAAAAAAAAAAAAAAAAAAAAAAAAAAAAAAAAAAAAAAAAAAAAAAAAAAAAAAAAAAAAAAAAAAAAAAAAAAAAAAAAAAAAAAAAAAAAAAAAAAAAAAAAAAAAAAAAAAAAAAAAAAAAAAAAAAAAAAAAAAAAAAAAAAAAAAAAAAAAAAAAAAAAAAAAAAAAAAAAAAAAAAAAAAAAAAAAAAAAAAAAAAAAAAAAAAAAAAAAAAAAAAAAAAAAAAAAAAAAAAAAAAAAAAAAAAAAAAAAAAAAAAAAAAAAAAAAAAAAAAAAAAAAAAAAAAAAAAAAAAAAAAAAAAAAAAAAAAAAAAAAAAAAAAAAAAAAAAAAAAAAAAAAAAAAAAAAAAAAAEbAAAA+gMAAAAADAANAA4ADwD7AAcAAAD6EgAAAAD7Aq0BAAD6AB8AAAAiBDUERQQ9BDgERwQ1BEEEOgQ4BDUEXwBFBDAEQAQwBDoEQgQ1BEAEOARBBEIEOAQ6BDgELgB4AGwAcwB4AAINAAAATwBSAEgARQBJACAAUwBFAFIAVgBJAEMARQADAQAAADEABBQAAAAyADAAMgA1AC0AMAA0AC0AMQA0AFQAMQAzADoAMwAyADoAMgA3AFoABRQAAAAyADAAMgA1AC0AMAA0AC0AMQA0AFQAMQAzADoAMwA1ADoAMgA3AFoA+wDjAAAA+gdRAAAAQwA6AC8AVQBzAGUAcgBzAC8ATwBSAEgARQBJACAAUwBFAFIAVgBJAEMARQAvAEQAbwB3AG4AbABvAGEAZABzAC8AVABlAGwAZQBnAHIAYQBtACAARABlAHMAawB0AG8AcAAvACIENQRFBD0EOARHBDUEQQQ6BDgENQRfAEUEMARABDAEOgRCBDUEQAQ4BEEEQgQ4BDoEOAQuAHgAbABzAHgACRQAAAA0ADMAOQBhADMAOQBjADEANAA1ADAANgA2AGQAOABiADEAYgA5AGMACwQAAAAxADAANAA5APsfAAAAAAAAAAABCwAAAAIGAAAAAAQAAAAAAwAAAAAPAAAAAJ0FAAAAmAUAAAEtAAAAAAYMAAAAUwBoAGUAZQB0ADEAAQQBAAAAAgECAwYMAAAAQQAyADoARQAyADMAAjwAAAADGQAAAAIEAQAAAAMEAQAAAAUFAAAAAAASRUAGAQEDGQAAAAIEAgAAAAMEAgAAAAUFAAAAAADaMkAGAQEWLwAAABcqAAAAFCUAAAAABgAAAEUAMgAzAAEEAAAAAAAAAAIMAAAAQQAyADoARQAyADMACwoAAAABBc3MzMzMzCxADjwAAAAABUfhehSuxzFAAQXMzMzMzAwzQAIFR+F6FK7HMUADBczMzMzMDDNABAV7FK5H4XoeQAUFexSuR+F6HkAPPwAAAAEBCQIBAAMBAAQEAQAAAAUBAAYBAAgEAQAAAAkEAQAAAAoEWAIAAAABAQsBAA8EZAAAABABABEBARIEWAIAABAGAAAAAAEAAQEACT4EAAAjOQQAANIFAACRAQAAEQEAAAAAAAAAAAAAAAAAAAAABw4AAAAAAAAAAAAAAAAAAAcOAQAAAAAAAAABAAAAAAAAEQIAAAAAAAAAAAAAAAAAAAAABw4AAAAAAAAAAAIAAAAAAAcOAQAAAAAAAAADAAAAAAAAEQMAAAAAAAAAAAAAAAAAAAAABw4AAAAAAAAAAAQAAAAAAAcOAQAAAAAAAAAFAAAAAAAAEQQAAAAAAAAAAAAAAAAAAAAABw4AAAAAAAAAAAYAAAAAAAcOAQAAAAAAAAAHAAAAAAAAEQUAAAAAAAAAAAAAAAAAAAAABw4AAAAAAAAAAAgAAAAAAAcOAQAAAAAAAAAJAAAAAAAAEQYAAAAAAAAAAAAAAAAAAAAABw4AAAAAAAAAAAoAAAAAAAcOAQAAAAAAAAALAAAAAAAAEQcAAAAAAAAAAAAAAAAAAAAABw4AAAAAAAAAAAwAAAAAAAcOAQAAAAAAAAANAAAAAAAAEQgAAAAAAAAAAAAAAAAAAAAABw4AAAAAAAAAAA4AAAAAAAcOAQAAAAAAAAAPAAAAAAAAEQkAAAAAAAAAAAAAAAAAAAAABw4AAAAAAAAAABAAAAAAAAcOAQAAAAAAAAARAAAAAAAAEQoAAAAAAAAAAAAAAAAAAAAABw4AAAAAAAAAABIAAAAAAAcOAQAAAAAAAAATAAAAAAAAEQsAAAAAAAAAAAAAAAAAAAAABw4AAAAAAAAAABQAAAAAAAcOAQAAAAAAAAAVAAAAAAAAEQwAAAAAAAAAAAAAAAAAAAAABw4AAAAAAAAAABYAAAAAAAcOAQAAAAAAAAAXAAAAAAAAEQ0AAAAAAAAAAAAAAAAAAAAABw4AAAAAAAAAABgAAAAAAAcOAQAAAAAAAAAZAAAAAAAAEQ4AAAAAAAAAAAAAAAAAAAAABw4AAAAAAAAAABoAAAAAAAcOAQAAAAAAAAAbAAAAAAAAEQ8AAAAAAAAAAAAAAAAAAAAABw4AAAAAAAAAABwAAAAAAAcOAQAAAAAAAAAXAAAAAAAAERAAAAAAAAAAAAAAAAAAAAAABw4AAAAAAAAAAB0AAAAAAAcOAQAAAAAAAAALAAAAAAAAEREAAAAAAAAAAAAAAAAAAAAABw4AAAAAAAAAAB4AAAAAAAcOAQAAAAAAAAALAAAAAAAAERIAAAAAAAAAAAAAAAAAAAAABw4AAAAAAAAAAB8AAAAAAAcOAQAAAAAAAAALAAAAAAAAERMAAAAAAAAAAAAAAAAAAAAABw4AAAAAAAAAACAAAAAAAAcOAQAAAAAAAAAhAAAAAAAAERQAAAAAAAAAAAAAAAAAAAAABw4AAAAAAAAAACIAAAAAAAcOAQAAAAAAAAAjAAAAAAAAERUAAAAAAAAAAAAAAAAAAAAABw4AAAAAAAAAACQAAAAAAAcOAQAAAAAAAAAlAAAAAACSAQAFAAAAAAcAAAAAGwAAAAAeBgAAAAsAAAADBgAAACIEOAQ\/BAAJAAAAAwQAAABBAEMAADEAAAADLAAAAB0EPgQ8BDgEPQQwBDsETAQ9BD4ENQQgAD0EMAQ\/BEAETwQ2BDUEPQQ4BDUEABcAAAADEgAAADIAMwAwAFYAIAA1ADAASAB6AAAvAAAAAyoAAAAcBDAEOgRBBDgEPAQwBDsETAQ9BDAETwQgADwEPgRJBD0EPgRBBEIETAQAEwAAAAMOAAAAMwAuADUAIAA6BBIEQgQALQAAAAMoAAAAHQQ+BDwEOAQ9BDAEOwRMBD0EMARPBCAAPAQ+BEkEPQQ+BEEEQgRMBAATAAAAAw4AAAAzAC4AMgAgADoEEgRCBAAtAAAAAygAAAAaBD4ETQREBEQEOARGBDgENQQ9BEIEIAA8BD4ESQQ9BD4EQQRCBDgEAAsAAAADBgAAADEALgAxAAAxAAAAAywAAAASBEsERQQ+BDQEIAA\/BD4EQQRCBD4ETwQ9BD0EPgQzBD4EIABCBD4EOgQwBAALAAAAAwYAAAA9BDUEQgQALQAAAAMoAAAAAQQ8BDoEPgRBBEIETAQgADAEOgQ6BEMEPARDBDsETwRCBD4EQAQwBABRAAAAA0wAAAARBDUENwQgADAEOgQ6BEMEPARDBDsETwRCBD4EQAQwBCwAIABCBD4EOwRMBDoEPgQgAEAEQwRHBD0EPgQ5BCAANwQwBD8EQwRBBDoEAB8AAAADGgAAACIEOAQ\/BCAANAQyBDgEMwQwBEIENQQ7BE8EAGMAAAADXgAAADQALQBCBDAEOgRCBD0ESwQ5BCAAMQQ1BD0ENwQ4BD0EPgQyBEsEOQQsACAAMgQ+BDcENARDBEgEPQQ+BDMEPgQgAD4ERQQ7BDAENgQ0BDUEPQQ4BE8EIABPAEgAVgAAGQAAAAMUAAAAHgQxBEoEUQQ8BCwAIABBBDwEswAACwAAAAMGAAAAMgAxADIAAB8AAAADGgAAABwEPgRJBD0EPgRBBEIETAQsACAAOwQuAEEEABMAAAADDgAAADcALgA1ACAAOwQuAEEEAB8AAAADGgAAAB4EMQRKBFEEPAQgADEEMAQ6BDAELAAgADsEAA8AAAADCgAAADgALgA1ACAAOwQAEwAAAAMOAAAAIgQ+BD8EOwQ4BDIEPgQAGwAAAAMWAAAAEQQ1BD0ENwQ4BD0EIAAQBC0AOQA1AABfAAAAA1oAAAAgBDAEQQRFBD4ENAQgAEIEPgQ\/BDsEOAQyBDAEIAA\/BEAEOAQgADwEMAQ6BEEEOAQ8BDAEOwRMBD0EPgQ5BCAAPAQ+BEkEPQQ+BEEEQgQ4BCwAIAA7BC8ARwQAFQAAAAMQAAAAMAAuADQAOAAgADsELwBHBABdAAAAA1gAAAAgBDAEQQRFBD4ENAQgAEIEPgQ\/BDsEOAQyBDAEIAA\/BEAEOAQgAD0EPgQ8BDgEPQQwBDsETAQ9BD4EOQQgADwEPgRJBD0EPgRBBEIEOAQsACAAOwQvAEcEABUAAAADEAAAADAALgA0ADIAIAA7BC8ARwQALwAAAAMqAAAAIAQ1BDoEPgQ8BDUEPQQ0BEMENQQ8BD4ENQQgAEIEPgQ\/BDsEOAQyBD4EACEAAAADHAAAAC0EOwQ1BDoEQgRABD4EQQRCBDAEQARCBDUEQAQAPQAAAAM4AAAAEAQyBEIEPgQ3BDAEPwRDBEEEOgQgACgAPwQ+BDQEOgQ7BE4ERwQ1BD0EOAQ1BCAAQQBUAFMAKQAAOwAAAAM2AAAAIgRABDAEPQRBBD8EPgRABEIEOARABD4EMgQ+BEcEPQRLBDkEIAA6BD4EPAQ\/BDsENQQ6BEIEACsAAAADJgAAACAENQQ6BD4EPAQ1BD0ENARDBDUEPAQ+BDUEIAA8BDAEQQQ7BD4EACEAAAADHAAAADEAMABXADQAMAAgAEEAUABJACAAPgAgAFMARgAAGwAAAAMWAAAAHgQxBEoEUQQ8BCAAPAQwBEEEOwQwBAAPAAAAAwoAAAAwAC4ANgAgADsEAB0AAAADGAAAACAEMARBBEUEPgQ0BCAAPAQwBEEEOwQwBAAbAAAAAxYAAAAyAC4AMAAgADMELwA6BBIEQgQtAEcEogEAAAAtAAAAASgAAAAAAwAAAAEBCgEDAAAAAQEKAgMAAAABAQoEAwAAAAEBCgUDAAAAAQEKBCAAAAAFCwAAAAAGAAAAAgEAAAARBQsAAAAABgAAAAIBAAAACAYvAAAAByoAAAABBgMAAAACAQEEBg4AAABDAGEAbABpAGIAcgBpAAkBAQYFAAAAAAAAJkAOKQAAAAMkAAAAAQEBBgQAAAAAAgEBBwQAAAAAAwEBCAQAAAAABAEBCQQAAAAAAiMAAAADHgAAAAYEAAAAAAcEAAAAAAgEAAAAAAkEAAAAAAwEAAAAAA8oAAAAECMAAAAABAAAAAAAAAAEDAAAAE4AbwByAG0AYQBsAAUEAAAAAAAAAAxOAAAAACIAAABUAGEAYgBsAGUAUwB0AHkAbABlAE0AZQBkAGkAdQBtADIAASIAAABQAGkAdgBvAHQAUwB0AHkAbABlAEwAaQBnAGgAdAAxADYAETcAAAAAMgAAAPoAEQAAAFMAbABpAGMAZQByAFMAdAB5AGwAZQBMAGkAZwBoAHQAMQD7AAQAAAAAAAAACAAAAAA=\" cellspacing=\"0\" cellpadding=\"0\">\n<tbody>\n<tr>\n<td>Tip<\/td>\n<td>AC<\/td>\n<td><\/td>\n<td><\/td>\n<td><\/td>\n<\/tr>\n<tr>\n<td>Tensiune nominal\u0103<\/td>\n<td>230V 50Hz<\/td>\n<td><\/td>\n<td><\/td>\n<td><\/td>\n<\/tr>\n<tr>\n<td>Putere maxim\u0103<\/td>\n<td>3,5 kW<\/td>\n<td><\/td>\n<td><\/td>\n<td><\/td>\n<\/tr>\n<tr>\n<td>Putere nominal\u0103<\/td>\n<td>3,2 kW<\/td>\n<td><\/td>\n<td><\/td>\n<td><\/td>\n<\/tr>\n<tr>\n<td>Factorul de putere<\/td>\n<td>1.1<\/td>\n<td><\/td>\n<td><\/td>\n<td><\/td>\n<\/tr>\n<tr>\n<td>Ie\u0219ire DC<\/td>\n<td>nu<\/td>\n<td><\/td>\n<td><\/td>\n<td><\/td>\n<\/tr>\n<tr>\n<td>Capacitatea bateriei<\/td>\n<td>F\u0103r\u0103 baterie, doar pornire manual\u0103<\/td>\n<td><\/td>\n<td><\/td>\n<td><\/td>\n<\/tr>\n<tr>\n<td>Tipul motorului<\/td>\n<td>Motor pe benzin\u0103 \u00een 4 timpi OHV r\u0103cit cu aer<\/td>\n<td><\/td>\n<td><\/td>\n<td><\/td>\n<\/tr>\n<tr>\n<td>Volum, cm\u00b3<\/td>\n<td>212<\/td>\n<td><\/td>\n<td><\/td>\n<td><\/td>\n<\/tr>\n<tr>\n<td>Putere, CP<\/td>\n<td>7,5 CP<\/td>\n<td><\/td>\n<td><\/td>\n<td><\/td>\n<\/tr>\n<tr>\n<td>Capacitatea rezervorului, l<\/td>\n<td>8.5 \u043b<\/td>\n<td><\/td>\n<td><\/td>\n<td><\/td>\n<\/tr>\n<tr>\n<td>Combustibil<\/td>\n<td>Benzin\u0103 A-95<\/td>\n<td><\/td>\n<td><\/td>\n<td><\/td>\n<\/tr>\n<tr>\n<td>Consumul de combustibil la putere maxim\u0103, l\/h<\/td>\n<td>0,48 l\/h<\/td>\n<td><\/td>\n<td><\/td>\n<td><\/td>\n<\/tr>\n<tr>\n<td>Consumul de combustibil la puterea nominal\u0103, l\/h<\/td>\n<td>0,42 l\/h<\/td>\n<td><\/td>\n<td><\/td>\n<td><\/td>\n<\/tr>\n<tr>\n<td>Combustibil recomandat<\/td>\n<td>Benzin\u0103 A-95<\/td>\n<td><\/td>\n<td><\/td>\n<td><\/td>\n<\/tr>\n<tr>\n<td>Starter electric<\/td>\n<td>nu<\/td>\n<td><\/td>\n<td><\/td>\n<td><\/td>\n<\/tr>\n<tr>\n<td>Autostart (conexiune ATS)<\/td>\n<td>nu<\/td>\n<td><\/td>\n<td><\/td>\n<td><\/td>\n<\/tr>\n<tr>\n<td>Kit de transport<\/td>\n<td>nu<\/td>\n<td><\/td>\n<td><\/td>\n<td><\/td>\n<\/tr>\n<tr>\n<td>Ulei recomandat<\/td>\n<td>10W40 API &gt; SF<\/td>\n<td><\/td>\n<td><\/td>\n<td><\/td>\n<\/tr>\n<tr>\n<td>Volumul uleiului<\/td>\n<td>0.6 \u043b<\/td>\n<td><\/td>\n<td><\/td>\n<td><\/td>\n<\/tr>\n<tr>\n<td>Consumul de ulei<\/td>\n<td>2,0 g\/kWh<\/td>\n<td><\/td>\n<td><\/td>\n<td><\/td>\n<\/tr>\n<tr>\n<td><\/td>\n<td><\/td>\n<td><\/td>\n<td><\/td>\n<td><\/td>\n<\/tr>\n<\/tbody>\n<\/table>\n","protected":false},"featured_media":12561,"template":"","meta":[],"product_brand":[],"product_cat":[299],"product_tag":[],"class_list":{"0":"post-13715","1":"product","2":"type-product","3":"status-publish","4":"has-post-thumbnail","6":"product_cat-generatoare","8":"first","9":"instock","10":"shipping-taxable","11":"purchasable","12":"product-type-simple"},"yoast_head":"<!-- This site is optimized with the Yoast SEO plugin v27.3 - https:\/\/yoast.com\/product\/yoast-seo-wordpress\/ -->\n<title>Generatoare - Generator tip Invertor pe benzin\u0103 KAMOTO GG30W - Kamoto.md<\/title>\n<meta name=\"description\" content=\"Generatorul pe benzin\u0103 Kamoto GG30W cu o putere maxim\u0103 de 3,5 kW este o alegere ideal\u0103 pentru alimentarea cu energie de rezerv\u0103 a unei case particulare, a unei cabane de var\u0103 sau a unui obiect mic.\" \/>\n<meta name=\"robots\" content=\"index, follow, max-snippet:-1, max-image-preview:large, max-video-preview:-1\" \/>\n<link rel=\"canonical\" href=\"https:\/\/kamoto.md\/ro\/shop\/generatoare-si-compresoare\/generatoare\/generator-tip-invertor-pe-benzina-kamoto-gg30w\/\" \/>\n<meta property=\"og:locale\" content=\"ro_RO\" \/>\n<meta property=\"og:type\" content=\"article\" \/>\n<meta property=\"og:title\" content=\"Generatoare - Generator tip Invertor pe benzin\u0103 KAMOTO GG30W - Kamoto.md\" \/>\n<meta property=\"og:description\" content=\"Generatorul pe benzin\u0103 Kamoto GG30W cu o putere maxim\u0103 de 3,5 kW este o alegere ideal\u0103 pentru alimentarea cu energie de rezerv\u0103 a unei case particulare, a unei cabane de var\u0103 sau a unui obiect mic.\" \/>\n<meta property=\"og:url\" content=\"https:\/\/kamoto.md\/ro\/shop\/generatoare-si-compresoare\/generatoare\/generator-tip-invertor-pe-benzina-kamoto-gg30w\/\" \/>\n<meta property=\"og:site_name\" content=\"Kamoto.md\" \/>\n<meta property=\"article:modified_time\" content=\"2026-02-25T16:51:23+00:00\" \/>\n<meta property=\"og:image\" content=\"https:\/\/kamoto.md\/wp-content\/uploads\/2021\/05\/logo2.png\" \/>\n\t<meta property=\"og:image:width\" content=\"1000\" \/>\n\t<meta property=\"og:image:height\" content=\"1000\" \/>\n\t<meta property=\"og:image:type\" content=\"image\/png\" \/>\n<meta name=\"twitter:card\" content=\"summary_large_image\" \/>\n<meta name=\"twitter:label1\" content=\"Timp estimat pentru citire\" \/>\n\t<meta name=\"twitter:data1\" content=\"2 minute\" \/>\n<script type=\"application\/ld+json\" class=\"yoast-schema-graph\">{\"@context\":\"https:\\\/\\\/schema.org\",\"@graph\":[{\"@type\":[\"WebPage\",\"ItemPage\"],\"@id\":\"https:\\\/\\\/kamoto.md\\\/ro\\\/shop\\\/generatoare-si-compresoare\\\/generatoare\\\/generator-tip-invertor-pe-benzina-kamoto-gg30w\\\/\",\"url\":\"https:\\\/\\\/kamoto.md\\\/ro\\\/shop\\\/generatoare-si-compresoare\\\/generatoare\\\/generator-tip-invertor-pe-benzina-kamoto-gg30w\\\/\",\"name\":\"Generatoare - Generator tip Invertor pe benzin\u0103 KAMOTO GG30W - Kamoto.md\",\"isPartOf\":{\"@id\":\"https:\\\/\\\/kamoto.md\\\/ro\\\/#website\"},\"primaryImageOfPage\":{\"@id\":\"https:\\\/\\\/kamoto.md\\\/ro\\\/shop\\\/generatoare-si-compresoare\\\/generatoare\\\/generator-tip-invertor-pe-benzina-kamoto-gg30w\\\/#primaryimage\"},\"image\":{\"@id\":\"https:\\\/\\\/kamoto.md\\\/ro\\\/shop\\\/generatoare-si-compresoare\\\/generatoare\\\/generator-tip-invertor-pe-benzina-kamoto-gg30w\\\/#primaryimage\"},\"thumbnailUrl\":\"https:\\\/\\\/kamoto.md\\\/wp-content\\\/uploads\\\/2025\\\/04\\\/IMG_4602-1.jpg\",\"datePublished\":\"2025-04-14T14:00:15+00:00\",\"dateModified\":\"2026-02-25T16:51:23+00:00\",\"description\":\"Generatorul pe benzin\u0103 Kamoto GG30W cu o putere maxim\u0103 de 3,5 kW este o alegere ideal\u0103 pentru alimentarea cu energie de rezerv\u0103 a unei case particulare, a unei cabane de var\u0103 sau a unui obiect mic.\",\"breadcrumb\":{\"@id\":\"https:\\\/\\\/kamoto.md\\\/ro\\\/shop\\\/generatoare-si-compresoare\\\/generatoare\\\/generator-tip-invertor-pe-benzina-kamoto-gg30w\\\/#breadcrumb\"},\"inLanguage\":\"ro-RO\",\"potentialAction\":[{\"@type\":\"ReadAction\",\"target\":[\"https:\\\/\\\/kamoto.md\\\/ro\\\/shop\\\/generatoare-si-compresoare\\\/generatoare\\\/generator-tip-invertor-pe-benzina-kamoto-gg30w\\\/\"]}]},{\"@type\":\"ImageObject\",\"inLanguage\":\"ro-RO\",\"@id\":\"https:\\\/\\\/kamoto.md\\\/ro\\\/shop\\\/generatoare-si-compresoare\\\/generatoare\\\/generator-tip-invertor-pe-benzina-kamoto-gg30w\\\/#primaryimage\",\"url\":\"https:\\\/\\\/kamoto.md\\\/wp-content\\\/uploads\\\/2025\\\/04\\\/IMG_4602-1.jpg\",\"contentUrl\":\"https:\\\/\\\/kamoto.md\\\/wp-content\\\/uploads\\\/2025\\\/04\\\/IMG_4602-1.jpg\",\"width\":1996,\"height\":1996},{\"@type\":\"BreadcrumbList\",\"@id\":\"https:\\\/\\\/kamoto.md\\\/ro\\\/shop\\\/generatoare-si-compresoare\\\/generatoare\\\/generator-tip-invertor-pe-benzina-kamoto-gg30w\\\/#breadcrumb\",\"itemListElement\":[{\"@type\":\"ListItem\",\"position\":1,\"name\":\"\u0413\u043b\u0430\u0432\u043d\u0430\u044f \u0441\u0442\u0440\u0430\u043d\u0438\u0446\u0430\",\"item\":\"https:\\\/\\\/kamoto.md\\\/ro\\\/\"},{\"@type\":\"ListItem\",\"position\":2,\"name\":\"Catalog\",\"item\":\"https:\\\/\\\/kamoto.md\\\/ro\\\/catalog\\\/\"},{\"@type\":\"ListItem\",\"position\":3,\"name\":\"Generatoare si Compresoare\",\"item\":\"https:\\\/\\\/kamoto.md\\\/ro\\\/catalog\\\/generatoare-si-compresoare\\\/\"},{\"@type\":\"ListItem\",\"position\":4,\"name\":\"Generatoare\",\"item\":\"https:\\\/\\\/kamoto.md\\\/ro\\\/catalog\\\/generatoare-si-compresoare\\\/generatoare\\\/\"},{\"@type\":\"ListItem\",\"position\":5,\"name\":\"Generator tip Invertor pe benzin\u0103 KAMOTO GG30W\"}]},{\"@type\":\"WebSite\",\"@id\":\"https:\\\/\\\/kamoto.md\\\/ro\\\/#website\",\"url\":\"https:\\\/\\\/kamoto.md\\\/ro\\\/\",\"name\":\"Kamoto.MD\",\"description\":\"\u0418\u043d\u0442\u0435\u0440\u043d\u0435\u0442 \u043c\u0430\u0433\u0430\u0437\u0438\u043d \u044d\u043b\u0435\u043a\u0442\u0440\u043e\u0438\u043d\u0441\u0442\u0440\u0443\u043c\u0435\u043d\u0442\u0430, \u0441\u0430\u0434\u043e\u0432\u043e\u0439 \u0438 \u0441\u0438\u043b\u043e\u0432\u043e\u0439 \u0442\u0435\u0445\u043d\u0438\u043a\u0438.\",\"publisher\":{\"@id\":\"https:\\\/\\\/kamoto.md\\\/ro\\\/#organization\"},\"potentialAction\":[{\"@type\":\"SearchAction\",\"target\":{\"@type\":\"EntryPoint\",\"urlTemplate\":\"https:\\\/\\\/kamoto.md\\\/ro\\\/?s={search_term_string}\"},\"query-input\":{\"@type\":\"PropertyValueSpecification\",\"valueRequired\":true,\"valueName\":\"search_term_string\"}}],\"inLanguage\":\"ro-RO\"},{\"@type\":\"Organization\",\"@id\":\"https:\\\/\\\/kamoto.md\\\/ro\\\/#organization\",\"name\":\"Kamoto S.R.L.\",\"url\":\"https:\\\/\\\/kamoto.md\\\/ro\\\/\",\"logo\":{\"@type\":\"ImageObject\",\"inLanguage\":\"ro-RO\",\"@id\":\"https:\\\/\\\/kamoto.md\\\/ro\\\/#\\\/schema\\\/logo\\\/image\\\/\",\"url\":\"https:\\\/\\\/kamoto.md\\\/wp-content\\\/uploads\\\/2017\\\/08\\\/logo.png\",\"contentUrl\":\"https:\\\/\\\/kamoto.md\\\/wp-content\\\/uploads\\\/2017\\\/08\\\/logo.png\",\"width\":323,\"height\":50,\"caption\":\"Kamoto S.R.L.\"},\"image\":{\"@id\":\"https:\\\/\\\/kamoto.md\\\/ro\\\/#\\\/schema\\\/logo\\\/image\\\/\"}}]}<\/script>\n<!-- \/ Yoast SEO plugin. -->","yoast_head_json":{"title":"Generatoare - Generator tip Invertor pe benzin\u0103 KAMOTO GG30W - Kamoto.md","description":"Generatorul pe benzin\u0103 Kamoto GG30W cu o putere maxim\u0103 de 3,5 kW este o alegere ideal\u0103 pentru alimentarea cu energie de rezerv\u0103 a unei case particulare, a unei cabane de var\u0103 sau a unui obiect mic.","robots":{"index":"index","follow":"follow","max-snippet":"max-snippet:-1","max-image-preview":"max-image-preview:large","max-video-preview":"max-video-preview:-1"},"canonical":"https:\/\/kamoto.md\/ro\/shop\/generatoare-si-compresoare\/generatoare\/generator-tip-invertor-pe-benzina-kamoto-gg30w\/","og_locale":"ro_RO","og_type":"article","og_title":"Generatoare - Generator tip Invertor pe benzin\u0103 KAMOTO GG30W - Kamoto.md","og_description":"Generatorul pe benzin\u0103 Kamoto GG30W cu o putere maxim\u0103 de 3,5 kW este o alegere ideal\u0103 pentru alimentarea cu energie de rezerv\u0103 a unei case particulare, a unei cabane de var\u0103 sau a unui obiect mic.","og_url":"https:\/\/kamoto.md\/ro\/shop\/generatoare-si-compresoare\/generatoare\/generator-tip-invertor-pe-benzina-kamoto-gg30w\/","og_site_name":"Kamoto.md","article_modified_time":"2026-02-25T16:51:23+00:00","og_image":[{"width":1000,"height":1000,"url":"https:\/\/kamoto.md\/wp-content\/uploads\/2021\/05\/logo2.png","type":"image\/png"}],"twitter_card":"summary_large_image","twitter_misc":{"Timp estimat pentru citire":"2 minute"},"schema":{"@context":"https:\/\/schema.org","@graph":[{"@type":["WebPage","ItemPage"],"@id":"https:\/\/kamoto.md\/ro\/shop\/generatoare-si-compresoare\/generatoare\/generator-tip-invertor-pe-benzina-kamoto-gg30w\/","url":"https:\/\/kamoto.md\/ro\/shop\/generatoare-si-compresoare\/generatoare\/generator-tip-invertor-pe-benzina-kamoto-gg30w\/","name":"Generatoare - Generator tip Invertor pe benzin\u0103 KAMOTO GG30W - Kamoto.md","isPartOf":{"@id":"https:\/\/kamoto.md\/ro\/#website"},"primaryImageOfPage":{"@id":"https:\/\/kamoto.md\/ro\/shop\/generatoare-si-compresoare\/generatoare\/generator-tip-invertor-pe-benzina-kamoto-gg30w\/#primaryimage"},"image":{"@id":"https:\/\/kamoto.md\/ro\/shop\/generatoare-si-compresoare\/generatoare\/generator-tip-invertor-pe-benzina-kamoto-gg30w\/#primaryimage"},"thumbnailUrl":"https:\/\/kamoto.md\/wp-content\/uploads\/2025\/04\/IMG_4602-1.jpg","datePublished":"2025-04-14T14:00:15+00:00","dateModified":"2026-02-25T16:51:23+00:00","description":"Generatorul pe benzin\u0103 Kamoto GG30W cu o putere maxim\u0103 de 3,5 kW este o alegere ideal\u0103 pentru alimentarea cu energie de rezerv\u0103 a unei case particulare, a unei cabane de var\u0103 sau a unui obiect mic.","breadcrumb":{"@id":"https:\/\/kamoto.md\/ro\/shop\/generatoare-si-compresoare\/generatoare\/generator-tip-invertor-pe-benzina-kamoto-gg30w\/#breadcrumb"},"inLanguage":"ro-RO","potentialAction":[{"@type":"ReadAction","target":["https:\/\/kamoto.md\/ro\/shop\/generatoare-si-compresoare\/generatoare\/generator-tip-invertor-pe-benzina-kamoto-gg30w\/"]}]},{"@type":"ImageObject","inLanguage":"ro-RO","@id":"https:\/\/kamoto.md\/ro\/shop\/generatoare-si-compresoare\/generatoare\/generator-tip-invertor-pe-benzina-kamoto-gg30w\/#primaryimage","url":"https:\/\/kamoto.md\/wp-content\/uploads\/2025\/04\/IMG_4602-1.jpg","contentUrl":"https:\/\/kamoto.md\/wp-content\/uploads\/2025\/04\/IMG_4602-1.jpg","width":1996,"height":1996},{"@type":"BreadcrumbList","@id":"https:\/\/kamoto.md\/ro\/shop\/generatoare-si-compresoare\/generatoare\/generator-tip-invertor-pe-benzina-kamoto-gg30w\/#breadcrumb","itemListElement":[{"@type":"ListItem","position":1,"name":"\u0413\u043b\u0430\u0432\u043d\u0430\u044f \u0441\u0442\u0440\u0430\u043d\u0438\u0446\u0430","item":"https:\/\/kamoto.md\/ro\/"},{"@type":"ListItem","position":2,"name":"Catalog","item":"https:\/\/kamoto.md\/ro\/catalog\/"},{"@type":"ListItem","position":3,"name":"Generatoare si Compresoare","item":"https:\/\/kamoto.md\/ro\/catalog\/generatoare-si-compresoare\/"},{"@type":"ListItem","position":4,"name":"Generatoare","item":"https:\/\/kamoto.md\/ro\/catalog\/generatoare-si-compresoare\/generatoare\/"},{"@type":"ListItem","position":5,"name":"Generator tip Invertor pe benzin\u0103 KAMOTO GG30W"}]},{"@type":"WebSite","@id":"https:\/\/kamoto.md\/ro\/#website","url":"https:\/\/kamoto.md\/ro\/","name":"Kamoto.MD","description":"\u0418\u043d\u0442\u0435\u0440\u043d\u0435\u0442 \u043c\u0430\u0433\u0430\u0437\u0438\u043d \u044d\u043b\u0435\u043a\u0442\u0440\u043e\u0438\u043d\u0441\u0442\u0440\u0443\u043c\u0435\u043d\u0442\u0430, \u0441\u0430\u0434\u043e\u0432\u043e\u0439 \u0438 \u0441\u0438\u043b\u043e\u0432\u043e\u0439 \u0442\u0435\u0445\u043d\u0438\u043a\u0438.","publisher":{"@id":"https:\/\/kamoto.md\/ro\/#organization"},"potentialAction":[{"@type":"SearchAction","target":{"@type":"EntryPoint","urlTemplate":"https:\/\/kamoto.md\/ro\/?s={search_term_string}"},"query-input":{"@type":"PropertyValueSpecification","valueRequired":true,"valueName":"search_term_string"}}],"inLanguage":"ro-RO"},{"@type":"Organization","@id":"https:\/\/kamoto.md\/ro\/#organization","name":"Kamoto S.R.L.","url":"https:\/\/kamoto.md\/ro\/","logo":{"@type":"ImageObject","inLanguage":"ro-RO","@id":"https:\/\/kamoto.md\/ro\/#\/schema\/logo\/image\/","url":"https:\/\/kamoto.md\/wp-content\/uploads\/2017\/08\/logo.png","contentUrl":"https:\/\/kamoto.md\/wp-content\/uploads\/2017\/08\/logo.png","width":323,"height":50,"caption":"Kamoto S.R.L."},"image":{"@id":"https:\/\/kamoto.md\/ro\/#\/schema\/logo\/image\/"}}]}},"_links":{"self":[{"href":"https:\/\/kamoto.md\/ro\/wp-json\/wp\/v2\/product\/13715","targetHints":{"allow":["GET"]}}],"collection":[{"href":"https:\/\/kamoto.md\/ro\/wp-json\/wp\/v2\/product"}],"about":[{"href":"https:\/\/kamoto.md\/ro\/wp-json\/wp\/v2\/types\/product"}],"wp:featuredmedia":[{"embeddable":true,"href":"https:\/\/kamoto.md\/ro\/wp-json\/wp\/v2\/media\/12561"}],"wp:attachment":[{"href":"https:\/\/kamoto.md\/ro\/wp-json\/wp\/v2\/media?parent=13715"}],"wp:term":[{"taxonomy":"product_brand","embeddable":true,"href":"https:\/\/kamoto.md\/ro\/wp-json\/wp\/v2\/product_brand?post=13715"},{"taxonomy":"product_cat","embeddable":true,"href":"https:\/\/kamoto.md\/ro\/wp-json\/wp\/v2\/product_cat?post=13715"},{"taxonomy":"product_tag","embeddable":true,"href":"https:\/\/kamoto.md\/ro\/wp-json\/wp\/v2\/product_tag?post=13715"}],"curies":[{"name":"wp","href":"https:\/\/api.w.org\/{rel}","templated":true}]}}