{"id":13716,"date":"2025-04-02T15:04:31","date_gmt":"2025-04-02T13:04:31","guid":{"rendered":"https:\/\/kamoto.md\/shop\/fara-categorie\/pochvofreza-1gqn-125\/"},"modified":"2026-02-27T12:20:50","modified_gmt":"2026-02-27T10:20:50","slug":"freza-1gqn-125","status":"publish","type":"product","link":"https:\/\/kamoto.md\/ro\/shop\/scule-si-unelte-de-gradinarit\/minitractoare\/freza-1gqn-125\/","title":{"rendered":"Frez\u0103 1GQN-125"},"content":{"rendered":"<p><b>Frez\u0103 1GQN-125 <\/b>este utilizat pentru cultivarea solului \u00een vederea plant\u0103rii sau pentru preg\u0103tirea solului \u00een afara sezonului. Aceast\u0103 frez\u0103 are un cadru \u00eent\u0103rit, este ac\u021bionat\u0103 de o priz\u0103 de putere universal\u0103 de 540 rpm \u0219i este montat\u0103 pe articula\u021bia \u00een trei puncte a tractorului. L\u0103\u021bimea sa de lucru este de 1,25 metri. Ad\u00e2ncimea de lucru este de 25 cm. Productivitatea poate ajunge p\u00e2n\u0103 la 65 de hectare \u00eentr-o or\u0103.<\/p>\n","protected":false},"excerpt":{"rendered":"<table id=\"tech_character\" cellspacing=\"0\" cellpadding=\"0\">\n<tbody>\n<tr>\n<th>L\u0103\u021bime de cultivare, mm:<\/th>\n<td>1250<\/td>\n<\/tr>\n<tr>\n<th>PTO necesar\u0103 pentru ac\u021bionare:<\/th>\n<td>\u0218ase pl\u0103cu\u021be, \u00d835, cu caneluri dreptunghiulare, 540 rpm<\/td>\n<\/tr>\n<tr>\n<th>Puterea minim\u0103 necesar\u0103 a tractorului, CP:<\/th>\n<td>18<\/td>\n<\/tr>\n<tr>\n<th>Ad\u00e2ncimea de lucru, mm:<\/th>\n<td>250<\/td>\n<\/tr>\n<tr>\n<th>Viteza de lucru, km\/or\u0103:<\/th>\n<td>1,5 &#8211; 5<\/td>\n<\/tr>\n<tr>\n<th>Dimensiuni de construc\u021bie, mm :<\/th>\n<td>L\u0103\u021bime 1300| Lungime 950 | \u00cen\u0103l\u021bime 850<\/td>\n<\/tr>\n<tr>\n<th>Num\u0103r de cu\u021bite, buc :<\/th>\n<td>28<\/td>\n<\/tr>\n<tr>\n<th>Greutatea structurii, kg:<\/th>\n<td>171<\/td>\n<\/tr>\n<\/tbody>\n<\/table>\n","protected":false},"featured_media":12523,"template":"","meta":[],"product_brand":[],"product_cat":[396],"product_tag":[],"class_list":{"0":"post-13716","1":"product","2":"type-product","3":"status-publish","4":"has-post-thumbnail","6":"product_cat-minitractoare","8":"first","9":"instock","10":"sale","11":"shipping-taxable","12":"purchasable","13":"product-type-simple"},"yoast_head":"<!-- This site is optimized with the Yoast SEO plugin v27.3 - https:\/\/yoast.com\/product\/yoast-seo-wordpress\/ -->\n<title>Minitractoare - Frez\u0103 1GQN-125 - Kamoto.md<\/title>\n<meta name=\"description\" content=\"Motocultorul 1GQN-125 este utilizat pentru cultivarea solului \u00een vederea plant\u0103rii sau pentru preg\u0103tirea solului \u00een afara sezonului. Aceast\u0103 frez\u0103 are un cadru \u00eent\u0103rit \u0219i este ac\u021bionat\u0103 de o priz\u0103 de putere universal\u0103 de 540 rpm.\" \/>\n<meta name=\"robots\" content=\"index, follow, max-snippet:-1, max-image-preview:large, max-video-preview:-1\" \/>\n<link rel=\"canonical\" href=\"https:\/\/kamoto.md\/ro\/shop\/scule-si-unelte-de-gradinarit\/minitractoare\/freza-1gqn-125\/\" \/>\n<meta property=\"og:locale\" content=\"ro_RO\" \/>\n<meta property=\"og:type\" content=\"article\" \/>\n<meta property=\"og:title\" content=\"Minitractoare - Frez\u0103 1GQN-125 - Kamoto.md\" \/>\n<meta property=\"og:description\" content=\"Motocultorul 1GQN-125 este utilizat pentru cultivarea solului \u00een vederea plant\u0103rii sau pentru preg\u0103tirea solului \u00een afara sezonului. Aceast\u0103 frez\u0103 are un cadru \u00eent\u0103rit \u0219i este ac\u021bionat\u0103 de o priz\u0103 de putere universal\u0103 de 540 rpm.\" \/>\n<meta property=\"og:url\" content=\"https:\/\/kamoto.md\/ro\/shop\/scule-si-unelte-de-gradinarit\/minitractoare\/freza-1gqn-125\/\" \/>\n<meta property=\"og:site_name\" content=\"Kamoto.md\" \/>\n<meta property=\"article:modified_time\" content=\"2026-02-27T10:20:50+00:00\" \/>\n<meta property=\"og:image\" content=\"https:\/\/kamoto.md\/wp-content\/uploads\/2021\/05\/logo2.png\" \/>\n\t<meta property=\"og:image:width\" content=\"1000\" \/>\n\t<meta property=\"og:image:height\" content=\"1000\" \/>\n\t<meta property=\"og:image:type\" content=\"image\/png\" \/>\n<meta name=\"twitter:card\" content=\"summary_large_image\" \/>\n<meta name=\"twitter:label1\" content=\"Timp estimat pentru citire\" \/>\n\t<meta name=\"twitter:data1\" content=\"1 minut\" \/>\n<script type=\"application\/ld+json\" class=\"yoast-schema-graph\">{\"@context\":\"https:\\\/\\\/schema.org\",\"@graph\":[{\"@type\":[\"WebPage\",\"ItemPage\"],\"@id\":\"https:\\\/\\\/kamoto.md\\\/ro\\\/shop\\\/scule-si-unelte-de-gradinarit\\\/minitractoare\\\/freza-1gqn-125\\\/\",\"url\":\"https:\\\/\\\/kamoto.md\\\/ro\\\/shop\\\/scule-si-unelte-de-gradinarit\\\/minitractoare\\\/freza-1gqn-125\\\/\",\"name\":\"Minitractoare - Frez\u0103 1GQN-125 - Kamoto.md\",\"isPartOf\":{\"@id\":\"https:\\\/\\\/kamoto.md\\\/ro\\\/#website\"},\"primaryImageOfPage\":{\"@id\":\"https:\\\/\\\/kamoto.md\\\/ro\\\/shop\\\/scule-si-unelte-de-gradinarit\\\/minitractoare\\\/freza-1gqn-125\\\/#primaryimage\"},\"image\":{\"@id\":\"https:\\\/\\\/kamoto.md\\\/ro\\\/shop\\\/scule-si-unelte-de-gradinarit\\\/minitractoare\\\/freza-1gqn-125\\\/#primaryimage\"},\"thumbnailUrl\":\"https:\\\/\\\/kamoto.md\\\/wp-content\\\/uploads\\\/2025\\\/04\\\/n7dd7q888408w8sg4c0gs0scow8oso.jpg\",\"datePublished\":\"2025-04-02T13:04:31+00:00\",\"dateModified\":\"2026-02-27T10:20:50+00:00\",\"description\":\"Motocultorul 1GQN-125 este utilizat pentru cultivarea solului \u00een vederea plant\u0103rii sau pentru preg\u0103tirea solului \u00een afara sezonului. Aceast\u0103 frez\u0103 are un cadru \u00eent\u0103rit \u0219i este ac\u021bionat\u0103 de o priz\u0103 de putere universal\u0103 de 540 rpm.\",\"breadcrumb\":{\"@id\":\"https:\\\/\\\/kamoto.md\\\/ro\\\/shop\\\/scule-si-unelte-de-gradinarit\\\/minitractoare\\\/freza-1gqn-125\\\/#breadcrumb\"},\"inLanguage\":\"ro-RO\",\"potentialAction\":[{\"@type\":\"ReadAction\",\"target\":[\"https:\\\/\\\/kamoto.md\\\/ro\\\/shop\\\/scule-si-unelte-de-gradinarit\\\/minitractoare\\\/freza-1gqn-125\\\/\"]}]},{\"@type\":\"ImageObject\",\"inLanguage\":\"ro-RO\",\"@id\":\"https:\\\/\\\/kamoto.md\\\/ro\\\/shop\\\/scule-si-unelte-de-gradinarit\\\/minitractoare\\\/freza-1gqn-125\\\/#primaryimage\",\"url\":\"https:\\\/\\\/kamoto.md\\\/wp-content\\\/uploads\\\/2025\\\/04\\\/n7dd7q888408w8sg4c0gs0scow8oso.jpg\",\"contentUrl\":\"https:\\\/\\\/kamoto.md\\\/wp-content\\\/uploads\\\/2025\\\/04\\\/n7dd7q888408w8sg4c0gs0scow8oso.jpg\",\"width\":1024,\"height\":768},{\"@type\":\"BreadcrumbList\",\"@id\":\"https:\\\/\\\/kamoto.md\\\/ro\\\/shop\\\/scule-si-unelte-de-gradinarit\\\/minitractoare\\\/freza-1gqn-125\\\/#breadcrumb\",\"itemListElement\":[{\"@type\":\"ListItem\",\"position\":1,\"name\":\"\u0413\u043b\u0430\u0432\u043d\u0430\u044f \u0441\u0442\u0440\u0430\u043d\u0438\u0446\u0430\",\"item\":\"https:\\\/\\\/kamoto.md\\\/ro\\\/\"},{\"@type\":\"ListItem\",\"position\":2,\"name\":\"Catalog\",\"item\":\"https:\\\/\\\/kamoto.md\\\/ro\\\/catalog\\\/\"},{\"@type\":\"ListItem\",\"position\":3,\"name\":\"Instrumente \u0219i unelte de gr\u0103din\u0103rit\",\"item\":\"https:\\\/\\\/kamoto.md\\\/ro\\\/catalog\\\/scule-si-unelte-de-gradinarit\\\/\"},{\"@type\":\"ListItem\",\"position\":4,\"name\":\"Minitractoare\",\"item\":\"https:\\\/\\\/kamoto.md\\\/ro\\\/catalog\\\/scule-si-unelte-de-gradinarit\\\/minitractoare\\\/\"},{\"@type\":\"ListItem\",\"position\":5,\"name\":\"Frez\u0103 1GQN-125\"}]},{\"@type\":\"WebSite\",\"@id\":\"https:\\\/\\\/kamoto.md\\\/ro\\\/#website\",\"url\":\"https:\\\/\\\/kamoto.md\\\/ro\\\/\",\"name\":\"Kamoto.MD\",\"description\":\"\u0418\u043d\u0442\u0435\u0440\u043d\u0435\u0442 \u043c\u0430\u0433\u0430\u0437\u0438\u043d \u044d\u043b\u0435\u043a\u0442\u0440\u043e\u0438\u043d\u0441\u0442\u0440\u0443\u043c\u0435\u043d\u0442\u0430, \u0441\u0430\u0434\u043e\u0432\u043e\u0439 \u0438 \u0441\u0438\u043b\u043e\u0432\u043e\u0439 \u0442\u0435\u0445\u043d\u0438\u043a\u0438.\",\"publisher\":{\"@id\":\"https:\\\/\\\/kamoto.md\\\/ro\\\/#organization\"},\"potentialAction\":[{\"@type\":\"SearchAction\",\"target\":{\"@type\":\"EntryPoint\",\"urlTemplate\":\"https:\\\/\\\/kamoto.md\\\/ro\\\/?s={search_term_string}\"},\"query-input\":{\"@type\":\"PropertyValueSpecification\",\"valueRequired\":true,\"valueName\":\"search_term_string\"}}],\"inLanguage\":\"ro-RO\"},{\"@type\":\"Organization\",\"@id\":\"https:\\\/\\\/kamoto.md\\\/ro\\\/#organization\",\"name\":\"Kamoto S.R.L.\",\"url\":\"https:\\\/\\\/kamoto.md\\\/ro\\\/\",\"logo\":{\"@type\":\"ImageObject\",\"inLanguage\":\"ro-RO\",\"@id\":\"https:\\\/\\\/kamoto.md\\\/ro\\\/#\\\/schema\\\/logo\\\/image\\\/\",\"url\":\"https:\\\/\\\/kamoto.md\\\/wp-content\\\/uploads\\\/2017\\\/08\\\/logo.png\",\"contentUrl\":\"https:\\\/\\\/kamoto.md\\\/wp-content\\\/uploads\\\/2017\\\/08\\\/logo.png\",\"width\":323,\"height\":50,\"caption\":\"Kamoto S.R.L.\"},\"image\":{\"@id\":\"https:\\\/\\\/kamoto.md\\\/ro\\\/#\\\/schema\\\/logo\\\/image\\\/\"}}]}<\/script>\n<!-- \/ Yoast SEO plugin. -->","yoast_head_json":{"title":"Minitractoare - Frez\u0103 1GQN-125 - Kamoto.md","description":"Motocultorul 1GQN-125 este utilizat pentru cultivarea solului \u00een vederea plant\u0103rii sau pentru preg\u0103tirea solului \u00een afara sezonului. Aceast\u0103 frez\u0103 are un cadru \u00eent\u0103rit \u0219i este ac\u021bionat\u0103 de o priz\u0103 de putere universal\u0103 de 540 rpm.","robots":{"index":"index","follow":"follow","max-snippet":"max-snippet:-1","max-image-preview":"max-image-preview:large","max-video-preview":"max-video-preview:-1"},"canonical":"https:\/\/kamoto.md\/ro\/shop\/scule-si-unelte-de-gradinarit\/minitractoare\/freza-1gqn-125\/","og_locale":"ro_RO","og_type":"article","og_title":"Minitractoare - Frez\u0103 1GQN-125 - Kamoto.md","og_description":"Motocultorul 1GQN-125 este utilizat pentru cultivarea solului \u00een vederea plant\u0103rii sau pentru preg\u0103tirea solului \u00een afara sezonului. Aceast\u0103 frez\u0103 are un cadru \u00eent\u0103rit \u0219i este ac\u021bionat\u0103 de o priz\u0103 de putere universal\u0103 de 540 rpm.","og_url":"https:\/\/kamoto.md\/ro\/shop\/scule-si-unelte-de-gradinarit\/minitractoare\/freza-1gqn-125\/","og_site_name":"Kamoto.md","article_modified_time":"2026-02-27T10:20:50+00:00","og_image":[{"width":1000,"height":1000,"url":"https:\/\/kamoto.md\/wp-content\/uploads\/2021\/05\/logo2.png","type":"image\/png"}],"twitter_card":"summary_large_image","twitter_misc":{"Timp estimat pentru citire":"1 minut"},"schema":{"@context":"https:\/\/schema.org","@graph":[{"@type":["WebPage","ItemPage"],"@id":"https:\/\/kamoto.md\/ro\/shop\/scule-si-unelte-de-gradinarit\/minitractoare\/freza-1gqn-125\/","url":"https:\/\/kamoto.md\/ro\/shop\/scule-si-unelte-de-gradinarit\/minitractoare\/freza-1gqn-125\/","name":"Minitractoare - Frez\u0103 1GQN-125 - Kamoto.md","isPartOf":{"@id":"https:\/\/kamoto.md\/ro\/#website"},"primaryImageOfPage":{"@id":"https:\/\/kamoto.md\/ro\/shop\/scule-si-unelte-de-gradinarit\/minitractoare\/freza-1gqn-125\/#primaryimage"},"image":{"@id":"https:\/\/kamoto.md\/ro\/shop\/scule-si-unelte-de-gradinarit\/minitractoare\/freza-1gqn-125\/#primaryimage"},"thumbnailUrl":"https:\/\/kamoto.md\/wp-content\/uploads\/2025\/04\/n7dd7q888408w8sg4c0gs0scow8oso.jpg","datePublished":"2025-04-02T13:04:31+00:00","dateModified":"2026-02-27T10:20:50+00:00","description":"Motocultorul 1GQN-125 este utilizat pentru cultivarea solului \u00een vederea plant\u0103rii sau pentru preg\u0103tirea solului \u00een afara sezonului. Aceast\u0103 frez\u0103 are un cadru \u00eent\u0103rit \u0219i este ac\u021bionat\u0103 de o priz\u0103 de putere universal\u0103 de 540 rpm.","breadcrumb":{"@id":"https:\/\/kamoto.md\/ro\/shop\/scule-si-unelte-de-gradinarit\/minitractoare\/freza-1gqn-125\/#breadcrumb"},"inLanguage":"ro-RO","potentialAction":[{"@type":"ReadAction","target":["https:\/\/kamoto.md\/ro\/shop\/scule-si-unelte-de-gradinarit\/minitractoare\/freza-1gqn-125\/"]}]},{"@type":"ImageObject","inLanguage":"ro-RO","@id":"https:\/\/kamoto.md\/ro\/shop\/scule-si-unelte-de-gradinarit\/minitractoare\/freza-1gqn-125\/#primaryimage","url":"https:\/\/kamoto.md\/wp-content\/uploads\/2025\/04\/n7dd7q888408w8sg4c0gs0scow8oso.jpg","contentUrl":"https:\/\/kamoto.md\/wp-content\/uploads\/2025\/04\/n7dd7q888408w8sg4c0gs0scow8oso.jpg","width":1024,"height":768},{"@type":"BreadcrumbList","@id":"https:\/\/kamoto.md\/ro\/shop\/scule-si-unelte-de-gradinarit\/minitractoare\/freza-1gqn-125\/#breadcrumb","itemListElement":[{"@type":"ListItem","position":1,"name":"\u0413\u043b\u0430\u0432\u043d\u0430\u044f \u0441\u0442\u0440\u0430\u043d\u0438\u0446\u0430","item":"https:\/\/kamoto.md\/ro\/"},{"@type":"ListItem","position":2,"name":"Catalog","item":"https:\/\/kamoto.md\/ro\/catalog\/"},{"@type":"ListItem","position":3,"name":"Instrumente \u0219i unelte de gr\u0103din\u0103rit","item":"https:\/\/kamoto.md\/ro\/catalog\/scule-si-unelte-de-gradinarit\/"},{"@type":"ListItem","position":4,"name":"Minitractoare","item":"https:\/\/kamoto.md\/ro\/catalog\/scule-si-unelte-de-gradinarit\/minitractoare\/"},{"@type":"ListItem","position":5,"name":"Frez\u0103 1GQN-125"}]},{"@type":"WebSite","@id":"https:\/\/kamoto.md\/ro\/#website","url":"https:\/\/kamoto.md\/ro\/","name":"Kamoto.MD","description":"\u0418\u043d\u0442\u0435\u0440\u043d\u0435\u0442 \u043c\u0430\u0433\u0430\u0437\u0438\u043d \u044d\u043b\u0435\u043a\u0442\u0440\u043e\u0438\u043d\u0441\u0442\u0440\u0443\u043c\u0435\u043d\u0442\u0430, \u0441\u0430\u0434\u043e\u0432\u043e\u0439 \u0438 \u0441\u0438\u043b\u043e\u0432\u043e\u0439 \u0442\u0435\u0445\u043d\u0438\u043a\u0438.","publisher":{"@id":"https:\/\/kamoto.md\/ro\/#organization"},"potentialAction":[{"@type":"SearchAction","target":{"@type":"EntryPoint","urlTemplate":"https:\/\/kamoto.md\/ro\/?s={search_term_string}"},"query-input":{"@type":"PropertyValueSpecification","valueRequired":true,"valueName":"search_term_string"}}],"inLanguage":"ro-RO"},{"@type":"Organization","@id":"https:\/\/kamoto.md\/ro\/#organization","name":"Kamoto S.R.L.","url":"https:\/\/kamoto.md\/ro\/","logo":{"@type":"ImageObject","inLanguage":"ro-RO","@id":"https:\/\/kamoto.md\/ro\/#\/schema\/logo\/image\/","url":"https:\/\/kamoto.md\/wp-content\/uploads\/2017\/08\/logo.png","contentUrl":"https:\/\/kamoto.md\/wp-content\/uploads\/2017\/08\/logo.png","width":323,"height":50,"caption":"Kamoto S.R.L."},"image":{"@id":"https:\/\/kamoto.md\/ro\/#\/schema\/logo\/image\/"}}]}},"_links":{"self":[{"href":"https:\/\/kamoto.md\/ro\/wp-json\/wp\/v2\/product\/13716","targetHints":{"allow":["GET"]}}],"collection":[{"href":"https:\/\/kamoto.md\/ro\/wp-json\/wp\/v2\/product"}],"about":[{"href":"https:\/\/kamoto.md\/ro\/wp-json\/wp\/v2\/types\/product"}],"wp:featuredmedia":[{"embeddable":true,"href":"https:\/\/kamoto.md\/ro\/wp-json\/wp\/v2\/media\/12523"}],"wp:attachment":[{"href":"https:\/\/kamoto.md\/ro\/wp-json\/wp\/v2\/media?parent=13716"}],"wp:term":[{"taxonomy":"product_brand","embeddable":true,"href":"https:\/\/kamoto.md\/ro\/wp-json\/wp\/v2\/product_brand?post=13716"},{"taxonomy":"product_cat","embeddable":true,"href":"https:\/\/kamoto.md\/ro\/wp-json\/wp\/v2\/product_cat?post=13716"},{"taxonomy":"product_tag","embeddable":true,"href":"https:\/\/kamoto.md\/ro\/wp-json\/wp\/v2\/product_tag?post=13716"}],"curies":[{"name":"wp","href":"https:\/\/api.w.org\/{rel}","templated":true}]}}