{"id":13719,"date":"2023-12-11T18:13:19","date_gmt":"2023-12-11T16:13:19","guid":{"rendered":"https:\/\/kamoto.md\/shop\/fara-categorie\/izmelchitel-benzinovyj-kamoto-glc6560\/"},"modified":"2026-02-27T15:30:52","modified_gmt":"2026-02-27T13:30:52","slug":"tocator-de-crengi-kamoto-glc6560","status":"publish","type":"product","link":"https:\/\/kamoto.md\/ro\/shop\/scule-si-unelte-de-gradinarit\/tocatoare-de-gradina\/tocator-de-crengi-kamoto-glc6560\/","title":{"rendered":"Toc\u0103tor de crengi KAMOTO GLC6560"},"content":{"rendered":"<p>Toc\u0103torul de crengi KAMOTO GLC6560 ajut\u0103 la eliminarea rapid\u0103 a materialelor vegetale, ramurilor, crengilor, trunchiurilor de copaci mici prin zdrobirea acestora pentru a reduce volumul \u0219i a facilita transportul. Este utilizat \u00een gospod\u0103rii, cabane \u0219i gr\u0103dini.<\/p>\n","protected":false},"excerpt":{"rendered":"<p>Surs\u0103 de alimentare: Benzin\u0103<br \/>\nPutere: 4,2 kW<br \/>\nDesign: Instala\u021bie sta\u021bionar\u0103<br \/>\nViteza de \u0219lefuire: 3600 rota\u021bii\/min.<br \/>\nCapacitate de t\u0103iere: 60 mm<br \/>\nCaracteristici suplimentare<br \/>\nTipul sistemului de t\u0103iere: cu doi arbori sincroniza\u021bi \u0219i \u0219ase cu\u021bite de prindere<br \/>\nT\u0103ia\u021bi ramurile \u0219i tufi\u0219urile \u00een buc\u0103\u021bi lungi de 120 &#8211; 200 mm<br \/>\nMotor: 4 timpi 196 cm\u00b3\/4.2 kW<br \/>\nViteza de \u0219lefuire: 3 m\u00b3\/h.<br \/>\nDiametrul ramurilor t\u0103iate: 60 mm<br \/>\nViteza arborelui unit\u0103\u021bii de t\u0103iere: 250 rpm<br \/>\nStarter: manual<br \/>\nGreutate: 120 kg<br \/>\nEchipament<br \/>\nCheie lum\u00e2nare: 1 buc<br \/>\nInstruc\u021biuni de utilizare<br \/>\nInstruc\u021biuni de func\u021bionare a motorului<\/p>\n","protected":false},"featured_media":12141,"template":"","meta":[],"product_brand":[],"product_cat":[399],"product_tag":[],"class_list":{"0":"post-13719","1":"product","2":"type-product","3":"status-publish","4":"has-post-thumbnail","6":"product_cat-tocatoare-de-gradina","8":"first","9":"outofstock","10":"shipping-taxable","11":"product-type-simple"},"yoast_head":"<!-- This site is optimized with the Yoast SEO plugin v27.3 - https:\/\/yoast.com\/product\/yoast-seo-wordpress\/ -->\n<title>Toc\u0103toare de crengi - Toc\u0103tor de crengi KAMOTO GLC6560 - Kamoto.md<\/title>\n<meta name=\"description\" content=\"Tip de sistem de t\u0103iere: cu doi arbori sincroniza\u021bi \u0219i \u0219ase cu\u021bite cu blocare reciproc\u0103 - % Diametrul ramurilor care trebuie t\u0103iate: 60 mm\" \/>\n<meta name=\"robots\" content=\"index, follow, max-snippet:-1, max-image-preview:large, max-video-preview:-1\" \/>\n<link rel=\"canonical\" href=\"https:\/\/kamoto.md\/ro\/shop\/scule-si-unelte-de-gradinarit\/tocatoare-de-gradina\/tocator-de-crengi-kamoto-glc6560\/\" \/>\n<meta property=\"og:locale\" content=\"ro_RO\" \/>\n<meta property=\"og:type\" content=\"article\" \/>\n<meta property=\"og:title\" content=\"Toc\u0103toare de crengi - Toc\u0103tor de crengi KAMOTO GLC6560 - Kamoto.md\" \/>\n<meta property=\"og:description\" content=\"Tip de sistem de t\u0103iere: cu doi arbori sincroniza\u021bi \u0219i \u0219ase cu\u021bite cu blocare reciproc\u0103 - % Diametrul ramurilor care trebuie t\u0103iate: 60 mm\" \/>\n<meta property=\"og:url\" content=\"https:\/\/kamoto.md\/ro\/shop\/scule-si-unelte-de-gradinarit\/tocatoare-de-gradina\/tocator-de-crengi-kamoto-glc6560\/\" \/>\n<meta property=\"og:site_name\" content=\"Kamoto.md\" \/>\n<meta property=\"article:modified_time\" content=\"2026-02-27T13:30:52+00:00\" \/>\n<meta property=\"og:image\" content=\"https:\/\/kamoto.md\/wp-content\/uploads\/2021\/05\/logo2.png\" \/>\n\t<meta property=\"og:image:width\" content=\"1000\" \/>\n\t<meta property=\"og:image:height\" content=\"1000\" \/>\n\t<meta property=\"og:image:type\" content=\"image\/png\" \/>\n<meta name=\"twitter:card\" content=\"summary_large_image\" \/>\n<meta name=\"twitter:label1\" content=\"Timp estimat pentru citire\" \/>\n\t<meta name=\"twitter:data1\" content=\"1 minut\" \/>\n<script type=\"application\/ld+json\" class=\"yoast-schema-graph\">{\"@context\":\"https:\\\/\\\/schema.org\",\"@graph\":[{\"@type\":[\"WebPage\",\"ItemPage\"],\"@id\":\"https:\\\/\\\/kamoto.md\\\/ro\\\/shop\\\/scule-si-unelte-de-gradinarit\\\/tocatoare-de-gradina\\\/tocator-de-crengi-kamoto-glc6560\\\/\",\"url\":\"https:\\\/\\\/kamoto.md\\\/ro\\\/shop\\\/scule-si-unelte-de-gradinarit\\\/tocatoare-de-gradina\\\/tocator-de-crengi-kamoto-glc6560\\\/\",\"name\":\"Toc\u0103toare de crengi - Toc\u0103tor de crengi KAMOTO GLC6560 - Kamoto.md\",\"isPartOf\":{\"@id\":\"https:\\\/\\\/kamoto.md\\\/ro\\\/#website\"},\"primaryImageOfPage\":{\"@id\":\"https:\\\/\\\/kamoto.md\\\/ro\\\/shop\\\/scule-si-unelte-de-gradinarit\\\/tocatoare-de-gradina\\\/tocator-de-crengi-kamoto-glc6560\\\/#primaryimage\"},\"image\":{\"@id\":\"https:\\\/\\\/kamoto.md\\\/ro\\\/shop\\\/scule-si-unelte-de-gradinarit\\\/tocatoare-de-gradina\\\/tocator-de-crengi-kamoto-glc6560\\\/#primaryimage\"},\"thumbnailUrl\":\"https:\\\/\\\/kamoto.md\\\/wp-content\\\/uploads\\\/2023\\\/12\\\/IMG_0731-1-scaled.jpg\",\"datePublished\":\"2023-12-11T16:13:19+00:00\",\"dateModified\":\"2026-02-27T13:30:52+00:00\",\"description\":\"Tip de sistem de t\u0103iere: cu doi arbori sincroniza\u021bi \u0219i \u0219ase cu\u021bite cu blocare reciproc\u0103 - % Diametrul ramurilor care trebuie t\u0103iate: 60 mm\",\"breadcrumb\":{\"@id\":\"https:\\\/\\\/kamoto.md\\\/ro\\\/shop\\\/scule-si-unelte-de-gradinarit\\\/tocatoare-de-gradina\\\/tocator-de-crengi-kamoto-glc6560\\\/#breadcrumb\"},\"inLanguage\":\"ro-RO\",\"potentialAction\":[{\"@type\":\"ReadAction\",\"target\":[\"https:\\\/\\\/kamoto.md\\\/ro\\\/shop\\\/scule-si-unelte-de-gradinarit\\\/tocatoare-de-gradina\\\/tocator-de-crengi-kamoto-glc6560\\\/\"]}]},{\"@type\":\"ImageObject\",\"inLanguage\":\"ro-RO\",\"@id\":\"https:\\\/\\\/kamoto.md\\\/ro\\\/shop\\\/scule-si-unelte-de-gradinarit\\\/tocatoare-de-gradina\\\/tocator-de-crengi-kamoto-glc6560\\\/#primaryimage\",\"url\":\"https:\\\/\\\/kamoto.md\\\/wp-content\\\/uploads\\\/2023\\\/12\\\/IMG_0731-1-scaled.jpg\",\"contentUrl\":\"https:\\\/\\\/kamoto.md\\\/wp-content\\\/uploads\\\/2023\\\/12\\\/IMG_0731-1-scaled.jpg\",\"width\":2560,\"height\":2350},{\"@type\":\"BreadcrumbList\",\"@id\":\"https:\\\/\\\/kamoto.md\\\/ro\\\/shop\\\/scule-si-unelte-de-gradinarit\\\/tocatoare-de-gradina\\\/tocator-de-crengi-kamoto-glc6560\\\/#breadcrumb\",\"itemListElement\":[{\"@type\":\"ListItem\",\"position\":1,\"name\":\"\u0413\u043b\u0430\u0432\u043d\u0430\u044f \u0441\u0442\u0440\u0430\u043d\u0438\u0446\u0430\",\"item\":\"https:\\\/\\\/kamoto.md\\\/ro\\\/\"},{\"@type\":\"ListItem\",\"position\":2,\"name\":\"Catalog\",\"item\":\"https:\\\/\\\/kamoto.md\\\/ro\\\/catalog\\\/\"},{\"@type\":\"ListItem\",\"position\":3,\"name\":\"Instrumente \u0219i unelte de gr\u0103din\u0103rit\",\"item\":\"https:\\\/\\\/kamoto.md\\\/ro\\\/catalog\\\/scule-si-unelte-de-gradinarit\\\/\"},{\"@type\":\"ListItem\",\"position\":4,\"name\":\"Toc\u0103toare de crengi\",\"item\":\"https:\\\/\\\/kamoto.md\\\/ro\\\/catalog\\\/scule-si-unelte-de-gradinarit\\\/tocatoare-de-gradina\\\/\"},{\"@type\":\"ListItem\",\"position\":5,\"name\":\"Toc\u0103tor de crengi KAMOTO GLC6560\"}]},{\"@type\":\"WebSite\",\"@id\":\"https:\\\/\\\/kamoto.md\\\/ro\\\/#website\",\"url\":\"https:\\\/\\\/kamoto.md\\\/ro\\\/\",\"name\":\"Kamoto.MD\",\"description\":\"\u0418\u043d\u0442\u0435\u0440\u043d\u0435\u0442 \u043c\u0430\u0433\u0430\u0437\u0438\u043d \u044d\u043b\u0435\u043a\u0442\u0440\u043e\u0438\u043d\u0441\u0442\u0440\u0443\u043c\u0435\u043d\u0442\u0430, \u0441\u0430\u0434\u043e\u0432\u043e\u0439 \u0438 \u0441\u0438\u043b\u043e\u0432\u043e\u0439 \u0442\u0435\u0445\u043d\u0438\u043a\u0438.\",\"publisher\":{\"@id\":\"https:\\\/\\\/kamoto.md\\\/ro\\\/#organization\"},\"potentialAction\":[{\"@type\":\"SearchAction\",\"target\":{\"@type\":\"EntryPoint\",\"urlTemplate\":\"https:\\\/\\\/kamoto.md\\\/ro\\\/?s={search_term_string}\"},\"query-input\":{\"@type\":\"PropertyValueSpecification\",\"valueRequired\":true,\"valueName\":\"search_term_string\"}}],\"inLanguage\":\"ro-RO\"},{\"@type\":\"Organization\",\"@id\":\"https:\\\/\\\/kamoto.md\\\/ro\\\/#organization\",\"name\":\"Kamoto S.R.L.\",\"url\":\"https:\\\/\\\/kamoto.md\\\/ro\\\/\",\"logo\":{\"@type\":\"ImageObject\",\"inLanguage\":\"ro-RO\",\"@id\":\"https:\\\/\\\/kamoto.md\\\/ro\\\/#\\\/schema\\\/logo\\\/image\\\/\",\"url\":\"https:\\\/\\\/kamoto.md\\\/wp-content\\\/uploads\\\/2017\\\/08\\\/logo.png\",\"contentUrl\":\"https:\\\/\\\/kamoto.md\\\/wp-content\\\/uploads\\\/2017\\\/08\\\/logo.png\",\"width\":323,\"height\":50,\"caption\":\"Kamoto S.R.L.\"},\"image\":{\"@id\":\"https:\\\/\\\/kamoto.md\\\/ro\\\/#\\\/schema\\\/logo\\\/image\\\/\"}}]}<\/script>\n<!-- \/ Yoast SEO plugin. -->","yoast_head_json":{"title":"Toc\u0103toare de crengi - Toc\u0103tor de crengi KAMOTO GLC6560 - Kamoto.md","description":"Tip de sistem de t\u0103iere: cu doi arbori sincroniza\u021bi \u0219i \u0219ase cu\u021bite cu blocare reciproc\u0103 - % Diametrul ramurilor care trebuie t\u0103iate: 60 mm","robots":{"index":"index","follow":"follow","max-snippet":"max-snippet:-1","max-image-preview":"max-image-preview:large","max-video-preview":"max-video-preview:-1"},"canonical":"https:\/\/kamoto.md\/ro\/shop\/scule-si-unelte-de-gradinarit\/tocatoare-de-gradina\/tocator-de-crengi-kamoto-glc6560\/","og_locale":"ro_RO","og_type":"article","og_title":"Toc\u0103toare de crengi - Toc\u0103tor de crengi KAMOTO GLC6560 - Kamoto.md","og_description":"Tip de sistem de t\u0103iere: cu doi arbori sincroniza\u021bi \u0219i \u0219ase cu\u021bite cu blocare reciproc\u0103 - % Diametrul ramurilor care trebuie t\u0103iate: 60 mm","og_url":"https:\/\/kamoto.md\/ro\/shop\/scule-si-unelte-de-gradinarit\/tocatoare-de-gradina\/tocator-de-crengi-kamoto-glc6560\/","og_site_name":"Kamoto.md","article_modified_time":"2026-02-27T13:30:52+00:00","og_image":[{"width":1000,"height":1000,"url":"https:\/\/kamoto.md\/wp-content\/uploads\/2021\/05\/logo2.png","type":"image\/png"}],"twitter_card":"summary_large_image","twitter_misc":{"Timp estimat pentru citire":"1 minut"},"schema":{"@context":"https:\/\/schema.org","@graph":[{"@type":["WebPage","ItemPage"],"@id":"https:\/\/kamoto.md\/ro\/shop\/scule-si-unelte-de-gradinarit\/tocatoare-de-gradina\/tocator-de-crengi-kamoto-glc6560\/","url":"https:\/\/kamoto.md\/ro\/shop\/scule-si-unelte-de-gradinarit\/tocatoare-de-gradina\/tocator-de-crengi-kamoto-glc6560\/","name":"Toc\u0103toare de crengi - Toc\u0103tor de crengi KAMOTO GLC6560 - Kamoto.md","isPartOf":{"@id":"https:\/\/kamoto.md\/ro\/#website"},"primaryImageOfPage":{"@id":"https:\/\/kamoto.md\/ro\/shop\/scule-si-unelte-de-gradinarit\/tocatoare-de-gradina\/tocator-de-crengi-kamoto-glc6560\/#primaryimage"},"image":{"@id":"https:\/\/kamoto.md\/ro\/shop\/scule-si-unelte-de-gradinarit\/tocatoare-de-gradina\/tocator-de-crengi-kamoto-glc6560\/#primaryimage"},"thumbnailUrl":"https:\/\/kamoto.md\/wp-content\/uploads\/2023\/12\/IMG_0731-1-scaled.jpg","datePublished":"2023-12-11T16:13:19+00:00","dateModified":"2026-02-27T13:30:52+00:00","description":"Tip de sistem de t\u0103iere: cu doi arbori sincroniza\u021bi \u0219i \u0219ase cu\u021bite cu blocare reciproc\u0103 - % Diametrul ramurilor care trebuie t\u0103iate: 60 mm","breadcrumb":{"@id":"https:\/\/kamoto.md\/ro\/shop\/scule-si-unelte-de-gradinarit\/tocatoare-de-gradina\/tocator-de-crengi-kamoto-glc6560\/#breadcrumb"},"inLanguage":"ro-RO","potentialAction":[{"@type":"ReadAction","target":["https:\/\/kamoto.md\/ro\/shop\/scule-si-unelte-de-gradinarit\/tocatoare-de-gradina\/tocator-de-crengi-kamoto-glc6560\/"]}]},{"@type":"ImageObject","inLanguage":"ro-RO","@id":"https:\/\/kamoto.md\/ro\/shop\/scule-si-unelte-de-gradinarit\/tocatoare-de-gradina\/tocator-de-crengi-kamoto-glc6560\/#primaryimage","url":"https:\/\/kamoto.md\/wp-content\/uploads\/2023\/12\/IMG_0731-1-scaled.jpg","contentUrl":"https:\/\/kamoto.md\/wp-content\/uploads\/2023\/12\/IMG_0731-1-scaled.jpg","width":2560,"height":2350},{"@type":"BreadcrumbList","@id":"https:\/\/kamoto.md\/ro\/shop\/scule-si-unelte-de-gradinarit\/tocatoare-de-gradina\/tocator-de-crengi-kamoto-glc6560\/#breadcrumb","itemListElement":[{"@type":"ListItem","position":1,"name":"\u0413\u043b\u0430\u0432\u043d\u0430\u044f \u0441\u0442\u0440\u0430\u043d\u0438\u0446\u0430","item":"https:\/\/kamoto.md\/ro\/"},{"@type":"ListItem","position":2,"name":"Catalog","item":"https:\/\/kamoto.md\/ro\/catalog\/"},{"@type":"ListItem","position":3,"name":"Instrumente \u0219i unelte de gr\u0103din\u0103rit","item":"https:\/\/kamoto.md\/ro\/catalog\/scule-si-unelte-de-gradinarit\/"},{"@type":"ListItem","position":4,"name":"Toc\u0103toare de crengi","item":"https:\/\/kamoto.md\/ro\/catalog\/scule-si-unelte-de-gradinarit\/tocatoare-de-gradina\/"},{"@type":"ListItem","position":5,"name":"Toc\u0103tor de crengi KAMOTO GLC6560"}]},{"@type":"WebSite","@id":"https:\/\/kamoto.md\/ro\/#website","url":"https:\/\/kamoto.md\/ro\/","name":"Kamoto.MD","description":"\u0418\u043d\u0442\u0435\u0440\u043d\u0435\u0442 \u043c\u0430\u0433\u0430\u0437\u0438\u043d \u044d\u043b\u0435\u043a\u0442\u0440\u043e\u0438\u043d\u0441\u0442\u0440\u0443\u043c\u0435\u043d\u0442\u0430, \u0441\u0430\u0434\u043e\u0432\u043e\u0439 \u0438 \u0441\u0438\u043b\u043e\u0432\u043e\u0439 \u0442\u0435\u0445\u043d\u0438\u043a\u0438.","publisher":{"@id":"https:\/\/kamoto.md\/ro\/#organization"},"potentialAction":[{"@type":"SearchAction","target":{"@type":"EntryPoint","urlTemplate":"https:\/\/kamoto.md\/ro\/?s={search_term_string}"},"query-input":{"@type":"PropertyValueSpecification","valueRequired":true,"valueName":"search_term_string"}}],"inLanguage":"ro-RO"},{"@type":"Organization","@id":"https:\/\/kamoto.md\/ro\/#organization","name":"Kamoto S.R.L.","url":"https:\/\/kamoto.md\/ro\/","logo":{"@type":"ImageObject","inLanguage":"ro-RO","@id":"https:\/\/kamoto.md\/ro\/#\/schema\/logo\/image\/","url":"https:\/\/kamoto.md\/wp-content\/uploads\/2017\/08\/logo.png","contentUrl":"https:\/\/kamoto.md\/wp-content\/uploads\/2017\/08\/logo.png","width":323,"height":50,"caption":"Kamoto S.R.L."},"image":{"@id":"https:\/\/kamoto.md\/ro\/#\/schema\/logo\/image\/"}}]}},"_links":{"self":[{"href":"https:\/\/kamoto.md\/ro\/wp-json\/wp\/v2\/product\/13719","targetHints":{"allow":["GET"]}}],"collection":[{"href":"https:\/\/kamoto.md\/ro\/wp-json\/wp\/v2\/product"}],"about":[{"href":"https:\/\/kamoto.md\/ro\/wp-json\/wp\/v2\/types\/product"}],"wp:featuredmedia":[{"embeddable":true,"href":"https:\/\/kamoto.md\/ro\/wp-json\/wp\/v2\/media\/12141"}],"wp:attachment":[{"href":"https:\/\/kamoto.md\/ro\/wp-json\/wp\/v2\/media?parent=13719"}],"wp:term":[{"taxonomy":"product_brand","embeddable":true,"href":"https:\/\/kamoto.md\/ro\/wp-json\/wp\/v2\/product_brand?post=13719"},{"taxonomy":"product_cat","embeddable":true,"href":"https:\/\/kamoto.md\/ro\/wp-json\/wp\/v2\/product_cat?post=13719"},{"taxonomy":"product_tag","embeddable":true,"href":"https:\/\/kamoto.md\/ro\/wp-json\/wp\/v2\/product_tag?post=13719"}],"curies":[{"name":"wp","href":"https:\/\/api.w.org\/{rel}","templated":true}]}}