{"id":13720,"date":"2023-09-29T17:10:08","date_gmt":"2023-09-29T15:10:08","guid":{"rendered":"https:\/\/kamoto.md\/shop\/fara-categorie\/velosiped-elektricheskij-kamoto-gt4\/"},"modified":"2026-02-26T10:21:51","modified_gmt":"2026-02-26T08:21:51","slug":"bicicleta-electrica-kamoto-gt4","status":"publish","type":"product","link":"https:\/\/kamoto.md\/ro\/shop\/transport-electric\/transport-electric-ro\/bicicleta-electrica-kamoto-gt4\/","title":{"rendered":"Biciclet\u0103 electric\u0103 KAMOTO GT4"},"content":{"rendered":"<p>Bicicleta electric\u0103 pliabil\u0103 KAMOTO GT4 este cea mai bun\u0103 alegere pentru c\u0103l\u0103toriile de afaceri \u0219i vacan\u021bele cu bicicleta atunci c\u00e2nd ave\u021bi nevoie de un vehicul autopropulsat foarte compact. Dimensiunile sale pliate mici \u0219i greutatea redus\u0103 o fac potrivit\u0103 pentru c\u0103l\u0103torii combinate cu ma\u0219ina, troleibuzul \u0219i autobuzul. Este mijlocul de transport auxiliar ideal pentru c\u0103l\u0103toriile cu ma\u0219ina. Poate fi transportat \u00een mod convenabil \u00eentr-un lift \u0219i depozitat \u00eentr-un apartament.<\/p>\n<p>Kamoto GT4 este o biciclet\u0103 electric\u0103 mic\u0103 cu posibilit\u0103\u021bi mari. Este cea mai compact\u0103 din clasa bicicletelor electrice pliabile, dar performan\u021ba sa tehnic\u0103 este superioar\u0103 celei a bicicletelor electrice mai mari.<\/p>\n<p>Datorit\u0103 scaunului lat cu o gam\u0103 larg\u0103 de reglare a \u00een\u0103l\u021bimii, bicicleta electric\u0103 poate g\u0103zdui confortabil persoane cu o \u00een\u0103l\u021bime de 150 &#8211; 190 cm. Cadrul jos face ca bicicleta electric\u0103 s\u0103 fie confortabil\u0103 pentru toate categoriile de utilizatori: b\u0103rba\u021bi, femei, persoane \u00een v\u00e2rst\u0103 \u0219i chiar copii de la aproximativ 10 ani. Scaunul vertical \u0219i ghidonul confortabil reduc \u00eenc\u0103rc\u0103tura de pe bra\u021bele \u0219i spatele biciclistului. Furca fa\u021b\u0103 cu amortizor de \u0219ocuri spore\u0219te confortul c\u0103l\u0103toriilor dumneavoastr\u0103.<\/p>\n<p>Bicicleta electric\u0103 Kamoto GT4 este confortabil\u0103 pentru deplasarea pe distan\u021be lungi; este u\u0219or de pliat, transportat, transportat \u0219i depozitat. Intr\u0103 u\u0219or \u00een portbagajul unei ma\u0219ini normale \u0219i \u00eenc\u0103 mai are loc pentru bagaje.<\/p>\n<p>Kamoto GT4 este proiectat pentru propulsie predominant electric\u0103, care poate fi asistat\u0103 de pedale, dac\u0103 se dore\u0219te, sau poate fi pedalat\u0103 singur\u0103. Roata motoare cu angrenaj are o putere maxim\u0103 de 500 de wa\u021bi \u0219i nu afecteaz\u0103 patinajul. Acesta atinge o vitez\u0103 maxim\u0103 de 25-27 de kilometri pe or\u0103. Pentru o biciclet\u0103 electric\u0103, aceasta este o cifr\u0103 excelent\u0103! Combina\u021bia dintre motorul electric \u0219i ro\u021bile cu diametru mic asigur\u0103 o trac\u021biune ridicat\u0103 pentru urcarea pantelor abrupte.<\/p>\n<p>Bicicleta electric\u0103 este un record \u00een ceea ce prive\u0219te puterea printre modelele pliabile compacte. Are o baterie puternic\u0103 cu litiu (48v 20Ah) \u00eentr-o carcas\u0103 din aluminiu care ofer\u0103 o autonomie de p\u00e2n\u0103 la 100 km.<\/p>\n<p>Cutia bateriei este amplasat\u0103 \u00een spatele scaunului \u0219i poate fi blocat\u0103. Acest lucru asigur\u0103 distribu\u021bia corect\u0103 a greut\u0103\u021bii \u0219i protejeaz\u0103 bateria de deteriorare \u0219i furt. Pachetul de baterii poate fi \u00eendep\u0103rtat cu u\u0219urin\u021b\u0103 pentru a fi \u00eenc\u0103rcat separat de biciclet\u0103 sau ca m\u0103sur\u0103 de precau\u021bie suplimentar\u0103. Bateriile litiu-ion dureaz\u0103 de obicei aproximativ 5 &#8211; 6 ani, iar ro\u021bile motoare cu angrenaj dureaz\u0103 mai mult de 10 ani dac\u0103 sunt utilizate corect.<\/p>\n<p>Kamoto GT4 este bogat echipat: ro\u021bile au aripi, care protejeaz\u0103 biciclistul de stropii de ap\u0103; exist\u0103 un mic suport pentru bagaje \u00een spate; un far luminos cu LED-uri este ata\u0219at la ghidon; exist\u0103 o lamp\u0103 de oprire spate cu indicatoare de direc\u021bie \u0219i un claxon electric, care v\u0103 permit s\u0103 v\u0103 deplasa\u021bi \u00een siguran\u021b\u0103 pe drumuri \u00een orice moment al zilei.<\/p>\n<p>M\u00e2nerul accelera\u021biei este conectat la un afi\u0219aj LCD cu indicator al nivelului bateriei. Exist\u0103, de asemenea, o priz\u0103 USB pentru re\u00eenc\u0103rcarea gadgeturilor.<\/p>\n<p>Bicicleta electric\u0103 este echipat\u0103 cu un suport pentru picioare \u0219i un m\u00e2ner de transport.<\/p>\n<p>Kamoto GT4 se ridic\u0103 la \u00een\u0103l\u021bimea numelui s\u0103u. Este cea mai bun\u0103 din clasa mini-bicicletelor electrice pliabile!<\/p>\n<p>Avantajele Kamoto GT4 fa\u021b\u0103 de orice alt scuter:<\/p>\n<p>1. Cea mai \u00eenc\u0103p\u0103toare baterie din clasa bicicletelor electrice, care v\u0103 permite s\u0103 parcurge\u021bi o distan\u021b\u0103 mult mai mare cu o singur\u0103 \u00eenc\u0103rcare (p\u00e2n\u0103 la 100 de kilometri) dec\u00e2t pe un scuter;<br \/>\n2. foarte compact, \u00eencape \u00een portbagajul celei mai mici ma\u0219ini;<br \/>\n3. nu necesit\u0103 un garaj pentru depozitare \u0219i, dac\u0103 nu este depozitat \u00een portbagajul unei ma\u0219ini, \u00eencape \u00een lifturile mici ale caselor \u0219i este depozitat \u00eentr-un apartament;<br \/>\n4. Pute\u021bi circula at\u00e2t pe carosabil, c\u00e2t \u0219i pe trotuare, parcuri, ceea ce nu este permis pentru trotinete;<br \/>\n5. Bateria este u\u0219or deta\u0219abil\u0103, o pute\u021bi \u00eenc\u0103rca \u00een apartament, l\u0103s\u00e2nd bicicleta \u00een portbagajul ma\u0219inii;<br \/>\n6. Bicicleta are un m\u00e2ner puternic pentru a o transporta \u00een interior, este permis s\u0103 fie adus\u0103 la multe terase, baruri \u0219i restaurante din Moldova, ceea ce v\u0103 permite s\u0103 merge\u021bi \u00een centrul ora\u0219ului pentru discu\u021bii de pr\u00e2nz f\u0103r\u0103 a v\u0103 \u00eengrijora de locul de parcare;<br \/>\n7. Kamoto GT4 poate fi folosit\u0103 pentru deplas\u0103ri sportive \u0219i poate fi condus\u0103 f\u0103r\u0103 ajutorul bateriei, iar dup\u0103 ce a c\u0103l\u0103torit departe, poate fi condus\u0103 \u00eenapoi cu ajutorul unui motor electric, odihnindu-se dup\u0103 sarcina sportiv\u0103;<br \/>\n8. Bicicleta este confortabil\u0103 pentru adolescen\u021bi, fete, dar, \u00een acela\u0219i timp, cadrul s\u0103u este fabricat din aluminiu foarte gros, scaunul se ridic\u0103 \u00eenalt \u0219i poate fi condus de un b\u0103rbat \u00eenalt care c\u00e2nt\u0103re\u0219te p\u00e2n\u0103 la 120 kg.<br \/>\n9. Pentru o c\u0103l\u0103torie \u00een siguran\u021b\u0103, viteza este limitat\u0103 la 25 km\/h;<br \/>\n10. Este instalat\u0103 o ie\u0219ire USB pentru \u00eenc\u0103rcarea telefonului.<\/p>\n<p>11. Bicicleta este echipat\u0103 cu un suport pentru sticle.<\/p>\n<p>12. Vine cu o oglind\u0103<\/p>\n<p>13. Suport pentru telefon.<\/p>\n<p>14. Suport pentru bagaje cu o capacitate de \u00eenc\u0103rcare de 25 kg<\/p>\n<p>15. Controlul vitezei de croazier\u0103.<\/p>\n","protected":false},"excerpt":{"rendered":"<p>Biciclet\u0103 KAMOTO GT4<br \/>\nSex: Unisex<br \/>\nConstruc\u021bie: Pliabil\u0103<br \/>\nMaterial cadru: Aliaj de aluminiu<br \/>\nAmpatament: 120 cm<br \/>\nDimensiune ro\u021bi: 20\u2033<br \/>\nGreutate: 33 kg<br \/>\nNum\u0103r de viteze: 5<br \/>\nMax. vitez\u0103: 25 km\/h<br \/>\nKilometraj maxim f\u0103r\u0103 re\u00eenc\u0103rcare: 65-100 km<br \/>\nFr\u00e2ne fa\u021b\u0103 \u0219i spate: Fr\u00e2ne mecanice cu disc<br \/>\nFar: Da<br \/>\nStop spate cu indicator de direc\u021bie: Da<br \/>\nMax. Capacitate de \u00eenc\u0103rcare: 120 kg<br \/>\nConsum de energie (100 km): \u2264 1.2 kWh\/100 km<br \/>\nSuport telefon: Da<br \/>\nSuport pentru sticle: Da<br \/>\nCruise control: Da<br \/>\nTransmisie: 7 Shimano<br \/>\nScaun: 1pc<br \/>\nOglind\u0103: 1pc<\/p>\n<p>BATERIE<br \/>\nTip: Litiu<br \/>\nCapacitate baterie: 20 amperi\/or\u0103<br \/>\nTensiune: 48 vol\u021bi<br \/>\nTimp de \u00eenc\u0103rcare baterie: 4 &#8211; 8 ore<br \/>\nCurent standard de \u00eenc\u0103rcare: 2A \/ 54V<\/p>\n<p>MOTOR<br \/>\nPutere nominal\u0103: 250 W<br \/>\nPutere maxim\u0103: 500 W<br \/>\nVitez\u0103 nominal\u0103: 325 rpm<br \/>\nTensiune nominal\u0103: 48 V<br \/>\nNum\u0103r de viteze: 5<\/p>\n<p>CONTROLLER<br \/>\nProtec\u021bie la subtensiune: 41 \u00b1 0.5V<br \/>\nProtec\u021bie la supratensiune: 12 \u00b1 1A<\/p>\n","protected":false},"featured_media":12011,"template":"","meta":[],"product_brand":[],"product_cat":[369,370],"product_tag":[],"class_list":{"0":"post-13720","1":"product","2":"type-product","3":"status-publish","4":"has-post-thumbnail","6":"product_cat-transport-electric","7":"product_cat-transport-electric-ro","9":"first","10":"outofstock","11":"shipping-taxable","12":"product-type-simple"},"yoast_head":"<!-- This site is optimized with the Yoast SEO plugin v27.3 - https:\/\/yoast.com\/product\/yoast-seo-wordpress\/ -->\n<title>Transport electric, Transport electric - Biciclet\u0103 electric\u0103 KAMOTO GT4 - Kamoto.md<\/title>\n<meta name=\"robots\" content=\"index, follow, max-snippet:-1, max-image-preview:large, max-video-preview:-1\" \/>\n<link rel=\"canonical\" href=\"https:\/\/kamoto.md\/ro\/shop\/transport-electric\/transport-electric-ro\/bicicleta-electrica-kamoto-gt4\/\" \/>\n<meta property=\"og:locale\" content=\"ro_RO\" \/>\n<meta property=\"og:type\" content=\"article\" \/>\n<meta property=\"og:title\" content=\"Transport electric, Transport electric - Biciclet\u0103 electric\u0103 KAMOTO GT4 - Kamoto.md\" \/>\n<meta property=\"og:description\" content=\"Biciclet\u0103 KAMOTO GT4 Sex: Unisex Construc\u021bie: Pliabil\u0103 Material cadru: Aliaj de aluminiu Ampatament: 120 cm Dimensiune ro\u021bi: 20\u2033 Greutate: 33 kg Num\u0103r de viteze: 5 Max. vitez\u0103: 25 km\/h Kilometraj maxim f\u0103r\u0103 re\u00eenc\u0103rcare: 65-100 km Fr\u00e2ne fa\u021b\u0103 \u0219i spate: Fr\u00e2ne mecanice cu disc Far: Da Stop spate cu indicator de direc\u021bie: Da Max. Capacitate de \u00eenc\u0103rcare: 120 kg Consum de energie (100 km): \u2264 1.2 kWh\/100 km Suport telefon: Da Suport pentru sticle: Da Cruise control: Da Transmisie: 7 Shimano Scaun: 1pc Oglind\u0103: 1pc  BATERIE Tip: Litiu Capacitate baterie: 20 amperi\/or\u0103 Tensiune: 48 vol\u021bi Timp de \u00eenc\u0103rcare baterie: 4 - 8 ore Curent standard de \u00eenc\u0103rcare: 2A \/ 54V  MOTOR Putere nominal\u0103: 250 W Putere maxim\u0103: 500 W Vitez\u0103 nominal\u0103: 325 rpm Tensiune nominal\u0103: 48 V Num\u0103r de viteze: 5  CONTROLLER Protec\u021bie la subtensiune: 41 \u00b1 0.5V Protec\u021bie la supratensiune: 12 \u00b1 1A\" \/>\n<meta property=\"og:url\" content=\"https:\/\/kamoto.md\/ro\/shop\/transport-electric\/transport-electric-ro\/bicicleta-electrica-kamoto-gt4\/\" \/>\n<meta property=\"og:site_name\" content=\"Kamoto.md\" \/>\n<meta property=\"article:modified_time\" content=\"2026-02-26T08:21:51+00:00\" \/>\n<meta property=\"og:image\" content=\"https:\/\/kamoto.md\/wp-content\/uploads\/2021\/05\/logo2.png\" \/>\n\t<meta property=\"og:image:width\" content=\"1000\" \/>\n\t<meta property=\"og:image:height\" content=\"1000\" \/>\n\t<meta property=\"og:image:type\" content=\"image\/png\" \/>\n<meta name=\"twitter:card\" content=\"summary_large_image\" \/>\n<meta name=\"twitter:label1\" content=\"Timp estimat pentru citire\" \/>\n\t<meta name=\"twitter:data1\" content=\"5 minute\" \/>\n<script type=\"application\/ld+json\" class=\"yoast-schema-graph\">{\"@context\":\"https:\\\/\\\/schema.org\",\"@graph\":[{\"@type\":[\"WebPage\",\"ItemPage\"],\"@id\":\"https:\\\/\\\/kamoto.md\\\/ro\\\/shop\\\/transport-electric\\\/transport-electric-ro\\\/bicicleta-electrica-kamoto-gt4\\\/\",\"url\":\"https:\\\/\\\/kamoto.md\\\/ro\\\/shop\\\/transport-electric\\\/transport-electric-ro\\\/bicicleta-electrica-kamoto-gt4\\\/\",\"name\":\"Transport electric, Transport electric - Biciclet\u0103 electric\u0103 KAMOTO GT4 - Kamoto.md\",\"isPartOf\":{\"@id\":\"https:\\\/\\\/kamoto.md\\\/ro\\\/#website\"},\"primaryImageOfPage\":{\"@id\":\"https:\\\/\\\/kamoto.md\\\/ro\\\/shop\\\/transport-electric\\\/transport-electric-ro\\\/bicicleta-electrica-kamoto-gt4\\\/#primaryimage\"},\"image\":{\"@id\":\"https:\\\/\\\/kamoto.md\\\/ro\\\/shop\\\/transport-electric\\\/transport-electric-ro\\\/bicicleta-electrica-kamoto-gt4\\\/#primaryimage\"},\"thumbnailUrl\":\"https:\\\/\\\/kamoto.md\\\/wp-content\\\/uploads\\\/2023\\\/09\\\/SHTIFT-00006-Edit-scaled-e1697081327810.jpg\",\"datePublished\":\"2023-09-29T15:10:08+00:00\",\"dateModified\":\"2026-02-26T08:21:51+00:00\",\"breadcrumb\":{\"@id\":\"https:\\\/\\\/kamoto.md\\\/ro\\\/shop\\\/transport-electric\\\/transport-electric-ro\\\/bicicleta-electrica-kamoto-gt4\\\/#breadcrumb\"},\"inLanguage\":\"ro-RO\",\"potentialAction\":[{\"@type\":\"ReadAction\",\"target\":[\"https:\\\/\\\/kamoto.md\\\/ro\\\/shop\\\/transport-electric\\\/transport-electric-ro\\\/bicicleta-electrica-kamoto-gt4\\\/\"]}]},{\"@type\":\"ImageObject\",\"inLanguage\":\"ro-RO\",\"@id\":\"https:\\\/\\\/kamoto.md\\\/ro\\\/shop\\\/transport-electric\\\/transport-electric-ro\\\/bicicleta-electrica-kamoto-gt4\\\/#primaryimage\",\"url\":\"https:\\\/\\\/kamoto.md\\\/wp-content\\\/uploads\\\/2023\\\/09\\\/SHTIFT-00006-Edit-scaled-e1697081327810.jpg\",\"contentUrl\":\"https:\\\/\\\/kamoto.md\\\/wp-content\\\/uploads\\\/2023\\\/09\\\/SHTIFT-00006-Edit-scaled-e1697081327810.jpg\",\"width\":1932,\"height\":1657},{\"@type\":\"BreadcrumbList\",\"@id\":\"https:\\\/\\\/kamoto.md\\\/ro\\\/shop\\\/transport-electric\\\/transport-electric-ro\\\/bicicleta-electrica-kamoto-gt4\\\/#breadcrumb\",\"itemListElement\":[{\"@type\":\"ListItem\",\"position\":1,\"name\":\"\u0413\u043b\u0430\u0432\u043d\u0430\u044f \u0441\u0442\u0440\u0430\u043d\u0438\u0446\u0430\",\"item\":\"https:\\\/\\\/kamoto.md\\\/ro\\\/\"},{\"@type\":\"ListItem\",\"position\":2,\"name\":\"Catalog\",\"item\":\"https:\\\/\\\/kamoto.md\\\/ro\\\/catalog\\\/\"},{\"@type\":\"ListItem\",\"position\":3,\"name\":\"Transport electric\",\"item\":\"https:\\\/\\\/kamoto.md\\\/ro\\\/catalog\\\/transport-electric\\\/\"},{\"@type\":\"ListItem\",\"position\":4,\"name\":\"Biciclet\u0103 electric\u0103 KAMOTO GT4\"}]},{\"@type\":\"WebSite\",\"@id\":\"https:\\\/\\\/kamoto.md\\\/ro\\\/#website\",\"url\":\"https:\\\/\\\/kamoto.md\\\/ro\\\/\",\"name\":\"Kamoto.MD\",\"description\":\"\u0418\u043d\u0442\u0435\u0440\u043d\u0435\u0442 \u043c\u0430\u0433\u0430\u0437\u0438\u043d \u044d\u043b\u0435\u043a\u0442\u0440\u043e\u0438\u043d\u0441\u0442\u0440\u0443\u043c\u0435\u043d\u0442\u0430, \u0441\u0430\u0434\u043e\u0432\u043e\u0439 \u0438 \u0441\u0438\u043b\u043e\u0432\u043e\u0439 \u0442\u0435\u0445\u043d\u0438\u043a\u0438.\",\"publisher\":{\"@id\":\"https:\\\/\\\/kamoto.md\\\/ro\\\/#organization\"},\"potentialAction\":[{\"@type\":\"SearchAction\",\"target\":{\"@type\":\"EntryPoint\",\"urlTemplate\":\"https:\\\/\\\/kamoto.md\\\/ro\\\/?s={search_term_string}\"},\"query-input\":{\"@type\":\"PropertyValueSpecification\",\"valueRequired\":true,\"valueName\":\"search_term_string\"}}],\"inLanguage\":\"ro-RO\"},{\"@type\":\"Organization\",\"@id\":\"https:\\\/\\\/kamoto.md\\\/ro\\\/#organization\",\"name\":\"Kamoto S.R.L.\",\"url\":\"https:\\\/\\\/kamoto.md\\\/ro\\\/\",\"logo\":{\"@type\":\"ImageObject\",\"inLanguage\":\"ro-RO\",\"@id\":\"https:\\\/\\\/kamoto.md\\\/ro\\\/#\\\/schema\\\/logo\\\/image\\\/\",\"url\":\"https:\\\/\\\/kamoto.md\\\/wp-content\\\/uploads\\\/2017\\\/08\\\/logo.png\",\"contentUrl\":\"https:\\\/\\\/kamoto.md\\\/wp-content\\\/uploads\\\/2017\\\/08\\\/logo.png\",\"width\":323,\"height\":50,\"caption\":\"Kamoto S.R.L.\"},\"image\":{\"@id\":\"https:\\\/\\\/kamoto.md\\\/ro\\\/#\\\/schema\\\/logo\\\/image\\\/\"}}]}<\/script>\n<!-- \/ Yoast SEO plugin. -->","yoast_head_json":{"title":"Transport electric, Transport electric - Biciclet\u0103 electric\u0103 KAMOTO GT4 - Kamoto.md","robots":{"index":"index","follow":"follow","max-snippet":"max-snippet:-1","max-image-preview":"max-image-preview:large","max-video-preview":"max-video-preview:-1"},"canonical":"https:\/\/kamoto.md\/ro\/shop\/transport-electric\/transport-electric-ro\/bicicleta-electrica-kamoto-gt4\/","og_locale":"ro_RO","og_type":"article","og_title":"Transport electric, Transport electric - Biciclet\u0103 electric\u0103 KAMOTO GT4 - Kamoto.md","og_description":"Biciclet\u0103 KAMOTO GT4 Sex: Unisex Construc\u021bie: Pliabil\u0103 Material cadru: Aliaj de aluminiu Ampatament: 120 cm Dimensiune ro\u021bi: 20\u2033 Greutate: 33 kg Num\u0103r de viteze: 5 Max. vitez\u0103: 25 km\/h Kilometraj maxim f\u0103r\u0103 re\u00eenc\u0103rcare: 65-100 km Fr\u00e2ne fa\u021b\u0103 \u0219i spate: Fr\u00e2ne mecanice cu disc Far: Da Stop spate cu indicator de direc\u021bie: Da Max. Capacitate de \u00eenc\u0103rcare: 120 kg Consum de energie (100 km): \u2264 1.2 kWh\/100 km Suport telefon: Da Suport pentru sticle: Da Cruise control: Da Transmisie: 7 Shimano Scaun: 1pc Oglind\u0103: 1pc  BATERIE Tip: Litiu Capacitate baterie: 20 amperi\/or\u0103 Tensiune: 48 vol\u021bi Timp de \u00eenc\u0103rcare baterie: 4 - 8 ore Curent standard de \u00eenc\u0103rcare: 2A \/ 54V  MOTOR Putere nominal\u0103: 250 W Putere maxim\u0103: 500 W Vitez\u0103 nominal\u0103: 325 rpm Tensiune nominal\u0103: 48 V Num\u0103r de viteze: 5  CONTROLLER Protec\u021bie la subtensiune: 41 \u00b1 0.5V Protec\u021bie la supratensiune: 12 \u00b1 1A","og_url":"https:\/\/kamoto.md\/ro\/shop\/transport-electric\/transport-electric-ro\/bicicleta-electrica-kamoto-gt4\/","og_site_name":"Kamoto.md","article_modified_time":"2026-02-26T08:21:51+00:00","og_image":[{"width":1000,"height":1000,"url":"https:\/\/kamoto.md\/wp-content\/uploads\/2021\/05\/logo2.png","type":"image\/png"}],"twitter_card":"summary_large_image","twitter_misc":{"Timp estimat pentru citire":"5 minute"},"schema":{"@context":"https:\/\/schema.org","@graph":[{"@type":["WebPage","ItemPage"],"@id":"https:\/\/kamoto.md\/ro\/shop\/transport-electric\/transport-electric-ro\/bicicleta-electrica-kamoto-gt4\/","url":"https:\/\/kamoto.md\/ro\/shop\/transport-electric\/transport-electric-ro\/bicicleta-electrica-kamoto-gt4\/","name":"Transport electric, Transport electric - Biciclet\u0103 electric\u0103 KAMOTO GT4 - Kamoto.md","isPartOf":{"@id":"https:\/\/kamoto.md\/ro\/#website"},"primaryImageOfPage":{"@id":"https:\/\/kamoto.md\/ro\/shop\/transport-electric\/transport-electric-ro\/bicicleta-electrica-kamoto-gt4\/#primaryimage"},"image":{"@id":"https:\/\/kamoto.md\/ro\/shop\/transport-electric\/transport-electric-ro\/bicicleta-electrica-kamoto-gt4\/#primaryimage"},"thumbnailUrl":"https:\/\/kamoto.md\/wp-content\/uploads\/2023\/09\/SHTIFT-00006-Edit-scaled-e1697081327810.jpg","datePublished":"2023-09-29T15:10:08+00:00","dateModified":"2026-02-26T08:21:51+00:00","breadcrumb":{"@id":"https:\/\/kamoto.md\/ro\/shop\/transport-electric\/transport-electric-ro\/bicicleta-electrica-kamoto-gt4\/#breadcrumb"},"inLanguage":"ro-RO","potentialAction":[{"@type":"ReadAction","target":["https:\/\/kamoto.md\/ro\/shop\/transport-electric\/transport-electric-ro\/bicicleta-electrica-kamoto-gt4\/"]}]},{"@type":"ImageObject","inLanguage":"ro-RO","@id":"https:\/\/kamoto.md\/ro\/shop\/transport-electric\/transport-electric-ro\/bicicleta-electrica-kamoto-gt4\/#primaryimage","url":"https:\/\/kamoto.md\/wp-content\/uploads\/2023\/09\/SHTIFT-00006-Edit-scaled-e1697081327810.jpg","contentUrl":"https:\/\/kamoto.md\/wp-content\/uploads\/2023\/09\/SHTIFT-00006-Edit-scaled-e1697081327810.jpg","width":1932,"height":1657},{"@type":"BreadcrumbList","@id":"https:\/\/kamoto.md\/ro\/shop\/transport-electric\/transport-electric-ro\/bicicleta-electrica-kamoto-gt4\/#breadcrumb","itemListElement":[{"@type":"ListItem","position":1,"name":"\u0413\u043b\u0430\u0432\u043d\u0430\u044f \u0441\u0442\u0440\u0430\u043d\u0438\u0446\u0430","item":"https:\/\/kamoto.md\/ro\/"},{"@type":"ListItem","position":2,"name":"Catalog","item":"https:\/\/kamoto.md\/ro\/catalog\/"},{"@type":"ListItem","position":3,"name":"Transport electric","item":"https:\/\/kamoto.md\/ro\/catalog\/transport-electric\/"},{"@type":"ListItem","position":4,"name":"Biciclet\u0103 electric\u0103 KAMOTO GT4"}]},{"@type":"WebSite","@id":"https:\/\/kamoto.md\/ro\/#website","url":"https:\/\/kamoto.md\/ro\/","name":"Kamoto.MD","description":"\u0418\u043d\u0442\u0435\u0440\u043d\u0435\u0442 \u043c\u0430\u0433\u0430\u0437\u0438\u043d \u044d\u043b\u0435\u043a\u0442\u0440\u043e\u0438\u043d\u0441\u0442\u0440\u0443\u043c\u0435\u043d\u0442\u0430, \u0441\u0430\u0434\u043e\u0432\u043e\u0439 \u0438 \u0441\u0438\u043b\u043e\u0432\u043e\u0439 \u0442\u0435\u0445\u043d\u0438\u043a\u0438.","publisher":{"@id":"https:\/\/kamoto.md\/ro\/#organization"},"potentialAction":[{"@type":"SearchAction","target":{"@type":"EntryPoint","urlTemplate":"https:\/\/kamoto.md\/ro\/?s={search_term_string}"},"query-input":{"@type":"PropertyValueSpecification","valueRequired":true,"valueName":"search_term_string"}}],"inLanguage":"ro-RO"},{"@type":"Organization","@id":"https:\/\/kamoto.md\/ro\/#organization","name":"Kamoto S.R.L.","url":"https:\/\/kamoto.md\/ro\/","logo":{"@type":"ImageObject","inLanguage":"ro-RO","@id":"https:\/\/kamoto.md\/ro\/#\/schema\/logo\/image\/","url":"https:\/\/kamoto.md\/wp-content\/uploads\/2017\/08\/logo.png","contentUrl":"https:\/\/kamoto.md\/wp-content\/uploads\/2017\/08\/logo.png","width":323,"height":50,"caption":"Kamoto S.R.L."},"image":{"@id":"https:\/\/kamoto.md\/ro\/#\/schema\/logo\/image\/"}}]}},"_links":{"self":[{"href":"https:\/\/kamoto.md\/ro\/wp-json\/wp\/v2\/product\/13720","targetHints":{"allow":["GET"]}}],"collection":[{"href":"https:\/\/kamoto.md\/ro\/wp-json\/wp\/v2\/product"}],"about":[{"href":"https:\/\/kamoto.md\/ro\/wp-json\/wp\/v2\/types\/product"}],"wp:featuredmedia":[{"embeddable":true,"href":"https:\/\/kamoto.md\/ro\/wp-json\/wp\/v2\/media\/12011"}],"wp:attachment":[{"href":"https:\/\/kamoto.md\/ro\/wp-json\/wp\/v2\/media?parent=13720"}],"wp:term":[{"taxonomy":"product_brand","embeddable":true,"href":"https:\/\/kamoto.md\/ro\/wp-json\/wp\/v2\/product_brand?post=13720"},{"taxonomy":"product_cat","embeddable":true,"href":"https:\/\/kamoto.md\/ro\/wp-json\/wp\/v2\/product_cat?post=13720"},{"taxonomy":"product_tag","embeddable":true,"href":"https:\/\/kamoto.md\/ro\/wp-json\/wp\/v2\/product_tag?post=13720"}],"curies":[{"name":"wp","href":"https:\/\/api.w.org\/{rel}","templated":true}]}}