{"id":13724,"date":"2023-08-30T11:22:01","date_gmt":"2023-08-30T09:22:01","guid":{"rendered":"https:\/\/kamoto.md\/shop\/fara-categorie\/leska-kamoto-tl35200r-kruglaya-3-5mm-x-200m\/"},"modified":"2026-02-27T16:33:27","modified_gmt":"2026-02-27T14:33:27","slug":"fir-p-u-motocoas-kamoto-tl35200r","status":"publish","type":"product","link":"https:\/\/kamoto.md\/ro\/shop\/accesorii\/fir-pentru-motocoase\/fir-p-u-motocoas-kamoto-tl35200r\/","title":{"rendered":"Fir p\/u motocoas\u0103 KAMOTO TL35200R"},"content":{"rendered":"<p>Fir p\/u motocoas\u0103 KAMOTO TL35200R este utilizat ca material de t\u0103iere \u00een trimmere electrice, de p\u00e2n\u0103 la 0,6 kW. Fir pentru motocoasa lung de 200 de metri, cu diametrul sec\u021biunii transversale de 3,5 mm, este fabricat din nailon rotund de \u00eenalt\u0103 calitate, are o inser\u021bie suplimentar\u0103 de rezisten\u021b\u0103, este foarte rezistent la uzur\u0103, elastic, flexibil \u0219i rezistent la c\u0103ldur\u0103. Este recomandat pentru cosirea ierbii moi \u0219i a buruienilor sub\u021biri.<\/p>\n<p><strong>Important de \u0219tiut!!!<\/strong><br \/>\nFir pentru motocoasa este fabricat\u0103 din nailon &#8211; poliamid\u0103 sau polipropilen\u0103. Fir pentru motocoasa din polipropilen\u0103 pentru trimmer, care este depozitat\u0103 pentru o perioad\u0103 lung\u0103 de timp, poate deveni fragil\u0103 \u00een timp. Prin urmare, <strong>este recomandat s\u0103 \u00eenmuia\u021bi fir pentru motocoasa \u00een ap\u0103 timp de 30 de minute \u00eenainte de utilizare<\/strong>.<\/p>\n<p>NU utiliza\u021bi fr\u00e2nghii sau s\u00e2rme \u00een trimmere (motocoase): buc\u0103\u021bile de s\u00e2rm\u0103 rupte la viteze at\u00e2t de mari pot penetra cu u\u0219urin\u021b\u0103 pantofii de piele \u0219i pot fi astfel d\u0103un\u0103toare pentru s\u0103n\u0103tatea uman\u0103.<br \/>\nFir pentru motocoasa trebuie ales nu numai pentru grosimea sa, ci \u0219i pentru forma sa \u0219i iat\u0103 de ce: coarda nu taie tulpina, ci o rupe. Firul rotativ love\u0219te \u00een mod repetat suprafa\u021ba tulpinii \u0219i, \u00een cele din urm\u0103, separ\u0103 partea superioar\u0103 a acesteia. Pentru acest tip de lucru, forma t\u0103i\u0219ului este o caracteristic\u0103 tehnic\u0103 important\u0103. Se face o distinc\u021bie:<\/p>\n<ul>\n<li>Cea <strong>rotund\u0103<\/strong> este cea mai comun\u0103, deoarece este universal\u0103: o pute\u021bi alege pentru t\u0103ierea at\u00e2t a ierbii proaspete, c\u00e2t \u0219i a celei uscate. O astfel de fir pentru motocoasa este considerat\u0103 a fi mai pu\u021bin zgomotoas\u0103. Dar acest parametru nu este important \u00een toate cazurile. Fir pentru motocoasa pentru un trimmer pe benzin\u0103 poate fi c\u00e2t de zgomotoas\u0103 dori\u021bi, dar nu o pute\u021bi auzi atunci c\u00e2nd motorul este pornit.<\/li>\n<li><strong>Cu cinci margini (stea)<\/strong> &#8211; recomandat pentru t\u0103ierea tufi\u0219urilor, a ierbii dense \u0219i a arbu\u0219tilor mici, precum \u0219i pentru t\u0103ierea ierbii proaspete, deoarece aceast\u0103 sec\u021biune a fir pentru motocoasa este mai pu\u021bin traumatizant\u0103 pentru iarb\u0103: <strong>iarba nu se usuc\u0103 dup\u0103 t\u0103iere,<\/strong> a\u0219a cum se \u00eent\u00e2mpl\u0103 cu un fir rotund.<\/li>\n<li><strong>P\u0103trat r\u0103sucit<\/strong> &#8211; muchia de t\u0103iere ascu\u021bit\u0103 este mai potrivit\u0103 pentru tulpini grosiere, groase. De obicei, este folosit pentru iarb\u0103 de diferite rigidit\u0103\u021bi \u00een volume mari. De exemplu, un cordon p\u0103trat cu o sec\u021biune transversal\u0103 de 2,4 mm este capabil s\u0103 \u00eendep\u0103rteze tulpinile de tufe de zmeur\u0103. Trebuie remarcat faptul c\u0103, de\u0219i <strong>cordonul poligonal<\/strong> este mai eficient, acesta se consum\u0103 mai <strong>repede<\/strong> \u0219i ar trebui s\u0103 fie utilizat numai pentru scopul pentru care a fost conceput.<\/li>\n<\/ul>\n","protected":false},"excerpt":{"rendered":"<p>Diametru: 3,5 mm<br \/>\nLungime: 200 m<br \/>\nSec\u021biune transversal\u0103: Rotund\u0103<\/p>\n","protected":false},"featured_media":11893,"template":"","meta":[],"product_brand":[],"product_cat":[279],"product_tag":[],"class_list":{"0":"post-13724","1":"product","2":"type-product","3":"status-publish","4":"has-post-thumbnail","6":"product_cat-fir-pentru-motocoase","8":"first","9":"instock","10":"shipping-taxable","11":"purchasable","12":"product-type-simple"},"yoast_head":"<!-- This site is optimized with the Yoast SEO plugin v27.3 - https:\/\/yoast.com\/product\/yoast-seo-wordpress\/ -->\n<title>Fire pentru motocoase - Fir p\/u motocoas\u0103 KAMOTO TL35200R - Kamoto.md<\/title>\n<meta name=\"robots\" content=\"index, follow, max-snippet:-1, max-image-preview:large, max-video-preview:-1\" \/>\n<link rel=\"canonical\" href=\"https:\/\/kamoto.md\/ro\/shop\/accesorii\/fir-pentru-motocoase\/fir-p-u-motocoas-kamoto-tl35200r\/\" \/>\n<meta property=\"og:locale\" content=\"ro_RO\" \/>\n<meta property=\"og:type\" content=\"article\" \/>\n<meta property=\"og:title\" content=\"Fire pentru motocoase - Fir p\/u motocoas\u0103 KAMOTO TL35200R - Kamoto.md\" \/>\n<meta property=\"og:description\" content=\"Diametru: 3,5 mm Lungime: 200 m Sec\u021biune transversal\u0103: Rotund\u0103\" \/>\n<meta property=\"og:url\" content=\"https:\/\/kamoto.md\/ro\/shop\/accesorii\/fir-pentru-motocoase\/fir-p-u-motocoas-kamoto-tl35200r\/\" \/>\n<meta property=\"og:site_name\" content=\"Kamoto.md\" \/>\n<meta property=\"article:modified_time\" content=\"2026-02-27T14:33:27+00:00\" \/>\n<meta property=\"og:image\" content=\"https:\/\/kamoto.md\/wp-content\/uploads\/2021\/05\/logo2.png\" \/>\n\t<meta property=\"og:image:width\" content=\"1000\" \/>\n\t<meta property=\"og:image:height\" content=\"1000\" \/>\n\t<meta property=\"og:image:type\" content=\"image\/png\" \/>\n<meta name=\"twitter:card\" content=\"summary_large_image\" \/>\n<meta name=\"twitter:label1\" content=\"Timp estimat pentru citire\" \/>\n\t<meta name=\"twitter:data1\" content=\"3 minute\" \/>\n<script type=\"application\/ld+json\" class=\"yoast-schema-graph\">{\"@context\":\"https:\\\/\\\/schema.org\",\"@graph\":[{\"@type\":[\"WebPage\",\"ItemPage\"],\"@id\":\"https:\\\/\\\/kamoto.md\\\/ro\\\/shop\\\/accesorii\\\/fir-pentru-motocoase\\\/fir-p-u-motocoas-kamoto-tl35200r\\\/\",\"url\":\"https:\\\/\\\/kamoto.md\\\/ro\\\/shop\\\/accesorii\\\/fir-pentru-motocoase\\\/fir-p-u-motocoas-kamoto-tl35200r\\\/\",\"name\":\"Fire pentru motocoase - Fir p\\\/u motocoas\u0103 KAMOTO TL35200R - Kamoto.md\",\"isPartOf\":{\"@id\":\"https:\\\/\\\/kamoto.md\\\/ro\\\/#website\"},\"primaryImageOfPage\":{\"@id\":\"https:\\\/\\\/kamoto.md\\\/ro\\\/shop\\\/accesorii\\\/fir-pentru-motocoase\\\/fir-p-u-motocoas-kamoto-tl35200r\\\/#primaryimage\"},\"image\":{\"@id\":\"https:\\\/\\\/kamoto.md\\\/ro\\\/shop\\\/accesorii\\\/fir-pentru-motocoase\\\/fir-p-u-motocoas-kamoto-tl35200r\\\/#primaryimage\"},\"thumbnailUrl\":\"https:\\\/\\\/kamoto.md\\\/wp-content\\\/uploads\\\/2023\\\/08\\\/IMG_8665.jpg\",\"datePublished\":\"2023-08-30T09:22:01+00:00\",\"dateModified\":\"2026-02-27T14:33:27+00:00\",\"breadcrumb\":{\"@id\":\"https:\\\/\\\/kamoto.md\\\/ro\\\/shop\\\/accesorii\\\/fir-pentru-motocoase\\\/fir-p-u-motocoas-kamoto-tl35200r\\\/#breadcrumb\"},\"inLanguage\":\"ro-RO\",\"potentialAction\":[{\"@type\":\"ReadAction\",\"target\":[\"https:\\\/\\\/kamoto.md\\\/ro\\\/shop\\\/accesorii\\\/fir-pentru-motocoase\\\/fir-p-u-motocoas-kamoto-tl35200r\\\/\"]}]},{\"@type\":\"ImageObject\",\"inLanguage\":\"ro-RO\",\"@id\":\"https:\\\/\\\/kamoto.md\\\/ro\\\/shop\\\/accesorii\\\/fir-pentru-motocoase\\\/fir-p-u-motocoas-kamoto-tl35200r\\\/#primaryimage\",\"url\":\"https:\\\/\\\/kamoto.md\\\/wp-content\\\/uploads\\\/2023\\\/08\\\/IMG_8665.jpg\",\"contentUrl\":\"https:\\\/\\\/kamoto.md\\\/wp-content\\\/uploads\\\/2023\\\/08\\\/IMG_8665.jpg\",\"width\":1749,\"height\":1733},{\"@type\":\"BreadcrumbList\",\"@id\":\"https:\\\/\\\/kamoto.md\\\/ro\\\/shop\\\/accesorii\\\/fir-pentru-motocoase\\\/fir-p-u-motocoas-kamoto-tl35200r\\\/#breadcrumb\",\"itemListElement\":[{\"@type\":\"ListItem\",\"position\":1,\"name\":\"\u0413\u043b\u0430\u0432\u043d\u0430\u044f \u0441\u0442\u0440\u0430\u043d\u0438\u0446\u0430\",\"item\":\"https:\\\/\\\/kamoto.md\\\/ro\\\/\"},{\"@type\":\"ListItem\",\"position\":2,\"name\":\"Catalog\",\"item\":\"https:\\\/\\\/kamoto.md\\\/ro\\\/catalog\\\/\"},{\"@type\":\"ListItem\",\"position\":3,\"name\":\"Accesorii\",\"item\":\"https:\\\/\\\/kamoto.md\\\/ro\\\/catalog\\\/accesorii\\\/\"},{\"@type\":\"ListItem\",\"position\":4,\"name\":\"Fire pentru motocoase\",\"item\":\"https:\\\/\\\/kamoto.md\\\/ro\\\/catalog\\\/accesorii\\\/fir-pentru-motocoase\\\/\"},{\"@type\":\"ListItem\",\"position\":5,\"name\":\"Fir p\\\/u motocoas\u0103 KAMOTO TL35200R\"}]},{\"@type\":\"WebSite\",\"@id\":\"https:\\\/\\\/kamoto.md\\\/ro\\\/#website\",\"url\":\"https:\\\/\\\/kamoto.md\\\/ro\\\/\",\"name\":\"Kamoto.MD\",\"description\":\"\u0418\u043d\u0442\u0435\u0440\u043d\u0435\u0442 \u043c\u0430\u0433\u0430\u0437\u0438\u043d \u044d\u043b\u0435\u043a\u0442\u0440\u043e\u0438\u043d\u0441\u0442\u0440\u0443\u043c\u0435\u043d\u0442\u0430, \u0441\u0430\u0434\u043e\u0432\u043e\u0439 \u0438 \u0441\u0438\u043b\u043e\u0432\u043e\u0439 \u0442\u0435\u0445\u043d\u0438\u043a\u0438.\",\"publisher\":{\"@id\":\"https:\\\/\\\/kamoto.md\\\/ro\\\/#organization\"},\"potentialAction\":[{\"@type\":\"SearchAction\",\"target\":{\"@type\":\"EntryPoint\",\"urlTemplate\":\"https:\\\/\\\/kamoto.md\\\/ro\\\/?s={search_term_string}\"},\"query-input\":{\"@type\":\"PropertyValueSpecification\",\"valueRequired\":true,\"valueName\":\"search_term_string\"}}],\"inLanguage\":\"ro-RO\"},{\"@type\":\"Organization\",\"@id\":\"https:\\\/\\\/kamoto.md\\\/ro\\\/#organization\",\"name\":\"Kamoto S.R.L.\",\"url\":\"https:\\\/\\\/kamoto.md\\\/ro\\\/\",\"logo\":{\"@type\":\"ImageObject\",\"inLanguage\":\"ro-RO\",\"@id\":\"https:\\\/\\\/kamoto.md\\\/ro\\\/#\\\/schema\\\/logo\\\/image\\\/\",\"url\":\"https:\\\/\\\/kamoto.md\\\/wp-content\\\/uploads\\\/2017\\\/08\\\/logo.png\",\"contentUrl\":\"https:\\\/\\\/kamoto.md\\\/wp-content\\\/uploads\\\/2017\\\/08\\\/logo.png\",\"width\":323,\"height\":50,\"caption\":\"Kamoto S.R.L.\"},\"image\":{\"@id\":\"https:\\\/\\\/kamoto.md\\\/ro\\\/#\\\/schema\\\/logo\\\/image\\\/\"}}]}<\/script>\n<!-- \/ Yoast SEO plugin. -->","yoast_head_json":{"title":"Fire pentru motocoase - Fir p\/u motocoas\u0103 KAMOTO TL35200R - Kamoto.md","robots":{"index":"index","follow":"follow","max-snippet":"max-snippet:-1","max-image-preview":"max-image-preview:large","max-video-preview":"max-video-preview:-1"},"canonical":"https:\/\/kamoto.md\/ro\/shop\/accesorii\/fir-pentru-motocoase\/fir-p-u-motocoas-kamoto-tl35200r\/","og_locale":"ro_RO","og_type":"article","og_title":"Fire pentru motocoase - Fir p\/u motocoas\u0103 KAMOTO TL35200R - Kamoto.md","og_description":"Diametru: 3,5 mm Lungime: 200 m Sec\u021biune transversal\u0103: Rotund\u0103","og_url":"https:\/\/kamoto.md\/ro\/shop\/accesorii\/fir-pentru-motocoase\/fir-p-u-motocoas-kamoto-tl35200r\/","og_site_name":"Kamoto.md","article_modified_time":"2026-02-27T14:33:27+00:00","og_image":[{"width":1000,"height":1000,"url":"https:\/\/kamoto.md\/wp-content\/uploads\/2021\/05\/logo2.png","type":"image\/png"}],"twitter_card":"summary_large_image","twitter_misc":{"Timp estimat pentru citire":"3 minute"},"schema":{"@context":"https:\/\/schema.org","@graph":[{"@type":["WebPage","ItemPage"],"@id":"https:\/\/kamoto.md\/ro\/shop\/accesorii\/fir-pentru-motocoase\/fir-p-u-motocoas-kamoto-tl35200r\/","url":"https:\/\/kamoto.md\/ro\/shop\/accesorii\/fir-pentru-motocoase\/fir-p-u-motocoas-kamoto-tl35200r\/","name":"Fire pentru motocoase - Fir p\/u motocoas\u0103 KAMOTO TL35200R - Kamoto.md","isPartOf":{"@id":"https:\/\/kamoto.md\/ro\/#website"},"primaryImageOfPage":{"@id":"https:\/\/kamoto.md\/ro\/shop\/accesorii\/fir-pentru-motocoase\/fir-p-u-motocoas-kamoto-tl35200r\/#primaryimage"},"image":{"@id":"https:\/\/kamoto.md\/ro\/shop\/accesorii\/fir-pentru-motocoase\/fir-p-u-motocoas-kamoto-tl35200r\/#primaryimage"},"thumbnailUrl":"https:\/\/kamoto.md\/wp-content\/uploads\/2023\/08\/IMG_8665.jpg","datePublished":"2023-08-30T09:22:01+00:00","dateModified":"2026-02-27T14:33:27+00:00","breadcrumb":{"@id":"https:\/\/kamoto.md\/ro\/shop\/accesorii\/fir-pentru-motocoase\/fir-p-u-motocoas-kamoto-tl35200r\/#breadcrumb"},"inLanguage":"ro-RO","potentialAction":[{"@type":"ReadAction","target":["https:\/\/kamoto.md\/ro\/shop\/accesorii\/fir-pentru-motocoase\/fir-p-u-motocoas-kamoto-tl35200r\/"]}]},{"@type":"ImageObject","inLanguage":"ro-RO","@id":"https:\/\/kamoto.md\/ro\/shop\/accesorii\/fir-pentru-motocoase\/fir-p-u-motocoas-kamoto-tl35200r\/#primaryimage","url":"https:\/\/kamoto.md\/wp-content\/uploads\/2023\/08\/IMG_8665.jpg","contentUrl":"https:\/\/kamoto.md\/wp-content\/uploads\/2023\/08\/IMG_8665.jpg","width":1749,"height":1733},{"@type":"BreadcrumbList","@id":"https:\/\/kamoto.md\/ro\/shop\/accesorii\/fir-pentru-motocoase\/fir-p-u-motocoas-kamoto-tl35200r\/#breadcrumb","itemListElement":[{"@type":"ListItem","position":1,"name":"\u0413\u043b\u0430\u0432\u043d\u0430\u044f \u0441\u0442\u0440\u0430\u043d\u0438\u0446\u0430","item":"https:\/\/kamoto.md\/ro\/"},{"@type":"ListItem","position":2,"name":"Catalog","item":"https:\/\/kamoto.md\/ro\/catalog\/"},{"@type":"ListItem","position":3,"name":"Accesorii","item":"https:\/\/kamoto.md\/ro\/catalog\/accesorii\/"},{"@type":"ListItem","position":4,"name":"Fire pentru motocoase","item":"https:\/\/kamoto.md\/ro\/catalog\/accesorii\/fir-pentru-motocoase\/"},{"@type":"ListItem","position":5,"name":"Fir p\/u motocoas\u0103 KAMOTO TL35200R"}]},{"@type":"WebSite","@id":"https:\/\/kamoto.md\/ro\/#website","url":"https:\/\/kamoto.md\/ro\/","name":"Kamoto.MD","description":"\u0418\u043d\u0442\u0435\u0440\u043d\u0435\u0442 \u043c\u0430\u0433\u0430\u0437\u0438\u043d \u044d\u043b\u0435\u043a\u0442\u0440\u043e\u0438\u043d\u0441\u0442\u0440\u0443\u043c\u0435\u043d\u0442\u0430, \u0441\u0430\u0434\u043e\u0432\u043e\u0439 \u0438 \u0441\u0438\u043b\u043e\u0432\u043e\u0439 \u0442\u0435\u0445\u043d\u0438\u043a\u0438.","publisher":{"@id":"https:\/\/kamoto.md\/ro\/#organization"},"potentialAction":[{"@type":"SearchAction","target":{"@type":"EntryPoint","urlTemplate":"https:\/\/kamoto.md\/ro\/?s={search_term_string}"},"query-input":{"@type":"PropertyValueSpecification","valueRequired":true,"valueName":"search_term_string"}}],"inLanguage":"ro-RO"},{"@type":"Organization","@id":"https:\/\/kamoto.md\/ro\/#organization","name":"Kamoto S.R.L.","url":"https:\/\/kamoto.md\/ro\/","logo":{"@type":"ImageObject","inLanguage":"ro-RO","@id":"https:\/\/kamoto.md\/ro\/#\/schema\/logo\/image\/","url":"https:\/\/kamoto.md\/wp-content\/uploads\/2017\/08\/logo.png","contentUrl":"https:\/\/kamoto.md\/wp-content\/uploads\/2017\/08\/logo.png","width":323,"height":50,"caption":"Kamoto S.R.L."},"image":{"@id":"https:\/\/kamoto.md\/ro\/#\/schema\/logo\/image\/"}}]}},"_links":{"self":[{"href":"https:\/\/kamoto.md\/ro\/wp-json\/wp\/v2\/product\/13724","targetHints":{"allow":["GET"]}}],"collection":[{"href":"https:\/\/kamoto.md\/ro\/wp-json\/wp\/v2\/product"}],"about":[{"href":"https:\/\/kamoto.md\/ro\/wp-json\/wp\/v2\/types\/product"}],"wp:featuredmedia":[{"embeddable":true,"href":"https:\/\/kamoto.md\/ro\/wp-json\/wp\/v2\/media\/11893"}],"wp:attachment":[{"href":"https:\/\/kamoto.md\/ro\/wp-json\/wp\/v2\/media?parent=13724"}],"wp:term":[{"taxonomy":"product_brand","embeddable":true,"href":"https:\/\/kamoto.md\/ro\/wp-json\/wp\/v2\/product_brand?post=13724"},{"taxonomy":"product_cat","embeddable":true,"href":"https:\/\/kamoto.md\/ro\/wp-json\/wp\/v2\/product_cat?post=13724"},{"taxonomy":"product_tag","embeddable":true,"href":"https:\/\/kamoto.md\/ro\/wp-json\/wp\/v2\/product_tag?post=13724"}],"curies":[{"name":"wp","href":"https:\/\/api.w.org\/{rel}","templated":true}]}}