{"id":13728,"date":"2023-08-30T11:00:49","date_gmt":"2023-08-30T09:00:49","guid":{"rendered":"https:\/\/kamoto.md\/shop\/fara-categorie\/leska-kamoto-tl24200r-kruglaya-2-4mm-x-200m\/"},"modified":"2026-02-27T16:32:47","modified_gmt":"2026-02-27T14:32:47","slug":"fir-p-u-motocoasa-kamoto-tl24200r","status":"publish","type":"product","link":"https:\/\/kamoto.md\/ro\/shop\/accesorii\/fir-pentru-motocoase\/fir-p-u-motocoasa-kamoto-tl24200r\/","title":{"rendered":"Fir p\/u motocoas\u0103 KAMOTO TL24200R"},"content":{"rendered":"<p>Fir p\/u motocoas\u0103 KAMOTO TL24200R este utilizat ca material de t\u0103iere \u00een trimmere electrice, de p\u00e2n\u0103 la 0,6 kW. Fir pentru motocoasa lung de 200 de metri, cu diametrul sec\u021biunii transversale de 2,4 mm, este fabricat din nailon rotund de \u00eenalt\u0103 calitate, are o inser\u021bie suplimentar\u0103 de rezisten\u021b\u0103, este foarte rezistent la uzur\u0103, elastic, flexibil \u0219i rezistent la c\u0103ldur\u0103. Este recomandat pentru cosirea ierbii moi \u0219i a buruienilor sub\u021biri.<\/p>\n","protected":false},"excerpt":{"rendered":"<p>Diametru: 2,4 mm<br \/>\nLungime: 200 m<br \/>\nSec\u021biune transversal\u0103: Rotund\u0103<\/p>\n","protected":false},"featured_media":11864,"template":"","meta":[],"product_brand":[],"product_cat":[279],"product_tag":[],"class_list":{"0":"post-13728","1":"product","2":"type-product","3":"status-publish","4":"has-post-thumbnail","6":"product_cat-fir-pentru-motocoase","8":"first","9":"instock","10":"shipping-taxable","11":"purchasable","12":"product-type-simple"},"yoast_head":"<!-- This site is optimized with the Yoast SEO plugin v27.3 - https:\/\/yoast.com\/product\/yoast-seo-wordpress\/ -->\n<title>Fire pentru motocoase - Fir p\/u motocoas\u0103 KAMOTO TL24200R - Kamoto.md<\/title>\n<meta name=\"robots\" content=\"index, follow, max-snippet:-1, max-image-preview:large, max-video-preview:-1\" \/>\n<link rel=\"canonical\" href=\"https:\/\/kamoto.md\/ro\/shop\/accesorii\/fir-pentru-motocoase\/fir-p-u-motocoasa-kamoto-tl24200r\/\" \/>\n<meta property=\"og:locale\" content=\"ro_RO\" \/>\n<meta property=\"og:type\" content=\"article\" \/>\n<meta property=\"og:title\" content=\"Fire pentru motocoase - Fir p\/u motocoas\u0103 KAMOTO TL24200R - Kamoto.md\" \/>\n<meta property=\"og:description\" content=\"Diametru: 2,4 mm Lungime: 200 m Sec\u021biune transversal\u0103: Rotund\u0103\" \/>\n<meta property=\"og:url\" content=\"https:\/\/kamoto.md\/ro\/shop\/accesorii\/fir-pentru-motocoase\/fir-p-u-motocoasa-kamoto-tl24200r\/\" \/>\n<meta property=\"og:site_name\" content=\"Kamoto.md\" \/>\n<meta property=\"article:modified_time\" content=\"2026-02-27T14:32:47+00:00\" \/>\n<meta property=\"og:image\" content=\"https:\/\/kamoto.md\/wp-content\/uploads\/2021\/05\/logo2.png\" \/>\n\t<meta property=\"og:image:width\" content=\"1000\" \/>\n\t<meta property=\"og:image:height\" content=\"1000\" \/>\n\t<meta property=\"og:image:type\" content=\"image\/png\" \/>\n<meta name=\"twitter:card\" content=\"summary_large_image\" \/>\n<meta name=\"twitter:label1\" content=\"Timp estimat pentru citire\" \/>\n\t<meta name=\"twitter:data1\" content=\"1 minut\" \/>\n<script type=\"application\/ld+json\" class=\"yoast-schema-graph\">{\"@context\":\"https:\\\/\\\/schema.org\",\"@graph\":[{\"@type\":[\"WebPage\",\"ItemPage\"],\"@id\":\"https:\\\/\\\/kamoto.md\\\/ro\\\/shop\\\/accesorii\\\/fir-pentru-motocoase\\\/fir-p-u-motocoasa-kamoto-tl24200r\\\/\",\"url\":\"https:\\\/\\\/kamoto.md\\\/ro\\\/shop\\\/accesorii\\\/fir-pentru-motocoase\\\/fir-p-u-motocoasa-kamoto-tl24200r\\\/\",\"name\":\"Fire pentru motocoase - Fir p\\\/u motocoas\u0103 KAMOTO TL24200R - Kamoto.md\",\"isPartOf\":{\"@id\":\"https:\\\/\\\/kamoto.md\\\/ro\\\/#website\"},\"primaryImageOfPage\":{\"@id\":\"https:\\\/\\\/kamoto.md\\\/ro\\\/shop\\\/accesorii\\\/fir-pentru-motocoase\\\/fir-p-u-motocoasa-kamoto-tl24200r\\\/#primaryimage\"},\"image\":{\"@id\":\"https:\\\/\\\/kamoto.md\\\/ro\\\/shop\\\/accesorii\\\/fir-pentru-motocoase\\\/fir-p-u-motocoasa-kamoto-tl24200r\\\/#primaryimage\"},\"thumbnailUrl\":\"https:\\\/\\\/kamoto.md\\\/wp-content\\\/uploads\\\/2023\\\/08\\\/IMG_8685.jpg\",\"datePublished\":\"2023-08-30T09:00:49+00:00\",\"dateModified\":\"2026-02-27T14:32:47+00:00\",\"breadcrumb\":{\"@id\":\"https:\\\/\\\/kamoto.md\\\/ro\\\/shop\\\/accesorii\\\/fir-pentru-motocoase\\\/fir-p-u-motocoasa-kamoto-tl24200r\\\/#breadcrumb\"},\"inLanguage\":\"ro-RO\",\"potentialAction\":[{\"@type\":\"ReadAction\",\"target\":[\"https:\\\/\\\/kamoto.md\\\/ro\\\/shop\\\/accesorii\\\/fir-pentru-motocoase\\\/fir-p-u-motocoasa-kamoto-tl24200r\\\/\"]}]},{\"@type\":\"ImageObject\",\"inLanguage\":\"ro-RO\",\"@id\":\"https:\\\/\\\/kamoto.md\\\/ro\\\/shop\\\/accesorii\\\/fir-pentru-motocoase\\\/fir-p-u-motocoasa-kamoto-tl24200r\\\/#primaryimage\",\"url\":\"https:\\\/\\\/kamoto.md\\\/wp-content\\\/uploads\\\/2023\\\/08\\\/IMG_8685.jpg\",\"contentUrl\":\"https:\\\/\\\/kamoto.md\\\/wp-content\\\/uploads\\\/2023\\\/08\\\/IMG_8685.jpg\",\"width\":1544,\"height\":1554},{\"@type\":\"BreadcrumbList\",\"@id\":\"https:\\\/\\\/kamoto.md\\\/ro\\\/shop\\\/accesorii\\\/fir-pentru-motocoase\\\/fir-p-u-motocoasa-kamoto-tl24200r\\\/#breadcrumb\",\"itemListElement\":[{\"@type\":\"ListItem\",\"position\":1,\"name\":\"\u0413\u043b\u0430\u0432\u043d\u0430\u044f \u0441\u0442\u0440\u0430\u043d\u0438\u0446\u0430\",\"item\":\"https:\\\/\\\/kamoto.md\\\/ro\\\/\"},{\"@type\":\"ListItem\",\"position\":2,\"name\":\"Catalog\",\"item\":\"https:\\\/\\\/kamoto.md\\\/ro\\\/catalog\\\/\"},{\"@type\":\"ListItem\",\"position\":3,\"name\":\"Accesorii\",\"item\":\"https:\\\/\\\/kamoto.md\\\/ro\\\/catalog\\\/accesorii\\\/\"},{\"@type\":\"ListItem\",\"position\":4,\"name\":\"Fire pentru motocoase\",\"item\":\"https:\\\/\\\/kamoto.md\\\/ro\\\/catalog\\\/accesorii\\\/fir-pentru-motocoase\\\/\"},{\"@type\":\"ListItem\",\"position\":5,\"name\":\"Fir p\\\/u motocoas\u0103 KAMOTO TL24200R\"}]},{\"@type\":\"WebSite\",\"@id\":\"https:\\\/\\\/kamoto.md\\\/ro\\\/#website\",\"url\":\"https:\\\/\\\/kamoto.md\\\/ro\\\/\",\"name\":\"Kamoto.MD\",\"description\":\"\u0418\u043d\u0442\u0435\u0440\u043d\u0435\u0442 \u043c\u0430\u0433\u0430\u0437\u0438\u043d \u044d\u043b\u0435\u043a\u0442\u0440\u043e\u0438\u043d\u0441\u0442\u0440\u0443\u043c\u0435\u043d\u0442\u0430, \u0441\u0430\u0434\u043e\u0432\u043e\u0439 \u0438 \u0441\u0438\u043b\u043e\u0432\u043e\u0439 \u0442\u0435\u0445\u043d\u0438\u043a\u0438.\",\"publisher\":{\"@id\":\"https:\\\/\\\/kamoto.md\\\/ro\\\/#organization\"},\"potentialAction\":[{\"@type\":\"SearchAction\",\"target\":{\"@type\":\"EntryPoint\",\"urlTemplate\":\"https:\\\/\\\/kamoto.md\\\/ro\\\/?s={search_term_string}\"},\"query-input\":{\"@type\":\"PropertyValueSpecification\",\"valueRequired\":true,\"valueName\":\"search_term_string\"}}],\"inLanguage\":\"ro-RO\"},{\"@type\":\"Organization\",\"@id\":\"https:\\\/\\\/kamoto.md\\\/ro\\\/#organization\",\"name\":\"Kamoto S.R.L.\",\"url\":\"https:\\\/\\\/kamoto.md\\\/ro\\\/\",\"logo\":{\"@type\":\"ImageObject\",\"inLanguage\":\"ro-RO\",\"@id\":\"https:\\\/\\\/kamoto.md\\\/ro\\\/#\\\/schema\\\/logo\\\/image\\\/\",\"url\":\"https:\\\/\\\/kamoto.md\\\/wp-content\\\/uploads\\\/2017\\\/08\\\/logo.png\",\"contentUrl\":\"https:\\\/\\\/kamoto.md\\\/wp-content\\\/uploads\\\/2017\\\/08\\\/logo.png\",\"width\":323,\"height\":50,\"caption\":\"Kamoto S.R.L.\"},\"image\":{\"@id\":\"https:\\\/\\\/kamoto.md\\\/ro\\\/#\\\/schema\\\/logo\\\/image\\\/\"}}]}<\/script>\n<!-- \/ Yoast SEO plugin. -->","yoast_head_json":{"title":"Fire pentru motocoase - Fir p\/u motocoas\u0103 KAMOTO TL24200R - Kamoto.md","robots":{"index":"index","follow":"follow","max-snippet":"max-snippet:-1","max-image-preview":"max-image-preview:large","max-video-preview":"max-video-preview:-1"},"canonical":"https:\/\/kamoto.md\/ro\/shop\/accesorii\/fir-pentru-motocoase\/fir-p-u-motocoasa-kamoto-tl24200r\/","og_locale":"ro_RO","og_type":"article","og_title":"Fire pentru motocoase - Fir p\/u motocoas\u0103 KAMOTO TL24200R - Kamoto.md","og_description":"Diametru: 2,4 mm Lungime: 200 m Sec\u021biune transversal\u0103: Rotund\u0103","og_url":"https:\/\/kamoto.md\/ro\/shop\/accesorii\/fir-pentru-motocoase\/fir-p-u-motocoasa-kamoto-tl24200r\/","og_site_name":"Kamoto.md","article_modified_time":"2026-02-27T14:32:47+00:00","og_image":[{"width":1000,"height":1000,"url":"https:\/\/kamoto.md\/wp-content\/uploads\/2021\/05\/logo2.png","type":"image\/png"}],"twitter_card":"summary_large_image","twitter_misc":{"Timp estimat pentru citire":"1 minut"},"schema":{"@context":"https:\/\/schema.org","@graph":[{"@type":["WebPage","ItemPage"],"@id":"https:\/\/kamoto.md\/ro\/shop\/accesorii\/fir-pentru-motocoase\/fir-p-u-motocoasa-kamoto-tl24200r\/","url":"https:\/\/kamoto.md\/ro\/shop\/accesorii\/fir-pentru-motocoase\/fir-p-u-motocoasa-kamoto-tl24200r\/","name":"Fire pentru motocoase - Fir p\/u motocoas\u0103 KAMOTO TL24200R - Kamoto.md","isPartOf":{"@id":"https:\/\/kamoto.md\/ro\/#website"},"primaryImageOfPage":{"@id":"https:\/\/kamoto.md\/ro\/shop\/accesorii\/fir-pentru-motocoase\/fir-p-u-motocoasa-kamoto-tl24200r\/#primaryimage"},"image":{"@id":"https:\/\/kamoto.md\/ro\/shop\/accesorii\/fir-pentru-motocoase\/fir-p-u-motocoasa-kamoto-tl24200r\/#primaryimage"},"thumbnailUrl":"https:\/\/kamoto.md\/wp-content\/uploads\/2023\/08\/IMG_8685.jpg","datePublished":"2023-08-30T09:00:49+00:00","dateModified":"2026-02-27T14:32:47+00:00","breadcrumb":{"@id":"https:\/\/kamoto.md\/ro\/shop\/accesorii\/fir-pentru-motocoase\/fir-p-u-motocoasa-kamoto-tl24200r\/#breadcrumb"},"inLanguage":"ro-RO","potentialAction":[{"@type":"ReadAction","target":["https:\/\/kamoto.md\/ro\/shop\/accesorii\/fir-pentru-motocoase\/fir-p-u-motocoasa-kamoto-tl24200r\/"]}]},{"@type":"ImageObject","inLanguage":"ro-RO","@id":"https:\/\/kamoto.md\/ro\/shop\/accesorii\/fir-pentru-motocoase\/fir-p-u-motocoasa-kamoto-tl24200r\/#primaryimage","url":"https:\/\/kamoto.md\/wp-content\/uploads\/2023\/08\/IMG_8685.jpg","contentUrl":"https:\/\/kamoto.md\/wp-content\/uploads\/2023\/08\/IMG_8685.jpg","width":1544,"height":1554},{"@type":"BreadcrumbList","@id":"https:\/\/kamoto.md\/ro\/shop\/accesorii\/fir-pentru-motocoase\/fir-p-u-motocoasa-kamoto-tl24200r\/#breadcrumb","itemListElement":[{"@type":"ListItem","position":1,"name":"\u0413\u043b\u0430\u0432\u043d\u0430\u044f \u0441\u0442\u0440\u0430\u043d\u0438\u0446\u0430","item":"https:\/\/kamoto.md\/ro\/"},{"@type":"ListItem","position":2,"name":"Catalog","item":"https:\/\/kamoto.md\/ro\/catalog\/"},{"@type":"ListItem","position":3,"name":"Accesorii","item":"https:\/\/kamoto.md\/ro\/catalog\/accesorii\/"},{"@type":"ListItem","position":4,"name":"Fire pentru motocoase","item":"https:\/\/kamoto.md\/ro\/catalog\/accesorii\/fir-pentru-motocoase\/"},{"@type":"ListItem","position":5,"name":"Fir p\/u motocoas\u0103 KAMOTO TL24200R"}]},{"@type":"WebSite","@id":"https:\/\/kamoto.md\/ro\/#website","url":"https:\/\/kamoto.md\/ro\/","name":"Kamoto.MD","description":"\u0418\u043d\u0442\u0435\u0440\u043d\u0435\u0442 \u043c\u0430\u0433\u0430\u0437\u0438\u043d \u044d\u043b\u0435\u043a\u0442\u0440\u043e\u0438\u043d\u0441\u0442\u0440\u0443\u043c\u0435\u043d\u0442\u0430, \u0441\u0430\u0434\u043e\u0432\u043e\u0439 \u0438 \u0441\u0438\u043b\u043e\u0432\u043e\u0439 \u0442\u0435\u0445\u043d\u0438\u043a\u0438.","publisher":{"@id":"https:\/\/kamoto.md\/ro\/#organization"},"potentialAction":[{"@type":"SearchAction","target":{"@type":"EntryPoint","urlTemplate":"https:\/\/kamoto.md\/ro\/?s={search_term_string}"},"query-input":{"@type":"PropertyValueSpecification","valueRequired":true,"valueName":"search_term_string"}}],"inLanguage":"ro-RO"},{"@type":"Organization","@id":"https:\/\/kamoto.md\/ro\/#organization","name":"Kamoto S.R.L.","url":"https:\/\/kamoto.md\/ro\/","logo":{"@type":"ImageObject","inLanguage":"ro-RO","@id":"https:\/\/kamoto.md\/ro\/#\/schema\/logo\/image\/","url":"https:\/\/kamoto.md\/wp-content\/uploads\/2017\/08\/logo.png","contentUrl":"https:\/\/kamoto.md\/wp-content\/uploads\/2017\/08\/logo.png","width":323,"height":50,"caption":"Kamoto S.R.L."},"image":{"@id":"https:\/\/kamoto.md\/ro\/#\/schema\/logo\/image\/"}}]}},"_links":{"self":[{"href":"https:\/\/kamoto.md\/ro\/wp-json\/wp\/v2\/product\/13728","targetHints":{"allow":["GET"]}}],"collection":[{"href":"https:\/\/kamoto.md\/ro\/wp-json\/wp\/v2\/product"}],"about":[{"href":"https:\/\/kamoto.md\/ro\/wp-json\/wp\/v2\/types\/product"}],"wp:featuredmedia":[{"embeddable":true,"href":"https:\/\/kamoto.md\/ro\/wp-json\/wp\/v2\/media\/11864"}],"wp:attachment":[{"href":"https:\/\/kamoto.md\/ro\/wp-json\/wp\/v2\/media?parent=13728"}],"wp:term":[{"taxonomy":"product_brand","embeddable":true,"href":"https:\/\/kamoto.md\/ro\/wp-json\/wp\/v2\/product_brand?post=13728"},{"taxonomy":"product_cat","embeddable":true,"href":"https:\/\/kamoto.md\/ro\/wp-json\/wp\/v2\/product_cat?post=13728"},{"taxonomy":"product_tag","embeddable":true,"href":"https:\/\/kamoto.md\/ro\/wp-json\/wp\/v2\/product_tag?post=13728"}],"curies":[{"name":"wp","href":"https:\/\/api.w.org\/{rel}","templated":true}]}}