{"id":13731,"date":"2023-08-29T14:14:57","date_gmt":"2023-08-29T12:14:57","guid":{"rendered":"https:\/\/kamoto.md\/shop\/fara-categorie\/katushka-dlya-trimmera-kamoto-ts30s\/"},"modified":"2026-02-27T12:26:20","modified_gmt":"2026-02-27T10:26:20","slug":"bobina-p-u-motocoasa-kamoto-ts30s","status":"publish","type":"product","link":"https:\/\/kamoto.md\/ro\/shop\/scule-si-unelte-de-gradinarit\/motocoase\/bobina-p-u-motocoasa-kamoto-ts30s\/","title":{"rendered":"Bobin\u0103 p\/u motocoas\u0103 KAMOTO TS30S"},"content":{"rendered":"<p>Bobin\u0103 p\/u motocoas\u0103 KAMOTO TS30S. Accesoriul trimmer se potrive\u0219te multor modele cu acest sistem de scaune. Capul trimmerului are patru ie\u0219iri pentru firul de pescuit. Schimbarea firului de pescuit de pe capul trimmerului este foarte u\u0219oar\u0103. Diametrul firului de pescuit al bobinei trimmer este de la 2,4 la 6 mm \u0219i este introdus \u00een caneluri \u00een buc\u0103\u021bi de 300 mm. Inclus: ata\u0219ament trimmer &#8211; 1 buc, \u0219aibe &#8211; 2 buc, inel metalic intermediar, cheie &#8211; 1 buc + 4 buc\u0103\u021bi de linie de pescuit. Potrivit dac\u0103 sunte\u021bi \u00een c\u0103utarea pentru: linie de pescuit trimmer pentru t\u0103ierea ierbii cu trimmer, lama trimmer, ata\u0219ament bobin\u0103 cap trimmer, cas\u0103 de var\u0103, acas\u0103, gr\u0103din\u0103rit. Potrivit pentru: trimmer f\u0103r\u0103 fir trimmer electric trimmer pe benzin\u0103 trimmer<\/p>\n<p>Perfect pentru cosirea ierbii dure, dense, etc. vegeta\u021bie de-a lungul pere\u021bilor \u0219i a altor obstacole.<\/p>\n<p>Caracteristici:<br \/>\n&#8211; Aplica\u021bie universal\u0103 pentru trimmere<br \/>\n&#8211; Schimbarea liniei lamei trimmerului este foarte u\u0219oar\u0103<br \/>\n&#8211; Bobina trimmerului este fabricat\u0103 din aluminiu de calitate rezistent la impact<br \/>\n&#8211; T\u0103ierea vegeta\u021biei de-a lungul pere\u021bilor \u0219i a altor obstacole.<\/p>\n","protected":false},"excerpt":{"rendered":"<p>Accesoriu trimmer &#8211; 1 buc<\/p>\n<p>\u0218aibe &#8211; 2 buc<\/p>\n<p>Inel metalic intermediar &#8211; 1 buc<\/p>\n<p>Cheie &#8211; 1 buc + 4 buc\u0103\u021bi de fir de pescuit.<\/p>\n","protected":false},"featured_media":11820,"template":"","meta":[],"product_brand":[],"product_cat":[285,294],"product_tag":[],"class_list":{"0":"post-13731","1":"product","2":"type-product","3":"status-publish","4":"has-post-thumbnail","6":"product_cat-scule-si-unelte-de-gradinarit","7":"product_cat-motocoase","9":"first","10":"instock","11":"shipping-taxable","12":"purchasable","13":"product-type-simple"},"yoast_head":"<!-- This site is optimized with the Yoast SEO plugin v27.3 - https:\/\/yoast.com\/product\/yoast-seo-wordpress\/ -->\n<title>Instrumente \u0219i unelte de gr\u0103din\u0103rit, Motocoase - Bobin\u0103 p\/u motocoas\u0103 KAMOTO TS30S - Kamoto.md<\/title>\n<meta name=\"description\" content=\"Accesoriul trimmer se potrive\u0219te multor modele cu acest sistem de scaune. Capul trimmerului are patru ie\u0219iri pentru firul de pescuit.\" \/>\n<meta name=\"robots\" content=\"index, follow, max-snippet:-1, max-image-preview:large, max-video-preview:-1\" \/>\n<link rel=\"canonical\" href=\"https:\/\/kamoto.md\/ro\/shop\/scule-si-unelte-de-gradinarit\/motocoase\/bobina-p-u-motocoasa-kamoto-ts30s\/\" \/>\n<meta property=\"og:locale\" content=\"ro_RO\" \/>\n<meta property=\"og:type\" content=\"article\" \/>\n<meta property=\"og:title\" content=\"Instrumente \u0219i unelte de gr\u0103din\u0103rit, Motocoase - Bobin\u0103 p\/u motocoas\u0103 KAMOTO TS30S - Kamoto.md\" \/>\n<meta property=\"og:description\" content=\"Accesoriul trimmer se potrive\u0219te multor modele cu acest sistem de scaune. Capul trimmerului are patru ie\u0219iri pentru firul de pescuit.\" \/>\n<meta property=\"og:url\" content=\"https:\/\/kamoto.md\/ro\/shop\/scule-si-unelte-de-gradinarit\/motocoase\/bobina-p-u-motocoasa-kamoto-ts30s\/\" \/>\n<meta property=\"og:site_name\" content=\"Kamoto.md\" \/>\n<meta property=\"article:modified_time\" content=\"2026-02-27T10:26:20+00:00\" \/>\n<meta property=\"og:image\" content=\"https:\/\/kamoto.md\/wp-content\/uploads\/2021\/05\/logo2.png\" \/>\n\t<meta property=\"og:image:width\" content=\"1000\" \/>\n\t<meta property=\"og:image:height\" content=\"1000\" \/>\n\t<meta property=\"og:image:type\" content=\"image\/png\" \/>\n<meta name=\"twitter:card\" content=\"summary_large_image\" \/>\n<meta name=\"twitter:label1\" content=\"Timp estimat pentru citire\" \/>\n\t<meta name=\"twitter:data1\" content=\"1 minut\" \/>\n<script type=\"application\/ld+json\" class=\"yoast-schema-graph\">{\"@context\":\"https:\\\/\\\/schema.org\",\"@graph\":[{\"@type\":[\"WebPage\",\"ItemPage\"],\"@id\":\"https:\\\/\\\/kamoto.md\\\/ro\\\/shop\\\/scule-si-unelte-de-gradinarit\\\/motocoase\\\/bobina-p-u-motocoasa-kamoto-ts30s\\\/\",\"url\":\"https:\\\/\\\/kamoto.md\\\/ro\\\/shop\\\/scule-si-unelte-de-gradinarit\\\/motocoase\\\/bobina-p-u-motocoasa-kamoto-ts30s\\\/\",\"name\":\"Instrumente \u0219i unelte de gr\u0103din\u0103rit, Motocoase - Bobin\u0103 p\\\/u motocoas\u0103 KAMOTO TS30S - Kamoto.md\",\"isPartOf\":{\"@id\":\"https:\\\/\\\/kamoto.md\\\/ro\\\/#website\"},\"primaryImageOfPage\":{\"@id\":\"https:\\\/\\\/kamoto.md\\\/ro\\\/shop\\\/scule-si-unelte-de-gradinarit\\\/motocoase\\\/bobina-p-u-motocoasa-kamoto-ts30s\\\/#primaryimage\"},\"image\":{\"@id\":\"https:\\\/\\\/kamoto.md\\\/ro\\\/shop\\\/scule-si-unelte-de-gradinarit\\\/motocoase\\\/bobina-p-u-motocoasa-kamoto-ts30s\\\/#primaryimage\"},\"thumbnailUrl\":\"https:\\\/\\\/kamoto.md\\\/wp-content\\\/uploads\\\/2023\\\/08\\\/IMG_8897-kopiya.jpg\",\"datePublished\":\"2023-08-29T12:14:57+00:00\",\"dateModified\":\"2026-02-27T10:26:20+00:00\",\"description\":\"Accesoriul trimmer se potrive\u0219te multor modele cu acest sistem de scaune. Capul trimmerului are patru ie\u0219iri pentru firul de pescuit.\",\"breadcrumb\":{\"@id\":\"https:\\\/\\\/kamoto.md\\\/ro\\\/shop\\\/scule-si-unelte-de-gradinarit\\\/motocoase\\\/bobina-p-u-motocoasa-kamoto-ts30s\\\/#breadcrumb\"},\"inLanguage\":\"ro-RO\",\"potentialAction\":[{\"@type\":\"ReadAction\",\"target\":[\"https:\\\/\\\/kamoto.md\\\/ro\\\/shop\\\/scule-si-unelte-de-gradinarit\\\/motocoase\\\/bobina-p-u-motocoasa-kamoto-ts30s\\\/\"]}]},{\"@type\":\"ImageObject\",\"inLanguage\":\"ro-RO\",\"@id\":\"https:\\\/\\\/kamoto.md\\\/ro\\\/shop\\\/scule-si-unelte-de-gradinarit\\\/motocoase\\\/bobina-p-u-motocoasa-kamoto-ts30s\\\/#primaryimage\",\"url\":\"https:\\\/\\\/kamoto.md\\\/wp-content\\\/uploads\\\/2023\\\/08\\\/IMG_8897-kopiya.jpg\",\"contentUrl\":\"https:\\\/\\\/kamoto.md\\\/wp-content\\\/uploads\\\/2023\\\/08\\\/IMG_8897-kopiya.jpg\",\"width\":1554,\"height\":1539},{\"@type\":\"BreadcrumbList\",\"@id\":\"https:\\\/\\\/kamoto.md\\\/ro\\\/shop\\\/scule-si-unelte-de-gradinarit\\\/motocoase\\\/bobina-p-u-motocoasa-kamoto-ts30s\\\/#breadcrumb\",\"itemListElement\":[{\"@type\":\"ListItem\",\"position\":1,\"name\":\"\u0413\u043b\u0430\u0432\u043d\u0430\u044f \u0441\u0442\u0440\u0430\u043d\u0438\u0446\u0430\",\"item\":\"https:\\\/\\\/kamoto.md\\\/ro\\\/\"},{\"@type\":\"ListItem\",\"position\":2,\"name\":\"Catalog\",\"item\":\"https:\\\/\\\/kamoto.md\\\/ro\\\/catalog\\\/\"},{\"@type\":\"ListItem\",\"position\":3,\"name\":\"Instrumente \u0219i unelte de gr\u0103din\u0103rit\",\"item\":\"https:\\\/\\\/kamoto.md\\\/ro\\\/catalog\\\/scule-si-unelte-de-gradinarit\\\/\"},{\"@type\":\"ListItem\",\"position\":4,\"name\":\"Bobin\u0103 p\\\/u motocoas\u0103 KAMOTO TS30S\"}]},{\"@type\":\"WebSite\",\"@id\":\"https:\\\/\\\/kamoto.md\\\/ro\\\/#website\",\"url\":\"https:\\\/\\\/kamoto.md\\\/ro\\\/\",\"name\":\"Kamoto.MD\",\"description\":\"\u0418\u043d\u0442\u0435\u0440\u043d\u0435\u0442 \u043c\u0430\u0433\u0430\u0437\u0438\u043d \u044d\u043b\u0435\u043a\u0442\u0440\u043e\u0438\u043d\u0441\u0442\u0440\u0443\u043c\u0435\u043d\u0442\u0430, \u0441\u0430\u0434\u043e\u0432\u043e\u0439 \u0438 \u0441\u0438\u043b\u043e\u0432\u043e\u0439 \u0442\u0435\u0445\u043d\u0438\u043a\u0438.\",\"publisher\":{\"@id\":\"https:\\\/\\\/kamoto.md\\\/ro\\\/#organization\"},\"potentialAction\":[{\"@type\":\"SearchAction\",\"target\":{\"@type\":\"EntryPoint\",\"urlTemplate\":\"https:\\\/\\\/kamoto.md\\\/ro\\\/?s={search_term_string}\"},\"query-input\":{\"@type\":\"PropertyValueSpecification\",\"valueRequired\":true,\"valueName\":\"search_term_string\"}}],\"inLanguage\":\"ro-RO\"},{\"@type\":\"Organization\",\"@id\":\"https:\\\/\\\/kamoto.md\\\/ro\\\/#organization\",\"name\":\"Kamoto S.R.L.\",\"url\":\"https:\\\/\\\/kamoto.md\\\/ro\\\/\",\"logo\":{\"@type\":\"ImageObject\",\"inLanguage\":\"ro-RO\",\"@id\":\"https:\\\/\\\/kamoto.md\\\/ro\\\/#\\\/schema\\\/logo\\\/image\\\/\",\"url\":\"https:\\\/\\\/kamoto.md\\\/wp-content\\\/uploads\\\/2017\\\/08\\\/logo.png\",\"contentUrl\":\"https:\\\/\\\/kamoto.md\\\/wp-content\\\/uploads\\\/2017\\\/08\\\/logo.png\",\"width\":323,\"height\":50,\"caption\":\"Kamoto S.R.L.\"},\"image\":{\"@id\":\"https:\\\/\\\/kamoto.md\\\/ro\\\/#\\\/schema\\\/logo\\\/image\\\/\"}}]}<\/script>\n<!-- \/ Yoast SEO plugin. -->","yoast_head_json":{"title":"Instrumente \u0219i unelte de gr\u0103din\u0103rit, Motocoase - Bobin\u0103 p\/u motocoas\u0103 KAMOTO TS30S - Kamoto.md","description":"Accesoriul trimmer se potrive\u0219te multor modele cu acest sistem de scaune. Capul trimmerului are patru ie\u0219iri pentru firul de pescuit.","robots":{"index":"index","follow":"follow","max-snippet":"max-snippet:-1","max-image-preview":"max-image-preview:large","max-video-preview":"max-video-preview:-1"},"canonical":"https:\/\/kamoto.md\/ro\/shop\/scule-si-unelte-de-gradinarit\/motocoase\/bobina-p-u-motocoasa-kamoto-ts30s\/","og_locale":"ro_RO","og_type":"article","og_title":"Instrumente \u0219i unelte de gr\u0103din\u0103rit, Motocoase - Bobin\u0103 p\/u motocoas\u0103 KAMOTO TS30S - Kamoto.md","og_description":"Accesoriul trimmer se potrive\u0219te multor modele cu acest sistem de scaune. Capul trimmerului are patru ie\u0219iri pentru firul de pescuit.","og_url":"https:\/\/kamoto.md\/ro\/shop\/scule-si-unelte-de-gradinarit\/motocoase\/bobina-p-u-motocoasa-kamoto-ts30s\/","og_site_name":"Kamoto.md","article_modified_time":"2026-02-27T10:26:20+00:00","og_image":[{"width":1000,"height":1000,"url":"https:\/\/kamoto.md\/wp-content\/uploads\/2021\/05\/logo2.png","type":"image\/png"}],"twitter_card":"summary_large_image","twitter_misc":{"Timp estimat pentru citire":"1 minut"},"schema":{"@context":"https:\/\/schema.org","@graph":[{"@type":["WebPage","ItemPage"],"@id":"https:\/\/kamoto.md\/ro\/shop\/scule-si-unelte-de-gradinarit\/motocoase\/bobina-p-u-motocoasa-kamoto-ts30s\/","url":"https:\/\/kamoto.md\/ro\/shop\/scule-si-unelte-de-gradinarit\/motocoase\/bobina-p-u-motocoasa-kamoto-ts30s\/","name":"Instrumente \u0219i unelte de gr\u0103din\u0103rit, Motocoase - Bobin\u0103 p\/u motocoas\u0103 KAMOTO TS30S - Kamoto.md","isPartOf":{"@id":"https:\/\/kamoto.md\/ro\/#website"},"primaryImageOfPage":{"@id":"https:\/\/kamoto.md\/ro\/shop\/scule-si-unelte-de-gradinarit\/motocoase\/bobina-p-u-motocoasa-kamoto-ts30s\/#primaryimage"},"image":{"@id":"https:\/\/kamoto.md\/ro\/shop\/scule-si-unelte-de-gradinarit\/motocoase\/bobina-p-u-motocoasa-kamoto-ts30s\/#primaryimage"},"thumbnailUrl":"https:\/\/kamoto.md\/wp-content\/uploads\/2023\/08\/IMG_8897-kopiya.jpg","datePublished":"2023-08-29T12:14:57+00:00","dateModified":"2026-02-27T10:26:20+00:00","description":"Accesoriul trimmer se potrive\u0219te multor modele cu acest sistem de scaune. Capul trimmerului are patru ie\u0219iri pentru firul de pescuit.","breadcrumb":{"@id":"https:\/\/kamoto.md\/ro\/shop\/scule-si-unelte-de-gradinarit\/motocoase\/bobina-p-u-motocoasa-kamoto-ts30s\/#breadcrumb"},"inLanguage":"ro-RO","potentialAction":[{"@type":"ReadAction","target":["https:\/\/kamoto.md\/ro\/shop\/scule-si-unelte-de-gradinarit\/motocoase\/bobina-p-u-motocoasa-kamoto-ts30s\/"]}]},{"@type":"ImageObject","inLanguage":"ro-RO","@id":"https:\/\/kamoto.md\/ro\/shop\/scule-si-unelte-de-gradinarit\/motocoase\/bobina-p-u-motocoasa-kamoto-ts30s\/#primaryimage","url":"https:\/\/kamoto.md\/wp-content\/uploads\/2023\/08\/IMG_8897-kopiya.jpg","contentUrl":"https:\/\/kamoto.md\/wp-content\/uploads\/2023\/08\/IMG_8897-kopiya.jpg","width":1554,"height":1539},{"@type":"BreadcrumbList","@id":"https:\/\/kamoto.md\/ro\/shop\/scule-si-unelte-de-gradinarit\/motocoase\/bobina-p-u-motocoasa-kamoto-ts30s\/#breadcrumb","itemListElement":[{"@type":"ListItem","position":1,"name":"\u0413\u043b\u0430\u0432\u043d\u0430\u044f \u0441\u0442\u0440\u0430\u043d\u0438\u0446\u0430","item":"https:\/\/kamoto.md\/ro\/"},{"@type":"ListItem","position":2,"name":"Catalog","item":"https:\/\/kamoto.md\/ro\/catalog\/"},{"@type":"ListItem","position":3,"name":"Instrumente \u0219i unelte de gr\u0103din\u0103rit","item":"https:\/\/kamoto.md\/ro\/catalog\/scule-si-unelte-de-gradinarit\/"},{"@type":"ListItem","position":4,"name":"Bobin\u0103 p\/u motocoas\u0103 KAMOTO TS30S"}]},{"@type":"WebSite","@id":"https:\/\/kamoto.md\/ro\/#website","url":"https:\/\/kamoto.md\/ro\/","name":"Kamoto.MD","description":"\u0418\u043d\u0442\u0435\u0440\u043d\u0435\u0442 \u043c\u0430\u0433\u0430\u0437\u0438\u043d \u044d\u043b\u0435\u043a\u0442\u0440\u043e\u0438\u043d\u0441\u0442\u0440\u0443\u043c\u0435\u043d\u0442\u0430, \u0441\u0430\u0434\u043e\u0432\u043e\u0439 \u0438 \u0441\u0438\u043b\u043e\u0432\u043e\u0439 \u0442\u0435\u0445\u043d\u0438\u043a\u0438.","publisher":{"@id":"https:\/\/kamoto.md\/ro\/#organization"},"potentialAction":[{"@type":"SearchAction","target":{"@type":"EntryPoint","urlTemplate":"https:\/\/kamoto.md\/ro\/?s={search_term_string}"},"query-input":{"@type":"PropertyValueSpecification","valueRequired":true,"valueName":"search_term_string"}}],"inLanguage":"ro-RO"},{"@type":"Organization","@id":"https:\/\/kamoto.md\/ro\/#organization","name":"Kamoto S.R.L.","url":"https:\/\/kamoto.md\/ro\/","logo":{"@type":"ImageObject","inLanguage":"ro-RO","@id":"https:\/\/kamoto.md\/ro\/#\/schema\/logo\/image\/","url":"https:\/\/kamoto.md\/wp-content\/uploads\/2017\/08\/logo.png","contentUrl":"https:\/\/kamoto.md\/wp-content\/uploads\/2017\/08\/logo.png","width":323,"height":50,"caption":"Kamoto S.R.L."},"image":{"@id":"https:\/\/kamoto.md\/ro\/#\/schema\/logo\/image\/"}}]}},"_links":{"self":[{"href":"https:\/\/kamoto.md\/ro\/wp-json\/wp\/v2\/product\/13731","targetHints":{"allow":["GET"]}}],"collection":[{"href":"https:\/\/kamoto.md\/ro\/wp-json\/wp\/v2\/product"}],"about":[{"href":"https:\/\/kamoto.md\/ro\/wp-json\/wp\/v2\/types\/product"}],"wp:featuredmedia":[{"embeddable":true,"href":"https:\/\/kamoto.md\/ro\/wp-json\/wp\/v2\/media\/11820"}],"wp:attachment":[{"href":"https:\/\/kamoto.md\/ro\/wp-json\/wp\/v2\/media?parent=13731"}],"wp:term":[{"taxonomy":"product_brand","embeddable":true,"href":"https:\/\/kamoto.md\/ro\/wp-json\/wp\/v2\/product_brand?post=13731"},{"taxonomy":"product_cat","embeddable":true,"href":"https:\/\/kamoto.md\/ro\/wp-json\/wp\/v2\/product_cat?post=13731"},{"taxonomy":"product_tag","embeddable":true,"href":"https:\/\/kamoto.md\/ro\/wp-json\/wp\/v2\/product_tag?post=13731"}],"curies":[{"name":"wp","href":"https:\/\/api.w.org\/{rel}","templated":true}]}}