{"id":13732,"date":"2023-07-04T13:34:22","date_gmt":"2023-07-04T11:34:22","guid":{"rendered":"https:\/\/kamoto.md\/shop\/fara-categorie\/kultivator-benzinovyj-kamoto-gc3556\/"},"modified":"2026-02-27T12:26:30","modified_gmt":"2026-02-27T10:26:30","slug":"motocultor-pe-benzina-kamoto-gc3556","status":"publish","type":"product","link":"https:\/\/kamoto.md\/ro\/shop\/scule-si-unelte-de-gradinarit\/cultivatoare-pe-benzina\/motocultor-pe-benzina-kamoto-gc3556\/","title":{"rendered":"Motocultor pe benzin\u0103 KAMOTO GC3556"},"content":{"rendered":"<p>Motocultor pe benzin\u0103 KAMOTO GC3556, conceput pentru af\u00e2narea \u0219i cultivarea solului. Motocultor u\u0219or \u0219i manevrabil cu o singur\u0103 vitez\u0103 pentru af\u00e2narea \u0219i cultivarea solului \u00een gr\u0103din\u0103. Coulterul v\u0103 permite s\u0103 controla\u021bi setarea ad\u00e2ncimii. M\u00e2nerele pliabile, cu pozi\u021bie reglabil\u0103 \u0219i roata de transport faciliteaz\u0103 func\u021bionarea, transportul \u0219i depozitarea.<\/p>\n","protected":false},"excerpt":{"rendered":"<p>Cilindree motor: 150 cm3<br \/>\nTip motor: \u00een patru timpi, r\u0103cit cu aer<br \/>\nPutere: 3,5 CP \/ 3000 rpm.min<br \/>\nL\u0103\u021bime de lucru: 360 mm min \/ 560 mm max<br \/>\nAd\u00e2ncime de lucru: 130 mm<br \/>\nDiametru cu\u021bit: 260 mm<br \/>\nAprindere: Demaror manual<br \/>\nNum\u0103r de viteze: 1 \u00eenainte<br \/>\nCapacitate rezervor combustibil: 0,8 l<br \/>\nUmplere ulei motor: 0,4 l<br \/>\nNum\u0103r de cu\u021bite: 24 buc<br \/>\nGreutate: 28 kg<\/p>\n<p>&nbsp;<\/p>\n","protected":false},"featured_media":11787,"template":"","meta":[],"product_brand":[],"product_cat":[291],"product_tag":[],"class_list":{"0":"post-13732","1":"product","2":"type-product","3":"status-publish","4":"has-post-thumbnail","6":"product_cat-cultivatoare-pe-benzina","8":"first","9":"outofstock","10":"shipping-taxable","11":"product-type-simple"},"yoast_head":"<!-- This site is optimized with the Yoast SEO plugin v27.3 - https:\/\/yoast.com\/product\/yoast-seo-wordpress\/ -->\n<title>Motocultoare pe benzin\u0103 - Motocultor pe benzin\u0103 KAMOTO GC3556 - Kamoto.md<\/title>\n<meta name=\"description\" content=\"Motocultor pe benzin\u0103 Kamoto GC3556, conceput pentru af\u00e2narea \u0219i cultivarea solului.\" \/>\n<meta name=\"robots\" content=\"index, follow, max-snippet:-1, max-image-preview:large, max-video-preview:-1\" \/>\n<link rel=\"canonical\" href=\"https:\/\/kamoto.md\/ro\/shop\/scule-si-unelte-de-gradinarit\/cultivatoare-pe-benzina\/motocultor-pe-benzina-kamoto-gc3556\/\" \/>\n<meta property=\"og:locale\" content=\"ro_RO\" \/>\n<meta property=\"og:type\" content=\"article\" \/>\n<meta property=\"og:title\" content=\"Motocultoare pe benzin\u0103 - Motocultor pe benzin\u0103 KAMOTO GC3556 - Kamoto.md\" \/>\n<meta property=\"og:description\" content=\"Motocultor pe benzin\u0103 Kamoto GC3556, conceput pentru af\u00e2narea \u0219i cultivarea solului.\" \/>\n<meta property=\"og:url\" content=\"https:\/\/kamoto.md\/ro\/shop\/scule-si-unelte-de-gradinarit\/cultivatoare-pe-benzina\/motocultor-pe-benzina-kamoto-gc3556\/\" \/>\n<meta property=\"og:site_name\" content=\"Kamoto.md\" \/>\n<meta property=\"article:modified_time\" content=\"2026-02-27T10:26:30+00:00\" \/>\n<meta property=\"og:image\" content=\"https:\/\/kamoto.md\/wp-content\/uploads\/2021\/05\/logo2.png\" \/>\n\t<meta property=\"og:image:width\" content=\"1000\" \/>\n\t<meta property=\"og:image:height\" content=\"1000\" \/>\n\t<meta property=\"og:image:type\" content=\"image\/png\" \/>\n<meta name=\"twitter:card\" content=\"summary_large_image\" \/>\n<meta name=\"twitter:label1\" content=\"Timp estimat pentru citire\" \/>\n\t<meta name=\"twitter:data1\" content=\"1 minut\" \/>\n<script type=\"application\/ld+json\" class=\"yoast-schema-graph\">{\"@context\":\"https:\\\/\\\/schema.org\",\"@graph\":[{\"@type\":[\"WebPage\",\"ItemPage\"],\"@id\":\"https:\\\/\\\/kamoto.md\\\/ro\\\/shop\\\/scule-si-unelte-de-gradinarit\\\/cultivatoare-pe-benzina\\\/motocultor-pe-benzina-kamoto-gc3556\\\/\",\"url\":\"https:\\\/\\\/kamoto.md\\\/ro\\\/shop\\\/scule-si-unelte-de-gradinarit\\\/cultivatoare-pe-benzina\\\/motocultor-pe-benzina-kamoto-gc3556\\\/\",\"name\":\"Motocultoare pe benzin\u0103 - Motocultor pe benzin\u0103 KAMOTO GC3556 - Kamoto.md\",\"isPartOf\":{\"@id\":\"https:\\\/\\\/kamoto.md\\\/ro\\\/#website\"},\"primaryImageOfPage\":{\"@id\":\"https:\\\/\\\/kamoto.md\\\/ro\\\/shop\\\/scule-si-unelte-de-gradinarit\\\/cultivatoare-pe-benzina\\\/motocultor-pe-benzina-kamoto-gc3556\\\/#primaryimage\"},\"image\":{\"@id\":\"https:\\\/\\\/kamoto.md\\\/ro\\\/shop\\\/scule-si-unelte-de-gradinarit\\\/cultivatoare-pe-benzina\\\/motocultor-pe-benzina-kamoto-gc3556\\\/#primaryimage\"},\"thumbnailUrl\":\"https:\\\/\\\/kamoto.md\\\/wp-content\\\/uploads\\\/2023\\\/07\\\/IMG_6297.jpg\",\"datePublished\":\"2023-07-04T11:34:22+00:00\",\"dateModified\":\"2026-02-27T10:26:30+00:00\",\"description\":\"Motocultor pe benzin\u0103 Kamoto GC3556, conceput pentru af\u00e2narea \u0219i cultivarea solului.\",\"breadcrumb\":{\"@id\":\"https:\\\/\\\/kamoto.md\\\/ro\\\/shop\\\/scule-si-unelte-de-gradinarit\\\/cultivatoare-pe-benzina\\\/motocultor-pe-benzina-kamoto-gc3556\\\/#breadcrumb\"},\"inLanguage\":\"ro-RO\",\"potentialAction\":[{\"@type\":\"ReadAction\",\"target\":[\"https:\\\/\\\/kamoto.md\\\/ro\\\/shop\\\/scule-si-unelte-de-gradinarit\\\/cultivatoare-pe-benzina\\\/motocultor-pe-benzina-kamoto-gc3556\\\/\"]}]},{\"@type\":\"ImageObject\",\"inLanguage\":\"ro-RO\",\"@id\":\"https:\\\/\\\/kamoto.md\\\/ro\\\/shop\\\/scule-si-unelte-de-gradinarit\\\/cultivatoare-pe-benzina\\\/motocultor-pe-benzina-kamoto-gc3556\\\/#primaryimage\",\"url\":\"https:\\\/\\\/kamoto.md\\\/wp-content\\\/uploads\\\/2023\\\/07\\\/IMG_6297.jpg\",\"contentUrl\":\"https:\\\/\\\/kamoto.md\\\/wp-content\\\/uploads\\\/2023\\\/07\\\/IMG_6297.jpg\",\"width\":2191,\"height\":2061},{\"@type\":\"BreadcrumbList\",\"@id\":\"https:\\\/\\\/kamoto.md\\\/ro\\\/shop\\\/scule-si-unelte-de-gradinarit\\\/cultivatoare-pe-benzina\\\/motocultor-pe-benzina-kamoto-gc3556\\\/#breadcrumb\",\"itemListElement\":[{\"@type\":\"ListItem\",\"position\":1,\"name\":\"\u0413\u043b\u0430\u0432\u043d\u0430\u044f \u0441\u0442\u0440\u0430\u043d\u0438\u0446\u0430\",\"item\":\"https:\\\/\\\/kamoto.md\\\/ro\\\/\"},{\"@type\":\"ListItem\",\"position\":2,\"name\":\"Catalog\",\"item\":\"https:\\\/\\\/kamoto.md\\\/ro\\\/catalog\\\/\"},{\"@type\":\"ListItem\",\"position\":3,\"name\":\"Instrumente \u0219i unelte de gr\u0103din\u0103rit\",\"item\":\"https:\\\/\\\/kamoto.md\\\/ro\\\/catalog\\\/scule-si-unelte-de-gradinarit\\\/\"},{\"@type\":\"ListItem\",\"position\":4,\"name\":\"Motocultoare pe benzin\u0103\",\"item\":\"https:\\\/\\\/kamoto.md\\\/ro\\\/catalog\\\/scule-si-unelte-de-gradinarit\\\/cultivatoare-pe-benzina\\\/\"},{\"@type\":\"ListItem\",\"position\":5,\"name\":\"Motocultor pe benzin\u0103 KAMOTO GC3556\"}]},{\"@type\":\"WebSite\",\"@id\":\"https:\\\/\\\/kamoto.md\\\/ro\\\/#website\",\"url\":\"https:\\\/\\\/kamoto.md\\\/ro\\\/\",\"name\":\"Kamoto.MD\",\"description\":\"\u0418\u043d\u0442\u0435\u0440\u043d\u0435\u0442 \u043c\u0430\u0433\u0430\u0437\u0438\u043d \u044d\u043b\u0435\u043a\u0442\u0440\u043e\u0438\u043d\u0441\u0442\u0440\u0443\u043c\u0435\u043d\u0442\u0430, \u0441\u0430\u0434\u043e\u0432\u043e\u0439 \u0438 \u0441\u0438\u043b\u043e\u0432\u043e\u0439 \u0442\u0435\u0445\u043d\u0438\u043a\u0438.\",\"publisher\":{\"@id\":\"https:\\\/\\\/kamoto.md\\\/ro\\\/#organization\"},\"potentialAction\":[{\"@type\":\"SearchAction\",\"target\":{\"@type\":\"EntryPoint\",\"urlTemplate\":\"https:\\\/\\\/kamoto.md\\\/ro\\\/?s={search_term_string}\"},\"query-input\":{\"@type\":\"PropertyValueSpecification\",\"valueRequired\":true,\"valueName\":\"search_term_string\"}}],\"inLanguage\":\"ro-RO\"},{\"@type\":\"Organization\",\"@id\":\"https:\\\/\\\/kamoto.md\\\/ro\\\/#organization\",\"name\":\"Kamoto S.R.L.\",\"url\":\"https:\\\/\\\/kamoto.md\\\/ro\\\/\",\"logo\":{\"@type\":\"ImageObject\",\"inLanguage\":\"ro-RO\",\"@id\":\"https:\\\/\\\/kamoto.md\\\/ro\\\/#\\\/schema\\\/logo\\\/image\\\/\",\"url\":\"https:\\\/\\\/kamoto.md\\\/wp-content\\\/uploads\\\/2017\\\/08\\\/logo.png\",\"contentUrl\":\"https:\\\/\\\/kamoto.md\\\/wp-content\\\/uploads\\\/2017\\\/08\\\/logo.png\",\"width\":323,\"height\":50,\"caption\":\"Kamoto S.R.L.\"},\"image\":{\"@id\":\"https:\\\/\\\/kamoto.md\\\/ro\\\/#\\\/schema\\\/logo\\\/image\\\/\"}}]}<\/script>\n<!-- \/ Yoast SEO plugin. -->","yoast_head_json":{"title":"Motocultoare pe benzin\u0103 - Motocultor pe benzin\u0103 KAMOTO GC3556 - Kamoto.md","description":"Motocultor pe benzin\u0103 Kamoto GC3556, conceput pentru af\u00e2narea \u0219i cultivarea solului.","robots":{"index":"index","follow":"follow","max-snippet":"max-snippet:-1","max-image-preview":"max-image-preview:large","max-video-preview":"max-video-preview:-1"},"canonical":"https:\/\/kamoto.md\/ro\/shop\/scule-si-unelte-de-gradinarit\/cultivatoare-pe-benzina\/motocultor-pe-benzina-kamoto-gc3556\/","og_locale":"ro_RO","og_type":"article","og_title":"Motocultoare pe benzin\u0103 - Motocultor pe benzin\u0103 KAMOTO GC3556 - Kamoto.md","og_description":"Motocultor pe benzin\u0103 Kamoto GC3556, conceput pentru af\u00e2narea \u0219i cultivarea solului.","og_url":"https:\/\/kamoto.md\/ro\/shop\/scule-si-unelte-de-gradinarit\/cultivatoare-pe-benzina\/motocultor-pe-benzina-kamoto-gc3556\/","og_site_name":"Kamoto.md","article_modified_time":"2026-02-27T10:26:30+00:00","og_image":[{"width":1000,"height":1000,"url":"https:\/\/kamoto.md\/wp-content\/uploads\/2021\/05\/logo2.png","type":"image\/png"}],"twitter_card":"summary_large_image","twitter_misc":{"Timp estimat pentru citire":"1 minut"},"schema":{"@context":"https:\/\/schema.org","@graph":[{"@type":["WebPage","ItemPage"],"@id":"https:\/\/kamoto.md\/ro\/shop\/scule-si-unelte-de-gradinarit\/cultivatoare-pe-benzina\/motocultor-pe-benzina-kamoto-gc3556\/","url":"https:\/\/kamoto.md\/ro\/shop\/scule-si-unelte-de-gradinarit\/cultivatoare-pe-benzina\/motocultor-pe-benzina-kamoto-gc3556\/","name":"Motocultoare pe benzin\u0103 - Motocultor pe benzin\u0103 KAMOTO GC3556 - Kamoto.md","isPartOf":{"@id":"https:\/\/kamoto.md\/ro\/#website"},"primaryImageOfPage":{"@id":"https:\/\/kamoto.md\/ro\/shop\/scule-si-unelte-de-gradinarit\/cultivatoare-pe-benzina\/motocultor-pe-benzina-kamoto-gc3556\/#primaryimage"},"image":{"@id":"https:\/\/kamoto.md\/ro\/shop\/scule-si-unelte-de-gradinarit\/cultivatoare-pe-benzina\/motocultor-pe-benzina-kamoto-gc3556\/#primaryimage"},"thumbnailUrl":"https:\/\/kamoto.md\/wp-content\/uploads\/2023\/07\/IMG_6297.jpg","datePublished":"2023-07-04T11:34:22+00:00","dateModified":"2026-02-27T10:26:30+00:00","description":"Motocultor pe benzin\u0103 Kamoto GC3556, conceput pentru af\u00e2narea \u0219i cultivarea solului.","breadcrumb":{"@id":"https:\/\/kamoto.md\/ro\/shop\/scule-si-unelte-de-gradinarit\/cultivatoare-pe-benzina\/motocultor-pe-benzina-kamoto-gc3556\/#breadcrumb"},"inLanguage":"ro-RO","potentialAction":[{"@type":"ReadAction","target":["https:\/\/kamoto.md\/ro\/shop\/scule-si-unelte-de-gradinarit\/cultivatoare-pe-benzina\/motocultor-pe-benzina-kamoto-gc3556\/"]}]},{"@type":"ImageObject","inLanguage":"ro-RO","@id":"https:\/\/kamoto.md\/ro\/shop\/scule-si-unelte-de-gradinarit\/cultivatoare-pe-benzina\/motocultor-pe-benzina-kamoto-gc3556\/#primaryimage","url":"https:\/\/kamoto.md\/wp-content\/uploads\/2023\/07\/IMG_6297.jpg","contentUrl":"https:\/\/kamoto.md\/wp-content\/uploads\/2023\/07\/IMG_6297.jpg","width":2191,"height":2061},{"@type":"BreadcrumbList","@id":"https:\/\/kamoto.md\/ro\/shop\/scule-si-unelte-de-gradinarit\/cultivatoare-pe-benzina\/motocultor-pe-benzina-kamoto-gc3556\/#breadcrumb","itemListElement":[{"@type":"ListItem","position":1,"name":"\u0413\u043b\u0430\u0432\u043d\u0430\u044f \u0441\u0442\u0440\u0430\u043d\u0438\u0446\u0430","item":"https:\/\/kamoto.md\/ro\/"},{"@type":"ListItem","position":2,"name":"Catalog","item":"https:\/\/kamoto.md\/ro\/catalog\/"},{"@type":"ListItem","position":3,"name":"Instrumente \u0219i unelte de gr\u0103din\u0103rit","item":"https:\/\/kamoto.md\/ro\/catalog\/scule-si-unelte-de-gradinarit\/"},{"@type":"ListItem","position":4,"name":"Motocultoare pe benzin\u0103","item":"https:\/\/kamoto.md\/ro\/catalog\/scule-si-unelte-de-gradinarit\/cultivatoare-pe-benzina\/"},{"@type":"ListItem","position":5,"name":"Motocultor pe benzin\u0103 KAMOTO GC3556"}]},{"@type":"WebSite","@id":"https:\/\/kamoto.md\/ro\/#website","url":"https:\/\/kamoto.md\/ro\/","name":"Kamoto.MD","description":"\u0418\u043d\u0442\u0435\u0440\u043d\u0435\u0442 \u043c\u0430\u0433\u0430\u0437\u0438\u043d \u044d\u043b\u0435\u043a\u0442\u0440\u043e\u0438\u043d\u0441\u0442\u0440\u0443\u043c\u0435\u043d\u0442\u0430, \u0441\u0430\u0434\u043e\u0432\u043e\u0439 \u0438 \u0441\u0438\u043b\u043e\u0432\u043e\u0439 \u0442\u0435\u0445\u043d\u0438\u043a\u0438.","publisher":{"@id":"https:\/\/kamoto.md\/ro\/#organization"},"potentialAction":[{"@type":"SearchAction","target":{"@type":"EntryPoint","urlTemplate":"https:\/\/kamoto.md\/ro\/?s={search_term_string}"},"query-input":{"@type":"PropertyValueSpecification","valueRequired":true,"valueName":"search_term_string"}}],"inLanguage":"ro-RO"},{"@type":"Organization","@id":"https:\/\/kamoto.md\/ro\/#organization","name":"Kamoto S.R.L.","url":"https:\/\/kamoto.md\/ro\/","logo":{"@type":"ImageObject","inLanguage":"ro-RO","@id":"https:\/\/kamoto.md\/ro\/#\/schema\/logo\/image\/","url":"https:\/\/kamoto.md\/wp-content\/uploads\/2017\/08\/logo.png","contentUrl":"https:\/\/kamoto.md\/wp-content\/uploads\/2017\/08\/logo.png","width":323,"height":50,"caption":"Kamoto S.R.L."},"image":{"@id":"https:\/\/kamoto.md\/ro\/#\/schema\/logo\/image\/"}}]}},"_links":{"self":[{"href":"https:\/\/kamoto.md\/ro\/wp-json\/wp\/v2\/product\/13732","targetHints":{"allow":["GET"]}}],"collection":[{"href":"https:\/\/kamoto.md\/ro\/wp-json\/wp\/v2\/product"}],"about":[{"href":"https:\/\/kamoto.md\/ro\/wp-json\/wp\/v2\/types\/product"}],"wp:featuredmedia":[{"embeddable":true,"href":"https:\/\/kamoto.md\/ro\/wp-json\/wp\/v2\/media\/11787"}],"wp:attachment":[{"href":"https:\/\/kamoto.md\/ro\/wp-json\/wp\/v2\/media?parent=13732"}],"wp:term":[{"taxonomy":"product_brand","embeddable":true,"href":"https:\/\/kamoto.md\/ro\/wp-json\/wp\/v2\/product_brand?post=13732"},{"taxonomy":"product_cat","embeddable":true,"href":"https:\/\/kamoto.md\/ro\/wp-json\/wp\/v2\/product_cat?post=13732"},{"taxonomy":"product_tag","embeddable":true,"href":"https:\/\/kamoto.md\/ro\/wp-json\/wp\/v2\/product_tag?post=13732"}],"curies":[{"name":"wp","href":"https:\/\/api.w.org\/{rel}","templated":true}]}}