{"id":13740,"date":"2023-04-26T12:49:59","date_gmt":"2023-04-26T10:49:59","guid":{"rendered":"https:\/\/kamoto.md\/shop\/fara-categorie\/elektricheskaya-gazonokosilka-kamoto-lm1333\/"},"modified":"2026-02-27T12:29:45","modified_gmt":"2026-02-27T10:29:45","slug":"masin-electrica-de-tuns-iarba-kamoto-lm1333","status":"publish","type":"product","link":"https:\/\/kamoto.md\/ro\/shop\/scule-si-unelte-de-gradinarit\/masini-de-tuns-gazon\/masin-electrica-de-tuns-iarba-kamoto-lm1333\/","title":{"rendered":"Ma\u0219in\u0103 electric\u0103 de tuns iarba KAMOTO LM1333"},"content":{"rendered":"<p>Ma\u0219ina electric\u0103 de tuns iarba KAMOTO LM1333 cu motor f\u0103r\u0103 perii de 1300 W \u0219i \u00een\u0103l\u021bime de t\u0103iere variabil\u0103 \u00eentre 25 \u0219i 65 mm (5 pozi\u021bii) este proiectat\u0103 pentru t\u0103ierea \u0219i colectarea ierbii pe o suprafa\u021b\u0103 plan\u0103 a suprafe\u021belor medii \u0219i mari de p\u00e2n\u0103 la 500 de metri p\u0103tra\u021bi. Toamna, cositoarea poate fi utilizat\u0103 \u0219i pentru colectarea frunzelor c\u0103zute din copaci. Carcasa metalic\u0103 protejeaz\u0103 fiabil dispozitivul de deterior\u0103ri mecanice, \u0219ocuri \u0219i altele. Ma\u0219ina de tuns iarba se caracterizeaz\u0103 prin manevrabilitate mare, pornire u\u0219oar\u0103, performan\u021b\u0103 ridicat\u0103 \u0219i \u00eentre\u021binere u\u0219oar\u0103.<br \/>\nM\u00e2nerul pliabil, cutia de colectare a ierbii deta\u0219abil\u0103 \u0219i dimensiunea compact\u0103 fac ma\u0219ina de tuns iarba u\u0219or de transportat \u0219i depozitat.<\/p>\n<p><em><strong>Not\u0103 pentru sine!<\/strong><br \/>\nDac\u0103 iarba de pe gazon este destul de \u00eenalt\u0103, nu trebuie s\u0103 v\u0103 gr\u0103bi\u021bi s\u0103 o t\u0103ia\u021bi imediat. Exist\u0103 o recomandare general\u0103 conform c\u0103reia <strong>nu pute\u021bi t\u0103ia \u00een siguran\u021b\u0103 mai mult de o treime din \u00een\u0103l\u021bimea ierbii, pentru a nu perturba cre\u0219terea acesteia \u0219i a nu strica gazonul<\/strong>. \u00cen caz contrar, aceasta se poate \u00eeng\u0103lbeni. Aminti\u021bi-v\u0103 c\u0103 iarba are o tulpin\u0103 \u0219i una p\u00e2n\u0103 la mai multe frunze, de care are nevoie pentru a respira. Dac\u0103 gazonul este neglijat, ar trebui s\u0103 fie t\u0103iat \u00een mai multe etape, la intervale de dou\u0103 s\u0103pt\u0103m\u00e2ni. <\/em><\/p>\n","protected":false},"excerpt":{"rendered":"<p>Putere nominal\u0103: 1300 W<br \/>\nTensiune nominal\u0103: 220-240 V ~ 50 Hz<br \/>\nTura\u021bia motorului: 3600\u00b110% min-1<br \/>\nL\u0103\u021bime de tundere: 33 cm<br \/>\n\u00cen\u0103l\u021bime de tundere: 25 &#8211; 65 mm<br \/>\nCapacitatea cutiei de colectare a ierbii: 35 litri<br \/>\nIndicator pentru a verifica dac\u0103 este plin\u0103: Da<br \/>\nSuprafa\u021ba de gazon recomandat\u0103: p\u00e2n\u0103 la 500 mp<br \/>\nGreutate: 8,8 kg<\/p>\n","protected":false},"featured_media":11640,"template":"","meta":[],"product_brand":[],"product_cat":[289],"product_tag":[],"class_list":{"0":"post-13740","1":"product","2":"type-product","3":"status-publish","4":"has-post-thumbnail","6":"product_cat-masini-de-tuns-gazon","8":"first","9":"outofstock","10":"shipping-taxable","11":"product-type-simple"},"yoast_head":"<!-- This site is optimized with the Yoast SEO plugin v27.3 - https:\/\/yoast.com\/product\/yoast-seo-wordpress\/ -->\n<title>Ma\u0219ini de tuns gazon - Ma\u0219in\u0103 electric\u0103 de tuns iarba KAMOTO LM1333 - Kamoto.md<\/title>\n<meta name=\"description\" content=\"Cump\u0103ra\u021bi ieftin Ma\u0219in\u0103 electric\u0103 de tuns iarba de la depozitul din Chi\u0219in\u0103u? \u2705 Selec\u021bie larg\u0103 \u0219i pre\u021buri mici \u2b50 Pe site-ul Kamoto.md % ridica\u021bi Ma\u0219in\u0103 electric\u0103 de tuns iarba cu o garan\u021bie\" \/>\n<meta name=\"robots\" content=\"index, follow, max-snippet:-1, max-image-preview:large, max-video-preview:-1\" \/>\n<link rel=\"canonical\" href=\"https:\/\/kamoto.md\/ro\/shop\/scule-si-unelte-de-gradinarit\/masini-de-tuns-gazon\/masin-electrica-de-tuns-iarba-kamoto-lm1333\/\" \/>\n<meta property=\"og:locale\" content=\"ro_RO\" \/>\n<meta property=\"og:type\" content=\"article\" \/>\n<meta property=\"og:title\" content=\"Ma\u0219ini de tuns gazon - Ma\u0219in\u0103 electric\u0103 de tuns iarba KAMOTO LM1333 - Kamoto.md\" \/>\n<meta property=\"og:description\" content=\"Cump\u0103ra\u021bi ieftin Ma\u0219in\u0103 electric\u0103 de tuns iarba de la depozitul din Chi\u0219in\u0103u? \u2705 Selec\u021bie larg\u0103 \u0219i pre\u021buri mici \u2b50 Pe site-ul Kamoto.md % ridica\u021bi Ma\u0219in\u0103 electric\u0103 de tuns iarba cu o garan\u021bie\" \/>\n<meta property=\"og:url\" content=\"https:\/\/kamoto.md\/ro\/shop\/scule-si-unelte-de-gradinarit\/masini-de-tuns-gazon\/masin-electrica-de-tuns-iarba-kamoto-lm1333\/\" \/>\n<meta property=\"og:site_name\" content=\"Kamoto.md\" \/>\n<meta property=\"article:modified_time\" content=\"2026-02-27T10:29:45+00:00\" \/>\n<meta property=\"og:image\" content=\"https:\/\/kamoto.md\/wp-content\/uploads\/2021\/05\/logo2.png\" \/>\n\t<meta property=\"og:image:width\" content=\"1000\" \/>\n\t<meta property=\"og:image:height\" content=\"1000\" \/>\n\t<meta property=\"og:image:type\" content=\"image\/png\" \/>\n<meta name=\"twitter:card\" content=\"summary_large_image\" \/>\n<meta name=\"twitter:label1\" content=\"Timp estimat pentru citire\" \/>\n\t<meta name=\"twitter:data1\" content=\"2 minute\" \/>\n<script type=\"application\/ld+json\" class=\"yoast-schema-graph\">{\"@context\":\"https:\\\/\\\/schema.org\",\"@graph\":[{\"@type\":[\"WebPage\",\"ItemPage\"],\"@id\":\"https:\\\/\\\/kamoto.md\\\/ro\\\/shop\\\/scule-si-unelte-de-gradinarit\\\/masini-de-tuns-gazon\\\/masin-electrica-de-tuns-iarba-kamoto-lm1333\\\/\",\"url\":\"https:\\\/\\\/kamoto.md\\\/ro\\\/shop\\\/scule-si-unelte-de-gradinarit\\\/masini-de-tuns-gazon\\\/masin-electrica-de-tuns-iarba-kamoto-lm1333\\\/\",\"name\":\"Ma\u0219ini de tuns gazon - Ma\u0219in\u0103 electric\u0103 de tuns iarba KAMOTO LM1333 - Kamoto.md\",\"isPartOf\":{\"@id\":\"https:\\\/\\\/kamoto.md\\\/ro\\\/#website\"},\"primaryImageOfPage\":{\"@id\":\"https:\\\/\\\/kamoto.md\\\/ro\\\/shop\\\/scule-si-unelte-de-gradinarit\\\/masini-de-tuns-gazon\\\/masin-electrica-de-tuns-iarba-kamoto-lm1333\\\/#primaryimage\"},\"image\":{\"@id\":\"https:\\\/\\\/kamoto.md\\\/ro\\\/shop\\\/scule-si-unelte-de-gradinarit\\\/masini-de-tuns-gazon\\\/masin-electrica-de-tuns-iarba-kamoto-lm1333\\\/#primaryimage\"},\"thumbnailUrl\":\"https:\\\/\\\/kamoto.md\\\/wp-content\\\/uploads\\\/2023\\\/04\\\/IMG_2268.jpg\",\"datePublished\":\"2023-04-26T10:49:59+00:00\",\"dateModified\":\"2026-02-27T10:29:45+00:00\",\"description\":\"Cump\u0103ra\u021bi ieftin Ma\u0219in\u0103 electric\u0103 de tuns iarba de la depozitul din Chi\u0219in\u0103u? \u2705 Selec\u021bie larg\u0103 \u0219i pre\u021buri mici \u2b50 Pe site-ul Kamoto.md % ridica\u021bi Ma\u0219in\u0103 electric\u0103 de tuns iarba cu o garan\u021bie\",\"breadcrumb\":{\"@id\":\"https:\\\/\\\/kamoto.md\\\/ro\\\/shop\\\/scule-si-unelte-de-gradinarit\\\/masini-de-tuns-gazon\\\/masin-electrica-de-tuns-iarba-kamoto-lm1333\\\/#breadcrumb\"},\"inLanguage\":\"ro-RO\",\"potentialAction\":[{\"@type\":\"ReadAction\",\"target\":[\"https:\\\/\\\/kamoto.md\\\/ro\\\/shop\\\/scule-si-unelte-de-gradinarit\\\/masini-de-tuns-gazon\\\/masin-electrica-de-tuns-iarba-kamoto-lm1333\\\/\"]}]},{\"@type\":\"ImageObject\",\"inLanguage\":\"ro-RO\",\"@id\":\"https:\\\/\\\/kamoto.md\\\/ro\\\/shop\\\/scule-si-unelte-de-gradinarit\\\/masini-de-tuns-gazon\\\/masin-electrica-de-tuns-iarba-kamoto-lm1333\\\/#primaryimage\",\"url\":\"https:\\\/\\\/kamoto.md\\\/wp-content\\\/uploads\\\/2023\\\/04\\\/IMG_2268.jpg\",\"contentUrl\":\"https:\\\/\\\/kamoto.md\\\/wp-content\\\/uploads\\\/2023\\\/04\\\/IMG_2268.jpg\",\"width\":2295,\"height\":2081},{\"@type\":\"BreadcrumbList\",\"@id\":\"https:\\\/\\\/kamoto.md\\\/ro\\\/shop\\\/scule-si-unelte-de-gradinarit\\\/masini-de-tuns-gazon\\\/masin-electrica-de-tuns-iarba-kamoto-lm1333\\\/#breadcrumb\",\"itemListElement\":[{\"@type\":\"ListItem\",\"position\":1,\"name\":\"\u0413\u043b\u0430\u0432\u043d\u0430\u044f \u0441\u0442\u0440\u0430\u043d\u0438\u0446\u0430\",\"item\":\"https:\\\/\\\/kamoto.md\\\/ro\\\/\"},{\"@type\":\"ListItem\",\"position\":2,\"name\":\"Catalog\",\"item\":\"https:\\\/\\\/kamoto.md\\\/ro\\\/catalog\\\/\"},{\"@type\":\"ListItem\",\"position\":3,\"name\":\"Instrumente \u0219i unelte de gr\u0103din\u0103rit\",\"item\":\"https:\\\/\\\/kamoto.md\\\/ro\\\/catalog\\\/scule-si-unelte-de-gradinarit\\\/\"},{\"@type\":\"ListItem\",\"position\":4,\"name\":\"Ma\u0219ini de tuns gazon\",\"item\":\"https:\\\/\\\/kamoto.md\\\/ro\\\/catalog\\\/scule-si-unelte-de-gradinarit\\\/masini-de-tuns-gazon\\\/\"},{\"@type\":\"ListItem\",\"position\":5,\"name\":\"Ma\u0219in\u0103 electric\u0103 de tuns iarba KAMOTO LM1333\"}]},{\"@type\":\"WebSite\",\"@id\":\"https:\\\/\\\/kamoto.md\\\/ro\\\/#website\",\"url\":\"https:\\\/\\\/kamoto.md\\\/ro\\\/\",\"name\":\"Kamoto.MD\",\"description\":\"\u0418\u043d\u0442\u0435\u0440\u043d\u0435\u0442 \u043c\u0430\u0433\u0430\u0437\u0438\u043d \u044d\u043b\u0435\u043a\u0442\u0440\u043e\u0438\u043d\u0441\u0442\u0440\u0443\u043c\u0435\u043d\u0442\u0430, \u0441\u0430\u0434\u043e\u0432\u043e\u0439 \u0438 \u0441\u0438\u043b\u043e\u0432\u043e\u0439 \u0442\u0435\u0445\u043d\u0438\u043a\u0438.\",\"publisher\":{\"@id\":\"https:\\\/\\\/kamoto.md\\\/ro\\\/#organization\"},\"potentialAction\":[{\"@type\":\"SearchAction\",\"target\":{\"@type\":\"EntryPoint\",\"urlTemplate\":\"https:\\\/\\\/kamoto.md\\\/ro\\\/?s={search_term_string}\"},\"query-input\":{\"@type\":\"PropertyValueSpecification\",\"valueRequired\":true,\"valueName\":\"search_term_string\"}}],\"inLanguage\":\"ro-RO\"},{\"@type\":\"Organization\",\"@id\":\"https:\\\/\\\/kamoto.md\\\/ro\\\/#organization\",\"name\":\"Kamoto S.R.L.\",\"url\":\"https:\\\/\\\/kamoto.md\\\/ro\\\/\",\"logo\":{\"@type\":\"ImageObject\",\"inLanguage\":\"ro-RO\",\"@id\":\"https:\\\/\\\/kamoto.md\\\/ro\\\/#\\\/schema\\\/logo\\\/image\\\/\",\"url\":\"https:\\\/\\\/kamoto.md\\\/wp-content\\\/uploads\\\/2017\\\/08\\\/logo.png\",\"contentUrl\":\"https:\\\/\\\/kamoto.md\\\/wp-content\\\/uploads\\\/2017\\\/08\\\/logo.png\",\"width\":323,\"height\":50,\"caption\":\"Kamoto S.R.L.\"},\"image\":{\"@id\":\"https:\\\/\\\/kamoto.md\\\/ro\\\/#\\\/schema\\\/logo\\\/image\\\/\"}}]}<\/script>\n<!-- \/ Yoast SEO plugin. -->","yoast_head_json":{"title":"Ma\u0219ini de tuns gazon - Ma\u0219in\u0103 electric\u0103 de tuns iarba KAMOTO LM1333 - Kamoto.md","description":"Cump\u0103ra\u021bi ieftin Ma\u0219in\u0103 electric\u0103 de tuns iarba de la depozitul din Chi\u0219in\u0103u? \u2705 Selec\u021bie larg\u0103 \u0219i pre\u021buri mici \u2b50 Pe site-ul Kamoto.md % ridica\u021bi Ma\u0219in\u0103 electric\u0103 de tuns iarba cu o garan\u021bie","robots":{"index":"index","follow":"follow","max-snippet":"max-snippet:-1","max-image-preview":"max-image-preview:large","max-video-preview":"max-video-preview:-1"},"canonical":"https:\/\/kamoto.md\/ro\/shop\/scule-si-unelte-de-gradinarit\/masini-de-tuns-gazon\/masin-electrica-de-tuns-iarba-kamoto-lm1333\/","og_locale":"ro_RO","og_type":"article","og_title":"Ma\u0219ini de tuns gazon - Ma\u0219in\u0103 electric\u0103 de tuns iarba KAMOTO LM1333 - Kamoto.md","og_description":"Cump\u0103ra\u021bi ieftin Ma\u0219in\u0103 electric\u0103 de tuns iarba de la depozitul din Chi\u0219in\u0103u? \u2705 Selec\u021bie larg\u0103 \u0219i pre\u021buri mici \u2b50 Pe site-ul Kamoto.md % ridica\u021bi Ma\u0219in\u0103 electric\u0103 de tuns iarba cu o garan\u021bie","og_url":"https:\/\/kamoto.md\/ro\/shop\/scule-si-unelte-de-gradinarit\/masini-de-tuns-gazon\/masin-electrica-de-tuns-iarba-kamoto-lm1333\/","og_site_name":"Kamoto.md","article_modified_time":"2026-02-27T10:29:45+00:00","og_image":[{"width":1000,"height":1000,"url":"https:\/\/kamoto.md\/wp-content\/uploads\/2021\/05\/logo2.png","type":"image\/png"}],"twitter_card":"summary_large_image","twitter_misc":{"Timp estimat pentru citire":"2 minute"},"schema":{"@context":"https:\/\/schema.org","@graph":[{"@type":["WebPage","ItemPage"],"@id":"https:\/\/kamoto.md\/ro\/shop\/scule-si-unelte-de-gradinarit\/masini-de-tuns-gazon\/masin-electrica-de-tuns-iarba-kamoto-lm1333\/","url":"https:\/\/kamoto.md\/ro\/shop\/scule-si-unelte-de-gradinarit\/masini-de-tuns-gazon\/masin-electrica-de-tuns-iarba-kamoto-lm1333\/","name":"Ma\u0219ini de tuns gazon - Ma\u0219in\u0103 electric\u0103 de tuns iarba KAMOTO LM1333 - Kamoto.md","isPartOf":{"@id":"https:\/\/kamoto.md\/ro\/#website"},"primaryImageOfPage":{"@id":"https:\/\/kamoto.md\/ro\/shop\/scule-si-unelte-de-gradinarit\/masini-de-tuns-gazon\/masin-electrica-de-tuns-iarba-kamoto-lm1333\/#primaryimage"},"image":{"@id":"https:\/\/kamoto.md\/ro\/shop\/scule-si-unelte-de-gradinarit\/masini-de-tuns-gazon\/masin-electrica-de-tuns-iarba-kamoto-lm1333\/#primaryimage"},"thumbnailUrl":"https:\/\/kamoto.md\/wp-content\/uploads\/2023\/04\/IMG_2268.jpg","datePublished":"2023-04-26T10:49:59+00:00","dateModified":"2026-02-27T10:29:45+00:00","description":"Cump\u0103ra\u021bi ieftin Ma\u0219in\u0103 electric\u0103 de tuns iarba de la depozitul din Chi\u0219in\u0103u? \u2705 Selec\u021bie larg\u0103 \u0219i pre\u021buri mici \u2b50 Pe site-ul Kamoto.md % ridica\u021bi Ma\u0219in\u0103 electric\u0103 de tuns iarba cu o garan\u021bie","breadcrumb":{"@id":"https:\/\/kamoto.md\/ro\/shop\/scule-si-unelte-de-gradinarit\/masini-de-tuns-gazon\/masin-electrica-de-tuns-iarba-kamoto-lm1333\/#breadcrumb"},"inLanguage":"ro-RO","potentialAction":[{"@type":"ReadAction","target":["https:\/\/kamoto.md\/ro\/shop\/scule-si-unelte-de-gradinarit\/masini-de-tuns-gazon\/masin-electrica-de-tuns-iarba-kamoto-lm1333\/"]}]},{"@type":"ImageObject","inLanguage":"ro-RO","@id":"https:\/\/kamoto.md\/ro\/shop\/scule-si-unelte-de-gradinarit\/masini-de-tuns-gazon\/masin-electrica-de-tuns-iarba-kamoto-lm1333\/#primaryimage","url":"https:\/\/kamoto.md\/wp-content\/uploads\/2023\/04\/IMG_2268.jpg","contentUrl":"https:\/\/kamoto.md\/wp-content\/uploads\/2023\/04\/IMG_2268.jpg","width":2295,"height":2081},{"@type":"BreadcrumbList","@id":"https:\/\/kamoto.md\/ro\/shop\/scule-si-unelte-de-gradinarit\/masini-de-tuns-gazon\/masin-electrica-de-tuns-iarba-kamoto-lm1333\/#breadcrumb","itemListElement":[{"@type":"ListItem","position":1,"name":"\u0413\u043b\u0430\u0432\u043d\u0430\u044f \u0441\u0442\u0440\u0430\u043d\u0438\u0446\u0430","item":"https:\/\/kamoto.md\/ro\/"},{"@type":"ListItem","position":2,"name":"Catalog","item":"https:\/\/kamoto.md\/ro\/catalog\/"},{"@type":"ListItem","position":3,"name":"Instrumente \u0219i unelte de gr\u0103din\u0103rit","item":"https:\/\/kamoto.md\/ro\/catalog\/scule-si-unelte-de-gradinarit\/"},{"@type":"ListItem","position":4,"name":"Ma\u0219ini de tuns gazon","item":"https:\/\/kamoto.md\/ro\/catalog\/scule-si-unelte-de-gradinarit\/masini-de-tuns-gazon\/"},{"@type":"ListItem","position":5,"name":"Ma\u0219in\u0103 electric\u0103 de tuns iarba KAMOTO LM1333"}]},{"@type":"WebSite","@id":"https:\/\/kamoto.md\/ro\/#website","url":"https:\/\/kamoto.md\/ro\/","name":"Kamoto.MD","description":"\u0418\u043d\u0442\u0435\u0440\u043d\u0435\u0442 \u043c\u0430\u0433\u0430\u0437\u0438\u043d \u044d\u043b\u0435\u043a\u0442\u0440\u043e\u0438\u043d\u0441\u0442\u0440\u0443\u043c\u0435\u043d\u0442\u0430, \u0441\u0430\u0434\u043e\u0432\u043e\u0439 \u0438 \u0441\u0438\u043b\u043e\u0432\u043e\u0439 \u0442\u0435\u0445\u043d\u0438\u043a\u0438.","publisher":{"@id":"https:\/\/kamoto.md\/ro\/#organization"},"potentialAction":[{"@type":"SearchAction","target":{"@type":"EntryPoint","urlTemplate":"https:\/\/kamoto.md\/ro\/?s={search_term_string}"},"query-input":{"@type":"PropertyValueSpecification","valueRequired":true,"valueName":"search_term_string"}}],"inLanguage":"ro-RO"},{"@type":"Organization","@id":"https:\/\/kamoto.md\/ro\/#organization","name":"Kamoto S.R.L.","url":"https:\/\/kamoto.md\/ro\/","logo":{"@type":"ImageObject","inLanguage":"ro-RO","@id":"https:\/\/kamoto.md\/ro\/#\/schema\/logo\/image\/","url":"https:\/\/kamoto.md\/wp-content\/uploads\/2017\/08\/logo.png","contentUrl":"https:\/\/kamoto.md\/wp-content\/uploads\/2017\/08\/logo.png","width":323,"height":50,"caption":"Kamoto S.R.L."},"image":{"@id":"https:\/\/kamoto.md\/ro\/#\/schema\/logo\/image\/"}}]}},"_links":{"self":[{"href":"https:\/\/kamoto.md\/ro\/wp-json\/wp\/v2\/product\/13740","targetHints":{"allow":["GET"]}}],"collection":[{"href":"https:\/\/kamoto.md\/ro\/wp-json\/wp\/v2\/product"}],"about":[{"href":"https:\/\/kamoto.md\/ro\/wp-json\/wp\/v2\/types\/product"}],"wp:featuredmedia":[{"embeddable":true,"href":"https:\/\/kamoto.md\/ro\/wp-json\/wp\/v2\/media\/11640"}],"wp:attachment":[{"href":"https:\/\/kamoto.md\/ro\/wp-json\/wp\/v2\/media?parent=13740"}],"wp:term":[{"taxonomy":"product_brand","embeddable":true,"href":"https:\/\/kamoto.md\/ro\/wp-json\/wp\/v2\/product_brand?post=13740"},{"taxonomy":"product_cat","embeddable":true,"href":"https:\/\/kamoto.md\/ro\/wp-json\/wp\/v2\/product_cat?post=13740"},{"taxonomy":"product_tag","embeddable":true,"href":"https:\/\/kamoto.md\/ro\/wp-json\/wp\/v2\/product_tag?post=13740"}],"curies":[{"name":"wp","href":"https:\/\/api.w.org\/{rel}","templated":true}]}}