{"id":13751,"date":"2022-11-17T15:59:03","date_gmt":"2022-11-17T13:59:03","guid":{"rendered":"https:\/\/kamoto.md\/shop\/fara-categorie\/mojka-vysokogo-davleniya-kamoto-kw165\/"},"modified":"2026-02-27T15:52:59","modified_gmt":"2026-02-27T13:52:59","slug":"masina-de-spalat-cu-presiune-inalt-kw165","status":"publish","type":"product","link":"https:\/\/kamoto.md\/ro\/shop\/scule-si-unelte-de-gradinarit\/masini-de-spalat-cu-presiune\/masina-de-spalat-cu-presiune-inalt-kw165\/","title":{"rendered":"Ma\u0219in\u0103 de sp\u0103lat cu presiune \u00eenalt\u0103 KW165"},"content":{"rendered":"<p>Ma\u0219ina de sp\u0103lat cu presiune \u00eenalt\u0103 KW165 pentru uz casnic este echipat cu un motor cu perie, care se caracterizeaz\u0103 printr-o durat\u0103 lung\u0103 de via\u021b\u0103, func\u021bionare continu\u0103 \u0219i nivel redus de zgomot. Toate duzele, filtrele \u0219i accesoriile necesare sunt incluse ca standard. pompa autoamorsant\u0103 este fabricat\u0103 din aliaj de aluminiu. Domeniul de aplicare include: cur\u0103\u021barea uneltelor de construc\u021bie \u0219i gr\u0103din\u0103rit de mortar, beton, p\u0103m\u00e2nt etc.; cur\u0103\u021barea pomilor fructiferi de p\u0103r\u021bile moarte ale scoar\u021bei, mu\u0219chi \u0219i licheni; sp\u0103larea autovehiculelor, bicicletelor, echipamentelor \u0219i utilajelor sportive; \u00eendep\u0103rtarea calcarului de pe pere\u021bii de c\u0103r\u0103mid\u0103 \u0219i fa\u021badele cl\u0103dirilor, sp\u0103larea c\u0103ilor de beton, gardurilor, acoperi\u0219urilor de \u021bigl\u0103 etc. Pentru func\u021bionarea cu func\u021bie de autoamorsare, umple\u021bi furtunul de alimentare \u0219i pompa cu ap\u0103 \u00eenainte de pornire. Rezervorul de ap\u0103 nu trebuie s\u0103 fie sub nivelul ma\u0219inii de sp\u0103lat, iar lungimea furtunului de alimentare nu trebuie s\u0103 dep\u0103\u0219easc\u0103 1,5 metri. V\u0103 rug\u0103m s\u0103 re\u021bine\u021bi c\u0103 \u00een modul de autoaspirare, puterea este redus\u0103 cu 10-15%.<\/p>\n","protected":false},"excerpt":{"rendered":"<p>Tip motor: Motor cu perie<br \/>\nParametrii de re\u021bea: 230 V \/ 50 Hz<br \/>\nConsumul nominal de energie: 2200 V t<br \/>\nPresiune maxim\u0103: 16,5 MPa (165 bar)<br \/>\nPresiune nominal\u0103: 11 MPa (110 bar)<br \/>\nPresiunea de lucru: 99-110 bar<br \/>\nDebitul nominal de ap\u0103: 5,7-6,3 l\/min (402 l\/h)<br \/>\nTemperatura nominal\u0103 a aerului ambiant: 0-40\u2070C<br \/>\nTemperatura maxim\u0103 de intrare a apei: p\u00e2n\u0103 la 60\u2070C<br \/>\nLungimea furtunului de \u00eenalt\u0103 presiune: 8 m<br \/>\nCablu de re\u021bea 5 m<br \/>\nRezervor de detergent: \u00eencorporat \/ 1,1 litri<br \/>\nGenerator de spum\u0103: Da \/ 0,75 litri<br \/>\nFiltru grosier: Da<br \/>\nProtec\u021bie la supra\u00eenc\u0103lzire: Da<br \/>\nProtec\u021bie la suprapresiune: Da<br \/>\nDuza de cur\u0103\u021bare a duzei: Da<br \/>\nClasa de protec\u021bie: II<br \/>\nGrad de protec\u021bie: IPX5<br \/>\nNivel de putere acustic\u0103: LwA= 92 dB<br \/>\nCorp pomp\u0103: Aluminiu<br \/>\nPiston: O\u021bel inoxidabil<br \/>\nTambur \u00eencorporat cu furtun de presiune: Da<br \/>\nGreutate: kg<br \/>\nAccesorii: pistol din plastic \u0219i duz\u0103 extensibil\u0103, duz\u0103 ventilator, furtun de \u00eenalt\u0103 presiune de 8 m, rezervor \u00eencorporat pentru solu\u021bie de cur\u0103\u021bare, generator de spum\u0103, filtru grosier.<\/p>\n","protected":false},"featured_media":11447,"template":"","meta":[],"product_brand":[],"product_cat":[377],"product_tag":[],"class_list":{"0":"post-13751","1":"product","2":"type-product","3":"status-publish","4":"has-post-thumbnail","6":"product_cat-masini-de-spalat-cu-presiune","8":"first","9":"outofstock","10":"shipping-taxable","11":"product-type-simple"},"yoast_head":"<!-- This site is optimized with the Yoast SEO plugin v27.3 - https:\/\/yoast.com\/product\/yoast-seo-wordpress\/ -->\n<title>%Aparate de sp\u0103lat cu presiune % - Ma\u0219in\u0103 de sp\u0103lat cu presiune \u00eenalt\u0103 KW165 %<\/title>\n<meta name=\"description\" content=\"Pompa autoamorsant\u0103 este fabricat\u0103 din aliaj de aluminiu. Aplica\u021biile includ: cur\u0103\u021barea mortarului, betonului, p\u0103m\u00e2ntului etc. de pe uneltele de construc\u021bie \u0219i de gr\u0103din\u0103.\" \/>\n<meta name=\"robots\" content=\"index, follow, max-snippet:-1, max-image-preview:large, max-video-preview:-1\" \/>\n<link rel=\"canonical\" href=\"https:\/\/kamoto.md\/ro\/shop\/scule-si-unelte-de-gradinarit\/masini-de-spalat-cu-presiune\/masina-de-spalat-cu-presiune-inalt-kw165\/\" \/>\n<meta property=\"og:locale\" content=\"ro_RO\" \/>\n<meta property=\"og:type\" content=\"article\" \/>\n<meta property=\"og:title\" content=\"%Aparate de sp\u0103lat cu presiune % - Ma\u0219in\u0103 de sp\u0103lat cu presiune \u00eenalt\u0103 KW165 %\" \/>\n<meta property=\"og:description\" content=\"Pompa autoamorsant\u0103 este fabricat\u0103 din aliaj de aluminiu. Aplica\u021biile includ: cur\u0103\u021barea mortarului, betonului, p\u0103m\u00e2ntului etc. de pe uneltele de construc\u021bie \u0219i de gr\u0103din\u0103.\" \/>\n<meta property=\"og:url\" content=\"https:\/\/kamoto.md\/ro\/shop\/scule-si-unelte-de-gradinarit\/masini-de-spalat-cu-presiune\/masina-de-spalat-cu-presiune-inalt-kw165\/\" \/>\n<meta property=\"og:site_name\" content=\"Kamoto.md\" \/>\n<meta property=\"article:modified_time\" content=\"2026-02-27T13:52:59+00:00\" \/>\n<meta property=\"og:image\" content=\"https:\/\/kamoto.md\/wp-content\/uploads\/2021\/05\/logo2.png\" \/>\n\t<meta property=\"og:image:width\" content=\"1000\" \/>\n\t<meta property=\"og:image:height\" content=\"1000\" \/>\n\t<meta property=\"og:image:type\" content=\"image\/png\" \/>\n<meta name=\"twitter:card\" content=\"summary_large_image\" \/>\n<meta name=\"twitter:label1\" content=\"Timp estimat pentru citire\" \/>\n\t<meta name=\"twitter:data1\" content=\"1 minut\" \/>\n<script type=\"application\/ld+json\" class=\"yoast-schema-graph\">{\"@context\":\"https:\\\/\\\/schema.org\",\"@graph\":[{\"@type\":[\"WebPage\",\"ItemPage\"],\"@id\":\"https:\\\/\\\/kamoto.md\\\/ro\\\/shop\\\/scule-si-unelte-de-gradinarit\\\/masini-de-spalat-cu-presiune\\\/masina-de-spalat-cu-presiune-inalt-kw165\\\/\",\"url\":\"https:\\\/\\\/kamoto.md\\\/ro\\\/shop\\\/scule-si-unelte-de-gradinarit\\\/masini-de-spalat-cu-presiune\\\/masina-de-spalat-cu-presiune-inalt-kw165\\\/\",\"name\":\"%Aparate de sp\u0103lat cu presiune % - Ma\u0219in\u0103 de sp\u0103lat cu presiune \u00eenalt\u0103 KW165 %\",\"isPartOf\":{\"@id\":\"https:\\\/\\\/kamoto.md\\\/ro\\\/#website\"},\"primaryImageOfPage\":{\"@id\":\"https:\\\/\\\/kamoto.md\\\/ro\\\/shop\\\/scule-si-unelte-de-gradinarit\\\/masini-de-spalat-cu-presiune\\\/masina-de-spalat-cu-presiune-inalt-kw165\\\/#primaryimage\"},\"image\":{\"@id\":\"https:\\\/\\\/kamoto.md\\\/ro\\\/shop\\\/scule-si-unelte-de-gradinarit\\\/masini-de-spalat-cu-presiune\\\/masina-de-spalat-cu-presiune-inalt-kw165\\\/#primaryimage\"},\"thumbnailUrl\":\"https:\\\/\\\/kamoto.md\\\/wp-content\\\/uploads\\\/2022\\\/11\\\/MOJKA-VYSOKOGO-DAVLENIYA-KAMOTO-KW165.jpg\",\"datePublished\":\"2022-11-17T13:59:03+00:00\",\"dateModified\":\"2026-02-27T13:52:59+00:00\",\"description\":\"Pompa autoamorsant\u0103 este fabricat\u0103 din aliaj de aluminiu. Aplica\u021biile includ: cur\u0103\u021barea mortarului, betonului, p\u0103m\u00e2ntului etc. de pe uneltele de construc\u021bie \u0219i de gr\u0103din\u0103.\",\"breadcrumb\":{\"@id\":\"https:\\\/\\\/kamoto.md\\\/ro\\\/shop\\\/scule-si-unelte-de-gradinarit\\\/masini-de-spalat-cu-presiune\\\/masina-de-spalat-cu-presiune-inalt-kw165\\\/#breadcrumb\"},\"inLanguage\":\"ro-RO\",\"potentialAction\":[{\"@type\":\"ReadAction\",\"target\":[\"https:\\\/\\\/kamoto.md\\\/ro\\\/shop\\\/scule-si-unelte-de-gradinarit\\\/masini-de-spalat-cu-presiune\\\/masina-de-spalat-cu-presiune-inalt-kw165\\\/\"]}]},{\"@type\":\"ImageObject\",\"inLanguage\":\"ro-RO\",\"@id\":\"https:\\\/\\\/kamoto.md\\\/ro\\\/shop\\\/scule-si-unelte-de-gradinarit\\\/masini-de-spalat-cu-presiune\\\/masina-de-spalat-cu-presiune-inalt-kw165\\\/#primaryimage\",\"url\":\"https:\\\/\\\/kamoto.md\\\/wp-content\\\/uploads\\\/2022\\\/11\\\/MOJKA-VYSOKOGO-DAVLENIYA-KAMOTO-KW165.jpg\",\"contentUrl\":\"https:\\\/\\\/kamoto.md\\\/wp-content\\\/uploads\\\/2022\\\/11\\\/MOJKA-VYSOKOGO-DAVLENIYA-KAMOTO-KW165.jpg\",\"width\":1000,\"height\":1000},{\"@type\":\"BreadcrumbList\",\"@id\":\"https:\\\/\\\/kamoto.md\\\/ro\\\/shop\\\/scule-si-unelte-de-gradinarit\\\/masini-de-spalat-cu-presiune\\\/masina-de-spalat-cu-presiune-inalt-kw165\\\/#breadcrumb\",\"itemListElement\":[{\"@type\":\"ListItem\",\"position\":1,\"name\":\"\u0413\u043b\u0430\u0432\u043d\u0430\u044f \u0441\u0442\u0440\u0430\u043d\u0438\u0446\u0430\",\"item\":\"https:\\\/\\\/kamoto.md\\\/ro\\\/\"},{\"@type\":\"ListItem\",\"position\":2,\"name\":\"Catalog\",\"item\":\"https:\\\/\\\/kamoto.md\\\/ro\\\/catalog\\\/\"},{\"@type\":\"ListItem\",\"position\":3,\"name\":\"Instrumente \u0219i unelte de gr\u0103din\u0103rit\",\"item\":\"https:\\\/\\\/kamoto.md\\\/ro\\\/catalog\\\/scule-si-unelte-de-gradinarit\\\/\"},{\"@type\":\"ListItem\",\"position\":4,\"name\":\"Aparate de sp\u0103lat cu presiune\",\"item\":\"https:\\\/\\\/kamoto.md\\\/ro\\\/catalog\\\/scule-si-unelte-de-gradinarit\\\/masini-de-spalat-cu-presiune\\\/\"},{\"@type\":\"ListItem\",\"position\":5,\"name\":\"Ma\u0219in\u0103 de sp\u0103lat cu presiune \u00eenalt\u0103 KW165\"}]},{\"@type\":\"WebSite\",\"@id\":\"https:\\\/\\\/kamoto.md\\\/ro\\\/#website\",\"url\":\"https:\\\/\\\/kamoto.md\\\/ro\\\/\",\"name\":\"Kamoto.MD\",\"description\":\"\u0418\u043d\u0442\u0435\u0440\u043d\u0435\u0442 \u043c\u0430\u0433\u0430\u0437\u0438\u043d \u044d\u043b\u0435\u043a\u0442\u0440\u043e\u0438\u043d\u0441\u0442\u0440\u0443\u043c\u0435\u043d\u0442\u0430, \u0441\u0430\u0434\u043e\u0432\u043e\u0439 \u0438 \u0441\u0438\u043b\u043e\u0432\u043e\u0439 \u0442\u0435\u0445\u043d\u0438\u043a\u0438.\",\"publisher\":{\"@id\":\"https:\\\/\\\/kamoto.md\\\/ro\\\/#organization\"},\"potentialAction\":[{\"@type\":\"SearchAction\",\"target\":{\"@type\":\"EntryPoint\",\"urlTemplate\":\"https:\\\/\\\/kamoto.md\\\/ro\\\/?s={search_term_string}\"},\"query-input\":{\"@type\":\"PropertyValueSpecification\",\"valueRequired\":true,\"valueName\":\"search_term_string\"}}],\"inLanguage\":\"ro-RO\"},{\"@type\":\"Organization\",\"@id\":\"https:\\\/\\\/kamoto.md\\\/ro\\\/#organization\",\"name\":\"Kamoto S.R.L.\",\"url\":\"https:\\\/\\\/kamoto.md\\\/ro\\\/\",\"logo\":{\"@type\":\"ImageObject\",\"inLanguage\":\"ro-RO\",\"@id\":\"https:\\\/\\\/kamoto.md\\\/ro\\\/#\\\/schema\\\/logo\\\/image\\\/\",\"url\":\"https:\\\/\\\/kamoto.md\\\/wp-content\\\/uploads\\\/2017\\\/08\\\/logo.png\",\"contentUrl\":\"https:\\\/\\\/kamoto.md\\\/wp-content\\\/uploads\\\/2017\\\/08\\\/logo.png\",\"width\":323,\"height\":50,\"caption\":\"Kamoto S.R.L.\"},\"image\":{\"@id\":\"https:\\\/\\\/kamoto.md\\\/ro\\\/#\\\/schema\\\/logo\\\/image\\\/\"}}]}<\/script>\n<!-- \/ Yoast SEO plugin. -->","yoast_head_json":{"title":"%Aparate de sp\u0103lat cu presiune % - Ma\u0219in\u0103 de sp\u0103lat cu presiune \u00eenalt\u0103 KW165 %","description":"Pompa autoamorsant\u0103 este fabricat\u0103 din aliaj de aluminiu. Aplica\u021biile includ: cur\u0103\u021barea mortarului, betonului, p\u0103m\u00e2ntului etc. de pe uneltele de construc\u021bie \u0219i de gr\u0103din\u0103.","robots":{"index":"index","follow":"follow","max-snippet":"max-snippet:-1","max-image-preview":"max-image-preview:large","max-video-preview":"max-video-preview:-1"},"canonical":"https:\/\/kamoto.md\/ro\/shop\/scule-si-unelte-de-gradinarit\/masini-de-spalat-cu-presiune\/masina-de-spalat-cu-presiune-inalt-kw165\/","og_locale":"ro_RO","og_type":"article","og_title":"%Aparate de sp\u0103lat cu presiune % - Ma\u0219in\u0103 de sp\u0103lat cu presiune \u00eenalt\u0103 KW165 %","og_description":"Pompa autoamorsant\u0103 este fabricat\u0103 din aliaj de aluminiu. Aplica\u021biile includ: cur\u0103\u021barea mortarului, betonului, p\u0103m\u00e2ntului etc. de pe uneltele de construc\u021bie \u0219i de gr\u0103din\u0103.","og_url":"https:\/\/kamoto.md\/ro\/shop\/scule-si-unelte-de-gradinarit\/masini-de-spalat-cu-presiune\/masina-de-spalat-cu-presiune-inalt-kw165\/","og_site_name":"Kamoto.md","article_modified_time":"2026-02-27T13:52:59+00:00","og_image":[{"width":1000,"height":1000,"url":"https:\/\/kamoto.md\/wp-content\/uploads\/2021\/05\/logo2.png","type":"image\/png"}],"twitter_card":"summary_large_image","twitter_misc":{"Timp estimat pentru citire":"1 minut"},"schema":{"@context":"https:\/\/schema.org","@graph":[{"@type":["WebPage","ItemPage"],"@id":"https:\/\/kamoto.md\/ro\/shop\/scule-si-unelte-de-gradinarit\/masini-de-spalat-cu-presiune\/masina-de-spalat-cu-presiune-inalt-kw165\/","url":"https:\/\/kamoto.md\/ro\/shop\/scule-si-unelte-de-gradinarit\/masini-de-spalat-cu-presiune\/masina-de-spalat-cu-presiune-inalt-kw165\/","name":"%Aparate de sp\u0103lat cu presiune % - Ma\u0219in\u0103 de sp\u0103lat cu presiune \u00eenalt\u0103 KW165 %","isPartOf":{"@id":"https:\/\/kamoto.md\/ro\/#website"},"primaryImageOfPage":{"@id":"https:\/\/kamoto.md\/ro\/shop\/scule-si-unelte-de-gradinarit\/masini-de-spalat-cu-presiune\/masina-de-spalat-cu-presiune-inalt-kw165\/#primaryimage"},"image":{"@id":"https:\/\/kamoto.md\/ro\/shop\/scule-si-unelte-de-gradinarit\/masini-de-spalat-cu-presiune\/masina-de-spalat-cu-presiune-inalt-kw165\/#primaryimage"},"thumbnailUrl":"https:\/\/kamoto.md\/wp-content\/uploads\/2022\/11\/MOJKA-VYSOKOGO-DAVLENIYA-KAMOTO-KW165.jpg","datePublished":"2022-11-17T13:59:03+00:00","dateModified":"2026-02-27T13:52:59+00:00","description":"Pompa autoamorsant\u0103 este fabricat\u0103 din aliaj de aluminiu. Aplica\u021biile includ: cur\u0103\u021barea mortarului, betonului, p\u0103m\u00e2ntului etc. de pe uneltele de construc\u021bie \u0219i de gr\u0103din\u0103.","breadcrumb":{"@id":"https:\/\/kamoto.md\/ro\/shop\/scule-si-unelte-de-gradinarit\/masini-de-spalat-cu-presiune\/masina-de-spalat-cu-presiune-inalt-kw165\/#breadcrumb"},"inLanguage":"ro-RO","potentialAction":[{"@type":"ReadAction","target":["https:\/\/kamoto.md\/ro\/shop\/scule-si-unelte-de-gradinarit\/masini-de-spalat-cu-presiune\/masina-de-spalat-cu-presiune-inalt-kw165\/"]}]},{"@type":"ImageObject","inLanguage":"ro-RO","@id":"https:\/\/kamoto.md\/ro\/shop\/scule-si-unelte-de-gradinarit\/masini-de-spalat-cu-presiune\/masina-de-spalat-cu-presiune-inalt-kw165\/#primaryimage","url":"https:\/\/kamoto.md\/wp-content\/uploads\/2022\/11\/MOJKA-VYSOKOGO-DAVLENIYA-KAMOTO-KW165.jpg","contentUrl":"https:\/\/kamoto.md\/wp-content\/uploads\/2022\/11\/MOJKA-VYSOKOGO-DAVLENIYA-KAMOTO-KW165.jpg","width":1000,"height":1000},{"@type":"BreadcrumbList","@id":"https:\/\/kamoto.md\/ro\/shop\/scule-si-unelte-de-gradinarit\/masini-de-spalat-cu-presiune\/masina-de-spalat-cu-presiune-inalt-kw165\/#breadcrumb","itemListElement":[{"@type":"ListItem","position":1,"name":"\u0413\u043b\u0430\u0432\u043d\u0430\u044f \u0441\u0442\u0440\u0430\u043d\u0438\u0446\u0430","item":"https:\/\/kamoto.md\/ro\/"},{"@type":"ListItem","position":2,"name":"Catalog","item":"https:\/\/kamoto.md\/ro\/catalog\/"},{"@type":"ListItem","position":3,"name":"Instrumente \u0219i unelte de gr\u0103din\u0103rit","item":"https:\/\/kamoto.md\/ro\/catalog\/scule-si-unelte-de-gradinarit\/"},{"@type":"ListItem","position":4,"name":"Aparate de sp\u0103lat cu presiune","item":"https:\/\/kamoto.md\/ro\/catalog\/scule-si-unelte-de-gradinarit\/masini-de-spalat-cu-presiune\/"},{"@type":"ListItem","position":5,"name":"Ma\u0219in\u0103 de sp\u0103lat cu presiune \u00eenalt\u0103 KW165"}]},{"@type":"WebSite","@id":"https:\/\/kamoto.md\/ro\/#website","url":"https:\/\/kamoto.md\/ro\/","name":"Kamoto.MD","description":"\u0418\u043d\u0442\u0435\u0440\u043d\u0435\u0442 \u043c\u0430\u0433\u0430\u0437\u0438\u043d \u044d\u043b\u0435\u043a\u0442\u0440\u043e\u0438\u043d\u0441\u0442\u0440\u0443\u043c\u0435\u043d\u0442\u0430, \u0441\u0430\u0434\u043e\u0432\u043e\u0439 \u0438 \u0441\u0438\u043b\u043e\u0432\u043e\u0439 \u0442\u0435\u0445\u043d\u0438\u043a\u0438.","publisher":{"@id":"https:\/\/kamoto.md\/ro\/#organization"},"potentialAction":[{"@type":"SearchAction","target":{"@type":"EntryPoint","urlTemplate":"https:\/\/kamoto.md\/ro\/?s={search_term_string}"},"query-input":{"@type":"PropertyValueSpecification","valueRequired":true,"valueName":"search_term_string"}}],"inLanguage":"ro-RO"},{"@type":"Organization","@id":"https:\/\/kamoto.md\/ro\/#organization","name":"Kamoto S.R.L.","url":"https:\/\/kamoto.md\/ro\/","logo":{"@type":"ImageObject","inLanguage":"ro-RO","@id":"https:\/\/kamoto.md\/ro\/#\/schema\/logo\/image\/","url":"https:\/\/kamoto.md\/wp-content\/uploads\/2017\/08\/logo.png","contentUrl":"https:\/\/kamoto.md\/wp-content\/uploads\/2017\/08\/logo.png","width":323,"height":50,"caption":"Kamoto S.R.L."},"image":{"@id":"https:\/\/kamoto.md\/ro\/#\/schema\/logo\/image\/"}}]}},"_links":{"self":[{"href":"https:\/\/kamoto.md\/ro\/wp-json\/wp\/v2\/product\/13751","targetHints":{"allow":["GET"]}}],"collection":[{"href":"https:\/\/kamoto.md\/ro\/wp-json\/wp\/v2\/product"}],"about":[{"href":"https:\/\/kamoto.md\/ro\/wp-json\/wp\/v2\/types\/product"}],"wp:featuredmedia":[{"embeddable":true,"href":"https:\/\/kamoto.md\/ro\/wp-json\/wp\/v2\/media\/11447"}],"wp:attachment":[{"href":"https:\/\/kamoto.md\/ro\/wp-json\/wp\/v2\/media?parent=13751"}],"wp:term":[{"taxonomy":"product_brand","embeddable":true,"href":"https:\/\/kamoto.md\/ro\/wp-json\/wp\/v2\/product_brand?post=13751"},{"taxonomy":"product_cat","embeddable":true,"href":"https:\/\/kamoto.md\/ro\/wp-json\/wp\/v2\/product_cat?post=13751"},{"taxonomy":"product_tag","embeddable":true,"href":"https:\/\/kamoto.md\/ro\/wp-json\/wp\/v2\/product_tag?post=13751"}],"curies":[{"name":"wp","href":"https:\/\/api.w.org\/{rel}","templated":true}]}}