{"id":13767,"date":"2021-10-13T13:30:32","date_gmt":"2021-10-13T11:30:32","guid":{"rendered":"https:\/\/kamoto.md\/shop\/fara-categorie\/perforator-kamoto-h1600max\/"},"modified":"2026-02-27T13:03:42","modified_gmt":"2026-02-27T11:03:42","slug":"ciocan-rotopercutor-kamoto-h1600max","status":"publish","type":"product","link":"https:\/\/kamoto.md\/ro\/shop\/scule-electrice\/ciocane-rotopercutoare\/ciocan-rotopercutor-kamoto-h1600max\/","title":{"rendered":"Ciocan rotopercutor KAMOTO H1600MAX"},"content":{"rendered":"<p>Ciocan rotopercutor KAMOTO H1600MAX cu accesoriu SDS-Max, tehnologie antivibra\u021bii AVS \u0219i m\u00e2ner cu strat antivibra\u021bii este o unealt\u0103 eficient\u0103 \u0219i puternic\u0103 pentru g\u0103urire cu impact \u0219i d\u0103ltuire, proiectat\u0103 pentru lucr\u0103ri de beton \u0219i zid\u0103rie. Pentru cele mai solicitante lucr\u0103ri se utilizeaz\u0103 regulatorul electronic de vitez\u0103, cu posibilitatea de a seta una din cele \u0219ase pozi\u021bii. Pentru confortul utilizatorului, exist\u0103 1 indicator pe corp, care indic\u0103 defec\u021biunile cablurilor.<\/p>\n","protected":false},"excerpt":{"rendered":"<p>Consum de energie: 1600 W<br \/>\nAlimentare: 220-240V \/ 50-60Hz<br \/>\nFor\u021ba de impact: 10 Joule<br \/>\nMandrin\u0103: SDS MAX<br \/>\nNum\u0103r de moduri de lucru: 2<br \/>\nControlul tura\u021biei: Da<br \/>\nTura\u021bie nominal\u0103: 630 rpm<br \/>\nNum\u0103r de lovituri: 3800 b\u0103t\u0103i\/min<br \/>\nCarcas\u0103 cutie de viteze din aliaj de magneziu: Da<br \/>\nSistem de protec\u021bie a operatorului: Da<br \/>\nSistem antivibra\u021bii AVS: Da<br \/>\nM\u00e2ner cauciucat ExtraGrip: Da<br \/>\nCablu rezistent la \u00eenghe\u021b: Da<br \/>\nProtec\u021bie \u00eempotriva prafului: Da<br \/>\nVanghet\u0103, burghiu (18mm), unsoare: Da<br \/>\nLungime cablu: 4m<\/p>\n","protected":false},"featured_media":10856,"template":"","meta":[],"product_brand":[],"product_cat":[319],"product_tag":[],"class_list":{"0":"post-13767","1":"product","2":"type-product","3":"status-publish","4":"has-post-thumbnail","6":"product_cat-ciocane-rotopercutoare","8":"first","9":"instock","10":"shipping-taxable","11":"purchasable","12":"product-type-simple"},"yoast_head":"<!-- This site is optimized with the Yoast SEO plugin v27.3 - https:\/\/yoast.com\/product\/yoast-seo-wordpress\/ -->\n<title>Ciocane rotopercutoare \u0219i demolatoare - Ciocan rotopercutor KAMOTO H1600MAX - Kamoto.md<\/title>\n<meta name=\"robots\" content=\"index, follow, max-snippet:-1, max-image-preview:large, max-video-preview:-1\" \/>\n<link rel=\"canonical\" href=\"https:\/\/kamoto.md\/ro\/shop\/scule-electrice\/ciocane-rotopercutoare\/ciocan-rotopercutor-kamoto-h1600max\/\" \/>\n<meta property=\"og:locale\" content=\"ro_RO\" \/>\n<meta property=\"og:type\" content=\"article\" \/>\n<meta property=\"og:title\" content=\"Ciocane rotopercutoare \u0219i demolatoare - Ciocan rotopercutor KAMOTO H1600MAX - Kamoto.md\" \/>\n<meta property=\"og:description\" content=\"Consum de energie: 1600 W Alimentare: 220-240V \/ 50-60Hz For\u021ba de impact: 10 Joule Mandrin\u0103: SDS MAX Num\u0103r de moduri de lucru: 2 Controlul tura\u021biei: Da Tura\u021bie nominal\u0103: 630 rpm Num\u0103r de lovituri: 3800 b\u0103t\u0103i\/min Carcas\u0103 cutie de viteze din aliaj de magneziu: Da Sistem de protec\u021bie a operatorului: Da Sistem antivibra\u021bii AVS: Da M\u00e2ner cauciucat ExtraGrip: Da Cablu rezistent la \u00eenghe\u021b: Da Protec\u021bie \u00eempotriva prafului: Da Vanghet\u0103, burghiu (18mm), unsoare: Da Lungime cablu: 4m\" \/>\n<meta property=\"og:url\" content=\"https:\/\/kamoto.md\/ro\/shop\/scule-electrice\/ciocane-rotopercutoare\/ciocan-rotopercutor-kamoto-h1600max\/\" \/>\n<meta property=\"og:site_name\" content=\"Kamoto.md\" \/>\n<meta property=\"article:modified_time\" content=\"2026-02-27T11:03:42+00:00\" \/>\n<meta property=\"og:image\" content=\"https:\/\/kamoto.md\/wp-content\/uploads\/2021\/05\/logo2.png\" \/>\n\t<meta property=\"og:image:width\" content=\"1000\" \/>\n\t<meta property=\"og:image:height\" content=\"1000\" \/>\n\t<meta property=\"og:image:type\" content=\"image\/png\" \/>\n<meta name=\"twitter:card\" content=\"summary_large_image\" \/>\n<meta name=\"twitter:label1\" content=\"Timp estimat pentru citire\" \/>\n\t<meta name=\"twitter:data1\" content=\"1 minut\" \/>\n<script type=\"application\/ld+json\" class=\"yoast-schema-graph\">{\"@context\":\"https:\\\/\\\/schema.org\",\"@graph\":[{\"@type\":[\"WebPage\",\"ItemPage\"],\"@id\":\"https:\\\/\\\/kamoto.md\\\/ro\\\/shop\\\/scule-electrice\\\/ciocane-rotopercutoare\\\/ciocan-rotopercutor-kamoto-h1600max\\\/\",\"url\":\"https:\\\/\\\/kamoto.md\\\/ro\\\/shop\\\/scule-electrice\\\/ciocane-rotopercutoare\\\/ciocan-rotopercutor-kamoto-h1600max\\\/\",\"name\":\"Ciocane rotopercutoare \u0219i demolatoare - Ciocan rotopercutor KAMOTO H1600MAX - Kamoto.md\",\"isPartOf\":{\"@id\":\"https:\\\/\\\/kamoto.md\\\/ro\\\/#website\"},\"primaryImageOfPage\":{\"@id\":\"https:\\\/\\\/kamoto.md\\\/ro\\\/shop\\\/scule-electrice\\\/ciocane-rotopercutoare\\\/ciocan-rotopercutor-kamoto-h1600max\\\/#primaryimage\"},\"image\":{\"@id\":\"https:\\\/\\\/kamoto.md\\\/ro\\\/shop\\\/scule-electrice\\\/ciocane-rotopercutoare\\\/ciocan-rotopercutor-kamoto-h1600max\\\/#primaryimage\"},\"thumbnailUrl\":\"https:\\\/\\\/kamoto.md\\\/wp-content\\\/uploads\\\/2021\\\/10\\\/IMG_3193.jpg\",\"datePublished\":\"2021-10-13T11:30:32+00:00\",\"dateModified\":\"2026-02-27T11:03:42+00:00\",\"breadcrumb\":{\"@id\":\"https:\\\/\\\/kamoto.md\\\/ro\\\/shop\\\/scule-electrice\\\/ciocane-rotopercutoare\\\/ciocan-rotopercutor-kamoto-h1600max\\\/#breadcrumb\"},\"inLanguage\":\"ro-RO\",\"potentialAction\":[{\"@type\":\"ReadAction\",\"target\":[\"https:\\\/\\\/kamoto.md\\\/ro\\\/shop\\\/scule-electrice\\\/ciocane-rotopercutoare\\\/ciocan-rotopercutor-kamoto-h1600max\\\/\"]}]},{\"@type\":\"ImageObject\",\"inLanguage\":\"ro-RO\",\"@id\":\"https:\\\/\\\/kamoto.md\\\/ro\\\/shop\\\/scule-electrice\\\/ciocane-rotopercutoare\\\/ciocan-rotopercutor-kamoto-h1600max\\\/#primaryimage\",\"url\":\"https:\\\/\\\/kamoto.md\\\/wp-content\\\/uploads\\\/2021\\\/10\\\/IMG_3193.jpg\",\"contentUrl\":\"https:\\\/\\\/kamoto.md\\\/wp-content\\\/uploads\\\/2021\\\/10\\\/IMG_3193.jpg\",\"width\":1000,\"height\":1000},{\"@type\":\"BreadcrumbList\",\"@id\":\"https:\\\/\\\/kamoto.md\\\/ro\\\/shop\\\/scule-electrice\\\/ciocane-rotopercutoare\\\/ciocan-rotopercutor-kamoto-h1600max\\\/#breadcrumb\",\"itemListElement\":[{\"@type\":\"ListItem\",\"position\":1,\"name\":\"\u0413\u043b\u0430\u0432\u043d\u0430\u044f \u0441\u0442\u0440\u0430\u043d\u0438\u0446\u0430\",\"item\":\"https:\\\/\\\/kamoto.md\\\/ro\\\/\"},{\"@type\":\"ListItem\",\"position\":2,\"name\":\"Catalog\",\"item\":\"https:\\\/\\\/kamoto.md\\\/ro\\\/catalog\\\/\"},{\"@type\":\"ListItem\",\"position\":3,\"name\":\"Instrumente electrice\",\"item\":\"https:\\\/\\\/kamoto.md\\\/ro\\\/catalog\\\/scule-electrice\\\/\"},{\"@type\":\"ListItem\",\"position\":4,\"name\":\"Ciocane rotopercutoare \u0219i demolatoare\",\"item\":\"https:\\\/\\\/kamoto.md\\\/ro\\\/catalog\\\/scule-electrice\\\/ciocane-rotopercutoare\\\/\"},{\"@type\":\"ListItem\",\"position\":5,\"name\":\"Ciocan rotopercutor KAMOTO H1600MAX\"}]},{\"@type\":\"WebSite\",\"@id\":\"https:\\\/\\\/kamoto.md\\\/ro\\\/#website\",\"url\":\"https:\\\/\\\/kamoto.md\\\/ro\\\/\",\"name\":\"Kamoto.MD\",\"description\":\"\u0418\u043d\u0442\u0435\u0440\u043d\u0435\u0442 \u043c\u0430\u0433\u0430\u0437\u0438\u043d \u044d\u043b\u0435\u043a\u0442\u0440\u043e\u0438\u043d\u0441\u0442\u0440\u0443\u043c\u0435\u043d\u0442\u0430, \u0441\u0430\u0434\u043e\u0432\u043e\u0439 \u0438 \u0441\u0438\u043b\u043e\u0432\u043e\u0439 \u0442\u0435\u0445\u043d\u0438\u043a\u0438.\",\"publisher\":{\"@id\":\"https:\\\/\\\/kamoto.md\\\/ro\\\/#organization\"},\"potentialAction\":[{\"@type\":\"SearchAction\",\"target\":{\"@type\":\"EntryPoint\",\"urlTemplate\":\"https:\\\/\\\/kamoto.md\\\/ro\\\/?s={search_term_string}\"},\"query-input\":{\"@type\":\"PropertyValueSpecification\",\"valueRequired\":true,\"valueName\":\"search_term_string\"}}],\"inLanguage\":\"ro-RO\"},{\"@type\":\"Organization\",\"@id\":\"https:\\\/\\\/kamoto.md\\\/ro\\\/#organization\",\"name\":\"Kamoto S.R.L.\",\"url\":\"https:\\\/\\\/kamoto.md\\\/ro\\\/\",\"logo\":{\"@type\":\"ImageObject\",\"inLanguage\":\"ro-RO\",\"@id\":\"https:\\\/\\\/kamoto.md\\\/ro\\\/#\\\/schema\\\/logo\\\/image\\\/\",\"url\":\"https:\\\/\\\/kamoto.md\\\/wp-content\\\/uploads\\\/2017\\\/08\\\/logo.png\",\"contentUrl\":\"https:\\\/\\\/kamoto.md\\\/wp-content\\\/uploads\\\/2017\\\/08\\\/logo.png\",\"width\":323,\"height\":50,\"caption\":\"Kamoto S.R.L.\"},\"image\":{\"@id\":\"https:\\\/\\\/kamoto.md\\\/ro\\\/#\\\/schema\\\/logo\\\/image\\\/\"}}]}<\/script>\n<!-- \/ Yoast SEO plugin. -->","yoast_head_json":{"title":"Ciocane rotopercutoare \u0219i demolatoare - Ciocan rotopercutor KAMOTO H1600MAX - Kamoto.md","robots":{"index":"index","follow":"follow","max-snippet":"max-snippet:-1","max-image-preview":"max-image-preview:large","max-video-preview":"max-video-preview:-1"},"canonical":"https:\/\/kamoto.md\/ro\/shop\/scule-electrice\/ciocane-rotopercutoare\/ciocan-rotopercutor-kamoto-h1600max\/","og_locale":"ro_RO","og_type":"article","og_title":"Ciocane rotopercutoare \u0219i demolatoare - Ciocan rotopercutor KAMOTO H1600MAX - Kamoto.md","og_description":"Consum de energie: 1600 W Alimentare: 220-240V \/ 50-60Hz For\u021ba de impact: 10 Joule Mandrin\u0103: SDS MAX Num\u0103r de moduri de lucru: 2 Controlul tura\u021biei: Da Tura\u021bie nominal\u0103: 630 rpm Num\u0103r de lovituri: 3800 b\u0103t\u0103i\/min Carcas\u0103 cutie de viteze din aliaj de magneziu: Da Sistem de protec\u021bie a operatorului: Da Sistem antivibra\u021bii AVS: Da M\u00e2ner cauciucat ExtraGrip: Da Cablu rezistent la \u00eenghe\u021b: Da Protec\u021bie \u00eempotriva prafului: Da Vanghet\u0103, burghiu (18mm), unsoare: Da Lungime cablu: 4m","og_url":"https:\/\/kamoto.md\/ro\/shop\/scule-electrice\/ciocane-rotopercutoare\/ciocan-rotopercutor-kamoto-h1600max\/","og_site_name":"Kamoto.md","article_modified_time":"2026-02-27T11:03:42+00:00","og_image":[{"width":1000,"height":1000,"url":"https:\/\/kamoto.md\/wp-content\/uploads\/2021\/05\/logo2.png","type":"image\/png"}],"twitter_card":"summary_large_image","twitter_misc":{"Timp estimat pentru citire":"1 minut"},"schema":{"@context":"https:\/\/schema.org","@graph":[{"@type":["WebPage","ItemPage"],"@id":"https:\/\/kamoto.md\/ro\/shop\/scule-electrice\/ciocane-rotopercutoare\/ciocan-rotopercutor-kamoto-h1600max\/","url":"https:\/\/kamoto.md\/ro\/shop\/scule-electrice\/ciocane-rotopercutoare\/ciocan-rotopercutor-kamoto-h1600max\/","name":"Ciocane rotopercutoare \u0219i demolatoare - Ciocan rotopercutor KAMOTO H1600MAX - Kamoto.md","isPartOf":{"@id":"https:\/\/kamoto.md\/ro\/#website"},"primaryImageOfPage":{"@id":"https:\/\/kamoto.md\/ro\/shop\/scule-electrice\/ciocane-rotopercutoare\/ciocan-rotopercutor-kamoto-h1600max\/#primaryimage"},"image":{"@id":"https:\/\/kamoto.md\/ro\/shop\/scule-electrice\/ciocane-rotopercutoare\/ciocan-rotopercutor-kamoto-h1600max\/#primaryimage"},"thumbnailUrl":"https:\/\/kamoto.md\/wp-content\/uploads\/2021\/10\/IMG_3193.jpg","datePublished":"2021-10-13T11:30:32+00:00","dateModified":"2026-02-27T11:03:42+00:00","breadcrumb":{"@id":"https:\/\/kamoto.md\/ro\/shop\/scule-electrice\/ciocane-rotopercutoare\/ciocan-rotopercutor-kamoto-h1600max\/#breadcrumb"},"inLanguage":"ro-RO","potentialAction":[{"@type":"ReadAction","target":["https:\/\/kamoto.md\/ro\/shop\/scule-electrice\/ciocane-rotopercutoare\/ciocan-rotopercutor-kamoto-h1600max\/"]}]},{"@type":"ImageObject","inLanguage":"ro-RO","@id":"https:\/\/kamoto.md\/ro\/shop\/scule-electrice\/ciocane-rotopercutoare\/ciocan-rotopercutor-kamoto-h1600max\/#primaryimage","url":"https:\/\/kamoto.md\/wp-content\/uploads\/2021\/10\/IMG_3193.jpg","contentUrl":"https:\/\/kamoto.md\/wp-content\/uploads\/2021\/10\/IMG_3193.jpg","width":1000,"height":1000},{"@type":"BreadcrumbList","@id":"https:\/\/kamoto.md\/ro\/shop\/scule-electrice\/ciocane-rotopercutoare\/ciocan-rotopercutor-kamoto-h1600max\/#breadcrumb","itemListElement":[{"@type":"ListItem","position":1,"name":"\u0413\u043b\u0430\u0432\u043d\u0430\u044f \u0441\u0442\u0440\u0430\u043d\u0438\u0446\u0430","item":"https:\/\/kamoto.md\/ro\/"},{"@type":"ListItem","position":2,"name":"Catalog","item":"https:\/\/kamoto.md\/ro\/catalog\/"},{"@type":"ListItem","position":3,"name":"Instrumente electrice","item":"https:\/\/kamoto.md\/ro\/catalog\/scule-electrice\/"},{"@type":"ListItem","position":4,"name":"Ciocane rotopercutoare \u0219i demolatoare","item":"https:\/\/kamoto.md\/ro\/catalog\/scule-electrice\/ciocane-rotopercutoare\/"},{"@type":"ListItem","position":5,"name":"Ciocan rotopercutor KAMOTO H1600MAX"}]},{"@type":"WebSite","@id":"https:\/\/kamoto.md\/ro\/#website","url":"https:\/\/kamoto.md\/ro\/","name":"Kamoto.MD","description":"\u0418\u043d\u0442\u0435\u0440\u043d\u0435\u0442 \u043c\u0430\u0433\u0430\u0437\u0438\u043d \u044d\u043b\u0435\u043a\u0442\u0440\u043e\u0438\u043d\u0441\u0442\u0440\u0443\u043c\u0435\u043d\u0442\u0430, \u0441\u0430\u0434\u043e\u0432\u043e\u0439 \u0438 \u0441\u0438\u043b\u043e\u0432\u043e\u0439 \u0442\u0435\u0445\u043d\u0438\u043a\u0438.","publisher":{"@id":"https:\/\/kamoto.md\/ro\/#organization"},"potentialAction":[{"@type":"SearchAction","target":{"@type":"EntryPoint","urlTemplate":"https:\/\/kamoto.md\/ro\/?s={search_term_string}"},"query-input":{"@type":"PropertyValueSpecification","valueRequired":true,"valueName":"search_term_string"}}],"inLanguage":"ro-RO"},{"@type":"Organization","@id":"https:\/\/kamoto.md\/ro\/#organization","name":"Kamoto S.R.L.","url":"https:\/\/kamoto.md\/ro\/","logo":{"@type":"ImageObject","inLanguage":"ro-RO","@id":"https:\/\/kamoto.md\/ro\/#\/schema\/logo\/image\/","url":"https:\/\/kamoto.md\/wp-content\/uploads\/2017\/08\/logo.png","contentUrl":"https:\/\/kamoto.md\/wp-content\/uploads\/2017\/08\/logo.png","width":323,"height":50,"caption":"Kamoto S.R.L."},"image":{"@id":"https:\/\/kamoto.md\/ro\/#\/schema\/logo\/image\/"}}]}},"_links":{"self":[{"href":"https:\/\/kamoto.md\/ro\/wp-json\/wp\/v2\/product\/13767","targetHints":{"allow":["GET"]}}],"collection":[{"href":"https:\/\/kamoto.md\/ro\/wp-json\/wp\/v2\/product"}],"about":[{"href":"https:\/\/kamoto.md\/ro\/wp-json\/wp\/v2\/types\/product"}],"wp:featuredmedia":[{"embeddable":true,"href":"https:\/\/kamoto.md\/ro\/wp-json\/wp\/v2\/media\/10856"}],"wp:attachment":[{"href":"https:\/\/kamoto.md\/ro\/wp-json\/wp\/v2\/media?parent=13767"}],"wp:term":[{"taxonomy":"product_brand","embeddable":true,"href":"https:\/\/kamoto.md\/ro\/wp-json\/wp\/v2\/product_brand?post=13767"},{"taxonomy":"product_cat","embeddable":true,"href":"https:\/\/kamoto.md\/ro\/wp-json\/wp\/v2\/product_cat?post=13767"},{"taxonomy":"product_tag","embeddable":true,"href":"https:\/\/kamoto.md\/ro\/wp-json\/wp\/v2\/product_tag?post=13767"}],"curies":[{"name":"wp","href":"https:\/\/api.w.org\/{rel}","templated":true}]}}