{"id":13769,"date":"2021-10-13T13:25:56","date_gmt":"2021-10-13T11:25:56","guid":{"rendered":"https:\/\/kamoto.md\/shop\/fara-categorie\/perforator-kamoto-h1050\/"},"modified":"2026-02-27T13:05:02","modified_gmt":"2026-02-27T11:05:02","slug":"ciocan-rotopercutor-kamoto-h1050","status":"publish","type":"product","link":"https:\/\/kamoto.md\/ro\/shop\/scule-electrice\/ciocane-rotopercutoare\/ciocan-rotopercutor-kamoto-h1050\/","title":{"rendered":"Ciocan rotopercutor KAMOTO H1050"},"content":{"rendered":"<p>Ciocan rotopercutor KAMOTO H1050 este proiectat pentru o gam\u0103 larg\u0103 de aplica\u021bii, iar controlul vitezei variabile v\u0103 permite s\u0103 selecta\u021bi modul optim pentru orice material. Dispunerea orizontal\u0103 v\u0103 permite s\u0103 lucra\u021bi \u00een locuri greu accesibile.<\/p>\n<p>&#8211; Protec\u021bie \u00eempotriva prafului.<br \/>\n&#8211; 3 moduri de func\u021bionare (impact, g\u0103urire, g\u0103urire cu impact \u0219i func\u021bie de rotire a burghiului \u00een pozi\u021bia necesar\u0103 pentru g\u0103urire).<br \/>\n&#8211; Sistem de oprire a rota\u021biei mandrinei \u00een caz de blocare a burghiului &#8211; protec\u021bie a operatorului.<br \/>\n&#8211; Inversare &#8211; posibilitatea de a comuta direc\u021bia de rota\u021bie a mandrinei.<br \/>\n&#8211; M\u00e2ner principal \u0219i suplimentar cauciucat (ExtraGrip).<br \/>\n&#8211; Cablul principal cauciucat rezist\u0103 la temperaturi sc\u0103zute \u0219i are o durat\u0103 de via\u021b\u0103 mai lung\u0103<br \/>\ndatorit\u0103 utiliz\u0103rii unor materiale de calitate rezistente la \u00eendoiri repetate.<\/p>\n","protected":false},"excerpt":{"rendered":"<p>Putere: 1050 W<br \/>\nAlimentare: 220 V<br \/>\nFor\u021b\u0103 de impact: 3.0 Joule<br \/>\nTip mandrin\u0103: SDS-Plus<br \/>\nMandrin\u0103 cu eliberare rapid\u0103: Nu<br \/>\nNum\u0103r de moduri de lucru: 3<br \/>\nFrecven\u021b\u0103 de impact: 0-5100 b\u0103t\u0103i\/min<br \/>\nTura\u021bie \u00een gol: 0-1150 rpm<br \/>\nDiametru max. de g\u0103urire (lemn): 42 mm<br \/>\nDiametru max. de g\u0103urire (beton): 26 mm<br \/>\nDiametru max. de g\u0103urire (metal): 13 mm<br \/>\nSistem de protec\u021bie a operatorului: Da<br \/>\nM\u00e2ner cauciucat ExtraGrip: Da<br \/>\nCablu rezistent la \u00eenghe\u021b: Da<br \/>\nProtec\u021bie \u00eempotriva prafului: Da<br \/>\nInversare: Da<\/p>\n","protected":false},"featured_media":10814,"template":"","meta":[],"product_brand":[],"product_cat":[319],"product_tag":[],"class_list":{"0":"post-13769","1":"product","2":"type-product","3":"status-publish","4":"has-post-thumbnail","6":"product_cat-ciocane-rotopercutoare","8":"first","9":"instock","10":"shipping-taxable","11":"purchasable","12":"product-type-simple"},"yoast_head":"<!-- This site is optimized with the Yoast SEO plugin v27.3 - https:\/\/yoast.com\/product\/yoast-seo-wordpress\/ -->\n<title>Ciocane rotopercutoare \u0219i demolatoare - Ciocan rotopercutor KAMOTO H1050 - Kamoto.md<\/title>\n<meta name=\"robots\" content=\"index, follow, max-snippet:-1, max-image-preview:large, max-video-preview:-1\" \/>\n<link rel=\"canonical\" href=\"https:\/\/kamoto.md\/ro\/shop\/scule-electrice\/ciocane-rotopercutoare\/ciocan-rotopercutor-kamoto-h1050\/\" \/>\n<meta property=\"og:locale\" content=\"ro_RO\" \/>\n<meta property=\"og:type\" content=\"article\" \/>\n<meta property=\"og:title\" content=\"Ciocane rotopercutoare \u0219i demolatoare - Ciocan rotopercutor KAMOTO H1050 - Kamoto.md\" \/>\n<meta property=\"og:description\" content=\"Putere: 1050 W Alimentare: 220 V For\u021b\u0103 de impact: 3.0 Joule Tip mandrin\u0103: SDS-Plus Mandrin\u0103 cu eliberare rapid\u0103: Nu Num\u0103r de moduri de lucru: 3 Frecven\u021b\u0103 de impact: 0-5100 b\u0103t\u0103i\/min Tura\u021bie \u00een gol: 0-1150 rpm Diametru max. de g\u0103urire (lemn): 42 mm Diametru max. de g\u0103urire (beton): 26 mm Diametru max. de g\u0103urire (metal): 13 mm Sistem de protec\u021bie a operatorului: Da M\u00e2ner cauciucat ExtraGrip: Da Cablu rezistent la \u00eenghe\u021b: Da Protec\u021bie \u00eempotriva prafului: Da Inversare: Da\" \/>\n<meta property=\"og:url\" content=\"https:\/\/kamoto.md\/ro\/shop\/scule-electrice\/ciocane-rotopercutoare\/ciocan-rotopercutor-kamoto-h1050\/\" \/>\n<meta property=\"og:site_name\" content=\"Kamoto.md\" \/>\n<meta property=\"article:modified_time\" content=\"2026-02-27T11:05:02+00:00\" \/>\n<meta property=\"og:image\" content=\"https:\/\/kamoto.md\/wp-content\/uploads\/2021\/05\/logo2.png\" \/>\n\t<meta property=\"og:image:width\" content=\"1000\" \/>\n\t<meta property=\"og:image:height\" content=\"1000\" \/>\n\t<meta property=\"og:image:type\" content=\"image\/png\" \/>\n<meta name=\"twitter:card\" content=\"summary_large_image\" \/>\n<meta name=\"twitter:label1\" content=\"Timp estimat pentru citire\" \/>\n\t<meta name=\"twitter:data1\" content=\"1 minut\" \/>\n<script type=\"application\/ld+json\" class=\"yoast-schema-graph\">{\"@context\":\"https:\\\/\\\/schema.org\",\"@graph\":[{\"@type\":[\"WebPage\",\"ItemPage\"],\"@id\":\"https:\\\/\\\/kamoto.md\\\/ro\\\/shop\\\/scule-electrice\\\/ciocane-rotopercutoare\\\/ciocan-rotopercutor-kamoto-h1050\\\/\",\"url\":\"https:\\\/\\\/kamoto.md\\\/ro\\\/shop\\\/scule-electrice\\\/ciocane-rotopercutoare\\\/ciocan-rotopercutor-kamoto-h1050\\\/\",\"name\":\"Ciocane rotopercutoare \u0219i demolatoare - Ciocan rotopercutor KAMOTO H1050 - Kamoto.md\",\"isPartOf\":{\"@id\":\"https:\\\/\\\/kamoto.md\\\/ro\\\/#website\"},\"primaryImageOfPage\":{\"@id\":\"https:\\\/\\\/kamoto.md\\\/ro\\\/shop\\\/scule-electrice\\\/ciocane-rotopercutoare\\\/ciocan-rotopercutor-kamoto-h1050\\\/#primaryimage\"},\"image\":{\"@id\":\"https:\\\/\\\/kamoto.md\\\/ro\\\/shop\\\/scule-electrice\\\/ciocane-rotopercutoare\\\/ciocan-rotopercutor-kamoto-h1050\\\/#primaryimage\"},\"thumbnailUrl\":\"https:\\\/\\\/kamoto.md\\\/wp-content\\\/uploads\\\/2021\\\/10\\\/IMG_3298.jpg\",\"datePublished\":\"2021-10-13T11:25:56+00:00\",\"dateModified\":\"2026-02-27T11:05:02+00:00\",\"breadcrumb\":{\"@id\":\"https:\\\/\\\/kamoto.md\\\/ro\\\/shop\\\/scule-electrice\\\/ciocane-rotopercutoare\\\/ciocan-rotopercutor-kamoto-h1050\\\/#breadcrumb\"},\"inLanguage\":\"ro-RO\",\"potentialAction\":[{\"@type\":\"ReadAction\",\"target\":[\"https:\\\/\\\/kamoto.md\\\/ro\\\/shop\\\/scule-electrice\\\/ciocane-rotopercutoare\\\/ciocan-rotopercutor-kamoto-h1050\\\/\"]}]},{\"@type\":\"ImageObject\",\"inLanguage\":\"ro-RO\",\"@id\":\"https:\\\/\\\/kamoto.md\\\/ro\\\/shop\\\/scule-electrice\\\/ciocane-rotopercutoare\\\/ciocan-rotopercutor-kamoto-h1050\\\/#primaryimage\",\"url\":\"https:\\\/\\\/kamoto.md\\\/wp-content\\\/uploads\\\/2021\\\/10\\\/IMG_3298.jpg\",\"contentUrl\":\"https:\\\/\\\/kamoto.md\\\/wp-content\\\/uploads\\\/2021\\\/10\\\/IMG_3298.jpg\",\"width\":1000,\"height\":1000},{\"@type\":\"BreadcrumbList\",\"@id\":\"https:\\\/\\\/kamoto.md\\\/ro\\\/shop\\\/scule-electrice\\\/ciocane-rotopercutoare\\\/ciocan-rotopercutor-kamoto-h1050\\\/#breadcrumb\",\"itemListElement\":[{\"@type\":\"ListItem\",\"position\":1,\"name\":\"\u0413\u043b\u0430\u0432\u043d\u0430\u044f \u0441\u0442\u0440\u0430\u043d\u0438\u0446\u0430\",\"item\":\"https:\\\/\\\/kamoto.md\\\/ro\\\/\"},{\"@type\":\"ListItem\",\"position\":2,\"name\":\"Catalog\",\"item\":\"https:\\\/\\\/kamoto.md\\\/ro\\\/catalog\\\/\"},{\"@type\":\"ListItem\",\"position\":3,\"name\":\"Instrumente electrice\",\"item\":\"https:\\\/\\\/kamoto.md\\\/ro\\\/catalog\\\/scule-electrice\\\/\"},{\"@type\":\"ListItem\",\"position\":4,\"name\":\"Ciocane rotopercutoare \u0219i demolatoare\",\"item\":\"https:\\\/\\\/kamoto.md\\\/ro\\\/catalog\\\/scule-electrice\\\/ciocane-rotopercutoare\\\/\"},{\"@type\":\"ListItem\",\"position\":5,\"name\":\"Ciocan rotopercutor KAMOTO H1050\"}]},{\"@type\":\"WebSite\",\"@id\":\"https:\\\/\\\/kamoto.md\\\/ro\\\/#website\",\"url\":\"https:\\\/\\\/kamoto.md\\\/ro\\\/\",\"name\":\"Kamoto.MD\",\"description\":\"\u0418\u043d\u0442\u0435\u0440\u043d\u0435\u0442 \u043c\u0430\u0433\u0430\u0437\u0438\u043d \u044d\u043b\u0435\u043a\u0442\u0440\u043e\u0438\u043d\u0441\u0442\u0440\u0443\u043c\u0435\u043d\u0442\u0430, \u0441\u0430\u0434\u043e\u0432\u043e\u0439 \u0438 \u0441\u0438\u043b\u043e\u0432\u043e\u0439 \u0442\u0435\u0445\u043d\u0438\u043a\u0438.\",\"publisher\":{\"@id\":\"https:\\\/\\\/kamoto.md\\\/ro\\\/#organization\"},\"potentialAction\":[{\"@type\":\"SearchAction\",\"target\":{\"@type\":\"EntryPoint\",\"urlTemplate\":\"https:\\\/\\\/kamoto.md\\\/ro\\\/?s={search_term_string}\"},\"query-input\":{\"@type\":\"PropertyValueSpecification\",\"valueRequired\":true,\"valueName\":\"search_term_string\"}}],\"inLanguage\":\"ro-RO\"},{\"@type\":\"Organization\",\"@id\":\"https:\\\/\\\/kamoto.md\\\/ro\\\/#organization\",\"name\":\"Kamoto S.R.L.\",\"url\":\"https:\\\/\\\/kamoto.md\\\/ro\\\/\",\"logo\":{\"@type\":\"ImageObject\",\"inLanguage\":\"ro-RO\",\"@id\":\"https:\\\/\\\/kamoto.md\\\/ro\\\/#\\\/schema\\\/logo\\\/image\\\/\",\"url\":\"https:\\\/\\\/kamoto.md\\\/wp-content\\\/uploads\\\/2017\\\/08\\\/logo.png\",\"contentUrl\":\"https:\\\/\\\/kamoto.md\\\/wp-content\\\/uploads\\\/2017\\\/08\\\/logo.png\",\"width\":323,\"height\":50,\"caption\":\"Kamoto S.R.L.\"},\"image\":{\"@id\":\"https:\\\/\\\/kamoto.md\\\/ro\\\/#\\\/schema\\\/logo\\\/image\\\/\"}}]}<\/script>\n<!-- \/ Yoast SEO plugin. -->","yoast_head_json":{"title":"Ciocane rotopercutoare \u0219i demolatoare - Ciocan rotopercutor KAMOTO H1050 - Kamoto.md","robots":{"index":"index","follow":"follow","max-snippet":"max-snippet:-1","max-image-preview":"max-image-preview:large","max-video-preview":"max-video-preview:-1"},"canonical":"https:\/\/kamoto.md\/ro\/shop\/scule-electrice\/ciocane-rotopercutoare\/ciocan-rotopercutor-kamoto-h1050\/","og_locale":"ro_RO","og_type":"article","og_title":"Ciocane rotopercutoare \u0219i demolatoare - Ciocan rotopercutor KAMOTO H1050 - Kamoto.md","og_description":"Putere: 1050 W Alimentare: 220 V For\u021b\u0103 de impact: 3.0 Joule Tip mandrin\u0103: SDS-Plus Mandrin\u0103 cu eliberare rapid\u0103: Nu Num\u0103r de moduri de lucru: 3 Frecven\u021b\u0103 de impact: 0-5100 b\u0103t\u0103i\/min Tura\u021bie \u00een gol: 0-1150 rpm Diametru max. de g\u0103urire (lemn): 42 mm Diametru max. de g\u0103urire (beton): 26 mm Diametru max. de g\u0103urire (metal): 13 mm Sistem de protec\u021bie a operatorului: Da M\u00e2ner cauciucat ExtraGrip: Da Cablu rezistent la \u00eenghe\u021b: Da Protec\u021bie \u00eempotriva prafului: Da Inversare: Da","og_url":"https:\/\/kamoto.md\/ro\/shop\/scule-electrice\/ciocane-rotopercutoare\/ciocan-rotopercutor-kamoto-h1050\/","og_site_name":"Kamoto.md","article_modified_time":"2026-02-27T11:05:02+00:00","og_image":[{"width":1000,"height":1000,"url":"https:\/\/kamoto.md\/wp-content\/uploads\/2021\/05\/logo2.png","type":"image\/png"}],"twitter_card":"summary_large_image","twitter_misc":{"Timp estimat pentru citire":"1 minut"},"schema":{"@context":"https:\/\/schema.org","@graph":[{"@type":["WebPage","ItemPage"],"@id":"https:\/\/kamoto.md\/ro\/shop\/scule-electrice\/ciocane-rotopercutoare\/ciocan-rotopercutor-kamoto-h1050\/","url":"https:\/\/kamoto.md\/ro\/shop\/scule-electrice\/ciocane-rotopercutoare\/ciocan-rotopercutor-kamoto-h1050\/","name":"Ciocane rotopercutoare \u0219i demolatoare - Ciocan rotopercutor KAMOTO H1050 - Kamoto.md","isPartOf":{"@id":"https:\/\/kamoto.md\/ro\/#website"},"primaryImageOfPage":{"@id":"https:\/\/kamoto.md\/ro\/shop\/scule-electrice\/ciocane-rotopercutoare\/ciocan-rotopercutor-kamoto-h1050\/#primaryimage"},"image":{"@id":"https:\/\/kamoto.md\/ro\/shop\/scule-electrice\/ciocane-rotopercutoare\/ciocan-rotopercutor-kamoto-h1050\/#primaryimage"},"thumbnailUrl":"https:\/\/kamoto.md\/wp-content\/uploads\/2021\/10\/IMG_3298.jpg","datePublished":"2021-10-13T11:25:56+00:00","dateModified":"2026-02-27T11:05:02+00:00","breadcrumb":{"@id":"https:\/\/kamoto.md\/ro\/shop\/scule-electrice\/ciocane-rotopercutoare\/ciocan-rotopercutor-kamoto-h1050\/#breadcrumb"},"inLanguage":"ro-RO","potentialAction":[{"@type":"ReadAction","target":["https:\/\/kamoto.md\/ro\/shop\/scule-electrice\/ciocane-rotopercutoare\/ciocan-rotopercutor-kamoto-h1050\/"]}]},{"@type":"ImageObject","inLanguage":"ro-RO","@id":"https:\/\/kamoto.md\/ro\/shop\/scule-electrice\/ciocane-rotopercutoare\/ciocan-rotopercutor-kamoto-h1050\/#primaryimage","url":"https:\/\/kamoto.md\/wp-content\/uploads\/2021\/10\/IMG_3298.jpg","contentUrl":"https:\/\/kamoto.md\/wp-content\/uploads\/2021\/10\/IMG_3298.jpg","width":1000,"height":1000},{"@type":"BreadcrumbList","@id":"https:\/\/kamoto.md\/ro\/shop\/scule-electrice\/ciocane-rotopercutoare\/ciocan-rotopercutor-kamoto-h1050\/#breadcrumb","itemListElement":[{"@type":"ListItem","position":1,"name":"\u0413\u043b\u0430\u0432\u043d\u0430\u044f \u0441\u0442\u0440\u0430\u043d\u0438\u0446\u0430","item":"https:\/\/kamoto.md\/ro\/"},{"@type":"ListItem","position":2,"name":"Catalog","item":"https:\/\/kamoto.md\/ro\/catalog\/"},{"@type":"ListItem","position":3,"name":"Instrumente electrice","item":"https:\/\/kamoto.md\/ro\/catalog\/scule-electrice\/"},{"@type":"ListItem","position":4,"name":"Ciocane rotopercutoare \u0219i demolatoare","item":"https:\/\/kamoto.md\/ro\/catalog\/scule-electrice\/ciocane-rotopercutoare\/"},{"@type":"ListItem","position":5,"name":"Ciocan rotopercutor KAMOTO H1050"}]},{"@type":"WebSite","@id":"https:\/\/kamoto.md\/ro\/#website","url":"https:\/\/kamoto.md\/ro\/","name":"Kamoto.MD","description":"\u0418\u043d\u0442\u0435\u0440\u043d\u0435\u0442 \u043c\u0430\u0433\u0430\u0437\u0438\u043d \u044d\u043b\u0435\u043a\u0442\u0440\u043e\u0438\u043d\u0441\u0442\u0440\u0443\u043c\u0435\u043d\u0442\u0430, \u0441\u0430\u0434\u043e\u0432\u043e\u0439 \u0438 \u0441\u0438\u043b\u043e\u0432\u043e\u0439 \u0442\u0435\u0445\u043d\u0438\u043a\u0438.","publisher":{"@id":"https:\/\/kamoto.md\/ro\/#organization"},"potentialAction":[{"@type":"SearchAction","target":{"@type":"EntryPoint","urlTemplate":"https:\/\/kamoto.md\/ro\/?s={search_term_string}"},"query-input":{"@type":"PropertyValueSpecification","valueRequired":true,"valueName":"search_term_string"}}],"inLanguage":"ro-RO"},{"@type":"Organization","@id":"https:\/\/kamoto.md\/ro\/#organization","name":"Kamoto S.R.L.","url":"https:\/\/kamoto.md\/ro\/","logo":{"@type":"ImageObject","inLanguage":"ro-RO","@id":"https:\/\/kamoto.md\/ro\/#\/schema\/logo\/image\/","url":"https:\/\/kamoto.md\/wp-content\/uploads\/2017\/08\/logo.png","contentUrl":"https:\/\/kamoto.md\/wp-content\/uploads\/2017\/08\/logo.png","width":323,"height":50,"caption":"Kamoto S.R.L."},"image":{"@id":"https:\/\/kamoto.md\/ro\/#\/schema\/logo\/image\/"}}]}},"_links":{"self":[{"href":"https:\/\/kamoto.md\/ro\/wp-json\/wp\/v2\/product\/13769","targetHints":{"allow":["GET"]}}],"collection":[{"href":"https:\/\/kamoto.md\/ro\/wp-json\/wp\/v2\/product"}],"about":[{"href":"https:\/\/kamoto.md\/ro\/wp-json\/wp\/v2\/types\/product"}],"wp:featuredmedia":[{"embeddable":true,"href":"https:\/\/kamoto.md\/ro\/wp-json\/wp\/v2\/media\/10814"}],"wp:attachment":[{"href":"https:\/\/kamoto.md\/ro\/wp-json\/wp\/v2\/media?parent=13769"}],"wp:term":[{"taxonomy":"product_brand","embeddable":true,"href":"https:\/\/kamoto.md\/ro\/wp-json\/wp\/v2\/product_brand?post=13769"},{"taxonomy":"product_cat","embeddable":true,"href":"https:\/\/kamoto.md\/ro\/wp-json\/wp\/v2\/product_cat?post=13769"},{"taxonomy":"product_tag","embeddable":true,"href":"https:\/\/kamoto.md\/ro\/wp-json\/wp\/v2\/product_tag?post=13769"}],"curies":[{"name":"wp","href":"https:\/\/api.w.org\/{rel}","templated":true}]}}