{"id":13770,"date":"2021-10-13T13:22:39","date_gmt":"2021-10-13T11:22:39","guid":{"rendered":"https:\/\/kamoto.md\/shop\/fara-categorie\/motopompa-kamoto-gp80\/"},"modified":"2026-02-27T13:05:09","modified_gmt":"2026-02-27T11:05:09","slug":"motopompa-pe-benzina-kamoto-gp80","status":"publish","type":"product","link":"https:\/\/kamoto.md\/ro\/shop\/scule-si-unelte-de-gradinarit\/motopompe\/motopompa-pe-benzina-kamoto-gp80\/","title":{"rendered":"Motopomp\u0103 pe benzin\u0103 KAMOTO GP80"},"content":{"rendered":"<p>Motopompa pe benzin\u0103 KAMOTO GP80 este proiectat\u0103 pentru pomparea apei curate \u0219i u\u0219or contaminate. Are un filtru care previne p\u0103trunderea particulelor mai mari de 5 mm. Func\u021bioneaz\u0103 cu benzin\u0103 f\u0103r\u0103 plumb cu cifra octanic\u0103 95. Cadrul metalic protejeaz\u0103 pompa de deterior\u0103ri \u0219i faciliteaz\u0103 transportul acesteia. Mobilitatea ridicat\u0103 a motopompei \u00eei permite s\u0103 fie transportat\u0103 \u00een orice loc, indiferent de disponibilitatea aliment\u0103rii cu energie electric\u0103 \u0219i ap\u0103.<\/p>\n","protected":false},"excerpt":{"rendered":"<p>Specifica\u021biile motorului<br \/>\nPuterea motorului: 7,0 CP \/ 3600 rpm<br \/>\nTipul motorului: 1 cilindru, Motor \u00een 4 timpi<br \/>\nCombustibil: benzin\u0103 AI-95<br \/>\nCilindree motor: 212 cm3<br \/>\nCapacitate ulei: 0,6 l.<br \/>\nCapacitatea rezervorului de combustibil: 3,6 l<br \/>\nSpecifica\u021bii pomp\u0103<br \/>\nTip pomp\u0103: Pentru ap\u0103 curat\u0103<br \/>\nDiametru intrare: 80 mm<br \/>\nDiametru ie\u0219ire: 80 mm<br \/>\n\u00cen\u0103l\u021bime ridicare: 30 m<br \/>\nCapacitate: p\u00e2n\u0103 la 55 m3\/or\u0103 (p\u00e2n\u0103 la 920 l\/min)<br \/>\nAd\u00e2ncime aspira\u021bie: 7 m<br \/>\nLivrat cu: conector (2 buc.), clem\u0103 (3 buc.), O-ring (2 buc.), filtru de aspira\u021bie (1 buc.)<\/p>\n","protected":false},"featured_media":10803,"template":"","meta":[],"product_brand":[],"product_cat":[383],"product_tag":[],"class_list":{"0":"post-13770","1":"product","2":"type-product","3":"status-publish","4":"has-post-thumbnail","6":"product_cat-motopompe","8":"first","9":"instock","10":"shipping-taxable","11":"purchasable","12":"product-type-simple"},"yoast_head":"<!-- This site is optimized with the Yoast SEO plugin v27.3 - https:\/\/yoast.com\/product\/yoast-seo-wordpress\/ -->\n<title>Motopompe - Motopomp\u0103 pe benzin\u0103 KAMOTO GP80 - Kamoto.md<\/title>\n<meta name=\"robots\" content=\"index, follow, max-snippet:-1, max-image-preview:large, max-video-preview:-1\" \/>\n<link rel=\"canonical\" href=\"https:\/\/kamoto.md\/ro\/shop\/scule-si-unelte-de-gradinarit\/motopompe\/motopompa-pe-benzina-kamoto-gp80\/\" \/>\n<meta property=\"og:locale\" content=\"ro_RO\" \/>\n<meta property=\"og:type\" content=\"article\" \/>\n<meta property=\"og:title\" content=\"Motopompe - Motopomp\u0103 pe benzin\u0103 KAMOTO GP80 - Kamoto.md\" \/>\n<meta property=\"og:description\" content=\"Specifica\u021biile motorului Puterea motorului: 7,0 CP \/ 3600 rpm Tipul motorului: 1 cilindru, Motor \u00een 4 timpi Combustibil: benzin\u0103 AI-95 Cilindree motor: 212 cm3 Capacitate ulei: 0,6 l. Capacitatea rezervorului de combustibil: 3,6 l Specifica\u021bii pomp\u0103 Tip pomp\u0103: Pentru ap\u0103 curat\u0103 Diametru intrare: 80 mm Diametru ie\u0219ire: 80 mm \u00cen\u0103l\u021bime ridicare: 30 m Capacitate: p\u00e2n\u0103 la 55 m3\/or\u0103 (p\u00e2n\u0103 la 920 l\/min) Ad\u00e2ncime aspira\u021bie: 7 m Livrat cu: conector (2 buc.), clem\u0103 (3 buc.), O-ring (2 buc.), filtru de aspira\u021bie (1 buc.)\" \/>\n<meta property=\"og:url\" content=\"https:\/\/kamoto.md\/ro\/shop\/scule-si-unelte-de-gradinarit\/motopompe\/motopompa-pe-benzina-kamoto-gp80\/\" \/>\n<meta property=\"og:site_name\" content=\"Kamoto.md\" \/>\n<meta property=\"article:modified_time\" content=\"2026-02-27T11:05:09+00:00\" \/>\n<meta property=\"og:image\" content=\"https:\/\/kamoto.md\/wp-content\/uploads\/2021\/05\/logo2.png\" \/>\n\t<meta property=\"og:image:width\" content=\"1000\" \/>\n\t<meta property=\"og:image:height\" content=\"1000\" \/>\n\t<meta property=\"og:image:type\" content=\"image\/png\" \/>\n<meta name=\"twitter:card\" content=\"summary_large_image\" \/>\n<meta name=\"twitter:label1\" content=\"Timp estimat pentru citire\" \/>\n\t<meta name=\"twitter:data1\" content=\"1 minut\" \/>\n<script type=\"application\/ld+json\" class=\"yoast-schema-graph\">{\"@context\":\"https:\\\/\\\/schema.org\",\"@graph\":[{\"@type\":[\"WebPage\",\"ItemPage\"],\"@id\":\"https:\\\/\\\/kamoto.md\\\/ro\\\/shop\\\/scule-si-unelte-de-gradinarit\\\/motopompe\\\/motopompa-pe-benzina-kamoto-gp80\\\/\",\"url\":\"https:\\\/\\\/kamoto.md\\\/ro\\\/shop\\\/scule-si-unelte-de-gradinarit\\\/motopompe\\\/motopompa-pe-benzina-kamoto-gp80\\\/\",\"name\":\"Motopompe - Motopomp\u0103 pe benzin\u0103 KAMOTO GP80 - Kamoto.md\",\"isPartOf\":{\"@id\":\"https:\\\/\\\/kamoto.md\\\/ro\\\/#website\"},\"primaryImageOfPage\":{\"@id\":\"https:\\\/\\\/kamoto.md\\\/ro\\\/shop\\\/scule-si-unelte-de-gradinarit\\\/motopompe\\\/motopompa-pe-benzina-kamoto-gp80\\\/#primaryimage\"},\"image\":{\"@id\":\"https:\\\/\\\/kamoto.md\\\/ro\\\/shop\\\/scule-si-unelte-de-gradinarit\\\/motopompe\\\/motopompa-pe-benzina-kamoto-gp80\\\/#primaryimage\"},\"thumbnailUrl\":\"https:\\\/\\\/kamoto.md\\\/wp-content\\\/uploads\\\/2021\\\/10\\\/G.O_28.09.2021-1.jpg\",\"datePublished\":\"2021-10-13T11:22:39+00:00\",\"dateModified\":\"2026-02-27T11:05:09+00:00\",\"breadcrumb\":{\"@id\":\"https:\\\/\\\/kamoto.md\\\/ro\\\/shop\\\/scule-si-unelte-de-gradinarit\\\/motopompe\\\/motopompa-pe-benzina-kamoto-gp80\\\/#breadcrumb\"},\"inLanguage\":\"ro-RO\",\"potentialAction\":[{\"@type\":\"ReadAction\",\"target\":[\"https:\\\/\\\/kamoto.md\\\/ro\\\/shop\\\/scule-si-unelte-de-gradinarit\\\/motopompe\\\/motopompa-pe-benzina-kamoto-gp80\\\/\"]}]},{\"@type\":\"ImageObject\",\"inLanguage\":\"ro-RO\",\"@id\":\"https:\\\/\\\/kamoto.md\\\/ro\\\/shop\\\/scule-si-unelte-de-gradinarit\\\/motopompe\\\/motopompa-pe-benzina-kamoto-gp80\\\/#primaryimage\",\"url\":\"https:\\\/\\\/kamoto.md\\\/wp-content\\\/uploads\\\/2021\\\/10\\\/G.O_28.09.2021-1.jpg\",\"contentUrl\":\"https:\\\/\\\/kamoto.md\\\/wp-content\\\/uploads\\\/2021\\\/10\\\/G.O_28.09.2021-1.jpg\",\"width\":1000,\"height\":1000},{\"@type\":\"BreadcrumbList\",\"@id\":\"https:\\\/\\\/kamoto.md\\\/ro\\\/shop\\\/scule-si-unelte-de-gradinarit\\\/motopompe\\\/motopompa-pe-benzina-kamoto-gp80\\\/#breadcrumb\",\"itemListElement\":[{\"@type\":\"ListItem\",\"position\":1,\"name\":\"\u0413\u043b\u0430\u0432\u043d\u0430\u044f \u0441\u0442\u0440\u0430\u043d\u0438\u0446\u0430\",\"item\":\"https:\\\/\\\/kamoto.md\\\/ro\\\/\"},{\"@type\":\"ListItem\",\"position\":2,\"name\":\"Catalog\",\"item\":\"https:\\\/\\\/kamoto.md\\\/ro\\\/catalog\\\/\"},{\"@type\":\"ListItem\",\"position\":3,\"name\":\"Instrumente \u0219i unelte de gr\u0103din\u0103rit\",\"item\":\"https:\\\/\\\/kamoto.md\\\/ro\\\/catalog\\\/scule-si-unelte-de-gradinarit\\\/\"},{\"@type\":\"ListItem\",\"position\":4,\"name\":\"Motopompe\",\"item\":\"https:\\\/\\\/kamoto.md\\\/ro\\\/catalog\\\/scule-si-unelte-de-gradinarit\\\/motopompe\\\/\"},{\"@type\":\"ListItem\",\"position\":5,\"name\":\"Motopomp\u0103 pe benzin\u0103 KAMOTO GP80\"}]},{\"@type\":\"WebSite\",\"@id\":\"https:\\\/\\\/kamoto.md\\\/ro\\\/#website\",\"url\":\"https:\\\/\\\/kamoto.md\\\/ro\\\/\",\"name\":\"Kamoto.MD\",\"description\":\"\u0418\u043d\u0442\u0435\u0440\u043d\u0435\u0442 \u043c\u0430\u0433\u0430\u0437\u0438\u043d \u044d\u043b\u0435\u043a\u0442\u0440\u043e\u0438\u043d\u0441\u0442\u0440\u0443\u043c\u0435\u043d\u0442\u0430, \u0441\u0430\u0434\u043e\u0432\u043e\u0439 \u0438 \u0441\u0438\u043b\u043e\u0432\u043e\u0439 \u0442\u0435\u0445\u043d\u0438\u043a\u0438.\",\"publisher\":{\"@id\":\"https:\\\/\\\/kamoto.md\\\/ro\\\/#organization\"},\"potentialAction\":[{\"@type\":\"SearchAction\",\"target\":{\"@type\":\"EntryPoint\",\"urlTemplate\":\"https:\\\/\\\/kamoto.md\\\/ro\\\/?s={search_term_string}\"},\"query-input\":{\"@type\":\"PropertyValueSpecification\",\"valueRequired\":true,\"valueName\":\"search_term_string\"}}],\"inLanguage\":\"ro-RO\"},{\"@type\":\"Organization\",\"@id\":\"https:\\\/\\\/kamoto.md\\\/ro\\\/#organization\",\"name\":\"Kamoto S.R.L.\",\"url\":\"https:\\\/\\\/kamoto.md\\\/ro\\\/\",\"logo\":{\"@type\":\"ImageObject\",\"inLanguage\":\"ro-RO\",\"@id\":\"https:\\\/\\\/kamoto.md\\\/ro\\\/#\\\/schema\\\/logo\\\/image\\\/\",\"url\":\"https:\\\/\\\/kamoto.md\\\/wp-content\\\/uploads\\\/2017\\\/08\\\/logo.png\",\"contentUrl\":\"https:\\\/\\\/kamoto.md\\\/wp-content\\\/uploads\\\/2017\\\/08\\\/logo.png\",\"width\":323,\"height\":50,\"caption\":\"Kamoto S.R.L.\"},\"image\":{\"@id\":\"https:\\\/\\\/kamoto.md\\\/ro\\\/#\\\/schema\\\/logo\\\/image\\\/\"}}]}<\/script>\n<!-- \/ Yoast SEO plugin. -->","yoast_head_json":{"title":"Motopompe - Motopomp\u0103 pe benzin\u0103 KAMOTO GP80 - Kamoto.md","robots":{"index":"index","follow":"follow","max-snippet":"max-snippet:-1","max-image-preview":"max-image-preview:large","max-video-preview":"max-video-preview:-1"},"canonical":"https:\/\/kamoto.md\/ro\/shop\/scule-si-unelte-de-gradinarit\/motopompe\/motopompa-pe-benzina-kamoto-gp80\/","og_locale":"ro_RO","og_type":"article","og_title":"Motopompe - Motopomp\u0103 pe benzin\u0103 KAMOTO GP80 - Kamoto.md","og_description":"Specifica\u021biile motorului Puterea motorului: 7,0 CP \/ 3600 rpm Tipul motorului: 1 cilindru, Motor \u00een 4 timpi Combustibil: benzin\u0103 AI-95 Cilindree motor: 212 cm3 Capacitate ulei: 0,6 l. Capacitatea rezervorului de combustibil: 3,6 l Specifica\u021bii pomp\u0103 Tip pomp\u0103: Pentru ap\u0103 curat\u0103 Diametru intrare: 80 mm Diametru ie\u0219ire: 80 mm \u00cen\u0103l\u021bime ridicare: 30 m Capacitate: p\u00e2n\u0103 la 55 m3\/or\u0103 (p\u00e2n\u0103 la 920 l\/min) Ad\u00e2ncime aspira\u021bie: 7 m Livrat cu: conector (2 buc.), clem\u0103 (3 buc.), O-ring (2 buc.), filtru de aspira\u021bie (1 buc.)","og_url":"https:\/\/kamoto.md\/ro\/shop\/scule-si-unelte-de-gradinarit\/motopompe\/motopompa-pe-benzina-kamoto-gp80\/","og_site_name":"Kamoto.md","article_modified_time":"2026-02-27T11:05:09+00:00","og_image":[{"width":1000,"height":1000,"url":"https:\/\/kamoto.md\/wp-content\/uploads\/2021\/05\/logo2.png","type":"image\/png"}],"twitter_card":"summary_large_image","twitter_misc":{"Timp estimat pentru citire":"1 minut"},"schema":{"@context":"https:\/\/schema.org","@graph":[{"@type":["WebPage","ItemPage"],"@id":"https:\/\/kamoto.md\/ro\/shop\/scule-si-unelte-de-gradinarit\/motopompe\/motopompa-pe-benzina-kamoto-gp80\/","url":"https:\/\/kamoto.md\/ro\/shop\/scule-si-unelte-de-gradinarit\/motopompe\/motopompa-pe-benzina-kamoto-gp80\/","name":"Motopompe - Motopomp\u0103 pe benzin\u0103 KAMOTO GP80 - Kamoto.md","isPartOf":{"@id":"https:\/\/kamoto.md\/ro\/#website"},"primaryImageOfPage":{"@id":"https:\/\/kamoto.md\/ro\/shop\/scule-si-unelte-de-gradinarit\/motopompe\/motopompa-pe-benzina-kamoto-gp80\/#primaryimage"},"image":{"@id":"https:\/\/kamoto.md\/ro\/shop\/scule-si-unelte-de-gradinarit\/motopompe\/motopompa-pe-benzina-kamoto-gp80\/#primaryimage"},"thumbnailUrl":"https:\/\/kamoto.md\/wp-content\/uploads\/2021\/10\/G.O_28.09.2021-1.jpg","datePublished":"2021-10-13T11:22:39+00:00","dateModified":"2026-02-27T11:05:09+00:00","breadcrumb":{"@id":"https:\/\/kamoto.md\/ro\/shop\/scule-si-unelte-de-gradinarit\/motopompe\/motopompa-pe-benzina-kamoto-gp80\/#breadcrumb"},"inLanguage":"ro-RO","potentialAction":[{"@type":"ReadAction","target":["https:\/\/kamoto.md\/ro\/shop\/scule-si-unelte-de-gradinarit\/motopompe\/motopompa-pe-benzina-kamoto-gp80\/"]}]},{"@type":"ImageObject","inLanguage":"ro-RO","@id":"https:\/\/kamoto.md\/ro\/shop\/scule-si-unelte-de-gradinarit\/motopompe\/motopompa-pe-benzina-kamoto-gp80\/#primaryimage","url":"https:\/\/kamoto.md\/wp-content\/uploads\/2021\/10\/G.O_28.09.2021-1.jpg","contentUrl":"https:\/\/kamoto.md\/wp-content\/uploads\/2021\/10\/G.O_28.09.2021-1.jpg","width":1000,"height":1000},{"@type":"BreadcrumbList","@id":"https:\/\/kamoto.md\/ro\/shop\/scule-si-unelte-de-gradinarit\/motopompe\/motopompa-pe-benzina-kamoto-gp80\/#breadcrumb","itemListElement":[{"@type":"ListItem","position":1,"name":"\u0413\u043b\u0430\u0432\u043d\u0430\u044f \u0441\u0442\u0440\u0430\u043d\u0438\u0446\u0430","item":"https:\/\/kamoto.md\/ro\/"},{"@type":"ListItem","position":2,"name":"Catalog","item":"https:\/\/kamoto.md\/ro\/catalog\/"},{"@type":"ListItem","position":3,"name":"Instrumente \u0219i unelte de gr\u0103din\u0103rit","item":"https:\/\/kamoto.md\/ro\/catalog\/scule-si-unelte-de-gradinarit\/"},{"@type":"ListItem","position":4,"name":"Motopompe","item":"https:\/\/kamoto.md\/ro\/catalog\/scule-si-unelte-de-gradinarit\/motopompe\/"},{"@type":"ListItem","position":5,"name":"Motopomp\u0103 pe benzin\u0103 KAMOTO GP80"}]},{"@type":"WebSite","@id":"https:\/\/kamoto.md\/ro\/#website","url":"https:\/\/kamoto.md\/ro\/","name":"Kamoto.MD","description":"\u0418\u043d\u0442\u0435\u0440\u043d\u0435\u0442 \u043c\u0430\u0433\u0430\u0437\u0438\u043d \u044d\u043b\u0435\u043a\u0442\u0440\u043e\u0438\u043d\u0441\u0442\u0440\u0443\u043c\u0435\u043d\u0442\u0430, \u0441\u0430\u0434\u043e\u0432\u043e\u0439 \u0438 \u0441\u0438\u043b\u043e\u0432\u043e\u0439 \u0442\u0435\u0445\u043d\u0438\u043a\u0438.","publisher":{"@id":"https:\/\/kamoto.md\/ro\/#organization"},"potentialAction":[{"@type":"SearchAction","target":{"@type":"EntryPoint","urlTemplate":"https:\/\/kamoto.md\/ro\/?s={search_term_string}"},"query-input":{"@type":"PropertyValueSpecification","valueRequired":true,"valueName":"search_term_string"}}],"inLanguage":"ro-RO"},{"@type":"Organization","@id":"https:\/\/kamoto.md\/ro\/#organization","name":"Kamoto S.R.L.","url":"https:\/\/kamoto.md\/ro\/","logo":{"@type":"ImageObject","inLanguage":"ro-RO","@id":"https:\/\/kamoto.md\/ro\/#\/schema\/logo\/image\/","url":"https:\/\/kamoto.md\/wp-content\/uploads\/2017\/08\/logo.png","contentUrl":"https:\/\/kamoto.md\/wp-content\/uploads\/2017\/08\/logo.png","width":323,"height":50,"caption":"Kamoto S.R.L."},"image":{"@id":"https:\/\/kamoto.md\/ro\/#\/schema\/logo\/image\/"}}]}},"_links":{"self":[{"href":"https:\/\/kamoto.md\/ro\/wp-json\/wp\/v2\/product\/13770","targetHints":{"allow":["GET"]}}],"collection":[{"href":"https:\/\/kamoto.md\/ro\/wp-json\/wp\/v2\/product"}],"about":[{"href":"https:\/\/kamoto.md\/ro\/wp-json\/wp\/v2\/types\/product"}],"wp:featuredmedia":[{"embeddable":true,"href":"https:\/\/kamoto.md\/ro\/wp-json\/wp\/v2\/media\/10803"}],"wp:attachment":[{"href":"https:\/\/kamoto.md\/ro\/wp-json\/wp\/v2\/media?parent=13770"}],"wp:term":[{"taxonomy":"product_brand","embeddable":true,"href":"https:\/\/kamoto.md\/ro\/wp-json\/wp\/v2\/product_brand?post=13770"},{"taxonomy":"product_cat","embeddable":true,"href":"https:\/\/kamoto.md\/ro\/wp-json\/wp\/v2\/product_cat?post=13770"},{"taxonomy":"product_tag","embeddable":true,"href":"https:\/\/kamoto.md\/ro\/wp-json\/wp\/v2\/product_tag?post=13770"}],"curies":[{"name":"wp","href":"https:\/\/api.w.org\/{rel}","templated":true}]}}