{"id":13772,"date":"2021-10-13T13:08:25","date_gmt":"2021-10-13T11:08:25","guid":{"rendered":"https:\/\/kamoto.md\/shop\/fara-categorie\/otbojnyj-molotok-kamoto-h1700hex\/"},"modified":"2026-03-02T12:53:54","modified_gmt":"2026-03-02T10:53:54","slug":"ciocan-demolator-kamoto-h1700hex","status":"publish","type":"product","link":"https:\/\/kamoto.md\/ro\/shop\/scule-electrice\/ciocane-rotopercutoare\/ciocan-demolator-kamoto-h1700hex\/","title":{"rendered":"Ciocan demolator KAMOTO H1700HEX"},"content":{"rendered":"<p>Ciocan Demolator KAMOTO H1700HEX este o unealt\u0103 cu impact proiectat\u0103 pentru sl\u0103birea \u0219i spargerea materialelor rezistente, precum c\u0103r\u0103mizi, asfalt sau structuri din beton.<\/p>\n<p>M\u00e2nerul D este utilizat pentru a men\u021bine unealta \u00een siguran\u021b\u0103 \u00een orice pozi\u021bie.<br \/>\nFunc\u021bionarea eficient\u0103 \u0219i rezultatele de calitate sunt ob\u021binute datorit\u0103 motorului de 1700 W. Frecven\u021ba de impact ajunge la 1900 b\u0103t\u0103i\/min, iar for\u021ba de impact este de 55 jouli.<\/p>\n<p>To\u021bi ace\u0219ti parametri, combina\u021bi cu mandrina hexagonal\u0103 intern\u0103 de 30 mm tip SDS-HEX, permit o productivitate maxim\u0103.<\/p>\n","protected":false},"excerpt":{"rendered":"<p>Consum de energie: 1700 W<br \/>\nAlimentare: 220-240V \/ 50-60Hz<br \/>\nFor\u021b\u0103 de impact: 55 Jouli<br \/>\nTip mandrin\u0103: SDS HEX<br \/>\nNum\u0103r de moduri de lucru: 1<br \/>\nNum\u0103r de lovituri: 1900 b\u0103t\u0103i\/min<br \/>\nCarcas\u0103 cutie de viteze din aliaj de magneziu: Da<br \/>\nSistem de protec\u021bie a operatorului: Da<br \/>\nM\u00e2ner cauciucat ExtraGrip: Da<br \/>\nCablu rezistent la \u00eenghe\u021b: Da<br \/>\nProtec\u021bie \u00eempotriva prafului: Da<br \/>\nVanghet\u0103, dalt\u0103: Da<br \/>\nTub ulei cutie de viteze: Da<br \/>\nCheie: Da<br \/>\nCheie hexagonal\u0103: 2 buc<br \/>\nLungime cablu: 4 m<\/p>\n","protected":false},"featured_media":10769,"template":"","meta":[],"product_brand":[],"product_cat":[319],"product_tag":[],"class_list":{"0":"post-13772","1":"product","2":"type-product","3":"status-publish","4":"has-post-thumbnail","6":"product_cat-ciocane-rotopercutoare","8":"first","9":"instock","10":"sale","11":"shipping-taxable","12":"purchasable","13":"product-type-simple"},"yoast_head":"<!-- This site is optimized with the Yoast SEO plugin v27.3 - https:\/\/yoast.com\/product\/yoast-seo-wordpress\/ -->\n<title>Ciocane rotopercutoare \u0219i demolatoare - Ciocan demolator KAMOTO H1700HEX - Kamoto.md<\/title>\n<meta name=\"robots\" content=\"index, follow, max-snippet:-1, max-image-preview:large, max-video-preview:-1\" \/>\n<link rel=\"canonical\" href=\"https:\/\/kamoto.md\/ro\/shop\/scule-electrice\/ciocane-rotopercutoare\/ciocan-demolator-kamoto-h1700hex\/\" \/>\n<meta property=\"og:locale\" content=\"ro_RO\" \/>\n<meta property=\"og:type\" content=\"article\" \/>\n<meta property=\"og:title\" content=\"Ciocane rotopercutoare \u0219i demolatoare - Ciocan demolator KAMOTO H1700HEX - Kamoto.md\" \/>\n<meta property=\"og:description\" content=\"Consum de energie: 1700 W Alimentare: 220-240V \/ 50-60Hz For\u021b\u0103 de impact: 55 Jouli Tip mandrin\u0103: SDS HEX Num\u0103r de moduri de lucru: 1 Num\u0103r de lovituri: 1900 b\u0103t\u0103i\/min Carcas\u0103 cutie de viteze din aliaj de magneziu: Da Sistem de protec\u021bie a operatorului: Da M\u00e2ner cauciucat ExtraGrip: Da Cablu rezistent la \u00eenghe\u021b: Da Protec\u021bie \u00eempotriva prafului: Da Vanghet\u0103, dalt\u0103: Da Tub ulei cutie de viteze: Da Cheie: Da Cheie hexagonal\u0103: 2 buc Lungime cablu: 4 m\" \/>\n<meta property=\"og:url\" content=\"https:\/\/kamoto.md\/ro\/shop\/scule-electrice\/ciocane-rotopercutoare\/ciocan-demolator-kamoto-h1700hex\/\" \/>\n<meta property=\"og:site_name\" content=\"Kamoto.md\" \/>\n<meta property=\"article:modified_time\" content=\"2026-03-02T10:53:54+00:00\" \/>\n<meta property=\"og:image\" content=\"https:\/\/kamoto.md\/wp-content\/uploads\/2021\/05\/logo2.png\" \/>\n\t<meta property=\"og:image:width\" content=\"1000\" \/>\n\t<meta property=\"og:image:height\" content=\"1000\" \/>\n\t<meta property=\"og:image:type\" content=\"image\/png\" \/>\n<meta name=\"twitter:card\" content=\"summary_large_image\" \/>\n<meta name=\"twitter:label1\" content=\"Timp estimat pentru citire\" \/>\n\t<meta name=\"twitter:data1\" content=\"1 minut\" \/>\n<script type=\"application\/ld+json\" class=\"yoast-schema-graph\">{\"@context\":\"https:\\\/\\\/schema.org\",\"@graph\":[{\"@type\":[\"WebPage\",\"ItemPage\"],\"@id\":\"https:\\\/\\\/kamoto.md\\\/ro\\\/shop\\\/scule-electrice\\\/ciocane-rotopercutoare\\\/ciocan-demolator-kamoto-h1700hex\\\/\",\"url\":\"https:\\\/\\\/kamoto.md\\\/ro\\\/shop\\\/scule-electrice\\\/ciocane-rotopercutoare\\\/ciocan-demolator-kamoto-h1700hex\\\/\",\"name\":\"Ciocane rotopercutoare \u0219i demolatoare - Ciocan demolator KAMOTO H1700HEX - Kamoto.md\",\"isPartOf\":{\"@id\":\"https:\\\/\\\/kamoto.md\\\/ro\\\/#website\"},\"primaryImageOfPage\":{\"@id\":\"https:\\\/\\\/kamoto.md\\\/ro\\\/shop\\\/scule-electrice\\\/ciocane-rotopercutoare\\\/ciocan-demolator-kamoto-h1700hex\\\/#primaryimage\"},\"image\":{\"@id\":\"https:\\\/\\\/kamoto.md\\\/ro\\\/shop\\\/scule-electrice\\\/ciocane-rotopercutoare\\\/ciocan-demolator-kamoto-h1700hex\\\/#primaryimage\"},\"thumbnailUrl\":\"https:\\\/\\\/kamoto.md\\\/wp-content\\\/uploads\\\/2021\\\/10\\\/IMG_3376.jpg\",\"datePublished\":\"2021-10-13T11:08:25+00:00\",\"dateModified\":\"2026-03-02T10:53:54+00:00\",\"breadcrumb\":{\"@id\":\"https:\\\/\\\/kamoto.md\\\/ro\\\/shop\\\/scule-electrice\\\/ciocane-rotopercutoare\\\/ciocan-demolator-kamoto-h1700hex\\\/#breadcrumb\"},\"inLanguage\":\"ro-RO\",\"potentialAction\":[{\"@type\":\"ReadAction\",\"target\":[\"https:\\\/\\\/kamoto.md\\\/ro\\\/shop\\\/scule-electrice\\\/ciocane-rotopercutoare\\\/ciocan-demolator-kamoto-h1700hex\\\/\"]}]},{\"@type\":\"ImageObject\",\"inLanguage\":\"ro-RO\",\"@id\":\"https:\\\/\\\/kamoto.md\\\/ro\\\/shop\\\/scule-electrice\\\/ciocane-rotopercutoare\\\/ciocan-demolator-kamoto-h1700hex\\\/#primaryimage\",\"url\":\"https:\\\/\\\/kamoto.md\\\/wp-content\\\/uploads\\\/2021\\\/10\\\/IMG_3376.jpg\",\"contentUrl\":\"https:\\\/\\\/kamoto.md\\\/wp-content\\\/uploads\\\/2021\\\/10\\\/IMG_3376.jpg\",\"width\":1000,\"height\":1000},{\"@type\":\"BreadcrumbList\",\"@id\":\"https:\\\/\\\/kamoto.md\\\/ro\\\/shop\\\/scule-electrice\\\/ciocane-rotopercutoare\\\/ciocan-demolator-kamoto-h1700hex\\\/#breadcrumb\",\"itemListElement\":[{\"@type\":\"ListItem\",\"position\":1,\"name\":\"\u0413\u043b\u0430\u0432\u043d\u0430\u044f \u0441\u0442\u0440\u0430\u043d\u0438\u0446\u0430\",\"item\":\"https:\\\/\\\/kamoto.md\\\/ro\\\/\"},{\"@type\":\"ListItem\",\"position\":2,\"name\":\"Catalog\",\"item\":\"https:\\\/\\\/kamoto.md\\\/ro\\\/catalog\\\/\"},{\"@type\":\"ListItem\",\"position\":3,\"name\":\"Instrumente electrice\",\"item\":\"https:\\\/\\\/kamoto.md\\\/ro\\\/catalog\\\/scule-electrice\\\/\"},{\"@type\":\"ListItem\",\"position\":4,\"name\":\"Ciocane rotopercutoare \u0219i demolatoare\",\"item\":\"https:\\\/\\\/kamoto.md\\\/ro\\\/catalog\\\/scule-electrice\\\/ciocane-rotopercutoare\\\/\"},{\"@type\":\"ListItem\",\"position\":5,\"name\":\"Ciocan demolator KAMOTO H1700HEX\"}]},{\"@type\":\"WebSite\",\"@id\":\"https:\\\/\\\/kamoto.md\\\/ro\\\/#website\",\"url\":\"https:\\\/\\\/kamoto.md\\\/ro\\\/\",\"name\":\"Kamoto.MD\",\"description\":\"\u0418\u043d\u0442\u0435\u0440\u043d\u0435\u0442 \u043c\u0430\u0433\u0430\u0437\u0438\u043d \u044d\u043b\u0435\u043a\u0442\u0440\u043e\u0438\u043d\u0441\u0442\u0440\u0443\u043c\u0435\u043d\u0442\u0430, \u0441\u0430\u0434\u043e\u0432\u043e\u0439 \u0438 \u0441\u0438\u043b\u043e\u0432\u043e\u0439 \u0442\u0435\u0445\u043d\u0438\u043a\u0438.\",\"publisher\":{\"@id\":\"https:\\\/\\\/kamoto.md\\\/ro\\\/#organization\"},\"potentialAction\":[{\"@type\":\"SearchAction\",\"target\":{\"@type\":\"EntryPoint\",\"urlTemplate\":\"https:\\\/\\\/kamoto.md\\\/ro\\\/?s={search_term_string}\"},\"query-input\":{\"@type\":\"PropertyValueSpecification\",\"valueRequired\":true,\"valueName\":\"search_term_string\"}}],\"inLanguage\":\"ro-RO\"},{\"@type\":\"Organization\",\"@id\":\"https:\\\/\\\/kamoto.md\\\/ro\\\/#organization\",\"name\":\"Kamoto S.R.L.\",\"url\":\"https:\\\/\\\/kamoto.md\\\/ro\\\/\",\"logo\":{\"@type\":\"ImageObject\",\"inLanguage\":\"ro-RO\",\"@id\":\"https:\\\/\\\/kamoto.md\\\/ro\\\/#\\\/schema\\\/logo\\\/image\\\/\",\"url\":\"https:\\\/\\\/kamoto.md\\\/wp-content\\\/uploads\\\/2017\\\/08\\\/logo.png\",\"contentUrl\":\"https:\\\/\\\/kamoto.md\\\/wp-content\\\/uploads\\\/2017\\\/08\\\/logo.png\",\"width\":323,\"height\":50,\"caption\":\"Kamoto S.R.L.\"},\"image\":{\"@id\":\"https:\\\/\\\/kamoto.md\\\/ro\\\/#\\\/schema\\\/logo\\\/image\\\/\"}}]}<\/script>\n<!-- \/ Yoast SEO plugin. -->","yoast_head_json":{"title":"Ciocane rotopercutoare \u0219i demolatoare - Ciocan demolator KAMOTO H1700HEX - Kamoto.md","robots":{"index":"index","follow":"follow","max-snippet":"max-snippet:-1","max-image-preview":"max-image-preview:large","max-video-preview":"max-video-preview:-1"},"canonical":"https:\/\/kamoto.md\/ro\/shop\/scule-electrice\/ciocane-rotopercutoare\/ciocan-demolator-kamoto-h1700hex\/","og_locale":"ro_RO","og_type":"article","og_title":"Ciocane rotopercutoare \u0219i demolatoare - Ciocan demolator KAMOTO H1700HEX - Kamoto.md","og_description":"Consum de energie: 1700 W Alimentare: 220-240V \/ 50-60Hz For\u021b\u0103 de impact: 55 Jouli Tip mandrin\u0103: SDS HEX Num\u0103r de moduri de lucru: 1 Num\u0103r de lovituri: 1900 b\u0103t\u0103i\/min Carcas\u0103 cutie de viteze din aliaj de magneziu: Da Sistem de protec\u021bie a operatorului: Da M\u00e2ner cauciucat ExtraGrip: Da Cablu rezistent la \u00eenghe\u021b: Da Protec\u021bie \u00eempotriva prafului: Da Vanghet\u0103, dalt\u0103: Da Tub ulei cutie de viteze: Da Cheie: Da Cheie hexagonal\u0103: 2 buc Lungime cablu: 4 m","og_url":"https:\/\/kamoto.md\/ro\/shop\/scule-electrice\/ciocane-rotopercutoare\/ciocan-demolator-kamoto-h1700hex\/","og_site_name":"Kamoto.md","article_modified_time":"2026-03-02T10:53:54+00:00","og_image":[{"width":1000,"height":1000,"url":"https:\/\/kamoto.md\/wp-content\/uploads\/2021\/05\/logo2.png","type":"image\/png"}],"twitter_card":"summary_large_image","twitter_misc":{"Timp estimat pentru citire":"1 minut"},"schema":{"@context":"https:\/\/schema.org","@graph":[{"@type":["WebPage","ItemPage"],"@id":"https:\/\/kamoto.md\/ro\/shop\/scule-electrice\/ciocane-rotopercutoare\/ciocan-demolator-kamoto-h1700hex\/","url":"https:\/\/kamoto.md\/ro\/shop\/scule-electrice\/ciocane-rotopercutoare\/ciocan-demolator-kamoto-h1700hex\/","name":"Ciocane rotopercutoare \u0219i demolatoare - Ciocan demolator KAMOTO H1700HEX - Kamoto.md","isPartOf":{"@id":"https:\/\/kamoto.md\/ro\/#website"},"primaryImageOfPage":{"@id":"https:\/\/kamoto.md\/ro\/shop\/scule-electrice\/ciocane-rotopercutoare\/ciocan-demolator-kamoto-h1700hex\/#primaryimage"},"image":{"@id":"https:\/\/kamoto.md\/ro\/shop\/scule-electrice\/ciocane-rotopercutoare\/ciocan-demolator-kamoto-h1700hex\/#primaryimage"},"thumbnailUrl":"https:\/\/kamoto.md\/wp-content\/uploads\/2021\/10\/IMG_3376.jpg","datePublished":"2021-10-13T11:08:25+00:00","dateModified":"2026-03-02T10:53:54+00:00","breadcrumb":{"@id":"https:\/\/kamoto.md\/ro\/shop\/scule-electrice\/ciocane-rotopercutoare\/ciocan-demolator-kamoto-h1700hex\/#breadcrumb"},"inLanguage":"ro-RO","potentialAction":[{"@type":"ReadAction","target":["https:\/\/kamoto.md\/ro\/shop\/scule-electrice\/ciocane-rotopercutoare\/ciocan-demolator-kamoto-h1700hex\/"]}]},{"@type":"ImageObject","inLanguage":"ro-RO","@id":"https:\/\/kamoto.md\/ro\/shop\/scule-electrice\/ciocane-rotopercutoare\/ciocan-demolator-kamoto-h1700hex\/#primaryimage","url":"https:\/\/kamoto.md\/wp-content\/uploads\/2021\/10\/IMG_3376.jpg","contentUrl":"https:\/\/kamoto.md\/wp-content\/uploads\/2021\/10\/IMG_3376.jpg","width":1000,"height":1000},{"@type":"BreadcrumbList","@id":"https:\/\/kamoto.md\/ro\/shop\/scule-electrice\/ciocane-rotopercutoare\/ciocan-demolator-kamoto-h1700hex\/#breadcrumb","itemListElement":[{"@type":"ListItem","position":1,"name":"\u0413\u043b\u0430\u0432\u043d\u0430\u044f \u0441\u0442\u0440\u0430\u043d\u0438\u0446\u0430","item":"https:\/\/kamoto.md\/ro\/"},{"@type":"ListItem","position":2,"name":"Catalog","item":"https:\/\/kamoto.md\/ro\/catalog\/"},{"@type":"ListItem","position":3,"name":"Instrumente electrice","item":"https:\/\/kamoto.md\/ro\/catalog\/scule-electrice\/"},{"@type":"ListItem","position":4,"name":"Ciocane rotopercutoare \u0219i demolatoare","item":"https:\/\/kamoto.md\/ro\/catalog\/scule-electrice\/ciocane-rotopercutoare\/"},{"@type":"ListItem","position":5,"name":"Ciocan demolator KAMOTO H1700HEX"}]},{"@type":"WebSite","@id":"https:\/\/kamoto.md\/ro\/#website","url":"https:\/\/kamoto.md\/ro\/","name":"Kamoto.MD","description":"\u0418\u043d\u0442\u0435\u0440\u043d\u0435\u0442 \u043c\u0430\u0433\u0430\u0437\u0438\u043d \u044d\u043b\u0435\u043a\u0442\u0440\u043e\u0438\u043d\u0441\u0442\u0440\u0443\u043c\u0435\u043d\u0442\u0430, \u0441\u0430\u0434\u043e\u0432\u043e\u0439 \u0438 \u0441\u0438\u043b\u043e\u0432\u043e\u0439 \u0442\u0435\u0445\u043d\u0438\u043a\u0438.","publisher":{"@id":"https:\/\/kamoto.md\/ro\/#organization"},"potentialAction":[{"@type":"SearchAction","target":{"@type":"EntryPoint","urlTemplate":"https:\/\/kamoto.md\/ro\/?s={search_term_string}"},"query-input":{"@type":"PropertyValueSpecification","valueRequired":true,"valueName":"search_term_string"}}],"inLanguage":"ro-RO"},{"@type":"Organization","@id":"https:\/\/kamoto.md\/ro\/#organization","name":"Kamoto S.R.L.","url":"https:\/\/kamoto.md\/ro\/","logo":{"@type":"ImageObject","inLanguage":"ro-RO","@id":"https:\/\/kamoto.md\/ro\/#\/schema\/logo\/image\/","url":"https:\/\/kamoto.md\/wp-content\/uploads\/2017\/08\/logo.png","contentUrl":"https:\/\/kamoto.md\/wp-content\/uploads\/2017\/08\/logo.png","width":323,"height":50,"caption":"Kamoto S.R.L."},"image":{"@id":"https:\/\/kamoto.md\/ro\/#\/schema\/logo\/image\/"}}]}},"_links":{"self":[{"href":"https:\/\/kamoto.md\/ro\/wp-json\/wp\/v2\/product\/13772","targetHints":{"allow":["GET"]}}],"collection":[{"href":"https:\/\/kamoto.md\/ro\/wp-json\/wp\/v2\/product"}],"about":[{"href":"https:\/\/kamoto.md\/ro\/wp-json\/wp\/v2\/types\/product"}],"wp:featuredmedia":[{"embeddable":true,"href":"https:\/\/kamoto.md\/ro\/wp-json\/wp\/v2\/media\/10769"}],"wp:attachment":[{"href":"https:\/\/kamoto.md\/ro\/wp-json\/wp\/v2\/media?parent=13772"}],"wp:term":[{"taxonomy":"product_brand","embeddable":true,"href":"https:\/\/kamoto.md\/ro\/wp-json\/wp\/v2\/product_brand?post=13772"},{"taxonomy":"product_cat","embeddable":true,"href":"https:\/\/kamoto.md\/ro\/wp-json\/wp\/v2\/product_cat?post=13772"},{"taxonomy":"product_tag","embeddable":true,"href":"https:\/\/kamoto.md\/ro\/wp-json\/wp\/v2\/product_tag?post=13772"}],"curies":[{"name":"wp","href":"https:\/\/api.w.org\/{rel}","templated":true}]}}