{"id":13773,"date":"2021-10-13T13:05:34","date_gmt":"2021-10-13T11:05:34","guid":{"rendered":"https:\/\/kamoto.md\/shop\/fara-categorie\/otbojnyj-molotok-kamoto-kdh4517max\/"},"modified":"2026-02-26T09:27:06","modified_gmt":"2026-02-26T07:27:06","slug":"ciocan-demolator-kamoto-h1700max","status":"publish","type":"product","link":"https:\/\/kamoto.md\/ro\/shop\/scule-electrice\/ciocane-rotopercutoare\/ciocan-demolator-kamoto-h1700max\/","title":{"rendered":"Ciocan demolator KAMOTO H1700MAX"},"content":{"rendered":"<div class=\"wpb-content-wrapper\"><p>[vc_row][vc_column][vc_column_text css=&#8221;&#8221; woodmart_inline=&#8221;no&#8221; text_larger=&#8221;no&#8221;]Ciocan demolator <strong data-start=\"103\" data-end=\"123\">Kamoto H1700MAX <\/strong>\u00a0este echipat cu un motor de 1700 W proiectat pentru demolarea zidurilor de c\u0103r\u0103mid\u0103, beton \u0219i spargerea prin deschideri. Sistemul antivibra\u021bie AVS \u0219i m\u00e2nerul ciocanului \u00een form\u0103 de D fac ca prinderea s\u0103 fie confortabil\u0103 \u0219i munca operatorului s\u0103 nu fie obositoare pentru o perioad\u0103 lung\u0103 de timp.<\/p>\n<p>Munca eficient\u0103 \u0219i rezultatele de calitate sunt ob\u021binute datorit\u0103 motorului de 1700 W. Frecven\u021ba de impact este reglabil\u0103 de la 200 la 2100 b\u0103t\u0103i\/min, iar for\u021ba de impact este de 45 jouli.<\/p>\n<p>Capacitatea de a schimba unghiul daltei \u0219i al bitului face ca dispozitivul s\u0103 fie func\u021bional \u0219i potrivit pentru diferite tipuri de sarcini.[\/vc_column_text][\/vc_column][\/vc_row]<\/p>\n<\/div>","protected":false},"excerpt":{"rendered":"<p>Consum de energie: 1700 W<br \/>\nAlimentare: 220-240V \/ 50-60Hz<br \/>\nFor\u021ba de impact: 45 Jouli<br \/>\nTip mandrin\u0103: SDS MAX<br \/>\nNum\u0103r de moduri de func\u021bionare: 1<br \/>\nControler RPM: Da (6 moduri)<br \/>\nNum\u0103rul de b\u0103t\u0103i: 200 &#8211; 2100 b\u0103t\u0103i\/minut<br \/>\nCarcasa cutiei de viteze din aliaj de magneziu: Da<br \/>\nSistem de protec\u021bie a operatorului: Da<br \/>\nSistem anti-vibra\u021bii AVS: Da<br \/>\nM\u00e2ner cauciucat ExtraGrip: Da<br \/>\nCablu rezistent la \u00eenghe\u021b: Da<br \/>\nProtec\u021bie \u00eempotriva prafului: Da<br \/>\nVanghet\u0103, dalt\u0103: Da<br \/>\nFunc\u021bia de schimbare a unghiului duzei: Da<br \/>\nUnsoare pentru man\u0219oanele duzelor: Da<br \/>\nCheie hexagonal\u0103: Da<br \/>\nLungimea cablului: 4 m<\/p>\n","protected":false},"featured_media":10745,"template":"","meta":[],"product_brand":[],"product_cat":[319],"product_tag":[],"class_list":{"0":"post-13773","1":"product","2":"type-product","3":"status-publish","4":"has-post-thumbnail","6":"product_cat-ciocane-rotopercutoare","8":"first","9":"instock","10":"sale","11":"shipping-taxable","12":"purchasable","13":"product-type-simple"},"yoast_head":"<!-- This site is optimized with the Yoast SEO plugin v27.3 - https:\/\/yoast.com\/product\/yoast-seo-wordpress\/ -->\n<title>Ciocane rotopercutoare \u0219i demolatoare - Ciocan demolator KAMOTO H1700MAX - Kamoto.md<\/title>\n<meta name=\"robots\" content=\"index, follow, max-snippet:-1, max-image-preview:large, max-video-preview:-1\" \/>\n<link rel=\"canonical\" href=\"https:\/\/kamoto.md\/ro\/shop\/scule-electrice\/ciocane-rotopercutoare\/ciocan-demolator-kamoto-h1700max\/\" \/>\n<meta property=\"og:locale\" content=\"ro_RO\" \/>\n<meta property=\"og:type\" content=\"article\" \/>\n<meta property=\"og:title\" content=\"Ciocane rotopercutoare \u0219i demolatoare - Ciocan demolator KAMOTO H1700MAX - Kamoto.md\" \/>\n<meta property=\"og:description\" content=\"Consum de energie: 1700 W Alimentare: 220-240V \/ 50-60Hz For\u021ba de impact: 45 Jouli Tip mandrin\u0103: SDS MAX Num\u0103r de moduri de func\u021bionare: 1 Controler RPM: Da (6 moduri) Num\u0103rul de b\u0103t\u0103i: 200 - 2100 b\u0103t\u0103i\/minut Carcasa cutiei de viteze din aliaj de magneziu: Da Sistem de protec\u021bie a operatorului: Da Sistem anti-vibra\u021bii AVS: Da M\u00e2ner cauciucat ExtraGrip: Da Cablu rezistent la \u00eenghe\u021b: Da Protec\u021bie \u00eempotriva prafului: Da Vanghet\u0103, dalt\u0103: Da Func\u021bia de schimbare a unghiului duzei: Da Unsoare pentru man\u0219oanele duzelor: Da Cheie hexagonal\u0103: Da Lungimea cablului: 4 m\" \/>\n<meta property=\"og:url\" content=\"https:\/\/kamoto.md\/ro\/shop\/scule-electrice\/ciocane-rotopercutoare\/ciocan-demolator-kamoto-h1700max\/\" \/>\n<meta property=\"og:site_name\" content=\"Kamoto.md\" \/>\n<meta property=\"article:modified_time\" content=\"2026-02-26T07:27:06+00:00\" \/>\n<meta property=\"og:image\" content=\"https:\/\/kamoto.md\/wp-content\/uploads\/2021\/05\/logo2.png\" \/>\n\t<meta property=\"og:image:width\" content=\"1000\" \/>\n\t<meta property=\"og:image:height\" content=\"1000\" \/>\n\t<meta property=\"og:image:type\" content=\"image\/png\" \/>\n<meta name=\"twitter:card\" content=\"summary_large_image\" \/>\n<meta name=\"twitter:label1\" content=\"Timp estimat pentru citire\" \/>\n\t<meta name=\"twitter:data1\" content=\"1 minut\" \/>\n<script type=\"application\/ld+json\" class=\"yoast-schema-graph\">{\"@context\":\"https:\\\/\\\/schema.org\",\"@graph\":[{\"@type\":[\"WebPage\",\"ItemPage\"],\"@id\":\"https:\\\/\\\/kamoto.md\\\/ro\\\/shop\\\/scule-electrice\\\/ciocane-rotopercutoare\\\/ciocan-demolator-kamoto-h1700max\\\/\",\"url\":\"https:\\\/\\\/kamoto.md\\\/ro\\\/shop\\\/scule-electrice\\\/ciocane-rotopercutoare\\\/ciocan-demolator-kamoto-h1700max\\\/\",\"name\":\"Ciocane rotopercutoare \u0219i demolatoare - Ciocan demolator KAMOTO H1700MAX - Kamoto.md\",\"isPartOf\":{\"@id\":\"https:\\\/\\\/kamoto.md\\\/ro\\\/#website\"},\"primaryImageOfPage\":{\"@id\":\"https:\\\/\\\/kamoto.md\\\/ro\\\/shop\\\/scule-electrice\\\/ciocane-rotopercutoare\\\/ciocan-demolator-kamoto-h1700max\\\/#primaryimage\"},\"image\":{\"@id\":\"https:\\\/\\\/kamoto.md\\\/ro\\\/shop\\\/scule-electrice\\\/ciocane-rotopercutoare\\\/ciocan-demolator-kamoto-h1700max\\\/#primaryimage\"},\"thumbnailUrl\":\"https:\\\/\\\/kamoto.md\\\/wp-content\\\/uploads\\\/2021\\\/10\\\/IMG_3326.jpg\",\"datePublished\":\"2021-10-13T11:05:34+00:00\",\"dateModified\":\"2026-02-26T07:27:06+00:00\",\"breadcrumb\":{\"@id\":\"https:\\\/\\\/kamoto.md\\\/ro\\\/shop\\\/scule-electrice\\\/ciocane-rotopercutoare\\\/ciocan-demolator-kamoto-h1700max\\\/#breadcrumb\"},\"inLanguage\":\"ro-RO\",\"potentialAction\":[{\"@type\":\"ReadAction\",\"target\":[\"https:\\\/\\\/kamoto.md\\\/ro\\\/shop\\\/scule-electrice\\\/ciocane-rotopercutoare\\\/ciocan-demolator-kamoto-h1700max\\\/\"]}]},{\"@type\":\"ImageObject\",\"inLanguage\":\"ro-RO\",\"@id\":\"https:\\\/\\\/kamoto.md\\\/ro\\\/shop\\\/scule-electrice\\\/ciocane-rotopercutoare\\\/ciocan-demolator-kamoto-h1700max\\\/#primaryimage\",\"url\":\"https:\\\/\\\/kamoto.md\\\/wp-content\\\/uploads\\\/2021\\\/10\\\/IMG_3326.jpg\",\"contentUrl\":\"https:\\\/\\\/kamoto.md\\\/wp-content\\\/uploads\\\/2021\\\/10\\\/IMG_3326.jpg\",\"width\":1000,\"height\":1000},{\"@type\":\"BreadcrumbList\",\"@id\":\"https:\\\/\\\/kamoto.md\\\/ro\\\/shop\\\/scule-electrice\\\/ciocane-rotopercutoare\\\/ciocan-demolator-kamoto-h1700max\\\/#breadcrumb\",\"itemListElement\":[{\"@type\":\"ListItem\",\"position\":1,\"name\":\"\u0413\u043b\u0430\u0432\u043d\u0430\u044f \u0441\u0442\u0440\u0430\u043d\u0438\u0446\u0430\",\"item\":\"https:\\\/\\\/kamoto.md\\\/ro\\\/\"},{\"@type\":\"ListItem\",\"position\":2,\"name\":\"Catalog\",\"item\":\"https:\\\/\\\/kamoto.md\\\/ro\\\/catalog\\\/\"},{\"@type\":\"ListItem\",\"position\":3,\"name\":\"Instrumente electrice\",\"item\":\"https:\\\/\\\/kamoto.md\\\/ro\\\/catalog\\\/scule-electrice\\\/\"},{\"@type\":\"ListItem\",\"position\":4,\"name\":\"Ciocane rotopercutoare \u0219i demolatoare\",\"item\":\"https:\\\/\\\/kamoto.md\\\/ro\\\/catalog\\\/scule-electrice\\\/ciocane-rotopercutoare\\\/\"},{\"@type\":\"ListItem\",\"position\":5,\"name\":\"Ciocan demolator KAMOTO H1700MAX\"}]},{\"@type\":\"WebSite\",\"@id\":\"https:\\\/\\\/kamoto.md\\\/ro\\\/#website\",\"url\":\"https:\\\/\\\/kamoto.md\\\/ro\\\/\",\"name\":\"Kamoto.MD\",\"description\":\"\u0418\u043d\u0442\u0435\u0440\u043d\u0435\u0442 \u043c\u0430\u0433\u0430\u0437\u0438\u043d \u044d\u043b\u0435\u043a\u0442\u0440\u043e\u0438\u043d\u0441\u0442\u0440\u0443\u043c\u0435\u043d\u0442\u0430, \u0441\u0430\u0434\u043e\u0432\u043e\u0439 \u0438 \u0441\u0438\u043b\u043e\u0432\u043e\u0439 \u0442\u0435\u0445\u043d\u0438\u043a\u0438.\",\"publisher\":{\"@id\":\"https:\\\/\\\/kamoto.md\\\/ro\\\/#organization\"},\"potentialAction\":[{\"@type\":\"SearchAction\",\"target\":{\"@type\":\"EntryPoint\",\"urlTemplate\":\"https:\\\/\\\/kamoto.md\\\/ro\\\/?s={search_term_string}\"},\"query-input\":{\"@type\":\"PropertyValueSpecification\",\"valueRequired\":true,\"valueName\":\"search_term_string\"}}],\"inLanguage\":\"ro-RO\"},{\"@type\":\"Organization\",\"@id\":\"https:\\\/\\\/kamoto.md\\\/ro\\\/#organization\",\"name\":\"Kamoto S.R.L.\",\"url\":\"https:\\\/\\\/kamoto.md\\\/ro\\\/\",\"logo\":{\"@type\":\"ImageObject\",\"inLanguage\":\"ro-RO\",\"@id\":\"https:\\\/\\\/kamoto.md\\\/ro\\\/#\\\/schema\\\/logo\\\/image\\\/\",\"url\":\"https:\\\/\\\/kamoto.md\\\/wp-content\\\/uploads\\\/2017\\\/08\\\/logo.png\",\"contentUrl\":\"https:\\\/\\\/kamoto.md\\\/wp-content\\\/uploads\\\/2017\\\/08\\\/logo.png\",\"width\":323,\"height\":50,\"caption\":\"Kamoto S.R.L.\"},\"image\":{\"@id\":\"https:\\\/\\\/kamoto.md\\\/ro\\\/#\\\/schema\\\/logo\\\/image\\\/\"}}]}<\/script>\n<!-- \/ Yoast SEO plugin. -->","yoast_head_json":{"title":"Ciocane rotopercutoare \u0219i demolatoare - Ciocan demolator KAMOTO H1700MAX - Kamoto.md","robots":{"index":"index","follow":"follow","max-snippet":"max-snippet:-1","max-image-preview":"max-image-preview:large","max-video-preview":"max-video-preview:-1"},"canonical":"https:\/\/kamoto.md\/ro\/shop\/scule-electrice\/ciocane-rotopercutoare\/ciocan-demolator-kamoto-h1700max\/","og_locale":"ro_RO","og_type":"article","og_title":"Ciocane rotopercutoare \u0219i demolatoare - Ciocan demolator KAMOTO H1700MAX - Kamoto.md","og_description":"Consum de energie: 1700 W Alimentare: 220-240V \/ 50-60Hz For\u021ba de impact: 45 Jouli Tip mandrin\u0103: SDS MAX Num\u0103r de moduri de func\u021bionare: 1 Controler RPM: Da (6 moduri) Num\u0103rul de b\u0103t\u0103i: 200 - 2100 b\u0103t\u0103i\/minut Carcasa cutiei de viteze din aliaj de magneziu: Da Sistem de protec\u021bie a operatorului: Da Sistem anti-vibra\u021bii AVS: Da M\u00e2ner cauciucat ExtraGrip: Da Cablu rezistent la \u00eenghe\u021b: Da Protec\u021bie \u00eempotriva prafului: Da Vanghet\u0103, dalt\u0103: Da Func\u021bia de schimbare a unghiului duzei: Da Unsoare pentru man\u0219oanele duzelor: Da Cheie hexagonal\u0103: Da Lungimea cablului: 4 m","og_url":"https:\/\/kamoto.md\/ro\/shop\/scule-electrice\/ciocane-rotopercutoare\/ciocan-demolator-kamoto-h1700max\/","og_site_name":"Kamoto.md","article_modified_time":"2026-02-26T07:27:06+00:00","og_image":[{"width":1000,"height":1000,"url":"https:\/\/kamoto.md\/wp-content\/uploads\/2021\/05\/logo2.png","type":"image\/png"}],"twitter_card":"summary_large_image","twitter_misc":{"Timp estimat pentru citire":"1 minut"},"schema":{"@context":"https:\/\/schema.org","@graph":[{"@type":["WebPage","ItemPage"],"@id":"https:\/\/kamoto.md\/ro\/shop\/scule-electrice\/ciocane-rotopercutoare\/ciocan-demolator-kamoto-h1700max\/","url":"https:\/\/kamoto.md\/ro\/shop\/scule-electrice\/ciocane-rotopercutoare\/ciocan-demolator-kamoto-h1700max\/","name":"Ciocane rotopercutoare \u0219i demolatoare - Ciocan demolator KAMOTO H1700MAX - Kamoto.md","isPartOf":{"@id":"https:\/\/kamoto.md\/ro\/#website"},"primaryImageOfPage":{"@id":"https:\/\/kamoto.md\/ro\/shop\/scule-electrice\/ciocane-rotopercutoare\/ciocan-demolator-kamoto-h1700max\/#primaryimage"},"image":{"@id":"https:\/\/kamoto.md\/ro\/shop\/scule-electrice\/ciocane-rotopercutoare\/ciocan-demolator-kamoto-h1700max\/#primaryimage"},"thumbnailUrl":"https:\/\/kamoto.md\/wp-content\/uploads\/2021\/10\/IMG_3326.jpg","datePublished":"2021-10-13T11:05:34+00:00","dateModified":"2026-02-26T07:27:06+00:00","breadcrumb":{"@id":"https:\/\/kamoto.md\/ro\/shop\/scule-electrice\/ciocane-rotopercutoare\/ciocan-demolator-kamoto-h1700max\/#breadcrumb"},"inLanguage":"ro-RO","potentialAction":[{"@type":"ReadAction","target":["https:\/\/kamoto.md\/ro\/shop\/scule-electrice\/ciocane-rotopercutoare\/ciocan-demolator-kamoto-h1700max\/"]}]},{"@type":"ImageObject","inLanguage":"ro-RO","@id":"https:\/\/kamoto.md\/ro\/shop\/scule-electrice\/ciocane-rotopercutoare\/ciocan-demolator-kamoto-h1700max\/#primaryimage","url":"https:\/\/kamoto.md\/wp-content\/uploads\/2021\/10\/IMG_3326.jpg","contentUrl":"https:\/\/kamoto.md\/wp-content\/uploads\/2021\/10\/IMG_3326.jpg","width":1000,"height":1000},{"@type":"BreadcrumbList","@id":"https:\/\/kamoto.md\/ro\/shop\/scule-electrice\/ciocane-rotopercutoare\/ciocan-demolator-kamoto-h1700max\/#breadcrumb","itemListElement":[{"@type":"ListItem","position":1,"name":"\u0413\u043b\u0430\u0432\u043d\u0430\u044f \u0441\u0442\u0440\u0430\u043d\u0438\u0446\u0430","item":"https:\/\/kamoto.md\/ro\/"},{"@type":"ListItem","position":2,"name":"Catalog","item":"https:\/\/kamoto.md\/ro\/catalog\/"},{"@type":"ListItem","position":3,"name":"Instrumente electrice","item":"https:\/\/kamoto.md\/ro\/catalog\/scule-electrice\/"},{"@type":"ListItem","position":4,"name":"Ciocane rotopercutoare \u0219i demolatoare","item":"https:\/\/kamoto.md\/ro\/catalog\/scule-electrice\/ciocane-rotopercutoare\/"},{"@type":"ListItem","position":5,"name":"Ciocan demolator KAMOTO H1700MAX"}]},{"@type":"WebSite","@id":"https:\/\/kamoto.md\/ro\/#website","url":"https:\/\/kamoto.md\/ro\/","name":"Kamoto.MD","description":"\u0418\u043d\u0442\u0435\u0440\u043d\u0435\u0442 \u043c\u0430\u0433\u0430\u0437\u0438\u043d \u044d\u043b\u0435\u043a\u0442\u0440\u043e\u0438\u043d\u0441\u0442\u0440\u0443\u043c\u0435\u043d\u0442\u0430, \u0441\u0430\u0434\u043e\u0432\u043e\u0439 \u0438 \u0441\u0438\u043b\u043e\u0432\u043e\u0439 \u0442\u0435\u0445\u043d\u0438\u043a\u0438.","publisher":{"@id":"https:\/\/kamoto.md\/ro\/#organization"},"potentialAction":[{"@type":"SearchAction","target":{"@type":"EntryPoint","urlTemplate":"https:\/\/kamoto.md\/ro\/?s={search_term_string}"},"query-input":{"@type":"PropertyValueSpecification","valueRequired":true,"valueName":"search_term_string"}}],"inLanguage":"ro-RO"},{"@type":"Organization","@id":"https:\/\/kamoto.md\/ro\/#organization","name":"Kamoto S.R.L.","url":"https:\/\/kamoto.md\/ro\/","logo":{"@type":"ImageObject","inLanguage":"ro-RO","@id":"https:\/\/kamoto.md\/ro\/#\/schema\/logo\/image\/","url":"https:\/\/kamoto.md\/wp-content\/uploads\/2017\/08\/logo.png","contentUrl":"https:\/\/kamoto.md\/wp-content\/uploads\/2017\/08\/logo.png","width":323,"height":50,"caption":"Kamoto S.R.L."},"image":{"@id":"https:\/\/kamoto.md\/ro\/#\/schema\/logo\/image\/"}}]}},"_links":{"self":[{"href":"https:\/\/kamoto.md\/ro\/wp-json\/wp\/v2\/product\/13773","targetHints":{"allow":["GET"]}}],"collection":[{"href":"https:\/\/kamoto.md\/ro\/wp-json\/wp\/v2\/product"}],"about":[{"href":"https:\/\/kamoto.md\/ro\/wp-json\/wp\/v2\/types\/product"}],"wp:featuredmedia":[{"embeddable":true,"href":"https:\/\/kamoto.md\/ro\/wp-json\/wp\/v2\/media\/10745"}],"wp:attachment":[{"href":"https:\/\/kamoto.md\/ro\/wp-json\/wp\/v2\/media?parent=13773"}],"wp:term":[{"taxonomy":"product_brand","embeddable":true,"href":"https:\/\/kamoto.md\/ro\/wp-json\/wp\/v2\/product_brand?post=13773"},{"taxonomy":"product_cat","embeddable":true,"href":"https:\/\/kamoto.md\/ro\/wp-json\/wp\/v2\/product_cat?post=13773"},{"taxonomy":"product_tag","embeddable":true,"href":"https:\/\/kamoto.md\/ro\/wp-json\/wp\/v2\/product_tag?post=13773"}],"curies":[{"name":"wp","href":"https:\/\/api.w.org\/{rel}","templated":true}]}}