{"id":13775,"date":"2021-10-13T12:46:36","date_gmt":"2021-10-13T10:46:36","guid":{"rendered":"https:\/\/kamoto.md\/shop\/fara-categorie\/generator-kamoto-gg65e\/"},"modified":"2026-02-27T15:59:41","modified_gmt":"2026-02-27T13:59:41","slug":"generator-pe-benzina-kamoto-gg65e","status":"publish","type":"product","link":"https:\/\/kamoto.md\/ro\/shop\/generatoare-si-compresoare\/generatoare\/generator-pe-benzina-kamoto-gg65e\/","title":{"rendered":"Generator pe benzin\u0103 KAMOTO GG65E"},"content":{"rendered":"<p>Generator pe benzin\u0103 KAMOTO GG65. Acest generator este proiectat pentru alimentarea cu energie opera\u021bional\u0103 a \u0219antierelor mici, a atelierelor mobile de urgen\u021b\u0103, a unit\u0103\u021bilor de construc\u021bie a drumurilor, precum \u0219i pentru alimentarea cu energie de urgen\u021b\u0103 a cabanelor mici, a caselor de \u021bar\u0103 etc. Tensiunea de ie\u0219ire a generatorului este de 230 V. Tensiunea de ie\u0219ire a generatorului este de 230 V. Echipat cu sisteme de pornire manual\u0103 \u0219i electronic\u0103, cu posibilitatea de conectare a sistemului ATS (Automatic Transfer Switch), voltmetru \u0219i ie\u0219ire de 12 vol\u021bi permite re\u00eenc\u0103rcarea bateriei auto \u00een caz de urgen\u021b\u0103.<\/p>\n<p>Puterea nominal\u0103 a generatorului este de 6 kW, maximum 6,5 kW. O astfel de putere permite conectarea la generator a tuturor uneltelor electrice pe \u0219antierul de construc\u021bie a unei case de \u021bar\u0103 mici, mai multe ciocane pneumatice de clas\u0103 medie de putere atunci c\u00e2nd se efectueaz\u0103 lucr\u0103ri de repara\u021bii rutiere, un aparat de sudur\u0103 (nu mai mult de 160 A) &#8211; atunci c\u00e2nd se elimin\u0103 accidentele \u00een utilit\u0103\u021bile publice. \u00cen caz de \u00eentrerupere a aliment\u0103rii cu energie electric\u0103, generatorul poate asigura nu numai iluminarea unei case de \u021bar\u0103, ci \u0219i func\u021bionarea unei pompe de ap\u0103, a unui \u00eenc\u0103lzitor electric, a unui aragaz electric.<\/p>\n<p>Generatorul este echipat cu un sistem AVR pentru a stabiliza tensiunea de ie\u0219ire atunci c\u00e2nd tura\u021bia motorului se modific\u0103. Aceast\u0103 unitate asigur\u0103 un curent de ie\u0219ire uniform, f\u0103r\u0103 v\u00e2rfuri \u0219i c\u0103deri de tensiune, ceea ce permite generatorului s\u0103 alimenteze nu numai consumatorii simpli, cum ar fi becurile sau \u00eenc\u0103lzitoarele, ci \u0219i aparatele electrocasnice, cum ar fi televizoarele sau frigiderele.<\/p>\n<p>Caracteristici Generator:<br \/>\n&#8211; Litera E din denumire indic\u0103 prezen\u021ba unui sistem de pornire electronic\u0103 (pornire manual\u0103 + electronic\u0103).<br \/>\n&#8211; Generatorul sincron este proiectat pentru o putere de pornire mai mare \u0219i are un randament ridicat<br \/>\n&#8211; Motor pe benzin\u0103 cu un singur cilindru OHV, \u00een 4 timpi, cu supap\u0103 \u00een sus<br \/>\n&#8211; motorul cu arbore cu came inferior nu necesit\u0103 ad\u0103ugarea de ulei la benzin\u0103<br \/>\n&#8211; pornire u\u0219oar\u0103 la temperaturi sc\u0103zute (cu condi\u021bia ca uleiul s\u0103 fie selectat corect)<br \/>\n&#8211; eficien\u021b\u0103 ridicat\u0103 a motorului<br \/>\n&#8211; rezervorul mare permite perioade lungi de func\u021bionare f\u0103r\u0103 realimentare<br \/>\n&#8211; sistem de stabilizare a tensiunii de ie\u0219ire (NEW AVR &#8211; Regulator automat de tensiune)<br \/>\n&#8211; Rotorul alternatorului \u0219i \u00eenf\u0103\u0219urarea de cupru a statorului<br \/>\n&#8211; protec\u021bia la suprasarcin\u0103 protejeaz\u0103 cele mai scumpe componente \u00eempotriva defec\u021biunilor<br \/>\n&#8211; cadru \u00eent\u0103rit cu capace suplimentare pentru a proteja rezervorul de benzin\u0103<br \/>\n&#8211; nivel de zgomot &#8211; 74 dB<br \/>\n&#8211; durata de via\u021b\u0103 a motorului de peste 1000 de ore<br \/>\nAtunci c\u00e2nd alege\u021bi un generator, trebuie s\u0103 lua\u021bi \u00een considerare rezerva de putere necesar\u0103 pentru func\u021bionarea corect\u0103 a dispozitivului:<br \/>\n&#8211; puterea total\u0103 a consumatorilor de energie electric\u0103 trebuie s\u0103 fie mai mic\u0103 dec\u00e2t capacitatea generatorului<br \/>\n&#8211; pentru aparatele rezistive (aparate F\u0102R\u0102 motor: televizoare, l\u0103mpi, \u00eenc\u0103lzitoare, aragazuri etc.) &#8211; este necesar\u0103 o rezerv\u0103 de putere de 10%.<br \/>\n&#8211; pentru dispozitivele inductive (dispozitive cu motoare electrice: ma\u0219ini de g\u0103urit, trimmere, echipamente de gr\u0103din\u0103rit) &#8211; rezerva de putere trebuie s\u0103 fie de 20%<br \/>\n&#8211; De asemenea, trebuie luat \u00een considerare faptul c\u0103 curentul de pornire al dispozitivelor inductive poate dep\u0103\u0219i puterea nominal\u0103 cu un factor de 3<\/p>\n","protected":false},"excerpt":{"rendered":"<p>Tip: Sincron<br \/>\nTensiune nominal\u0103: 220V, 50Hz<br \/>\nPutere maxim\u0103, kW: 6.5<br \/>\nPutere nominal\u0103, kW: 6.0<br \/>\nFactor de putere: 1.0<br \/>\nIe\u0219ire DC: 12V<br \/>\nTip motor: 4 timpi, benzin\u0103, r\u0103cit cu aer, OHV<br \/>\nVolum, cc: 420<br \/>\nPutere, CP: 14.0<br \/>\nCombustibil: Benzin\u0103 f\u0103r\u0103 plumb A-95<br \/>\nCapacitate rezervor, litri: 25<br \/>\nOod. Consumul de combustibil, g\/kWh: 395<br \/>\nConsum de combustibil, l\/kWh: 0,53<br \/>\nConsum de combustibil la putere nominal\u0103, l\/h: 3,2<br \/>\nUlei recomandat: 10W40 API &gt; SF<br \/>\nVolum ulei, litri: 1,1<br \/>\nDemaror electric: Da<br \/>\nContor ore motor: Da<br \/>\nKit transport (2 ro\u021bi + 2 m\u00e2nere): Da<br \/>\nPosibilitate de conectare ATS: Da (ATS se achizi\u021bioneaz\u0103 separat)<br \/>\nPrize (220V, 16A), buc: 2<br \/>\nDimensiuni D\u00d7W\u00d7H, mm: 720x620x650<br \/>\nGreutate, kg: 85<\/p>\n","protected":false},"featured_media":12556,"template":"","meta":[],"product_brand":[],"product_cat":[299],"product_tag":[],"class_list":{"0":"post-13775","1":"product","2":"type-product","3":"status-publish","4":"has-post-thumbnail","6":"product_cat-generatoare","8":"first","9":"instock","10":"shipping-taxable","11":"purchasable","12":"product-type-simple"},"yoast_head":"<!-- This site is optimized with the Yoast SEO plugin v27.3 - https:\/\/yoast.com\/product\/yoast-seo-wordpress\/ -->\n<title>Generatoare - Generator pe benzin\u0103 KAMOTO GG65E - Kamoto.md<\/title>\n<meta name=\"robots\" content=\"index, follow, max-snippet:-1, max-image-preview:large, max-video-preview:-1\" \/>\n<link rel=\"canonical\" href=\"https:\/\/kamoto.md\/ro\/shop\/generatoare-si-compresoare\/generatoare\/generator-pe-benzina-kamoto-gg65e\/\" \/>\n<meta property=\"og:locale\" content=\"ro_RO\" \/>\n<meta property=\"og:type\" content=\"article\" \/>\n<meta property=\"og:title\" content=\"Generatoare - Generator pe benzin\u0103 KAMOTO GG65E - Kamoto.md\" \/>\n<meta property=\"og:description\" content=\"Tip: Sincron Tensiune nominal\u0103: 220V, 50Hz Putere maxim\u0103, kW: 6.5 Putere nominal\u0103, kW: 6.0 Factor de putere: 1.0 Ie\u0219ire DC: 12V Tip motor: 4 timpi, benzin\u0103, r\u0103cit cu aer, OHV Volum, cc: 420 Putere, CP: 14.0 Combustibil: Benzin\u0103 f\u0103r\u0103 plumb A-95 Capacitate rezervor, litri: 25 Ood. Consumul de combustibil, g\/kWh: 395 Consum de combustibil, l\/kWh: 0,53 Consum de combustibil la putere nominal\u0103, l\/h: 3,2 Ulei recomandat: 10W40 API &gt; SF Volum ulei, litri: 1,1 Demaror electric: Da Contor ore motor: Da Kit transport (2 ro\u021bi + 2 m\u00e2nere): Da Posibilitate de conectare ATS: Da (ATS se achizi\u021bioneaz\u0103 separat) Prize (220V, 16A), buc: 2 Dimensiuni D\u00d7W\u00d7H, mm: 720x620x650 Greutate, kg: 85\" \/>\n<meta property=\"og:url\" content=\"https:\/\/kamoto.md\/ro\/shop\/generatoare-si-compresoare\/generatoare\/generator-pe-benzina-kamoto-gg65e\/\" \/>\n<meta property=\"og:site_name\" content=\"Kamoto.md\" \/>\n<meta property=\"article:modified_time\" content=\"2026-02-27T13:59:41+00:00\" \/>\n<meta property=\"og:image\" content=\"https:\/\/kamoto.md\/wp-content\/uploads\/2021\/05\/logo2.png\" \/>\n\t<meta property=\"og:image:width\" content=\"1000\" \/>\n\t<meta property=\"og:image:height\" content=\"1000\" \/>\n\t<meta property=\"og:image:type\" content=\"image\/png\" \/>\n<meta name=\"twitter:card\" content=\"summary_large_image\" \/>\n<meta name=\"twitter:label1\" content=\"Timp estimat pentru citire\" \/>\n\t<meta name=\"twitter:data1\" content=\"3 minute\" \/>\n<script type=\"application\/ld+json\" class=\"yoast-schema-graph\">{\"@context\":\"https:\\\/\\\/schema.org\",\"@graph\":[{\"@type\":[\"WebPage\",\"ItemPage\"],\"@id\":\"https:\\\/\\\/kamoto.md\\\/ro\\\/shop\\\/generatoare-si-compresoare\\\/generatoare\\\/generator-pe-benzina-kamoto-gg65e\\\/\",\"url\":\"https:\\\/\\\/kamoto.md\\\/ro\\\/shop\\\/generatoare-si-compresoare\\\/generatoare\\\/generator-pe-benzina-kamoto-gg65e\\\/\",\"name\":\"Generatoare - Generator pe benzin\u0103 KAMOTO GG65E - Kamoto.md\",\"isPartOf\":{\"@id\":\"https:\\\/\\\/kamoto.md\\\/ro\\\/#website\"},\"primaryImageOfPage\":{\"@id\":\"https:\\\/\\\/kamoto.md\\\/ro\\\/shop\\\/generatoare-si-compresoare\\\/generatoare\\\/generator-pe-benzina-kamoto-gg65e\\\/#primaryimage\"},\"image\":{\"@id\":\"https:\\\/\\\/kamoto.md\\\/ro\\\/shop\\\/generatoare-si-compresoare\\\/generatoare\\\/generator-pe-benzina-kamoto-gg65e\\\/#primaryimage\"},\"thumbnailUrl\":\"https:\\\/\\\/kamoto.md\\\/wp-content\\\/uploads\\\/2021\\\/10\\\/IMG_4684-1.jpg\",\"datePublished\":\"2021-10-13T10:46:36+00:00\",\"dateModified\":\"2026-02-27T13:59:41+00:00\",\"breadcrumb\":{\"@id\":\"https:\\\/\\\/kamoto.md\\\/ro\\\/shop\\\/generatoare-si-compresoare\\\/generatoare\\\/generator-pe-benzina-kamoto-gg65e\\\/#breadcrumb\"},\"inLanguage\":\"ro-RO\",\"potentialAction\":[{\"@type\":\"ReadAction\",\"target\":[\"https:\\\/\\\/kamoto.md\\\/ro\\\/shop\\\/generatoare-si-compresoare\\\/generatoare\\\/generator-pe-benzina-kamoto-gg65e\\\/\"]}]},{\"@type\":\"ImageObject\",\"inLanguage\":\"ro-RO\",\"@id\":\"https:\\\/\\\/kamoto.md\\\/ro\\\/shop\\\/generatoare-si-compresoare\\\/generatoare\\\/generator-pe-benzina-kamoto-gg65e\\\/#primaryimage\",\"url\":\"https:\\\/\\\/kamoto.md\\\/wp-content\\\/uploads\\\/2021\\\/10\\\/IMG_4684-1.jpg\",\"contentUrl\":\"https:\\\/\\\/kamoto.md\\\/wp-content\\\/uploads\\\/2021\\\/10\\\/IMG_4684-1.jpg\",\"width\":1000,\"height\":1000},{\"@type\":\"BreadcrumbList\",\"@id\":\"https:\\\/\\\/kamoto.md\\\/ro\\\/shop\\\/generatoare-si-compresoare\\\/generatoare\\\/generator-pe-benzina-kamoto-gg65e\\\/#breadcrumb\",\"itemListElement\":[{\"@type\":\"ListItem\",\"position\":1,\"name\":\"\u0413\u043b\u0430\u0432\u043d\u0430\u044f \u0441\u0442\u0440\u0430\u043d\u0438\u0446\u0430\",\"item\":\"https:\\\/\\\/kamoto.md\\\/ro\\\/\"},{\"@type\":\"ListItem\",\"position\":2,\"name\":\"Catalog\",\"item\":\"https:\\\/\\\/kamoto.md\\\/ro\\\/catalog\\\/\"},{\"@type\":\"ListItem\",\"position\":3,\"name\":\"Generatoare si Compresoare\",\"item\":\"https:\\\/\\\/kamoto.md\\\/ro\\\/catalog\\\/generatoare-si-compresoare\\\/\"},{\"@type\":\"ListItem\",\"position\":4,\"name\":\"Generatoare\",\"item\":\"https:\\\/\\\/kamoto.md\\\/ro\\\/catalog\\\/generatoare-si-compresoare\\\/generatoare\\\/\"},{\"@type\":\"ListItem\",\"position\":5,\"name\":\"Generator pe benzin\u0103 KAMOTO GG65E\"}]},{\"@type\":\"WebSite\",\"@id\":\"https:\\\/\\\/kamoto.md\\\/ro\\\/#website\",\"url\":\"https:\\\/\\\/kamoto.md\\\/ro\\\/\",\"name\":\"Kamoto.MD\",\"description\":\"\u0418\u043d\u0442\u0435\u0440\u043d\u0435\u0442 \u043c\u0430\u0433\u0430\u0437\u0438\u043d \u044d\u043b\u0435\u043a\u0442\u0440\u043e\u0438\u043d\u0441\u0442\u0440\u0443\u043c\u0435\u043d\u0442\u0430, \u0441\u0430\u0434\u043e\u0432\u043e\u0439 \u0438 \u0441\u0438\u043b\u043e\u0432\u043e\u0439 \u0442\u0435\u0445\u043d\u0438\u043a\u0438.\",\"publisher\":{\"@id\":\"https:\\\/\\\/kamoto.md\\\/ro\\\/#organization\"},\"potentialAction\":[{\"@type\":\"SearchAction\",\"target\":{\"@type\":\"EntryPoint\",\"urlTemplate\":\"https:\\\/\\\/kamoto.md\\\/ro\\\/?s={search_term_string}\"},\"query-input\":{\"@type\":\"PropertyValueSpecification\",\"valueRequired\":true,\"valueName\":\"search_term_string\"}}],\"inLanguage\":\"ro-RO\"},{\"@type\":\"Organization\",\"@id\":\"https:\\\/\\\/kamoto.md\\\/ro\\\/#organization\",\"name\":\"Kamoto S.R.L.\",\"url\":\"https:\\\/\\\/kamoto.md\\\/ro\\\/\",\"logo\":{\"@type\":\"ImageObject\",\"inLanguage\":\"ro-RO\",\"@id\":\"https:\\\/\\\/kamoto.md\\\/ro\\\/#\\\/schema\\\/logo\\\/image\\\/\",\"url\":\"https:\\\/\\\/kamoto.md\\\/wp-content\\\/uploads\\\/2017\\\/08\\\/logo.png\",\"contentUrl\":\"https:\\\/\\\/kamoto.md\\\/wp-content\\\/uploads\\\/2017\\\/08\\\/logo.png\",\"width\":323,\"height\":50,\"caption\":\"Kamoto S.R.L.\"},\"image\":{\"@id\":\"https:\\\/\\\/kamoto.md\\\/ro\\\/#\\\/schema\\\/logo\\\/image\\\/\"}}]}<\/script>\n<!-- \/ Yoast SEO plugin. -->","yoast_head_json":{"title":"Generatoare - Generator pe benzin\u0103 KAMOTO GG65E - Kamoto.md","robots":{"index":"index","follow":"follow","max-snippet":"max-snippet:-1","max-image-preview":"max-image-preview:large","max-video-preview":"max-video-preview:-1"},"canonical":"https:\/\/kamoto.md\/ro\/shop\/generatoare-si-compresoare\/generatoare\/generator-pe-benzina-kamoto-gg65e\/","og_locale":"ro_RO","og_type":"article","og_title":"Generatoare - Generator pe benzin\u0103 KAMOTO GG65E - Kamoto.md","og_description":"Tip: Sincron Tensiune nominal\u0103: 220V, 50Hz Putere maxim\u0103, kW: 6.5 Putere nominal\u0103, kW: 6.0 Factor de putere: 1.0 Ie\u0219ire DC: 12V Tip motor: 4 timpi, benzin\u0103, r\u0103cit cu aer, OHV Volum, cc: 420 Putere, CP: 14.0 Combustibil: Benzin\u0103 f\u0103r\u0103 plumb A-95 Capacitate rezervor, litri: 25 Ood. Consumul de combustibil, g\/kWh: 395 Consum de combustibil, l\/kWh: 0,53 Consum de combustibil la putere nominal\u0103, l\/h: 3,2 Ulei recomandat: 10W40 API &gt; SF Volum ulei, litri: 1,1 Demaror electric: Da Contor ore motor: Da Kit transport (2 ro\u021bi + 2 m\u00e2nere): Da Posibilitate de conectare ATS: Da (ATS se achizi\u021bioneaz\u0103 separat) Prize (220V, 16A), buc: 2 Dimensiuni D\u00d7W\u00d7H, mm: 720x620x650 Greutate, kg: 85","og_url":"https:\/\/kamoto.md\/ro\/shop\/generatoare-si-compresoare\/generatoare\/generator-pe-benzina-kamoto-gg65e\/","og_site_name":"Kamoto.md","article_modified_time":"2026-02-27T13:59:41+00:00","og_image":[{"width":1000,"height":1000,"url":"https:\/\/kamoto.md\/wp-content\/uploads\/2021\/05\/logo2.png","type":"image\/png"}],"twitter_card":"summary_large_image","twitter_misc":{"Timp estimat pentru citire":"3 minute"},"schema":{"@context":"https:\/\/schema.org","@graph":[{"@type":["WebPage","ItemPage"],"@id":"https:\/\/kamoto.md\/ro\/shop\/generatoare-si-compresoare\/generatoare\/generator-pe-benzina-kamoto-gg65e\/","url":"https:\/\/kamoto.md\/ro\/shop\/generatoare-si-compresoare\/generatoare\/generator-pe-benzina-kamoto-gg65e\/","name":"Generatoare - Generator pe benzin\u0103 KAMOTO GG65E - Kamoto.md","isPartOf":{"@id":"https:\/\/kamoto.md\/ro\/#website"},"primaryImageOfPage":{"@id":"https:\/\/kamoto.md\/ro\/shop\/generatoare-si-compresoare\/generatoare\/generator-pe-benzina-kamoto-gg65e\/#primaryimage"},"image":{"@id":"https:\/\/kamoto.md\/ro\/shop\/generatoare-si-compresoare\/generatoare\/generator-pe-benzina-kamoto-gg65e\/#primaryimage"},"thumbnailUrl":"https:\/\/kamoto.md\/wp-content\/uploads\/2021\/10\/IMG_4684-1.jpg","datePublished":"2021-10-13T10:46:36+00:00","dateModified":"2026-02-27T13:59:41+00:00","breadcrumb":{"@id":"https:\/\/kamoto.md\/ro\/shop\/generatoare-si-compresoare\/generatoare\/generator-pe-benzina-kamoto-gg65e\/#breadcrumb"},"inLanguage":"ro-RO","potentialAction":[{"@type":"ReadAction","target":["https:\/\/kamoto.md\/ro\/shop\/generatoare-si-compresoare\/generatoare\/generator-pe-benzina-kamoto-gg65e\/"]}]},{"@type":"ImageObject","inLanguage":"ro-RO","@id":"https:\/\/kamoto.md\/ro\/shop\/generatoare-si-compresoare\/generatoare\/generator-pe-benzina-kamoto-gg65e\/#primaryimage","url":"https:\/\/kamoto.md\/wp-content\/uploads\/2021\/10\/IMG_4684-1.jpg","contentUrl":"https:\/\/kamoto.md\/wp-content\/uploads\/2021\/10\/IMG_4684-1.jpg","width":1000,"height":1000},{"@type":"BreadcrumbList","@id":"https:\/\/kamoto.md\/ro\/shop\/generatoare-si-compresoare\/generatoare\/generator-pe-benzina-kamoto-gg65e\/#breadcrumb","itemListElement":[{"@type":"ListItem","position":1,"name":"\u0413\u043b\u0430\u0432\u043d\u0430\u044f \u0441\u0442\u0440\u0430\u043d\u0438\u0446\u0430","item":"https:\/\/kamoto.md\/ro\/"},{"@type":"ListItem","position":2,"name":"Catalog","item":"https:\/\/kamoto.md\/ro\/catalog\/"},{"@type":"ListItem","position":3,"name":"Generatoare si Compresoare","item":"https:\/\/kamoto.md\/ro\/catalog\/generatoare-si-compresoare\/"},{"@type":"ListItem","position":4,"name":"Generatoare","item":"https:\/\/kamoto.md\/ro\/catalog\/generatoare-si-compresoare\/generatoare\/"},{"@type":"ListItem","position":5,"name":"Generator pe benzin\u0103 KAMOTO GG65E"}]},{"@type":"WebSite","@id":"https:\/\/kamoto.md\/ro\/#website","url":"https:\/\/kamoto.md\/ro\/","name":"Kamoto.MD","description":"\u0418\u043d\u0442\u0435\u0440\u043d\u0435\u0442 \u043c\u0430\u0433\u0430\u0437\u0438\u043d \u044d\u043b\u0435\u043a\u0442\u0440\u043e\u0438\u043d\u0441\u0442\u0440\u0443\u043c\u0435\u043d\u0442\u0430, \u0441\u0430\u0434\u043e\u0432\u043e\u0439 \u0438 \u0441\u0438\u043b\u043e\u0432\u043e\u0439 \u0442\u0435\u0445\u043d\u0438\u043a\u0438.","publisher":{"@id":"https:\/\/kamoto.md\/ro\/#organization"},"potentialAction":[{"@type":"SearchAction","target":{"@type":"EntryPoint","urlTemplate":"https:\/\/kamoto.md\/ro\/?s={search_term_string}"},"query-input":{"@type":"PropertyValueSpecification","valueRequired":true,"valueName":"search_term_string"}}],"inLanguage":"ro-RO"},{"@type":"Organization","@id":"https:\/\/kamoto.md\/ro\/#organization","name":"Kamoto S.R.L.","url":"https:\/\/kamoto.md\/ro\/","logo":{"@type":"ImageObject","inLanguage":"ro-RO","@id":"https:\/\/kamoto.md\/ro\/#\/schema\/logo\/image\/","url":"https:\/\/kamoto.md\/wp-content\/uploads\/2017\/08\/logo.png","contentUrl":"https:\/\/kamoto.md\/wp-content\/uploads\/2017\/08\/logo.png","width":323,"height":50,"caption":"Kamoto S.R.L."},"image":{"@id":"https:\/\/kamoto.md\/ro\/#\/schema\/logo\/image\/"}}]}},"_links":{"self":[{"href":"https:\/\/kamoto.md\/ro\/wp-json\/wp\/v2\/product\/13775","targetHints":{"allow":["GET"]}}],"collection":[{"href":"https:\/\/kamoto.md\/ro\/wp-json\/wp\/v2\/product"}],"about":[{"href":"https:\/\/kamoto.md\/ro\/wp-json\/wp\/v2\/types\/product"}],"wp:featuredmedia":[{"embeddable":true,"href":"https:\/\/kamoto.md\/ro\/wp-json\/wp\/v2\/media\/12556"}],"wp:attachment":[{"href":"https:\/\/kamoto.md\/ro\/wp-json\/wp\/v2\/media?parent=13775"}],"wp:term":[{"taxonomy":"product_brand","embeddable":true,"href":"https:\/\/kamoto.md\/ro\/wp-json\/wp\/v2\/product_brand?post=13775"},{"taxonomy":"product_cat","embeddable":true,"href":"https:\/\/kamoto.md\/ro\/wp-json\/wp\/v2\/product_cat?post=13775"},{"taxonomy":"product_tag","embeddable":true,"href":"https:\/\/kamoto.md\/ro\/wp-json\/wp\/v2\/product_tag?post=13775"}],"curies":[{"name":"wp","href":"https:\/\/api.w.org\/{rel}","templated":true}]}}