{"id":13783,"date":"2021-09-27T12:44:17","date_gmt":"2021-09-27T10:44:17","guid":{"rendered":"https:\/\/kamoto.md\/shop\/fara-categorie\/svarochnyj-poluavtomat-kamoto-mig180\/"},"modified":"2026-02-27T13:06:00","modified_gmt":"2026-02-27T11:06:00","slug":"aparat-de-sudat-kamoto-mig180","status":"publish","type":"product","link":"https:\/\/kamoto.md\/ro\/shop\/generatoare-si-compresoare\/aparate-de-sudura\/aparat-de-sudat-kamoto-mig180\/","title":{"rendered":"Aparat de sudat KAMOTO MIG180"},"content":{"rendered":"<p>Aparat de sudat <strong>KAMOTO MIG180<\/strong> multifunc\u021bional 3 \u00een 1. Compact, u\u0219or, u\u0219or de transportat, precum \u0219i \u00een timpul transportului, depozit\u0103rii. Corp fabricat din tabl\u0103 de o\u021bel, protejeaz\u0103 \u00een mod fiabil elementele interne de deteriorare. Proiectat pentru sudarea semiautomat\u0103 \u00een gaz protector (MIG\/MAG), sudarea cu s\u00e2rm\u0103 tubular\u0103 (FCAW), precum \u0219i sudarea manual\u0103 cu arc cu electrod acoperit (MMA) \u0219i sudarea cu arc cu argon (TIG). Aparatul are protec\u021bie la suprasarcin\u0103, supra\u00eenc\u0103lzire \u0219i indicator de defec\u021biune, oferind un nivel ridicat de siguran\u021b\u0103 \u0219i fiabilitate a dispozitivului. Aparatul are, de asemenea, protec\u021bie la supratensiune. Tensiunea ridicat\u0103 f\u0103r\u0103 sarcin\u0103 asigur\u0103 aprinderea u\u0219oar\u0103 a arcului de sudur\u0103. Stabilitate ridicat\u0103 a sud\u0103rii \u00een timp real, control intuitiv simplu al parametrilor de sudare.<\/p>\n<p><strong>MIG180 Caracteristici:<\/strong><\/p>\n<p><img loading=\"lazy\" decoding=\"async\" class=\"size-full wp-image-10571 alignleft\" src=\"https:\/\/kamoto.md\/wp-content\/uploads\/2021\/09\/mig1.jpg\" alt=\"\" width=\"132\" height=\"132\" srcset=\"https:\/\/kamoto.md\/wp-content\/uploads\/2021\/09\/mig1.jpg 132w, https:\/\/kamoto.md\/wp-content\/uploads\/2021\/09\/mig1-100x100.jpg 100w\" sizes=\"auto, (max-width: 132px) 100vw, 132px\" \/><br \/>\n<strong>Modul 2T<\/strong> este utilizat pentru lipire, suduri scurte. C\u00e2nd butonul arz\u0103torului este ap\u0103sat, arcul se aprinde \u0219i arde, iar c\u00e2nd butonul este eliberat, procesul se opre\u0219te.<\/p>\n<hr \/>\n<p><img loading=\"lazy\" decoding=\"async\" class=\"size-full wp-image-10573 alignleft\" src=\"https:\/\/kamoto.md\/wp-content\/uploads\/2021\/09\/mig2.jpg\" alt=\"\" width=\"129\" height=\"131\" \/><br \/>\n<strong>Modul 4T<\/strong> este utilizat pentru suduri lungi, oferind o productivitate mai mare a muncii \u0219i o ghidare de \u00eenalt\u0103 precizie a sudurii. Prima ap\u0103sare a butonului tor\u021bei porne\u0219te alimentarea cu gaz \u0219i s\u00e2rm\u0103 a zonei de sudur\u0103. C\u00e2nd butonul este eliberat, arcul este aprins. Curentul de sudare \u0219i gazul de protec\u021bie sunt furnizate continuu. La ap\u0103sarea tastei a doua oar\u0103, curentul de sudare este redus \u0219i arcul este oprit, dar gazul continu\u0103 s\u0103 fie furnizat. C\u00e2nd tasta este eliberat\u0103, alimentarea cu gaz de protec\u021bie se opre\u0219te.<\/p>\n<hr \/>\n<p><img loading=\"lazy\" decoding=\"async\" class=\"size-full wp-image-10575 alignleft\" src=\"https:\/\/kamoto.md\/wp-content\/uploads\/2021\/09\/mig3.jpg\" alt=\"\" width=\"133\" height=\"135\" \/><br \/>\n<strong>Func\u021bia Hot Start<\/strong>, o func\u021bie pentru aprinderea u\u0219oar\u0103 a arcului. Curentul de sudare este m\u0103rit automat la \u00eenceputul sud\u0103rii pentru a asigura o mai bun\u0103 aprindere a arcului. Acest lucru face mult mai u\u0219oar\u0103 \u00eenceperea procesului de sudare.<\/p>\n<hr \/>\n<p><img loading=\"lazy\" decoding=\"async\" class=\"size-full wp-image-10577 alignleft\" src=\"https:\/\/kamoto.md\/wp-content\/uploads\/2021\/09\/mig4.jpg\" alt=\"\" width=\"131\" height=\"136\" \/><br \/>\n<strong>Func\u021bia Anti Stik<\/strong> Invertorul reduce automat curentul de sudare \u00een cazul lipirii electrodului. Invertorul reia parametrii de sudare seta\u021bi dup\u0103 ce electrodul blocat este \u00eendep\u0103rtat.<\/p>\n<hr \/>\n<p><img loading=\"lazy\" decoding=\"async\" class=\"size-full wp-image-10579 alignleft\" src=\"https:\/\/kamoto.md\/wp-content\/uploads\/2021\/09\/mig5.jpg\" alt=\"\" width=\"131\" height=\"131\" srcset=\"https:\/\/kamoto.md\/wp-content\/uploads\/2021\/09\/mig5.jpg 131w, https:\/\/kamoto.md\/wp-content\/uploads\/2021\/09\/mig5-100x100.jpg 100w\" sizes=\"auto, (max-width: 131px) 100vw, 131px\" \/><br \/>\n<strong>Polaritate<\/strong><br \/>\nExist\u0103 dou\u0103 moduri de conectare a cablurilor de sudur\u0103:<br \/>\n1. Cablul tor\u021bei este conectat la conectorul &#8222;+&#8221; \u0219i cablul de mas\u0103 la conectorul &#8222;-&#8222;, \u00een acest caz generarea maxim\u0103 de c\u0103ldur\u0103 va fi pe piesa de prelucrat.<br \/>\n2.Cablul tor\u021bei este conectat la conectorul &#8222;-&#8221; \u0219i cablul de mas\u0103 la conectorul &#8222;+&#8221;, \u00een acest caz generarea maxim\u0103 de c\u0103ldur\u0103 va fi pe s\u00e2rm\u0103, ceea ce este necesar pentru sudarea cu s\u00e2rm\u0103 tubular\u0103.<br \/>\nPrima metod\u0103 este utilizat\u0103 la sudarea cu s\u00e2rm\u0103 conven\u021bional\u0103 \u00eentr-un mediu cu gaz, iar a doua metod\u0103 este utilizat\u0103 la lucrul cu s\u00e2rm\u0103 tubular\u0103 f\u0103r\u0103 gaz.<br \/>\nPentru a fixa bine cablurile de mers \u00eenainte \u0219i \u00eenapoi \u00een conectori, introduce\u021bi capsa de cablu cu cablul corespunz\u0103tor \u00een conectorul panoului p\u00e2n\u0103 la cap\u0103t \u0219i roti\u021bi-o \u00een sensul acelor de ceasornic p\u00e2n\u0103 la cap\u0103t.<br \/>\nDac\u0103 cablurile nu sunt bine conectate, pot ap\u0103rea deterior\u0103ri at\u00e2t la conectorul de cablu, c\u00e2t \u0219i la sursa de alimentare.<br \/>\nSelecta\u021bi polaritatea \u00een func\u021bie de cerin\u021bele practice. O polaritate incorect\u0103 poate duce la un arc electric instabil \u0219i la cantit\u0103\u021bi mari de stropi de metal, etc. \u00cen acest caz, schimba\u021bi polaritatea imediat.<\/p>\n<hr \/>\n<p><img loading=\"lazy\" decoding=\"async\" class=\"size-full wp-image-10581 alignleft\" src=\"https:\/\/kamoto.md\/wp-content\/uploads\/2021\/09\/mig6.jpg\" alt=\"\" width=\"135\" height=\"136\" srcset=\"https:\/\/kamoto.md\/wp-content\/uploads\/2021\/09\/mig6.jpg 135w, https:\/\/kamoto.md\/wp-content\/uploads\/2021\/09\/mig6-100x100.jpg 100w\" sizes=\"auto, (max-width: 135px) 100vw, 135px\" \/><br \/>\n<strong>Lift Arc Tig<\/strong> aprindere cu arc de contact. Arcul este aprins prin contact direct \u00eentre electrod \u0219i metalul de baz\u0103. Pentru a evita lipirea \u0219i deteriorarea electrodului de tungsten, se utilizeaz\u0103 o tehnic\u0103 simpl\u0103 \u0219i eficient\u0103 de &#8222;rulare&#8221;. Tipul de arz\u0103tor este arz\u0103tor cu supap\u0103.<\/p>\n","protected":false},"excerpt":{"rendered":"<p>Tensiunea re\u021belei de alimentare: 230 V<br \/>\nTensiunea minim\u0103 de func\u021bionare: 140 V<br \/>\nFrecven\u021ba sursei de alimentare: 50 Hz<br \/>\nConsum maxim de energie: 7,36 kW<br \/>\nMod de sudare: Invertor<br \/>\nDestina\u021bia sudorului: uz casnic<br \/>\nTip de sudare: MIG\/MAG &#8211; semiautomat, MMA &#8211; sudare manual\u0103 cu arc electric, TIG &#8211; sudare cu arc cu argon<br \/>\nGama de curent de sudare MIG\/MAG: 30 &#8211; 180 A<br \/>\nTip de sudur\u0103 (semiautomat\u0103): Cu gaz \/ F\u0103r\u0103 gaz<br \/>\nTipul de alimentare cu s\u00e2rm\u0103: \u00eencorporat<br \/>\nViteza de alimentare a s\u00e2rmei, m\/min: 2,5 &#8211; 12<br \/>\nDimensiunea bobinei de s\u00e2rm\u0103: R&lt;=200, p\u00e2n\u0103 la 5 kg<br \/>\nDiametrul firului de cupru, mm: 0,6 &#8211; 1,0 mm<br \/>\nDiametrul firului de flux, mm: 0,8 &#8211; 0,9 mm<br \/>\nGama de curent de sudare MMA: 30 &#8211; 150 A<br \/>\nDiametrul electrodului: 1,6 &#8211; 4,0 mm<br \/>\nTipul de acoperire a electrodului (pentru MMA): Rutile \/ bazic<br \/>\nGama de curent de sudare TIG: 20 &#8211; 180 A<br \/>\nTip tranzistor: IGBT<br \/>\nEficien\u021b\u0103 (randament): 80 %<br \/>\nCiclu de func\u021bionare la curent maxim: 20 %<br \/>\nGradul de protec\u021bie al carcasei: IP21S<br \/>\nClasa de izolare: F<br \/>\nFunc\u021bia AntiStick: Verifica\u021bi<br \/>\nFunc\u021bia HotStart: Verificare<br \/>\nFunc\u021bia ArcForce: Da<br \/>\nProtec\u021bie la supra\u00eenc\u0103lzire: Da<br \/>\nAfi\u0219aj: 2 buc<br \/>\nPuterea recomandat\u0103 a generatorului de sudur\u0103: 7 kVA<br \/>\nGreutate: 11 kg<\/p>\n","protected":false},"featured_media":10555,"template":"","meta":[],"product_brand":[],"product_cat":[304],"product_tag":[],"class_list":{"0":"post-13783","1":"product","2":"type-product","3":"status-publish","4":"has-post-thumbnail","6":"product_cat-aparate-de-sudura","8":"first","9":"outofstock","10":"shipping-taxable","11":"product-type-simple"},"yoast_head":"<!-- This site is optimized with the Yoast SEO plugin v27.3 - https:\/\/yoast.com\/product\/yoast-seo-wordpress\/ -->\n<title>Aparate de sudur\u0103 - Aparat de sudat KAMOTO MIG180 - Kamoto.md<\/title>\n<meta name=\"robots\" content=\"index, follow, max-snippet:-1, max-image-preview:large, max-video-preview:-1\" \/>\n<link rel=\"canonical\" href=\"https:\/\/kamoto.md\/ro\/shop\/generatoare-si-compresoare\/aparate-de-sudura\/aparat-de-sudat-kamoto-mig180\/\" \/>\n<meta property=\"og:locale\" content=\"ro_RO\" \/>\n<meta property=\"og:type\" content=\"article\" \/>\n<meta property=\"og:title\" content=\"Aparate de sudur\u0103 - Aparat de sudat KAMOTO MIG180 - Kamoto.md\" \/>\n<meta property=\"og:description\" content=\"Tensiunea re\u021belei de alimentare: 230 V Tensiunea minim\u0103 de func\u021bionare: 140 V Frecven\u021ba sursei de alimentare: 50 Hz Consum maxim de energie: 7,36 kW Mod de sudare: Invertor Destina\u021bia sudorului: uz casnic Tip de sudare: MIG\/MAG - semiautomat, MMA - sudare manual\u0103 cu arc electric, TIG - sudare cu arc cu argon Gama de curent de sudare MIG\/MAG: 30 - 180 A Tip de sudur\u0103 (semiautomat\u0103): Cu gaz \/ F\u0103r\u0103 gaz Tipul de alimentare cu s\u00e2rm\u0103: \u00eencorporat Viteza de alimentare a s\u00e2rmei, m\/min: 2,5 - 12 Dimensiunea bobinei de s\u00e2rm\u0103: R&lt;=200, p\u00e2n\u0103 la 5 kg Diametrul firului de cupru, mm: 0,6 - 1,0 mm Diametrul firului de flux, mm: 0,8 - 0,9 mm Gama de curent de sudare MMA: 30 - 150 A Diametrul electrodului: 1,6 - 4,0 mm Tipul de acoperire a electrodului (pentru MMA): Rutile \/ bazic Gama de curent de sudare TIG: 20 - 180 A Tip tranzistor: IGBT Eficien\u021b\u0103 (randament): 80 % Ciclu de func\u021bionare la curent maxim: 20 % Gradul de protec\u021bie al carcasei: IP21S Clasa de izolare: F Func\u021bia AntiStick: Verifica\u021bi Func\u021bia HotStart: Verificare Func\u021bia ArcForce: Da Protec\u021bie la supra\u00eenc\u0103lzire: Da Afi\u0219aj: 2 buc Puterea recomandat\u0103 a generatorului de sudur\u0103: 7 kVA Greutate: 11 kg\" \/>\n<meta property=\"og:url\" content=\"https:\/\/kamoto.md\/ro\/shop\/generatoare-si-compresoare\/aparate-de-sudura\/aparat-de-sudat-kamoto-mig180\/\" \/>\n<meta property=\"og:site_name\" content=\"Kamoto.md\" \/>\n<meta property=\"article:modified_time\" content=\"2026-02-27T11:06:00+00:00\" \/>\n<meta property=\"og:image\" content=\"https:\/\/kamoto.md\/wp-content\/uploads\/2021\/09\/mig1.jpg\" \/>\n\t<meta property=\"og:image:width\" content=\"132\" \/>\n\t<meta property=\"og:image:height\" content=\"132\" \/>\n\t<meta property=\"og:image:type\" content=\"image\/jpeg\" \/>\n<meta name=\"twitter:card\" content=\"summary_large_image\" \/>\n<meta name=\"twitter:label1\" content=\"Timp estimat pentru citire\" \/>\n\t<meta name=\"twitter:data1\" content=\"5 minute\" \/>\n<script type=\"application\/ld+json\" class=\"yoast-schema-graph\">{\"@context\":\"https:\\\/\\\/schema.org\",\"@graph\":[{\"@type\":[\"WebPage\",\"ItemPage\"],\"@id\":\"https:\\\/\\\/kamoto.md\\\/ro\\\/shop\\\/generatoare-si-compresoare\\\/aparate-de-sudura\\\/aparat-de-sudat-kamoto-mig180\\\/\",\"url\":\"https:\\\/\\\/kamoto.md\\\/ro\\\/shop\\\/generatoare-si-compresoare\\\/aparate-de-sudura\\\/aparat-de-sudat-kamoto-mig180\\\/\",\"name\":\"Aparate de sudur\u0103 - Aparat de sudat KAMOTO MIG180 - Kamoto.md\",\"isPartOf\":{\"@id\":\"https:\\\/\\\/kamoto.md\\\/ro\\\/#website\"},\"primaryImageOfPage\":{\"@id\":\"https:\\\/\\\/kamoto.md\\\/ro\\\/shop\\\/generatoare-si-compresoare\\\/aparate-de-sudura\\\/aparat-de-sudat-kamoto-mig180\\\/#primaryimage\"},\"image\":{\"@id\":\"https:\\\/\\\/kamoto.md\\\/ro\\\/shop\\\/generatoare-si-compresoare\\\/aparate-de-sudura\\\/aparat-de-sudat-kamoto-mig180\\\/#primaryimage\"},\"thumbnailUrl\":\"https:\\\/\\\/kamoto.md\\\/wp-content\\\/uploads\\\/2021\\\/09\\\/IMG_0241.jpg\",\"datePublished\":\"2021-09-27T10:44:17+00:00\",\"dateModified\":\"2026-02-27T11:06:00+00:00\",\"breadcrumb\":{\"@id\":\"https:\\\/\\\/kamoto.md\\\/ro\\\/shop\\\/generatoare-si-compresoare\\\/aparate-de-sudura\\\/aparat-de-sudat-kamoto-mig180\\\/#breadcrumb\"},\"inLanguage\":\"ro-RO\",\"potentialAction\":[{\"@type\":\"ReadAction\",\"target\":[\"https:\\\/\\\/kamoto.md\\\/ro\\\/shop\\\/generatoare-si-compresoare\\\/aparate-de-sudura\\\/aparat-de-sudat-kamoto-mig180\\\/\"]}]},{\"@type\":\"ImageObject\",\"inLanguage\":\"ro-RO\",\"@id\":\"https:\\\/\\\/kamoto.md\\\/ro\\\/shop\\\/generatoare-si-compresoare\\\/aparate-de-sudura\\\/aparat-de-sudat-kamoto-mig180\\\/#primaryimage\",\"url\":\"https:\\\/\\\/kamoto.md\\\/wp-content\\\/uploads\\\/2021\\\/09\\\/IMG_0241.jpg\",\"contentUrl\":\"https:\\\/\\\/kamoto.md\\\/wp-content\\\/uploads\\\/2021\\\/09\\\/IMG_0241.jpg\",\"width\":1000,\"height\":1000},{\"@type\":\"BreadcrumbList\",\"@id\":\"https:\\\/\\\/kamoto.md\\\/ro\\\/shop\\\/generatoare-si-compresoare\\\/aparate-de-sudura\\\/aparat-de-sudat-kamoto-mig180\\\/#breadcrumb\",\"itemListElement\":[{\"@type\":\"ListItem\",\"position\":1,\"name\":\"\u0413\u043b\u0430\u0432\u043d\u0430\u044f \u0441\u0442\u0440\u0430\u043d\u0438\u0446\u0430\",\"item\":\"https:\\\/\\\/kamoto.md\\\/ro\\\/\"},{\"@type\":\"ListItem\",\"position\":2,\"name\":\"Catalog\",\"item\":\"https:\\\/\\\/kamoto.md\\\/ro\\\/catalog\\\/\"},{\"@type\":\"ListItem\",\"position\":3,\"name\":\"Generatoare si Compresoare\",\"item\":\"https:\\\/\\\/kamoto.md\\\/ro\\\/catalog\\\/generatoare-si-compresoare\\\/\"},{\"@type\":\"ListItem\",\"position\":4,\"name\":\"Aparate de sudur\u0103\",\"item\":\"https:\\\/\\\/kamoto.md\\\/ro\\\/catalog\\\/generatoare-si-compresoare\\\/aparate-de-sudura\\\/\"},{\"@type\":\"ListItem\",\"position\":5,\"name\":\"Aparat de sudat KAMOTO MIG180\"}]},{\"@type\":\"WebSite\",\"@id\":\"https:\\\/\\\/kamoto.md\\\/ro\\\/#website\",\"url\":\"https:\\\/\\\/kamoto.md\\\/ro\\\/\",\"name\":\"Kamoto.MD\",\"description\":\"\u0418\u043d\u0442\u0435\u0440\u043d\u0435\u0442 \u043c\u0430\u0433\u0430\u0437\u0438\u043d \u044d\u043b\u0435\u043a\u0442\u0440\u043e\u0438\u043d\u0441\u0442\u0440\u0443\u043c\u0435\u043d\u0442\u0430, \u0441\u0430\u0434\u043e\u0432\u043e\u0439 \u0438 \u0441\u0438\u043b\u043e\u0432\u043e\u0439 \u0442\u0435\u0445\u043d\u0438\u043a\u0438.\",\"publisher\":{\"@id\":\"https:\\\/\\\/kamoto.md\\\/ro\\\/#organization\"},\"potentialAction\":[{\"@type\":\"SearchAction\",\"target\":{\"@type\":\"EntryPoint\",\"urlTemplate\":\"https:\\\/\\\/kamoto.md\\\/ro\\\/?s={search_term_string}\"},\"query-input\":{\"@type\":\"PropertyValueSpecification\",\"valueRequired\":true,\"valueName\":\"search_term_string\"}}],\"inLanguage\":\"ro-RO\"},{\"@type\":\"Organization\",\"@id\":\"https:\\\/\\\/kamoto.md\\\/ro\\\/#organization\",\"name\":\"Kamoto S.R.L.\",\"url\":\"https:\\\/\\\/kamoto.md\\\/ro\\\/\",\"logo\":{\"@type\":\"ImageObject\",\"inLanguage\":\"ro-RO\",\"@id\":\"https:\\\/\\\/kamoto.md\\\/ro\\\/#\\\/schema\\\/logo\\\/image\\\/\",\"url\":\"https:\\\/\\\/kamoto.md\\\/wp-content\\\/uploads\\\/2017\\\/08\\\/logo.png\",\"contentUrl\":\"https:\\\/\\\/kamoto.md\\\/wp-content\\\/uploads\\\/2017\\\/08\\\/logo.png\",\"width\":323,\"height\":50,\"caption\":\"Kamoto S.R.L.\"},\"image\":{\"@id\":\"https:\\\/\\\/kamoto.md\\\/ro\\\/#\\\/schema\\\/logo\\\/image\\\/\"}}]}<\/script>\n<!-- \/ Yoast SEO plugin. -->","yoast_head_json":{"title":"Aparate de sudur\u0103 - Aparat de sudat KAMOTO MIG180 - Kamoto.md","robots":{"index":"index","follow":"follow","max-snippet":"max-snippet:-1","max-image-preview":"max-image-preview:large","max-video-preview":"max-video-preview:-1"},"canonical":"https:\/\/kamoto.md\/ro\/shop\/generatoare-si-compresoare\/aparate-de-sudura\/aparat-de-sudat-kamoto-mig180\/","og_locale":"ro_RO","og_type":"article","og_title":"Aparate de sudur\u0103 - Aparat de sudat KAMOTO MIG180 - Kamoto.md","og_description":"Tensiunea re\u021belei de alimentare: 230 V Tensiunea minim\u0103 de func\u021bionare: 140 V Frecven\u021ba sursei de alimentare: 50 Hz Consum maxim de energie: 7,36 kW Mod de sudare: Invertor Destina\u021bia sudorului: uz casnic Tip de sudare: MIG\/MAG - semiautomat, MMA - sudare manual\u0103 cu arc electric, TIG - sudare cu arc cu argon Gama de curent de sudare MIG\/MAG: 30 - 180 A Tip de sudur\u0103 (semiautomat\u0103): Cu gaz \/ F\u0103r\u0103 gaz Tipul de alimentare cu s\u00e2rm\u0103: \u00eencorporat Viteza de alimentare a s\u00e2rmei, m\/min: 2,5 - 12 Dimensiunea bobinei de s\u00e2rm\u0103: R&lt;=200, p\u00e2n\u0103 la 5 kg Diametrul firului de cupru, mm: 0,6 - 1,0 mm Diametrul firului de flux, mm: 0,8 - 0,9 mm Gama de curent de sudare MMA: 30 - 150 A Diametrul electrodului: 1,6 - 4,0 mm Tipul de acoperire a electrodului (pentru MMA): Rutile \/ bazic Gama de curent de sudare TIG: 20 - 180 A Tip tranzistor: IGBT Eficien\u021b\u0103 (randament): 80 % Ciclu de func\u021bionare la curent maxim: 20 % Gradul de protec\u021bie al carcasei: IP21S Clasa de izolare: F Func\u021bia AntiStick: Verifica\u021bi Func\u021bia HotStart: Verificare Func\u021bia ArcForce: Da Protec\u021bie la supra\u00eenc\u0103lzire: Da Afi\u0219aj: 2 buc Puterea recomandat\u0103 a generatorului de sudur\u0103: 7 kVA Greutate: 11 kg","og_url":"https:\/\/kamoto.md\/ro\/shop\/generatoare-si-compresoare\/aparate-de-sudura\/aparat-de-sudat-kamoto-mig180\/","og_site_name":"Kamoto.md","article_modified_time":"2026-02-27T11:06:00+00:00","og_image":[{"width":132,"height":132,"url":"https:\/\/kamoto.md\/wp-content\/uploads\/2021\/09\/mig1.jpg","type":"image\/jpeg"}],"twitter_card":"summary_large_image","twitter_misc":{"Timp estimat pentru citire":"5 minute"},"schema":{"@context":"https:\/\/schema.org","@graph":[{"@type":["WebPage","ItemPage"],"@id":"https:\/\/kamoto.md\/ro\/shop\/generatoare-si-compresoare\/aparate-de-sudura\/aparat-de-sudat-kamoto-mig180\/","url":"https:\/\/kamoto.md\/ro\/shop\/generatoare-si-compresoare\/aparate-de-sudura\/aparat-de-sudat-kamoto-mig180\/","name":"Aparate de sudur\u0103 - Aparat de sudat KAMOTO MIG180 - Kamoto.md","isPartOf":{"@id":"https:\/\/kamoto.md\/ro\/#website"},"primaryImageOfPage":{"@id":"https:\/\/kamoto.md\/ro\/shop\/generatoare-si-compresoare\/aparate-de-sudura\/aparat-de-sudat-kamoto-mig180\/#primaryimage"},"image":{"@id":"https:\/\/kamoto.md\/ro\/shop\/generatoare-si-compresoare\/aparate-de-sudura\/aparat-de-sudat-kamoto-mig180\/#primaryimage"},"thumbnailUrl":"https:\/\/kamoto.md\/wp-content\/uploads\/2021\/09\/IMG_0241.jpg","datePublished":"2021-09-27T10:44:17+00:00","dateModified":"2026-02-27T11:06:00+00:00","breadcrumb":{"@id":"https:\/\/kamoto.md\/ro\/shop\/generatoare-si-compresoare\/aparate-de-sudura\/aparat-de-sudat-kamoto-mig180\/#breadcrumb"},"inLanguage":"ro-RO","potentialAction":[{"@type":"ReadAction","target":["https:\/\/kamoto.md\/ro\/shop\/generatoare-si-compresoare\/aparate-de-sudura\/aparat-de-sudat-kamoto-mig180\/"]}]},{"@type":"ImageObject","inLanguage":"ro-RO","@id":"https:\/\/kamoto.md\/ro\/shop\/generatoare-si-compresoare\/aparate-de-sudura\/aparat-de-sudat-kamoto-mig180\/#primaryimage","url":"https:\/\/kamoto.md\/wp-content\/uploads\/2021\/09\/IMG_0241.jpg","contentUrl":"https:\/\/kamoto.md\/wp-content\/uploads\/2021\/09\/IMG_0241.jpg","width":1000,"height":1000},{"@type":"BreadcrumbList","@id":"https:\/\/kamoto.md\/ro\/shop\/generatoare-si-compresoare\/aparate-de-sudura\/aparat-de-sudat-kamoto-mig180\/#breadcrumb","itemListElement":[{"@type":"ListItem","position":1,"name":"\u0413\u043b\u0430\u0432\u043d\u0430\u044f \u0441\u0442\u0440\u0430\u043d\u0438\u0446\u0430","item":"https:\/\/kamoto.md\/ro\/"},{"@type":"ListItem","position":2,"name":"Catalog","item":"https:\/\/kamoto.md\/ro\/catalog\/"},{"@type":"ListItem","position":3,"name":"Generatoare si Compresoare","item":"https:\/\/kamoto.md\/ro\/catalog\/generatoare-si-compresoare\/"},{"@type":"ListItem","position":4,"name":"Aparate de sudur\u0103","item":"https:\/\/kamoto.md\/ro\/catalog\/generatoare-si-compresoare\/aparate-de-sudura\/"},{"@type":"ListItem","position":5,"name":"Aparat de sudat KAMOTO MIG180"}]},{"@type":"WebSite","@id":"https:\/\/kamoto.md\/ro\/#website","url":"https:\/\/kamoto.md\/ro\/","name":"Kamoto.MD","description":"\u0418\u043d\u0442\u0435\u0440\u043d\u0435\u0442 \u043c\u0430\u0433\u0430\u0437\u0438\u043d \u044d\u043b\u0435\u043a\u0442\u0440\u043e\u0438\u043d\u0441\u0442\u0440\u0443\u043c\u0435\u043d\u0442\u0430, \u0441\u0430\u0434\u043e\u0432\u043e\u0439 \u0438 \u0441\u0438\u043b\u043e\u0432\u043e\u0439 \u0442\u0435\u0445\u043d\u0438\u043a\u0438.","publisher":{"@id":"https:\/\/kamoto.md\/ro\/#organization"},"potentialAction":[{"@type":"SearchAction","target":{"@type":"EntryPoint","urlTemplate":"https:\/\/kamoto.md\/ro\/?s={search_term_string}"},"query-input":{"@type":"PropertyValueSpecification","valueRequired":true,"valueName":"search_term_string"}}],"inLanguage":"ro-RO"},{"@type":"Organization","@id":"https:\/\/kamoto.md\/ro\/#organization","name":"Kamoto S.R.L.","url":"https:\/\/kamoto.md\/ro\/","logo":{"@type":"ImageObject","inLanguage":"ro-RO","@id":"https:\/\/kamoto.md\/ro\/#\/schema\/logo\/image\/","url":"https:\/\/kamoto.md\/wp-content\/uploads\/2017\/08\/logo.png","contentUrl":"https:\/\/kamoto.md\/wp-content\/uploads\/2017\/08\/logo.png","width":323,"height":50,"caption":"Kamoto S.R.L."},"image":{"@id":"https:\/\/kamoto.md\/ro\/#\/schema\/logo\/image\/"}}]}},"_links":{"self":[{"href":"https:\/\/kamoto.md\/ro\/wp-json\/wp\/v2\/product\/13783","targetHints":{"allow":["GET"]}}],"collection":[{"href":"https:\/\/kamoto.md\/ro\/wp-json\/wp\/v2\/product"}],"about":[{"href":"https:\/\/kamoto.md\/ro\/wp-json\/wp\/v2\/types\/product"}],"wp:featuredmedia":[{"embeddable":true,"href":"https:\/\/kamoto.md\/ro\/wp-json\/wp\/v2\/media\/10555"}],"wp:attachment":[{"href":"https:\/\/kamoto.md\/ro\/wp-json\/wp\/v2\/media?parent=13783"}],"wp:term":[{"taxonomy":"product_brand","embeddable":true,"href":"https:\/\/kamoto.md\/ro\/wp-json\/wp\/v2\/product_brand?post=13783"},{"taxonomy":"product_cat","embeddable":true,"href":"https:\/\/kamoto.md\/ro\/wp-json\/wp\/v2\/product_cat?post=13783"},{"taxonomy":"product_tag","embeddable":true,"href":"https:\/\/kamoto.md\/ro\/wp-json\/wp\/v2\/product_tag?post=13783"}],"curies":[{"name":"wp","href":"https:\/\/api.w.org\/{rel}","templated":true}]}}