{"id":13784,"date":"2021-09-27T12:32:03","date_gmt":"2021-09-27T10:32:03","guid":{"rendered":"https:\/\/kamoto.md\/shop\/fara-categorie\/nabor-pnevmoinstrumenta-kamoto-at5\/"},"modified":"2026-02-27T13:06:05","modified_gmt":"2026-02-27T11:06:05","slug":"set-de-instrumente-pneumatice-kamoto-at5","status":"publish","type":"product","link":"https:\/\/kamoto.md\/ro\/shop\/generatoare-si-compresoare\/compresoare\/set-de-instrumente-pneumatice-kamoto-at5\/","title":{"rendered":"SET DE INSTRUMENTE PNEUMATICE KAMOTO AT5"},"content":{"rendered":"<p>SET DE INSTRUMENTE PNEUMATICE KAMOTO AT5 din 5 piese pentru aplicarea vopselei \u0219i lacului, cur\u0103\u021barea pieselor puternic contaminate prin suflare uscat\u0103 \u0219i umed\u0103. Uneltele sunt echipate cu un cuplaj cu eliberare rapid\u0103. Potrivit pentru toate tipurile de vopsea.<br \/>\nAccesorii:<br \/>\n1) Pulverizator de vopsea cu rezervor superior<br \/>\nPentru vopsire rapid\u0103 \u0219i comod\u0103. Fabricat din aliaj de aluminiu de \u00eenalt\u0103 calitate.<br \/>\nDiametrul duzei standard: 1,5 mm<br \/>\nDiametrul de intrare: \u00bc&#8221;<br \/>\nDebitul de aer la presiunea de lucru: 160 l\/min<br \/>\nPresiunea de lucru: 3,0 bar<br \/>\nCapacitatea rezervorului: 600 ml.<\/p>\n<p>2) Pistol cu aer comprimat<br \/>\nConceput pentru suflarea prafului \u0219i a contaminan\u021bilor mici din g\u0103uri.<br \/>\nDiametrul duzei standard: 2,0 mm<br \/>\nDiametrul de intrare: \u00bc inch<br \/>\nDebitul de aer la presiunea de lucru: 125 l\/min<br \/>\nPresiunea de lucru: 2,0 &#8211; 6,0 bar<\/p>\n<p>3) Pistol cu aer comprimat pentru umflarea anvelopelor<br \/>\nPistol cu aer comprimat cu manometru pentru controlul precis al presiunii din interiorul anvelopelor auto. Carcasa metalic\u0103 protejeaz\u0103 \u00eempotriva deterior\u0103rii. Duz\u0103 extins\u0103 pentru lucrul \u00een locuri greu accesibile.<br \/>\nDiametrul de intrare: \u00bc&#8221;<br \/>\nDebitul de aer la presiunea de lucru: 140 l\/min<br \/>\nPresiunea de lucru: max. 12,0 bar.<\/p>\n<p>4) Pistol de sp\u0103lare (pistol cu aer pentru lichide v\u00e2scoase)<br \/>\nProiectat pentru furnizarea de aer \u00eempreun\u0103 cu lichid sub presiune.<br \/>\nDiametrul duzei standard: 4,5 mm<br \/>\nDiametrul de intrare: \u00bc inch<br \/>\nDebitul de aer la presiunea de lucru: 130 l\/min<br \/>\nPresiunea de lucru: 3,5 bar<br \/>\nCapacitatea rezervorului: 900 ml<\/p>\n<p>5) Furtun spiralat (5 m):<br \/>\nPermite conectarea uneltelor pneumatice la compresor. Designul spiralat previne \u00eendoirea \u0219i cre\u0219te u\u0219urin\u021ba de utilizare \u0219i depozitare.<\/p>\n","protected":false},"excerpt":{"rendered":"<p>Pistol de pulverizare cu rezervor superior (600 ml): 1 buc<br \/>\nPistol cu aer pentru suflare: 1 buc<br \/>\nPistol cu aer pentru umflarea anvelopelor: 1 buc<br \/>\nPistol de sp\u0103lare (900 ml): 1 buc<br \/>\nFurtun spiralat (5 m): 1 buc Furtun spiralat (5 m): 1 buc<\/p>\n","protected":false},"featured_media":10545,"template":"","meta":[],"product_brand":[],"product_cat":[300],"product_tag":[],"class_list":{"0":"post-13784","1":"product","2":"type-product","3":"status-publish","4":"has-post-thumbnail","6":"product_cat-compresoare","8":"first","9":"instock","10":"shipping-taxable","11":"purchasable","12":"product-type-simple"},"yoast_head":"<!-- This site is optimized with the Yoast SEO plugin v27.3 - https:\/\/yoast.com\/product\/yoast-seo-wordpress\/ -->\n<title>Compresoare - SET DE INSTRUMENTE PNEUMATICE KAMOTO AT5 - Kamoto.md<\/title>\n<meta name=\"robots\" content=\"index, follow, max-snippet:-1, max-image-preview:large, max-video-preview:-1\" \/>\n<link rel=\"canonical\" href=\"https:\/\/kamoto.md\/ro\/shop\/generatoare-si-compresoare\/compresoare\/set-de-instrumente-pneumatice-kamoto-at5\/\" \/>\n<meta property=\"og:locale\" content=\"ro_RO\" \/>\n<meta property=\"og:type\" content=\"article\" \/>\n<meta property=\"og:title\" content=\"Compresoare - SET DE INSTRUMENTE PNEUMATICE KAMOTO AT5 - Kamoto.md\" \/>\n<meta property=\"og:description\" content=\"Pistol de pulverizare cu rezervor superior (600 ml): 1 buc Pistol cu aer pentru suflare: 1 buc Pistol cu aer pentru umflarea anvelopelor: 1 buc Pistol de sp\u0103lare (900 ml): 1 buc Furtun spiralat (5 m): 1 buc Furtun spiralat (5 m): 1 buc\" \/>\n<meta property=\"og:url\" content=\"https:\/\/kamoto.md\/ro\/shop\/generatoare-si-compresoare\/compresoare\/set-de-instrumente-pneumatice-kamoto-at5\/\" \/>\n<meta property=\"og:site_name\" content=\"Kamoto.md\" \/>\n<meta property=\"article:modified_time\" content=\"2026-02-27T11:06:05+00:00\" \/>\n<meta property=\"og:image\" content=\"https:\/\/kamoto.md\/wp-content\/uploads\/2021\/05\/logo2.png\" \/>\n\t<meta property=\"og:image:width\" content=\"1000\" \/>\n\t<meta property=\"og:image:height\" content=\"1000\" \/>\n\t<meta property=\"og:image:type\" content=\"image\/png\" \/>\n<meta name=\"twitter:card\" content=\"summary_large_image\" \/>\n<meta name=\"twitter:label1\" content=\"Timp estimat pentru citire\" \/>\n\t<meta name=\"twitter:data1\" content=\"2 minute\" \/>\n<script type=\"application\/ld+json\" class=\"yoast-schema-graph\">{\"@context\":\"https:\\\/\\\/schema.org\",\"@graph\":[{\"@type\":[\"WebPage\",\"ItemPage\"],\"@id\":\"https:\\\/\\\/kamoto.md\\\/ro\\\/shop\\\/generatoare-si-compresoare\\\/compresoare\\\/set-de-instrumente-pneumatice-kamoto-at5\\\/\",\"url\":\"https:\\\/\\\/kamoto.md\\\/ro\\\/shop\\\/generatoare-si-compresoare\\\/compresoare\\\/set-de-instrumente-pneumatice-kamoto-at5\\\/\",\"name\":\"Compresoare - SET DE INSTRUMENTE PNEUMATICE KAMOTO AT5 - Kamoto.md\",\"isPartOf\":{\"@id\":\"https:\\\/\\\/kamoto.md\\\/ro\\\/#website\"},\"primaryImageOfPage\":{\"@id\":\"https:\\\/\\\/kamoto.md\\\/ro\\\/shop\\\/generatoare-si-compresoare\\\/compresoare\\\/set-de-instrumente-pneumatice-kamoto-at5\\\/#primaryimage\"},\"image\":{\"@id\":\"https:\\\/\\\/kamoto.md\\\/ro\\\/shop\\\/generatoare-si-compresoare\\\/compresoare\\\/set-de-instrumente-pneumatice-kamoto-at5\\\/#primaryimage\"},\"thumbnailUrl\":\"https:\\\/\\\/kamoto.md\\\/wp-content\\\/uploads\\\/2021\\\/09\\\/IMG_0372.jpg\",\"datePublished\":\"2021-09-27T10:32:03+00:00\",\"dateModified\":\"2026-02-27T11:06:05+00:00\",\"breadcrumb\":{\"@id\":\"https:\\\/\\\/kamoto.md\\\/ro\\\/shop\\\/generatoare-si-compresoare\\\/compresoare\\\/set-de-instrumente-pneumatice-kamoto-at5\\\/#breadcrumb\"},\"inLanguage\":\"ro-RO\",\"potentialAction\":[{\"@type\":\"ReadAction\",\"target\":[\"https:\\\/\\\/kamoto.md\\\/ro\\\/shop\\\/generatoare-si-compresoare\\\/compresoare\\\/set-de-instrumente-pneumatice-kamoto-at5\\\/\"]}]},{\"@type\":\"ImageObject\",\"inLanguage\":\"ro-RO\",\"@id\":\"https:\\\/\\\/kamoto.md\\\/ro\\\/shop\\\/generatoare-si-compresoare\\\/compresoare\\\/set-de-instrumente-pneumatice-kamoto-at5\\\/#primaryimage\",\"url\":\"https:\\\/\\\/kamoto.md\\\/wp-content\\\/uploads\\\/2021\\\/09\\\/IMG_0372.jpg\",\"contentUrl\":\"https:\\\/\\\/kamoto.md\\\/wp-content\\\/uploads\\\/2021\\\/09\\\/IMG_0372.jpg\",\"width\":1000,\"height\":1000},{\"@type\":\"BreadcrumbList\",\"@id\":\"https:\\\/\\\/kamoto.md\\\/ro\\\/shop\\\/generatoare-si-compresoare\\\/compresoare\\\/set-de-instrumente-pneumatice-kamoto-at5\\\/#breadcrumb\",\"itemListElement\":[{\"@type\":\"ListItem\",\"position\":1,\"name\":\"\u0413\u043b\u0430\u0432\u043d\u0430\u044f \u0441\u0442\u0440\u0430\u043d\u0438\u0446\u0430\",\"item\":\"https:\\\/\\\/kamoto.md\\\/ro\\\/\"},{\"@type\":\"ListItem\",\"position\":2,\"name\":\"Catalog\",\"item\":\"https:\\\/\\\/kamoto.md\\\/ro\\\/catalog\\\/\"},{\"@type\":\"ListItem\",\"position\":3,\"name\":\"Generatoare si Compresoare\",\"item\":\"https:\\\/\\\/kamoto.md\\\/ro\\\/catalog\\\/generatoare-si-compresoare\\\/\"},{\"@type\":\"ListItem\",\"position\":4,\"name\":\"Compresoare\",\"item\":\"https:\\\/\\\/kamoto.md\\\/ro\\\/catalog\\\/generatoare-si-compresoare\\\/compresoare\\\/\"},{\"@type\":\"ListItem\",\"position\":5,\"name\":\"SET DE INSTRUMENTE PNEUMATICE KAMOTO AT5\"}]},{\"@type\":\"WebSite\",\"@id\":\"https:\\\/\\\/kamoto.md\\\/ro\\\/#website\",\"url\":\"https:\\\/\\\/kamoto.md\\\/ro\\\/\",\"name\":\"Kamoto.MD\",\"description\":\"\u0418\u043d\u0442\u0435\u0440\u043d\u0435\u0442 \u043c\u0430\u0433\u0430\u0437\u0438\u043d \u044d\u043b\u0435\u043a\u0442\u0440\u043e\u0438\u043d\u0441\u0442\u0440\u0443\u043c\u0435\u043d\u0442\u0430, \u0441\u0430\u0434\u043e\u0432\u043e\u0439 \u0438 \u0441\u0438\u043b\u043e\u0432\u043e\u0439 \u0442\u0435\u0445\u043d\u0438\u043a\u0438.\",\"publisher\":{\"@id\":\"https:\\\/\\\/kamoto.md\\\/ro\\\/#organization\"},\"potentialAction\":[{\"@type\":\"SearchAction\",\"target\":{\"@type\":\"EntryPoint\",\"urlTemplate\":\"https:\\\/\\\/kamoto.md\\\/ro\\\/?s={search_term_string}\"},\"query-input\":{\"@type\":\"PropertyValueSpecification\",\"valueRequired\":true,\"valueName\":\"search_term_string\"}}],\"inLanguage\":\"ro-RO\"},{\"@type\":\"Organization\",\"@id\":\"https:\\\/\\\/kamoto.md\\\/ro\\\/#organization\",\"name\":\"Kamoto S.R.L.\",\"url\":\"https:\\\/\\\/kamoto.md\\\/ro\\\/\",\"logo\":{\"@type\":\"ImageObject\",\"inLanguage\":\"ro-RO\",\"@id\":\"https:\\\/\\\/kamoto.md\\\/ro\\\/#\\\/schema\\\/logo\\\/image\\\/\",\"url\":\"https:\\\/\\\/kamoto.md\\\/wp-content\\\/uploads\\\/2017\\\/08\\\/logo.png\",\"contentUrl\":\"https:\\\/\\\/kamoto.md\\\/wp-content\\\/uploads\\\/2017\\\/08\\\/logo.png\",\"width\":323,\"height\":50,\"caption\":\"Kamoto S.R.L.\"},\"image\":{\"@id\":\"https:\\\/\\\/kamoto.md\\\/ro\\\/#\\\/schema\\\/logo\\\/image\\\/\"}}]}<\/script>\n<!-- \/ Yoast SEO plugin. -->","yoast_head_json":{"title":"Compresoare - SET DE INSTRUMENTE PNEUMATICE KAMOTO AT5 - Kamoto.md","robots":{"index":"index","follow":"follow","max-snippet":"max-snippet:-1","max-image-preview":"max-image-preview:large","max-video-preview":"max-video-preview:-1"},"canonical":"https:\/\/kamoto.md\/ro\/shop\/generatoare-si-compresoare\/compresoare\/set-de-instrumente-pneumatice-kamoto-at5\/","og_locale":"ro_RO","og_type":"article","og_title":"Compresoare - SET DE INSTRUMENTE PNEUMATICE KAMOTO AT5 - Kamoto.md","og_description":"Pistol de pulverizare cu rezervor superior (600 ml): 1 buc Pistol cu aer pentru suflare: 1 buc Pistol cu aer pentru umflarea anvelopelor: 1 buc Pistol de sp\u0103lare (900 ml): 1 buc Furtun spiralat (5 m): 1 buc Furtun spiralat (5 m): 1 buc","og_url":"https:\/\/kamoto.md\/ro\/shop\/generatoare-si-compresoare\/compresoare\/set-de-instrumente-pneumatice-kamoto-at5\/","og_site_name":"Kamoto.md","article_modified_time":"2026-02-27T11:06:05+00:00","og_image":[{"width":1000,"height":1000,"url":"https:\/\/kamoto.md\/wp-content\/uploads\/2021\/05\/logo2.png","type":"image\/png"}],"twitter_card":"summary_large_image","twitter_misc":{"Timp estimat pentru citire":"2 minute"},"schema":{"@context":"https:\/\/schema.org","@graph":[{"@type":["WebPage","ItemPage"],"@id":"https:\/\/kamoto.md\/ro\/shop\/generatoare-si-compresoare\/compresoare\/set-de-instrumente-pneumatice-kamoto-at5\/","url":"https:\/\/kamoto.md\/ro\/shop\/generatoare-si-compresoare\/compresoare\/set-de-instrumente-pneumatice-kamoto-at5\/","name":"Compresoare - SET DE INSTRUMENTE PNEUMATICE KAMOTO AT5 - Kamoto.md","isPartOf":{"@id":"https:\/\/kamoto.md\/ro\/#website"},"primaryImageOfPage":{"@id":"https:\/\/kamoto.md\/ro\/shop\/generatoare-si-compresoare\/compresoare\/set-de-instrumente-pneumatice-kamoto-at5\/#primaryimage"},"image":{"@id":"https:\/\/kamoto.md\/ro\/shop\/generatoare-si-compresoare\/compresoare\/set-de-instrumente-pneumatice-kamoto-at5\/#primaryimage"},"thumbnailUrl":"https:\/\/kamoto.md\/wp-content\/uploads\/2021\/09\/IMG_0372.jpg","datePublished":"2021-09-27T10:32:03+00:00","dateModified":"2026-02-27T11:06:05+00:00","breadcrumb":{"@id":"https:\/\/kamoto.md\/ro\/shop\/generatoare-si-compresoare\/compresoare\/set-de-instrumente-pneumatice-kamoto-at5\/#breadcrumb"},"inLanguage":"ro-RO","potentialAction":[{"@type":"ReadAction","target":["https:\/\/kamoto.md\/ro\/shop\/generatoare-si-compresoare\/compresoare\/set-de-instrumente-pneumatice-kamoto-at5\/"]}]},{"@type":"ImageObject","inLanguage":"ro-RO","@id":"https:\/\/kamoto.md\/ro\/shop\/generatoare-si-compresoare\/compresoare\/set-de-instrumente-pneumatice-kamoto-at5\/#primaryimage","url":"https:\/\/kamoto.md\/wp-content\/uploads\/2021\/09\/IMG_0372.jpg","contentUrl":"https:\/\/kamoto.md\/wp-content\/uploads\/2021\/09\/IMG_0372.jpg","width":1000,"height":1000},{"@type":"BreadcrumbList","@id":"https:\/\/kamoto.md\/ro\/shop\/generatoare-si-compresoare\/compresoare\/set-de-instrumente-pneumatice-kamoto-at5\/#breadcrumb","itemListElement":[{"@type":"ListItem","position":1,"name":"\u0413\u043b\u0430\u0432\u043d\u0430\u044f \u0441\u0442\u0440\u0430\u043d\u0438\u0446\u0430","item":"https:\/\/kamoto.md\/ro\/"},{"@type":"ListItem","position":2,"name":"Catalog","item":"https:\/\/kamoto.md\/ro\/catalog\/"},{"@type":"ListItem","position":3,"name":"Generatoare si Compresoare","item":"https:\/\/kamoto.md\/ro\/catalog\/generatoare-si-compresoare\/"},{"@type":"ListItem","position":4,"name":"Compresoare","item":"https:\/\/kamoto.md\/ro\/catalog\/generatoare-si-compresoare\/compresoare\/"},{"@type":"ListItem","position":5,"name":"SET DE INSTRUMENTE PNEUMATICE KAMOTO AT5"}]},{"@type":"WebSite","@id":"https:\/\/kamoto.md\/ro\/#website","url":"https:\/\/kamoto.md\/ro\/","name":"Kamoto.MD","description":"\u0418\u043d\u0442\u0435\u0440\u043d\u0435\u0442 \u043c\u0430\u0433\u0430\u0437\u0438\u043d \u044d\u043b\u0435\u043a\u0442\u0440\u043e\u0438\u043d\u0441\u0442\u0440\u0443\u043c\u0435\u043d\u0442\u0430, \u0441\u0430\u0434\u043e\u0432\u043e\u0439 \u0438 \u0441\u0438\u043b\u043e\u0432\u043e\u0439 \u0442\u0435\u0445\u043d\u0438\u043a\u0438.","publisher":{"@id":"https:\/\/kamoto.md\/ro\/#organization"},"potentialAction":[{"@type":"SearchAction","target":{"@type":"EntryPoint","urlTemplate":"https:\/\/kamoto.md\/ro\/?s={search_term_string}"},"query-input":{"@type":"PropertyValueSpecification","valueRequired":true,"valueName":"search_term_string"}}],"inLanguage":"ro-RO"},{"@type":"Organization","@id":"https:\/\/kamoto.md\/ro\/#organization","name":"Kamoto S.R.L.","url":"https:\/\/kamoto.md\/ro\/","logo":{"@type":"ImageObject","inLanguage":"ro-RO","@id":"https:\/\/kamoto.md\/ro\/#\/schema\/logo\/image\/","url":"https:\/\/kamoto.md\/wp-content\/uploads\/2017\/08\/logo.png","contentUrl":"https:\/\/kamoto.md\/wp-content\/uploads\/2017\/08\/logo.png","width":323,"height":50,"caption":"Kamoto S.R.L."},"image":{"@id":"https:\/\/kamoto.md\/ro\/#\/schema\/logo\/image\/"}}]}},"_links":{"self":[{"href":"https:\/\/kamoto.md\/ro\/wp-json\/wp\/v2\/product\/13784","targetHints":{"allow":["GET"]}}],"collection":[{"href":"https:\/\/kamoto.md\/ro\/wp-json\/wp\/v2\/product"}],"about":[{"href":"https:\/\/kamoto.md\/ro\/wp-json\/wp\/v2\/types\/product"}],"wp:featuredmedia":[{"embeddable":true,"href":"https:\/\/kamoto.md\/ro\/wp-json\/wp\/v2\/media\/10545"}],"wp:attachment":[{"href":"https:\/\/kamoto.md\/ro\/wp-json\/wp\/v2\/media?parent=13784"}],"wp:term":[{"taxonomy":"product_brand","embeddable":true,"href":"https:\/\/kamoto.md\/ro\/wp-json\/wp\/v2\/product_brand?post=13784"},{"taxonomy":"product_cat","embeddable":true,"href":"https:\/\/kamoto.md\/ro\/wp-json\/wp\/v2\/product_cat?post=13784"},{"taxonomy":"product_tag","embeddable":true,"href":"https:\/\/kamoto.md\/ro\/wp-json\/wp\/v2\/product_tag?post=13784"}],"curies":[{"name":"wp","href":"https:\/\/api.w.org\/{rel}","templated":true}]}}