{"id":13792,"date":"2021-09-02T12:25:17","date_gmt":"2021-09-02T10:25:17","guid":{"rendered":"https:\/\/kamoto.md\/shop\/fara-categorie\/pylesos-kamoto-vc18\/"},"modified":"2026-02-27T13:10:56","modified_gmt":"2026-02-27T11:10:56","slug":"aspirator-kamoto-vc18","status":"publish","type":"product","link":"https:\/\/kamoto.md\/ro\/shop\/scule-electrice\/aspiratoare\/aspirator-kamoto-vc18\/","title":{"rendered":"Aspirator KAMOTO VC18"},"content":{"rendered":"<p>Aspiratorul KAMOTO VC18 este o modalitate excelent\u0103 de a face fa\u021b\u0103 prafului periculos. Este potrivit pentru cur\u0103\u021barea uscat\u0103 \u0219i umed\u0103 a diferitelor spa\u021bii &#8211; fie c\u0103 este vorba de un apartament sau un mic atelier la \u00eentreprindere. Caracteristicile excelente de aspirare ofer\u0103 ma\u0219inii performan\u021be ridicate. Containerul aspiratorului are un volum optim de 18 litri.<\/p>\n<p>Avantaje:<br \/>\n&#8211; Lungimea cablului electric: 6 m;<br \/>\n&#8211; Lungimea furtunului de aspira\u021bie: 2 m;<br \/>\n&#8211; Dimensiunile compacte \u0219i greutatea redus\u0103 fac aspiratorul u\u0219or de deplasat;<br \/>\n&#8211; Golirea u\u0219oar\u0103 a recipientului;<br \/>\n&#8211; Performan\u021b\u0103 de aspirare eficient\u0103;<br \/>\n&#8211; Capacitate suficient\u0103 a rezervorului de 18 litri;<br \/>\n&#8211; Filtru HEPA \u0219i filtru lavabil din p\u00e2nz\u0103 fleece cu o eficien\u021b\u0103 de filtrare de cel pu\u021bin 99,9%;<br \/>\n&#8211; Exist\u0103 o func\u021bie de suflare a prafului cu aer evacuat.<\/p>\n","protected":false},"excerpt":{"rendered":"<p>Parametrii de re\u021bea: 220-240V \/ 50Hz<br \/>\nConsumul maxim de energie: 1200 W<br \/>\nTip de cur\u0103\u021bare: Umed\/uscat<br \/>\nVolumul de aer aspirat: 1,6-1,7 m3\/min (sau 27 l\/sec)<br \/>\nCapacitatea rezervorului: 18 l<br \/>\nMaterialul rezervorului: Plastic<br \/>\nDiametrul nominal al accesoriilor conectate: 32 cm<br \/>\nMax. priz\u0103 pentru conectarea sculei: F\u0103r\u0103 priz\u0103<br \/>\nFunc\u021bie de suflare: Da<br \/>\n<strong>Accesorii<\/strong><br \/>\nFiltru: HEPA, filtru de p\u00e2nz\u0103, filtru de spum\u0103<br \/>\nCablu de alimentare: 6 m<br \/>\nFurtun de aspirare: 2 m<br \/>\nIndicator de umplere: Nu<br \/>\nTuburi de extensie: 2 buc. plastic<br \/>\nOrificiu de scurgere a apei: Nu<br \/>\nPerii: 1) Perie umed\u0103 \u0219i uscat\u0103 2) Perie cu fante 3) Perie pentru covoare<\/p>\n","protected":false},"featured_media":10379,"template":"","meta":[],"product_brand":[],"product_cat":[292],"product_tag":[],"class_list":{"0":"post-13792","1":"product","2":"type-product","3":"status-publish","4":"has-post-thumbnail","6":"product_cat-aspiratoare","8":"first","9":"outofstock","10":"shipping-taxable","11":"product-type-simple"},"yoast_head":"<!-- This site is optimized with the Yoast SEO plugin v27.3 - https:\/\/yoast.com\/product\/yoast-seo-wordpress\/ -->\n<title>Aspiratoare - Aspirator KAMOTO VC18 - Kamoto.md<\/title>\n<meta name=\"robots\" content=\"index, follow, max-snippet:-1, max-image-preview:large, max-video-preview:-1\" \/>\n<link rel=\"canonical\" href=\"https:\/\/kamoto.md\/ro\/shop\/scule-electrice\/aspiratoare\/aspirator-kamoto-vc18\/\" \/>\n<meta property=\"og:locale\" content=\"ro_RO\" \/>\n<meta property=\"og:type\" content=\"article\" \/>\n<meta property=\"og:title\" content=\"Aspiratoare - Aspirator KAMOTO VC18 - Kamoto.md\" \/>\n<meta property=\"og:description\" content=\"Parametrii de re\u021bea: 220-240V \/ 50Hz Consumul maxim de energie: 1200 W Tip de cur\u0103\u021bare: Umed\/uscat Volumul de aer aspirat: 1,6-1,7 m3\/min (sau 27 l\/sec) Capacitatea rezervorului: 18 l Materialul rezervorului: Plastic Diametrul nominal al accesoriilor conectate: 32 cm Max. priz\u0103 pentru conectarea sculei: F\u0103r\u0103 priz\u0103 Func\u021bie de suflare: Da Accesorii Filtru: HEPA, filtru de p\u00e2nz\u0103, filtru de spum\u0103 Cablu de alimentare: 6 m Furtun de aspirare: 2 m Indicator de umplere: Nu Tuburi de extensie: 2 buc. plastic Orificiu de scurgere a apei: Nu Perii: 1) Perie umed\u0103 \u0219i uscat\u0103 2) Perie cu fante 3) Perie pentru covoare\" \/>\n<meta property=\"og:url\" content=\"https:\/\/kamoto.md\/ro\/shop\/scule-electrice\/aspiratoare\/aspirator-kamoto-vc18\/\" \/>\n<meta property=\"og:site_name\" content=\"Kamoto.md\" \/>\n<meta property=\"article:modified_time\" content=\"2026-02-27T11:10:56+00:00\" \/>\n<meta property=\"og:image\" content=\"https:\/\/kamoto.md\/wp-content\/uploads\/2021\/05\/logo2.png\" \/>\n\t<meta property=\"og:image:width\" content=\"1000\" \/>\n\t<meta property=\"og:image:height\" content=\"1000\" \/>\n\t<meta property=\"og:image:type\" content=\"image\/png\" \/>\n<meta name=\"twitter:card\" content=\"summary_large_image\" \/>\n<meta name=\"twitter:label1\" content=\"Timp estimat pentru citire\" \/>\n\t<meta name=\"twitter:data1\" content=\"1 minut\" \/>\n<script type=\"application\/ld+json\" class=\"yoast-schema-graph\">{\"@context\":\"https:\\\/\\\/schema.org\",\"@graph\":[{\"@type\":[\"WebPage\",\"ItemPage\"],\"@id\":\"https:\\\/\\\/kamoto.md\\\/ro\\\/shop\\\/scule-electrice\\\/aspiratoare\\\/aspirator-kamoto-vc18\\\/\",\"url\":\"https:\\\/\\\/kamoto.md\\\/ro\\\/shop\\\/scule-electrice\\\/aspiratoare\\\/aspirator-kamoto-vc18\\\/\",\"name\":\"Aspiratoare - Aspirator KAMOTO VC18 - Kamoto.md\",\"isPartOf\":{\"@id\":\"https:\\\/\\\/kamoto.md\\\/ro\\\/#website\"},\"primaryImageOfPage\":{\"@id\":\"https:\\\/\\\/kamoto.md\\\/ro\\\/shop\\\/scule-electrice\\\/aspiratoare\\\/aspirator-kamoto-vc18\\\/#primaryimage\"},\"image\":{\"@id\":\"https:\\\/\\\/kamoto.md\\\/ro\\\/shop\\\/scule-electrice\\\/aspiratoare\\\/aspirator-kamoto-vc18\\\/#primaryimage\"},\"thumbnailUrl\":\"https:\\\/\\\/kamoto.md\\\/wp-content\\\/uploads\\\/2021\\\/09\\\/1_IMG_6386.jpg\",\"datePublished\":\"2021-09-02T10:25:17+00:00\",\"dateModified\":\"2026-02-27T11:10:56+00:00\",\"breadcrumb\":{\"@id\":\"https:\\\/\\\/kamoto.md\\\/ro\\\/shop\\\/scule-electrice\\\/aspiratoare\\\/aspirator-kamoto-vc18\\\/#breadcrumb\"},\"inLanguage\":\"ro-RO\",\"potentialAction\":[{\"@type\":\"ReadAction\",\"target\":[\"https:\\\/\\\/kamoto.md\\\/ro\\\/shop\\\/scule-electrice\\\/aspiratoare\\\/aspirator-kamoto-vc18\\\/\"]}]},{\"@type\":\"ImageObject\",\"inLanguage\":\"ro-RO\",\"@id\":\"https:\\\/\\\/kamoto.md\\\/ro\\\/shop\\\/scule-electrice\\\/aspiratoare\\\/aspirator-kamoto-vc18\\\/#primaryimage\",\"url\":\"https:\\\/\\\/kamoto.md\\\/wp-content\\\/uploads\\\/2021\\\/09\\\/1_IMG_6386.jpg\",\"contentUrl\":\"https:\\\/\\\/kamoto.md\\\/wp-content\\\/uploads\\\/2021\\\/09\\\/1_IMG_6386.jpg\",\"width\":1000,\"height\":1000},{\"@type\":\"BreadcrumbList\",\"@id\":\"https:\\\/\\\/kamoto.md\\\/ro\\\/shop\\\/scule-electrice\\\/aspiratoare\\\/aspirator-kamoto-vc18\\\/#breadcrumb\",\"itemListElement\":[{\"@type\":\"ListItem\",\"position\":1,\"name\":\"\u0413\u043b\u0430\u0432\u043d\u0430\u044f \u0441\u0442\u0440\u0430\u043d\u0438\u0446\u0430\",\"item\":\"https:\\\/\\\/kamoto.md\\\/ro\\\/\"},{\"@type\":\"ListItem\",\"position\":2,\"name\":\"Catalog\",\"item\":\"https:\\\/\\\/kamoto.md\\\/ro\\\/catalog\\\/\"},{\"@type\":\"ListItem\",\"position\":3,\"name\":\"Instrumente electrice\",\"item\":\"https:\\\/\\\/kamoto.md\\\/ro\\\/catalog\\\/scule-electrice\\\/\"},{\"@type\":\"ListItem\",\"position\":4,\"name\":\"Aspiratoare\",\"item\":\"https:\\\/\\\/kamoto.md\\\/ro\\\/catalog\\\/scule-electrice\\\/aspiratoare\\\/\"},{\"@type\":\"ListItem\",\"position\":5,\"name\":\"Aspirator KAMOTO VC18\"}]},{\"@type\":\"WebSite\",\"@id\":\"https:\\\/\\\/kamoto.md\\\/ro\\\/#website\",\"url\":\"https:\\\/\\\/kamoto.md\\\/ro\\\/\",\"name\":\"Kamoto.MD\",\"description\":\"\u0418\u043d\u0442\u0435\u0440\u043d\u0435\u0442 \u043c\u0430\u0433\u0430\u0437\u0438\u043d \u044d\u043b\u0435\u043a\u0442\u0440\u043e\u0438\u043d\u0441\u0442\u0440\u0443\u043c\u0435\u043d\u0442\u0430, \u0441\u0430\u0434\u043e\u0432\u043e\u0439 \u0438 \u0441\u0438\u043b\u043e\u0432\u043e\u0439 \u0442\u0435\u0445\u043d\u0438\u043a\u0438.\",\"publisher\":{\"@id\":\"https:\\\/\\\/kamoto.md\\\/ro\\\/#organization\"},\"potentialAction\":[{\"@type\":\"SearchAction\",\"target\":{\"@type\":\"EntryPoint\",\"urlTemplate\":\"https:\\\/\\\/kamoto.md\\\/ro\\\/?s={search_term_string}\"},\"query-input\":{\"@type\":\"PropertyValueSpecification\",\"valueRequired\":true,\"valueName\":\"search_term_string\"}}],\"inLanguage\":\"ro-RO\"},{\"@type\":\"Organization\",\"@id\":\"https:\\\/\\\/kamoto.md\\\/ro\\\/#organization\",\"name\":\"Kamoto S.R.L.\",\"url\":\"https:\\\/\\\/kamoto.md\\\/ro\\\/\",\"logo\":{\"@type\":\"ImageObject\",\"inLanguage\":\"ro-RO\",\"@id\":\"https:\\\/\\\/kamoto.md\\\/ro\\\/#\\\/schema\\\/logo\\\/image\\\/\",\"url\":\"https:\\\/\\\/kamoto.md\\\/wp-content\\\/uploads\\\/2017\\\/08\\\/logo.png\",\"contentUrl\":\"https:\\\/\\\/kamoto.md\\\/wp-content\\\/uploads\\\/2017\\\/08\\\/logo.png\",\"width\":323,\"height\":50,\"caption\":\"Kamoto S.R.L.\"},\"image\":{\"@id\":\"https:\\\/\\\/kamoto.md\\\/ro\\\/#\\\/schema\\\/logo\\\/image\\\/\"}}]}<\/script>\n<!-- \/ Yoast SEO plugin. -->","yoast_head_json":{"title":"Aspiratoare - Aspirator KAMOTO VC18 - Kamoto.md","robots":{"index":"index","follow":"follow","max-snippet":"max-snippet:-1","max-image-preview":"max-image-preview:large","max-video-preview":"max-video-preview:-1"},"canonical":"https:\/\/kamoto.md\/ro\/shop\/scule-electrice\/aspiratoare\/aspirator-kamoto-vc18\/","og_locale":"ro_RO","og_type":"article","og_title":"Aspiratoare - Aspirator KAMOTO VC18 - Kamoto.md","og_description":"Parametrii de re\u021bea: 220-240V \/ 50Hz Consumul maxim de energie: 1200 W Tip de cur\u0103\u021bare: Umed\/uscat Volumul de aer aspirat: 1,6-1,7 m3\/min (sau 27 l\/sec) Capacitatea rezervorului: 18 l Materialul rezervorului: Plastic Diametrul nominal al accesoriilor conectate: 32 cm Max. priz\u0103 pentru conectarea sculei: F\u0103r\u0103 priz\u0103 Func\u021bie de suflare: Da Accesorii Filtru: HEPA, filtru de p\u00e2nz\u0103, filtru de spum\u0103 Cablu de alimentare: 6 m Furtun de aspirare: 2 m Indicator de umplere: Nu Tuburi de extensie: 2 buc. plastic Orificiu de scurgere a apei: Nu Perii: 1) Perie umed\u0103 \u0219i uscat\u0103 2) Perie cu fante 3) Perie pentru covoare","og_url":"https:\/\/kamoto.md\/ro\/shop\/scule-electrice\/aspiratoare\/aspirator-kamoto-vc18\/","og_site_name":"Kamoto.md","article_modified_time":"2026-02-27T11:10:56+00:00","og_image":[{"width":1000,"height":1000,"url":"https:\/\/kamoto.md\/wp-content\/uploads\/2021\/05\/logo2.png","type":"image\/png"}],"twitter_card":"summary_large_image","twitter_misc":{"Timp estimat pentru citire":"1 minut"},"schema":{"@context":"https:\/\/schema.org","@graph":[{"@type":["WebPage","ItemPage"],"@id":"https:\/\/kamoto.md\/ro\/shop\/scule-electrice\/aspiratoare\/aspirator-kamoto-vc18\/","url":"https:\/\/kamoto.md\/ro\/shop\/scule-electrice\/aspiratoare\/aspirator-kamoto-vc18\/","name":"Aspiratoare - Aspirator KAMOTO VC18 - Kamoto.md","isPartOf":{"@id":"https:\/\/kamoto.md\/ro\/#website"},"primaryImageOfPage":{"@id":"https:\/\/kamoto.md\/ro\/shop\/scule-electrice\/aspiratoare\/aspirator-kamoto-vc18\/#primaryimage"},"image":{"@id":"https:\/\/kamoto.md\/ro\/shop\/scule-electrice\/aspiratoare\/aspirator-kamoto-vc18\/#primaryimage"},"thumbnailUrl":"https:\/\/kamoto.md\/wp-content\/uploads\/2021\/09\/1_IMG_6386.jpg","datePublished":"2021-09-02T10:25:17+00:00","dateModified":"2026-02-27T11:10:56+00:00","breadcrumb":{"@id":"https:\/\/kamoto.md\/ro\/shop\/scule-electrice\/aspiratoare\/aspirator-kamoto-vc18\/#breadcrumb"},"inLanguage":"ro-RO","potentialAction":[{"@type":"ReadAction","target":["https:\/\/kamoto.md\/ro\/shop\/scule-electrice\/aspiratoare\/aspirator-kamoto-vc18\/"]}]},{"@type":"ImageObject","inLanguage":"ro-RO","@id":"https:\/\/kamoto.md\/ro\/shop\/scule-electrice\/aspiratoare\/aspirator-kamoto-vc18\/#primaryimage","url":"https:\/\/kamoto.md\/wp-content\/uploads\/2021\/09\/1_IMG_6386.jpg","contentUrl":"https:\/\/kamoto.md\/wp-content\/uploads\/2021\/09\/1_IMG_6386.jpg","width":1000,"height":1000},{"@type":"BreadcrumbList","@id":"https:\/\/kamoto.md\/ro\/shop\/scule-electrice\/aspiratoare\/aspirator-kamoto-vc18\/#breadcrumb","itemListElement":[{"@type":"ListItem","position":1,"name":"\u0413\u043b\u0430\u0432\u043d\u0430\u044f \u0441\u0442\u0440\u0430\u043d\u0438\u0446\u0430","item":"https:\/\/kamoto.md\/ro\/"},{"@type":"ListItem","position":2,"name":"Catalog","item":"https:\/\/kamoto.md\/ro\/catalog\/"},{"@type":"ListItem","position":3,"name":"Instrumente electrice","item":"https:\/\/kamoto.md\/ro\/catalog\/scule-electrice\/"},{"@type":"ListItem","position":4,"name":"Aspiratoare","item":"https:\/\/kamoto.md\/ro\/catalog\/scule-electrice\/aspiratoare\/"},{"@type":"ListItem","position":5,"name":"Aspirator KAMOTO VC18"}]},{"@type":"WebSite","@id":"https:\/\/kamoto.md\/ro\/#website","url":"https:\/\/kamoto.md\/ro\/","name":"Kamoto.MD","description":"\u0418\u043d\u0442\u0435\u0440\u043d\u0435\u0442 \u043c\u0430\u0433\u0430\u0437\u0438\u043d \u044d\u043b\u0435\u043a\u0442\u0440\u043e\u0438\u043d\u0441\u0442\u0440\u0443\u043c\u0435\u043d\u0442\u0430, \u0441\u0430\u0434\u043e\u0432\u043e\u0439 \u0438 \u0441\u0438\u043b\u043e\u0432\u043e\u0439 \u0442\u0435\u0445\u043d\u0438\u043a\u0438.","publisher":{"@id":"https:\/\/kamoto.md\/ro\/#organization"},"potentialAction":[{"@type":"SearchAction","target":{"@type":"EntryPoint","urlTemplate":"https:\/\/kamoto.md\/ro\/?s={search_term_string}"},"query-input":{"@type":"PropertyValueSpecification","valueRequired":true,"valueName":"search_term_string"}}],"inLanguage":"ro-RO"},{"@type":"Organization","@id":"https:\/\/kamoto.md\/ro\/#organization","name":"Kamoto S.R.L.","url":"https:\/\/kamoto.md\/ro\/","logo":{"@type":"ImageObject","inLanguage":"ro-RO","@id":"https:\/\/kamoto.md\/ro\/#\/schema\/logo\/image\/","url":"https:\/\/kamoto.md\/wp-content\/uploads\/2017\/08\/logo.png","contentUrl":"https:\/\/kamoto.md\/wp-content\/uploads\/2017\/08\/logo.png","width":323,"height":50,"caption":"Kamoto S.R.L."},"image":{"@id":"https:\/\/kamoto.md\/ro\/#\/schema\/logo\/image\/"}}]}},"_links":{"self":[{"href":"https:\/\/kamoto.md\/ro\/wp-json\/wp\/v2\/product\/13792","targetHints":{"allow":["GET"]}}],"collection":[{"href":"https:\/\/kamoto.md\/ro\/wp-json\/wp\/v2\/product"}],"about":[{"href":"https:\/\/kamoto.md\/ro\/wp-json\/wp\/v2\/types\/product"}],"wp:featuredmedia":[{"embeddable":true,"href":"https:\/\/kamoto.md\/ro\/wp-json\/wp\/v2\/media\/10379"}],"wp:attachment":[{"href":"https:\/\/kamoto.md\/ro\/wp-json\/wp\/v2\/media?parent=13792"}],"wp:term":[{"taxonomy":"product_brand","embeddable":true,"href":"https:\/\/kamoto.md\/ro\/wp-json\/wp\/v2\/product_brand?post=13792"},{"taxonomy":"product_cat","embeddable":true,"href":"https:\/\/kamoto.md\/ro\/wp-json\/wp\/v2\/product_cat?post=13792"},{"taxonomy":"product_tag","embeddable":true,"href":"https:\/\/kamoto.md\/ro\/wp-json\/wp\/v2\/product_tag?post=13792"}],"curies":[{"name":"wp","href":"https:\/\/api.w.org\/{rel}","templated":true}]}}