{"id":13797,"date":"2021-06-17T20:08:32","date_gmt":"2021-06-17T18:08:32","guid":{"rendered":"https:\/\/kamoto.md\/shop\/fara-categorie\/nasos-pogruzhnoj-kamoto-vp2518\/"},"modified":"2026-02-27T15:58:36","modified_gmt":"2026-02-27T13:58:36","slug":"pompa-submersibila-kamoto-vp2518","status":"publish","type":"product","link":"https:\/\/kamoto.md\/ro\/shop\/scule-si-unelte-de-gradinarit\/pompe-submersibile\/pompa-submersibila-kamoto-vp2518\/","title":{"rendered":"Pomp\u0103 submersibil\u0103 KAMOTO VP2518"},"content":{"rendered":"<p>Pompa submersibil\u0103 KAMOTO VP2518 cu aspira\u021bie de ap\u0103 superioar\u0103 este proiectat\u0103 pentru alimentarea cu ap\u0103 din pu\u021buri, diverse recipiente \u0219i corpuri de ap\u0103 naturale. Poate fi utilizat\u0103 \u00een pu\u021buri cu ad\u00e2ncime de p\u00e2n\u0103 la 10-15 metri \u0219i diametru de la 100 mm. Accesorii: ambalaj, pomp\u0103, cablu de alimentare de 18 m lungime, instruc\u021biuni de utilizare \u0219i cablu de nailon de 18 m.<\/p>\n","protected":false},"excerpt":{"rendered":"<p>Puterea motorului, W: 250<br \/>\nCapacitate, l\/min: 18<br \/>\nCap maxim, m: 60<br \/>\nAd\u00e2ncimea de imersiune\/aspira\u021bie, m: 7<br \/>\nDiametrul filetului de ie\u0219ire, mm: 18<br \/>\nLungime cablu, m: 18<br \/>\nLungime cablu nylon, m: 18<br \/>\nTemperatura admis\u0103 a lichidului, \u00b0C: 40<br \/>\nDiametrul admisibil al particulelor solide, mm: 1<br \/>\nPriza de ap\u0103: Sus<br \/>\nProtec\u021bie termic\u0103: Da<\/p>\n","protected":false},"featured_media":10235,"template":"","meta":[],"product_brand":[],"product_cat":[378],"product_tag":[],"class_list":{"0":"post-13797","1":"product","2":"type-product","3":"status-publish","4":"has-post-thumbnail","6":"product_cat-pompe-submersibile","8":"first","9":"outofstock","10":"shipping-taxable","11":"product-type-simple"},"yoast_head":"<!-- This site is optimized with the Yoast SEO plugin v27.3 - https:\/\/yoast.com\/product\/yoast-seo-wordpress\/ -->\n<title>Pompe submersibile - Pomp\u0103 submersibil\u0103 KAMOTO VP2518 - Kamoto.md<\/title>\n<meta name=\"robots\" content=\"index, follow, max-snippet:-1, max-image-preview:large, max-video-preview:-1\" \/>\n<link rel=\"canonical\" href=\"https:\/\/kamoto.md\/ro\/shop\/scule-si-unelte-de-gradinarit\/pompe-submersibile\/pompa-submersibila-kamoto-vp2518\/\" \/>\n<meta property=\"og:locale\" content=\"ro_RO\" \/>\n<meta property=\"og:type\" content=\"article\" \/>\n<meta property=\"og:title\" content=\"Pompe submersibile - Pomp\u0103 submersibil\u0103 KAMOTO VP2518 - Kamoto.md\" \/>\n<meta property=\"og:description\" content=\"Puterea motorului, W: 250 Capacitate, l\/min: 18 Cap maxim, m: 60 Ad\u00e2ncimea de imersiune\/aspira\u021bie, m: 7 Diametrul filetului de ie\u0219ire, mm: 18 Lungime cablu, m: 18 Lungime cablu nylon, m: 18 Temperatura admis\u0103 a lichidului, \u00b0C: 40 Diametrul admisibil al particulelor solide, mm: 1 Priza de ap\u0103: Sus Protec\u021bie termic\u0103: Da\" \/>\n<meta property=\"og:url\" content=\"https:\/\/kamoto.md\/ro\/shop\/scule-si-unelte-de-gradinarit\/pompe-submersibile\/pompa-submersibila-kamoto-vp2518\/\" \/>\n<meta property=\"og:site_name\" content=\"Kamoto.md\" \/>\n<meta property=\"article:modified_time\" content=\"2026-02-27T13:58:36+00:00\" \/>\n<meta property=\"og:image\" content=\"https:\/\/kamoto.md\/wp-content\/uploads\/2021\/05\/logo2.png\" \/>\n\t<meta property=\"og:image:width\" content=\"1000\" \/>\n\t<meta property=\"og:image:height\" content=\"1000\" \/>\n\t<meta property=\"og:image:type\" content=\"image\/png\" \/>\n<meta name=\"twitter:card\" content=\"summary_large_image\" \/>\n<meta name=\"twitter:label1\" content=\"Timp estimat pentru citire\" \/>\n\t<meta name=\"twitter:data1\" content=\"1 minut\" \/>\n<script type=\"application\/ld+json\" class=\"yoast-schema-graph\">{\"@context\":\"https:\\\/\\\/schema.org\",\"@graph\":[{\"@type\":[\"WebPage\",\"ItemPage\"],\"@id\":\"https:\\\/\\\/kamoto.md\\\/ro\\\/shop\\\/scule-si-unelte-de-gradinarit\\\/pompe-submersibile\\\/pompa-submersibila-kamoto-vp2518\\\/\",\"url\":\"https:\\\/\\\/kamoto.md\\\/ro\\\/shop\\\/scule-si-unelte-de-gradinarit\\\/pompe-submersibile\\\/pompa-submersibila-kamoto-vp2518\\\/\",\"name\":\"Pompe submersibile - Pomp\u0103 submersibil\u0103 KAMOTO VP2518 - Kamoto.md\",\"isPartOf\":{\"@id\":\"https:\\\/\\\/kamoto.md\\\/ro\\\/#website\"},\"primaryImageOfPage\":{\"@id\":\"https:\\\/\\\/kamoto.md\\\/ro\\\/shop\\\/scule-si-unelte-de-gradinarit\\\/pompe-submersibile\\\/pompa-submersibila-kamoto-vp2518\\\/#primaryimage\"},\"image\":{\"@id\":\"https:\\\/\\\/kamoto.md\\\/ro\\\/shop\\\/scule-si-unelte-de-gradinarit\\\/pompe-submersibile\\\/pompa-submersibila-kamoto-vp2518\\\/#primaryimage\"},\"thumbnailUrl\":\"https:\\\/\\\/kamoto.md\\\/wp-content\\\/uploads\\\/2021\\\/06\\\/1_G.O_28.05.2021-2-1.jpg\",\"datePublished\":\"2021-06-17T18:08:32+00:00\",\"dateModified\":\"2026-02-27T13:58:36+00:00\",\"breadcrumb\":{\"@id\":\"https:\\\/\\\/kamoto.md\\\/ro\\\/shop\\\/scule-si-unelte-de-gradinarit\\\/pompe-submersibile\\\/pompa-submersibila-kamoto-vp2518\\\/#breadcrumb\"},\"inLanguage\":\"ro-RO\",\"potentialAction\":[{\"@type\":\"ReadAction\",\"target\":[\"https:\\\/\\\/kamoto.md\\\/ro\\\/shop\\\/scule-si-unelte-de-gradinarit\\\/pompe-submersibile\\\/pompa-submersibila-kamoto-vp2518\\\/\"]}]},{\"@type\":\"ImageObject\",\"inLanguage\":\"ro-RO\",\"@id\":\"https:\\\/\\\/kamoto.md\\\/ro\\\/shop\\\/scule-si-unelte-de-gradinarit\\\/pompe-submersibile\\\/pompa-submersibila-kamoto-vp2518\\\/#primaryimage\",\"url\":\"https:\\\/\\\/kamoto.md\\\/wp-content\\\/uploads\\\/2021\\\/06\\\/1_G.O_28.05.2021-2-1.jpg\",\"contentUrl\":\"https:\\\/\\\/kamoto.md\\\/wp-content\\\/uploads\\\/2021\\\/06\\\/1_G.O_28.05.2021-2-1.jpg\",\"width\":1000,\"height\":1000},{\"@type\":\"BreadcrumbList\",\"@id\":\"https:\\\/\\\/kamoto.md\\\/ro\\\/shop\\\/scule-si-unelte-de-gradinarit\\\/pompe-submersibile\\\/pompa-submersibila-kamoto-vp2518\\\/#breadcrumb\",\"itemListElement\":[{\"@type\":\"ListItem\",\"position\":1,\"name\":\"\u0413\u043b\u0430\u0432\u043d\u0430\u044f \u0441\u0442\u0440\u0430\u043d\u0438\u0446\u0430\",\"item\":\"https:\\\/\\\/kamoto.md\\\/ro\\\/\"},{\"@type\":\"ListItem\",\"position\":2,\"name\":\"Catalog\",\"item\":\"https:\\\/\\\/kamoto.md\\\/ro\\\/catalog\\\/\"},{\"@type\":\"ListItem\",\"position\":3,\"name\":\"Instrumente \u0219i unelte de gr\u0103din\u0103rit\",\"item\":\"https:\\\/\\\/kamoto.md\\\/ro\\\/catalog\\\/scule-si-unelte-de-gradinarit\\\/\"},{\"@type\":\"ListItem\",\"position\":4,\"name\":\"Pompe submersibile\",\"item\":\"https:\\\/\\\/kamoto.md\\\/ro\\\/catalog\\\/scule-si-unelte-de-gradinarit\\\/pompe-submersibile\\\/\"},{\"@type\":\"ListItem\",\"position\":5,\"name\":\"Pomp\u0103 submersibil\u0103 KAMOTO VP2518\"}]},{\"@type\":\"WebSite\",\"@id\":\"https:\\\/\\\/kamoto.md\\\/ro\\\/#website\",\"url\":\"https:\\\/\\\/kamoto.md\\\/ro\\\/\",\"name\":\"Kamoto.MD\",\"description\":\"\u0418\u043d\u0442\u0435\u0440\u043d\u0435\u0442 \u043c\u0430\u0433\u0430\u0437\u0438\u043d \u044d\u043b\u0435\u043a\u0442\u0440\u043e\u0438\u043d\u0441\u0442\u0440\u0443\u043c\u0435\u043d\u0442\u0430, \u0441\u0430\u0434\u043e\u0432\u043e\u0439 \u0438 \u0441\u0438\u043b\u043e\u0432\u043e\u0439 \u0442\u0435\u0445\u043d\u0438\u043a\u0438.\",\"publisher\":{\"@id\":\"https:\\\/\\\/kamoto.md\\\/ro\\\/#organization\"},\"potentialAction\":[{\"@type\":\"SearchAction\",\"target\":{\"@type\":\"EntryPoint\",\"urlTemplate\":\"https:\\\/\\\/kamoto.md\\\/ro\\\/?s={search_term_string}\"},\"query-input\":{\"@type\":\"PropertyValueSpecification\",\"valueRequired\":true,\"valueName\":\"search_term_string\"}}],\"inLanguage\":\"ro-RO\"},{\"@type\":\"Organization\",\"@id\":\"https:\\\/\\\/kamoto.md\\\/ro\\\/#organization\",\"name\":\"Kamoto S.R.L.\",\"url\":\"https:\\\/\\\/kamoto.md\\\/ro\\\/\",\"logo\":{\"@type\":\"ImageObject\",\"inLanguage\":\"ro-RO\",\"@id\":\"https:\\\/\\\/kamoto.md\\\/ro\\\/#\\\/schema\\\/logo\\\/image\\\/\",\"url\":\"https:\\\/\\\/kamoto.md\\\/wp-content\\\/uploads\\\/2017\\\/08\\\/logo.png\",\"contentUrl\":\"https:\\\/\\\/kamoto.md\\\/wp-content\\\/uploads\\\/2017\\\/08\\\/logo.png\",\"width\":323,\"height\":50,\"caption\":\"Kamoto S.R.L.\"},\"image\":{\"@id\":\"https:\\\/\\\/kamoto.md\\\/ro\\\/#\\\/schema\\\/logo\\\/image\\\/\"}}]}<\/script>\n<!-- \/ Yoast SEO plugin. -->","yoast_head_json":{"title":"Pompe submersibile - Pomp\u0103 submersibil\u0103 KAMOTO VP2518 - Kamoto.md","robots":{"index":"index","follow":"follow","max-snippet":"max-snippet:-1","max-image-preview":"max-image-preview:large","max-video-preview":"max-video-preview:-1"},"canonical":"https:\/\/kamoto.md\/ro\/shop\/scule-si-unelte-de-gradinarit\/pompe-submersibile\/pompa-submersibila-kamoto-vp2518\/","og_locale":"ro_RO","og_type":"article","og_title":"Pompe submersibile - Pomp\u0103 submersibil\u0103 KAMOTO VP2518 - Kamoto.md","og_description":"Puterea motorului, W: 250 Capacitate, l\/min: 18 Cap maxim, m: 60 Ad\u00e2ncimea de imersiune\/aspira\u021bie, m: 7 Diametrul filetului de ie\u0219ire, mm: 18 Lungime cablu, m: 18 Lungime cablu nylon, m: 18 Temperatura admis\u0103 a lichidului, \u00b0C: 40 Diametrul admisibil al particulelor solide, mm: 1 Priza de ap\u0103: Sus Protec\u021bie termic\u0103: Da","og_url":"https:\/\/kamoto.md\/ro\/shop\/scule-si-unelte-de-gradinarit\/pompe-submersibile\/pompa-submersibila-kamoto-vp2518\/","og_site_name":"Kamoto.md","article_modified_time":"2026-02-27T13:58:36+00:00","og_image":[{"width":1000,"height":1000,"url":"https:\/\/kamoto.md\/wp-content\/uploads\/2021\/05\/logo2.png","type":"image\/png"}],"twitter_card":"summary_large_image","twitter_misc":{"Timp estimat pentru citire":"1 minut"},"schema":{"@context":"https:\/\/schema.org","@graph":[{"@type":["WebPage","ItemPage"],"@id":"https:\/\/kamoto.md\/ro\/shop\/scule-si-unelte-de-gradinarit\/pompe-submersibile\/pompa-submersibila-kamoto-vp2518\/","url":"https:\/\/kamoto.md\/ro\/shop\/scule-si-unelte-de-gradinarit\/pompe-submersibile\/pompa-submersibila-kamoto-vp2518\/","name":"Pompe submersibile - Pomp\u0103 submersibil\u0103 KAMOTO VP2518 - Kamoto.md","isPartOf":{"@id":"https:\/\/kamoto.md\/ro\/#website"},"primaryImageOfPage":{"@id":"https:\/\/kamoto.md\/ro\/shop\/scule-si-unelte-de-gradinarit\/pompe-submersibile\/pompa-submersibila-kamoto-vp2518\/#primaryimage"},"image":{"@id":"https:\/\/kamoto.md\/ro\/shop\/scule-si-unelte-de-gradinarit\/pompe-submersibile\/pompa-submersibila-kamoto-vp2518\/#primaryimage"},"thumbnailUrl":"https:\/\/kamoto.md\/wp-content\/uploads\/2021\/06\/1_G.O_28.05.2021-2-1.jpg","datePublished":"2021-06-17T18:08:32+00:00","dateModified":"2026-02-27T13:58:36+00:00","breadcrumb":{"@id":"https:\/\/kamoto.md\/ro\/shop\/scule-si-unelte-de-gradinarit\/pompe-submersibile\/pompa-submersibila-kamoto-vp2518\/#breadcrumb"},"inLanguage":"ro-RO","potentialAction":[{"@type":"ReadAction","target":["https:\/\/kamoto.md\/ro\/shop\/scule-si-unelte-de-gradinarit\/pompe-submersibile\/pompa-submersibila-kamoto-vp2518\/"]}]},{"@type":"ImageObject","inLanguage":"ro-RO","@id":"https:\/\/kamoto.md\/ro\/shop\/scule-si-unelte-de-gradinarit\/pompe-submersibile\/pompa-submersibila-kamoto-vp2518\/#primaryimage","url":"https:\/\/kamoto.md\/wp-content\/uploads\/2021\/06\/1_G.O_28.05.2021-2-1.jpg","contentUrl":"https:\/\/kamoto.md\/wp-content\/uploads\/2021\/06\/1_G.O_28.05.2021-2-1.jpg","width":1000,"height":1000},{"@type":"BreadcrumbList","@id":"https:\/\/kamoto.md\/ro\/shop\/scule-si-unelte-de-gradinarit\/pompe-submersibile\/pompa-submersibila-kamoto-vp2518\/#breadcrumb","itemListElement":[{"@type":"ListItem","position":1,"name":"\u0413\u043b\u0430\u0432\u043d\u0430\u044f \u0441\u0442\u0440\u0430\u043d\u0438\u0446\u0430","item":"https:\/\/kamoto.md\/ro\/"},{"@type":"ListItem","position":2,"name":"Catalog","item":"https:\/\/kamoto.md\/ro\/catalog\/"},{"@type":"ListItem","position":3,"name":"Instrumente \u0219i unelte de gr\u0103din\u0103rit","item":"https:\/\/kamoto.md\/ro\/catalog\/scule-si-unelte-de-gradinarit\/"},{"@type":"ListItem","position":4,"name":"Pompe submersibile","item":"https:\/\/kamoto.md\/ro\/catalog\/scule-si-unelte-de-gradinarit\/pompe-submersibile\/"},{"@type":"ListItem","position":5,"name":"Pomp\u0103 submersibil\u0103 KAMOTO VP2518"}]},{"@type":"WebSite","@id":"https:\/\/kamoto.md\/ro\/#website","url":"https:\/\/kamoto.md\/ro\/","name":"Kamoto.MD","description":"\u0418\u043d\u0442\u0435\u0440\u043d\u0435\u0442 \u043c\u0430\u0433\u0430\u0437\u0438\u043d \u044d\u043b\u0435\u043a\u0442\u0440\u043e\u0438\u043d\u0441\u0442\u0440\u0443\u043c\u0435\u043d\u0442\u0430, \u0441\u0430\u0434\u043e\u0432\u043e\u0439 \u0438 \u0441\u0438\u043b\u043e\u0432\u043e\u0439 \u0442\u0435\u0445\u043d\u0438\u043a\u0438.","publisher":{"@id":"https:\/\/kamoto.md\/ro\/#organization"},"potentialAction":[{"@type":"SearchAction","target":{"@type":"EntryPoint","urlTemplate":"https:\/\/kamoto.md\/ro\/?s={search_term_string}"},"query-input":{"@type":"PropertyValueSpecification","valueRequired":true,"valueName":"search_term_string"}}],"inLanguage":"ro-RO"},{"@type":"Organization","@id":"https:\/\/kamoto.md\/ro\/#organization","name":"Kamoto S.R.L.","url":"https:\/\/kamoto.md\/ro\/","logo":{"@type":"ImageObject","inLanguage":"ro-RO","@id":"https:\/\/kamoto.md\/ro\/#\/schema\/logo\/image\/","url":"https:\/\/kamoto.md\/wp-content\/uploads\/2017\/08\/logo.png","contentUrl":"https:\/\/kamoto.md\/wp-content\/uploads\/2017\/08\/logo.png","width":323,"height":50,"caption":"Kamoto S.R.L."},"image":{"@id":"https:\/\/kamoto.md\/ro\/#\/schema\/logo\/image\/"}}]}},"_links":{"self":[{"href":"https:\/\/kamoto.md\/ro\/wp-json\/wp\/v2\/product\/13797","targetHints":{"allow":["GET"]}}],"collection":[{"href":"https:\/\/kamoto.md\/ro\/wp-json\/wp\/v2\/product"}],"about":[{"href":"https:\/\/kamoto.md\/ro\/wp-json\/wp\/v2\/types\/product"}],"wp:featuredmedia":[{"embeddable":true,"href":"https:\/\/kamoto.md\/ro\/wp-json\/wp\/v2\/media\/10235"}],"wp:attachment":[{"href":"https:\/\/kamoto.md\/ro\/wp-json\/wp\/v2\/media?parent=13797"}],"wp:term":[{"taxonomy":"product_brand","embeddable":true,"href":"https:\/\/kamoto.md\/ro\/wp-json\/wp\/v2\/product_brand?post=13797"},{"taxonomy":"product_cat","embeddable":true,"href":"https:\/\/kamoto.md\/ro\/wp-json\/wp\/v2\/product_cat?post=13797"},{"taxonomy":"product_tag","embeddable":true,"href":"https:\/\/kamoto.md\/ro\/wp-json\/wp\/v2\/product_tag?post=13797"}],"curies":[{"name":"wp","href":"https:\/\/api.w.org\/{rel}","templated":true}]}}