{"id":13806,"date":"2021-01-22T17:48:04","date_gmt":"2021-01-22T15:48:04","guid":{"rendered":"https:\/\/kamoto.md\/shop\/fara-categorie\/soplo-bezvozdushnoe-211\/"},"modified":"2026-02-27T13:14:46","modified_gmt":"2026-02-27T11:14:46","slug":"duza-pentru-pulverizator-de-vopsit-fara-aer-211","status":"publish","type":"product","link":"https:\/\/kamoto.md\/ro\/shop\/utilaje-pentru-constructii\/sistem-de-pulverizare-fara-aer\/duza-pentru-pulverizator-de-vopsit-fara-aer-211\/","title":{"rendered":"Duz\u0103 pentru pulverizator de vopsit f\u0103r\u0103 aer 211"},"content":{"rendered":"<p>Duz\u0103 pentru pulverizator de vopsit f\u0103r\u0103 aer 211, utilizat\u0103 pentru a \u00eenlocui duzele sparte ale pistoalelor de vopsit sau atunci c\u00e2nd este necesar s\u0103 se schimbe dimensiunea standard a duzei.<\/p>\n<p>Cum s\u0103 alege\u021bi duza potrivit\u0103 pentru o ma\u0219in\u0103 de pulverizat?<\/p>\n<p>\u0218i ce \u00eenseamn\u0103 marcajele de pe duze?<\/p>\n<p>Atunci c\u00e2nd alege\u021bi o ma\u0219in\u0103 de vopsit prin pulverizare f\u0103r\u0103 aer, apare adesea \u00eentrebarea cum s\u0103 potrivi\u021bi duza la pistolul de pulverizare f\u0103r\u0103 aer.<br \/>\nDe exemplu, s\u0103 lu\u0103m o duz\u0103 cu denumirea 317, prima cifr\u0103 din num\u0103rul &#8222;3&#8230;&#8221; indic\u0103 unghiul de pulverizare a vopselei de 30 de grade, la acest unghi, pute\u021bi calcula aproximativ l\u0103\u021bimea amprentei de vopsea, aceasta va fi de aproximativ 15 cm, cu condi\u021bia s\u0103 respecta\u021bi distan\u021ba recomandat\u0103 de la pistolul de vopsire la suprafa\u021ba vopsit\u0103 (30-35 cm).<\/p>\n<p>Cele dou\u0103 cifre r\u0103mase &#8222;.17&#8243; \u00een num\u0103rul duzei indic\u0103 orificiul duzei de 0,017&#8221;. Dac\u0103 dori\u021bi s\u0103 \u00een\u021belege\u021bi c\u00e2t de mult va fi acest orificiu \u00een milimetri, \u00eenmul\u021bi\u021bi cu 25, va fi 0,43 mm. Orificiul duzei airless determin\u0103 debitul real de vopsea, viteza de aplicare \u0219i v\u00e2scozitatea vopselei pulverizate.<\/p>\n<p>S\u0103 lu\u0103m o alt\u0103 duz\u0103, s\u0103 zicem 219. Prima cifr\u0103 &#8222;2&#8230;&#8221; &#8211; unghiul tor\u021bei 20 de grade, l\u0103\u021bimea tor\u021bei va da aproximativ 10 cm, men\u021bin\u00e2nd \u00een acela\u0219i timp distan\u021ba de la pulverizator la partea vopsit\u0103. &#8222;.19&#8243; este sec\u021biunea transversal\u0103 a duzei, 0,019&#8221; este 0,47 mm \u00een milimetri.<\/p>\n<p>O alt\u0103 variant\u0103, duza 415. Prima cifr\u0103 &#8222;4&#8230;&#8221; &#8211; unghiul tor\u021bei de vopsire este de 40 de grade, l\u0103\u021bimea amprentei de vopsea este de 20 cm, dac\u0103 se p\u0103streaz\u0103 distan\u021ba corect\u0103. &#8222;.15&#8221; este orificiul duzei airless, 0,37 mm \u00een milimetri.<\/p>\n<p>Nu v\u0103 speria\u021bi de faptul c\u0103 duzele sunt at\u00e2t de mici. Este normal, deoarece la atomizarea airless ma\u0219ina produce de la 100-530 bar (\u00een func\u021bie de model), astfel \u00eenc\u00e2t ma\u0219ina va &#8222;vinde&#8221; \u00een orice caz vopseaua printr-o astfel de duz\u0103, principalul lucru este c\u0103 are destui litri.<\/p>\n<p>Ideal ar fi s\u0103 ave\u021bi un set de mai multe duze pentru diferite vopsele, astfel \u00eenc\u00e2t s\u0103 pute\u021bi ajusta \u00eentotdeauna local vopseaua pe care trebuie s\u0103 o pulveriza\u021bi.<\/p>\n<p>Pentru a \u00een\u021belege de ce deschidere a duzei ave\u021bi nevoie, uita\u021bi-v\u0103 la fi\u0219a de specifica\u021bii a vopselei sau apela\u021bi la tehnologul dealerului de vopsele, acesta ar trebui s\u0103 fie \u00een m\u0103sur\u0103 s\u0103 v\u0103 ofere recomand\u0103rile sale pentru pulverizarea vopselei. Dac\u0103 tehnologul, s\u0103 spunem, spune c\u0103 duzele pentru pulverizare ar trebui s\u0103 fie de la 0,021&#8243;-0,027&#8243;, ca \u00een cazul majorit\u0103\u021bii vopselelor ignifuge, lua\u021bi duze la mijlocul acestei deschideri, 0,023&#8243;-0,025&#8243;, \u0219i apoi, dac\u0103 este cazul, ajusta\u021bi pe loc. Din nou, baza\u021bi-v\u0103 unghiurile de pulverizare pe unghiurile de pulverizare pe care le-a\u021bi selectat anterior.<br \/>\n\u00cen cazul \u00een care fi\u0219a tehnic\u0103 a materialului de vopsire men\u021bioneaz\u0103 c\u0103 acesta poate fi aplicat prin pulverizare airless, dar nu specific\u0103 ce duz\u0103, este posibil s\u0103 ne ghid\u0103m dup\u0103 aceste date:<\/p>\n<p>0,007&#8243; &#8211; 0,011&#8243; &#8211; pentru vopsirea produselor din lemn cu lacuri \u0219i pete, pentru aplicarea de grunduri lichide, pentru aplicarea de materiale de vopsire cu v\u00e2scozitate apoas\u0103.<br \/>\n0,011&#8243; &#8211; 0,013&#8243; &#8211; pentru aplicarea de materiale de vopsire pe ferestre \u0219i u\u0219i, pentru vopsirea fa\u021badelor de mobilier, pentru vopsirea cu materiale de vopsire cu v\u00e2scozitate redus\u0103.<br \/>\n0,015&#8243; &#8211; 0,017&#8243; &#8211; pentru aplicarea de grunduri, vopsele de ulei, vopsele metalice, de exemplu pentru vopsirea vagoanelor, macaralelor, aeronavelor. De asemenea, la aplicarea vopselelor, de exemplu PF 115 sau GF 021.<br \/>\n0,019&#8243; &#8211; 0,023&#8243; &#8211; pentru aplicarea vopselelor pentru fa\u021bade, a straturilor anticorozive, a compozi\u021biilor umplute cu zinc (precum Cynol), a izola\u021biilor termice lichide (precum Corundum), a protec\u021biei \u00eempotriva incendiilor pe lemn sau metal.<br \/>\n0,023&#8243; &#8211; 0,031&#8243; &#8211; pentru aplicarea compozi\u021biilor de protec\u021bie \u00eempotriva incendiilor pentru metal, de exemplu Vup 2, Phoenix, Proterm Steel, Nulifair, Ograx, Unicum, Joker, Krauz \u0219i altele similare. Aceste duze sunt, de asemenea, utilizate pentru aplicarea materialelor de impermeabilizare.<br \/>\n0,033&#8243; &#8211; 0,067&#8243; &#8211; pentru aplicarea compu\u0219ilor v\u00e2sco\u0219i, tip past\u0103, a substan\u021belor ignifuge extra v\u00e2scoase sau groase, a materialelor de impermeabilizare \u0219i a chitului pulverizat airless.<\/p>\n","protected":false},"excerpt":{"rendered":"<p>Tip de pulverizare: Airless<br \/>\nUnghi de pulverizare a vopselei (unghiul tor\u021bei): 20\u00b0<br \/>\nL\u0103\u021bimea amprentei vopselei: 10 cm (presupun\u00e2nd o distan\u021b\u0103 de la pistol la suprafa\u021ba de vopsit de 30-35 cm)<br \/>\nDiametrul duzei (orificiu): 0,011&#8243;<br \/>\nDiametrul duzei: 0,28 mm<\/p>\n","protected":false},"featured_media":9972,"template":"","meta":[],"product_brand":[],"product_cat":[359],"product_tag":[],"class_list":{"0":"post-13806","1":"product","2":"type-product","3":"status-publish","4":"has-post-thumbnail","6":"product_cat-sistem-de-pulverizare-fara-aer","8":"first","9":"instock","10":"shipping-taxable","11":"purchasable","12":"product-type-simple"},"yoast_head":"<!-- This site is optimized with the Yoast SEO plugin v27.3 - https:\/\/yoast.com\/product\/yoast-seo-wordpress\/ -->\n<title>Sistem de pulverizare f\u0103r\u0103 aer - Duz\u0103 pentru pulverizator de vopsit f\u0103r\u0103 aer 211 - Kamoto.md<\/title>\n<meta name=\"robots\" content=\"index, follow, max-snippet:-1, max-image-preview:large, max-video-preview:-1\" \/>\n<link rel=\"canonical\" href=\"https:\/\/kamoto.md\/ro\/shop\/utilaje-pentru-constructii\/sistem-de-pulverizare-fara-aer\/duza-pentru-pulverizator-de-vopsit-fara-aer-211\/\" \/>\n<meta property=\"og:locale\" content=\"ro_RO\" \/>\n<meta property=\"og:type\" content=\"article\" \/>\n<meta property=\"og:title\" content=\"Sistem de pulverizare f\u0103r\u0103 aer - Duz\u0103 pentru pulverizator de vopsit f\u0103r\u0103 aer 211 - Kamoto.md\" \/>\n<meta property=\"og:description\" content=\"Tip de pulverizare: Airless Unghi de pulverizare a vopselei (unghiul tor\u021bei): 20\u00b0 L\u0103\u021bimea amprentei vopselei: 10 cm (presupun\u00e2nd o distan\u021b\u0103 de la pistol la suprafa\u021ba de vopsit de 30-35 cm) Diametrul duzei (orificiu): 0,011&quot; Diametrul duzei: 0,28 mm\" \/>\n<meta property=\"og:url\" content=\"https:\/\/kamoto.md\/ro\/shop\/utilaje-pentru-constructii\/sistem-de-pulverizare-fara-aer\/duza-pentru-pulverizator-de-vopsit-fara-aer-211\/\" \/>\n<meta property=\"og:site_name\" content=\"Kamoto.md\" \/>\n<meta property=\"article:modified_time\" content=\"2026-02-27T11:14:46+00:00\" \/>\n<meta property=\"og:image\" content=\"https:\/\/kamoto.md\/wp-content\/uploads\/2021\/05\/logo2.png\" \/>\n\t<meta property=\"og:image:width\" content=\"1000\" \/>\n\t<meta property=\"og:image:height\" content=\"1000\" \/>\n\t<meta property=\"og:image:type\" content=\"image\/png\" \/>\n<meta name=\"twitter:card\" content=\"summary_large_image\" \/>\n<meta name=\"twitter:label1\" content=\"Timp estimat pentru citire\" \/>\n\t<meta name=\"twitter:data1\" content=\"4 minute\" \/>\n<script type=\"application\/ld+json\" class=\"yoast-schema-graph\">{\"@context\":\"https:\\\/\\\/schema.org\",\"@graph\":[{\"@type\":[\"WebPage\",\"ItemPage\"],\"@id\":\"https:\\\/\\\/kamoto.md\\\/ro\\\/shop\\\/utilaje-pentru-constructii\\\/sistem-de-pulverizare-fara-aer\\\/duza-pentru-pulverizator-de-vopsit-fara-aer-211\\\/\",\"url\":\"https:\\\/\\\/kamoto.md\\\/ro\\\/shop\\\/utilaje-pentru-constructii\\\/sistem-de-pulverizare-fara-aer\\\/duza-pentru-pulverizator-de-vopsit-fara-aer-211\\\/\",\"name\":\"Sistem de pulverizare f\u0103r\u0103 aer - Duz\u0103 pentru pulverizator de vopsit f\u0103r\u0103 aer 211 - Kamoto.md\",\"isPartOf\":{\"@id\":\"https:\\\/\\\/kamoto.md\\\/ro\\\/#website\"},\"primaryImageOfPage\":{\"@id\":\"https:\\\/\\\/kamoto.md\\\/ro\\\/shop\\\/utilaje-pentru-constructii\\\/sistem-de-pulverizare-fara-aer\\\/duza-pentru-pulverizator-de-vopsit-fara-aer-211\\\/#primaryimage\"},\"image\":{\"@id\":\"https:\\\/\\\/kamoto.md\\\/ro\\\/shop\\\/utilaje-pentru-constructii\\\/sistem-de-pulverizare-fara-aer\\\/duza-pentru-pulverizator-de-vopsit-fara-aer-211\\\/#primaryimage\"},\"thumbnailUrl\":\"https:\\\/\\\/kamoto.md\\\/wp-content\\\/uploads\\\/2021\\\/01\\\/soplo1.jpeg\",\"datePublished\":\"2021-01-22T15:48:04+00:00\",\"dateModified\":\"2026-02-27T11:14:46+00:00\",\"breadcrumb\":{\"@id\":\"https:\\\/\\\/kamoto.md\\\/ro\\\/shop\\\/utilaje-pentru-constructii\\\/sistem-de-pulverizare-fara-aer\\\/duza-pentru-pulverizator-de-vopsit-fara-aer-211\\\/#breadcrumb\"},\"inLanguage\":\"ro-RO\",\"potentialAction\":[{\"@type\":\"ReadAction\",\"target\":[\"https:\\\/\\\/kamoto.md\\\/ro\\\/shop\\\/utilaje-pentru-constructii\\\/sistem-de-pulverizare-fara-aer\\\/duza-pentru-pulverizator-de-vopsit-fara-aer-211\\\/\"]}]},{\"@type\":\"ImageObject\",\"inLanguage\":\"ro-RO\",\"@id\":\"https:\\\/\\\/kamoto.md\\\/ro\\\/shop\\\/utilaje-pentru-constructii\\\/sistem-de-pulverizare-fara-aer\\\/duza-pentru-pulverizator-de-vopsit-fara-aer-211\\\/#primaryimage\",\"url\":\"https:\\\/\\\/kamoto.md\\\/wp-content\\\/uploads\\\/2021\\\/01\\\/soplo1.jpeg\",\"contentUrl\":\"https:\\\/\\\/kamoto.md\\\/wp-content\\\/uploads\\\/2021\\\/01\\\/soplo1.jpeg\",\"width\":1000,\"height\":1000},{\"@type\":\"BreadcrumbList\",\"@id\":\"https:\\\/\\\/kamoto.md\\\/ro\\\/shop\\\/utilaje-pentru-constructii\\\/sistem-de-pulverizare-fara-aer\\\/duza-pentru-pulverizator-de-vopsit-fara-aer-211\\\/#breadcrumb\",\"itemListElement\":[{\"@type\":\"ListItem\",\"position\":1,\"name\":\"\u0413\u043b\u0430\u0432\u043d\u0430\u044f \u0441\u0442\u0440\u0430\u043d\u0438\u0446\u0430\",\"item\":\"https:\\\/\\\/kamoto.md\\\/ro\\\/\"},{\"@type\":\"ListItem\",\"position\":2,\"name\":\"Catalog\",\"item\":\"https:\\\/\\\/kamoto.md\\\/ro\\\/catalog\\\/\"},{\"@type\":\"ListItem\",\"position\":3,\"name\":\"Utilaje pentru construc\u021bii\",\"item\":\"https:\\\/\\\/kamoto.md\\\/ro\\\/catalog\\\/utilaje-pentru-constructii\\\/\"},{\"@type\":\"ListItem\",\"position\":4,\"name\":\"Sistem de pulverizare f\u0103r\u0103 aer\",\"item\":\"https:\\\/\\\/kamoto.md\\\/ro\\\/catalog\\\/utilaje-pentru-constructii\\\/sistem-de-pulverizare-fara-aer\\\/\"},{\"@type\":\"ListItem\",\"position\":5,\"name\":\"Duz\u0103 pentru pulverizator de vopsit f\u0103r\u0103 aer 211\"}]},{\"@type\":\"WebSite\",\"@id\":\"https:\\\/\\\/kamoto.md\\\/ro\\\/#website\",\"url\":\"https:\\\/\\\/kamoto.md\\\/ro\\\/\",\"name\":\"Kamoto.MD\",\"description\":\"\u0418\u043d\u0442\u0435\u0440\u043d\u0435\u0442 \u043c\u0430\u0433\u0430\u0437\u0438\u043d \u044d\u043b\u0435\u043a\u0442\u0440\u043e\u0438\u043d\u0441\u0442\u0440\u0443\u043c\u0435\u043d\u0442\u0430, \u0441\u0430\u0434\u043e\u0432\u043e\u0439 \u0438 \u0441\u0438\u043b\u043e\u0432\u043e\u0439 \u0442\u0435\u0445\u043d\u0438\u043a\u0438.\",\"publisher\":{\"@id\":\"https:\\\/\\\/kamoto.md\\\/ro\\\/#organization\"},\"potentialAction\":[{\"@type\":\"SearchAction\",\"target\":{\"@type\":\"EntryPoint\",\"urlTemplate\":\"https:\\\/\\\/kamoto.md\\\/ro\\\/?s={search_term_string}\"},\"query-input\":{\"@type\":\"PropertyValueSpecification\",\"valueRequired\":true,\"valueName\":\"search_term_string\"}}],\"inLanguage\":\"ro-RO\"},{\"@type\":\"Organization\",\"@id\":\"https:\\\/\\\/kamoto.md\\\/ro\\\/#organization\",\"name\":\"Kamoto S.R.L.\",\"url\":\"https:\\\/\\\/kamoto.md\\\/ro\\\/\",\"logo\":{\"@type\":\"ImageObject\",\"inLanguage\":\"ro-RO\",\"@id\":\"https:\\\/\\\/kamoto.md\\\/ro\\\/#\\\/schema\\\/logo\\\/image\\\/\",\"url\":\"https:\\\/\\\/kamoto.md\\\/wp-content\\\/uploads\\\/2017\\\/08\\\/logo.png\",\"contentUrl\":\"https:\\\/\\\/kamoto.md\\\/wp-content\\\/uploads\\\/2017\\\/08\\\/logo.png\",\"width\":323,\"height\":50,\"caption\":\"Kamoto S.R.L.\"},\"image\":{\"@id\":\"https:\\\/\\\/kamoto.md\\\/ro\\\/#\\\/schema\\\/logo\\\/image\\\/\"}}]}<\/script>\n<!-- \/ Yoast SEO plugin. -->","yoast_head_json":{"title":"Sistem de pulverizare f\u0103r\u0103 aer - Duz\u0103 pentru pulverizator de vopsit f\u0103r\u0103 aer 211 - Kamoto.md","robots":{"index":"index","follow":"follow","max-snippet":"max-snippet:-1","max-image-preview":"max-image-preview:large","max-video-preview":"max-video-preview:-1"},"canonical":"https:\/\/kamoto.md\/ro\/shop\/utilaje-pentru-constructii\/sistem-de-pulverizare-fara-aer\/duza-pentru-pulverizator-de-vopsit-fara-aer-211\/","og_locale":"ro_RO","og_type":"article","og_title":"Sistem de pulverizare f\u0103r\u0103 aer - Duz\u0103 pentru pulverizator de vopsit f\u0103r\u0103 aer 211 - Kamoto.md","og_description":"Tip de pulverizare: Airless Unghi de pulverizare a vopselei (unghiul tor\u021bei): 20\u00b0 L\u0103\u021bimea amprentei vopselei: 10 cm (presupun\u00e2nd o distan\u021b\u0103 de la pistol la suprafa\u021ba de vopsit de 30-35 cm) Diametrul duzei (orificiu): 0,011\" Diametrul duzei: 0,28 mm","og_url":"https:\/\/kamoto.md\/ro\/shop\/utilaje-pentru-constructii\/sistem-de-pulverizare-fara-aer\/duza-pentru-pulverizator-de-vopsit-fara-aer-211\/","og_site_name":"Kamoto.md","article_modified_time":"2026-02-27T11:14:46+00:00","og_image":[{"width":1000,"height":1000,"url":"https:\/\/kamoto.md\/wp-content\/uploads\/2021\/05\/logo2.png","type":"image\/png"}],"twitter_card":"summary_large_image","twitter_misc":{"Timp estimat pentru citire":"4 minute"},"schema":{"@context":"https:\/\/schema.org","@graph":[{"@type":["WebPage","ItemPage"],"@id":"https:\/\/kamoto.md\/ro\/shop\/utilaje-pentru-constructii\/sistem-de-pulverizare-fara-aer\/duza-pentru-pulverizator-de-vopsit-fara-aer-211\/","url":"https:\/\/kamoto.md\/ro\/shop\/utilaje-pentru-constructii\/sistem-de-pulverizare-fara-aer\/duza-pentru-pulverizator-de-vopsit-fara-aer-211\/","name":"Sistem de pulverizare f\u0103r\u0103 aer - Duz\u0103 pentru pulverizator de vopsit f\u0103r\u0103 aer 211 - Kamoto.md","isPartOf":{"@id":"https:\/\/kamoto.md\/ro\/#website"},"primaryImageOfPage":{"@id":"https:\/\/kamoto.md\/ro\/shop\/utilaje-pentru-constructii\/sistem-de-pulverizare-fara-aer\/duza-pentru-pulverizator-de-vopsit-fara-aer-211\/#primaryimage"},"image":{"@id":"https:\/\/kamoto.md\/ro\/shop\/utilaje-pentru-constructii\/sistem-de-pulverizare-fara-aer\/duza-pentru-pulverizator-de-vopsit-fara-aer-211\/#primaryimage"},"thumbnailUrl":"https:\/\/kamoto.md\/wp-content\/uploads\/2021\/01\/soplo1.jpeg","datePublished":"2021-01-22T15:48:04+00:00","dateModified":"2026-02-27T11:14:46+00:00","breadcrumb":{"@id":"https:\/\/kamoto.md\/ro\/shop\/utilaje-pentru-constructii\/sistem-de-pulverizare-fara-aer\/duza-pentru-pulverizator-de-vopsit-fara-aer-211\/#breadcrumb"},"inLanguage":"ro-RO","potentialAction":[{"@type":"ReadAction","target":["https:\/\/kamoto.md\/ro\/shop\/utilaje-pentru-constructii\/sistem-de-pulverizare-fara-aer\/duza-pentru-pulverizator-de-vopsit-fara-aer-211\/"]}]},{"@type":"ImageObject","inLanguage":"ro-RO","@id":"https:\/\/kamoto.md\/ro\/shop\/utilaje-pentru-constructii\/sistem-de-pulverizare-fara-aer\/duza-pentru-pulverizator-de-vopsit-fara-aer-211\/#primaryimage","url":"https:\/\/kamoto.md\/wp-content\/uploads\/2021\/01\/soplo1.jpeg","contentUrl":"https:\/\/kamoto.md\/wp-content\/uploads\/2021\/01\/soplo1.jpeg","width":1000,"height":1000},{"@type":"BreadcrumbList","@id":"https:\/\/kamoto.md\/ro\/shop\/utilaje-pentru-constructii\/sistem-de-pulverizare-fara-aer\/duza-pentru-pulverizator-de-vopsit-fara-aer-211\/#breadcrumb","itemListElement":[{"@type":"ListItem","position":1,"name":"\u0413\u043b\u0430\u0432\u043d\u0430\u044f \u0441\u0442\u0440\u0430\u043d\u0438\u0446\u0430","item":"https:\/\/kamoto.md\/ro\/"},{"@type":"ListItem","position":2,"name":"Catalog","item":"https:\/\/kamoto.md\/ro\/catalog\/"},{"@type":"ListItem","position":3,"name":"Utilaje pentru construc\u021bii","item":"https:\/\/kamoto.md\/ro\/catalog\/utilaje-pentru-constructii\/"},{"@type":"ListItem","position":4,"name":"Sistem de pulverizare f\u0103r\u0103 aer","item":"https:\/\/kamoto.md\/ro\/catalog\/utilaje-pentru-constructii\/sistem-de-pulverizare-fara-aer\/"},{"@type":"ListItem","position":5,"name":"Duz\u0103 pentru pulverizator de vopsit f\u0103r\u0103 aer 211"}]},{"@type":"WebSite","@id":"https:\/\/kamoto.md\/ro\/#website","url":"https:\/\/kamoto.md\/ro\/","name":"Kamoto.MD","description":"\u0418\u043d\u0442\u0435\u0440\u043d\u0435\u0442 \u043c\u0430\u0433\u0430\u0437\u0438\u043d \u044d\u043b\u0435\u043a\u0442\u0440\u043e\u0438\u043d\u0441\u0442\u0440\u0443\u043c\u0435\u043d\u0442\u0430, \u0441\u0430\u0434\u043e\u0432\u043e\u0439 \u0438 \u0441\u0438\u043b\u043e\u0432\u043e\u0439 \u0442\u0435\u0445\u043d\u0438\u043a\u0438.","publisher":{"@id":"https:\/\/kamoto.md\/ro\/#organization"},"potentialAction":[{"@type":"SearchAction","target":{"@type":"EntryPoint","urlTemplate":"https:\/\/kamoto.md\/ro\/?s={search_term_string}"},"query-input":{"@type":"PropertyValueSpecification","valueRequired":true,"valueName":"search_term_string"}}],"inLanguage":"ro-RO"},{"@type":"Organization","@id":"https:\/\/kamoto.md\/ro\/#organization","name":"Kamoto S.R.L.","url":"https:\/\/kamoto.md\/ro\/","logo":{"@type":"ImageObject","inLanguage":"ro-RO","@id":"https:\/\/kamoto.md\/ro\/#\/schema\/logo\/image\/","url":"https:\/\/kamoto.md\/wp-content\/uploads\/2017\/08\/logo.png","contentUrl":"https:\/\/kamoto.md\/wp-content\/uploads\/2017\/08\/logo.png","width":323,"height":50,"caption":"Kamoto S.R.L."},"image":{"@id":"https:\/\/kamoto.md\/ro\/#\/schema\/logo\/image\/"}}]}},"_links":{"self":[{"href":"https:\/\/kamoto.md\/ro\/wp-json\/wp\/v2\/product\/13806","targetHints":{"allow":["GET"]}}],"collection":[{"href":"https:\/\/kamoto.md\/ro\/wp-json\/wp\/v2\/product"}],"about":[{"href":"https:\/\/kamoto.md\/ro\/wp-json\/wp\/v2\/types\/product"}],"wp:featuredmedia":[{"embeddable":true,"href":"https:\/\/kamoto.md\/ro\/wp-json\/wp\/v2\/media\/9972"}],"wp:attachment":[{"href":"https:\/\/kamoto.md\/ro\/wp-json\/wp\/v2\/media?parent=13806"}],"wp:term":[{"taxonomy":"product_brand","embeddable":true,"href":"https:\/\/kamoto.md\/ro\/wp-json\/wp\/v2\/product_brand?post=13806"},{"taxonomy":"product_cat","embeddable":true,"href":"https:\/\/kamoto.md\/ro\/wp-json\/wp\/v2\/product_cat?post=13806"},{"taxonomy":"product_tag","embeddable":true,"href":"https:\/\/kamoto.md\/ro\/wp-json\/wp\/v2\/product_tag?post=13806"}],"curies":[{"name":"wp","href":"https:\/\/api.w.org\/{rel}","templated":true}]}}