{"id":13807,"date":"2021-01-21T23:44:02","date_gmt":"2021-01-21T21:44:02","guid":{"rendered":"https:\/\/kamoto.md\/shop\/fara-categorie\/bezvozdushnyj-pokrasochnyj-apparat-kamoto-aps500200\/"},"modified":"2026-02-27T13:15:00","modified_gmt":"2026-02-27T11:15:00","slug":"pulverizator-de-vopsit-fara-aer-kamoto-aps500200","status":"publish","type":"product","link":"https:\/\/kamoto.md\/ro\/shop\/utilaje-pentru-constructii\/sistem-de-pulverizare-fara-aer\/pulverizator-de-vopsit-fara-aer-kamoto-aps500200\/","title":{"rendered":"Pulverizator de vopsit f\u0103r\u0103 aer KAMOTO APS500200"},"content":{"rendered":"<p>Pulverizatorul de vopsea f\u0103r\u0103 aer KAMOTO APS500200 este potrivit pentru lucr\u0103ri decorative de dimensiuni medii \u0219i mari \u00een cas\u0103 sau gr\u0103din\u0103. Unitatea este proiectat\u0103 astfel \u00eenc\u00e2t vopseaua s\u0103 fie pulverizat\u0103 instantaneu din recipientul de vopsea \u00eentr-o perioad\u0103 scurt\u0103 de timp. Poate fi folosit pentru a vopsi garduri, pergole, \u0219oproane, grilaje, balcoane, u\u0219i de garaj \u0219i pere\u021bi. Acest pulverizator de vopsea airless este destinat exclusiv utiliz\u0103rii casnice (DIY).<\/p>\n<p>Ma\u0219ina de vopsit este proiectat\u0103 pentru pulverizarea f\u0103r\u0103 aer sub presiune ridicat\u0103, vopsele cu v\u00e2scozitate mic\u0103 \u0219i medie, v\u00e2scozitate nu mai mare dec\u00e2t cea a &#8222;kefirului&#8221;. Pot fi utilizate vopsele pe baz\u0103 de solven\u021bi \u0219i vopsele pe baz\u0103 de ulei. Cu aceast\u0103 ma\u0219in\u0103 de vopsit pute\u021bi vopsi rapid \u0219i u\u0219or o suprafa\u021b\u0103 mare \u00eentr-un timp scurt.<\/p>\n<p>V\u0103 rug\u0103m s\u0103 re\u021bine\u021bi c\u0103 aceast\u0103 unitate nu este proiectat\u0103 pentru utilizare comercial\u0103, cu am\u0103nuntul sau industrial\u0103.<\/p>\n<p>Avantaje:<br \/>\n&#8211; vitez\u0103 mare de aplicare a vopselei<br \/>\n&#8211; cantitate redus\u0103 de cea\u021b\u0103 la vopsirea cu duza potrivit\u0103<br \/>\n&#8211; economisirea vopselei la pulverizare<br \/>\n&#8211; control al presiunii infinit variabil<br \/>\n&#8211; lungimea furtunului 7,6 metri.<\/p>\n<p>Duza este etichetat\u0103 cu trei cifre.<br \/>\nPrima cifr\u0103 indic\u0103 unghiul tor\u021bei de pulverizare \u00een zeci de grade, adic\u0103, cu c\u00e2t cifra este mai mare, cu at\u00e2t tor\u021ba de pulverizare este mai larg\u0103, prin urmare, o zon\u0103 mai mare a suprafe\u021bei de vopsit poate fi acoperit\u0103 \u00eentr-o singur\u0103 trecere.<br \/>\nCelelalte cifre indic\u0103 diametrul duzei \u00een miimi de inch.<\/p>\n<p>Exemplu de denumire a duzei (duzei): #311<br \/>\ncifra 3 &#8211; unghi de pulverizare de 30 de grade<br \/>\ncifra 11 &#8211; diametrul orificiului \u00een milisecunde<\/p>\n","protected":false},"excerpt":{"rendered":"<p>Tensiune: 230 V, ~ 50 Hz<br \/>\nPutere: 500 W<br \/>\nPresiune maxim\u0103 de pulverizare: 200 bar<br \/>\nDebit maxim de desc\u0103rcare: 1,1 litri\/minut<br \/>\nNivel de zgomot: 89 dB (A)<br \/>\nCerin\u021be privind temperatura mediului de lucru: 5\u00b0C &#8211; 40\u00b0C<br \/>\nCerin\u021be privind umiditatea mediului de lucru: 30% &#8211; 95%<br \/>\nCerin\u021be privind temperatura de transport \u0219i depozitare: 25\u00b0C &#8211; 55\u00b0C<br \/>\nDuz\u0103 (duz\u0103) \u00een set (2 buc): #311, #517<br \/>\nDimensiuni disponibile ale duzei (duzei): #311, #411, #413, #417, #515, #519, #619<br \/>\nTip pomp\u0103: Piston<br \/>\nFurtun de vopsire de \u00eenalt\u0103 presiune: 7,6 m<br \/>\nGreutate: 6,6 kg<\/p>\n","protected":false},"featured_media":9949,"template":"","meta":[],"product_brand":[],"product_cat":[359],"product_tag":[],"class_list":{"0":"post-13807","1":"product","2":"type-product","3":"status-publish","4":"has-post-thumbnail","6":"product_cat-sistem-de-pulverizare-fara-aer","8":"first","9":"outofstock","10":"shipping-taxable","11":"product-type-simple"},"yoast_head":"<!-- This site is optimized with the Yoast SEO plugin v27.3 - https:\/\/yoast.com\/product\/yoast-seo-wordpress\/ -->\n<title>Sistem de pulverizare f\u0103r\u0103 aer - Pulverizator de vopsit f\u0103r\u0103 aer KAMOTO APS500200 - Kamoto.md<\/title>\n<meta name=\"robots\" content=\"index, follow, max-snippet:-1, max-image-preview:large, max-video-preview:-1\" \/>\n<link rel=\"canonical\" href=\"https:\/\/kamoto.md\/ro\/shop\/utilaje-pentru-constructii\/sistem-de-pulverizare-fara-aer\/pulverizator-de-vopsit-fara-aer-kamoto-aps500200\/\" \/>\n<meta property=\"og:locale\" content=\"ro_RO\" \/>\n<meta property=\"og:type\" content=\"article\" \/>\n<meta property=\"og:title\" content=\"Sistem de pulverizare f\u0103r\u0103 aer - Pulverizator de vopsit f\u0103r\u0103 aer KAMOTO APS500200 - Kamoto.md\" \/>\n<meta property=\"og:description\" content=\"Tensiune: 230 V, ~ 50 Hz Putere: 500 W Presiune maxim\u0103 de pulverizare: 200 bar Debit maxim de desc\u0103rcare: 1,1 litri\/minut Nivel de zgomot: 89 dB (A) Cerin\u021be privind temperatura mediului de lucru: 5\u00b0C - 40\u00b0C Cerin\u021be privind umiditatea mediului de lucru: 30% - 95% Cerin\u021be privind temperatura de transport \u0219i depozitare: 25\u00b0C - 55\u00b0C Duz\u0103 (duz\u0103) \u00een set (2 buc): #311, #517 Dimensiuni disponibile ale duzei (duzei): #311, #411, #413, #417, #515, #519, #619 Tip pomp\u0103: Piston Furtun de vopsire de \u00eenalt\u0103 presiune: 7,6 m Greutate: 6,6 kg\" \/>\n<meta property=\"og:url\" content=\"https:\/\/kamoto.md\/ro\/shop\/utilaje-pentru-constructii\/sistem-de-pulverizare-fara-aer\/pulverizator-de-vopsit-fara-aer-kamoto-aps500200\/\" \/>\n<meta property=\"og:site_name\" content=\"Kamoto.md\" \/>\n<meta property=\"article:modified_time\" content=\"2026-02-27T11:15:00+00:00\" \/>\n<meta property=\"og:image\" content=\"https:\/\/kamoto.md\/wp-content\/uploads\/2021\/05\/logo2.png\" \/>\n\t<meta property=\"og:image:width\" content=\"1000\" \/>\n\t<meta property=\"og:image:height\" content=\"1000\" \/>\n\t<meta property=\"og:image:type\" content=\"image\/png\" \/>\n<meta name=\"twitter:card\" content=\"summary_large_image\" \/>\n<meta name=\"twitter:label1\" content=\"Timp estimat pentru citire\" \/>\n\t<meta name=\"twitter:data1\" content=\"2 minute\" \/>\n<script type=\"application\/ld+json\" class=\"yoast-schema-graph\">{\"@context\":\"https:\\\/\\\/schema.org\",\"@graph\":[{\"@type\":[\"WebPage\",\"ItemPage\"],\"@id\":\"https:\\\/\\\/kamoto.md\\\/ro\\\/shop\\\/utilaje-pentru-constructii\\\/sistem-de-pulverizare-fara-aer\\\/pulverizator-de-vopsit-fara-aer-kamoto-aps500200\\\/\",\"url\":\"https:\\\/\\\/kamoto.md\\\/ro\\\/shop\\\/utilaje-pentru-constructii\\\/sistem-de-pulverizare-fara-aer\\\/pulverizator-de-vopsit-fara-aer-kamoto-aps500200\\\/\",\"name\":\"Sistem de pulverizare f\u0103r\u0103 aer - Pulverizator de vopsit f\u0103r\u0103 aer KAMOTO APS500200 - Kamoto.md\",\"isPartOf\":{\"@id\":\"https:\\\/\\\/kamoto.md\\\/ro\\\/#website\"},\"primaryImageOfPage\":{\"@id\":\"https:\\\/\\\/kamoto.md\\\/ro\\\/shop\\\/utilaje-pentru-constructii\\\/sistem-de-pulverizare-fara-aer\\\/pulverizator-de-vopsit-fara-aer-kamoto-aps500200\\\/#primaryimage\"},\"image\":{\"@id\":\"https:\\\/\\\/kamoto.md\\\/ro\\\/shop\\\/utilaje-pentru-constructii\\\/sistem-de-pulverizare-fara-aer\\\/pulverizator-de-vopsit-fara-aer-kamoto-aps500200\\\/#primaryimage\"},\"thumbnailUrl\":\"https:\\\/\\\/kamoto.md\\\/wp-content\\\/uploads\\\/2021\\\/01\\\/1_G_O_9549.jpg\",\"datePublished\":\"2021-01-21T21:44:02+00:00\",\"dateModified\":\"2026-02-27T11:15:00+00:00\",\"breadcrumb\":{\"@id\":\"https:\\\/\\\/kamoto.md\\\/ro\\\/shop\\\/utilaje-pentru-constructii\\\/sistem-de-pulverizare-fara-aer\\\/pulverizator-de-vopsit-fara-aer-kamoto-aps500200\\\/#breadcrumb\"},\"inLanguage\":\"ro-RO\",\"potentialAction\":[{\"@type\":\"ReadAction\",\"target\":[\"https:\\\/\\\/kamoto.md\\\/ro\\\/shop\\\/utilaje-pentru-constructii\\\/sistem-de-pulverizare-fara-aer\\\/pulverizator-de-vopsit-fara-aer-kamoto-aps500200\\\/\"]}]},{\"@type\":\"ImageObject\",\"inLanguage\":\"ro-RO\",\"@id\":\"https:\\\/\\\/kamoto.md\\\/ro\\\/shop\\\/utilaje-pentru-constructii\\\/sistem-de-pulverizare-fara-aer\\\/pulverizator-de-vopsit-fara-aer-kamoto-aps500200\\\/#primaryimage\",\"url\":\"https:\\\/\\\/kamoto.md\\\/wp-content\\\/uploads\\\/2021\\\/01\\\/1_G_O_9549.jpg\",\"contentUrl\":\"https:\\\/\\\/kamoto.md\\\/wp-content\\\/uploads\\\/2021\\\/01\\\/1_G_O_9549.jpg\",\"width\":1000,\"height\":1000},{\"@type\":\"BreadcrumbList\",\"@id\":\"https:\\\/\\\/kamoto.md\\\/ro\\\/shop\\\/utilaje-pentru-constructii\\\/sistem-de-pulverizare-fara-aer\\\/pulverizator-de-vopsit-fara-aer-kamoto-aps500200\\\/#breadcrumb\",\"itemListElement\":[{\"@type\":\"ListItem\",\"position\":1,\"name\":\"\u0413\u043b\u0430\u0432\u043d\u0430\u044f \u0441\u0442\u0440\u0430\u043d\u0438\u0446\u0430\",\"item\":\"https:\\\/\\\/kamoto.md\\\/ro\\\/\"},{\"@type\":\"ListItem\",\"position\":2,\"name\":\"Catalog\",\"item\":\"https:\\\/\\\/kamoto.md\\\/ro\\\/catalog\\\/\"},{\"@type\":\"ListItem\",\"position\":3,\"name\":\"Utilaje pentru construc\u021bii\",\"item\":\"https:\\\/\\\/kamoto.md\\\/ro\\\/catalog\\\/utilaje-pentru-constructii\\\/\"},{\"@type\":\"ListItem\",\"position\":4,\"name\":\"Sistem de pulverizare f\u0103r\u0103 aer\",\"item\":\"https:\\\/\\\/kamoto.md\\\/ro\\\/catalog\\\/utilaje-pentru-constructii\\\/sistem-de-pulverizare-fara-aer\\\/\"},{\"@type\":\"ListItem\",\"position\":5,\"name\":\"Pulverizator de vopsit f\u0103r\u0103 aer KAMOTO APS500200\"}]},{\"@type\":\"WebSite\",\"@id\":\"https:\\\/\\\/kamoto.md\\\/ro\\\/#website\",\"url\":\"https:\\\/\\\/kamoto.md\\\/ro\\\/\",\"name\":\"Kamoto.MD\",\"description\":\"\u0418\u043d\u0442\u0435\u0440\u043d\u0435\u0442 \u043c\u0430\u0433\u0430\u0437\u0438\u043d \u044d\u043b\u0435\u043a\u0442\u0440\u043e\u0438\u043d\u0441\u0442\u0440\u0443\u043c\u0435\u043d\u0442\u0430, \u0441\u0430\u0434\u043e\u0432\u043e\u0439 \u0438 \u0441\u0438\u043b\u043e\u0432\u043e\u0439 \u0442\u0435\u0445\u043d\u0438\u043a\u0438.\",\"publisher\":{\"@id\":\"https:\\\/\\\/kamoto.md\\\/ro\\\/#organization\"},\"potentialAction\":[{\"@type\":\"SearchAction\",\"target\":{\"@type\":\"EntryPoint\",\"urlTemplate\":\"https:\\\/\\\/kamoto.md\\\/ro\\\/?s={search_term_string}\"},\"query-input\":{\"@type\":\"PropertyValueSpecification\",\"valueRequired\":true,\"valueName\":\"search_term_string\"}}],\"inLanguage\":\"ro-RO\"},{\"@type\":\"Organization\",\"@id\":\"https:\\\/\\\/kamoto.md\\\/ro\\\/#organization\",\"name\":\"Kamoto S.R.L.\",\"url\":\"https:\\\/\\\/kamoto.md\\\/ro\\\/\",\"logo\":{\"@type\":\"ImageObject\",\"inLanguage\":\"ro-RO\",\"@id\":\"https:\\\/\\\/kamoto.md\\\/ro\\\/#\\\/schema\\\/logo\\\/image\\\/\",\"url\":\"https:\\\/\\\/kamoto.md\\\/wp-content\\\/uploads\\\/2017\\\/08\\\/logo.png\",\"contentUrl\":\"https:\\\/\\\/kamoto.md\\\/wp-content\\\/uploads\\\/2017\\\/08\\\/logo.png\",\"width\":323,\"height\":50,\"caption\":\"Kamoto S.R.L.\"},\"image\":{\"@id\":\"https:\\\/\\\/kamoto.md\\\/ro\\\/#\\\/schema\\\/logo\\\/image\\\/\"}}]}<\/script>\n<!-- \/ Yoast SEO plugin. -->","yoast_head_json":{"title":"Sistem de pulverizare f\u0103r\u0103 aer - Pulverizator de vopsit f\u0103r\u0103 aer KAMOTO APS500200 - Kamoto.md","robots":{"index":"index","follow":"follow","max-snippet":"max-snippet:-1","max-image-preview":"max-image-preview:large","max-video-preview":"max-video-preview:-1"},"canonical":"https:\/\/kamoto.md\/ro\/shop\/utilaje-pentru-constructii\/sistem-de-pulverizare-fara-aer\/pulverizator-de-vopsit-fara-aer-kamoto-aps500200\/","og_locale":"ro_RO","og_type":"article","og_title":"Sistem de pulverizare f\u0103r\u0103 aer - Pulverizator de vopsit f\u0103r\u0103 aer KAMOTO APS500200 - Kamoto.md","og_description":"Tensiune: 230 V, ~ 50 Hz Putere: 500 W Presiune maxim\u0103 de pulverizare: 200 bar Debit maxim de desc\u0103rcare: 1,1 litri\/minut Nivel de zgomot: 89 dB (A) Cerin\u021be privind temperatura mediului de lucru: 5\u00b0C - 40\u00b0C Cerin\u021be privind umiditatea mediului de lucru: 30% - 95% Cerin\u021be privind temperatura de transport \u0219i depozitare: 25\u00b0C - 55\u00b0C Duz\u0103 (duz\u0103) \u00een set (2 buc): #311, #517 Dimensiuni disponibile ale duzei (duzei): #311, #411, #413, #417, #515, #519, #619 Tip pomp\u0103: Piston Furtun de vopsire de \u00eenalt\u0103 presiune: 7,6 m Greutate: 6,6 kg","og_url":"https:\/\/kamoto.md\/ro\/shop\/utilaje-pentru-constructii\/sistem-de-pulverizare-fara-aer\/pulverizator-de-vopsit-fara-aer-kamoto-aps500200\/","og_site_name":"Kamoto.md","article_modified_time":"2026-02-27T11:15:00+00:00","og_image":[{"width":1000,"height":1000,"url":"https:\/\/kamoto.md\/wp-content\/uploads\/2021\/05\/logo2.png","type":"image\/png"}],"twitter_card":"summary_large_image","twitter_misc":{"Timp estimat pentru citire":"2 minute"},"schema":{"@context":"https:\/\/schema.org","@graph":[{"@type":["WebPage","ItemPage"],"@id":"https:\/\/kamoto.md\/ro\/shop\/utilaje-pentru-constructii\/sistem-de-pulverizare-fara-aer\/pulverizator-de-vopsit-fara-aer-kamoto-aps500200\/","url":"https:\/\/kamoto.md\/ro\/shop\/utilaje-pentru-constructii\/sistem-de-pulverizare-fara-aer\/pulverizator-de-vopsit-fara-aer-kamoto-aps500200\/","name":"Sistem de pulverizare f\u0103r\u0103 aer - Pulverizator de vopsit f\u0103r\u0103 aer KAMOTO APS500200 - Kamoto.md","isPartOf":{"@id":"https:\/\/kamoto.md\/ro\/#website"},"primaryImageOfPage":{"@id":"https:\/\/kamoto.md\/ro\/shop\/utilaje-pentru-constructii\/sistem-de-pulverizare-fara-aer\/pulverizator-de-vopsit-fara-aer-kamoto-aps500200\/#primaryimage"},"image":{"@id":"https:\/\/kamoto.md\/ro\/shop\/utilaje-pentru-constructii\/sistem-de-pulverizare-fara-aer\/pulverizator-de-vopsit-fara-aer-kamoto-aps500200\/#primaryimage"},"thumbnailUrl":"https:\/\/kamoto.md\/wp-content\/uploads\/2021\/01\/1_G_O_9549.jpg","datePublished":"2021-01-21T21:44:02+00:00","dateModified":"2026-02-27T11:15:00+00:00","breadcrumb":{"@id":"https:\/\/kamoto.md\/ro\/shop\/utilaje-pentru-constructii\/sistem-de-pulverizare-fara-aer\/pulverizator-de-vopsit-fara-aer-kamoto-aps500200\/#breadcrumb"},"inLanguage":"ro-RO","potentialAction":[{"@type":"ReadAction","target":["https:\/\/kamoto.md\/ro\/shop\/utilaje-pentru-constructii\/sistem-de-pulverizare-fara-aer\/pulverizator-de-vopsit-fara-aer-kamoto-aps500200\/"]}]},{"@type":"ImageObject","inLanguage":"ro-RO","@id":"https:\/\/kamoto.md\/ro\/shop\/utilaje-pentru-constructii\/sistem-de-pulverizare-fara-aer\/pulverizator-de-vopsit-fara-aer-kamoto-aps500200\/#primaryimage","url":"https:\/\/kamoto.md\/wp-content\/uploads\/2021\/01\/1_G_O_9549.jpg","contentUrl":"https:\/\/kamoto.md\/wp-content\/uploads\/2021\/01\/1_G_O_9549.jpg","width":1000,"height":1000},{"@type":"BreadcrumbList","@id":"https:\/\/kamoto.md\/ro\/shop\/utilaje-pentru-constructii\/sistem-de-pulverizare-fara-aer\/pulverizator-de-vopsit-fara-aer-kamoto-aps500200\/#breadcrumb","itemListElement":[{"@type":"ListItem","position":1,"name":"\u0413\u043b\u0430\u0432\u043d\u0430\u044f \u0441\u0442\u0440\u0430\u043d\u0438\u0446\u0430","item":"https:\/\/kamoto.md\/ro\/"},{"@type":"ListItem","position":2,"name":"Catalog","item":"https:\/\/kamoto.md\/ro\/catalog\/"},{"@type":"ListItem","position":3,"name":"Utilaje pentru construc\u021bii","item":"https:\/\/kamoto.md\/ro\/catalog\/utilaje-pentru-constructii\/"},{"@type":"ListItem","position":4,"name":"Sistem de pulverizare f\u0103r\u0103 aer","item":"https:\/\/kamoto.md\/ro\/catalog\/utilaje-pentru-constructii\/sistem-de-pulverizare-fara-aer\/"},{"@type":"ListItem","position":5,"name":"Pulverizator de vopsit f\u0103r\u0103 aer KAMOTO APS500200"}]},{"@type":"WebSite","@id":"https:\/\/kamoto.md\/ro\/#website","url":"https:\/\/kamoto.md\/ro\/","name":"Kamoto.MD","description":"\u0418\u043d\u0442\u0435\u0440\u043d\u0435\u0442 \u043c\u0430\u0433\u0430\u0437\u0438\u043d \u044d\u043b\u0435\u043a\u0442\u0440\u043e\u0438\u043d\u0441\u0442\u0440\u0443\u043c\u0435\u043d\u0442\u0430, \u0441\u0430\u0434\u043e\u0432\u043e\u0439 \u0438 \u0441\u0438\u043b\u043e\u0432\u043e\u0439 \u0442\u0435\u0445\u043d\u0438\u043a\u0438.","publisher":{"@id":"https:\/\/kamoto.md\/ro\/#organization"},"potentialAction":[{"@type":"SearchAction","target":{"@type":"EntryPoint","urlTemplate":"https:\/\/kamoto.md\/ro\/?s={search_term_string}"},"query-input":{"@type":"PropertyValueSpecification","valueRequired":true,"valueName":"search_term_string"}}],"inLanguage":"ro-RO"},{"@type":"Organization","@id":"https:\/\/kamoto.md\/ro\/#organization","name":"Kamoto S.R.L.","url":"https:\/\/kamoto.md\/ro\/","logo":{"@type":"ImageObject","inLanguage":"ro-RO","@id":"https:\/\/kamoto.md\/ro\/#\/schema\/logo\/image\/","url":"https:\/\/kamoto.md\/wp-content\/uploads\/2017\/08\/logo.png","contentUrl":"https:\/\/kamoto.md\/wp-content\/uploads\/2017\/08\/logo.png","width":323,"height":50,"caption":"Kamoto S.R.L."},"image":{"@id":"https:\/\/kamoto.md\/ro\/#\/schema\/logo\/image\/"}}]}},"_links":{"self":[{"href":"https:\/\/kamoto.md\/ro\/wp-json\/wp\/v2\/product\/13807","targetHints":{"allow":["GET"]}}],"collection":[{"href":"https:\/\/kamoto.md\/ro\/wp-json\/wp\/v2\/product"}],"about":[{"href":"https:\/\/kamoto.md\/ro\/wp-json\/wp\/v2\/types\/product"}],"wp:featuredmedia":[{"embeddable":true,"href":"https:\/\/kamoto.md\/ro\/wp-json\/wp\/v2\/media\/9949"}],"wp:attachment":[{"href":"https:\/\/kamoto.md\/ro\/wp-json\/wp\/v2\/media?parent=13807"}],"wp:term":[{"taxonomy":"product_brand","embeddable":true,"href":"https:\/\/kamoto.md\/ro\/wp-json\/wp\/v2\/product_brand?post=13807"},{"taxonomy":"product_cat","embeddable":true,"href":"https:\/\/kamoto.md\/ro\/wp-json\/wp\/v2\/product_cat?post=13807"},{"taxonomy":"product_tag","embeddable":true,"href":"https:\/\/kamoto.md\/ro\/wp-json\/wp\/v2\/product_tag?post=13807"}],"curies":[{"name":"wp","href":"https:\/\/api.w.org\/{rel}","templated":true}]}}