{"id":13808,"date":"2020-12-02T21:19:43","date_gmt":"2020-12-02T19:19:43","guid":{"rendered":"https:\/\/kamoto.md\/shop\/fara-categorie\/shlifovalnaya-mashina-dlya-sten-i-potolkov-kamoto-ds710\/"},"modified":"2026-02-26T09:53:19","modified_gmt":"2026-02-26T07:53:19","slug":"masina-de-slefuit-pereti-si-tavane-kamoto-ds710","status":"publish","type":"product","link":"https:\/\/kamoto.md\/ro\/shop\/scule-electrice\/slefuitori-pentru-pereti\/masina-de-slefuit-pereti-si-tavane-kamoto-ds710\/","title":{"rendered":"Ma\u0219in\u0103 de \u0219lefuit pere\u021bi \u0219i tavane KAMOTO DS710"},"content":{"rendered":"<p>Ma\u0219in\u0103 de \u0219lefuit pere\u021bi \u0219i tavane KAMOTO DS710 &#8211; pentru cur\u0103\u021barea \u0219i \u0219lefuirea pere\u021bilor din piatr\u0103 \u0219i beton, acoperirilor l\u0103cuite \u0219i vopsite, chitului de gips. Controlul vitezei variabile permite \u0219lefuirea eficient\u0103 a diferitelor tipuri de suprafe\u021be. Datorit\u0103 sistemului de aspirare a prafului, polizorul este confortabil pentru a lucra mult timp. Iluminare LED pentru o munc\u0103 de \u00eenalt\u0103 calitate, chiar \u0219i \u00een \u00eenc\u0103peri slab iluminate. M\u00e2nerul suplimentar cu prindere cauciucat\u0103 asigur\u0103 un control confortabil al \u0219lefuitorului.<\/p>\n","protected":false},"excerpt":{"rendered":"<p>Putere nominal\u0103: 710 W<br \/>\nFrecven\u021b\u0103 nominal\u0103: 50 Hz<br \/>\nTensiune nominal\u0103: 220-240 V<br \/>\nVitez\u0103 de rota\u021bie: 0-1200 rpm<br \/>\nDiametru roat\u0103: 225 mm<br \/>\nConectare aspirator: Da<br \/>\nLumin\u0103 zon\u0103 de lucru: Da<br \/>\nLungime cablu: 4 m<\/p>\n","protected":false},"featured_media":12842,"template":"","meta":[],"product_brand":[],"product_cat":[379],"product_tag":[],"class_list":{"0":"post-13808","1":"product","2":"type-product","3":"status-publish","4":"has-post-thumbnail","6":"product_cat-slefuitori-pentru-pereti","8":"first","9":"instock","10":"shipping-taxable","11":"purchasable","12":"product-type-simple"},"yoast_head":"<!-- This site is optimized with the Yoast SEO plugin v27.3 - https:\/\/yoast.com\/product\/yoast-seo-wordpress\/ -->\n<title>\u0218lefuitori pentru pere\u021bi - Ma\u0219in\u0103 de \u0219lefuit pere\u021bi \u0219i tavane KAMOTO DS710 - Kamoto.md<\/title>\n<meta name=\"description\" content=\"Polizor de pere\u021bi \u0219i tavane Kamoto DS710 - pentru cur\u0103\u021barea \u0219i \u0219lefuirea pere\u021bilor din piatr\u0103 \u0219i beton\" \/>\n<meta name=\"robots\" content=\"index, follow, max-snippet:-1, max-image-preview:large, max-video-preview:-1\" \/>\n<link rel=\"canonical\" href=\"https:\/\/kamoto.md\/ro\/shop\/scule-electrice\/slefuitori-pentru-pereti\/masina-de-slefuit-pereti-si-tavane-kamoto-ds710\/\" \/>\n<meta property=\"og:locale\" content=\"ro_RO\" \/>\n<meta property=\"og:type\" content=\"article\" \/>\n<meta property=\"og:title\" content=\"\u0218lefuitori pentru pere\u021bi - Ma\u0219in\u0103 de \u0219lefuit pere\u021bi \u0219i tavane KAMOTO DS710 - Kamoto.md\" \/>\n<meta property=\"og:description\" content=\"Polizor de pere\u021bi \u0219i tavane Kamoto DS710 - pentru cur\u0103\u021barea \u0219i \u0219lefuirea pere\u021bilor din piatr\u0103 \u0219i beton\" \/>\n<meta property=\"og:url\" content=\"https:\/\/kamoto.md\/ro\/shop\/scule-electrice\/slefuitori-pentru-pereti\/masina-de-slefuit-pereti-si-tavane-kamoto-ds710\/\" \/>\n<meta property=\"og:site_name\" content=\"Kamoto.md\" \/>\n<meta property=\"article:modified_time\" content=\"2026-02-26T07:53:19+00:00\" \/>\n<meta property=\"og:image\" content=\"https:\/\/kamoto.md\/wp-content\/uploads\/2021\/05\/logo2.png\" \/>\n\t<meta property=\"og:image:width\" content=\"1000\" \/>\n\t<meta property=\"og:image:height\" content=\"1000\" \/>\n\t<meta property=\"og:image:type\" content=\"image\/png\" \/>\n<meta name=\"twitter:card\" content=\"summary_large_image\" \/>\n<meta name=\"twitter:label1\" content=\"Timp estimat pentru citire\" \/>\n\t<meta name=\"twitter:data1\" content=\"1 minut\" \/>\n<script type=\"application\/ld+json\" class=\"yoast-schema-graph\">{\"@context\":\"https:\\\/\\\/schema.org\",\"@graph\":[{\"@type\":[\"WebPage\",\"ItemPage\"],\"@id\":\"https:\\\/\\\/kamoto.md\\\/ro\\\/shop\\\/scule-electrice\\\/slefuitori-pentru-pereti\\\/masina-de-slefuit-pereti-si-tavane-kamoto-ds710\\\/\",\"url\":\"https:\\\/\\\/kamoto.md\\\/ro\\\/shop\\\/scule-electrice\\\/slefuitori-pentru-pereti\\\/masina-de-slefuit-pereti-si-tavane-kamoto-ds710\\\/\",\"name\":\"\u0218lefuitori pentru pere\u021bi - Ma\u0219in\u0103 de \u0219lefuit pere\u021bi \u0219i tavane KAMOTO DS710 - Kamoto.md\",\"isPartOf\":{\"@id\":\"https:\\\/\\\/kamoto.md\\\/ro\\\/#website\"},\"primaryImageOfPage\":{\"@id\":\"https:\\\/\\\/kamoto.md\\\/ro\\\/shop\\\/scule-electrice\\\/slefuitori-pentru-pereti\\\/masina-de-slefuit-pereti-si-tavane-kamoto-ds710\\\/#primaryimage\"},\"image\":{\"@id\":\"https:\\\/\\\/kamoto.md\\\/ro\\\/shop\\\/scule-electrice\\\/slefuitori-pentru-pereti\\\/masina-de-slefuit-pereti-si-tavane-kamoto-ds710\\\/#primaryimage\"},\"thumbnailUrl\":\"https:\\\/\\\/kamoto.md\\\/wp-content\\\/uploads\\\/2020\\\/12\\\/847.jpg\",\"datePublished\":\"2020-12-02T19:19:43+00:00\",\"dateModified\":\"2026-02-26T07:53:19+00:00\",\"description\":\"Polizor de pere\u021bi \u0219i tavane Kamoto DS710 - pentru cur\u0103\u021barea \u0219i \u0219lefuirea pere\u021bilor din piatr\u0103 \u0219i beton\",\"breadcrumb\":{\"@id\":\"https:\\\/\\\/kamoto.md\\\/ro\\\/shop\\\/scule-electrice\\\/slefuitori-pentru-pereti\\\/masina-de-slefuit-pereti-si-tavane-kamoto-ds710\\\/#breadcrumb\"},\"inLanguage\":\"ro-RO\",\"potentialAction\":[{\"@type\":\"ReadAction\",\"target\":[\"https:\\\/\\\/kamoto.md\\\/ro\\\/shop\\\/scule-electrice\\\/slefuitori-pentru-pereti\\\/masina-de-slefuit-pereti-si-tavane-kamoto-ds710\\\/\"]}]},{\"@type\":\"ImageObject\",\"inLanguage\":\"ro-RO\",\"@id\":\"https:\\\/\\\/kamoto.md\\\/ro\\\/shop\\\/scule-electrice\\\/slefuitori-pentru-pereti\\\/masina-de-slefuit-pereti-si-tavane-kamoto-ds710\\\/#primaryimage\",\"url\":\"https:\\\/\\\/kamoto.md\\\/wp-content\\\/uploads\\\/2020\\\/12\\\/847.jpg\",\"contentUrl\":\"https:\\\/\\\/kamoto.md\\\/wp-content\\\/uploads\\\/2020\\\/12\\\/847.jpg\",\"width\":1000,\"height\":1000},{\"@type\":\"BreadcrumbList\",\"@id\":\"https:\\\/\\\/kamoto.md\\\/ro\\\/shop\\\/scule-electrice\\\/slefuitori-pentru-pereti\\\/masina-de-slefuit-pereti-si-tavane-kamoto-ds710\\\/#breadcrumb\",\"itemListElement\":[{\"@type\":\"ListItem\",\"position\":1,\"name\":\"\u0413\u043b\u0430\u0432\u043d\u0430\u044f \u0441\u0442\u0440\u0430\u043d\u0438\u0446\u0430\",\"item\":\"https:\\\/\\\/kamoto.md\\\/ro\\\/\"},{\"@type\":\"ListItem\",\"position\":2,\"name\":\"Catalog\",\"item\":\"https:\\\/\\\/kamoto.md\\\/ro\\\/catalog\\\/\"},{\"@type\":\"ListItem\",\"position\":3,\"name\":\"Instrumente electrice\",\"item\":\"https:\\\/\\\/kamoto.md\\\/ro\\\/catalog\\\/scule-electrice\\\/\"},{\"@type\":\"ListItem\",\"position\":4,\"name\":\"\u0218lefuitori pentru pere\u021bi\",\"item\":\"https:\\\/\\\/kamoto.md\\\/ro\\\/catalog\\\/scule-electrice\\\/slefuitori-pentru-pereti\\\/\"},{\"@type\":\"ListItem\",\"position\":5,\"name\":\"Ma\u0219in\u0103 de \u0219lefuit pere\u021bi \u0219i tavane KAMOTO DS710\"}]},{\"@type\":\"WebSite\",\"@id\":\"https:\\\/\\\/kamoto.md\\\/ro\\\/#website\",\"url\":\"https:\\\/\\\/kamoto.md\\\/ro\\\/\",\"name\":\"Kamoto.MD\",\"description\":\"\u0418\u043d\u0442\u0435\u0440\u043d\u0435\u0442 \u043c\u0430\u0433\u0430\u0437\u0438\u043d \u044d\u043b\u0435\u043a\u0442\u0440\u043e\u0438\u043d\u0441\u0442\u0440\u0443\u043c\u0435\u043d\u0442\u0430, \u0441\u0430\u0434\u043e\u0432\u043e\u0439 \u0438 \u0441\u0438\u043b\u043e\u0432\u043e\u0439 \u0442\u0435\u0445\u043d\u0438\u043a\u0438.\",\"publisher\":{\"@id\":\"https:\\\/\\\/kamoto.md\\\/ro\\\/#organization\"},\"potentialAction\":[{\"@type\":\"SearchAction\",\"target\":{\"@type\":\"EntryPoint\",\"urlTemplate\":\"https:\\\/\\\/kamoto.md\\\/ro\\\/?s={search_term_string}\"},\"query-input\":{\"@type\":\"PropertyValueSpecification\",\"valueRequired\":true,\"valueName\":\"search_term_string\"}}],\"inLanguage\":\"ro-RO\"},{\"@type\":\"Organization\",\"@id\":\"https:\\\/\\\/kamoto.md\\\/ro\\\/#organization\",\"name\":\"Kamoto S.R.L.\",\"url\":\"https:\\\/\\\/kamoto.md\\\/ro\\\/\",\"logo\":{\"@type\":\"ImageObject\",\"inLanguage\":\"ro-RO\",\"@id\":\"https:\\\/\\\/kamoto.md\\\/ro\\\/#\\\/schema\\\/logo\\\/image\\\/\",\"url\":\"https:\\\/\\\/kamoto.md\\\/wp-content\\\/uploads\\\/2017\\\/08\\\/logo.png\",\"contentUrl\":\"https:\\\/\\\/kamoto.md\\\/wp-content\\\/uploads\\\/2017\\\/08\\\/logo.png\",\"width\":323,\"height\":50,\"caption\":\"Kamoto S.R.L.\"},\"image\":{\"@id\":\"https:\\\/\\\/kamoto.md\\\/ro\\\/#\\\/schema\\\/logo\\\/image\\\/\"}}]}<\/script>\n<!-- \/ Yoast SEO plugin. -->","yoast_head_json":{"title":"\u0218lefuitori pentru pere\u021bi - Ma\u0219in\u0103 de \u0219lefuit pere\u021bi \u0219i tavane KAMOTO DS710 - Kamoto.md","description":"Polizor de pere\u021bi \u0219i tavane Kamoto DS710 - pentru cur\u0103\u021barea \u0219i \u0219lefuirea pere\u021bilor din piatr\u0103 \u0219i beton","robots":{"index":"index","follow":"follow","max-snippet":"max-snippet:-1","max-image-preview":"max-image-preview:large","max-video-preview":"max-video-preview:-1"},"canonical":"https:\/\/kamoto.md\/ro\/shop\/scule-electrice\/slefuitori-pentru-pereti\/masina-de-slefuit-pereti-si-tavane-kamoto-ds710\/","og_locale":"ro_RO","og_type":"article","og_title":"\u0218lefuitori pentru pere\u021bi - Ma\u0219in\u0103 de \u0219lefuit pere\u021bi \u0219i tavane KAMOTO DS710 - Kamoto.md","og_description":"Polizor de pere\u021bi \u0219i tavane Kamoto DS710 - pentru cur\u0103\u021barea \u0219i \u0219lefuirea pere\u021bilor din piatr\u0103 \u0219i beton","og_url":"https:\/\/kamoto.md\/ro\/shop\/scule-electrice\/slefuitori-pentru-pereti\/masina-de-slefuit-pereti-si-tavane-kamoto-ds710\/","og_site_name":"Kamoto.md","article_modified_time":"2026-02-26T07:53:19+00:00","og_image":[{"width":1000,"height":1000,"url":"https:\/\/kamoto.md\/wp-content\/uploads\/2021\/05\/logo2.png","type":"image\/png"}],"twitter_card":"summary_large_image","twitter_misc":{"Timp estimat pentru citire":"1 minut"},"schema":{"@context":"https:\/\/schema.org","@graph":[{"@type":["WebPage","ItemPage"],"@id":"https:\/\/kamoto.md\/ro\/shop\/scule-electrice\/slefuitori-pentru-pereti\/masina-de-slefuit-pereti-si-tavane-kamoto-ds710\/","url":"https:\/\/kamoto.md\/ro\/shop\/scule-electrice\/slefuitori-pentru-pereti\/masina-de-slefuit-pereti-si-tavane-kamoto-ds710\/","name":"\u0218lefuitori pentru pere\u021bi - Ma\u0219in\u0103 de \u0219lefuit pere\u021bi \u0219i tavane KAMOTO DS710 - Kamoto.md","isPartOf":{"@id":"https:\/\/kamoto.md\/ro\/#website"},"primaryImageOfPage":{"@id":"https:\/\/kamoto.md\/ro\/shop\/scule-electrice\/slefuitori-pentru-pereti\/masina-de-slefuit-pereti-si-tavane-kamoto-ds710\/#primaryimage"},"image":{"@id":"https:\/\/kamoto.md\/ro\/shop\/scule-electrice\/slefuitori-pentru-pereti\/masina-de-slefuit-pereti-si-tavane-kamoto-ds710\/#primaryimage"},"thumbnailUrl":"https:\/\/kamoto.md\/wp-content\/uploads\/2020\/12\/847.jpg","datePublished":"2020-12-02T19:19:43+00:00","dateModified":"2026-02-26T07:53:19+00:00","description":"Polizor de pere\u021bi \u0219i tavane Kamoto DS710 - pentru cur\u0103\u021barea \u0219i \u0219lefuirea pere\u021bilor din piatr\u0103 \u0219i beton","breadcrumb":{"@id":"https:\/\/kamoto.md\/ro\/shop\/scule-electrice\/slefuitori-pentru-pereti\/masina-de-slefuit-pereti-si-tavane-kamoto-ds710\/#breadcrumb"},"inLanguage":"ro-RO","potentialAction":[{"@type":"ReadAction","target":["https:\/\/kamoto.md\/ro\/shop\/scule-electrice\/slefuitori-pentru-pereti\/masina-de-slefuit-pereti-si-tavane-kamoto-ds710\/"]}]},{"@type":"ImageObject","inLanguage":"ro-RO","@id":"https:\/\/kamoto.md\/ro\/shop\/scule-electrice\/slefuitori-pentru-pereti\/masina-de-slefuit-pereti-si-tavane-kamoto-ds710\/#primaryimage","url":"https:\/\/kamoto.md\/wp-content\/uploads\/2020\/12\/847.jpg","contentUrl":"https:\/\/kamoto.md\/wp-content\/uploads\/2020\/12\/847.jpg","width":1000,"height":1000},{"@type":"BreadcrumbList","@id":"https:\/\/kamoto.md\/ro\/shop\/scule-electrice\/slefuitori-pentru-pereti\/masina-de-slefuit-pereti-si-tavane-kamoto-ds710\/#breadcrumb","itemListElement":[{"@type":"ListItem","position":1,"name":"\u0413\u043b\u0430\u0432\u043d\u0430\u044f \u0441\u0442\u0440\u0430\u043d\u0438\u0446\u0430","item":"https:\/\/kamoto.md\/ro\/"},{"@type":"ListItem","position":2,"name":"Catalog","item":"https:\/\/kamoto.md\/ro\/catalog\/"},{"@type":"ListItem","position":3,"name":"Instrumente electrice","item":"https:\/\/kamoto.md\/ro\/catalog\/scule-electrice\/"},{"@type":"ListItem","position":4,"name":"\u0218lefuitori pentru pere\u021bi","item":"https:\/\/kamoto.md\/ro\/catalog\/scule-electrice\/slefuitori-pentru-pereti\/"},{"@type":"ListItem","position":5,"name":"Ma\u0219in\u0103 de \u0219lefuit pere\u021bi \u0219i tavane KAMOTO DS710"}]},{"@type":"WebSite","@id":"https:\/\/kamoto.md\/ro\/#website","url":"https:\/\/kamoto.md\/ro\/","name":"Kamoto.MD","description":"\u0418\u043d\u0442\u0435\u0440\u043d\u0435\u0442 \u043c\u0430\u0433\u0430\u0437\u0438\u043d \u044d\u043b\u0435\u043a\u0442\u0440\u043e\u0438\u043d\u0441\u0442\u0440\u0443\u043c\u0435\u043d\u0442\u0430, \u0441\u0430\u0434\u043e\u0432\u043e\u0439 \u0438 \u0441\u0438\u043b\u043e\u0432\u043e\u0439 \u0442\u0435\u0445\u043d\u0438\u043a\u0438.","publisher":{"@id":"https:\/\/kamoto.md\/ro\/#organization"},"potentialAction":[{"@type":"SearchAction","target":{"@type":"EntryPoint","urlTemplate":"https:\/\/kamoto.md\/ro\/?s={search_term_string}"},"query-input":{"@type":"PropertyValueSpecification","valueRequired":true,"valueName":"search_term_string"}}],"inLanguage":"ro-RO"},{"@type":"Organization","@id":"https:\/\/kamoto.md\/ro\/#organization","name":"Kamoto S.R.L.","url":"https:\/\/kamoto.md\/ro\/","logo":{"@type":"ImageObject","inLanguage":"ro-RO","@id":"https:\/\/kamoto.md\/ro\/#\/schema\/logo\/image\/","url":"https:\/\/kamoto.md\/wp-content\/uploads\/2017\/08\/logo.png","contentUrl":"https:\/\/kamoto.md\/wp-content\/uploads\/2017\/08\/logo.png","width":323,"height":50,"caption":"Kamoto S.R.L."},"image":{"@id":"https:\/\/kamoto.md\/ro\/#\/schema\/logo\/image\/"}}]}},"_links":{"self":[{"href":"https:\/\/kamoto.md\/ro\/wp-json\/wp\/v2\/product\/13808","targetHints":{"allow":["GET"]}}],"collection":[{"href":"https:\/\/kamoto.md\/ro\/wp-json\/wp\/v2\/product"}],"about":[{"href":"https:\/\/kamoto.md\/ro\/wp-json\/wp\/v2\/types\/product"}],"wp:featuredmedia":[{"embeddable":true,"href":"https:\/\/kamoto.md\/ro\/wp-json\/wp\/v2\/media\/12842"}],"wp:attachment":[{"href":"https:\/\/kamoto.md\/ro\/wp-json\/wp\/v2\/media?parent=13808"}],"wp:term":[{"taxonomy":"product_brand","embeddable":true,"href":"https:\/\/kamoto.md\/ro\/wp-json\/wp\/v2\/product_brand?post=13808"},{"taxonomy":"product_cat","embeddable":true,"href":"https:\/\/kamoto.md\/ro\/wp-json\/wp\/v2\/product_cat?post=13808"},{"taxonomy":"product_tag","embeddable":true,"href":"https:\/\/kamoto.md\/ro\/wp-json\/wp\/v2\/product_tag?post=13808"}],"curies":[{"name":"wp","href":"https:\/\/api.w.org\/{rel}","templated":true}]}}