{"id":13809,"date":"2020-10-29T03:26:17","date_gmt":"2020-10-29T01:26:17","guid":{"rendered":"https:\/\/kamoto.md\/shop\/fara-categorie\/trimmer-4t-kamoto-t436c\/"},"modified":"2026-02-27T13:15:34","modified_gmt":"2026-02-27T11:15:34","slug":"motocoasa-pe-benzina-kamoto-t436c","status":"publish","type":"product","link":"https:\/\/kamoto.md\/ro\/shop\/scule-si-unelte-de-gradinarit\/motocoase\/motocoasa-pe-benzina-kamoto-t436c\/","title":{"rendered":"Motocoas\u0103 pe benzin\u0103 KAMOTO T436C"},"content":{"rendered":"<p>Motocoasa pe benzin\u0103 KAMOTO T436Ccu m\u00e2ner reglabil pentru biciclet\u0103 este proiectat pentru t\u0103ierea gazonului \u0219i a ierbii \u00een jurul trunchiurilor de copaci \u0219i de-a lungul aleilor din gr\u0103din\u0103. Atunci c\u00e2nd firul de pescuit este \u00eenlocuit cu o lam\u0103 de t\u0103iere, acesta poate fi utilizat pentru cosirea lemnului uscat, a buruienilor dure \u0219i a arbu\u0219tilor mici. Trimmerul este echipat cu o curea ergonomic\u0103 pentru rucsac, arbore de transmisie rigid pentru fiabilitate \u0219i durabilitate maxim\u0103. Este livrat cu o bobin\u0103 din nailon cu fir de pescuit, o lam\u0103 metalic\u0103 cu 3 lame \u0219i o lam\u0103 de fer\u0103str\u0103u cu 40 de din\u021bi. Sistemul avansat anti-vibra\u021bii, designul echilibrat va asigura o utilizare confortabil\u0103. Toate comenzile sunt integrate \u00een m\u00e2nerul ergonomic. Amortizorul asigur\u0103 o pornire u\u0219oar\u0103 \u0219i reduce sarcina pe demaror. Accesul u\u0219or la filtrul de aer \u0219i la bujie permite \u00eentre\u021binerea regulat\u0103 f\u0103r\u0103 a fi nevoie s\u0103 merge\u021bi la un centru de service.<\/p>\n<p>Avantajele unui trimmer \u00een 4 timpi includ:<\/p>\n<p>1. Nu este necesar s\u0103 se preg\u0103teasc\u0103 un amestec de benzin\u0103 \u0219i ulei. Uleiul \u0219i benzina sunt umplute \u00een rezervoare separate. Iar atunci c\u00e2nd lucra\u021bi, umple\u021bi imediat trimmerul cu benzin\u0103 \u0219i este gata de lucru.<\/p>\n<p>2. Func\u021bionarea pe benzin\u0103 pur\u0103 produce mult mai pu\u021bin fum \u0219i miros de la trimmer. De asemenea, este mult mai silen\u021bios dec\u00e2t omologii s\u0103i \u00een doi timpi. Ve\u021bi fi mai pu\u021bin obosi\u021bi de zgomot \u0219i mai pu\u021bin enervan\u021bi pentru vecini.<\/p>\n<p>3. Trimmerul \u00een 4 timpi este mult mai economic de utilizat. Uleiul curge \u00een carter dup\u0103 umplere \u0219i serve\u0219te doar la lubrifierea motorului. Prin urmare, \u00een timpul func\u021bion\u0103rii trebuie s\u0103 monitoriza\u021bi nivelul \u0219i s\u0103 completa\u021bi uleiul dac\u0103 este necesar. \u00cen plus, piesele motorului sunt lubrifiate mai bine \u00een acest sistem, ceea ce cre\u0219te durata de via\u021b\u0103 a trimmerului.<\/p>\n<p>4. Trimmerul nostru are un consum de combustibil cu 20% mai mic \u0219i un consum de ulei cu 80% mai mic. Am\u00e2ndoi ace\u0219ti factori v\u0103 economisesc semnificativ bugetul \u00een timpul func\u021bion\u0103rii.<\/p>\n<p>5. Trimmerul \u00een 4 timpi are mai pu\u021bine vibra\u021bii. Acest lucru duce la mai pu\u021bin\u0103 oboseal\u0103 a operatorului \u00een timpul func\u021bion\u0103rii.<\/p>\n<p>6. Trimmerul nostru se \u00eenc\u0103lze\u0219te mai pu\u021bin, ceea ce v\u0103 cre\u0219te productivitatea. Ave\u021bi pauze mai pu\u021bine \u0219i mai scurte pentru a r\u0103ci motorul.<\/p>\n<p>7. De asemenea, trimmerul func\u021bioneaz\u0103 \u00een orice pozi\u021bie \u0219i poate fi chiar r\u0103sturnat. Acest lucru v\u0103 permite s\u0103 t\u0103ia\u021bi ramurile copacilor sau arbu\u0219tii dup\u0103 cum este necesar.<\/p>\n","protected":false},"excerpt":{"rendered":"<p>Cilindree motor: 36 cm\u00b3<br \/>\nPutere: 1,3 CP \/ 1 kW Tura\u021bii pe minut: 6500 Tip motor: Benzin\u0103 \u00een patru timpi Tip combustibil: Benzin\u0103 A-95 Arbore de transmisie: Rigid \/ 1 kW<br \/>\nTura\u021bie: 6500<br \/>\nTip motor: Benzin\u0103 \u00een patru timpi<br \/>\nTip combustibil: Benzin\u0103 A-95<br \/>\nArbore de transmisie: Rigid<br \/>\nDiametrul bra\u021bului: 26 mm<br \/>\nTip m\u00e2ner: U<br \/>\nTip bra\u021b: bra\u021b DISPLACEMENT<br \/>\nM\u00e2ner: 460 mm<br \/>\nDiametru linie de t\u0103iere: 2.0 &#8211; 3.0 mm<br \/>\nDiametru lam\u0103: 255 mm<br \/>\nElemente de t\u0103iere incluse: 1. bobin\u0103 de nailon cu fir de pescuit, 2. 3. lam\u0103 metalic\u0103 cu 3 lame. lam\u0103 3. Lam\u0103 de fer\u0103str\u0103u cu 40 de din\u021bi<br \/>\nSistem anti-vibra\u021bii: Da<br \/>\nCurea de rucsac pentru motocoas\u0103: Da<br \/>\nNum\u0103rul canelurilor arborelui interior: 9<br \/>\nCapacitatea rezervorului de combustibil: 0,63 litri<br \/>\nCapacitatea carterului (ulei 10W-40): 100 gr<br \/>\nGreutate: 9.0 kg<\/p>\n","protected":false},"featured_media":9801,"template":"","meta":[],"product_brand":[],"product_cat":[294],"product_tag":[],"class_list":{"0":"post-13809","1":"product","2":"type-product","3":"status-publish","4":"has-post-thumbnail","6":"product_cat-motocoase","8":"first","9":"instock","10":"shipping-taxable","11":"purchasable","12":"product-type-simple"},"yoast_head":"<!-- This site is optimized with the Yoast SEO plugin v27.3 - https:\/\/yoast.com\/product\/yoast-seo-wordpress\/ -->\n<title>Motocoase - Motocoas\u0103 pe benzin\u0103 KAMOTO T436C - Kamoto.md<\/title>\n<meta name=\"robots\" content=\"index, follow, max-snippet:-1, max-image-preview:large, max-video-preview:-1\" \/>\n<link rel=\"canonical\" href=\"https:\/\/kamoto.md\/ro\/shop\/scule-si-unelte-de-gradinarit\/motocoase\/motocoasa-pe-benzina-kamoto-t436c\/\" \/>\n<meta property=\"og:locale\" content=\"ro_RO\" \/>\n<meta property=\"og:type\" content=\"article\" \/>\n<meta property=\"og:title\" content=\"Motocoase - Motocoas\u0103 pe benzin\u0103 KAMOTO T436C - Kamoto.md\" \/>\n<meta property=\"og:description\" content=\"Cilindree motor: 36 cm\u00b3 Putere: 1,3 CP \/ 1 kW Tura\u021bii pe minut: 6500 Tip motor: Benzin\u0103 \u00een patru timpi Tip combustibil: Benzin\u0103 A-95 Arbore de transmisie: Rigid \/ 1 kW Tura\u021bie: 6500 Tip motor: Benzin\u0103 \u00een patru timpi Tip combustibil: Benzin\u0103 A-95 Arbore de transmisie: Rigid Diametrul bra\u021bului: 26 mm Tip m\u00e2ner: U Tip bra\u021b: bra\u021b DISPLACEMENT M\u00e2ner: 460 mm Diametru linie de t\u0103iere: 2.0 - 3.0 mm Diametru lam\u0103: 255 mm Elemente de t\u0103iere incluse: 1. bobin\u0103 de nailon cu fir de pescuit, 2. 3. lam\u0103 metalic\u0103 cu 3 lame. lam\u0103 3. Lam\u0103 de fer\u0103str\u0103u cu 40 de din\u021bi Sistem anti-vibra\u021bii: Da Curea de rucsac pentru motocoas\u0103: Da Num\u0103rul canelurilor arborelui interior: 9 Capacitatea rezervorului de combustibil: 0,63 litri Capacitatea carterului (ulei 10W-40): 100 gr Greutate: 9.0 kg\" \/>\n<meta property=\"og:url\" content=\"https:\/\/kamoto.md\/ro\/shop\/scule-si-unelte-de-gradinarit\/motocoase\/motocoasa-pe-benzina-kamoto-t436c\/\" \/>\n<meta property=\"og:site_name\" content=\"Kamoto.md\" \/>\n<meta property=\"article:modified_time\" content=\"2026-02-27T11:15:34+00:00\" \/>\n<meta property=\"og:image\" content=\"https:\/\/kamoto.md\/wp-content\/uploads\/2021\/05\/logo2.png\" \/>\n\t<meta property=\"og:image:width\" content=\"1000\" \/>\n\t<meta property=\"og:image:height\" content=\"1000\" \/>\n\t<meta property=\"og:image:type\" content=\"image\/png\" \/>\n<meta name=\"twitter:card\" content=\"summary_large_image\" \/>\n<meta name=\"twitter:label1\" content=\"Timp estimat pentru citire\" \/>\n\t<meta name=\"twitter:data1\" content=\"3 minute\" \/>\n<script type=\"application\/ld+json\" class=\"yoast-schema-graph\">{\"@context\":\"https:\\\/\\\/schema.org\",\"@graph\":[{\"@type\":[\"WebPage\",\"ItemPage\"],\"@id\":\"https:\\\/\\\/kamoto.md\\\/ro\\\/shop\\\/scule-si-unelte-de-gradinarit\\\/motocoase\\\/motocoasa-pe-benzina-kamoto-t436c\\\/\",\"url\":\"https:\\\/\\\/kamoto.md\\\/ro\\\/shop\\\/scule-si-unelte-de-gradinarit\\\/motocoase\\\/motocoasa-pe-benzina-kamoto-t436c\\\/\",\"name\":\"Motocoase - Motocoas\u0103 pe benzin\u0103 KAMOTO T436C - Kamoto.md\",\"isPartOf\":{\"@id\":\"https:\\\/\\\/kamoto.md\\\/ro\\\/#website\"},\"primaryImageOfPage\":{\"@id\":\"https:\\\/\\\/kamoto.md\\\/ro\\\/shop\\\/scule-si-unelte-de-gradinarit\\\/motocoase\\\/motocoasa-pe-benzina-kamoto-t436c\\\/#primaryimage\"},\"image\":{\"@id\":\"https:\\\/\\\/kamoto.md\\\/ro\\\/shop\\\/scule-si-unelte-de-gradinarit\\\/motocoase\\\/motocoasa-pe-benzina-kamoto-t436c\\\/#primaryimage\"},\"thumbnailUrl\":\"https:\\\/\\\/kamoto.md\\\/wp-content\\\/uploads\\\/2020\\\/10\\\/G.O_21.10.2020-32-1.jpg\",\"datePublished\":\"2020-10-29T01:26:17+00:00\",\"dateModified\":\"2026-02-27T11:15:34+00:00\",\"breadcrumb\":{\"@id\":\"https:\\\/\\\/kamoto.md\\\/ro\\\/shop\\\/scule-si-unelte-de-gradinarit\\\/motocoase\\\/motocoasa-pe-benzina-kamoto-t436c\\\/#breadcrumb\"},\"inLanguage\":\"ro-RO\",\"potentialAction\":[{\"@type\":\"ReadAction\",\"target\":[\"https:\\\/\\\/kamoto.md\\\/ro\\\/shop\\\/scule-si-unelte-de-gradinarit\\\/motocoase\\\/motocoasa-pe-benzina-kamoto-t436c\\\/\"]}]},{\"@type\":\"ImageObject\",\"inLanguage\":\"ro-RO\",\"@id\":\"https:\\\/\\\/kamoto.md\\\/ro\\\/shop\\\/scule-si-unelte-de-gradinarit\\\/motocoase\\\/motocoasa-pe-benzina-kamoto-t436c\\\/#primaryimage\",\"url\":\"https:\\\/\\\/kamoto.md\\\/wp-content\\\/uploads\\\/2020\\\/10\\\/G.O_21.10.2020-32-1.jpg\",\"contentUrl\":\"https:\\\/\\\/kamoto.md\\\/wp-content\\\/uploads\\\/2020\\\/10\\\/G.O_21.10.2020-32-1.jpg\",\"width\":1000,\"height\":1000},{\"@type\":\"BreadcrumbList\",\"@id\":\"https:\\\/\\\/kamoto.md\\\/ro\\\/shop\\\/scule-si-unelte-de-gradinarit\\\/motocoase\\\/motocoasa-pe-benzina-kamoto-t436c\\\/#breadcrumb\",\"itemListElement\":[{\"@type\":\"ListItem\",\"position\":1,\"name\":\"\u0413\u043b\u0430\u0432\u043d\u0430\u044f \u0441\u0442\u0440\u0430\u043d\u0438\u0446\u0430\",\"item\":\"https:\\\/\\\/kamoto.md\\\/ro\\\/\"},{\"@type\":\"ListItem\",\"position\":2,\"name\":\"Catalog\",\"item\":\"https:\\\/\\\/kamoto.md\\\/ro\\\/catalog\\\/\"},{\"@type\":\"ListItem\",\"position\":3,\"name\":\"Instrumente \u0219i unelte de gr\u0103din\u0103rit\",\"item\":\"https:\\\/\\\/kamoto.md\\\/ro\\\/catalog\\\/scule-si-unelte-de-gradinarit\\\/\"},{\"@type\":\"ListItem\",\"position\":4,\"name\":\"Motocoase\",\"item\":\"https:\\\/\\\/kamoto.md\\\/ro\\\/catalog\\\/scule-si-unelte-de-gradinarit\\\/motocoase\\\/\"},{\"@type\":\"ListItem\",\"position\":5,\"name\":\"Motocoas\u0103 pe benzin\u0103 KAMOTO T436C\"}]},{\"@type\":\"WebSite\",\"@id\":\"https:\\\/\\\/kamoto.md\\\/ro\\\/#website\",\"url\":\"https:\\\/\\\/kamoto.md\\\/ro\\\/\",\"name\":\"Kamoto.MD\",\"description\":\"\u0418\u043d\u0442\u0435\u0440\u043d\u0435\u0442 \u043c\u0430\u0433\u0430\u0437\u0438\u043d \u044d\u043b\u0435\u043a\u0442\u0440\u043e\u0438\u043d\u0441\u0442\u0440\u0443\u043c\u0435\u043d\u0442\u0430, \u0441\u0430\u0434\u043e\u0432\u043e\u0439 \u0438 \u0441\u0438\u043b\u043e\u0432\u043e\u0439 \u0442\u0435\u0445\u043d\u0438\u043a\u0438.\",\"publisher\":{\"@id\":\"https:\\\/\\\/kamoto.md\\\/ro\\\/#organization\"},\"potentialAction\":[{\"@type\":\"SearchAction\",\"target\":{\"@type\":\"EntryPoint\",\"urlTemplate\":\"https:\\\/\\\/kamoto.md\\\/ro\\\/?s={search_term_string}\"},\"query-input\":{\"@type\":\"PropertyValueSpecification\",\"valueRequired\":true,\"valueName\":\"search_term_string\"}}],\"inLanguage\":\"ro-RO\"},{\"@type\":\"Organization\",\"@id\":\"https:\\\/\\\/kamoto.md\\\/ro\\\/#organization\",\"name\":\"Kamoto S.R.L.\",\"url\":\"https:\\\/\\\/kamoto.md\\\/ro\\\/\",\"logo\":{\"@type\":\"ImageObject\",\"inLanguage\":\"ro-RO\",\"@id\":\"https:\\\/\\\/kamoto.md\\\/ro\\\/#\\\/schema\\\/logo\\\/image\\\/\",\"url\":\"https:\\\/\\\/kamoto.md\\\/wp-content\\\/uploads\\\/2017\\\/08\\\/logo.png\",\"contentUrl\":\"https:\\\/\\\/kamoto.md\\\/wp-content\\\/uploads\\\/2017\\\/08\\\/logo.png\",\"width\":323,\"height\":50,\"caption\":\"Kamoto S.R.L.\"},\"image\":{\"@id\":\"https:\\\/\\\/kamoto.md\\\/ro\\\/#\\\/schema\\\/logo\\\/image\\\/\"}}]}<\/script>\n<!-- \/ Yoast SEO plugin. -->","yoast_head_json":{"title":"Motocoase - Motocoas\u0103 pe benzin\u0103 KAMOTO T436C - Kamoto.md","robots":{"index":"index","follow":"follow","max-snippet":"max-snippet:-1","max-image-preview":"max-image-preview:large","max-video-preview":"max-video-preview:-1"},"canonical":"https:\/\/kamoto.md\/ro\/shop\/scule-si-unelte-de-gradinarit\/motocoase\/motocoasa-pe-benzina-kamoto-t436c\/","og_locale":"ro_RO","og_type":"article","og_title":"Motocoase - Motocoas\u0103 pe benzin\u0103 KAMOTO T436C - Kamoto.md","og_description":"Cilindree motor: 36 cm\u00b3 Putere: 1,3 CP \/ 1 kW Tura\u021bii pe minut: 6500 Tip motor: Benzin\u0103 \u00een patru timpi Tip combustibil: Benzin\u0103 A-95 Arbore de transmisie: Rigid \/ 1 kW Tura\u021bie: 6500 Tip motor: Benzin\u0103 \u00een patru timpi Tip combustibil: Benzin\u0103 A-95 Arbore de transmisie: Rigid Diametrul bra\u021bului: 26 mm Tip m\u00e2ner: U Tip bra\u021b: bra\u021b DISPLACEMENT M\u00e2ner: 460 mm Diametru linie de t\u0103iere: 2.0 - 3.0 mm Diametru lam\u0103: 255 mm Elemente de t\u0103iere incluse: 1. bobin\u0103 de nailon cu fir de pescuit, 2. 3. lam\u0103 metalic\u0103 cu 3 lame. lam\u0103 3. Lam\u0103 de fer\u0103str\u0103u cu 40 de din\u021bi Sistem anti-vibra\u021bii: Da Curea de rucsac pentru motocoas\u0103: Da Num\u0103rul canelurilor arborelui interior: 9 Capacitatea rezervorului de combustibil: 0,63 litri Capacitatea carterului (ulei 10W-40): 100 gr Greutate: 9.0 kg","og_url":"https:\/\/kamoto.md\/ro\/shop\/scule-si-unelte-de-gradinarit\/motocoase\/motocoasa-pe-benzina-kamoto-t436c\/","og_site_name":"Kamoto.md","article_modified_time":"2026-02-27T11:15:34+00:00","og_image":[{"width":1000,"height":1000,"url":"https:\/\/kamoto.md\/wp-content\/uploads\/2021\/05\/logo2.png","type":"image\/png"}],"twitter_card":"summary_large_image","twitter_misc":{"Timp estimat pentru citire":"3 minute"},"schema":{"@context":"https:\/\/schema.org","@graph":[{"@type":["WebPage","ItemPage"],"@id":"https:\/\/kamoto.md\/ro\/shop\/scule-si-unelte-de-gradinarit\/motocoase\/motocoasa-pe-benzina-kamoto-t436c\/","url":"https:\/\/kamoto.md\/ro\/shop\/scule-si-unelte-de-gradinarit\/motocoase\/motocoasa-pe-benzina-kamoto-t436c\/","name":"Motocoase - Motocoas\u0103 pe benzin\u0103 KAMOTO T436C - Kamoto.md","isPartOf":{"@id":"https:\/\/kamoto.md\/ro\/#website"},"primaryImageOfPage":{"@id":"https:\/\/kamoto.md\/ro\/shop\/scule-si-unelte-de-gradinarit\/motocoase\/motocoasa-pe-benzina-kamoto-t436c\/#primaryimage"},"image":{"@id":"https:\/\/kamoto.md\/ro\/shop\/scule-si-unelte-de-gradinarit\/motocoase\/motocoasa-pe-benzina-kamoto-t436c\/#primaryimage"},"thumbnailUrl":"https:\/\/kamoto.md\/wp-content\/uploads\/2020\/10\/G.O_21.10.2020-32-1.jpg","datePublished":"2020-10-29T01:26:17+00:00","dateModified":"2026-02-27T11:15:34+00:00","breadcrumb":{"@id":"https:\/\/kamoto.md\/ro\/shop\/scule-si-unelte-de-gradinarit\/motocoase\/motocoasa-pe-benzina-kamoto-t436c\/#breadcrumb"},"inLanguage":"ro-RO","potentialAction":[{"@type":"ReadAction","target":["https:\/\/kamoto.md\/ro\/shop\/scule-si-unelte-de-gradinarit\/motocoase\/motocoasa-pe-benzina-kamoto-t436c\/"]}]},{"@type":"ImageObject","inLanguage":"ro-RO","@id":"https:\/\/kamoto.md\/ro\/shop\/scule-si-unelte-de-gradinarit\/motocoase\/motocoasa-pe-benzina-kamoto-t436c\/#primaryimage","url":"https:\/\/kamoto.md\/wp-content\/uploads\/2020\/10\/G.O_21.10.2020-32-1.jpg","contentUrl":"https:\/\/kamoto.md\/wp-content\/uploads\/2020\/10\/G.O_21.10.2020-32-1.jpg","width":1000,"height":1000},{"@type":"BreadcrumbList","@id":"https:\/\/kamoto.md\/ro\/shop\/scule-si-unelte-de-gradinarit\/motocoase\/motocoasa-pe-benzina-kamoto-t436c\/#breadcrumb","itemListElement":[{"@type":"ListItem","position":1,"name":"\u0413\u043b\u0430\u0432\u043d\u0430\u044f \u0441\u0442\u0440\u0430\u043d\u0438\u0446\u0430","item":"https:\/\/kamoto.md\/ro\/"},{"@type":"ListItem","position":2,"name":"Catalog","item":"https:\/\/kamoto.md\/ro\/catalog\/"},{"@type":"ListItem","position":3,"name":"Instrumente \u0219i unelte de gr\u0103din\u0103rit","item":"https:\/\/kamoto.md\/ro\/catalog\/scule-si-unelte-de-gradinarit\/"},{"@type":"ListItem","position":4,"name":"Motocoase","item":"https:\/\/kamoto.md\/ro\/catalog\/scule-si-unelte-de-gradinarit\/motocoase\/"},{"@type":"ListItem","position":5,"name":"Motocoas\u0103 pe benzin\u0103 KAMOTO T436C"}]},{"@type":"WebSite","@id":"https:\/\/kamoto.md\/ro\/#website","url":"https:\/\/kamoto.md\/ro\/","name":"Kamoto.MD","description":"\u0418\u043d\u0442\u0435\u0440\u043d\u0435\u0442 \u043c\u0430\u0433\u0430\u0437\u0438\u043d \u044d\u043b\u0435\u043a\u0442\u0440\u043e\u0438\u043d\u0441\u0442\u0440\u0443\u043c\u0435\u043d\u0442\u0430, \u0441\u0430\u0434\u043e\u0432\u043e\u0439 \u0438 \u0441\u0438\u043b\u043e\u0432\u043e\u0439 \u0442\u0435\u0445\u043d\u0438\u043a\u0438.","publisher":{"@id":"https:\/\/kamoto.md\/ro\/#organization"},"potentialAction":[{"@type":"SearchAction","target":{"@type":"EntryPoint","urlTemplate":"https:\/\/kamoto.md\/ro\/?s={search_term_string}"},"query-input":{"@type":"PropertyValueSpecification","valueRequired":true,"valueName":"search_term_string"}}],"inLanguage":"ro-RO"},{"@type":"Organization","@id":"https:\/\/kamoto.md\/ro\/#organization","name":"Kamoto S.R.L.","url":"https:\/\/kamoto.md\/ro\/","logo":{"@type":"ImageObject","inLanguage":"ro-RO","@id":"https:\/\/kamoto.md\/ro\/#\/schema\/logo\/image\/","url":"https:\/\/kamoto.md\/wp-content\/uploads\/2017\/08\/logo.png","contentUrl":"https:\/\/kamoto.md\/wp-content\/uploads\/2017\/08\/logo.png","width":323,"height":50,"caption":"Kamoto S.R.L."},"image":{"@id":"https:\/\/kamoto.md\/ro\/#\/schema\/logo\/image\/"}}]}},"_links":{"self":[{"href":"https:\/\/kamoto.md\/ro\/wp-json\/wp\/v2\/product\/13809","targetHints":{"allow":["GET"]}}],"collection":[{"href":"https:\/\/kamoto.md\/ro\/wp-json\/wp\/v2\/product"}],"about":[{"href":"https:\/\/kamoto.md\/ro\/wp-json\/wp\/v2\/types\/product"}],"wp:featuredmedia":[{"embeddable":true,"href":"https:\/\/kamoto.md\/ro\/wp-json\/wp\/v2\/media\/9801"}],"wp:attachment":[{"href":"https:\/\/kamoto.md\/ro\/wp-json\/wp\/v2\/media?parent=13809"}],"wp:term":[{"taxonomy":"product_brand","embeddable":true,"href":"https:\/\/kamoto.md\/ro\/wp-json\/wp\/v2\/product_brand?post=13809"},{"taxonomy":"product_cat","embeddable":true,"href":"https:\/\/kamoto.md\/ro\/wp-json\/wp\/v2\/product_cat?post=13809"},{"taxonomy":"product_tag","embeddable":true,"href":"https:\/\/kamoto.md\/ro\/wp-json\/wp\/v2\/product_tag?post=13809"}],"curies":[{"name":"wp","href":"https:\/\/api.w.org\/{rel}","templated":true}]}}