{"id":14468,"date":"2026-02-10T10:10:46","date_gmt":"2026-02-10T08:10:46","guid":{"rendered":"https:\/\/kamoto.md\/?post_type=product&#038;p=14468"},"modified":"2026-03-23T12:04:07","modified_gmt":"2026-03-23T10:04:07","slug":"fier-str-u-pe-acumulator-kamoto-sb600-f-r-acumulator-i-nc-rc-tor","status":"publish","type":"product","link":"https:\/\/kamoto.md\/ro\/shop\/scule-si-unelte-de-gradinarit\/ferestraie\/fier-str-u-pe-acumulator-kamoto-sb600-f-r-acumulator-i-nc-rc-tor\/","title":{"rendered":"Fier\u0103str\u0103u pe acumulator KAMOTO SB600 (f\u0103r\u0103 acumulator \u0219i \u00eenc\u0103rc\u0103tor)"},"content":{"rendered":"<div class=\"wpb-content-wrapper\"><p>[vc_row][vc_column][vc_column_text css=&#8221;&#8221; woodmart_inline=&#8221;no&#8221; text_larger=&#8221;no&#8221;]<\/p>\n<div class=\"flex flex-col text-sm pb-25\">\n<article class=\"text-token-text-primary w-full focus:outline-none [--shadow-height:45px] has-data-writing-block:pointer-events-none has-data-writing-block:-mt-(--shadow-height) has-data-writing-block:pt-(--shadow-height) [&amp;:has([data-writing-block])&gt;*]:pointer-events-auto scroll-mt-[calc(var(--header-height)+min(200px,max(70px,20svh)))]\" dir=\"auto\" tabindex=\"-1\" data-turn-id=\"115ba3e9-30d3-42b2-a1e1-8b144a1050f8\" data-testid=\"conversation-turn-16\" data-scroll-anchor=\"true\" data-turn=\"assistant\">\n<div class=\"text-base my-auto mx-auto pb-10 [--thread-content-margin:--spacing(4)] @w-sm\/main:[--thread-content-margin:--spacing(6)] @w-lg\/main:[--thread-content-margin:--spacing(16)] px-(--thread-content-margin)\">\n<div class=\"[--thread-content-max-width:40rem] @w-lg\/main:[--thread-content-max-width:48rem] mx-auto max-w-(--thread-content-max-width) flex-1 group\/turn-messages focus-visible:outline-hidden relative flex w-full min-w-0 flex-col agent-turn\" tabindex=\"-1\">\n<div class=\"flex max-w-full flex-col grow\">\n<div class=\"min-h-8 text-message relative flex w-full flex-col items-end gap-2 text-start break-words whitespace-normal [.text-message+&amp;]:mt-1\" dir=\"auto\" data-message-author-role=\"assistant\" data-message-id=\"f1e982d9-ab23-4bec-a303-130bf6293014\" data-message-model-slug=\"gpt-5-2\">\n<div class=\"flex w-full flex-col gap-1 empty:hidden first:pt-[1px]\">\n<div class=\"markdown prose dark:prose-invert w-full wrap-break-word light markdown-new-styling\">\n<p data-start=\"0\" data-end=\"544\"><strong data-start=\"0\" data-end=\"41\">Fier\u0103str\u0103u pe acumulator KAMOTO SB600<\/strong> \u2014 un instrument compact \u0219i puternic, echipat cu motor f\u0103r\u0103 perii, care asigur\u0103 performan\u021b\u0103 ridicat\u0103, consum eficient de energie \u0219i durat\u0103 lung\u0103 de via\u021b\u0103. Func\u021bioneaz\u0103 cu acumulator de 20 V, este dotat cu o lam\u0103 de 30 cm \u0219i lan\u021b cu pas de 1\/4\u2033, oferind o t\u0103iere curat\u0103, precis\u0103 \u0219i rapid\u0103. Fier\u0103str\u0103ul este livrat \u00eentr-un valiz\u0103 rezistent\u0103, care faciliteaz\u0103 depozitarea, transportul \u0219i asigur\u0103 mobilitate sporit\u0103 \u00een timpul lucrului \u00een diferite loca\u021bii. Produsul se livreaz\u0103 f\u0103r\u0103 acumulator \u0219i \u00eenc\u0103rc\u0103tor.<\/p>\n<p data-start=\"546\" data-end=\"785\" data-is-last-node=\"\" data-is-only-node=\"\"><strong data-start=\"546\" data-end=\"560\">Utilizare:<\/strong><br data-start=\"560\" data-end=\"563\" \/>Ideal pentru t\u0103ierea lemnelor de foc, cur\u0103\u021barea \u0219i toaletarea crengilor, lucr\u0103ri de gr\u0103din\u0103rit, preg\u0103tirea materialului lemnos, precum \u0219i pentru lucr\u0103ri u\u0219oare de construc\u021bie \u0219i \u00eentre\u021binere acas\u0103, la caban\u0103 sau \u00een atelier.<\/p>\n<\/div>\n<\/div>\n<\/div>\n<\/div>\n<div class=\"z-0 flex min-h-[46px] justify-start\"><\/div>\n<div class=\"mt-3 w-full empty:hidden\">\n<div class=\"text-center\"><\/div>\n<\/div>\n<\/div>\n<\/div>\n<\/article>\n<\/div>\n<div class=\"pointer-events-none h-px w-px absolute bottom-0\" aria-hidden=\"true\" data-edge=\"true\"><\/div>\n<p>[\/vc_column_text][\/vc_column][\/vc_row]<\/p>\n<\/div>","protected":false},"excerpt":{"rendered":"<p>Putere nominal\u0103: 600 W<br \/>\nTensiune de lucru: 20 V<br \/>\nTip motor: f\u0103r\u0103 perii (brushless)<br \/>\nLungime \u0219in\u0103: 12\u2033 \/ 30 cm<br \/>\nLan\u021b: 62 zale<br \/>\nPas lan\u021b: 1\/4\u2033<br \/>\nGrosime zale: 0.043\u2033<br \/>\nVitez\u0103 lan\u021b: 5000 rpm<\/p>\n","protected":false},"featured_media":14458,"template":"","meta":[],"product_brand":[],"product_cat":[296],"product_tag":[],"class_list":{"0":"post-14468","1":"product","2":"type-product","3":"status-publish","4":"has-post-thumbnail","6":"product_cat-ferestraie","8":"first","9":"instock","10":"sale","11":"shipping-taxable","12":"purchasable","13":"product-type-simple"},"yoast_head":"<!-- This site is optimized with the Yoast SEO plugin v27.3 - https:\/\/yoast.com\/product\/yoast-seo-wordpress\/ -->\n<title>Fier\u0103straie - Fier\u0103str\u0103u pe acumulator KAMOTO SB600 (f\u0103r\u0103 acumulator \u0219i \u00eenc\u0103rc\u0103tor) - Kamoto.md<\/title>\n<meta name=\"robots\" content=\"index, follow, max-snippet:-1, max-image-preview:large, max-video-preview:-1\" \/>\n<link rel=\"canonical\" href=\"https:\/\/kamoto.md\/ro\/shop\/scule-si-unelte-de-gradinarit\/ferestraie\/fier-str-u-pe-acumulator-kamoto-sb600-f-r-acumulator-i-nc-rc-tor\/\" \/>\n<meta property=\"og:locale\" content=\"ro_RO\" \/>\n<meta property=\"og:type\" content=\"article\" \/>\n<meta property=\"og:title\" content=\"Fier\u0103straie - Fier\u0103str\u0103u pe acumulator KAMOTO SB600 (f\u0103r\u0103 acumulator \u0219i \u00eenc\u0103rc\u0103tor) - Kamoto.md\" \/>\n<meta property=\"og:description\" content=\"Putere nominal\u0103: 600 W Tensiune de lucru: 20 V Tip motor: f\u0103r\u0103 perii (brushless) Lungime \u0219in\u0103: 12\u2033 \/ 30 cm Lan\u021b: 62 zale Pas lan\u021b: 1\/4\u2033 Grosime zale: 0.043\u2033 Vitez\u0103 lan\u021b: 5000 rpm\" \/>\n<meta property=\"og:url\" content=\"https:\/\/kamoto.md\/ro\/shop\/scule-si-unelte-de-gradinarit\/ferestraie\/fier-str-u-pe-acumulator-kamoto-sb600-f-r-acumulator-i-nc-rc-tor\/\" \/>\n<meta property=\"og:site_name\" content=\"Kamoto.md\" \/>\n<meta property=\"article:modified_time\" content=\"2026-03-23T10:04:07+00:00\" \/>\n<meta property=\"og:image\" content=\"https:\/\/kamoto.md\/wp-content\/uploads\/2021\/05\/logo2.png\" \/>\n\t<meta property=\"og:image:width\" content=\"1000\" \/>\n\t<meta property=\"og:image:height\" content=\"1000\" \/>\n\t<meta property=\"og:image:type\" content=\"image\/png\" \/>\n<meta name=\"twitter:card\" content=\"summary_large_image\" \/>\n<meta name=\"twitter:label1\" content=\"Timp estimat pentru citire\" \/>\n\t<meta name=\"twitter:data1\" content=\"1 minut\" \/>\n<script type=\"application\/ld+json\" class=\"yoast-schema-graph\">{\"@context\":\"https:\\\/\\\/schema.org\",\"@graph\":[{\"@type\":[\"WebPage\",\"ItemPage\"],\"@id\":\"https:\\\/\\\/kamoto.md\\\/ro\\\/shop\\\/scule-si-unelte-de-gradinarit\\\/ferestraie\\\/fier-str-u-pe-acumulator-kamoto-sb600-f-r-acumulator-i-nc-rc-tor\\\/\",\"url\":\"https:\\\/\\\/kamoto.md\\\/ro\\\/shop\\\/scule-si-unelte-de-gradinarit\\\/ferestraie\\\/fier-str-u-pe-acumulator-kamoto-sb600-f-r-acumulator-i-nc-rc-tor\\\/\",\"name\":\"Fier\u0103straie - Fier\u0103str\u0103u pe acumulator KAMOTO SB600 (f\u0103r\u0103 acumulator \u0219i \u00eenc\u0103rc\u0103tor) - Kamoto.md\",\"isPartOf\":{\"@id\":\"https:\\\/\\\/kamoto.md\\\/ro\\\/#website\"},\"primaryImageOfPage\":{\"@id\":\"https:\\\/\\\/kamoto.md\\\/ro\\\/shop\\\/scule-si-unelte-de-gradinarit\\\/ferestraie\\\/fier-str-u-pe-acumulator-kamoto-sb600-f-r-acumulator-i-nc-rc-tor\\\/#primaryimage\"},\"image\":{\"@id\":\"https:\\\/\\\/kamoto.md\\\/ro\\\/shop\\\/scule-si-unelte-de-gradinarit\\\/ferestraie\\\/fier-str-u-pe-acumulator-kamoto-sb600-f-r-acumulator-i-nc-rc-tor\\\/#primaryimage\"},\"thumbnailUrl\":\"https:\\\/\\\/kamoto.md\\\/wp-content\\\/uploads\\\/2026\\\/02\\\/15.png\",\"datePublished\":\"2026-02-10T08:10:46+00:00\",\"dateModified\":\"2026-03-23T10:04:07+00:00\",\"breadcrumb\":{\"@id\":\"https:\\\/\\\/kamoto.md\\\/ro\\\/shop\\\/scule-si-unelte-de-gradinarit\\\/ferestraie\\\/fier-str-u-pe-acumulator-kamoto-sb600-f-r-acumulator-i-nc-rc-tor\\\/#breadcrumb\"},\"inLanguage\":\"ro-RO\",\"potentialAction\":[{\"@type\":\"ReadAction\",\"target\":[\"https:\\\/\\\/kamoto.md\\\/ro\\\/shop\\\/scule-si-unelte-de-gradinarit\\\/ferestraie\\\/fier-str-u-pe-acumulator-kamoto-sb600-f-r-acumulator-i-nc-rc-tor\\\/\"]}]},{\"@type\":\"ImageObject\",\"inLanguage\":\"ro-RO\",\"@id\":\"https:\\\/\\\/kamoto.md\\\/ro\\\/shop\\\/scule-si-unelte-de-gradinarit\\\/ferestraie\\\/fier-str-u-pe-acumulator-kamoto-sb600-f-r-acumulator-i-nc-rc-tor\\\/#primaryimage\",\"url\":\"https:\\\/\\\/kamoto.md\\\/wp-content\\\/uploads\\\/2026\\\/02\\\/15.png\",\"contentUrl\":\"https:\\\/\\\/kamoto.md\\\/wp-content\\\/uploads\\\/2026\\\/02\\\/15.png\",\"width\":1000,\"height\":1000,\"caption\":\"KAMOTO SB600\"},{\"@type\":\"BreadcrumbList\",\"@id\":\"https:\\\/\\\/kamoto.md\\\/ro\\\/shop\\\/scule-si-unelte-de-gradinarit\\\/ferestraie\\\/fier-str-u-pe-acumulator-kamoto-sb600-f-r-acumulator-i-nc-rc-tor\\\/#breadcrumb\",\"itemListElement\":[{\"@type\":\"ListItem\",\"position\":1,\"name\":\"\u0413\u043b\u0430\u0432\u043d\u0430\u044f \u0441\u0442\u0440\u0430\u043d\u0438\u0446\u0430\",\"item\":\"https:\\\/\\\/kamoto.md\\\/ro\\\/\"},{\"@type\":\"ListItem\",\"position\":2,\"name\":\"Catalog\",\"item\":\"https:\\\/\\\/kamoto.md\\\/ro\\\/catalog\\\/\"},{\"@type\":\"ListItem\",\"position\":3,\"name\":\"Instrumente \u0219i unelte de gr\u0103din\u0103rit\",\"item\":\"https:\\\/\\\/kamoto.md\\\/ro\\\/catalog\\\/scule-si-unelte-de-gradinarit\\\/\"},{\"@type\":\"ListItem\",\"position\":4,\"name\":\"Fier\u0103straie\",\"item\":\"https:\\\/\\\/kamoto.md\\\/ro\\\/catalog\\\/scule-si-unelte-de-gradinarit\\\/ferestraie\\\/\"},{\"@type\":\"ListItem\",\"position\":5,\"name\":\"Fier\u0103str\u0103u pe acumulator KAMOTO SB600 (f\u0103r\u0103 acumulator \u0219i \u00eenc\u0103rc\u0103tor)\"}]},{\"@type\":\"WebSite\",\"@id\":\"https:\\\/\\\/kamoto.md\\\/ro\\\/#website\",\"url\":\"https:\\\/\\\/kamoto.md\\\/ro\\\/\",\"name\":\"Kamoto.MD\",\"description\":\"\u0418\u043d\u0442\u0435\u0440\u043d\u0435\u0442 \u043c\u0430\u0433\u0430\u0437\u0438\u043d \u044d\u043b\u0435\u043a\u0442\u0440\u043e\u0438\u043d\u0441\u0442\u0440\u0443\u043c\u0435\u043d\u0442\u0430, \u0441\u0430\u0434\u043e\u0432\u043e\u0439 \u0438 \u0441\u0438\u043b\u043e\u0432\u043e\u0439 \u0442\u0435\u0445\u043d\u0438\u043a\u0438.\",\"publisher\":{\"@id\":\"https:\\\/\\\/kamoto.md\\\/ro\\\/#organization\"},\"potentialAction\":[{\"@type\":\"SearchAction\",\"target\":{\"@type\":\"EntryPoint\",\"urlTemplate\":\"https:\\\/\\\/kamoto.md\\\/ro\\\/?s={search_term_string}\"},\"query-input\":{\"@type\":\"PropertyValueSpecification\",\"valueRequired\":true,\"valueName\":\"search_term_string\"}}],\"inLanguage\":\"ro-RO\"},{\"@type\":\"Organization\",\"@id\":\"https:\\\/\\\/kamoto.md\\\/ro\\\/#organization\",\"name\":\"Kamoto S.R.L.\",\"url\":\"https:\\\/\\\/kamoto.md\\\/ro\\\/\",\"logo\":{\"@type\":\"ImageObject\",\"inLanguage\":\"ro-RO\",\"@id\":\"https:\\\/\\\/kamoto.md\\\/ro\\\/#\\\/schema\\\/logo\\\/image\\\/\",\"url\":\"https:\\\/\\\/kamoto.md\\\/wp-content\\\/uploads\\\/2017\\\/08\\\/logo.png\",\"contentUrl\":\"https:\\\/\\\/kamoto.md\\\/wp-content\\\/uploads\\\/2017\\\/08\\\/logo.png\",\"width\":323,\"height\":50,\"caption\":\"Kamoto S.R.L.\"},\"image\":{\"@id\":\"https:\\\/\\\/kamoto.md\\\/ro\\\/#\\\/schema\\\/logo\\\/image\\\/\"}}]}<\/script>\n<!-- \/ Yoast SEO plugin. -->","yoast_head_json":{"title":"Fier\u0103straie - Fier\u0103str\u0103u pe acumulator KAMOTO SB600 (f\u0103r\u0103 acumulator \u0219i \u00eenc\u0103rc\u0103tor) - Kamoto.md","robots":{"index":"index","follow":"follow","max-snippet":"max-snippet:-1","max-image-preview":"max-image-preview:large","max-video-preview":"max-video-preview:-1"},"canonical":"https:\/\/kamoto.md\/ro\/shop\/scule-si-unelte-de-gradinarit\/ferestraie\/fier-str-u-pe-acumulator-kamoto-sb600-f-r-acumulator-i-nc-rc-tor\/","og_locale":"ro_RO","og_type":"article","og_title":"Fier\u0103straie - Fier\u0103str\u0103u pe acumulator KAMOTO SB600 (f\u0103r\u0103 acumulator \u0219i \u00eenc\u0103rc\u0103tor) - Kamoto.md","og_description":"Putere nominal\u0103: 600 W Tensiune de lucru: 20 V Tip motor: f\u0103r\u0103 perii (brushless) Lungime \u0219in\u0103: 12\u2033 \/ 30 cm Lan\u021b: 62 zale Pas lan\u021b: 1\/4\u2033 Grosime zale: 0.043\u2033 Vitez\u0103 lan\u021b: 5000 rpm","og_url":"https:\/\/kamoto.md\/ro\/shop\/scule-si-unelte-de-gradinarit\/ferestraie\/fier-str-u-pe-acumulator-kamoto-sb600-f-r-acumulator-i-nc-rc-tor\/","og_site_name":"Kamoto.md","article_modified_time":"2026-03-23T10:04:07+00:00","og_image":[{"width":1000,"height":1000,"url":"https:\/\/kamoto.md\/wp-content\/uploads\/2021\/05\/logo2.png","type":"image\/png"}],"twitter_card":"summary_large_image","twitter_misc":{"Timp estimat pentru citire":"1 minut"},"schema":{"@context":"https:\/\/schema.org","@graph":[{"@type":["WebPage","ItemPage"],"@id":"https:\/\/kamoto.md\/ro\/shop\/scule-si-unelte-de-gradinarit\/ferestraie\/fier-str-u-pe-acumulator-kamoto-sb600-f-r-acumulator-i-nc-rc-tor\/","url":"https:\/\/kamoto.md\/ro\/shop\/scule-si-unelte-de-gradinarit\/ferestraie\/fier-str-u-pe-acumulator-kamoto-sb600-f-r-acumulator-i-nc-rc-tor\/","name":"Fier\u0103straie - Fier\u0103str\u0103u pe acumulator KAMOTO SB600 (f\u0103r\u0103 acumulator \u0219i \u00eenc\u0103rc\u0103tor) - Kamoto.md","isPartOf":{"@id":"https:\/\/kamoto.md\/ro\/#website"},"primaryImageOfPage":{"@id":"https:\/\/kamoto.md\/ro\/shop\/scule-si-unelte-de-gradinarit\/ferestraie\/fier-str-u-pe-acumulator-kamoto-sb600-f-r-acumulator-i-nc-rc-tor\/#primaryimage"},"image":{"@id":"https:\/\/kamoto.md\/ro\/shop\/scule-si-unelte-de-gradinarit\/ferestraie\/fier-str-u-pe-acumulator-kamoto-sb600-f-r-acumulator-i-nc-rc-tor\/#primaryimage"},"thumbnailUrl":"https:\/\/kamoto.md\/wp-content\/uploads\/2026\/02\/15.png","datePublished":"2026-02-10T08:10:46+00:00","dateModified":"2026-03-23T10:04:07+00:00","breadcrumb":{"@id":"https:\/\/kamoto.md\/ro\/shop\/scule-si-unelte-de-gradinarit\/ferestraie\/fier-str-u-pe-acumulator-kamoto-sb600-f-r-acumulator-i-nc-rc-tor\/#breadcrumb"},"inLanguage":"ro-RO","potentialAction":[{"@type":"ReadAction","target":["https:\/\/kamoto.md\/ro\/shop\/scule-si-unelte-de-gradinarit\/ferestraie\/fier-str-u-pe-acumulator-kamoto-sb600-f-r-acumulator-i-nc-rc-tor\/"]}]},{"@type":"ImageObject","inLanguage":"ro-RO","@id":"https:\/\/kamoto.md\/ro\/shop\/scule-si-unelte-de-gradinarit\/ferestraie\/fier-str-u-pe-acumulator-kamoto-sb600-f-r-acumulator-i-nc-rc-tor\/#primaryimage","url":"https:\/\/kamoto.md\/wp-content\/uploads\/2026\/02\/15.png","contentUrl":"https:\/\/kamoto.md\/wp-content\/uploads\/2026\/02\/15.png","width":1000,"height":1000,"caption":"KAMOTO SB600"},{"@type":"BreadcrumbList","@id":"https:\/\/kamoto.md\/ro\/shop\/scule-si-unelte-de-gradinarit\/ferestraie\/fier-str-u-pe-acumulator-kamoto-sb600-f-r-acumulator-i-nc-rc-tor\/#breadcrumb","itemListElement":[{"@type":"ListItem","position":1,"name":"\u0413\u043b\u0430\u0432\u043d\u0430\u044f \u0441\u0442\u0440\u0430\u043d\u0438\u0446\u0430","item":"https:\/\/kamoto.md\/ro\/"},{"@type":"ListItem","position":2,"name":"Catalog","item":"https:\/\/kamoto.md\/ro\/catalog\/"},{"@type":"ListItem","position":3,"name":"Instrumente \u0219i unelte de gr\u0103din\u0103rit","item":"https:\/\/kamoto.md\/ro\/catalog\/scule-si-unelte-de-gradinarit\/"},{"@type":"ListItem","position":4,"name":"Fier\u0103straie","item":"https:\/\/kamoto.md\/ro\/catalog\/scule-si-unelte-de-gradinarit\/ferestraie\/"},{"@type":"ListItem","position":5,"name":"Fier\u0103str\u0103u pe acumulator KAMOTO SB600 (f\u0103r\u0103 acumulator \u0219i \u00eenc\u0103rc\u0103tor)"}]},{"@type":"WebSite","@id":"https:\/\/kamoto.md\/ro\/#website","url":"https:\/\/kamoto.md\/ro\/","name":"Kamoto.MD","description":"\u0418\u043d\u0442\u0435\u0440\u043d\u0435\u0442 \u043c\u0430\u0433\u0430\u0437\u0438\u043d \u044d\u043b\u0435\u043a\u0442\u0440\u043e\u0438\u043d\u0441\u0442\u0440\u0443\u043c\u0435\u043d\u0442\u0430, \u0441\u0430\u0434\u043e\u0432\u043e\u0439 \u0438 \u0441\u0438\u043b\u043e\u0432\u043e\u0439 \u0442\u0435\u0445\u043d\u0438\u043a\u0438.","publisher":{"@id":"https:\/\/kamoto.md\/ro\/#organization"},"potentialAction":[{"@type":"SearchAction","target":{"@type":"EntryPoint","urlTemplate":"https:\/\/kamoto.md\/ro\/?s={search_term_string}"},"query-input":{"@type":"PropertyValueSpecification","valueRequired":true,"valueName":"search_term_string"}}],"inLanguage":"ro-RO"},{"@type":"Organization","@id":"https:\/\/kamoto.md\/ro\/#organization","name":"Kamoto S.R.L.","url":"https:\/\/kamoto.md\/ro\/","logo":{"@type":"ImageObject","inLanguage":"ro-RO","@id":"https:\/\/kamoto.md\/ro\/#\/schema\/logo\/image\/","url":"https:\/\/kamoto.md\/wp-content\/uploads\/2017\/08\/logo.png","contentUrl":"https:\/\/kamoto.md\/wp-content\/uploads\/2017\/08\/logo.png","width":323,"height":50,"caption":"Kamoto S.R.L."},"image":{"@id":"https:\/\/kamoto.md\/ro\/#\/schema\/logo\/image\/"}}]}},"_links":{"self":[{"href":"https:\/\/kamoto.md\/ro\/wp-json\/wp\/v2\/product\/14468","targetHints":{"allow":["GET"]}}],"collection":[{"href":"https:\/\/kamoto.md\/ro\/wp-json\/wp\/v2\/product"}],"about":[{"href":"https:\/\/kamoto.md\/ro\/wp-json\/wp\/v2\/types\/product"}],"wp:featuredmedia":[{"embeddable":true,"href":"https:\/\/kamoto.md\/ro\/wp-json\/wp\/v2\/media\/14458"}],"wp:attachment":[{"href":"https:\/\/kamoto.md\/ro\/wp-json\/wp\/v2\/media?parent=14468"}],"wp:term":[{"taxonomy":"product_brand","embeddable":true,"href":"https:\/\/kamoto.md\/ro\/wp-json\/wp\/v2\/product_brand?post=14468"},{"taxonomy":"product_cat","embeddable":true,"href":"https:\/\/kamoto.md\/ro\/wp-json\/wp\/v2\/product_cat?post=14468"},{"taxonomy":"product_tag","embeddable":true,"href":"https:\/\/kamoto.md\/ro\/wp-json\/wp\/v2\/product_tag?post=14468"}],"curies":[{"name":"wp","href":"https:\/\/api.w.org\/{rel}","templated":true}]}}