{"id":14485,"date":"2026-02-10T10:26:55","date_gmt":"2026-02-10T08:26:55","guid":{"rendered":"https:\/\/kamoto.md\/?post_type=product&#038;p=14485"},"modified":"2026-02-27T15:36:49","modified_gmt":"2026-02-27T13:36:49","slug":"fier-str-u-pe-acumulator-kamoto-sb1200b-cu-1-acumulator-i-1-nc-rc-tor","status":"publish","type":"product","link":"https:\/\/kamoto.md\/ro\/shop\/scule-si-unelte-de-gradinarit\/ferestraie\/fier-str-u-pe-acumulator-kamoto-sb1200b-cu-1-acumulator-i-1-nc-rc-tor\/","title":{"rendered":"Fier\u0103str\u0103u pe acumulator KAMOTO SB1200B (cu 1 acumulator \u0219i 1 \u00eenc\u0103rc\u0103tor)"},"content":{"rendered":"<div class=\"wpb-content-wrapper\"><p>[vc_row][vc_column][vc_column_text css=&#8221;&#8221; woodmart_inline=&#8221;no&#8221; text_larger=&#8221;no&#8221;]<\/p>\n<p data-start=\"1006\" data-end=\"1663\"><strong data-start=\"1006\" data-end=\"1049\">Fier\u0103str\u0103u pe acumulator KAMOTO SB1200B<\/strong> \u2014 un instrument puternic, echipat cu motor f\u0103r\u0103 perii, conceput pentru lucr\u0103ri intensive cu lemnul. Acumulatorul de 40 V asigur\u0103 putere stabil\u0103 \u0219i performan\u021b\u0103 ridicat\u0103 chiar \u0219i la sarcini mari. \u0218ina de 40 cm \u0219i lan\u021bul cu pas de 1\/4\u2033 permit o t\u0103iere rapid\u0103 \u0219i precis\u0103. Fier\u0103str\u0103ul are o construc\u021bie ergonomic\u0103 \u0219i bine echilibrat\u0103, oferind confort \u00een utilizare. Setul include 1 acumulator \u0219i 1 \u00eenc\u0103rc\u0103tor. Valiza nu este inclus\u0103. De asemenea, setul include un adaptor pentru conectarea acumulatorului tip rucsac <a href=\"https:\/\/kamoto.md\/ro\/shop\/accesorii\/acumulatoare\/akkumulyator-ryukzak-kamoto-b4020\/\"><strong data-start=\"1560\" data-end=\"1576\">KAMOTO B4020<\/strong><\/a>, care asigur\u0103 un timp de func\u021bionare mai \u00eendelungat \u0219i un confort sporit \u00een utilizare.<\/p>\n<p data-start=\"1665\" data-end=\"1906\" data-is-last-node=\"\" data-is-only-node=\"\"><strong data-start=\"1665\" data-end=\"1679\">Utilizare:<\/strong><br data-start=\"1679\" data-end=\"1682\" \/>Potrivit pentru t\u0103ierea lemnelor de foc, cur\u0103\u021barea \u0219i toaletarea crengilor, lucr\u0103ri de gr\u0103din\u0103rit, preg\u0103tirea materialului lemnos, precum \u0219i pentru lucr\u0103ri de construc\u021bie \u0219i \u00eentre\u021binere \u00een gospod\u0103rie, la caban\u0103 sau pe teren.<\/p>\n<p>[\/vc_column_text][\/vc_column][\/vc_row]<\/p>\n<\/div>","protected":false},"excerpt":{"rendered":"<p>Putere motor: 1200 W (max. 2000 W)<br \/>\nTensiune: 40 V<br \/>\nTip motor: f\u0103r\u0103 perii<br \/>\nLungime \u0219in\u0103: 16\u2033 \/ 40 cm<br \/>\nLan\u021b: 78 zale, pas 1\/4&#8243;, grosime 0,043&#8243;<br \/>\nVitez\u0103 lan\u021b: 5000 rpm<\/p>\n","protected":false},"featured_media":14475,"template":"","meta":[],"product_brand":[],"product_cat":[296],"product_tag":[],"class_list":{"0":"post-14485","1":"product","2":"type-product","3":"status-publish","4":"has-post-thumbnail","6":"product_cat-ferestraie","8":"first","9":"instock","10":"shipping-taxable","11":"purchasable","12":"product-type-simple"},"yoast_head":"<!-- This site is optimized with the Yoast SEO plugin v27.3 - https:\/\/yoast.com\/product\/yoast-seo-wordpress\/ -->\n<title>Fier\u0103straie - Fier\u0103str\u0103u pe acumulator KAMOTO SB1200B (cu 1 acumulator \u0219i 1 \u00eenc\u0103rc\u0103tor) - Kamoto.md<\/title>\n<meta name=\"robots\" content=\"index, follow, max-snippet:-1, max-image-preview:large, max-video-preview:-1\" \/>\n<link rel=\"canonical\" href=\"https:\/\/kamoto.md\/ro\/shop\/scule-si-unelte-de-gradinarit\/ferestraie\/fier-str-u-pe-acumulator-kamoto-sb1200b-cu-1-acumulator-i-1-nc-rc-tor\/\" \/>\n<meta property=\"og:locale\" content=\"ro_RO\" \/>\n<meta property=\"og:type\" content=\"article\" \/>\n<meta property=\"og:title\" content=\"Fier\u0103straie - Fier\u0103str\u0103u pe acumulator KAMOTO SB1200B (cu 1 acumulator \u0219i 1 \u00eenc\u0103rc\u0103tor) - Kamoto.md\" \/>\n<meta property=\"og:description\" content=\"Putere motor: 1200 W (max. 2000 W) Tensiune: 40 V Tip motor: f\u0103r\u0103 perii Lungime \u0219in\u0103: 16\u2033 \/ 40 cm Lan\u021b: 78 zale, pas 1\/4&quot;, grosime 0,043&quot; Vitez\u0103 lan\u021b: 5000 rpm\" \/>\n<meta property=\"og:url\" content=\"https:\/\/kamoto.md\/ro\/shop\/scule-si-unelte-de-gradinarit\/ferestraie\/fier-str-u-pe-acumulator-kamoto-sb1200b-cu-1-acumulator-i-1-nc-rc-tor\/\" \/>\n<meta property=\"og:site_name\" content=\"Kamoto.md\" \/>\n<meta property=\"article:modified_time\" content=\"2026-02-27T13:36:49+00:00\" \/>\n<meta property=\"og:image\" content=\"https:\/\/kamoto.md\/wp-content\/uploads\/2021\/05\/logo2.png\" \/>\n\t<meta property=\"og:image:width\" content=\"1000\" \/>\n\t<meta property=\"og:image:height\" content=\"1000\" \/>\n\t<meta property=\"og:image:type\" content=\"image\/png\" \/>\n<meta name=\"twitter:card\" content=\"summary_large_image\" \/>\n<meta name=\"twitter:label1\" content=\"Timp estimat pentru citire\" \/>\n\t<meta name=\"twitter:data1\" content=\"1 minut\" \/>\n<script type=\"application\/ld+json\" class=\"yoast-schema-graph\">{\"@context\":\"https:\\\/\\\/schema.org\",\"@graph\":[{\"@type\":[\"WebPage\",\"ItemPage\"],\"@id\":\"https:\\\/\\\/kamoto.md\\\/ro\\\/shop\\\/scule-si-unelte-de-gradinarit\\\/ferestraie\\\/fier-str-u-pe-acumulator-kamoto-sb1200b-cu-1-acumulator-i-1-nc-rc-tor\\\/\",\"url\":\"https:\\\/\\\/kamoto.md\\\/ro\\\/shop\\\/scule-si-unelte-de-gradinarit\\\/ferestraie\\\/fier-str-u-pe-acumulator-kamoto-sb1200b-cu-1-acumulator-i-1-nc-rc-tor\\\/\",\"name\":\"Fier\u0103straie - Fier\u0103str\u0103u pe acumulator KAMOTO SB1200B (cu 1 acumulator \u0219i 1 \u00eenc\u0103rc\u0103tor) - Kamoto.md\",\"isPartOf\":{\"@id\":\"https:\\\/\\\/kamoto.md\\\/ro\\\/#website\"},\"primaryImageOfPage\":{\"@id\":\"https:\\\/\\\/kamoto.md\\\/ro\\\/shop\\\/scule-si-unelte-de-gradinarit\\\/ferestraie\\\/fier-str-u-pe-acumulator-kamoto-sb1200b-cu-1-acumulator-i-1-nc-rc-tor\\\/#primaryimage\"},\"image\":{\"@id\":\"https:\\\/\\\/kamoto.md\\\/ro\\\/shop\\\/scule-si-unelte-de-gradinarit\\\/ferestraie\\\/fier-str-u-pe-acumulator-kamoto-sb1200b-cu-1-acumulator-i-1-nc-rc-tor\\\/#primaryimage\"},\"thumbnailUrl\":\"https:\\\/\\\/kamoto.md\\\/wp-content\\\/uploads\\\/2026\\\/02\\\/21.png\",\"datePublished\":\"2026-02-10T08:26:55+00:00\",\"dateModified\":\"2026-02-27T13:36:49+00:00\",\"breadcrumb\":{\"@id\":\"https:\\\/\\\/kamoto.md\\\/ro\\\/shop\\\/scule-si-unelte-de-gradinarit\\\/ferestraie\\\/fier-str-u-pe-acumulator-kamoto-sb1200b-cu-1-acumulator-i-1-nc-rc-tor\\\/#breadcrumb\"},\"inLanguage\":\"ro-RO\",\"potentialAction\":[{\"@type\":\"ReadAction\",\"target\":[\"https:\\\/\\\/kamoto.md\\\/ro\\\/shop\\\/scule-si-unelte-de-gradinarit\\\/ferestraie\\\/fier-str-u-pe-acumulator-kamoto-sb1200b-cu-1-acumulator-i-1-nc-rc-tor\\\/\"]}]},{\"@type\":\"ImageObject\",\"inLanguage\":\"ro-RO\",\"@id\":\"https:\\\/\\\/kamoto.md\\\/ro\\\/shop\\\/scule-si-unelte-de-gradinarit\\\/ferestraie\\\/fier-str-u-pe-acumulator-kamoto-sb1200b-cu-1-acumulator-i-1-nc-rc-tor\\\/#primaryimage\",\"url\":\"https:\\\/\\\/kamoto.md\\\/wp-content\\\/uploads\\\/2026\\\/02\\\/21.png\",\"contentUrl\":\"https:\\\/\\\/kamoto.md\\\/wp-content\\\/uploads\\\/2026\\\/02\\\/21.png\",\"width\":1000,\"height\":1000,\"caption\":\"KAMOTO SB1200B\"},{\"@type\":\"BreadcrumbList\",\"@id\":\"https:\\\/\\\/kamoto.md\\\/ro\\\/shop\\\/scule-si-unelte-de-gradinarit\\\/ferestraie\\\/fier-str-u-pe-acumulator-kamoto-sb1200b-cu-1-acumulator-i-1-nc-rc-tor\\\/#breadcrumb\",\"itemListElement\":[{\"@type\":\"ListItem\",\"position\":1,\"name\":\"\u0413\u043b\u0430\u0432\u043d\u0430\u044f \u0441\u0442\u0440\u0430\u043d\u0438\u0446\u0430\",\"item\":\"https:\\\/\\\/kamoto.md\\\/ro\\\/\"},{\"@type\":\"ListItem\",\"position\":2,\"name\":\"Catalog\",\"item\":\"https:\\\/\\\/kamoto.md\\\/ro\\\/catalog\\\/\"},{\"@type\":\"ListItem\",\"position\":3,\"name\":\"Instrumente \u0219i unelte de gr\u0103din\u0103rit\",\"item\":\"https:\\\/\\\/kamoto.md\\\/ro\\\/catalog\\\/scule-si-unelte-de-gradinarit\\\/\"},{\"@type\":\"ListItem\",\"position\":4,\"name\":\"Fier\u0103straie\",\"item\":\"https:\\\/\\\/kamoto.md\\\/ro\\\/catalog\\\/scule-si-unelte-de-gradinarit\\\/ferestraie\\\/\"},{\"@type\":\"ListItem\",\"position\":5,\"name\":\"Fier\u0103str\u0103u pe acumulator KAMOTO SB1200B (cu 1 acumulator \u0219i 1 \u00eenc\u0103rc\u0103tor)\"}]},{\"@type\":\"WebSite\",\"@id\":\"https:\\\/\\\/kamoto.md\\\/ro\\\/#website\",\"url\":\"https:\\\/\\\/kamoto.md\\\/ro\\\/\",\"name\":\"Kamoto.MD\",\"description\":\"\u0418\u043d\u0442\u0435\u0440\u043d\u0435\u0442 \u043c\u0430\u0433\u0430\u0437\u0438\u043d \u044d\u043b\u0435\u043a\u0442\u0440\u043e\u0438\u043d\u0441\u0442\u0440\u0443\u043c\u0435\u043d\u0442\u0430, \u0441\u0430\u0434\u043e\u0432\u043e\u0439 \u0438 \u0441\u0438\u043b\u043e\u0432\u043e\u0439 \u0442\u0435\u0445\u043d\u0438\u043a\u0438.\",\"publisher\":{\"@id\":\"https:\\\/\\\/kamoto.md\\\/ro\\\/#organization\"},\"potentialAction\":[{\"@type\":\"SearchAction\",\"target\":{\"@type\":\"EntryPoint\",\"urlTemplate\":\"https:\\\/\\\/kamoto.md\\\/ro\\\/?s={search_term_string}\"},\"query-input\":{\"@type\":\"PropertyValueSpecification\",\"valueRequired\":true,\"valueName\":\"search_term_string\"}}],\"inLanguage\":\"ro-RO\"},{\"@type\":\"Organization\",\"@id\":\"https:\\\/\\\/kamoto.md\\\/ro\\\/#organization\",\"name\":\"Kamoto S.R.L.\",\"url\":\"https:\\\/\\\/kamoto.md\\\/ro\\\/\",\"logo\":{\"@type\":\"ImageObject\",\"inLanguage\":\"ro-RO\",\"@id\":\"https:\\\/\\\/kamoto.md\\\/ro\\\/#\\\/schema\\\/logo\\\/image\\\/\",\"url\":\"https:\\\/\\\/kamoto.md\\\/wp-content\\\/uploads\\\/2017\\\/08\\\/logo.png\",\"contentUrl\":\"https:\\\/\\\/kamoto.md\\\/wp-content\\\/uploads\\\/2017\\\/08\\\/logo.png\",\"width\":323,\"height\":50,\"caption\":\"Kamoto S.R.L.\"},\"image\":{\"@id\":\"https:\\\/\\\/kamoto.md\\\/ro\\\/#\\\/schema\\\/logo\\\/image\\\/\"}}]}<\/script>\n<!-- \/ Yoast SEO plugin. -->","yoast_head_json":{"title":"Fier\u0103straie - Fier\u0103str\u0103u pe acumulator KAMOTO SB1200B (cu 1 acumulator \u0219i 1 \u00eenc\u0103rc\u0103tor) - Kamoto.md","robots":{"index":"index","follow":"follow","max-snippet":"max-snippet:-1","max-image-preview":"max-image-preview:large","max-video-preview":"max-video-preview:-1"},"canonical":"https:\/\/kamoto.md\/ro\/shop\/scule-si-unelte-de-gradinarit\/ferestraie\/fier-str-u-pe-acumulator-kamoto-sb1200b-cu-1-acumulator-i-1-nc-rc-tor\/","og_locale":"ro_RO","og_type":"article","og_title":"Fier\u0103straie - Fier\u0103str\u0103u pe acumulator KAMOTO SB1200B (cu 1 acumulator \u0219i 1 \u00eenc\u0103rc\u0103tor) - Kamoto.md","og_description":"Putere motor: 1200 W (max. 2000 W) Tensiune: 40 V Tip motor: f\u0103r\u0103 perii Lungime \u0219in\u0103: 16\u2033 \/ 40 cm Lan\u021b: 78 zale, pas 1\/4\", grosime 0,043\" Vitez\u0103 lan\u021b: 5000 rpm","og_url":"https:\/\/kamoto.md\/ro\/shop\/scule-si-unelte-de-gradinarit\/ferestraie\/fier-str-u-pe-acumulator-kamoto-sb1200b-cu-1-acumulator-i-1-nc-rc-tor\/","og_site_name":"Kamoto.md","article_modified_time":"2026-02-27T13:36:49+00:00","og_image":[{"width":1000,"height":1000,"url":"https:\/\/kamoto.md\/wp-content\/uploads\/2021\/05\/logo2.png","type":"image\/png"}],"twitter_card":"summary_large_image","twitter_misc":{"Timp estimat pentru citire":"1 minut"},"schema":{"@context":"https:\/\/schema.org","@graph":[{"@type":["WebPage","ItemPage"],"@id":"https:\/\/kamoto.md\/ro\/shop\/scule-si-unelte-de-gradinarit\/ferestraie\/fier-str-u-pe-acumulator-kamoto-sb1200b-cu-1-acumulator-i-1-nc-rc-tor\/","url":"https:\/\/kamoto.md\/ro\/shop\/scule-si-unelte-de-gradinarit\/ferestraie\/fier-str-u-pe-acumulator-kamoto-sb1200b-cu-1-acumulator-i-1-nc-rc-tor\/","name":"Fier\u0103straie - Fier\u0103str\u0103u pe acumulator KAMOTO SB1200B (cu 1 acumulator \u0219i 1 \u00eenc\u0103rc\u0103tor) - Kamoto.md","isPartOf":{"@id":"https:\/\/kamoto.md\/ro\/#website"},"primaryImageOfPage":{"@id":"https:\/\/kamoto.md\/ro\/shop\/scule-si-unelte-de-gradinarit\/ferestraie\/fier-str-u-pe-acumulator-kamoto-sb1200b-cu-1-acumulator-i-1-nc-rc-tor\/#primaryimage"},"image":{"@id":"https:\/\/kamoto.md\/ro\/shop\/scule-si-unelte-de-gradinarit\/ferestraie\/fier-str-u-pe-acumulator-kamoto-sb1200b-cu-1-acumulator-i-1-nc-rc-tor\/#primaryimage"},"thumbnailUrl":"https:\/\/kamoto.md\/wp-content\/uploads\/2026\/02\/21.png","datePublished":"2026-02-10T08:26:55+00:00","dateModified":"2026-02-27T13:36:49+00:00","breadcrumb":{"@id":"https:\/\/kamoto.md\/ro\/shop\/scule-si-unelte-de-gradinarit\/ferestraie\/fier-str-u-pe-acumulator-kamoto-sb1200b-cu-1-acumulator-i-1-nc-rc-tor\/#breadcrumb"},"inLanguage":"ro-RO","potentialAction":[{"@type":"ReadAction","target":["https:\/\/kamoto.md\/ro\/shop\/scule-si-unelte-de-gradinarit\/ferestraie\/fier-str-u-pe-acumulator-kamoto-sb1200b-cu-1-acumulator-i-1-nc-rc-tor\/"]}]},{"@type":"ImageObject","inLanguage":"ro-RO","@id":"https:\/\/kamoto.md\/ro\/shop\/scule-si-unelte-de-gradinarit\/ferestraie\/fier-str-u-pe-acumulator-kamoto-sb1200b-cu-1-acumulator-i-1-nc-rc-tor\/#primaryimage","url":"https:\/\/kamoto.md\/wp-content\/uploads\/2026\/02\/21.png","contentUrl":"https:\/\/kamoto.md\/wp-content\/uploads\/2026\/02\/21.png","width":1000,"height":1000,"caption":"KAMOTO SB1200B"},{"@type":"BreadcrumbList","@id":"https:\/\/kamoto.md\/ro\/shop\/scule-si-unelte-de-gradinarit\/ferestraie\/fier-str-u-pe-acumulator-kamoto-sb1200b-cu-1-acumulator-i-1-nc-rc-tor\/#breadcrumb","itemListElement":[{"@type":"ListItem","position":1,"name":"\u0413\u043b\u0430\u0432\u043d\u0430\u044f \u0441\u0442\u0440\u0430\u043d\u0438\u0446\u0430","item":"https:\/\/kamoto.md\/ro\/"},{"@type":"ListItem","position":2,"name":"Catalog","item":"https:\/\/kamoto.md\/ro\/catalog\/"},{"@type":"ListItem","position":3,"name":"Instrumente \u0219i unelte de gr\u0103din\u0103rit","item":"https:\/\/kamoto.md\/ro\/catalog\/scule-si-unelte-de-gradinarit\/"},{"@type":"ListItem","position":4,"name":"Fier\u0103straie","item":"https:\/\/kamoto.md\/ro\/catalog\/scule-si-unelte-de-gradinarit\/ferestraie\/"},{"@type":"ListItem","position":5,"name":"Fier\u0103str\u0103u pe acumulator KAMOTO SB1200B (cu 1 acumulator \u0219i 1 \u00eenc\u0103rc\u0103tor)"}]},{"@type":"WebSite","@id":"https:\/\/kamoto.md\/ro\/#website","url":"https:\/\/kamoto.md\/ro\/","name":"Kamoto.MD","description":"\u0418\u043d\u0442\u0435\u0440\u043d\u0435\u0442 \u043c\u0430\u0433\u0430\u0437\u0438\u043d \u044d\u043b\u0435\u043a\u0442\u0440\u043e\u0438\u043d\u0441\u0442\u0440\u0443\u043c\u0435\u043d\u0442\u0430, \u0441\u0430\u0434\u043e\u0432\u043e\u0439 \u0438 \u0441\u0438\u043b\u043e\u0432\u043e\u0439 \u0442\u0435\u0445\u043d\u0438\u043a\u0438.","publisher":{"@id":"https:\/\/kamoto.md\/ro\/#organization"},"potentialAction":[{"@type":"SearchAction","target":{"@type":"EntryPoint","urlTemplate":"https:\/\/kamoto.md\/ro\/?s={search_term_string}"},"query-input":{"@type":"PropertyValueSpecification","valueRequired":true,"valueName":"search_term_string"}}],"inLanguage":"ro-RO"},{"@type":"Organization","@id":"https:\/\/kamoto.md\/ro\/#organization","name":"Kamoto S.R.L.","url":"https:\/\/kamoto.md\/ro\/","logo":{"@type":"ImageObject","inLanguage":"ro-RO","@id":"https:\/\/kamoto.md\/ro\/#\/schema\/logo\/image\/","url":"https:\/\/kamoto.md\/wp-content\/uploads\/2017\/08\/logo.png","contentUrl":"https:\/\/kamoto.md\/wp-content\/uploads\/2017\/08\/logo.png","width":323,"height":50,"caption":"Kamoto S.R.L."},"image":{"@id":"https:\/\/kamoto.md\/ro\/#\/schema\/logo\/image\/"}}]}},"_links":{"self":[{"href":"https:\/\/kamoto.md\/ro\/wp-json\/wp\/v2\/product\/14485","targetHints":{"allow":["GET"]}}],"collection":[{"href":"https:\/\/kamoto.md\/ro\/wp-json\/wp\/v2\/product"}],"about":[{"href":"https:\/\/kamoto.md\/ro\/wp-json\/wp\/v2\/types\/product"}],"wp:featuredmedia":[{"embeddable":true,"href":"https:\/\/kamoto.md\/ro\/wp-json\/wp\/v2\/media\/14475"}],"wp:attachment":[{"href":"https:\/\/kamoto.md\/ro\/wp-json\/wp\/v2\/media?parent=14485"}],"wp:term":[{"taxonomy":"product_brand","embeddable":true,"href":"https:\/\/kamoto.md\/ro\/wp-json\/wp\/v2\/product_brand?post=14485"},{"taxonomy":"product_cat","embeddable":true,"href":"https:\/\/kamoto.md\/ro\/wp-json\/wp\/v2\/product_cat?post=14485"},{"taxonomy":"product_tag","embeddable":true,"href":"https:\/\/kamoto.md\/ro\/wp-json\/wp\/v2\/product_tag?post=14485"}],"curies":[{"name":"wp","href":"https:\/\/api.w.org\/{rel}","templated":true}]}}