{"id":14653,"date":"2026-02-10T16:43:14","date_gmt":"2026-02-10T14:43:14","guid":{"rendered":"https:\/\/kamoto.md\/?post_type=product&#038;p=14653"},"modified":"2026-02-10T16:44:51","modified_gmt":"2026-02-10T14:44:51","slug":"polizor-unghiular-kamoto-a1400r","status":"publish","type":"product","link":"https:\/\/kamoto.md\/ro\/shop\/scule-electrice\/polizoare-unghiulare\/polizor-unghiular-kamoto-a1400r\/","title":{"rendered":"Polizor unghiular KAMOTO A1400R"},"content":{"rendered":"<div class=\"wpb-content-wrapper\"><p>[vc_row][vc_column][vc_column_text css=&#8221;&#8221; woodmart_inline=&#8221;no&#8221; text_larger=&#8221;no&#8221;]<\/p>\n<p data-start=\"411\" data-end=\"915\"><strong data-start=\"411\" data-end=\"448\">Polizorul unghiular KAMOTO A1400R<\/strong> este un instrument puternic \u0219i fiabil, conceput pentru t\u0103ierea, \u0219lefuirea \u0219i cur\u0103\u021barea diferitelor materiale. Motorul de 1400 W ofer\u0103 performan\u021b\u0103 stabil\u0103 \u0219i eficien\u021b\u0103 ridicat\u0103 \u00een lucru. Discul cu diametrul de 125 mm permite realizarea lucr\u0103rilor precise, iar viteza mare de rota\u021bie asigur\u0103 t\u0103ieri rapide \u0219i curate. Construc\u021bia ergonomic\u0103 ofer\u0103 confort \u0219i control \u00een timpul utiliz\u0103rii, fiind potrivit at\u00e2t pentru lucr\u0103ri profesionale, c\u00e2t \u0219i pentru utilizare casnic\u0103.<\/p>\n<p data-start=\"917\" data-end=\"1100\"><strong data-start=\"917\" data-end=\"931\">Utilizare:<\/strong><br data-start=\"931\" data-end=\"934\" \/>Potrivit pentru t\u0103ierea \u0219i \u0219lefuirea metalului, betonului, pietrei, ceramicii \u0219i altor materiale de construc\u021bie, precum \u0219i pentru lucr\u0103ri de \u00eentre\u021binere \u0219i repara\u021bii.<\/p>\n<p>[\/vc_column_text][\/vc_column][\/vc_row]<\/p>\n<\/div>","protected":false},"excerpt":{"rendered":"<p><strong data-start=\"186\" data-end=\"206\">Putere nominal\u0103:<\/strong> 1400 W<br data-start=\"213\" data-end=\"216\" \/><strong data-start=\"216\" data-end=\"239\">Diametrul discului:<\/strong> 125 mm<br data-start=\"246\" data-end=\"249\" \/><strong data-start=\"249\" data-end=\"276\">Tura\u021bia la mers \u00een gol:<\/strong> 9000 rpm<br data-start=\"285\" data-end=\"288\" \/><strong data-start=\"288\" data-end=\"305\">Filet arbore:<\/strong> M14<br data-start=\"309\" data-end=\"312\" \/><strong data-start=\"312\" data-end=\"337\">Tensiune \/ Frecven\u021b\u0103:<\/strong> 220\u2013230 V \/ 50 Hz<br data-start=\"355\" data-end=\"358\" \/><strong data-start=\"358\" data-end=\"381\">Clas\u0103 de protec\u021bie:<\/strong> II<\/p>\n","protected":false},"featured_media":14639,"template":"","meta":[],"product_brand":[],"product_cat":[326],"product_tag":[],"class_list":{"0":"post-14653","1":"product","2":"type-product","3":"status-publish","4":"has-post-thumbnail","6":"product_cat-polizoare-unghiulare","8":"first","9":"instock","10":"sale","11":"shipping-taxable","12":"purchasable","13":"product-type-simple"},"yoast_head":"<!-- This site is optimized with the Yoast SEO plugin v27.3 - https:\/\/yoast.com\/product\/yoast-seo-wordpress\/ -->\n<title>Polizoare unghiulare - Polizor unghiular KAMOTO A1400R - Kamoto.md<\/title>\n<meta name=\"robots\" content=\"index, follow, max-snippet:-1, max-image-preview:large, max-video-preview:-1\" \/>\n<link rel=\"canonical\" href=\"https:\/\/kamoto.md\/ro\/shop\/scule-electrice\/polizoare-unghiulare\/polizor-unghiular-kamoto-a1400r\/\" \/>\n<meta property=\"og:locale\" content=\"ro_RO\" \/>\n<meta property=\"og:type\" content=\"article\" \/>\n<meta property=\"og:title\" content=\"Polizoare unghiulare - Polizor unghiular KAMOTO A1400R - Kamoto.md\" \/>\n<meta property=\"og:description\" content=\"Putere nominal\u0103: 1400 WDiametrul discului: 125 mmTura\u021bia la mers \u00een gol: 9000 rpmFilet arbore: M14Tensiune \/ Frecven\u021b\u0103: 220\u2013230 V \/ 50 HzClas\u0103 de protec\u021bie: II\" \/>\n<meta property=\"og:url\" content=\"https:\/\/kamoto.md\/ro\/shop\/scule-electrice\/polizoare-unghiulare\/polizor-unghiular-kamoto-a1400r\/\" \/>\n<meta property=\"og:site_name\" content=\"Kamoto.md\" \/>\n<meta property=\"article:modified_time\" content=\"2026-02-10T14:44:51+00:00\" \/>\n<meta property=\"og:image\" content=\"https:\/\/kamoto.md\/wp-content\/uploads\/2021\/05\/logo2.png\" \/>\n\t<meta property=\"og:image:width\" content=\"1000\" \/>\n\t<meta property=\"og:image:height\" content=\"1000\" \/>\n\t<meta property=\"og:image:type\" content=\"image\/png\" \/>\n<meta name=\"twitter:card\" content=\"summary_large_image\" \/>\n<meta name=\"twitter:label1\" content=\"Timp estimat pentru citire\" \/>\n\t<meta name=\"twitter:data1\" content=\"1 minut\" \/>\n<script type=\"application\/ld+json\" class=\"yoast-schema-graph\">{\"@context\":\"https:\\\/\\\/schema.org\",\"@graph\":[{\"@type\":[\"WebPage\",\"ItemPage\"],\"@id\":\"https:\\\/\\\/kamoto.md\\\/ro\\\/shop\\\/scule-electrice\\\/polizoare-unghiulare\\\/polizor-unghiular-kamoto-a1400r\\\/\",\"url\":\"https:\\\/\\\/kamoto.md\\\/ro\\\/shop\\\/scule-electrice\\\/polizoare-unghiulare\\\/polizor-unghiular-kamoto-a1400r\\\/\",\"name\":\"Polizoare unghiulare - Polizor unghiular KAMOTO A1400R - Kamoto.md\",\"isPartOf\":{\"@id\":\"https:\\\/\\\/kamoto.md\\\/ro\\\/#website\"},\"primaryImageOfPage\":{\"@id\":\"https:\\\/\\\/kamoto.md\\\/ro\\\/shop\\\/scule-electrice\\\/polizoare-unghiulare\\\/polizor-unghiular-kamoto-a1400r\\\/#primaryimage\"},\"image\":{\"@id\":\"https:\\\/\\\/kamoto.md\\\/ro\\\/shop\\\/scule-electrice\\\/polizoare-unghiulare\\\/polizor-unghiular-kamoto-a1400r\\\/#primaryimage\"},\"thumbnailUrl\":\"https:\\\/\\\/kamoto.md\\\/wp-content\\\/uploads\\\/2026\\\/02\\\/27.png\",\"datePublished\":\"2026-02-10T14:43:14+00:00\",\"dateModified\":\"2026-02-10T14:44:51+00:00\",\"breadcrumb\":{\"@id\":\"https:\\\/\\\/kamoto.md\\\/ro\\\/shop\\\/scule-electrice\\\/polizoare-unghiulare\\\/polizor-unghiular-kamoto-a1400r\\\/#breadcrumb\"},\"inLanguage\":\"ro-RO\",\"potentialAction\":[{\"@type\":\"ReadAction\",\"target\":[\"https:\\\/\\\/kamoto.md\\\/ro\\\/shop\\\/scule-electrice\\\/polizoare-unghiulare\\\/polizor-unghiular-kamoto-a1400r\\\/\"]}]},{\"@type\":\"ImageObject\",\"inLanguage\":\"ro-RO\",\"@id\":\"https:\\\/\\\/kamoto.md\\\/ro\\\/shop\\\/scule-electrice\\\/polizoare-unghiulare\\\/polizor-unghiular-kamoto-a1400r\\\/#primaryimage\",\"url\":\"https:\\\/\\\/kamoto.md\\\/wp-content\\\/uploads\\\/2026\\\/02\\\/27.png\",\"contentUrl\":\"https:\\\/\\\/kamoto.md\\\/wp-content\\\/uploads\\\/2026\\\/02\\\/27.png\",\"width\":1000,\"height\":1000,\"caption\":\"\u0411\u043e\u043b\u0433\u0430\u0440\u043a\u0430 Kamoto A1400R\"},{\"@type\":\"BreadcrumbList\",\"@id\":\"https:\\\/\\\/kamoto.md\\\/ro\\\/shop\\\/scule-electrice\\\/polizoare-unghiulare\\\/polizor-unghiular-kamoto-a1400r\\\/#breadcrumb\",\"itemListElement\":[{\"@type\":\"ListItem\",\"position\":1,\"name\":\"\u0413\u043b\u0430\u0432\u043d\u0430\u044f \u0441\u0442\u0440\u0430\u043d\u0438\u0446\u0430\",\"item\":\"https:\\\/\\\/kamoto.md\\\/ro\\\/\"},{\"@type\":\"ListItem\",\"position\":2,\"name\":\"Catalog\",\"item\":\"https:\\\/\\\/kamoto.md\\\/ro\\\/catalog\\\/\"},{\"@type\":\"ListItem\",\"position\":3,\"name\":\"Instrumente electrice\",\"item\":\"https:\\\/\\\/kamoto.md\\\/ro\\\/catalog\\\/scule-electrice\\\/\"},{\"@type\":\"ListItem\",\"position\":4,\"name\":\"Polizoare unghiulare\",\"item\":\"https:\\\/\\\/kamoto.md\\\/ro\\\/catalog\\\/scule-electrice\\\/polizoare-unghiulare\\\/\"},{\"@type\":\"ListItem\",\"position\":5,\"name\":\"Polizor unghiular KAMOTO A1400R\"}]},{\"@type\":\"WebSite\",\"@id\":\"https:\\\/\\\/kamoto.md\\\/ro\\\/#website\",\"url\":\"https:\\\/\\\/kamoto.md\\\/ro\\\/\",\"name\":\"Kamoto.MD\",\"description\":\"\u0418\u043d\u0442\u0435\u0440\u043d\u0435\u0442 \u043c\u0430\u0433\u0430\u0437\u0438\u043d \u044d\u043b\u0435\u043a\u0442\u0440\u043e\u0438\u043d\u0441\u0442\u0440\u0443\u043c\u0435\u043d\u0442\u0430, \u0441\u0430\u0434\u043e\u0432\u043e\u0439 \u0438 \u0441\u0438\u043b\u043e\u0432\u043e\u0439 \u0442\u0435\u0445\u043d\u0438\u043a\u0438.\",\"publisher\":{\"@id\":\"https:\\\/\\\/kamoto.md\\\/ro\\\/#organization\"},\"potentialAction\":[{\"@type\":\"SearchAction\",\"target\":{\"@type\":\"EntryPoint\",\"urlTemplate\":\"https:\\\/\\\/kamoto.md\\\/ro\\\/?s={search_term_string}\"},\"query-input\":{\"@type\":\"PropertyValueSpecification\",\"valueRequired\":true,\"valueName\":\"search_term_string\"}}],\"inLanguage\":\"ro-RO\"},{\"@type\":\"Organization\",\"@id\":\"https:\\\/\\\/kamoto.md\\\/ro\\\/#organization\",\"name\":\"Kamoto S.R.L.\",\"url\":\"https:\\\/\\\/kamoto.md\\\/ro\\\/\",\"logo\":{\"@type\":\"ImageObject\",\"inLanguage\":\"ro-RO\",\"@id\":\"https:\\\/\\\/kamoto.md\\\/ro\\\/#\\\/schema\\\/logo\\\/image\\\/\",\"url\":\"https:\\\/\\\/kamoto.md\\\/wp-content\\\/uploads\\\/2017\\\/08\\\/logo.png\",\"contentUrl\":\"https:\\\/\\\/kamoto.md\\\/wp-content\\\/uploads\\\/2017\\\/08\\\/logo.png\",\"width\":323,\"height\":50,\"caption\":\"Kamoto S.R.L.\"},\"image\":{\"@id\":\"https:\\\/\\\/kamoto.md\\\/ro\\\/#\\\/schema\\\/logo\\\/image\\\/\"}}]}<\/script>\n<!-- \/ Yoast SEO plugin. -->","yoast_head_json":{"title":"Polizoare unghiulare - Polizor unghiular KAMOTO A1400R - Kamoto.md","robots":{"index":"index","follow":"follow","max-snippet":"max-snippet:-1","max-image-preview":"max-image-preview:large","max-video-preview":"max-video-preview:-1"},"canonical":"https:\/\/kamoto.md\/ro\/shop\/scule-electrice\/polizoare-unghiulare\/polizor-unghiular-kamoto-a1400r\/","og_locale":"ro_RO","og_type":"article","og_title":"Polizoare unghiulare - Polizor unghiular KAMOTO A1400R - Kamoto.md","og_description":"Putere nominal\u0103: 1400 WDiametrul discului: 125 mmTura\u021bia la mers \u00een gol: 9000 rpmFilet arbore: M14Tensiune \/ Frecven\u021b\u0103: 220\u2013230 V \/ 50 HzClas\u0103 de protec\u021bie: II","og_url":"https:\/\/kamoto.md\/ro\/shop\/scule-electrice\/polizoare-unghiulare\/polizor-unghiular-kamoto-a1400r\/","og_site_name":"Kamoto.md","article_modified_time":"2026-02-10T14:44:51+00:00","og_image":[{"width":1000,"height":1000,"url":"https:\/\/kamoto.md\/wp-content\/uploads\/2021\/05\/logo2.png","type":"image\/png"}],"twitter_card":"summary_large_image","twitter_misc":{"Timp estimat pentru citire":"1 minut"},"schema":{"@context":"https:\/\/schema.org","@graph":[{"@type":["WebPage","ItemPage"],"@id":"https:\/\/kamoto.md\/ro\/shop\/scule-electrice\/polizoare-unghiulare\/polizor-unghiular-kamoto-a1400r\/","url":"https:\/\/kamoto.md\/ro\/shop\/scule-electrice\/polizoare-unghiulare\/polizor-unghiular-kamoto-a1400r\/","name":"Polizoare unghiulare - Polizor unghiular KAMOTO A1400R - Kamoto.md","isPartOf":{"@id":"https:\/\/kamoto.md\/ro\/#website"},"primaryImageOfPage":{"@id":"https:\/\/kamoto.md\/ro\/shop\/scule-electrice\/polizoare-unghiulare\/polizor-unghiular-kamoto-a1400r\/#primaryimage"},"image":{"@id":"https:\/\/kamoto.md\/ro\/shop\/scule-electrice\/polizoare-unghiulare\/polizor-unghiular-kamoto-a1400r\/#primaryimage"},"thumbnailUrl":"https:\/\/kamoto.md\/wp-content\/uploads\/2026\/02\/27.png","datePublished":"2026-02-10T14:43:14+00:00","dateModified":"2026-02-10T14:44:51+00:00","breadcrumb":{"@id":"https:\/\/kamoto.md\/ro\/shop\/scule-electrice\/polizoare-unghiulare\/polizor-unghiular-kamoto-a1400r\/#breadcrumb"},"inLanguage":"ro-RO","potentialAction":[{"@type":"ReadAction","target":["https:\/\/kamoto.md\/ro\/shop\/scule-electrice\/polizoare-unghiulare\/polizor-unghiular-kamoto-a1400r\/"]}]},{"@type":"ImageObject","inLanguage":"ro-RO","@id":"https:\/\/kamoto.md\/ro\/shop\/scule-electrice\/polizoare-unghiulare\/polizor-unghiular-kamoto-a1400r\/#primaryimage","url":"https:\/\/kamoto.md\/wp-content\/uploads\/2026\/02\/27.png","contentUrl":"https:\/\/kamoto.md\/wp-content\/uploads\/2026\/02\/27.png","width":1000,"height":1000,"caption":"\u0411\u043e\u043b\u0433\u0430\u0440\u043a\u0430 Kamoto A1400R"},{"@type":"BreadcrumbList","@id":"https:\/\/kamoto.md\/ro\/shop\/scule-electrice\/polizoare-unghiulare\/polizor-unghiular-kamoto-a1400r\/#breadcrumb","itemListElement":[{"@type":"ListItem","position":1,"name":"\u0413\u043b\u0430\u0432\u043d\u0430\u044f \u0441\u0442\u0440\u0430\u043d\u0438\u0446\u0430","item":"https:\/\/kamoto.md\/ro\/"},{"@type":"ListItem","position":2,"name":"Catalog","item":"https:\/\/kamoto.md\/ro\/catalog\/"},{"@type":"ListItem","position":3,"name":"Instrumente electrice","item":"https:\/\/kamoto.md\/ro\/catalog\/scule-electrice\/"},{"@type":"ListItem","position":4,"name":"Polizoare unghiulare","item":"https:\/\/kamoto.md\/ro\/catalog\/scule-electrice\/polizoare-unghiulare\/"},{"@type":"ListItem","position":5,"name":"Polizor unghiular KAMOTO A1400R"}]},{"@type":"WebSite","@id":"https:\/\/kamoto.md\/ro\/#website","url":"https:\/\/kamoto.md\/ro\/","name":"Kamoto.MD","description":"\u0418\u043d\u0442\u0435\u0440\u043d\u0435\u0442 \u043c\u0430\u0433\u0430\u0437\u0438\u043d \u044d\u043b\u0435\u043a\u0442\u0440\u043e\u0438\u043d\u0441\u0442\u0440\u0443\u043c\u0435\u043d\u0442\u0430, \u0441\u0430\u0434\u043e\u0432\u043e\u0439 \u0438 \u0441\u0438\u043b\u043e\u0432\u043e\u0439 \u0442\u0435\u0445\u043d\u0438\u043a\u0438.","publisher":{"@id":"https:\/\/kamoto.md\/ro\/#organization"},"potentialAction":[{"@type":"SearchAction","target":{"@type":"EntryPoint","urlTemplate":"https:\/\/kamoto.md\/ro\/?s={search_term_string}"},"query-input":{"@type":"PropertyValueSpecification","valueRequired":true,"valueName":"search_term_string"}}],"inLanguage":"ro-RO"},{"@type":"Organization","@id":"https:\/\/kamoto.md\/ro\/#organization","name":"Kamoto S.R.L.","url":"https:\/\/kamoto.md\/ro\/","logo":{"@type":"ImageObject","inLanguage":"ro-RO","@id":"https:\/\/kamoto.md\/ro\/#\/schema\/logo\/image\/","url":"https:\/\/kamoto.md\/wp-content\/uploads\/2017\/08\/logo.png","contentUrl":"https:\/\/kamoto.md\/wp-content\/uploads\/2017\/08\/logo.png","width":323,"height":50,"caption":"Kamoto S.R.L."},"image":{"@id":"https:\/\/kamoto.md\/ro\/#\/schema\/logo\/image\/"}}]}},"_links":{"self":[{"href":"https:\/\/kamoto.md\/ro\/wp-json\/wp\/v2\/product\/14653","targetHints":{"allow":["GET"]}}],"collection":[{"href":"https:\/\/kamoto.md\/ro\/wp-json\/wp\/v2\/product"}],"about":[{"href":"https:\/\/kamoto.md\/ro\/wp-json\/wp\/v2\/types\/product"}],"wp:featuredmedia":[{"embeddable":true,"href":"https:\/\/kamoto.md\/ro\/wp-json\/wp\/v2\/media\/14639"}],"wp:attachment":[{"href":"https:\/\/kamoto.md\/ro\/wp-json\/wp\/v2\/media?parent=14653"}],"wp:term":[{"taxonomy":"product_brand","embeddable":true,"href":"https:\/\/kamoto.md\/ro\/wp-json\/wp\/v2\/product_brand?post=14653"},{"taxonomy":"product_cat","embeddable":true,"href":"https:\/\/kamoto.md\/ro\/wp-json\/wp\/v2\/product_cat?post=14653"},{"taxonomy":"product_tag","embeddable":true,"href":"https:\/\/kamoto.md\/ro\/wp-json\/wp\/v2\/product_tag?post=14653"}],"curies":[{"name":"wp","href":"https:\/\/api.w.org\/{rel}","templated":true}]}}