{"id":14673,"date":"2026-02-10T17:03:50","date_gmt":"2026-02-10T15:03:50","guid":{"rendered":"https:\/\/kamoto.md\/?post_type=product&#038;p=14673"},"modified":"2026-02-27T11:45:21","modified_gmt":"2026-02-27T09:45:21","slug":"ulei-compresor-kamoto-ka-100-1l","status":"publish","type":"product","link":"https:\/\/kamoto.md\/ro\/shop\/accesorii\/uleiuri\/ulei-compresor-kamoto-ka-100-1l\/","title":{"rendered":"Ulei compresor KAMOTO KA-100 (1L)"},"content":{"rendered":"","protected":false},"excerpt":{"rendered":"<p data-start=\"166\" data-end=\"590\"><strong data-start=\"166\" data-end=\"207\">Uleiul pentru compresor KAMOTO KA-100 (1L)<\/strong>\u00a0este un lubrifiant de \u00eenalt\u0103 calitate, conceput pentru func\u021bionarea stabil\u0103 \u0219i protec\u021bia eficient\u0103 a compresoarelor. Asigur\u0103 reducerea frec\u0103rii, protec\u021bia \u00eempotriva uzurii \u0219i disiparea eficient\u0103 a c\u0103ldurii, contribuind la prelungirea duratei de via\u021b\u0103 a echipamentului. Formula special\u0103 ajut\u0103 la men\u021binerea performan\u021bei optime a compresorului chiar \u0219i \u00een condi\u021bii de lucru intensive.<\/p>\n<p data-start=\"592\" data-end=\"727\"><strong data-start=\"592\" data-end=\"606\">Utilizare:<\/strong><br data-start=\"606\" data-end=\"609\" \/>Potrivit pentru lubrifierea compresoarelor cu piston \u0219i a altor tipuri de compresoare, at\u00e2t sta\u021bionare, c\u00e2t \u0219i mobile.<\/p>\n","protected":false},"featured_media":14671,"template":"","meta":[],"product_brand":[],"product_cat":[280],"product_tag":[],"class_list":{"0":"post-14673","1":"product","2":"type-product","3":"status-publish","4":"has-post-thumbnail","6":"product_cat-uleiuri","8":"first","9":"instock","10":"shipping-taxable","11":"purchasable","12":"product-type-simple"},"yoast_head":"<!-- This site is optimized with the Yoast SEO plugin v27.3 - https:\/\/yoast.com\/product\/yoast-seo-wordpress\/ -->\n<title>Uleiuri - Ulei compresor KAMOTO KA-100 (1L) - Kamoto.md<\/title>\n<meta name=\"robots\" content=\"index, follow, max-snippet:-1, max-image-preview:large, max-video-preview:-1\" \/>\n<link rel=\"canonical\" href=\"https:\/\/kamoto.md\/ro\/shop\/accesorii\/uleiuri\/ulei-compresor-kamoto-ka-100-1l\/\" \/>\n<meta property=\"og:locale\" content=\"ro_RO\" \/>\n<meta property=\"og:type\" content=\"article\" \/>\n<meta property=\"og:title\" content=\"Uleiuri - Ulei compresor KAMOTO KA-100 (1L) - Kamoto.md\" \/>\n<meta property=\"og:description\" content=\"Uleiul pentru compresor KAMOTO KA-100 (1L)\u00a0este un lubrifiant de \u00eenalt\u0103 calitate, conceput pentru func\u021bionarea stabil\u0103 \u0219i protec\u021bia eficient\u0103 a compresoarelor. Asigur\u0103 reducerea frec\u0103rii, protec\u021bia \u00eempotriva uzurii \u0219i disiparea eficient\u0103 a c\u0103ldurii, contribuind la prelungirea duratei de via\u021b\u0103 a echipamentului. Formula special\u0103 ajut\u0103 la men\u021binerea performan\u021bei optime a compresorului chiar \u0219i \u00een condi\u021bii de lucru intensive. Utilizare:Potrivit pentru lubrifierea compresoarelor cu piston \u0219i a altor tipuri de compresoare, at\u00e2t sta\u021bionare, c\u00e2t \u0219i mobile.\" \/>\n<meta property=\"og:url\" content=\"https:\/\/kamoto.md\/ro\/shop\/accesorii\/uleiuri\/ulei-compresor-kamoto-ka-100-1l\/\" \/>\n<meta property=\"og:site_name\" content=\"Kamoto.md\" \/>\n<meta property=\"article:modified_time\" content=\"2026-02-27T09:45:21+00:00\" \/>\n<meta property=\"og:image\" content=\"https:\/\/kamoto.md\/wp-content\/uploads\/2021\/05\/logo2.png\" \/>\n\t<meta property=\"og:image:width\" content=\"1000\" \/>\n\t<meta property=\"og:image:height\" content=\"1000\" \/>\n\t<meta property=\"og:image:type\" content=\"image\/png\" \/>\n<meta name=\"twitter:card\" content=\"summary_large_image\" \/>\n<script type=\"application\/ld+json\" class=\"yoast-schema-graph\">{\"@context\":\"https:\\\/\\\/schema.org\",\"@graph\":[{\"@type\":[\"WebPage\",\"ItemPage\"],\"@id\":\"https:\\\/\\\/kamoto.md\\\/ro\\\/shop\\\/accesorii\\\/uleiuri\\\/ulei-compresor-kamoto-ka-100-1l\\\/\",\"url\":\"https:\\\/\\\/kamoto.md\\\/ro\\\/shop\\\/accesorii\\\/uleiuri\\\/ulei-compresor-kamoto-ka-100-1l\\\/\",\"name\":\"Uleiuri - Ulei compresor KAMOTO KA-100 (1L) - Kamoto.md\",\"isPartOf\":{\"@id\":\"https:\\\/\\\/kamoto.md\\\/ro\\\/#website\"},\"primaryImageOfPage\":{\"@id\":\"https:\\\/\\\/kamoto.md\\\/ro\\\/shop\\\/accesorii\\\/uleiuri\\\/ulei-compresor-kamoto-ka-100-1l\\\/#primaryimage\"},\"image\":{\"@id\":\"https:\\\/\\\/kamoto.md\\\/ro\\\/shop\\\/accesorii\\\/uleiuri\\\/ulei-compresor-kamoto-ka-100-1l\\\/#primaryimage\"},\"thumbnailUrl\":\"https:\\\/\\\/kamoto.md\\\/wp-content\\\/uploads\\\/2026\\\/02\\\/ulei-1-.png\",\"datePublished\":\"2026-02-10T15:03:50+00:00\",\"dateModified\":\"2026-02-27T09:45:21+00:00\",\"breadcrumb\":{\"@id\":\"https:\\\/\\\/kamoto.md\\\/ro\\\/shop\\\/accesorii\\\/uleiuri\\\/ulei-compresor-kamoto-ka-100-1l\\\/#breadcrumb\"},\"inLanguage\":\"ro-RO\",\"potentialAction\":[{\"@type\":\"ReadAction\",\"target\":[\"https:\\\/\\\/kamoto.md\\\/ro\\\/shop\\\/accesorii\\\/uleiuri\\\/ulei-compresor-kamoto-ka-100-1l\\\/\"]}]},{\"@type\":\"ImageObject\",\"inLanguage\":\"ro-RO\",\"@id\":\"https:\\\/\\\/kamoto.md\\\/ro\\\/shop\\\/accesorii\\\/uleiuri\\\/ulei-compresor-kamoto-ka-100-1l\\\/#primaryimage\",\"url\":\"https:\\\/\\\/kamoto.md\\\/wp-content\\\/uploads\\\/2026\\\/02\\\/ulei-1-.png\",\"contentUrl\":\"https:\\\/\\\/kamoto.md\\\/wp-content\\\/uploads\\\/2026\\\/02\\\/ulei-1-.png\",\"width\":1000,\"height\":1000,\"caption\":\"Ulei compresor KAMOTO KA-100\"},{\"@type\":\"BreadcrumbList\",\"@id\":\"https:\\\/\\\/kamoto.md\\\/ro\\\/shop\\\/accesorii\\\/uleiuri\\\/ulei-compresor-kamoto-ka-100-1l\\\/#breadcrumb\",\"itemListElement\":[{\"@type\":\"ListItem\",\"position\":1,\"name\":\"\u0413\u043b\u0430\u0432\u043d\u0430\u044f \u0441\u0442\u0440\u0430\u043d\u0438\u0446\u0430\",\"item\":\"https:\\\/\\\/kamoto.md\\\/ro\\\/\"},{\"@type\":\"ListItem\",\"position\":2,\"name\":\"Catalog\",\"item\":\"https:\\\/\\\/kamoto.md\\\/ro\\\/catalog\\\/\"},{\"@type\":\"ListItem\",\"position\":3,\"name\":\"Accesorii\",\"item\":\"https:\\\/\\\/kamoto.md\\\/ro\\\/catalog\\\/accesorii\\\/\"},{\"@type\":\"ListItem\",\"position\":4,\"name\":\"Uleiuri\",\"item\":\"https:\\\/\\\/kamoto.md\\\/ro\\\/catalog\\\/accesorii\\\/uleiuri\\\/\"},{\"@type\":\"ListItem\",\"position\":5,\"name\":\"Ulei compresor KAMOTO KA-100 (1L)\"}]},{\"@type\":\"WebSite\",\"@id\":\"https:\\\/\\\/kamoto.md\\\/ro\\\/#website\",\"url\":\"https:\\\/\\\/kamoto.md\\\/ro\\\/\",\"name\":\"Kamoto.MD\",\"description\":\"\u0418\u043d\u0442\u0435\u0440\u043d\u0435\u0442 \u043c\u0430\u0433\u0430\u0437\u0438\u043d \u044d\u043b\u0435\u043a\u0442\u0440\u043e\u0438\u043d\u0441\u0442\u0440\u0443\u043c\u0435\u043d\u0442\u0430, \u0441\u0430\u0434\u043e\u0432\u043e\u0439 \u0438 \u0441\u0438\u043b\u043e\u0432\u043e\u0439 \u0442\u0435\u0445\u043d\u0438\u043a\u0438.\",\"publisher\":{\"@id\":\"https:\\\/\\\/kamoto.md\\\/ro\\\/#organization\"},\"potentialAction\":[{\"@type\":\"SearchAction\",\"target\":{\"@type\":\"EntryPoint\",\"urlTemplate\":\"https:\\\/\\\/kamoto.md\\\/ro\\\/?s={search_term_string}\"},\"query-input\":{\"@type\":\"PropertyValueSpecification\",\"valueRequired\":true,\"valueName\":\"search_term_string\"}}],\"inLanguage\":\"ro-RO\"},{\"@type\":\"Organization\",\"@id\":\"https:\\\/\\\/kamoto.md\\\/ro\\\/#organization\",\"name\":\"Kamoto S.R.L.\",\"url\":\"https:\\\/\\\/kamoto.md\\\/ro\\\/\",\"logo\":{\"@type\":\"ImageObject\",\"inLanguage\":\"ro-RO\",\"@id\":\"https:\\\/\\\/kamoto.md\\\/ro\\\/#\\\/schema\\\/logo\\\/image\\\/\",\"url\":\"https:\\\/\\\/kamoto.md\\\/wp-content\\\/uploads\\\/2017\\\/08\\\/logo.png\",\"contentUrl\":\"https:\\\/\\\/kamoto.md\\\/wp-content\\\/uploads\\\/2017\\\/08\\\/logo.png\",\"width\":323,\"height\":50,\"caption\":\"Kamoto S.R.L.\"},\"image\":{\"@id\":\"https:\\\/\\\/kamoto.md\\\/ro\\\/#\\\/schema\\\/logo\\\/image\\\/\"}}]}<\/script>\n<!-- \/ Yoast SEO plugin. -->","yoast_head_json":{"title":"Uleiuri - Ulei compresor KAMOTO KA-100 (1L) - Kamoto.md","robots":{"index":"index","follow":"follow","max-snippet":"max-snippet:-1","max-image-preview":"max-image-preview:large","max-video-preview":"max-video-preview:-1"},"canonical":"https:\/\/kamoto.md\/ro\/shop\/accesorii\/uleiuri\/ulei-compresor-kamoto-ka-100-1l\/","og_locale":"ro_RO","og_type":"article","og_title":"Uleiuri - Ulei compresor KAMOTO KA-100 (1L) - Kamoto.md","og_description":"Uleiul pentru compresor KAMOTO KA-100 (1L)\u00a0este un lubrifiant de \u00eenalt\u0103 calitate, conceput pentru func\u021bionarea stabil\u0103 \u0219i protec\u021bia eficient\u0103 a compresoarelor. Asigur\u0103 reducerea frec\u0103rii, protec\u021bia \u00eempotriva uzurii \u0219i disiparea eficient\u0103 a c\u0103ldurii, contribuind la prelungirea duratei de via\u021b\u0103 a echipamentului. Formula special\u0103 ajut\u0103 la men\u021binerea performan\u021bei optime a compresorului chiar \u0219i \u00een condi\u021bii de lucru intensive. Utilizare:Potrivit pentru lubrifierea compresoarelor cu piston \u0219i a altor tipuri de compresoare, at\u00e2t sta\u021bionare, c\u00e2t \u0219i mobile.","og_url":"https:\/\/kamoto.md\/ro\/shop\/accesorii\/uleiuri\/ulei-compresor-kamoto-ka-100-1l\/","og_site_name":"Kamoto.md","article_modified_time":"2026-02-27T09:45:21+00:00","og_image":[{"width":1000,"height":1000,"url":"https:\/\/kamoto.md\/wp-content\/uploads\/2021\/05\/logo2.png","type":"image\/png"}],"twitter_card":"summary_large_image","schema":{"@context":"https:\/\/schema.org","@graph":[{"@type":["WebPage","ItemPage"],"@id":"https:\/\/kamoto.md\/ro\/shop\/accesorii\/uleiuri\/ulei-compresor-kamoto-ka-100-1l\/","url":"https:\/\/kamoto.md\/ro\/shop\/accesorii\/uleiuri\/ulei-compresor-kamoto-ka-100-1l\/","name":"Uleiuri - Ulei compresor KAMOTO KA-100 (1L) - Kamoto.md","isPartOf":{"@id":"https:\/\/kamoto.md\/ro\/#website"},"primaryImageOfPage":{"@id":"https:\/\/kamoto.md\/ro\/shop\/accesorii\/uleiuri\/ulei-compresor-kamoto-ka-100-1l\/#primaryimage"},"image":{"@id":"https:\/\/kamoto.md\/ro\/shop\/accesorii\/uleiuri\/ulei-compresor-kamoto-ka-100-1l\/#primaryimage"},"thumbnailUrl":"https:\/\/kamoto.md\/wp-content\/uploads\/2026\/02\/ulei-1-.png","datePublished":"2026-02-10T15:03:50+00:00","dateModified":"2026-02-27T09:45:21+00:00","breadcrumb":{"@id":"https:\/\/kamoto.md\/ro\/shop\/accesorii\/uleiuri\/ulei-compresor-kamoto-ka-100-1l\/#breadcrumb"},"inLanguage":"ro-RO","potentialAction":[{"@type":"ReadAction","target":["https:\/\/kamoto.md\/ro\/shop\/accesorii\/uleiuri\/ulei-compresor-kamoto-ka-100-1l\/"]}]},{"@type":"ImageObject","inLanguage":"ro-RO","@id":"https:\/\/kamoto.md\/ro\/shop\/accesorii\/uleiuri\/ulei-compresor-kamoto-ka-100-1l\/#primaryimage","url":"https:\/\/kamoto.md\/wp-content\/uploads\/2026\/02\/ulei-1-.png","contentUrl":"https:\/\/kamoto.md\/wp-content\/uploads\/2026\/02\/ulei-1-.png","width":1000,"height":1000,"caption":"Ulei compresor KAMOTO KA-100"},{"@type":"BreadcrumbList","@id":"https:\/\/kamoto.md\/ro\/shop\/accesorii\/uleiuri\/ulei-compresor-kamoto-ka-100-1l\/#breadcrumb","itemListElement":[{"@type":"ListItem","position":1,"name":"\u0413\u043b\u0430\u0432\u043d\u0430\u044f \u0441\u0442\u0440\u0430\u043d\u0438\u0446\u0430","item":"https:\/\/kamoto.md\/ro\/"},{"@type":"ListItem","position":2,"name":"Catalog","item":"https:\/\/kamoto.md\/ro\/catalog\/"},{"@type":"ListItem","position":3,"name":"Accesorii","item":"https:\/\/kamoto.md\/ro\/catalog\/accesorii\/"},{"@type":"ListItem","position":4,"name":"Uleiuri","item":"https:\/\/kamoto.md\/ro\/catalog\/accesorii\/uleiuri\/"},{"@type":"ListItem","position":5,"name":"Ulei compresor KAMOTO KA-100 (1L)"}]},{"@type":"WebSite","@id":"https:\/\/kamoto.md\/ro\/#website","url":"https:\/\/kamoto.md\/ro\/","name":"Kamoto.MD","description":"\u0418\u043d\u0442\u0435\u0440\u043d\u0435\u0442 \u043c\u0430\u0433\u0430\u0437\u0438\u043d \u044d\u043b\u0435\u043a\u0442\u0440\u043e\u0438\u043d\u0441\u0442\u0440\u0443\u043c\u0435\u043d\u0442\u0430, \u0441\u0430\u0434\u043e\u0432\u043e\u0439 \u0438 \u0441\u0438\u043b\u043e\u0432\u043e\u0439 \u0442\u0435\u0445\u043d\u0438\u043a\u0438.","publisher":{"@id":"https:\/\/kamoto.md\/ro\/#organization"},"potentialAction":[{"@type":"SearchAction","target":{"@type":"EntryPoint","urlTemplate":"https:\/\/kamoto.md\/ro\/?s={search_term_string}"},"query-input":{"@type":"PropertyValueSpecification","valueRequired":true,"valueName":"search_term_string"}}],"inLanguage":"ro-RO"},{"@type":"Organization","@id":"https:\/\/kamoto.md\/ro\/#organization","name":"Kamoto S.R.L.","url":"https:\/\/kamoto.md\/ro\/","logo":{"@type":"ImageObject","inLanguage":"ro-RO","@id":"https:\/\/kamoto.md\/ro\/#\/schema\/logo\/image\/","url":"https:\/\/kamoto.md\/wp-content\/uploads\/2017\/08\/logo.png","contentUrl":"https:\/\/kamoto.md\/wp-content\/uploads\/2017\/08\/logo.png","width":323,"height":50,"caption":"Kamoto S.R.L."},"image":{"@id":"https:\/\/kamoto.md\/ro\/#\/schema\/logo\/image\/"}}]}},"_links":{"self":[{"href":"https:\/\/kamoto.md\/ro\/wp-json\/wp\/v2\/product\/14673","targetHints":{"allow":["GET"]}}],"collection":[{"href":"https:\/\/kamoto.md\/ro\/wp-json\/wp\/v2\/product"}],"about":[{"href":"https:\/\/kamoto.md\/ro\/wp-json\/wp\/v2\/types\/product"}],"wp:featuredmedia":[{"embeddable":true,"href":"https:\/\/kamoto.md\/ro\/wp-json\/wp\/v2\/media\/14671"}],"wp:attachment":[{"href":"https:\/\/kamoto.md\/ro\/wp-json\/wp\/v2\/media?parent=14673"}],"wp:term":[{"taxonomy":"product_brand","embeddable":true,"href":"https:\/\/kamoto.md\/ro\/wp-json\/wp\/v2\/product_brand?post=14673"},{"taxonomy":"product_cat","embeddable":true,"href":"https:\/\/kamoto.md\/ro\/wp-json\/wp\/v2\/product_cat?post=14673"},{"taxonomy":"product_tag","embeddable":true,"href":"https:\/\/kamoto.md\/ro\/wp-json\/wp\/v2\/product_tag?post=14673"}],"curies":[{"name":"wp","href":"https:\/\/api.w.org\/{rel}","templated":true}]}}