{"id":14677,"date":"2026-02-10T17:18:10","date_gmt":"2026-02-10T15:18:10","guid":{"rendered":"https:\/\/kamoto.md\/?post_type=product&#038;p=14677"},"modified":"2026-02-10T17:22:37","modified_gmt":"2026-02-10T15:22:37","slug":"suport-de-prindere-a-curelei-pentru-motocoas","status":"publish","type":"product","link":"https:\/\/kamoto.md\/ro\/shop\/accesorii\/discuri-pentru-motocoase\/suport-de-prindere-a-curelei-pentru-motocoas\/","title":{"rendered":"Suport de prindere a curelei pentru motocoas\u0103"},"content":{"rendered":"","protected":false},"excerpt":{"rendered":"<p><strong data-start=\"287\" data-end=\"338\">Suportul de prindere a curelei pentru motocoas\u0103<\/strong> este un element metalic robust, destinat fix\u0103rii sigure a curelei sau hamului de sus\u021binere pe tija motocoasei. Construc\u021bia solid\u0103 asigur\u0103 stabilitate \u00een utilizare \u0219i contribuie la distribuirea uniform\u0103 a greut\u0103\u021bii echipamentului, sporind confortul \u0219i siguran\u021ba \u00een timpul lucrului. Se monteaz\u0103 u\u0219or \u0219i este compatibil cu majoritatea motocoaselor <a href=\"https:\/\/kamoto.md\/ro\/catalog\/scule-si-unelte-de-gradinarit\/motocoase\/\">KAMOTO<\/a><\/p>\n","protected":false},"featured_media":14675,"template":"","meta":[],"product_brand":[],"product_cat":[281],"product_tag":[],"class_list":{"0":"post-14677","1":"product","2":"type-product","3":"status-publish","4":"has-post-thumbnail","6":"product_cat-discuri-pentru-motocoase","8":"first","9":"instock","10":"shipping-taxable","11":"purchasable","12":"product-type-simple"},"yoast_head":"<!-- This site is optimized with the Yoast SEO plugin v27.3 - https:\/\/yoast.com\/product\/yoast-seo-wordpress\/ -->\n<title>Discuri pentru motocoase - Suport de prindere a curelei pentru motocoas\u0103 - Kamoto.md<\/title>\n<meta name=\"robots\" content=\"index, follow, max-snippet:-1, max-image-preview:large, max-video-preview:-1\" \/>\n<link rel=\"canonical\" href=\"https:\/\/kamoto.md\/ro\/shop\/accesorii\/discuri-pentru-motocoase\/suport-de-prindere-a-curelei-pentru-motocoas\/\" \/>\n<meta property=\"og:locale\" content=\"ro_RO\" \/>\n<meta property=\"og:type\" content=\"article\" \/>\n<meta property=\"og:title\" content=\"Discuri pentru motocoase - Suport de prindere a curelei pentru motocoas\u0103 - Kamoto.md\" \/>\n<meta property=\"og:description\" content=\"Suportul de prindere a curelei pentru motocoas\u0103 este un element metalic robust, destinat fix\u0103rii sigure a curelei sau hamului de sus\u021binere pe tija motocoasei. Construc\u021bia solid\u0103 asigur\u0103 stabilitate \u00een utilizare \u0219i contribuie la distribuirea uniform\u0103 a greut\u0103\u021bii echipamentului, sporind confortul \u0219i siguran\u021ba \u00een timpul lucrului. Se monteaz\u0103 u\u0219or \u0219i este compatibil cu majoritatea motocoaselor KAMOTO\" \/>\n<meta property=\"og:url\" content=\"https:\/\/kamoto.md\/ro\/shop\/accesorii\/discuri-pentru-motocoase\/suport-de-prindere-a-curelei-pentru-motocoas\/\" \/>\n<meta property=\"og:site_name\" content=\"Kamoto.md\" \/>\n<meta property=\"article:modified_time\" content=\"2026-02-10T15:22:37+00:00\" \/>\n<meta property=\"og:image\" content=\"https:\/\/kamoto.md\/wp-content\/uploads\/2021\/05\/logo2.png\" \/>\n\t<meta property=\"og:image:width\" content=\"1000\" \/>\n\t<meta property=\"og:image:height\" content=\"1000\" \/>\n\t<meta property=\"og:image:type\" content=\"image\/png\" \/>\n<meta name=\"twitter:card\" content=\"summary_large_image\" \/>\n<script type=\"application\/ld+json\" class=\"yoast-schema-graph\">{\"@context\":\"https:\\\/\\\/schema.org\",\"@graph\":[{\"@type\":[\"WebPage\",\"ItemPage\"],\"@id\":\"https:\\\/\\\/kamoto.md\\\/ro\\\/shop\\\/accesorii\\\/discuri-pentru-motocoase\\\/suport-de-prindere-a-curelei-pentru-motocoas\\\/\",\"url\":\"https:\\\/\\\/kamoto.md\\\/ro\\\/shop\\\/accesorii\\\/discuri-pentru-motocoase\\\/suport-de-prindere-a-curelei-pentru-motocoas\\\/\",\"name\":\"Discuri pentru motocoase - Suport de prindere a curelei pentru motocoas\u0103 - Kamoto.md\",\"isPartOf\":{\"@id\":\"https:\\\/\\\/kamoto.md\\\/ro\\\/#website\"},\"primaryImageOfPage\":{\"@id\":\"https:\\\/\\\/kamoto.md\\\/ro\\\/shop\\\/accesorii\\\/discuri-pentru-motocoase\\\/suport-de-prindere-a-curelei-pentru-motocoas\\\/#primaryimage\"},\"image\":{\"@id\":\"https:\\\/\\\/kamoto.md\\\/ro\\\/shop\\\/accesorii\\\/discuri-pentru-motocoase\\\/suport-de-prindere-a-curelei-pentru-motocoas\\\/#primaryimage\"},\"thumbnailUrl\":\"https:\\\/\\\/kamoto.md\\\/wp-content\\\/uploads\\\/2026\\\/02\\\/Suport-curea-pu-motocoase-1-.png\",\"datePublished\":\"2026-02-10T15:18:10+00:00\",\"dateModified\":\"2026-02-10T15:22:37+00:00\",\"breadcrumb\":{\"@id\":\"https:\\\/\\\/kamoto.md\\\/ro\\\/shop\\\/accesorii\\\/discuri-pentru-motocoase\\\/suport-de-prindere-a-curelei-pentru-motocoas\\\/#breadcrumb\"},\"inLanguage\":\"ro-RO\",\"potentialAction\":[{\"@type\":\"ReadAction\",\"target\":[\"https:\\\/\\\/kamoto.md\\\/ro\\\/shop\\\/accesorii\\\/discuri-pentru-motocoase\\\/suport-de-prindere-a-curelei-pentru-motocoas\\\/\"]}]},{\"@type\":\"ImageObject\",\"inLanguage\":\"ro-RO\",\"@id\":\"https:\\\/\\\/kamoto.md\\\/ro\\\/shop\\\/accesorii\\\/discuri-pentru-motocoase\\\/suport-de-prindere-a-curelei-pentru-motocoas\\\/#primaryimage\",\"url\":\"https:\\\/\\\/kamoto.md\\\/wp-content\\\/uploads\\\/2026\\\/02\\\/Suport-curea-pu-motocoase-1-.png\",\"contentUrl\":\"https:\\\/\\\/kamoto.md\\\/wp-content\\\/uploads\\\/2026\\\/02\\\/Suport-curea-pu-motocoase-1-.png\",\"width\":1000,\"height\":1000,\"caption\":\"Suport curea p\\\/u motocoase\"},{\"@type\":\"BreadcrumbList\",\"@id\":\"https:\\\/\\\/kamoto.md\\\/ro\\\/shop\\\/accesorii\\\/discuri-pentru-motocoase\\\/suport-de-prindere-a-curelei-pentru-motocoas\\\/#breadcrumb\",\"itemListElement\":[{\"@type\":\"ListItem\",\"position\":1,\"name\":\"\u0413\u043b\u0430\u0432\u043d\u0430\u044f \u0441\u0442\u0440\u0430\u043d\u0438\u0446\u0430\",\"item\":\"https:\\\/\\\/kamoto.md\\\/ro\\\/\"},{\"@type\":\"ListItem\",\"position\":2,\"name\":\"Catalog\",\"item\":\"https:\\\/\\\/kamoto.md\\\/ro\\\/catalog\\\/\"},{\"@type\":\"ListItem\",\"position\":3,\"name\":\"Accesorii\",\"item\":\"https:\\\/\\\/kamoto.md\\\/ro\\\/catalog\\\/accesorii\\\/\"},{\"@type\":\"ListItem\",\"position\":4,\"name\":\"Discuri pentru motocoase\",\"item\":\"https:\\\/\\\/kamoto.md\\\/ro\\\/catalog\\\/accesorii\\\/discuri-pentru-motocoase\\\/\"},{\"@type\":\"ListItem\",\"position\":5,\"name\":\"Suport de prindere a curelei pentru motocoas\u0103\"}]},{\"@type\":\"WebSite\",\"@id\":\"https:\\\/\\\/kamoto.md\\\/ro\\\/#website\",\"url\":\"https:\\\/\\\/kamoto.md\\\/ro\\\/\",\"name\":\"Kamoto.MD\",\"description\":\"\u0418\u043d\u0442\u0435\u0440\u043d\u0435\u0442 \u043c\u0430\u0433\u0430\u0437\u0438\u043d \u044d\u043b\u0435\u043a\u0442\u0440\u043e\u0438\u043d\u0441\u0442\u0440\u0443\u043c\u0435\u043d\u0442\u0430, \u0441\u0430\u0434\u043e\u0432\u043e\u0439 \u0438 \u0441\u0438\u043b\u043e\u0432\u043e\u0439 \u0442\u0435\u0445\u043d\u0438\u043a\u0438.\",\"publisher\":{\"@id\":\"https:\\\/\\\/kamoto.md\\\/ro\\\/#organization\"},\"potentialAction\":[{\"@type\":\"SearchAction\",\"target\":{\"@type\":\"EntryPoint\",\"urlTemplate\":\"https:\\\/\\\/kamoto.md\\\/ro\\\/?s={search_term_string}\"},\"query-input\":{\"@type\":\"PropertyValueSpecification\",\"valueRequired\":true,\"valueName\":\"search_term_string\"}}],\"inLanguage\":\"ro-RO\"},{\"@type\":\"Organization\",\"@id\":\"https:\\\/\\\/kamoto.md\\\/ro\\\/#organization\",\"name\":\"Kamoto S.R.L.\",\"url\":\"https:\\\/\\\/kamoto.md\\\/ro\\\/\",\"logo\":{\"@type\":\"ImageObject\",\"inLanguage\":\"ro-RO\",\"@id\":\"https:\\\/\\\/kamoto.md\\\/ro\\\/#\\\/schema\\\/logo\\\/image\\\/\",\"url\":\"https:\\\/\\\/kamoto.md\\\/wp-content\\\/uploads\\\/2017\\\/08\\\/logo.png\",\"contentUrl\":\"https:\\\/\\\/kamoto.md\\\/wp-content\\\/uploads\\\/2017\\\/08\\\/logo.png\",\"width\":323,\"height\":50,\"caption\":\"Kamoto S.R.L.\"},\"image\":{\"@id\":\"https:\\\/\\\/kamoto.md\\\/ro\\\/#\\\/schema\\\/logo\\\/image\\\/\"}}]}<\/script>\n<!-- \/ Yoast SEO plugin. -->","yoast_head_json":{"title":"Discuri pentru motocoase - Suport de prindere a curelei pentru motocoas\u0103 - Kamoto.md","robots":{"index":"index","follow":"follow","max-snippet":"max-snippet:-1","max-image-preview":"max-image-preview:large","max-video-preview":"max-video-preview:-1"},"canonical":"https:\/\/kamoto.md\/ro\/shop\/accesorii\/discuri-pentru-motocoase\/suport-de-prindere-a-curelei-pentru-motocoas\/","og_locale":"ro_RO","og_type":"article","og_title":"Discuri pentru motocoase - Suport de prindere a curelei pentru motocoas\u0103 - Kamoto.md","og_description":"Suportul de prindere a curelei pentru motocoas\u0103 este un element metalic robust, destinat fix\u0103rii sigure a curelei sau hamului de sus\u021binere pe tija motocoasei. Construc\u021bia solid\u0103 asigur\u0103 stabilitate \u00een utilizare \u0219i contribuie la distribuirea uniform\u0103 a greut\u0103\u021bii echipamentului, sporind confortul \u0219i siguran\u021ba \u00een timpul lucrului. Se monteaz\u0103 u\u0219or \u0219i este compatibil cu majoritatea motocoaselor KAMOTO","og_url":"https:\/\/kamoto.md\/ro\/shop\/accesorii\/discuri-pentru-motocoase\/suport-de-prindere-a-curelei-pentru-motocoas\/","og_site_name":"Kamoto.md","article_modified_time":"2026-02-10T15:22:37+00:00","og_image":[{"width":1000,"height":1000,"url":"https:\/\/kamoto.md\/wp-content\/uploads\/2021\/05\/logo2.png","type":"image\/png"}],"twitter_card":"summary_large_image","schema":{"@context":"https:\/\/schema.org","@graph":[{"@type":["WebPage","ItemPage"],"@id":"https:\/\/kamoto.md\/ro\/shop\/accesorii\/discuri-pentru-motocoase\/suport-de-prindere-a-curelei-pentru-motocoas\/","url":"https:\/\/kamoto.md\/ro\/shop\/accesorii\/discuri-pentru-motocoase\/suport-de-prindere-a-curelei-pentru-motocoas\/","name":"Discuri pentru motocoase - Suport de prindere a curelei pentru motocoas\u0103 - Kamoto.md","isPartOf":{"@id":"https:\/\/kamoto.md\/ro\/#website"},"primaryImageOfPage":{"@id":"https:\/\/kamoto.md\/ro\/shop\/accesorii\/discuri-pentru-motocoase\/suport-de-prindere-a-curelei-pentru-motocoas\/#primaryimage"},"image":{"@id":"https:\/\/kamoto.md\/ro\/shop\/accesorii\/discuri-pentru-motocoase\/suport-de-prindere-a-curelei-pentru-motocoas\/#primaryimage"},"thumbnailUrl":"https:\/\/kamoto.md\/wp-content\/uploads\/2026\/02\/Suport-curea-pu-motocoase-1-.png","datePublished":"2026-02-10T15:18:10+00:00","dateModified":"2026-02-10T15:22:37+00:00","breadcrumb":{"@id":"https:\/\/kamoto.md\/ro\/shop\/accesorii\/discuri-pentru-motocoase\/suport-de-prindere-a-curelei-pentru-motocoas\/#breadcrumb"},"inLanguage":"ro-RO","potentialAction":[{"@type":"ReadAction","target":["https:\/\/kamoto.md\/ro\/shop\/accesorii\/discuri-pentru-motocoase\/suport-de-prindere-a-curelei-pentru-motocoas\/"]}]},{"@type":"ImageObject","inLanguage":"ro-RO","@id":"https:\/\/kamoto.md\/ro\/shop\/accesorii\/discuri-pentru-motocoase\/suport-de-prindere-a-curelei-pentru-motocoas\/#primaryimage","url":"https:\/\/kamoto.md\/wp-content\/uploads\/2026\/02\/Suport-curea-pu-motocoase-1-.png","contentUrl":"https:\/\/kamoto.md\/wp-content\/uploads\/2026\/02\/Suport-curea-pu-motocoase-1-.png","width":1000,"height":1000,"caption":"Suport curea p\/u motocoase"},{"@type":"BreadcrumbList","@id":"https:\/\/kamoto.md\/ro\/shop\/accesorii\/discuri-pentru-motocoase\/suport-de-prindere-a-curelei-pentru-motocoas\/#breadcrumb","itemListElement":[{"@type":"ListItem","position":1,"name":"\u0413\u043b\u0430\u0432\u043d\u0430\u044f \u0441\u0442\u0440\u0430\u043d\u0438\u0446\u0430","item":"https:\/\/kamoto.md\/ro\/"},{"@type":"ListItem","position":2,"name":"Catalog","item":"https:\/\/kamoto.md\/ro\/catalog\/"},{"@type":"ListItem","position":3,"name":"Accesorii","item":"https:\/\/kamoto.md\/ro\/catalog\/accesorii\/"},{"@type":"ListItem","position":4,"name":"Discuri pentru motocoase","item":"https:\/\/kamoto.md\/ro\/catalog\/accesorii\/discuri-pentru-motocoase\/"},{"@type":"ListItem","position":5,"name":"Suport de prindere a curelei pentru motocoas\u0103"}]},{"@type":"WebSite","@id":"https:\/\/kamoto.md\/ro\/#website","url":"https:\/\/kamoto.md\/ro\/","name":"Kamoto.MD","description":"\u0418\u043d\u0442\u0435\u0440\u043d\u0435\u0442 \u043c\u0430\u0433\u0430\u0437\u0438\u043d \u044d\u043b\u0435\u043a\u0442\u0440\u043e\u0438\u043d\u0441\u0442\u0440\u0443\u043c\u0435\u043d\u0442\u0430, \u0441\u0430\u0434\u043e\u0432\u043e\u0439 \u0438 \u0441\u0438\u043b\u043e\u0432\u043e\u0439 \u0442\u0435\u0445\u043d\u0438\u043a\u0438.","publisher":{"@id":"https:\/\/kamoto.md\/ro\/#organization"},"potentialAction":[{"@type":"SearchAction","target":{"@type":"EntryPoint","urlTemplate":"https:\/\/kamoto.md\/ro\/?s={search_term_string}"},"query-input":{"@type":"PropertyValueSpecification","valueRequired":true,"valueName":"search_term_string"}}],"inLanguage":"ro-RO"},{"@type":"Organization","@id":"https:\/\/kamoto.md\/ro\/#organization","name":"Kamoto S.R.L.","url":"https:\/\/kamoto.md\/ro\/","logo":{"@type":"ImageObject","inLanguage":"ro-RO","@id":"https:\/\/kamoto.md\/ro\/#\/schema\/logo\/image\/","url":"https:\/\/kamoto.md\/wp-content\/uploads\/2017\/08\/logo.png","contentUrl":"https:\/\/kamoto.md\/wp-content\/uploads\/2017\/08\/logo.png","width":323,"height":50,"caption":"Kamoto S.R.L."},"image":{"@id":"https:\/\/kamoto.md\/ro\/#\/schema\/logo\/image\/"}}]}},"_links":{"self":[{"href":"https:\/\/kamoto.md\/ro\/wp-json\/wp\/v2\/product\/14677","targetHints":{"allow":["GET"]}}],"collection":[{"href":"https:\/\/kamoto.md\/ro\/wp-json\/wp\/v2\/product"}],"about":[{"href":"https:\/\/kamoto.md\/ro\/wp-json\/wp\/v2\/types\/product"}],"wp:featuredmedia":[{"embeddable":true,"href":"https:\/\/kamoto.md\/ro\/wp-json\/wp\/v2\/media\/14675"}],"wp:attachment":[{"href":"https:\/\/kamoto.md\/ro\/wp-json\/wp\/v2\/media?parent=14677"}],"wp:term":[{"taxonomy":"product_brand","embeddable":true,"href":"https:\/\/kamoto.md\/ro\/wp-json\/wp\/v2\/product_brand?post=14677"},{"taxonomy":"product_cat","embeddable":true,"href":"https:\/\/kamoto.md\/ro\/wp-json\/wp\/v2\/product_cat?post=14677"},{"taxonomy":"product_tag","embeddable":true,"href":"https:\/\/kamoto.md\/ro\/wp-json\/wp\/v2\/product_tag?post=14677"}],"curies":[{"name":"wp","href":"https:\/\/api.w.org\/{rel}","templated":true}]}}