{"id":15092,"date":"2026-03-27T15:17:10","date_gmt":"2026-03-27T13:17:10","guid":{"rendered":"https:\/\/kamoto.md\/?post_type=product&#038;p=15092"},"modified":"2026-04-06T18:26:59","modified_gmt":"2026-04-06T16:26:59","slug":"kamoto-set-2-5-build","status":"publish","type":"product","link":"https:\/\/kamoto.md\/ro\/shop\/seturi-de-instrumente\/kamoto-set-2-5-build\/","title":{"rendered":"KAMOTO Set 2+5 Build"},"content":{"rendered":"<div class=\"wpb-content-wrapper\"><p>[vc_row][vc_column][vc_column_text css=&#8221;&#8221; woodmart_inline=&#8221;no&#8221; text_larger=&#8221;no&#8221;]<\/p>\n<div class=\"flex flex-col text-sm pb-25\">\n<section class=\"text-token-text-primary w-full focus:outline-none [--shadow-height:45px] has-data-writing-block:pointer-events-none has-data-writing-block:-mt-(--shadow-height) has-data-writing-block:pt-(--shadow-height) [&amp;:has([data-writing-block])&gt;*]:pointer-events-auto scroll-mt-[calc(var(--header-height)+min(200px,max(70px,20svh)))]\" dir=\"auto\" data-turn-id=\"request-WEB:71f479f1-54c0-47b6-a17b-a50398e5706c-21\" data-testid=\"conversation-turn-44\" data-scroll-anchor=\"true\" data-turn=\"assistant\">\n<div class=\"text-base my-auto mx-auto pb-10 [--thread-content-margin:var(--thread-content-margin-xs,calc(var(--spacing)*4))] @w-sm\/main:[--thread-content-margin:var(--thread-content-margin-sm,calc(var(--spacing)*6))] @w-lg\/main:[--thread-content-margin:var(--thread-content-margin-lg,calc(var(--spacing)*16))] px-(--thread-content-margin)\">\n<div class=\"[--thread-content-max-width:40rem] @w-lg\/main:[--thread-content-max-width:48rem] mx-auto max-w-(--thread-content-max-width) flex-1 group\/turn-messages focus-visible:outline-hidden relative flex w-full min-w-0 flex-col agent-turn\">\n<div class=\"flex max-w-full flex-col gap-4 grow\">\n<div class=\"min-h-8 text-message relative flex w-full flex-col items-end gap-2 text-start break-words whitespace-normal outline-none keyboard-focused:focus-ring [.text-message+&amp;]:mt-1\" dir=\"auto\" tabindex=\"0\" data-message-author-role=\"assistant\" data-message-id=\"8629daa1-ada0-4f47-958a-c0c075816d9b\" data-message-model-slug=\"gpt-5-3\" data-turn-start-message=\"true\">\n<div class=\"flex w-full flex-col gap-1 empty:hidden\">\n<div class=\"markdown prose dark:prose-invert w-full wrap-break-word light markdown-new-styling\">\n<p data-start=\"260\" data-end=\"416\">Solu\u021bia ideal\u0103 pentru lucr\u0103ri de construc\u021bie \u0219i repara\u021bii. Uita\u021bi de dificultatea alegerii \u2014 toate uneltele necesare sunt deja incluse \u00eentr-un singur set.<\/p>\n<p data-start=\"418\" data-end=\"602\">Setul permite realizarea unei game largi de lucr\u0103ri: g\u0103urire, asamblare, t\u0103iere \u0219i prelucrarea materialelor. Este potrivit at\u00e2t pentru uz casnic, c\u00e2t \u0219i pentru utilizare mai intens\u0103.<\/p>\n<p data-start=\"604\" data-end=\"707\" data-is-last-node=\"\" data-is-only-node=\"\">Achizi\u021bion\u00e2nd setul, economisi\u021bi, iar sistemul comun de baterii face utilizarea mai comod\u0103 \u0219i practic\u0103.<\/p>\n<\/div>\n<\/div>\n<\/div>\n<\/div>\n<div class=\"z-0 flex min-h-[46px] justify-start\"><\/div>\n<div class=\"mt-3 w-full empty:hidden\">\n<div class=\"text-center\"><\/div>\n<\/div>\n<\/div>\n<\/div>\n<\/section>\n<\/div>\n<div class=\"pointer-events-none h-px w-px absolute bottom-0\" aria-hidden=\"true\" data-edge=\"true\"><\/div>\n<p>[\/vc_column_text][\/vc_column][\/vc_row]<\/p>\n<\/div>","protected":false},"excerpt":{"rendered":"<p>\u2022 Ma\u0219in\u0103 de g\u0103urit \u0219i \u00een\u0219urubat pe acumulator <a href=\"https:\/\/kamoto.md\/ro\/shop\/scule-electrice\/masini-de-insurubat-cu-acumulator\/masina-de-gaurit-cu-percutie-pe-acumulator-kamoto-db100-fara-baterie-si-incarcator\/\">KAMOTO DB100<\/a> \u2014 1 buc<br data-start=\"109\" data-end=\"112\" \/>\u2022 Polizor unghiular pe acumulator <a href=\"https:\/\/kamoto.md\/ro\/shop\/scule-electrice\/polizoare-unghiulare\/polizor-unghiular-kamoto-a850\/\">KAMOTO AB1000<\/a> \u2014 1 buc<br data-start=\"167\" data-end=\"170\" \/>\u2022 Cutie BMC \u2014 2 buc<br data-start=\"189\" data-end=\"192\" \/>\u2022 Baterie <a href=\"https:\/\/kamoto.md\/ro\/shop\/accesorii\/acumulatoare\/baterie-kamoto-b204-20v-4ah\/\">KAMOTO B204<\/a> \u2014 2 buc<br data-start=\"221\" data-end=\"224\" data-is-only-node=\"\" \/>\u2022 \u00cenc\u0103rc\u0103tor <a href=\"https:\/\/kamoto.md\/ro\/shop\/accesorii\/acumulatoare\/incarcator-kamoto-c202-20v-2a\/\">KAMOTO C202<\/a> \u2014 1 buc<\/p>\n","protected":false},"featured_media":15090,"template":"","meta":[],"product_brand":[],"product_cat":[487],"product_tag":[],"class_list":{"0":"post-15092","1":"product","2":"type-product","3":"status-publish","4":"has-post-thumbnail","6":"product_cat-seturi-de-instrumente","8":"first","9":"instock","10":"sale","11":"shipping-taxable","12":"purchasable","13":"product-type-simple"},"yoast_head":"<!-- This site is optimized with the Yoast SEO plugin v27.3 - https:\/\/yoast.com\/product\/yoast-seo-wordpress\/ -->\n<title>Seturi de Instrumente - KAMOTO Set 2+5 Build - Kamoto.md<\/title>\n<meta name=\"robots\" content=\"index, follow, max-snippet:-1, max-image-preview:large, max-video-preview:-1\" \/>\n<link rel=\"canonical\" href=\"https:\/\/kamoto.md\/ro\/shop\/seturi-de-instrumente\/kamoto-set-2-5-build\/\" \/>\n<meta property=\"og:locale\" content=\"ro_RO\" \/>\n<meta property=\"og:type\" content=\"article\" \/>\n<meta property=\"og:title\" content=\"Seturi de Instrumente - KAMOTO Set 2+5 Build - Kamoto.md\" \/>\n<meta property=\"og:description\" content=\"\u2022 Ma\u0219in\u0103 de g\u0103urit \u0219i \u00een\u0219urubat pe acumulator KAMOTO DB100 \u2014 1 buc\u2022 Polizor unghiular pe acumulator KAMOTO AB1000 \u2014 1 buc\u2022 Cutie BMC \u2014 2 buc\u2022 Baterie KAMOTO B204 \u2014 2 buc\u2022 \u00cenc\u0103rc\u0103tor KAMOTO C202 \u2014 1 buc\" \/>\n<meta property=\"og:url\" content=\"https:\/\/kamoto.md\/ro\/shop\/seturi-de-instrumente\/kamoto-set-2-5-build\/\" \/>\n<meta property=\"og:site_name\" content=\"Kamoto.md\" \/>\n<meta property=\"article:modified_time\" content=\"2026-04-06T16:26:59+00:00\" \/>\n<meta property=\"og:image\" content=\"https:\/\/kamoto.md\/wp-content\/uploads\/2021\/05\/logo2.png\" \/>\n\t<meta property=\"og:image:width\" content=\"1000\" \/>\n\t<meta property=\"og:image:height\" content=\"1000\" \/>\n\t<meta property=\"og:image:type\" content=\"image\/png\" \/>\n<meta name=\"twitter:card\" content=\"summary_large_image\" \/>\n<meta name=\"twitter:label1\" content=\"Timp estimat pentru citire\" \/>\n\t<meta name=\"twitter:data1\" content=\"1 minut\" \/>\n<script type=\"application\/ld+json\" class=\"yoast-schema-graph\">{\"@context\":\"https:\\\/\\\/schema.org\",\"@graph\":[{\"@type\":[\"WebPage\",\"ItemPage\"],\"@id\":\"https:\\\/\\\/kamoto.md\\\/ro\\\/shop\\\/seturi-de-instrumente\\\/kamoto-set-2-5-build\\\/\",\"url\":\"https:\\\/\\\/kamoto.md\\\/ro\\\/shop\\\/seturi-de-instrumente\\\/kamoto-set-2-5-build\\\/\",\"name\":\"Seturi de Instrumente - KAMOTO Set 2+5 Build - Kamoto.md\",\"isPartOf\":{\"@id\":\"https:\\\/\\\/kamoto.md\\\/ro\\\/#website\"},\"primaryImageOfPage\":{\"@id\":\"https:\\\/\\\/kamoto.md\\\/ro\\\/shop\\\/seturi-de-instrumente\\\/kamoto-set-2-5-build\\\/#primaryimage\"},\"image\":{\"@id\":\"https:\\\/\\\/kamoto.md\\\/ro\\\/shop\\\/seturi-de-instrumente\\\/kamoto-set-2-5-build\\\/#primaryimage\"},\"thumbnailUrl\":\"https:\\\/\\\/kamoto.md\\\/wp-content\\\/uploads\\\/2026\\\/03\\\/BUILD.png\",\"datePublished\":\"2026-03-27T13:17:10+00:00\",\"dateModified\":\"2026-04-06T16:26:59+00:00\",\"breadcrumb\":{\"@id\":\"https:\\\/\\\/kamoto.md\\\/ro\\\/shop\\\/seturi-de-instrumente\\\/kamoto-set-2-5-build\\\/#breadcrumb\"},\"inLanguage\":\"ro-RO\",\"potentialAction\":[{\"@type\":\"ReadAction\",\"target\":[\"https:\\\/\\\/kamoto.md\\\/ro\\\/shop\\\/seturi-de-instrumente\\\/kamoto-set-2-5-build\\\/\"]}]},{\"@type\":\"ImageObject\",\"inLanguage\":\"ro-RO\",\"@id\":\"https:\\\/\\\/kamoto.md\\\/ro\\\/shop\\\/seturi-de-instrumente\\\/kamoto-set-2-5-build\\\/#primaryimage\",\"url\":\"https:\\\/\\\/kamoto.md\\\/wp-content\\\/uploads\\\/2026\\\/03\\\/BUILD.png\",\"contentUrl\":\"https:\\\/\\\/kamoto.md\\\/wp-content\\\/uploads\\\/2026\\\/03\\\/BUILD.png\",\"width\":1000,\"height\":1000,\"caption\":\"Set 2+5 Build\"},{\"@type\":\"BreadcrumbList\",\"@id\":\"https:\\\/\\\/kamoto.md\\\/ro\\\/shop\\\/seturi-de-instrumente\\\/kamoto-set-2-5-build\\\/#breadcrumb\",\"itemListElement\":[{\"@type\":\"ListItem\",\"position\":1,\"name\":\"\u0413\u043b\u0430\u0432\u043d\u0430\u044f \u0441\u0442\u0440\u0430\u043d\u0438\u0446\u0430\",\"item\":\"https:\\\/\\\/kamoto.md\\\/ro\\\/\"},{\"@type\":\"ListItem\",\"position\":2,\"name\":\"Catalog\",\"item\":\"https:\\\/\\\/kamoto.md\\\/ro\\\/catalog\\\/\"},{\"@type\":\"ListItem\",\"position\":3,\"name\":\"Seturi de Instrumente\",\"item\":\"https:\\\/\\\/kamoto.md\\\/ro\\\/catalog\\\/seturi-de-instrumente\\\/\"},{\"@type\":\"ListItem\",\"position\":4,\"name\":\"KAMOTO Set 2+5 Build\"}]},{\"@type\":\"WebSite\",\"@id\":\"https:\\\/\\\/kamoto.md\\\/ro\\\/#website\",\"url\":\"https:\\\/\\\/kamoto.md\\\/ro\\\/\",\"name\":\"Kamoto.MD\",\"description\":\"\u0418\u043d\u0442\u0435\u0440\u043d\u0435\u0442 \u043c\u0430\u0433\u0430\u0437\u0438\u043d \u044d\u043b\u0435\u043a\u0442\u0440\u043e\u0438\u043d\u0441\u0442\u0440\u0443\u043c\u0435\u043d\u0442\u0430, \u0441\u0430\u0434\u043e\u0432\u043e\u0439 \u0438 \u0441\u0438\u043b\u043e\u0432\u043e\u0439 \u0442\u0435\u0445\u043d\u0438\u043a\u0438.\",\"publisher\":{\"@id\":\"https:\\\/\\\/kamoto.md\\\/ro\\\/#organization\"},\"potentialAction\":[{\"@type\":\"SearchAction\",\"target\":{\"@type\":\"EntryPoint\",\"urlTemplate\":\"https:\\\/\\\/kamoto.md\\\/ro\\\/?s={search_term_string}\"},\"query-input\":{\"@type\":\"PropertyValueSpecification\",\"valueRequired\":true,\"valueName\":\"search_term_string\"}}],\"inLanguage\":\"ro-RO\"},{\"@type\":\"Organization\",\"@id\":\"https:\\\/\\\/kamoto.md\\\/ro\\\/#organization\",\"name\":\"Kamoto S.R.L.\",\"url\":\"https:\\\/\\\/kamoto.md\\\/ro\\\/\",\"logo\":{\"@type\":\"ImageObject\",\"inLanguage\":\"ro-RO\",\"@id\":\"https:\\\/\\\/kamoto.md\\\/ro\\\/#\\\/schema\\\/logo\\\/image\\\/\",\"url\":\"https:\\\/\\\/kamoto.md\\\/wp-content\\\/uploads\\\/2017\\\/08\\\/logo.png\",\"contentUrl\":\"https:\\\/\\\/kamoto.md\\\/wp-content\\\/uploads\\\/2017\\\/08\\\/logo.png\",\"width\":323,\"height\":50,\"caption\":\"Kamoto S.R.L.\"},\"image\":{\"@id\":\"https:\\\/\\\/kamoto.md\\\/ro\\\/#\\\/schema\\\/logo\\\/image\\\/\"}}]}<\/script>\n<!-- \/ Yoast SEO plugin. -->","yoast_head_json":{"title":"Seturi de Instrumente - KAMOTO Set 2+5 Build - Kamoto.md","robots":{"index":"index","follow":"follow","max-snippet":"max-snippet:-1","max-image-preview":"max-image-preview:large","max-video-preview":"max-video-preview:-1"},"canonical":"https:\/\/kamoto.md\/ro\/shop\/seturi-de-instrumente\/kamoto-set-2-5-build\/","og_locale":"ro_RO","og_type":"article","og_title":"Seturi de Instrumente - KAMOTO Set 2+5 Build - Kamoto.md","og_description":"\u2022 Ma\u0219in\u0103 de g\u0103urit \u0219i \u00een\u0219urubat pe acumulator KAMOTO DB100 \u2014 1 buc\u2022 Polizor unghiular pe acumulator KAMOTO AB1000 \u2014 1 buc\u2022 Cutie BMC \u2014 2 buc\u2022 Baterie KAMOTO B204 \u2014 2 buc\u2022 \u00cenc\u0103rc\u0103tor KAMOTO C202 \u2014 1 buc","og_url":"https:\/\/kamoto.md\/ro\/shop\/seturi-de-instrumente\/kamoto-set-2-5-build\/","og_site_name":"Kamoto.md","article_modified_time":"2026-04-06T16:26:59+00:00","og_image":[{"width":1000,"height":1000,"url":"https:\/\/kamoto.md\/wp-content\/uploads\/2021\/05\/logo2.png","type":"image\/png"}],"twitter_card":"summary_large_image","twitter_misc":{"Timp estimat pentru citire":"1 minut"},"schema":{"@context":"https:\/\/schema.org","@graph":[{"@type":["WebPage","ItemPage"],"@id":"https:\/\/kamoto.md\/ro\/shop\/seturi-de-instrumente\/kamoto-set-2-5-build\/","url":"https:\/\/kamoto.md\/ro\/shop\/seturi-de-instrumente\/kamoto-set-2-5-build\/","name":"Seturi de Instrumente - KAMOTO Set 2+5 Build - Kamoto.md","isPartOf":{"@id":"https:\/\/kamoto.md\/ro\/#website"},"primaryImageOfPage":{"@id":"https:\/\/kamoto.md\/ro\/shop\/seturi-de-instrumente\/kamoto-set-2-5-build\/#primaryimage"},"image":{"@id":"https:\/\/kamoto.md\/ro\/shop\/seturi-de-instrumente\/kamoto-set-2-5-build\/#primaryimage"},"thumbnailUrl":"https:\/\/kamoto.md\/wp-content\/uploads\/2026\/03\/BUILD.png","datePublished":"2026-03-27T13:17:10+00:00","dateModified":"2026-04-06T16:26:59+00:00","breadcrumb":{"@id":"https:\/\/kamoto.md\/ro\/shop\/seturi-de-instrumente\/kamoto-set-2-5-build\/#breadcrumb"},"inLanguage":"ro-RO","potentialAction":[{"@type":"ReadAction","target":["https:\/\/kamoto.md\/ro\/shop\/seturi-de-instrumente\/kamoto-set-2-5-build\/"]}]},{"@type":"ImageObject","inLanguage":"ro-RO","@id":"https:\/\/kamoto.md\/ro\/shop\/seturi-de-instrumente\/kamoto-set-2-5-build\/#primaryimage","url":"https:\/\/kamoto.md\/wp-content\/uploads\/2026\/03\/BUILD.png","contentUrl":"https:\/\/kamoto.md\/wp-content\/uploads\/2026\/03\/BUILD.png","width":1000,"height":1000,"caption":"Set 2+5 Build"},{"@type":"BreadcrumbList","@id":"https:\/\/kamoto.md\/ro\/shop\/seturi-de-instrumente\/kamoto-set-2-5-build\/#breadcrumb","itemListElement":[{"@type":"ListItem","position":1,"name":"\u0413\u043b\u0430\u0432\u043d\u0430\u044f \u0441\u0442\u0440\u0430\u043d\u0438\u0446\u0430","item":"https:\/\/kamoto.md\/ro\/"},{"@type":"ListItem","position":2,"name":"Catalog","item":"https:\/\/kamoto.md\/ro\/catalog\/"},{"@type":"ListItem","position":3,"name":"Seturi de Instrumente","item":"https:\/\/kamoto.md\/ro\/catalog\/seturi-de-instrumente\/"},{"@type":"ListItem","position":4,"name":"KAMOTO Set 2+5 Build"}]},{"@type":"WebSite","@id":"https:\/\/kamoto.md\/ro\/#website","url":"https:\/\/kamoto.md\/ro\/","name":"Kamoto.MD","description":"\u0418\u043d\u0442\u0435\u0440\u043d\u0435\u0442 \u043c\u0430\u0433\u0430\u0437\u0438\u043d \u044d\u043b\u0435\u043a\u0442\u0440\u043e\u0438\u043d\u0441\u0442\u0440\u0443\u043c\u0435\u043d\u0442\u0430, \u0441\u0430\u0434\u043e\u0432\u043e\u0439 \u0438 \u0441\u0438\u043b\u043e\u0432\u043e\u0439 \u0442\u0435\u0445\u043d\u0438\u043a\u0438.","publisher":{"@id":"https:\/\/kamoto.md\/ro\/#organization"},"potentialAction":[{"@type":"SearchAction","target":{"@type":"EntryPoint","urlTemplate":"https:\/\/kamoto.md\/ro\/?s={search_term_string}"},"query-input":{"@type":"PropertyValueSpecification","valueRequired":true,"valueName":"search_term_string"}}],"inLanguage":"ro-RO"},{"@type":"Organization","@id":"https:\/\/kamoto.md\/ro\/#organization","name":"Kamoto S.R.L.","url":"https:\/\/kamoto.md\/ro\/","logo":{"@type":"ImageObject","inLanguage":"ro-RO","@id":"https:\/\/kamoto.md\/ro\/#\/schema\/logo\/image\/","url":"https:\/\/kamoto.md\/wp-content\/uploads\/2017\/08\/logo.png","contentUrl":"https:\/\/kamoto.md\/wp-content\/uploads\/2017\/08\/logo.png","width":323,"height":50,"caption":"Kamoto S.R.L."},"image":{"@id":"https:\/\/kamoto.md\/ro\/#\/schema\/logo\/image\/"}}]}},"_links":{"self":[{"href":"https:\/\/kamoto.md\/ro\/wp-json\/wp\/v2\/product\/15092","targetHints":{"allow":["GET"]}}],"collection":[{"href":"https:\/\/kamoto.md\/ro\/wp-json\/wp\/v2\/product"}],"about":[{"href":"https:\/\/kamoto.md\/ro\/wp-json\/wp\/v2\/types\/product"}],"wp:featuredmedia":[{"embeddable":true,"href":"https:\/\/kamoto.md\/ro\/wp-json\/wp\/v2\/media\/15090"}],"wp:attachment":[{"href":"https:\/\/kamoto.md\/ro\/wp-json\/wp\/v2\/media?parent=15092"}],"wp:term":[{"taxonomy":"product_brand","embeddable":true,"href":"https:\/\/kamoto.md\/ro\/wp-json\/wp\/v2\/product_brand?post=15092"},{"taxonomy":"product_cat","embeddable":true,"href":"https:\/\/kamoto.md\/ro\/wp-json\/wp\/v2\/product_cat?post=15092"},{"taxonomy":"product_tag","embeddable":true,"href":"https:\/\/kamoto.md\/ro\/wp-json\/wp\/v2\/product_tag?post=15092"}],"curies":[{"name":"wp","href":"https:\/\/api.w.org\/{rel}","templated":true}]}}