{"id":15118,"date":"2026-03-27T16:30:43","date_gmt":"2026-03-27T14:30:43","guid":{"rendered":"https:\/\/kamoto.md\/?post_type=product&#038;p=15118"},"modified":"2026-03-27T16:35:18","modified_gmt":"2026-03-27T14:35:18","slug":"kamoto-set-3-6-builder","status":"publish","type":"product","link":"https:\/\/kamoto.md\/ro\/shop\/seturi-de-instrumente\/kamoto-set-3-6-builder\/","title":{"rendered":"KAMOTO Set 3+6 Builder"},"content":{"rendered":"<div class=\"wpb-content-wrapper\"><p>[vc_row][vc_column][vc_column_text css=&#8221;&#8221; woodmart_inline=&#8221;no&#8221; text_larger=&#8221;no&#8221;]<\/p>\n<p data-start=\"1710\" data-end=\"1883\">Solu\u021bia ideal\u0103 pentru lucr\u0103ri de construc\u021bii \u0219i montaj de orice nivel. Uita\u021bi de dificultatea alegerii \u2014 am inclus tot ce ave\u021bi nevoie \u00eentr-un singur set.<\/p>\n<p data-start=\"1885\" data-end=\"2115\">Cu acest set pute\u021bi realiza o gam\u0103 larg\u0103 de lucr\u0103ri: folosi\u021bi ma\u0219ina de g\u0103urit cu percu\u021bie pentru g\u0103urire \u0219i fixare, rotopercutorul pentru lucrul cu betonul \u0219i materiale dure, iar polizorul unghiular pentru t\u0103iere \u0219i prelucrare.<\/p>\n<p data-start=\"2117\" data-end=\"2385\">Achizi\u021bion\u00e2nd setul, economisi\u021bi comparativ cu cump\u0103rarea separat\u0103 a produselor, iar cele dou\u0103 baterii asigur\u0103 o durat\u0103 mai lung\u0103 de lucru f\u0103r\u0103 \u00eentreruperi. Este o solu\u021bie puternic\u0103 \u0219i versatil\u0103, potrivit\u0103 at\u00e2t pentru uz casnic, c\u00e2t \u0219i pentru utilizare profesional\u0103.<\/p>\n<p>[\/vc_column_text][\/vc_column][\/vc_row]<\/p>\n<\/div>","protected":false},"excerpt":{"rendered":"<p>\u2022 Ma\u0219in\u0103 de g\u0103urit cu percu\u021bie pe acumulator <a href=\"https:\/\/kamoto.md\/ro\/shop\/scule-electrice\/masini-de-insurubat-cu-acumulator\/masina-de-gaurit-cu-percutie-pe-acumulator-kamoto-db100-fara-baterie-si-incarcator\/\">KAMOTO DB100<\/a> (f\u0103r\u0103 baterie \u0219i \u00eenc\u0103rc\u0103tor) \u2014 1 buc<br data-start=\"1444\" data-end=\"1447\" \/>\u2022 Ciocan rotopercutor pe acumulator <a href=\"https:\/\/kamoto.md\/ro\/shop\/scule-electrice\/ciocane-rotopercutoare\/masina-de-gaurit-cu-percutie-pe-acumulator-kamoto-hb4-fara-baterie-si-incarcator\/\">KAMOTO HB4<\/a> (f\u0103r\u0103 baterie \u0219i \u00eenc\u0103rc\u0103tor) \u2014 1 buc<br data-start=\"1530\" data-end=\"1533\" \/>\u2022 Polizor unghiular pe acumulator <a href=\"https:\/\/kamoto.md\/ro\/shop\/scule-electrice\/polizoare-unghiulare\/polizor-unghiular-kamoto-a850\/\">KAMOTO AB1000<\/a> (f\u0103r\u0103 baterie \u0219i \u00eenc\u0103rc\u0103tor) \u2014 1 buc<br data-start=\"1617\" data-end=\"1620\" \/>\u2022 Cutie BMC \u2014 3 buc<br data-start=\"1639\" data-end=\"1642\" \/>\u2022 Baterie <a href=\"https:\/\/kamoto.md\/ro\/shop\/accesorii\/acumulatoare\/baterie-kamoto-b204-20v-4ah\/\">KAMOTO B204<\/a> \u2014 2 buc<br data-start=\"1671\" data-end=\"1674\" \/>\u2022 \u00cenc\u0103rc\u0103tor <a href=\"https:\/\/kamoto.md\/ro\/shop\/accesorii\/acumulatoare\/incarcator-kamoto-c202-20v-2a\/\">KAMOTO C202<\/a> \u2014 1 buc<\/p>\n","protected":false},"featured_media":15115,"template":"","meta":[],"product_brand":[],"product_cat":[487],"product_tag":[],"class_list":{"0":"post-15118","1":"product","2":"type-product","3":"status-publish","4":"has-post-thumbnail","6":"product_cat-seturi-de-instrumente","8":"first","9":"instock","10":"sale","11":"shipping-taxable","12":"purchasable","13":"product-type-simple"},"yoast_head":"<!-- This site is optimized with the Yoast SEO plugin v27.3 - https:\/\/yoast.com\/product\/yoast-seo-wordpress\/ -->\n<title>Seturi de Instrumente - KAMOTO Set 3+6 Builder - Kamoto.md<\/title>\n<meta name=\"robots\" content=\"index, follow, max-snippet:-1, max-image-preview:large, max-video-preview:-1\" \/>\n<link rel=\"canonical\" href=\"https:\/\/kamoto.md\/ro\/shop\/seturi-de-instrumente\/kamoto-set-3-6-builder\/\" \/>\n<meta property=\"og:locale\" content=\"ro_RO\" \/>\n<meta property=\"og:type\" content=\"article\" \/>\n<meta property=\"og:title\" content=\"Seturi de Instrumente - KAMOTO Set 3+6 Builder - Kamoto.md\" \/>\n<meta property=\"og:description\" content=\"\u2022 Ma\u0219in\u0103 de g\u0103urit cu percu\u021bie pe acumulator KAMOTO DB100 (f\u0103r\u0103 baterie \u0219i \u00eenc\u0103rc\u0103tor) \u2014 1 buc\u2022 Ciocan rotopercutor pe acumulator KAMOTO HB4 (f\u0103r\u0103 baterie \u0219i \u00eenc\u0103rc\u0103tor) \u2014 1 buc\u2022 Polizor unghiular pe acumulator KAMOTO AB1000 (f\u0103r\u0103 baterie \u0219i \u00eenc\u0103rc\u0103tor) \u2014 1 buc\u2022 Cutie BMC \u2014 3 buc\u2022 Baterie KAMOTO B204 \u2014 2 buc\u2022 \u00cenc\u0103rc\u0103tor KAMOTO C202 \u2014 1 buc\" \/>\n<meta property=\"og:url\" content=\"https:\/\/kamoto.md\/ro\/shop\/seturi-de-instrumente\/kamoto-set-3-6-builder\/\" \/>\n<meta property=\"og:site_name\" content=\"Kamoto.md\" \/>\n<meta property=\"article:modified_time\" content=\"2026-03-27T14:35:18+00:00\" \/>\n<meta property=\"og:image\" content=\"https:\/\/kamoto.md\/wp-content\/uploads\/2021\/05\/logo2.png\" \/>\n\t<meta property=\"og:image:width\" content=\"1000\" \/>\n\t<meta property=\"og:image:height\" content=\"1000\" \/>\n\t<meta property=\"og:image:type\" content=\"image\/png\" \/>\n<meta name=\"twitter:card\" content=\"summary_large_image\" \/>\n<meta name=\"twitter:label1\" content=\"Timp estimat pentru citire\" \/>\n\t<meta name=\"twitter:data1\" content=\"1 minut\" \/>\n<script type=\"application\/ld+json\" class=\"yoast-schema-graph\">{\"@context\":\"https:\\\/\\\/schema.org\",\"@graph\":[{\"@type\":[\"WebPage\",\"ItemPage\"],\"@id\":\"https:\\\/\\\/kamoto.md\\\/ro\\\/shop\\\/seturi-de-instrumente\\\/kamoto-set-3-6-builder\\\/\",\"url\":\"https:\\\/\\\/kamoto.md\\\/ro\\\/shop\\\/seturi-de-instrumente\\\/kamoto-set-3-6-builder\\\/\",\"name\":\"Seturi de Instrumente - KAMOTO Set 3+6 Builder - Kamoto.md\",\"isPartOf\":{\"@id\":\"https:\\\/\\\/kamoto.md\\\/ro\\\/#website\"},\"primaryImageOfPage\":{\"@id\":\"https:\\\/\\\/kamoto.md\\\/ro\\\/shop\\\/seturi-de-instrumente\\\/kamoto-set-3-6-builder\\\/#primaryimage\"},\"image\":{\"@id\":\"https:\\\/\\\/kamoto.md\\\/ro\\\/shop\\\/seturi-de-instrumente\\\/kamoto-set-3-6-builder\\\/#primaryimage\"},\"thumbnailUrl\":\"https:\\\/\\\/kamoto.md\\\/wp-content\\\/uploads\\\/2026\\\/03\\\/Builder.png\",\"datePublished\":\"2026-03-27T14:30:43+00:00\",\"dateModified\":\"2026-03-27T14:35:18+00:00\",\"breadcrumb\":{\"@id\":\"https:\\\/\\\/kamoto.md\\\/ro\\\/shop\\\/seturi-de-instrumente\\\/kamoto-set-3-6-builder\\\/#breadcrumb\"},\"inLanguage\":\"ro-RO\",\"potentialAction\":[{\"@type\":\"ReadAction\",\"target\":[\"https:\\\/\\\/kamoto.md\\\/ro\\\/shop\\\/seturi-de-instrumente\\\/kamoto-set-3-6-builder\\\/\"]}]},{\"@type\":\"ImageObject\",\"inLanguage\":\"ro-RO\",\"@id\":\"https:\\\/\\\/kamoto.md\\\/ro\\\/shop\\\/seturi-de-instrumente\\\/kamoto-set-3-6-builder\\\/#primaryimage\",\"url\":\"https:\\\/\\\/kamoto.md\\\/wp-content\\\/uploads\\\/2026\\\/03\\\/Builder.png\",\"contentUrl\":\"https:\\\/\\\/kamoto.md\\\/wp-content\\\/uploads\\\/2026\\\/03\\\/Builder.png\",\"width\":1000,\"height\":1000,\"caption\":\"Set 3+6 Builder\"},{\"@type\":\"BreadcrumbList\",\"@id\":\"https:\\\/\\\/kamoto.md\\\/ro\\\/shop\\\/seturi-de-instrumente\\\/kamoto-set-3-6-builder\\\/#breadcrumb\",\"itemListElement\":[{\"@type\":\"ListItem\",\"position\":1,\"name\":\"\u0413\u043b\u0430\u0432\u043d\u0430\u044f \u0441\u0442\u0440\u0430\u043d\u0438\u0446\u0430\",\"item\":\"https:\\\/\\\/kamoto.md\\\/ro\\\/\"},{\"@type\":\"ListItem\",\"position\":2,\"name\":\"Catalog\",\"item\":\"https:\\\/\\\/kamoto.md\\\/ro\\\/catalog\\\/\"},{\"@type\":\"ListItem\",\"position\":3,\"name\":\"Seturi de Instrumente\",\"item\":\"https:\\\/\\\/kamoto.md\\\/ro\\\/catalog\\\/seturi-de-instrumente\\\/\"},{\"@type\":\"ListItem\",\"position\":4,\"name\":\"KAMOTO Set 3+6 Builder\"}]},{\"@type\":\"WebSite\",\"@id\":\"https:\\\/\\\/kamoto.md\\\/ro\\\/#website\",\"url\":\"https:\\\/\\\/kamoto.md\\\/ro\\\/\",\"name\":\"Kamoto.MD\",\"description\":\"\u0418\u043d\u0442\u0435\u0440\u043d\u0435\u0442 \u043c\u0430\u0433\u0430\u0437\u0438\u043d \u044d\u043b\u0435\u043a\u0442\u0440\u043e\u0438\u043d\u0441\u0442\u0440\u0443\u043c\u0435\u043d\u0442\u0430, \u0441\u0430\u0434\u043e\u0432\u043e\u0439 \u0438 \u0441\u0438\u043b\u043e\u0432\u043e\u0439 \u0442\u0435\u0445\u043d\u0438\u043a\u0438.\",\"publisher\":{\"@id\":\"https:\\\/\\\/kamoto.md\\\/ro\\\/#organization\"},\"potentialAction\":[{\"@type\":\"SearchAction\",\"target\":{\"@type\":\"EntryPoint\",\"urlTemplate\":\"https:\\\/\\\/kamoto.md\\\/ro\\\/?s={search_term_string}\"},\"query-input\":{\"@type\":\"PropertyValueSpecification\",\"valueRequired\":true,\"valueName\":\"search_term_string\"}}],\"inLanguage\":\"ro-RO\"},{\"@type\":\"Organization\",\"@id\":\"https:\\\/\\\/kamoto.md\\\/ro\\\/#organization\",\"name\":\"Kamoto S.R.L.\",\"url\":\"https:\\\/\\\/kamoto.md\\\/ro\\\/\",\"logo\":{\"@type\":\"ImageObject\",\"inLanguage\":\"ro-RO\",\"@id\":\"https:\\\/\\\/kamoto.md\\\/ro\\\/#\\\/schema\\\/logo\\\/image\\\/\",\"url\":\"https:\\\/\\\/kamoto.md\\\/wp-content\\\/uploads\\\/2017\\\/08\\\/logo.png\",\"contentUrl\":\"https:\\\/\\\/kamoto.md\\\/wp-content\\\/uploads\\\/2017\\\/08\\\/logo.png\",\"width\":323,\"height\":50,\"caption\":\"Kamoto S.R.L.\"},\"image\":{\"@id\":\"https:\\\/\\\/kamoto.md\\\/ro\\\/#\\\/schema\\\/logo\\\/image\\\/\"}}]}<\/script>\n<!-- \/ Yoast SEO plugin. -->","yoast_head_json":{"title":"Seturi de Instrumente - KAMOTO Set 3+6 Builder - Kamoto.md","robots":{"index":"index","follow":"follow","max-snippet":"max-snippet:-1","max-image-preview":"max-image-preview:large","max-video-preview":"max-video-preview:-1"},"canonical":"https:\/\/kamoto.md\/ro\/shop\/seturi-de-instrumente\/kamoto-set-3-6-builder\/","og_locale":"ro_RO","og_type":"article","og_title":"Seturi de Instrumente - KAMOTO Set 3+6 Builder - Kamoto.md","og_description":"\u2022 Ma\u0219in\u0103 de g\u0103urit cu percu\u021bie pe acumulator KAMOTO DB100 (f\u0103r\u0103 baterie \u0219i \u00eenc\u0103rc\u0103tor) \u2014 1 buc\u2022 Ciocan rotopercutor pe acumulator KAMOTO HB4 (f\u0103r\u0103 baterie \u0219i \u00eenc\u0103rc\u0103tor) \u2014 1 buc\u2022 Polizor unghiular pe acumulator KAMOTO AB1000 (f\u0103r\u0103 baterie \u0219i \u00eenc\u0103rc\u0103tor) \u2014 1 buc\u2022 Cutie BMC \u2014 3 buc\u2022 Baterie KAMOTO B204 \u2014 2 buc\u2022 \u00cenc\u0103rc\u0103tor KAMOTO C202 \u2014 1 buc","og_url":"https:\/\/kamoto.md\/ro\/shop\/seturi-de-instrumente\/kamoto-set-3-6-builder\/","og_site_name":"Kamoto.md","article_modified_time":"2026-03-27T14:35:18+00:00","og_image":[{"width":1000,"height":1000,"url":"https:\/\/kamoto.md\/wp-content\/uploads\/2021\/05\/logo2.png","type":"image\/png"}],"twitter_card":"summary_large_image","twitter_misc":{"Timp estimat pentru citire":"1 minut"},"schema":{"@context":"https:\/\/schema.org","@graph":[{"@type":["WebPage","ItemPage"],"@id":"https:\/\/kamoto.md\/ro\/shop\/seturi-de-instrumente\/kamoto-set-3-6-builder\/","url":"https:\/\/kamoto.md\/ro\/shop\/seturi-de-instrumente\/kamoto-set-3-6-builder\/","name":"Seturi de Instrumente - KAMOTO Set 3+6 Builder - Kamoto.md","isPartOf":{"@id":"https:\/\/kamoto.md\/ro\/#website"},"primaryImageOfPage":{"@id":"https:\/\/kamoto.md\/ro\/shop\/seturi-de-instrumente\/kamoto-set-3-6-builder\/#primaryimage"},"image":{"@id":"https:\/\/kamoto.md\/ro\/shop\/seturi-de-instrumente\/kamoto-set-3-6-builder\/#primaryimage"},"thumbnailUrl":"https:\/\/kamoto.md\/wp-content\/uploads\/2026\/03\/Builder.png","datePublished":"2026-03-27T14:30:43+00:00","dateModified":"2026-03-27T14:35:18+00:00","breadcrumb":{"@id":"https:\/\/kamoto.md\/ro\/shop\/seturi-de-instrumente\/kamoto-set-3-6-builder\/#breadcrumb"},"inLanguage":"ro-RO","potentialAction":[{"@type":"ReadAction","target":["https:\/\/kamoto.md\/ro\/shop\/seturi-de-instrumente\/kamoto-set-3-6-builder\/"]}]},{"@type":"ImageObject","inLanguage":"ro-RO","@id":"https:\/\/kamoto.md\/ro\/shop\/seturi-de-instrumente\/kamoto-set-3-6-builder\/#primaryimage","url":"https:\/\/kamoto.md\/wp-content\/uploads\/2026\/03\/Builder.png","contentUrl":"https:\/\/kamoto.md\/wp-content\/uploads\/2026\/03\/Builder.png","width":1000,"height":1000,"caption":"Set 3+6 Builder"},{"@type":"BreadcrumbList","@id":"https:\/\/kamoto.md\/ro\/shop\/seturi-de-instrumente\/kamoto-set-3-6-builder\/#breadcrumb","itemListElement":[{"@type":"ListItem","position":1,"name":"\u0413\u043b\u0430\u0432\u043d\u0430\u044f \u0441\u0442\u0440\u0430\u043d\u0438\u0446\u0430","item":"https:\/\/kamoto.md\/ro\/"},{"@type":"ListItem","position":2,"name":"Catalog","item":"https:\/\/kamoto.md\/ro\/catalog\/"},{"@type":"ListItem","position":3,"name":"Seturi de Instrumente","item":"https:\/\/kamoto.md\/ro\/catalog\/seturi-de-instrumente\/"},{"@type":"ListItem","position":4,"name":"KAMOTO Set 3+6 Builder"}]},{"@type":"WebSite","@id":"https:\/\/kamoto.md\/ro\/#website","url":"https:\/\/kamoto.md\/ro\/","name":"Kamoto.MD","description":"\u0418\u043d\u0442\u0435\u0440\u043d\u0435\u0442 \u043c\u0430\u0433\u0430\u0437\u0438\u043d \u044d\u043b\u0435\u043a\u0442\u0440\u043e\u0438\u043d\u0441\u0442\u0440\u0443\u043c\u0435\u043d\u0442\u0430, \u0441\u0430\u0434\u043e\u0432\u043e\u0439 \u0438 \u0441\u0438\u043b\u043e\u0432\u043e\u0439 \u0442\u0435\u0445\u043d\u0438\u043a\u0438.","publisher":{"@id":"https:\/\/kamoto.md\/ro\/#organization"},"potentialAction":[{"@type":"SearchAction","target":{"@type":"EntryPoint","urlTemplate":"https:\/\/kamoto.md\/ro\/?s={search_term_string}"},"query-input":{"@type":"PropertyValueSpecification","valueRequired":true,"valueName":"search_term_string"}}],"inLanguage":"ro-RO"},{"@type":"Organization","@id":"https:\/\/kamoto.md\/ro\/#organization","name":"Kamoto S.R.L.","url":"https:\/\/kamoto.md\/ro\/","logo":{"@type":"ImageObject","inLanguage":"ro-RO","@id":"https:\/\/kamoto.md\/ro\/#\/schema\/logo\/image\/","url":"https:\/\/kamoto.md\/wp-content\/uploads\/2017\/08\/logo.png","contentUrl":"https:\/\/kamoto.md\/wp-content\/uploads\/2017\/08\/logo.png","width":323,"height":50,"caption":"Kamoto S.R.L."},"image":{"@id":"https:\/\/kamoto.md\/ro\/#\/schema\/logo\/image\/"}}]}},"_links":{"self":[{"href":"https:\/\/kamoto.md\/ro\/wp-json\/wp\/v2\/product\/15118","targetHints":{"allow":["GET"]}}],"collection":[{"href":"https:\/\/kamoto.md\/ro\/wp-json\/wp\/v2\/product"}],"about":[{"href":"https:\/\/kamoto.md\/ro\/wp-json\/wp\/v2\/types\/product"}],"wp:featuredmedia":[{"embeddable":true,"href":"https:\/\/kamoto.md\/ro\/wp-json\/wp\/v2\/media\/15115"}],"wp:attachment":[{"href":"https:\/\/kamoto.md\/ro\/wp-json\/wp\/v2\/media?parent=15118"}],"wp:term":[{"taxonomy":"product_brand","embeddable":true,"href":"https:\/\/kamoto.md\/ro\/wp-json\/wp\/v2\/product_brand?post=15118"},{"taxonomy":"product_cat","embeddable":true,"href":"https:\/\/kamoto.md\/ro\/wp-json\/wp\/v2\/product_cat?post=15118"},{"taxonomy":"product_tag","embeddable":true,"href":"https:\/\/kamoto.md\/ro\/wp-json\/wp\/v2\/product_tag?post=15118"}],"curies":[{"name":"wp","href":"https:\/\/api.w.org\/{rel}","templated":true}]}}