{"id":5014,"date":"2019-08-23T15:11:54","date_gmt":"2019-08-23T13:11:54","guid":{"rendered":"https:\/\/kamoto.md\/shop\/fara-categorie\/polizor-unghiular-kamoto-kag-1418\/"},"modified":"2026-02-27T13:32:45","modified_gmt":"2026-02-27T11:32:45","slug":"polizor-unghiular-kamoto-a1400","status":"publish","type":"product","link":"https:\/\/kamoto.md\/ro\/shop\/scule-electrice\/polizoare-unghiulare\/polizor-unghiular-kamoto-a1400\/","title":{"rendered":"Polizor unghiular Kamoto A1400"},"content":{"rendered":"<p>Polizor unghiular Kamoto A1400 este proiectat pentru uz casnic: t\u0103iere, \u0219lefuire \u0219i \u0219lefuire a suprafe\u021belor metalice. Polizor unghiular este dur datorit\u0103 calit\u0103\u021bii impecabile a construc\u021biei. O aderen\u021b\u0103 op\u021bional\u0103 anti-vibra\u021bii reduce oboseala operatorului. O ergonomie excelent\u0103 \u00een timpul utiliz\u0103rii se realizeaz\u0103 datorit\u0103 prezen\u021bei unui m\u00e2ner din spate complet \u00een proiectare. Este interzis\u0103 utilizarea pentru t\u0103ierea \u0219i lustruirea lemnului.<\/p>\n<p>\u2022 Protec\u021bie eficient\u0103 a operatorului prin utilizarea unui m\u00e2ner anti-vibra\u021bii \u0219i protec\u021bie \u00eempotriva func\u021bion\u0103rii accidentale.<br \/>\n\u2022 Cutia de viteze a acestui model este proiectat\u0103 astfel \u00eenc\u00e2t s\u0103 nu capteze praful \u00een interiorul sculei \u0219i s\u0103 \u00eendep\u0103rteze eficient n\u0103molul prin g\u0103urile de ventila\u021bie.<br \/>\n\u2022 Prindere confortabil\u0103 datorit\u0103 designului cu dou\u0103 m\u00e2ini al corpului polizorului unghiular.<br \/>\n\u2022 Pentru a m\u0103ri durata de via\u021b\u0103 a sculei, se aplic\u0103 rezervorul rotorului \u0219i statorului.<br \/>\n\u2022 Durata de via\u021b\u0103 sporit\u0103 a uneltei este asigurat\u0103 de angrenajele elicoidale m\u0103cinate.<br \/>\n\u2022 Schimbare rapid\u0103 a sculei datorit\u0103 func\u021biei de blocare a axului.<br \/>\n\u2022 O u\u0219urin\u021b\u0103 suplimentar\u0103 de utilizare ofer\u0103 acces rapid la periile de carbon.<br \/>\nAcestea pot fi \u00eenlocuite independent, f\u0103r\u0103 a contacta un centru de service.<br \/>\n\u2022 Cablul de re\u021bea cauciucat rezist\u0103 la temperaturi sc\u0103zute \u0219i are o durat\u0103 de via\u021b\u0103 mai lung\u0103<br \/>\nservice prin utilizarea de materiale de calitate, care sunt rezistente la kink repetate.<\/p>\n","protected":false},"excerpt":{"rendered":"<p>Caracteristici generale<br \/>\nConsumul nominal de energie: 1400 W<br \/>\nDiametru disc: 180mm<br \/>\nViteza de ralanti: 9000 rpm<br \/>\nDimensiunea axului: M14<br \/>\nTensiunea de alimentare: 220 V<br \/>\nFrecven\u021ba curent\u0103: 50 Hz<br \/>\nCablul cauciucat rezistent la \u00eenghe\u021b: Da<br \/>\nProtec\u021bie \u00eempotriva prafului \u00een mai multe etape: Da<br \/>\nBlocarea axului: Da<br \/>\nSistem de \u00eenlocuire a periei rapide: Da<br \/>\nStart soft: Nu<br \/>\nGreutate: 3,0 kg<\/p>\n","protected":false},"featured_media":3977,"template":"","meta":[],"product_brand":[],"product_cat":[326],"product_tag":[],"class_list":{"0":"post-5014","1":"product","2":"type-product","3":"status-publish","4":"has-post-thumbnail","6":"product_cat-polizoare-unghiulare","8":"first","9":"outofstock","10":"shipping-taxable","11":"product-type-simple"},"yoast_head":"<!-- This site is optimized with the Yoast SEO plugin v27.3 - https:\/\/yoast.com\/product\/yoast-seo-wordpress\/ -->\n<title>Vrei Polizor unghiular? Moldova - magazine, preturi, oferte. - Kamoto.md<\/title>\n<meta name=\"description\" content=\"Descoprea Polizor unghiular la PRETURI de importator \u25bb Vezi OFERTELE pe site! Cumpara acum Polizor unghiular - Kamoto.md - Polizor unghiular Kamoto A1400\" \/>\n<meta name=\"robots\" content=\"index, follow, max-snippet:-1, max-image-preview:large, max-video-preview:-1\" \/>\n<link rel=\"canonical\" href=\"https:\/\/kamoto.md\/ro\/shop\/scule-electrice\/polizoare-unghiulare\/polizor-unghiular-kamoto-a1400\/\" \/>\n<meta property=\"og:locale\" content=\"ro_RO\" \/>\n<meta property=\"og:type\" content=\"article\" \/>\n<meta property=\"og:title\" content=\"Vrei Polizor unghiular? Moldova - magazine, preturi, oferte. - Kamoto.md\" \/>\n<meta property=\"og:description\" content=\"Descoprea Polizor unghiular la PRETURI de importator \u25bb Vezi OFERTELE pe site! Cumpara acum Polizor unghiular - Kamoto.md - Polizor unghiular Kamoto A1400\" \/>\n<meta property=\"og:url\" content=\"https:\/\/kamoto.md\/ro\/shop\/scule-electrice\/polizoare-unghiulare\/polizor-unghiular-kamoto-a1400\/\" \/>\n<meta property=\"og:site_name\" content=\"Kamoto.md\" \/>\n<meta property=\"article:modified_time\" content=\"2026-02-27T11:32:45+00:00\" \/>\n<meta property=\"og:image\" content=\"https:\/\/kamoto.md\/wp-content\/uploads\/2021\/05\/logo2.png\" \/>\n\t<meta property=\"og:image:width\" content=\"1000\" \/>\n\t<meta property=\"og:image:height\" content=\"1000\" \/>\n\t<meta property=\"og:image:type\" content=\"image\/png\" \/>\n<meta name=\"twitter:card\" content=\"summary_large_image\" \/>\n<meta name=\"twitter:label1\" content=\"Timp estimat pentru citire\" \/>\n\t<meta name=\"twitter:data1\" content=\"2 minute\" \/>\n<script type=\"application\/ld+json\" class=\"yoast-schema-graph\">{\"@context\":\"https:\\\/\\\/schema.org\",\"@graph\":[{\"@type\":[\"WebPage\",\"ItemPage\"],\"@id\":\"https:\\\/\\\/kamoto.md\\\/ro\\\/shop\\\/scule-electrice\\\/polizoare-unghiulare\\\/polizor-unghiular-kamoto-a1400\\\/\",\"url\":\"https:\\\/\\\/kamoto.md\\\/ro\\\/shop\\\/scule-electrice\\\/polizoare-unghiulare\\\/polizor-unghiular-kamoto-a1400\\\/\",\"name\":\"Vrei Polizor unghiular? Moldova - magazine, preturi, oferte. - Kamoto.md\",\"isPartOf\":{\"@id\":\"https:\\\/\\\/kamoto.md\\\/ro\\\/#website\"},\"primaryImageOfPage\":{\"@id\":\"https:\\\/\\\/kamoto.md\\\/ro\\\/shop\\\/scule-electrice\\\/polizoare-unghiulare\\\/polizor-unghiular-kamoto-a1400\\\/#primaryimage\"},\"image\":{\"@id\":\"https:\\\/\\\/kamoto.md\\\/ro\\\/shop\\\/scule-electrice\\\/polizoare-unghiulare\\\/polizor-unghiular-kamoto-a1400\\\/#primaryimage\"},\"thumbnailUrl\":\"https:\\\/\\\/kamoto.md\\\/wp-content\\\/uploads\\\/2019\\\/08\\\/1_G.O_20.08.2019-18.jpg\",\"datePublished\":\"2019-08-23T13:11:54+00:00\",\"dateModified\":\"2026-02-27T11:32:45+00:00\",\"description\":\"Descoprea Polizor unghiular la PRETURI de importator \u25bb Vezi OFERTELE pe site! Cumpara acum Polizor unghiular - Kamoto.md - Polizor unghiular Kamoto A1400\",\"breadcrumb\":{\"@id\":\"https:\\\/\\\/kamoto.md\\\/ro\\\/shop\\\/scule-electrice\\\/polizoare-unghiulare\\\/polizor-unghiular-kamoto-a1400\\\/#breadcrumb\"},\"inLanguage\":\"ro-RO\",\"potentialAction\":[{\"@type\":\"ReadAction\",\"target\":[\"https:\\\/\\\/kamoto.md\\\/ro\\\/shop\\\/scule-electrice\\\/polizoare-unghiulare\\\/polizor-unghiular-kamoto-a1400\\\/\"]}]},{\"@type\":\"ImageObject\",\"inLanguage\":\"ro-RO\",\"@id\":\"https:\\\/\\\/kamoto.md\\\/ro\\\/shop\\\/scule-electrice\\\/polizoare-unghiulare\\\/polizor-unghiular-kamoto-a1400\\\/#primaryimage\",\"url\":\"https:\\\/\\\/kamoto.md\\\/wp-content\\\/uploads\\\/2019\\\/08\\\/1_G.O_20.08.2019-18.jpg\",\"contentUrl\":\"https:\\\/\\\/kamoto.md\\\/wp-content\\\/uploads\\\/2019\\\/08\\\/1_G.O_20.08.2019-18.jpg\",\"width\":1000,\"height\":1000},{\"@type\":\"BreadcrumbList\",\"@id\":\"https:\\\/\\\/kamoto.md\\\/ro\\\/shop\\\/scule-electrice\\\/polizoare-unghiulare\\\/polizor-unghiular-kamoto-a1400\\\/#breadcrumb\",\"itemListElement\":[{\"@type\":\"ListItem\",\"position\":1,\"name\":\"\u0413\u043b\u0430\u0432\u043d\u0430\u044f \u0441\u0442\u0440\u0430\u043d\u0438\u0446\u0430\",\"item\":\"https:\\\/\\\/kamoto.md\\\/ro\\\/\"},{\"@type\":\"ListItem\",\"position\":2,\"name\":\"Catalog\",\"item\":\"https:\\\/\\\/kamoto.md\\\/ro\\\/catalog\\\/\"},{\"@type\":\"ListItem\",\"position\":3,\"name\":\"Instrumente electrice\",\"item\":\"https:\\\/\\\/kamoto.md\\\/ro\\\/catalog\\\/scule-electrice\\\/\"},{\"@type\":\"ListItem\",\"position\":4,\"name\":\"Polizoare unghiulare\",\"item\":\"https:\\\/\\\/kamoto.md\\\/ro\\\/catalog\\\/scule-electrice\\\/polizoare-unghiulare\\\/\"},{\"@type\":\"ListItem\",\"position\":5,\"name\":\"Polizor unghiular Kamoto A1400\"}]},{\"@type\":\"WebSite\",\"@id\":\"https:\\\/\\\/kamoto.md\\\/ro\\\/#website\",\"url\":\"https:\\\/\\\/kamoto.md\\\/ro\\\/\",\"name\":\"Kamoto.MD\",\"description\":\"\u0418\u043d\u0442\u0435\u0440\u043d\u0435\u0442 \u043c\u0430\u0433\u0430\u0437\u0438\u043d \u044d\u043b\u0435\u043a\u0442\u0440\u043e\u0438\u043d\u0441\u0442\u0440\u0443\u043c\u0435\u043d\u0442\u0430, \u0441\u0430\u0434\u043e\u0432\u043e\u0439 \u0438 \u0441\u0438\u043b\u043e\u0432\u043e\u0439 \u0442\u0435\u0445\u043d\u0438\u043a\u0438.\",\"publisher\":{\"@id\":\"https:\\\/\\\/kamoto.md\\\/ro\\\/#organization\"},\"potentialAction\":[{\"@type\":\"SearchAction\",\"target\":{\"@type\":\"EntryPoint\",\"urlTemplate\":\"https:\\\/\\\/kamoto.md\\\/ro\\\/?s={search_term_string}\"},\"query-input\":{\"@type\":\"PropertyValueSpecification\",\"valueRequired\":true,\"valueName\":\"search_term_string\"}}],\"inLanguage\":\"ro-RO\"},{\"@type\":\"Organization\",\"@id\":\"https:\\\/\\\/kamoto.md\\\/ro\\\/#organization\",\"name\":\"Kamoto S.R.L.\",\"url\":\"https:\\\/\\\/kamoto.md\\\/ro\\\/\",\"logo\":{\"@type\":\"ImageObject\",\"inLanguage\":\"ro-RO\",\"@id\":\"https:\\\/\\\/kamoto.md\\\/ro\\\/#\\\/schema\\\/logo\\\/image\\\/\",\"url\":\"https:\\\/\\\/kamoto.md\\\/wp-content\\\/uploads\\\/2017\\\/08\\\/logo.png\",\"contentUrl\":\"https:\\\/\\\/kamoto.md\\\/wp-content\\\/uploads\\\/2017\\\/08\\\/logo.png\",\"width\":323,\"height\":50,\"caption\":\"Kamoto S.R.L.\"},\"image\":{\"@id\":\"https:\\\/\\\/kamoto.md\\\/ro\\\/#\\\/schema\\\/logo\\\/image\\\/\"}}]}<\/script>\n<!-- \/ Yoast SEO plugin. -->","yoast_head_json":{"title":"Vrei Polizor unghiular? Moldova - magazine, preturi, oferte. - Kamoto.md","description":"Descoprea Polizor unghiular la PRETURI de importator \u25bb Vezi OFERTELE pe site! Cumpara acum Polizor unghiular - Kamoto.md - Polizor unghiular Kamoto A1400","robots":{"index":"index","follow":"follow","max-snippet":"max-snippet:-1","max-image-preview":"max-image-preview:large","max-video-preview":"max-video-preview:-1"},"canonical":"https:\/\/kamoto.md\/ro\/shop\/scule-electrice\/polizoare-unghiulare\/polizor-unghiular-kamoto-a1400\/","og_locale":"ro_RO","og_type":"article","og_title":"Vrei Polizor unghiular? Moldova - magazine, preturi, oferte. - Kamoto.md","og_description":"Descoprea Polizor unghiular la PRETURI de importator \u25bb Vezi OFERTELE pe site! Cumpara acum Polizor unghiular - Kamoto.md - Polizor unghiular Kamoto A1400","og_url":"https:\/\/kamoto.md\/ro\/shop\/scule-electrice\/polizoare-unghiulare\/polizor-unghiular-kamoto-a1400\/","og_site_name":"Kamoto.md","article_modified_time":"2026-02-27T11:32:45+00:00","og_image":[{"width":1000,"height":1000,"url":"https:\/\/kamoto.md\/wp-content\/uploads\/2021\/05\/logo2.png","type":"image\/png"}],"twitter_card":"summary_large_image","twitter_misc":{"Timp estimat pentru citire":"2 minute"},"schema":{"@context":"https:\/\/schema.org","@graph":[{"@type":["WebPage","ItemPage"],"@id":"https:\/\/kamoto.md\/ro\/shop\/scule-electrice\/polizoare-unghiulare\/polizor-unghiular-kamoto-a1400\/","url":"https:\/\/kamoto.md\/ro\/shop\/scule-electrice\/polizoare-unghiulare\/polizor-unghiular-kamoto-a1400\/","name":"Vrei Polizor unghiular? Moldova - magazine, preturi, oferte. - Kamoto.md","isPartOf":{"@id":"https:\/\/kamoto.md\/ro\/#website"},"primaryImageOfPage":{"@id":"https:\/\/kamoto.md\/ro\/shop\/scule-electrice\/polizoare-unghiulare\/polizor-unghiular-kamoto-a1400\/#primaryimage"},"image":{"@id":"https:\/\/kamoto.md\/ro\/shop\/scule-electrice\/polizoare-unghiulare\/polizor-unghiular-kamoto-a1400\/#primaryimage"},"thumbnailUrl":"https:\/\/kamoto.md\/wp-content\/uploads\/2019\/08\/1_G.O_20.08.2019-18.jpg","datePublished":"2019-08-23T13:11:54+00:00","dateModified":"2026-02-27T11:32:45+00:00","description":"Descoprea Polizor unghiular la PRETURI de importator \u25bb Vezi OFERTELE pe site! Cumpara acum Polizor unghiular - Kamoto.md - Polizor unghiular Kamoto A1400","breadcrumb":{"@id":"https:\/\/kamoto.md\/ro\/shop\/scule-electrice\/polizoare-unghiulare\/polizor-unghiular-kamoto-a1400\/#breadcrumb"},"inLanguage":"ro-RO","potentialAction":[{"@type":"ReadAction","target":["https:\/\/kamoto.md\/ro\/shop\/scule-electrice\/polizoare-unghiulare\/polizor-unghiular-kamoto-a1400\/"]}]},{"@type":"ImageObject","inLanguage":"ro-RO","@id":"https:\/\/kamoto.md\/ro\/shop\/scule-electrice\/polizoare-unghiulare\/polizor-unghiular-kamoto-a1400\/#primaryimage","url":"https:\/\/kamoto.md\/wp-content\/uploads\/2019\/08\/1_G.O_20.08.2019-18.jpg","contentUrl":"https:\/\/kamoto.md\/wp-content\/uploads\/2019\/08\/1_G.O_20.08.2019-18.jpg","width":1000,"height":1000},{"@type":"BreadcrumbList","@id":"https:\/\/kamoto.md\/ro\/shop\/scule-electrice\/polizoare-unghiulare\/polizor-unghiular-kamoto-a1400\/#breadcrumb","itemListElement":[{"@type":"ListItem","position":1,"name":"\u0413\u043b\u0430\u0432\u043d\u0430\u044f \u0441\u0442\u0440\u0430\u043d\u0438\u0446\u0430","item":"https:\/\/kamoto.md\/ro\/"},{"@type":"ListItem","position":2,"name":"Catalog","item":"https:\/\/kamoto.md\/ro\/catalog\/"},{"@type":"ListItem","position":3,"name":"Instrumente electrice","item":"https:\/\/kamoto.md\/ro\/catalog\/scule-electrice\/"},{"@type":"ListItem","position":4,"name":"Polizoare unghiulare","item":"https:\/\/kamoto.md\/ro\/catalog\/scule-electrice\/polizoare-unghiulare\/"},{"@type":"ListItem","position":5,"name":"Polizor unghiular Kamoto A1400"}]},{"@type":"WebSite","@id":"https:\/\/kamoto.md\/ro\/#website","url":"https:\/\/kamoto.md\/ro\/","name":"Kamoto.MD","description":"\u0418\u043d\u0442\u0435\u0440\u043d\u0435\u0442 \u043c\u0430\u0433\u0430\u0437\u0438\u043d \u044d\u043b\u0435\u043a\u0442\u0440\u043e\u0438\u043d\u0441\u0442\u0440\u0443\u043c\u0435\u043d\u0442\u0430, \u0441\u0430\u0434\u043e\u0432\u043e\u0439 \u0438 \u0441\u0438\u043b\u043e\u0432\u043e\u0439 \u0442\u0435\u0445\u043d\u0438\u043a\u0438.","publisher":{"@id":"https:\/\/kamoto.md\/ro\/#organization"},"potentialAction":[{"@type":"SearchAction","target":{"@type":"EntryPoint","urlTemplate":"https:\/\/kamoto.md\/ro\/?s={search_term_string}"},"query-input":{"@type":"PropertyValueSpecification","valueRequired":true,"valueName":"search_term_string"}}],"inLanguage":"ro-RO"},{"@type":"Organization","@id":"https:\/\/kamoto.md\/ro\/#organization","name":"Kamoto S.R.L.","url":"https:\/\/kamoto.md\/ro\/","logo":{"@type":"ImageObject","inLanguage":"ro-RO","@id":"https:\/\/kamoto.md\/ro\/#\/schema\/logo\/image\/","url":"https:\/\/kamoto.md\/wp-content\/uploads\/2017\/08\/logo.png","contentUrl":"https:\/\/kamoto.md\/wp-content\/uploads\/2017\/08\/logo.png","width":323,"height":50,"caption":"Kamoto S.R.L."},"image":{"@id":"https:\/\/kamoto.md\/ro\/#\/schema\/logo\/image\/"}}]}},"_links":{"self":[{"href":"https:\/\/kamoto.md\/ro\/wp-json\/wp\/v2\/product\/5014","targetHints":{"allow":["GET"]}}],"collection":[{"href":"https:\/\/kamoto.md\/ro\/wp-json\/wp\/v2\/product"}],"about":[{"href":"https:\/\/kamoto.md\/ro\/wp-json\/wp\/v2\/types\/product"}],"wp:featuredmedia":[{"embeddable":true,"href":"https:\/\/kamoto.md\/ro\/wp-json\/wp\/v2\/media\/3977"}],"wp:attachment":[{"href":"https:\/\/kamoto.md\/ro\/wp-json\/wp\/v2\/media?parent=5014"}],"wp:term":[{"taxonomy":"product_brand","embeddable":true,"href":"https:\/\/kamoto.md\/ro\/wp-json\/wp\/v2\/product_brand?post=5014"},{"taxonomy":"product_cat","embeddable":true,"href":"https:\/\/kamoto.md\/ro\/wp-json\/wp\/v2\/product_cat?post=5014"},{"taxonomy":"product_tag","embeddable":true,"href":"https:\/\/kamoto.md\/ro\/wp-json\/wp\/v2\/product_tag?post=5014"}],"curies":[{"name":"wp","href":"https:\/\/api.w.org\/{rel}","templated":true}]}}