{"id":5019,"date":"2017-10-30T20:45:36","date_gmt":"2017-10-30T18:45:36","guid":{"rendered":"https:\/\/kamoto.md\/shop\/fara-categorie\/motoferastrau-kamoto-cs-2512\/"},"modified":"2026-02-27T15:50:44","modified_gmt":"2026-02-27T13:50:44","slug":"motoferastrau-kamoto-cs-2512","status":"publish","type":"product","link":"https:\/\/kamoto.md\/ro\/shop\/scule-si-unelte-de-gradinarit\/ferestraie\/motoferastrau-kamoto-cs-2512\/","title":{"rendered":"Motofer\u0103str\u0103u KAMOTO S25"},"content":{"rendered":"<p>Motofer\u0103str\u0103ul KAMOTO S25 este conceput pentru t\u0103ierea ramurilor uscate ale arborilor \u0219i arbu\u0219tilor fructiferi, de larice \u0219i conifere, precum \u0219i pentru t\u0103ierea trunchiurilor de copaci cu un diametru de cel mult 10-15 centimetri.<br \/>\nGreutatea redus\u0103, motorul economic, sistemul avansat anti-vibra\u021bii, lan\u021bul profesional \u0219i designul echilibrat v\u0103 permit s\u0103 efectua\u021bi t\u0103ieri precise f\u0103r\u0103 prea mult efort fizic.<br \/>\nFer\u0103str\u0103ul este echipat cu un sistem automat de lubrifiere a lan\u021bului, care previne supra\u00eenc\u0103lzirea p\u0103r\u021bilor de lucru ale fer\u0103str\u0103ului \u0219i le protejeaz\u0103 \u00eempotriva uzurii premature \u0219i a coroziunii.<br \/>\nTensorul lateral al lan\u021bului va permite operatorului s\u0103 controleze tensiunea lan\u021bului.<\/p>\n","protected":false},"excerpt":{"rendered":"<p>Putere: 1.00 KW \/ 1.3 HP<br \/>\nCilindree motor: 25 cm\u00b3<br \/>\nLungime anvelope: 12\u2033 \/ 30 cm<br \/>\nTip lan\u021b (dalt\u0103): Kamoto TITANIUM (lan\u021b profesional)<br \/>\nNum\u0103r de verigi de lan\u021b: 44 buc<br \/>\nPasul lan\u021bului: 3\/8\u2033LP<br \/>\nL\u0103\u021bimea lan\u021bului: 0.050\u2033<br \/>\nGrosimea verigilor lan\u021bului: 1.3 mm<br \/>\nSistem EASY START: Nu<br \/>\nAmorsare amestec combustibil: Da<br \/>\nSistem antivibra\u021bii: Da<br \/>\nCapacitate rezervor combustibil: 200 ml<br \/>\nCapacitate rezervor ulei: 200 ml<br \/>\nAmbalaj: Cutie carton<br \/>\nGreutate: 2.9 kg<\/p>\n","protected":false},"featured_media":13372,"template":"","meta":[],"product_brand":[],"product_cat":[296],"product_tag":[],"class_list":{"0":"post-5019","1":"product","2":"type-product","3":"status-publish","4":"has-post-thumbnail","6":"product_cat-ferestraie","8":"first","9":"instock","10":"shipping-taxable","11":"purchasable","12":"product-type-simple"},"yoast_head":"<!-- This site is optimized with the Yoast SEO plugin v27.3 - https:\/\/yoast.com\/product\/yoast-seo-wordpress\/ -->\n<title>Cumpara Chainsaw in Moldova - % Chainsaws ieftine - % Chi\u0219in\u0103u\u2b50<\/title>\n<meta name=\"description\" content=\"C\u0103uta\u021bi de unde s\u0103 cump\u0103ra\u021bi un Chainsaw ieftin din depozitul din Chi\u0219in\u0103u? \u2705Vast\u0103 selec\u021bie \u0219i pre\u021buri mici \u2b50De pe site-ul Kamoto.md % pute\u021bi ridica Chainsaw cu o garan\u021bie \u2705\" \/>\n<meta name=\"robots\" content=\"index, follow, max-snippet:-1, max-image-preview:large, max-video-preview:-1\" \/>\n<link rel=\"canonical\" href=\"https:\/\/kamoto.md\/ro\/shop\/scule-si-unelte-de-gradinarit\/ferestraie\/motoferastrau-kamoto-cs-2512\/\" \/>\n<meta property=\"og:locale\" content=\"ro_RO\" \/>\n<meta property=\"og:type\" content=\"article\" \/>\n<meta property=\"og:title\" content=\"Cumpara Chainsaw in Moldova - % Chainsaws ieftine - % Chi\u0219in\u0103u\u2b50\" \/>\n<meta property=\"og:description\" content=\"C\u0103uta\u021bi de unde s\u0103 cump\u0103ra\u021bi un Chainsaw ieftin din depozitul din Chi\u0219in\u0103u? \u2705Vast\u0103 selec\u021bie \u0219i pre\u021buri mici \u2b50De pe site-ul Kamoto.md % pute\u021bi ridica Chainsaw cu o garan\u021bie \u2705\" \/>\n<meta property=\"og:url\" content=\"https:\/\/kamoto.md\/ro\/shop\/scule-si-unelte-de-gradinarit\/ferestraie\/motoferastrau-kamoto-cs-2512\/\" \/>\n<meta property=\"og:site_name\" content=\"Kamoto.md\" \/>\n<meta property=\"article:modified_time\" content=\"2026-02-27T13:50:44+00:00\" \/>\n<meta property=\"og:image\" content=\"https:\/\/kamoto.md\/wp-content\/uploads\/2021\/05\/logo2.png\" \/>\n\t<meta property=\"og:image:width\" content=\"1000\" \/>\n\t<meta property=\"og:image:height\" content=\"1000\" \/>\n\t<meta property=\"og:image:type\" content=\"image\/png\" \/>\n<meta name=\"twitter:card\" content=\"summary_large_image\" \/>\n<meta name=\"twitter:label1\" content=\"Timp estimat pentru citire\" \/>\n\t<meta name=\"twitter:data1\" content=\"1 minut\" \/>\n<script type=\"application\/ld+json\" class=\"yoast-schema-graph\">{\"@context\":\"https:\\\/\\\/schema.org\",\"@graph\":[{\"@type\":[\"WebPage\",\"ItemPage\"],\"@id\":\"https:\\\/\\\/kamoto.md\\\/ro\\\/shop\\\/scule-si-unelte-de-gradinarit\\\/ferestraie\\\/motoferastrau-kamoto-cs-2512\\\/\",\"url\":\"https:\\\/\\\/kamoto.md\\\/ro\\\/shop\\\/scule-si-unelte-de-gradinarit\\\/ferestraie\\\/motoferastrau-kamoto-cs-2512\\\/\",\"name\":\"Cumpara Chainsaw in Moldova - % Chainsaws ieftine - % Chi\u0219in\u0103u\u2b50\",\"isPartOf\":{\"@id\":\"https:\\\/\\\/kamoto.md\\\/ro\\\/#website\"},\"primaryImageOfPage\":{\"@id\":\"https:\\\/\\\/kamoto.md\\\/ro\\\/shop\\\/scule-si-unelte-de-gradinarit\\\/ferestraie\\\/motoferastrau-kamoto-cs-2512\\\/#primaryimage\"},\"image\":{\"@id\":\"https:\\\/\\\/kamoto.md\\\/ro\\\/shop\\\/scule-si-unelte-de-gradinarit\\\/ferestraie\\\/motoferastrau-kamoto-cs-2512\\\/#primaryimage\"},\"thumbnailUrl\":\"https:\\\/\\\/kamoto.md\\\/wp-content\\\/uploads\\\/2017\\\/10\\\/5.jpg\",\"datePublished\":\"2017-10-30T18:45:36+00:00\",\"dateModified\":\"2026-02-27T13:50:44+00:00\",\"description\":\"C\u0103uta\u021bi de unde s\u0103 cump\u0103ra\u021bi un Chainsaw ieftin din depozitul din Chi\u0219in\u0103u? \u2705Vast\u0103 selec\u021bie \u0219i pre\u021buri mici \u2b50De pe site-ul Kamoto.md % pute\u021bi ridica Chainsaw cu o garan\u021bie \u2705\",\"breadcrumb\":{\"@id\":\"https:\\\/\\\/kamoto.md\\\/ro\\\/shop\\\/scule-si-unelte-de-gradinarit\\\/ferestraie\\\/motoferastrau-kamoto-cs-2512\\\/#breadcrumb\"},\"inLanguage\":\"ro-RO\",\"potentialAction\":[{\"@type\":\"ReadAction\",\"target\":[\"https:\\\/\\\/kamoto.md\\\/ro\\\/shop\\\/scule-si-unelte-de-gradinarit\\\/ferestraie\\\/motoferastrau-kamoto-cs-2512\\\/\"]}]},{\"@type\":\"ImageObject\",\"inLanguage\":\"ro-RO\",\"@id\":\"https:\\\/\\\/kamoto.md\\\/ro\\\/shop\\\/scule-si-unelte-de-gradinarit\\\/ferestraie\\\/motoferastrau-kamoto-cs-2512\\\/#primaryimage\",\"url\":\"https:\\\/\\\/kamoto.md\\\/wp-content\\\/uploads\\\/2017\\\/10\\\/5.jpg\",\"contentUrl\":\"https:\\\/\\\/kamoto.md\\\/wp-content\\\/uploads\\\/2017\\\/10\\\/5.jpg\",\"width\":1000,\"height\":1000},{\"@type\":\"BreadcrumbList\",\"@id\":\"https:\\\/\\\/kamoto.md\\\/ro\\\/shop\\\/scule-si-unelte-de-gradinarit\\\/ferestraie\\\/motoferastrau-kamoto-cs-2512\\\/#breadcrumb\",\"itemListElement\":[{\"@type\":\"ListItem\",\"position\":1,\"name\":\"\u0413\u043b\u0430\u0432\u043d\u0430\u044f \u0441\u0442\u0440\u0430\u043d\u0438\u0446\u0430\",\"item\":\"https:\\\/\\\/kamoto.md\\\/ro\\\/\"},{\"@type\":\"ListItem\",\"position\":2,\"name\":\"Catalog\",\"item\":\"https:\\\/\\\/kamoto.md\\\/ro\\\/catalog\\\/\"},{\"@type\":\"ListItem\",\"position\":3,\"name\":\"Instrumente \u0219i unelte de gr\u0103din\u0103rit\",\"item\":\"https:\\\/\\\/kamoto.md\\\/ro\\\/catalog\\\/scule-si-unelte-de-gradinarit\\\/\"},{\"@type\":\"ListItem\",\"position\":4,\"name\":\"Fier\u0103straie\",\"item\":\"https:\\\/\\\/kamoto.md\\\/ro\\\/catalog\\\/scule-si-unelte-de-gradinarit\\\/ferestraie\\\/\"},{\"@type\":\"ListItem\",\"position\":5,\"name\":\"Motofer\u0103str\u0103u KAMOTO S25\"}]},{\"@type\":\"WebSite\",\"@id\":\"https:\\\/\\\/kamoto.md\\\/ro\\\/#website\",\"url\":\"https:\\\/\\\/kamoto.md\\\/ro\\\/\",\"name\":\"Kamoto.MD\",\"description\":\"\u0418\u043d\u0442\u0435\u0440\u043d\u0435\u0442 \u043c\u0430\u0433\u0430\u0437\u0438\u043d \u044d\u043b\u0435\u043a\u0442\u0440\u043e\u0438\u043d\u0441\u0442\u0440\u0443\u043c\u0435\u043d\u0442\u0430, \u0441\u0430\u0434\u043e\u0432\u043e\u0439 \u0438 \u0441\u0438\u043b\u043e\u0432\u043e\u0439 \u0442\u0435\u0445\u043d\u0438\u043a\u0438.\",\"publisher\":{\"@id\":\"https:\\\/\\\/kamoto.md\\\/ro\\\/#organization\"},\"potentialAction\":[{\"@type\":\"SearchAction\",\"target\":{\"@type\":\"EntryPoint\",\"urlTemplate\":\"https:\\\/\\\/kamoto.md\\\/ro\\\/?s={search_term_string}\"},\"query-input\":{\"@type\":\"PropertyValueSpecification\",\"valueRequired\":true,\"valueName\":\"search_term_string\"}}],\"inLanguage\":\"ro-RO\"},{\"@type\":\"Organization\",\"@id\":\"https:\\\/\\\/kamoto.md\\\/ro\\\/#organization\",\"name\":\"Kamoto S.R.L.\",\"url\":\"https:\\\/\\\/kamoto.md\\\/ro\\\/\",\"logo\":{\"@type\":\"ImageObject\",\"inLanguage\":\"ro-RO\",\"@id\":\"https:\\\/\\\/kamoto.md\\\/ro\\\/#\\\/schema\\\/logo\\\/image\\\/\",\"url\":\"https:\\\/\\\/kamoto.md\\\/wp-content\\\/uploads\\\/2017\\\/08\\\/logo.png\",\"contentUrl\":\"https:\\\/\\\/kamoto.md\\\/wp-content\\\/uploads\\\/2017\\\/08\\\/logo.png\",\"width\":323,\"height\":50,\"caption\":\"Kamoto S.R.L.\"},\"image\":{\"@id\":\"https:\\\/\\\/kamoto.md\\\/ro\\\/#\\\/schema\\\/logo\\\/image\\\/\"}}]}<\/script>\n<!-- \/ Yoast SEO plugin. -->","yoast_head_json":{"title":"Cumpara Chainsaw in Moldova - % Chainsaws ieftine - % Chi\u0219in\u0103u\u2b50","description":"C\u0103uta\u021bi de unde s\u0103 cump\u0103ra\u021bi un Chainsaw ieftin din depozitul din Chi\u0219in\u0103u? \u2705Vast\u0103 selec\u021bie \u0219i pre\u021buri mici \u2b50De pe site-ul Kamoto.md % pute\u021bi ridica Chainsaw cu o garan\u021bie \u2705","robots":{"index":"index","follow":"follow","max-snippet":"max-snippet:-1","max-image-preview":"max-image-preview:large","max-video-preview":"max-video-preview:-1"},"canonical":"https:\/\/kamoto.md\/ro\/shop\/scule-si-unelte-de-gradinarit\/ferestraie\/motoferastrau-kamoto-cs-2512\/","og_locale":"ro_RO","og_type":"article","og_title":"Cumpara Chainsaw in Moldova - % Chainsaws ieftine - % Chi\u0219in\u0103u\u2b50","og_description":"C\u0103uta\u021bi de unde s\u0103 cump\u0103ra\u021bi un Chainsaw ieftin din depozitul din Chi\u0219in\u0103u? \u2705Vast\u0103 selec\u021bie \u0219i pre\u021buri mici \u2b50De pe site-ul Kamoto.md % pute\u021bi ridica Chainsaw cu o garan\u021bie \u2705","og_url":"https:\/\/kamoto.md\/ro\/shop\/scule-si-unelte-de-gradinarit\/ferestraie\/motoferastrau-kamoto-cs-2512\/","og_site_name":"Kamoto.md","article_modified_time":"2026-02-27T13:50:44+00:00","og_image":[{"width":1000,"height":1000,"url":"https:\/\/kamoto.md\/wp-content\/uploads\/2021\/05\/logo2.png","type":"image\/png"}],"twitter_card":"summary_large_image","twitter_misc":{"Timp estimat pentru citire":"1 minut"},"schema":{"@context":"https:\/\/schema.org","@graph":[{"@type":["WebPage","ItemPage"],"@id":"https:\/\/kamoto.md\/ro\/shop\/scule-si-unelte-de-gradinarit\/ferestraie\/motoferastrau-kamoto-cs-2512\/","url":"https:\/\/kamoto.md\/ro\/shop\/scule-si-unelte-de-gradinarit\/ferestraie\/motoferastrau-kamoto-cs-2512\/","name":"Cumpara Chainsaw in Moldova - % Chainsaws ieftine - % Chi\u0219in\u0103u\u2b50","isPartOf":{"@id":"https:\/\/kamoto.md\/ro\/#website"},"primaryImageOfPage":{"@id":"https:\/\/kamoto.md\/ro\/shop\/scule-si-unelte-de-gradinarit\/ferestraie\/motoferastrau-kamoto-cs-2512\/#primaryimage"},"image":{"@id":"https:\/\/kamoto.md\/ro\/shop\/scule-si-unelte-de-gradinarit\/ferestraie\/motoferastrau-kamoto-cs-2512\/#primaryimage"},"thumbnailUrl":"https:\/\/kamoto.md\/wp-content\/uploads\/2017\/10\/5.jpg","datePublished":"2017-10-30T18:45:36+00:00","dateModified":"2026-02-27T13:50:44+00:00","description":"C\u0103uta\u021bi de unde s\u0103 cump\u0103ra\u021bi un Chainsaw ieftin din depozitul din Chi\u0219in\u0103u? \u2705Vast\u0103 selec\u021bie \u0219i pre\u021buri mici \u2b50De pe site-ul Kamoto.md % pute\u021bi ridica Chainsaw cu o garan\u021bie \u2705","breadcrumb":{"@id":"https:\/\/kamoto.md\/ro\/shop\/scule-si-unelte-de-gradinarit\/ferestraie\/motoferastrau-kamoto-cs-2512\/#breadcrumb"},"inLanguage":"ro-RO","potentialAction":[{"@type":"ReadAction","target":["https:\/\/kamoto.md\/ro\/shop\/scule-si-unelte-de-gradinarit\/ferestraie\/motoferastrau-kamoto-cs-2512\/"]}]},{"@type":"ImageObject","inLanguage":"ro-RO","@id":"https:\/\/kamoto.md\/ro\/shop\/scule-si-unelte-de-gradinarit\/ferestraie\/motoferastrau-kamoto-cs-2512\/#primaryimage","url":"https:\/\/kamoto.md\/wp-content\/uploads\/2017\/10\/5.jpg","contentUrl":"https:\/\/kamoto.md\/wp-content\/uploads\/2017\/10\/5.jpg","width":1000,"height":1000},{"@type":"BreadcrumbList","@id":"https:\/\/kamoto.md\/ro\/shop\/scule-si-unelte-de-gradinarit\/ferestraie\/motoferastrau-kamoto-cs-2512\/#breadcrumb","itemListElement":[{"@type":"ListItem","position":1,"name":"\u0413\u043b\u0430\u0432\u043d\u0430\u044f \u0441\u0442\u0440\u0430\u043d\u0438\u0446\u0430","item":"https:\/\/kamoto.md\/ro\/"},{"@type":"ListItem","position":2,"name":"Catalog","item":"https:\/\/kamoto.md\/ro\/catalog\/"},{"@type":"ListItem","position":3,"name":"Instrumente \u0219i unelte de gr\u0103din\u0103rit","item":"https:\/\/kamoto.md\/ro\/catalog\/scule-si-unelte-de-gradinarit\/"},{"@type":"ListItem","position":4,"name":"Fier\u0103straie","item":"https:\/\/kamoto.md\/ro\/catalog\/scule-si-unelte-de-gradinarit\/ferestraie\/"},{"@type":"ListItem","position":5,"name":"Motofer\u0103str\u0103u KAMOTO S25"}]},{"@type":"WebSite","@id":"https:\/\/kamoto.md\/ro\/#website","url":"https:\/\/kamoto.md\/ro\/","name":"Kamoto.MD","description":"\u0418\u043d\u0442\u0435\u0440\u043d\u0435\u0442 \u043c\u0430\u0433\u0430\u0437\u0438\u043d \u044d\u043b\u0435\u043a\u0442\u0440\u043e\u0438\u043d\u0441\u0442\u0440\u0443\u043c\u0435\u043d\u0442\u0430, \u0441\u0430\u0434\u043e\u0432\u043e\u0439 \u0438 \u0441\u0438\u043b\u043e\u0432\u043e\u0439 \u0442\u0435\u0445\u043d\u0438\u043a\u0438.","publisher":{"@id":"https:\/\/kamoto.md\/ro\/#organization"},"potentialAction":[{"@type":"SearchAction","target":{"@type":"EntryPoint","urlTemplate":"https:\/\/kamoto.md\/ro\/?s={search_term_string}"},"query-input":{"@type":"PropertyValueSpecification","valueRequired":true,"valueName":"search_term_string"}}],"inLanguage":"ro-RO"},{"@type":"Organization","@id":"https:\/\/kamoto.md\/ro\/#organization","name":"Kamoto S.R.L.","url":"https:\/\/kamoto.md\/ro\/","logo":{"@type":"ImageObject","inLanguage":"ro-RO","@id":"https:\/\/kamoto.md\/ro\/#\/schema\/logo\/image\/","url":"https:\/\/kamoto.md\/wp-content\/uploads\/2017\/08\/logo.png","contentUrl":"https:\/\/kamoto.md\/wp-content\/uploads\/2017\/08\/logo.png","width":323,"height":50,"caption":"Kamoto S.R.L."},"image":{"@id":"https:\/\/kamoto.md\/ro\/#\/schema\/logo\/image\/"}}]}},"_links":{"self":[{"href":"https:\/\/kamoto.md\/ro\/wp-json\/wp\/v2\/product\/5019","targetHints":{"allow":["GET"]}}],"collection":[{"href":"https:\/\/kamoto.md\/ro\/wp-json\/wp\/v2\/product"}],"about":[{"href":"https:\/\/kamoto.md\/ro\/wp-json\/wp\/v2\/types\/product"}],"wp:featuredmedia":[{"embeddable":true,"href":"https:\/\/kamoto.md\/ro\/wp-json\/wp\/v2\/media\/13372"}],"wp:attachment":[{"href":"https:\/\/kamoto.md\/ro\/wp-json\/wp\/v2\/media?parent=5019"}],"wp:term":[{"taxonomy":"product_brand","embeddable":true,"href":"https:\/\/kamoto.md\/ro\/wp-json\/wp\/v2\/product_brand?post=5019"},{"taxonomy":"product_cat","embeddable":true,"href":"https:\/\/kamoto.md\/ro\/wp-json\/wp\/v2\/product_cat?post=5019"},{"taxonomy":"product_tag","embeddable":true,"href":"https:\/\/kamoto.md\/ro\/wp-json\/wp\/v2\/product_tag?post=5019"}],"curies":[{"name":"wp","href":"https:\/\/api.w.org\/{rel}","templated":true}]}}