{"id":5029,"date":"2018-12-27T13:52:22","date_gmt":"2018-12-27T11:52:22","guid":{"rendered":"https:\/\/kamoto.md\/shop\/fara-categorie\/polizor-unghiular-kamoto-kag-8125\/"},"modified":"2026-02-27T13:41:55","modified_gmt":"2026-02-27T11:41:55","slug":"polizor-unghiular-kamoto-a720","status":"publish","type":"product","link":"https:\/\/kamoto.md\/ro\/shop\/scule-electrice\/polizoare-unghiulare\/polizor-unghiular-kamoto-a720\/","title":{"rendered":"Polizor unghiular Kamoto A720"},"content":{"rendered":"<p>Polizor unghiular Kamoto A720 cu un corp sub\u021bire convenabil este destinat t\u0103ierii, despic\u0103rii sau lustruirii suprafe\u021belor metalice. Echipat cu o func\u021bie de blocare a axului, o prindere lateral\u0103 ergonomic\u0103 \u00een dou\u0103 pozi\u021bii, cu protec\u021bie \u00eempotriva vibra\u021biilor \u0219i un sistem progresiv de protec\u021bie \u00eempotriva prafului.<\/p>\n<p>\u2022 M\u00e2ner confortabil datorit\u0103 grosimii mici a carcasei.<br \/>\n\u2022 Dispozitivul compact, care c\u00e2nt\u0103re\u0219te numai 1,8 kg, este u\u0219or de manevrat \u00eentr-un spa\u021biu \u00eenchis.<br \/>\n\u2022 Protec\u021bie eficient\u0103 a operatorului \u00eempotriva opririi accidentale.<br \/>\n\u2022 Cutia de viteze a acestui model este conceput\u0103 astfel \u00eenc\u00e2t s\u0103 nu prind\u0103 praful \u00een interiorul instrumentului \u0219i s\u0103 evacueze eficient n\u0103molul prin orificiile de ventila\u021bie.<br \/>\n\u2022 Pentru a m\u0103ri durata de via\u021b\u0103 a sculei aplicate rotorului \u0219i statorului.<br \/>\n\u2022 Schimbarea rapid\u0103 a sculei datorit\u0103 func\u021biei de blocare a sculei f\u0103r\u0103 scule.<br \/>\n\u2022 Cablul de re\u021bea din cauciuc, de 3 metri, rezist\u0103 la temperaturi sc\u0103zute \u0219i are o durat\u0103 de via\u021b\u0103 mai mare datorit\u0103 utiliz\u0103rii materialelor de calitate rezistente la curbele repetate.<\/p>\n","protected":false},"excerpt":{"rendered":"<p>Caracteristici generale<br \/>\nProduc\u0103tor: KAMOTO<br \/>\nConsum nominal de energie: 850 W<br \/>\nDiametrul discului: 125 mm<br \/>\nViteza de rota\u021bie la mers \u00een gol: 11800 rota\u021bii \/ min<br \/>\nReglarea vitezei axului: Nu<br \/>\nTensiunea de alimentare: 220 V<br \/>\nFrecven\u021ba curentului: 50 Hz<br \/>\nCablu rezistent la \u00eenghe\u021b de cauciuc: Da<br \/>\nProtec\u021bia \u00eempotriva prafului: Da<br \/>\nBlocarea axului: Da<br \/>\nSistem de \u00eenlocuire rapid\u0103 a periilor: Nu<br \/>\nStart Soft: Nu<br \/>\nGreutate: 1,8 kg<\/p>\n","protected":false},"featured_media":3734,"template":"","meta":[],"product_brand":[],"product_cat":[326],"product_tag":[],"class_list":{"0":"post-5029","1":"product","2":"type-product","3":"status-publish","4":"has-post-thumbnail","6":"product_cat-polizoare-unghiulare","8":"first","9":"instock","10":"shipping-taxable","11":"purchasable","12":"product-type-simple"},"yoast_head":"<!-- This site is optimized with the Yoast SEO plugin v27.3 - https:\/\/yoast.com\/product\/yoast-seo-wordpress\/ -->\n<title>Vrei Polizor unghiular ieftine? Moldova - Chisinau - Kamoto.md<\/title>\n<meta name=\"description\" content=\"Descoprea Polizor unghiular la PRETURI de importator \u25bb Vezi OFERTELE pe site! - Kamoto.md - Polizor unghiular Kamoto A720\" \/>\n<meta name=\"robots\" content=\"index, follow, max-snippet:-1, max-image-preview:large, max-video-preview:-1\" \/>\n<link rel=\"canonical\" href=\"https:\/\/kamoto.md\/ro\/shop\/scule-electrice\/polizoare-unghiulare\/polizor-unghiular-kamoto-a720\/\" \/>\n<meta property=\"og:locale\" content=\"ro_RO\" \/>\n<meta property=\"og:type\" content=\"article\" \/>\n<meta property=\"og:title\" content=\"Vrei Polizor unghiular ieftine? Moldova - Chisinau - Kamoto.md\" \/>\n<meta property=\"og:description\" content=\"Descoprea Polizor unghiular la PRETURI de importator \u25bb Vezi OFERTELE pe site! - Kamoto.md - Polizor unghiular Kamoto A720\" \/>\n<meta property=\"og:url\" content=\"https:\/\/kamoto.md\/ro\/shop\/scule-electrice\/polizoare-unghiulare\/polizor-unghiular-kamoto-a720\/\" \/>\n<meta property=\"og:site_name\" content=\"Kamoto.md\" \/>\n<meta property=\"article:modified_time\" content=\"2026-02-27T11:41:55+00:00\" \/>\n<meta property=\"og:image\" content=\"https:\/\/kamoto.md\/wp-content\/uploads\/2021\/05\/logo2.png\" \/>\n\t<meta property=\"og:image:width\" content=\"1000\" \/>\n\t<meta property=\"og:image:height\" content=\"1000\" \/>\n\t<meta property=\"og:image:type\" content=\"image\/png\" \/>\n<meta name=\"twitter:card\" content=\"summary_large_image\" \/>\n<meta name=\"twitter:label1\" content=\"Timp estimat pentru citire\" \/>\n\t<meta name=\"twitter:data1\" content=\"1 minut\" \/>\n<script type=\"application\/ld+json\" class=\"yoast-schema-graph\">{\"@context\":\"https:\\\/\\\/schema.org\",\"@graph\":[{\"@type\":[\"WebPage\",\"ItemPage\"],\"@id\":\"https:\\\/\\\/kamoto.md\\\/ro\\\/shop\\\/scule-electrice\\\/polizoare-unghiulare\\\/polizor-unghiular-kamoto-a720\\\/\",\"url\":\"https:\\\/\\\/kamoto.md\\\/ro\\\/shop\\\/scule-electrice\\\/polizoare-unghiulare\\\/polizor-unghiular-kamoto-a720\\\/\",\"name\":\"Vrei Polizor unghiular ieftine? Moldova - Chisinau - Kamoto.md\",\"isPartOf\":{\"@id\":\"https:\\\/\\\/kamoto.md\\\/ro\\\/#website\"},\"primaryImageOfPage\":{\"@id\":\"https:\\\/\\\/kamoto.md\\\/ro\\\/shop\\\/scule-electrice\\\/polizoare-unghiulare\\\/polizor-unghiular-kamoto-a720\\\/#primaryimage\"},\"image\":{\"@id\":\"https:\\\/\\\/kamoto.md\\\/ro\\\/shop\\\/scule-electrice\\\/polizoare-unghiulare\\\/polizor-unghiular-kamoto-a720\\\/#primaryimage\"},\"thumbnailUrl\":\"https:\\\/\\\/kamoto.md\\\/wp-content\\\/uploads\\\/2018\\\/12\\\/1_G.O_15.12.2018-23.jpg\",\"datePublished\":\"2018-12-27T11:52:22+00:00\",\"dateModified\":\"2026-02-27T11:41:55+00:00\",\"description\":\"Descoprea Polizor unghiular la PRETURI de importator \u25bb Vezi OFERTELE pe site! - Kamoto.md - Polizor unghiular Kamoto A720\",\"breadcrumb\":{\"@id\":\"https:\\\/\\\/kamoto.md\\\/ro\\\/shop\\\/scule-electrice\\\/polizoare-unghiulare\\\/polizor-unghiular-kamoto-a720\\\/#breadcrumb\"},\"inLanguage\":\"ro-RO\",\"potentialAction\":[{\"@type\":\"ReadAction\",\"target\":[\"https:\\\/\\\/kamoto.md\\\/ro\\\/shop\\\/scule-electrice\\\/polizoare-unghiulare\\\/polizor-unghiular-kamoto-a720\\\/\"]}]},{\"@type\":\"ImageObject\",\"inLanguage\":\"ro-RO\",\"@id\":\"https:\\\/\\\/kamoto.md\\\/ro\\\/shop\\\/scule-electrice\\\/polizoare-unghiulare\\\/polizor-unghiular-kamoto-a720\\\/#primaryimage\",\"url\":\"https:\\\/\\\/kamoto.md\\\/wp-content\\\/uploads\\\/2018\\\/12\\\/1_G.O_15.12.2018-23.jpg\",\"contentUrl\":\"https:\\\/\\\/kamoto.md\\\/wp-content\\\/uploads\\\/2018\\\/12\\\/1_G.O_15.12.2018-23.jpg\",\"width\":1000,\"height\":1000},{\"@type\":\"BreadcrumbList\",\"@id\":\"https:\\\/\\\/kamoto.md\\\/ro\\\/shop\\\/scule-electrice\\\/polizoare-unghiulare\\\/polizor-unghiular-kamoto-a720\\\/#breadcrumb\",\"itemListElement\":[{\"@type\":\"ListItem\",\"position\":1,\"name\":\"\u0413\u043b\u0430\u0432\u043d\u0430\u044f \u0441\u0442\u0440\u0430\u043d\u0438\u0446\u0430\",\"item\":\"https:\\\/\\\/kamoto.md\\\/ro\\\/\"},{\"@type\":\"ListItem\",\"position\":2,\"name\":\"Catalog\",\"item\":\"https:\\\/\\\/kamoto.md\\\/ro\\\/catalog\\\/\"},{\"@type\":\"ListItem\",\"position\":3,\"name\":\"Instrumente electrice\",\"item\":\"https:\\\/\\\/kamoto.md\\\/ro\\\/catalog\\\/scule-electrice\\\/\"},{\"@type\":\"ListItem\",\"position\":4,\"name\":\"Polizoare unghiulare\",\"item\":\"https:\\\/\\\/kamoto.md\\\/ro\\\/catalog\\\/scule-electrice\\\/polizoare-unghiulare\\\/\"},{\"@type\":\"ListItem\",\"position\":5,\"name\":\"Polizor unghiular Kamoto A720\"}]},{\"@type\":\"WebSite\",\"@id\":\"https:\\\/\\\/kamoto.md\\\/ro\\\/#website\",\"url\":\"https:\\\/\\\/kamoto.md\\\/ro\\\/\",\"name\":\"Kamoto.MD\",\"description\":\"\u0418\u043d\u0442\u0435\u0440\u043d\u0435\u0442 \u043c\u0430\u0433\u0430\u0437\u0438\u043d \u044d\u043b\u0435\u043a\u0442\u0440\u043e\u0438\u043d\u0441\u0442\u0440\u0443\u043c\u0435\u043d\u0442\u0430, \u0441\u0430\u0434\u043e\u0432\u043e\u0439 \u0438 \u0441\u0438\u043b\u043e\u0432\u043e\u0439 \u0442\u0435\u0445\u043d\u0438\u043a\u0438.\",\"publisher\":{\"@id\":\"https:\\\/\\\/kamoto.md\\\/ro\\\/#organization\"},\"potentialAction\":[{\"@type\":\"SearchAction\",\"target\":{\"@type\":\"EntryPoint\",\"urlTemplate\":\"https:\\\/\\\/kamoto.md\\\/ro\\\/?s={search_term_string}\"},\"query-input\":{\"@type\":\"PropertyValueSpecification\",\"valueRequired\":true,\"valueName\":\"search_term_string\"}}],\"inLanguage\":\"ro-RO\"},{\"@type\":\"Organization\",\"@id\":\"https:\\\/\\\/kamoto.md\\\/ro\\\/#organization\",\"name\":\"Kamoto S.R.L.\",\"url\":\"https:\\\/\\\/kamoto.md\\\/ro\\\/\",\"logo\":{\"@type\":\"ImageObject\",\"inLanguage\":\"ro-RO\",\"@id\":\"https:\\\/\\\/kamoto.md\\\/ro\\\/#\\\/schema\\\/logo\\\/image\\\/\",\"url\":\"https:\\\/\\\/kamoto.md\\\/wp-content\\\/uploads\\\/2017\\\/08\\\/logo.png\",\"contentUrl\":\"https:\\\/\\\/kamoto.md\\\/wp-content\\\/uploads\\\/2017\\\/08\\\/logo.png\",\"width\":323,\"height\":50,\"caption\":\"Kamoto S.R.L.\"},\"image\":{\"@id\":\"https:\\\/\\\/kamoto.md\\\/ro\\\/#\\\/schema\\\/logo\\\/image\\\/\"}}]}<\/script>\n<!-- \/ Yoast SEO plugin. -->","yoast_head_json":{"title":"Vrei Polizor unghiular ieftine? Moldova - Chisinau - Kamoto.md","description":"Descoprea Polizor unghiular la PRETURI de importator \u25bb Vezi OFERTELE pe site! - Kamoto.md - Polizor unghiular Kamoto A720","robots":{"index":"index","follow":"follow","max-snippet":"max-snippet:-1","max-image-preview":"max-image-preview:large","max-video-preview":"max-video-preview:-1"},"canonical":"https:\/\/kamoto.md\/ro\/shop\/scule-electrice\/polizoare-unghiulare\/polizor-unghiular-kamoto-a720\/","og_locale":"ro_RO","og_type":"article","og_title":"Vrei Polizor unghiular ieftine? Moldova - Chisinau - Kamoto.md","og_description":"Descoprea Polizor unghiular la PRETURI de importator \u25bb Vezi OFERTELE pe site! - Kamoto.md - Polizor unghiular Kamoto A720","og_url":"https:\/\/kamoto.md\/ro\/shop\/scule-electrice\/polizoare-unghiulare\/polizor-unghiular-kamoto-a720\/","og_site_name":"Kamoto.md","article_modified_time":"2026-02-27T11:41:55+00:00","og_image":[{"width":1000,"height":1000,"url":"https:\/\/kamoto.md\/wp-content\/uploads\/2021\/05\/logo2.png","type":"image\/png"}],"twitter_card":"summary_large_image","twitter_misc":{"Timp estimat pentru citire":"1 minut"},"schema":{"@context":"https:\/\/schema.org","@graph":[{"@type":["WebPage","ItemPage"],"@id":"https:\/\/kamoto.md\/ro\/shop\/scule-electrice\/polizoare-unghiulare\/polizor-unghiular-kamoto-a720\/","url":"https:\/\/kamoto.md\/ro\/shop\/scule-electrice\/polizoare-unghiulare\/polizor-unghiular-kamoto-a720\/","name":"Vrei Polizor unghiular ieftine? Moldova - Chisinau - Kamoto.md","isPartOf":{"@id":"https:\/\/kamoto.md\/ro\/#website"},"primaryImageOfPage":{"@id":"https:\/\/kamoto.md\/ro\/shop\/scule-electrice\/polizoare-unghiulare\/polizor-unghiular-kamoto-a720\/#primaryimage"},"image":{"@id":"https:\/\/kamoto.md\/ro\/shop\/scule-electrice\/polizoare-unghiulare\/polizor-unghiular-kamoto-a720\/#primaryimage"},"thumbnailUrl":"https:\/\/kamoto.md\/wp-content\/uploads\/2018\/12\/1_G.O_15.12.2018-23.jpg","datePublished":"2018-12-27T11:52:22+00:00","dateModified":"2026-02-27T11:41:55+00:00","description":"Descoprea Polizor unghiular la PRETURI de importator \u25bb Vezi OFERTELE pe site! - Kamoto.md - Polizor unghiular Kamoto A720","breadcrumb":{"@id":"https:\/\/kamoto.md\/ro\/shop\/scule-electrice\/polizoare-unghiulare\/polizor-unghiular-kamoto-a720\/#breadcrumb"},"inLanguage":"ro-RO","potentialAction":[{"@type":"ReadAction","target":["https:\/\/kamoto.md\/ro\/shop\/scule-electrice\/polizoare-unghiulare\/polizor-unghiular-kamoto-a720\/"]}]},{"@type":"ImageObject","inLanguage":"ro-RO","@id":"https:\/\/kamoto.md\/ro\/shop\/scule-electrice\/polizoare-unghiulare\/polizor-unghiular-kamoto-a720\/#primaryimage","url":"https:\/\/kamoto.md\/wp-content\/uploads\/2018\/12\/1_G.O_15.12.2018-23.jpg","contentUrl":"https:\/\/kamoto.md\/wp-content\/uploads\/2018\/12\/1_G.O_15.12.2018-23.jpg","width":1000,"height":1000},{"@type":"BreadcrumbList","@id":"https:\/\/kamoto.md\/ro\/shop\/scule-electrice\/polizoare-unghiulare\/polizor-unghiular-kamoto-a720\/#breadcrumb","itemListElement":[{"@type":"ListItem","position":1,"name":"\u0413\u043b\u0430\u0432\u043d\u0430\u044f \u0441\u0442\u0440\u0430\u043d\u0438\u0446\u0430","item":"https:\/\/kamoto.md\/ro\/"},{"@type":"ListItem","position":2,"name":"Catalog","item":"https:\/\/kamoto.md\/ro\/catalog\/"},{"@type":"ListItem","position":3,"name":"Instrumente electrice","item":"https:\/\/kamoto.md\/ro\/catalog\/scule-electrice\/"},{"@type":"ListItem","position":4,"name":"Polizoare unghiulare","item":"https:\/\/kamoto.md\/ro\/catalog\/scule-electrice\/polizoare-unghiulare\/"},{"@type":"ListItem","position":5,"name":"Polizor unghiular Kamoto A720"}]},{"@type":"WebSite","@id":"https:\/\/kamoto.md\/ro\/#website","url":"https:\/\/kamoto.md\/ro\/","name":"Kamoto.MD","description":"\u0418\u043d\u0442\u0435\u0440\u043d\u0435\u0442 \u043c\u0430\u0433\u0430\u0437\u0438\u043d \u044d\u043b\u0435\u043a\u0442\u0440\u043e\u0438\u043d\u0441\u0442\u0440\u0443\u043c\u0435\u043d\u0442\u0430, \u0441\u0430\u0434\u043e\u0432\u043e\u0439 \u0438 \u0441\u0438\u043b\u043e\u0432\u043e\u0439 \u0442\u0435\u0445\u043d\u0438\u043a\u0438.","publisher":{"@id":"https:\/\/kamoto.md\/ro\/#organization"},"potentialAction":[{"@type":"SearchAction","target":{"@type":"EntryPoint","urlTemplate":"https:\/\/kamoto.md\/ro\/?s={search_term_string}"},"query-input":{"@type":"PropertyValueSpecification","valueRequired":true,"valueName":"search_term_string"}}],"inLanguage":"ro-RO"},{"@type":"Organization","@id":"https:\/\/kamoto.md\/ro\/#organization","name":"Kamoto S.R.L.","url":"https:\/\/kamoto.md\/ro\/","logo":{"@type":"ImageObject","inLanguage":"ro-RO","@id":"https:\/\/kamoto.md\/ro\/#\/schema\/logo\/image\/","url":"https:\/\/kamoto.md\/wp-content\/uploads\/2017\/08\/logo.png","contentUrl":"https:\/\/kamoto.md\/wp-content\/uploads\/2017\/08\/logo.png","width":323,"height":50,"caption":"Kamoto S.R.L."},"image":{"@id":"https:\/\/kamoto.md\/ro\/#\/schema\/logo\/image\/"}}]}},"_links":{"self":[{"href":"https:\/\/kamoto.md\/ro\/wp-json\/wp\/v2\/product\/5029","targetHints":{"allow":["GET"]}}],"collection":[{"href":"https:\/\/kamoto.md\/ro\/wp-json\/wp\/v2\/product"}],"about":[{"href":"https:\/\/kamoto.md\/ro\/wp-json\/wp\/v2\/types\/product"}],"wp:featuredmedia":[{"embeddable":true,"href":"https:\/\/kamoto.md\/ro\/wp-json\/wp\/v2\/media\/3734"}],"wp:attachment":[{"href":"https:\/\/kamoto.md\/ro\/wp-json\/wp\/v2\/media?parent=5029"}],"wp:term":[{"taxonomy":"product_brand","embeddable":true,"href":"https:\/\/kamoto.md\/ro\/wp-json\/wp\/v2\/product_brand?post=5029"},{"taxonomy":"product_cat","embeddable":true,"href":"https:\/\/kamoto.md\/ro\/wp-json\/wp\/v2\/product_cat?post=5029"},{"taxonomy":"product_tag","embeddable":true,"href":"https:\/\/kamoto.md\/ro\/wp-json\/wp\/v2\/product_tag?post=5029"}],"curies":[{"name":"wp","href":"https:\/\/api.w.org\/{rel}","templated":true}]}}