{"id":5033,"date":"2018-11-28T16:50:37","date_gmt":"2018-11-28T14:50:37","guid":{"rendered":"https:\/\/kamoto.md\/shop\/fara-categorie\/ciocan-rotopercutor-kamoto-krh-3215\/"},"modified":"2026-02-27T13:42:50","modified_gmt":"2026-02-27T11:42:50","slug":"ciocan-rotopercutor-kamoto-krh-3215","status":"publish","type":"product","link":"https:\/\/kamoto.md\/ro\/shop\/scule-electrice\/ciocane-rotopercutoare\/ciocan-rotopercutor-kamoto-krh-3215\/","title":{"rendered":"Ciocan rotopercutor Kamoto KRH3215"},"content":{"rendered":"<p>Eficient \u0219i u\u0219or ciocan rotopercutor Kamoto KRH3215 capacitate mare de a lucra cu un profesionist de fraudare cu diametru mare, putere 1500 W, iar for\u021ba de impact 6 J permite obtinerea de g\u0103uri cu diametrul \u00een beton &#8211; p\u00e2n\u0103 la 32 mm!<\/p>\n<p>\u2022 Puncherul este convenabil la lucru, are o lovitur\u0103 puternic\u0103 \u0219i, \u00een acela\u0219i timp, are o greutate mic\u0103.<br \/>\n\u2022 Este capabil s\u0103 fac\u0103 o gaur\u0103 \u00een beton de p\u00e2n\u0103 la 32 mm.<br \/>\n\u2022 M\u00e2nerul sculei este acoperit cu cauciuc pentru un plus de confort, folosind tehnologia ExtraGrip.<br \/>\n\u2022 Ergonomia a fost \u00eembun\u0103t\u0103\u021bit\u0103 semnificativ &#8211; mecanismul permite schimbarea modurilor prin rotirea unui \u00eentrerup\u0103tor, care este mutat \u00een partea central\u0103 a cutiei de viteze.<br \/>\n\u2022 M\u00e2nerul principal este protejat de sistemul anti-vibra\u021bii activ dovedit AVS Pro.<br \/>\n\u2022 Siguran\u021ba operatorului este garantat\u0103 de un ambreiaj de siguran\u021b\u0103, care \u00eentrerupe transmisia cuplului atunci c\u00e2nd sem\u0103n\u0103toarea este blocat\u0103.<br \/>\n\u2022 Cablul de re\u021bea din cauciuc rezist\u0103 la temperaturi sc\u0103zute \u0219i are o durat\u0103 de via\u021b\u0103 mai mare datorit\u0103 utiliz\u0103rii materialelor de calitate rezistente la curbele repetate.<\/p>\n","protected":false},"excerpt":{"rendered":"<p>Caracteristici generale<br \/>\nProducator: KAMOTO<br \/>\nPutere: 1500 W<br \/>\nFor\u021b\u0103 de impact: 6,0 J<br \/>\nAlimentare: 220 V<br \/>\nTipul cartu\u0219ului: SDS-Plus<br \/>\nNum\u0103rul modurilor de operare: 3<br \/>\nFrecventa de impact: 0 &#8211; 4500 batai \/ min<br \/>\nViteza de ralanti: 0 &#8211; 850 rpm<br \/>\nMax. diametru de g\u0103urire (lemn): 40 mm<br \/>\nMax. diametrul g\u0103urii (metal): 13 mm<br \/>\nMax. diametrul g\u0103urii (beton): 32 mm<br \/>\nGreutate: 7,8 kg<\/p>\n","protected":false},"featured_media":3678,"template":"","meta":[],"product_brand":[],"product_cat":[319],"product_tag":[],"class_list":{"0":"post-5033","1":"product","2":"type-product","3":"status-publish","4":"has-post-thumbnail","6":"product_cat-ciocane-rotopercutoare","8":"first","9":"outofstock","10":"shipping-taxable","11":"product-type-simple"},"yoast_head":"<!-- This site is optimized with the Yoast SEO plugin v27.3 - https:\/\/yoast.com\/product\/yoast-seo-wordpress\/ -->\n<title>Vrei Ciocan rotopercutor ieftine? Moldova - Chisinau - Kamoto.md<\/title>\n<meta name=\"description\" content=\"Descoprea gama noastra de Ciocani rotopercutor la PRETURI de importator \u25bb Vezi OFERTELE pe site! - Kamoto.md - Ciocan rotopercutor Kamoto KRH3215\" \/>\n<meta name=\"robots\" content=\"index, follow, max-snippet:-1, max-image-preview:large, max-video-preview:-1\" \/>\n<link rel=\"canonical\" href=\"https:\/\/kamoto.md\/ro\/shop\/scule-electrice\/ciocane-rotopercutoare\/ciocan-rotopercutor-kamoto-krh-3215\/\" \/>\n<meta property=\"og:locale\" content=\"ro_RO\" \/>\n<meta property=\"og:type\" content=\"article\" \/>\n<meta property=\"og:title\" content=\"Vrei Ciocan rotopercutor ieftine? Moldova - Chisinau - Kamoto.md\" \/>\n<meta property=\"og:description\" content=\"Descoprea gama noastra de Ciocani rotopercutor la PRETURI de importator \u25bb Vezi OFERTELE pe site! - Kamoto.md - Ciocan rotopercutor Kamoto KRH3215\" \/>\n<meta property=\"og:url\" content=\"https:\/\/kamoto.md\/ro\/shop\/scule-electrice\/ciocane-rotopercutoare\/ciocan-rotopercutor-kamoto-krh-3215\/\" \/>\n<meta property=\"og:site_name\" content=\"Kamoto.md\" \/>\n<meta property=\"article:modified_time\" content=\"2026-02-27T11:42:50+00:00\" \/>\n<meta property=\"og:image\" content=\"https:\/\/kamoto.md\/wp-content\/uploads\/2021\/05\/logo2.png\" \/>\n\t<meta property=\"og:image:width\" content=\"1000\" \/>\n\t<meta property=\"og:image:height\" content=\"1000\" \/>\n\t<meta property=\"og:image:type\" content=\"image\/png\" \/>\n<meta name=\"twitter:card\" content=\"summary_large_image\" \/>\n<meta name=\"twitter:label1\" content=\"Timp estimat pentru citire\" \/>\n\t<meta name=\"twitter:data1\" content=\"1 minut\" \/>\n<script type=\"application\/ld+json\" class=\"yoast-schema-graph\">{\"@context\":\"https:\\\/\\\/schema.org\",\"@graph\":[{\"@type\":[\"WebPage\",\"ItemPage\"],\"@id\":\"https:\\\/\\\/kamoto.md\\\/ro\\\/shop\\\/scule-electrice\\\/ciocane-rotopercutoare\\\/ciocan-rotopercutor-kamoto-krh-3215\\\/\",\"url\":\"https:\\\/\\\/kamoto.md\\\/ro\\\/shop\\\/scule-electrice\\\/ciocane-rotopercutoare\\\/ciocan-rotopercutor-kamoto-krh-3215\\\/\",\"name\":\"Vrei Ciocan rotopercutor ieftine? Moldova - Chisinau - Kamoto.md\",\"isPartOf\":{\"@id\":\"https:\\\/\\\/kamoto.md\\\/ro\\\/#website\"},\"primaryImageOfPage\":{\"@id\":\"https:\\\/\\\/kamoto.md\\\/ro\\\/shop\\\/scule-electrice\\\/ciocane-rotopercutoare\\\/ciocan-rotopercutor-kamoto-krh-3215\\\/#primaryimage\"},\"image\":{\"@id\":\"https:\\\/\\\/kamoto.md\\\/ro\\\/shop\\\/scule-electrice\\\/ciocane-rotopercutoare\\\/ciocan-rotopercutor-kamoto-krh-3215\\\/#primaryimage\"},\"thumbnailUrl\":\"https:\\\/\\\/kamoto.md\\\/wp-content\\\/uploads\\\/2018\\\/11\\\/1_G.O_22.11.2018-55.jpg\",\"datePublished\":\"2018-11-28T14:50:37+00:00\",\"dateModified\":\"2026-02-27T11:42:50+00:00\",\"description\":\"Descoprea gama noastra de Ciocani rotopercutor la PRETURI de importator \u25bb Vezi OFERTELE pe site! - Kamoto.md - Ciocan rotopercutor Kamoto KRH3215\",\"breadcrumb\":{\"@id\":\"https:\\\/\\\/kamoto.md\\\/ro\\\/shop\\\/scule-electrice\\\/ciocane-rotopercutoare\\\/ciocan-rotopercutor-kamoto-krh-3215\\\/#breadcrumb\"},\"inLanguage\":\"ro-RO\",\"potentialAction\":[{\"@type\":\"ReadAction\",\"target\":[\"https:\\\/\\\/kamoto.md\\\/ro\\\/shop\\\/scule-electrice\\\/ciocane-rotopercutoare\\\/ciocan-rotopercutor-kamoto-krh-3215\\\/\"]}]},{\"@type\":\"ImageObject\",\"inLanguage\":\"ro-RO\",\"@id\":\"https:\\\/\\\/kamoto.md\\\/ro\\\/shop\\\/scule-electrice\\\/ciocane-rotopercutoare\\\/ciocan-rotopercutor-kamoto-krh-3215\\\/#primaryimage\",\"url\":\"https:\\\/\\\/kamoto.md\\\/wp-content\\\/uploads\\\/2018\\\/11\\\/1_G.O_22.11.2018-55.jpg\",\"contentUrl\":\"https:\\\/\\\/kamoto.md\\\/wp-content\\\/uploads\\\/2018\\\/11\\\/1_G.O_22.11.2018-55.jpg\",\"width\":1000,\"height\":1000},{\"@type\":\"BreadcrumbList\",\"@id\":\"https:\\\/\\\/kamoto.md\\\/ro\\\/shop\\\/scule-electrice\\\/ciocane-rotopercutoare\\\/ciocan-rotopercutor-kamoto-krh-3215\\\/#breadcrumb\",\"itemListElement\":[{\"@type\":\"ListItem\",\"position\":1,\"name\":\"\u0413\u043b\u0430\u0432\u043d\u0430\u044f \u0441\u0442\u0440\u0430\u043d\u0438\u0446\u0430\",\"item\":\"https:\\\/\\\/kamoto.md\\\/ro\\\/\"},{\"@type\":\"ListItem\",\"position\":2,\"name\":\"Catalog\",\"item\":\"https:\\\/\\\/kamoto.md\\\/ro\\\/catalog\\\/\"},{\"@type\":\"ListItem\",\"position\":3,\"name\":\"Instrumente electrice\",\"item\":\"https:\\\/\\\/kamoto.md\\\/ro\\\/catalog\\\/scule-electrice\\\/\"},{\"@type\":\"ListItem\",\"position\":4,\"name\":\"Ciocane rotopercutoare \u0219i demolatoare\",\"item\":\"https:\\\/\\\/kamoto.md\\\/ro\\\/catalog\\\/scule-electrice\\\/ciocane-rotopercutoare\\\/\"},{\"@type\":\"ListItem\",\"position\":5,\"name\":\"Ciocan rotopercutor Kamoto KRH3215\"}]},{\"@type\":\"WebSite\",\"@id\":\"https:\\\/\\\/kamoto.md\\\/ro\\\/#website\",\"url\":\"https:\\\/\\\/kamoto.md\\\/ro\\\/\",\"name\":\"Kamoto.MD\",\"description\":\"\u0418\u043d\u0442\u0435\u0440\u043d\u0435\u0442 \u043c\u0430\u0433\u0430\u0437\u0438\u043d \u044d\u043b\u0435\u043a\u0442\u0440\u043e\u0438\u043d\u0441\u0442\u0440\u0443\u043c\u0435\u043d\u0442\u0430, \u0441\u0430\u0434\u043e\u0432\u043e\u0439 \u0438 \u0441\u0438\u043b\u043e\u0432\u043e\u0439 \u0442\u0435\u0445\u043d\u0438\u043a\u0438.\",\"publisher\":{\"@id\":\"https:\\\/\\\/kamoto.md\\\/ro\\\/#organization\"},\"potentialAction\":[{\"@type\":\"SearchAction\",\"target\":{\"@type\":\"EntryPoint\",\"urlTemplate\":\"https:\\\/\\\/kamoto.md\\\/ro\\\/?s={search_term_string}\"},\"query-input\":{\"@type\":\"PropertyValueSpecification\",\"valueRequired\":true,\"valueName\":\"search_term_string\"}}],\"inLanguage\":\"ro-RO\"},{\"@type\":\"Organization\",\"@id\":\"https:\\\/\\\/kamoto.md\\\/ro\\\/#organization\",\"name\":\"Kamoto S.R.L.\",\"url\":\"https:\\\/\\\/kamoto.md\\\/ro\\\/\",\"logo\":{\"@type\":\"ImageObject\",\"inLanguage\":\"ro-RO\",\"@id\":\"https:\\\/\\\/kamoto.md\\\/ro\\\/#\\\/schema\\\/logo\\\/image\\\/\",\"url\":\"https:\\\/\\\/kamoto.md\\\/wp-content\\\/uploads\\\/2017\\\/08\\\/logo.png\",\"contentUrl\":\"https:\\\/\\\/kamoto.md\\\/wp-content\\\/uploads\\\/2017\\\/08\\\/logo.png\",\"width\":323,\"height\":50,\"caption\":\"Kamoto S.R.L.\"},\"image\":{\"@id\":\"https:\\\/\\\/kamoto.md\\\/ro\\\/#\\\/schema\\\/logo\\\/image\\\/\"}}]}<\/script>\n<!-- \/ Yoast SEO plugin. -->","yoast_head_json":{"title":"Vrei Ciocan rotopercutor ieftine? Moldova - Chisinau - Kamoto.md","description":"Descoprea gama noastra de Ciocani rotopercutor la PRETURI de importator \u25bb Vezi OFERTELE pe site! - Kamoto.md - Ciocan rotopercutor Kamoto KRH3215","robots":{"index":"index","follow":"follow","max-snippet":"max-snippet:-1","max-image-preview":"max-image-preview:large","max-video-preview":"max-video-preview:-1"},"canonical":"https:\/\/kamoto.md\/ro\/shop\/scule-electrice\/ciocane-rotopercutoare\/ciocan-rotopercutor-kamoto-krh-3215\/","og_locale":"ro_RO","og_type":"article","og_title":"Vrei Ciocan rotopercutor ieftine? Moldova - Chisinau - Kamoto.md","og_description":"Descoprea gama noastra de Ciocani rotopercutor la PRETURI de importator \u25bb Vezi OFERTELE pe site! - Kamoto.md - Ciocan rotopercutor Kamoto KRH3215","og_url":"https:\/\/kamoto.md\/ro\/shop\/scule-electrice\/ciocane-rotopercutoare\/ciocan-rotopercutor-kamoto-krh-3215\/","og_site_name":"Kamoto.md","article_modified_time":"2026-02-27T11:42:50+00:00","og_image":[{"width":1000,"height":1000,"url":"https:\/\/kamoto.md\/wp-content\/uploads\/2021\/05\/logo2.png","type":"image\/png"}],"twitter_card":"summary_large_image","twitter_misc":{"Timp estimat pentru citire":"1 minut"},"schema":{"@context":"https:\/\/schema.org","@graph":[{"@type":["WebPage","ItemPage"],"@id":"https:\/\/kamoto.md\/ro\/shop\/scule-electrice\/ciocane-rotopercutoare\/ciocan-rotopercutor-kamoto-krh-3215\/","url":"https:\/\/kamoto.md\/ro\/shop\/scule-electrice\/ciocane-rotopercutoare\/ciocan-rotopercutor-kamoto-krh-3215\/","name":"Vrei Ciocan rotopercutor ieftine? Moldova - Chisinau - Kamoto.md","isPartOf":{"@id":"https:\/\/kamoto.md\/ro\/#website"},"primaryImageOfPage":{"@id":"https:\/\/kamoto.md\/ro\/shop\/scule-electrice\/ciocane-rotopercutoare\/ciocan-rotopercutor-kamoto-krh-3215\/#primaryimage"},"image":{"@id":"https:\/\/kamoto.md\/ro\/shop\/scule-electrice\/ciocane-rotopercutoare\/ciocan-rotopercutor-kamoto-krh-3215\/#primaryimage"},"thumbnailUrl":"https:\/\/kamoto.md\/wp-content\/uploads\/2018\/11\/1_G.O_22.11.2018-55.jpg","datePublished":"2018-11-28T14:50:37+00:00","dateModified":"2026-02-27T11:42:50+00:00","description":"Descoprea gama noastra de Ciocani rotopercutor la PRETURI de importator \u25bb Vezi OFERTELE pe site! - Kamoto.md - Ciocan rotopercutor Kamoto KRH3215","breadcrumb":{"@id":"https:\/\/kamoto.md\/ro\/shop\/scule-electrice\/ciocane-rotopercutoare\/ciocan-rotopercutor-kamoto-krh-3215\/#breadcrumb"},"inLanguage":"ro-RO","potentialAction":[{"@type":"ReadAction","target":["https:\/\/kamoto.md\/ro\/shop\/scule-electrice\/ciocane-rotopercutoare\/ciocan-rotopercutor-kamoto-krh-3215\/"]}]},{"@type":"ImageObject","inLanguage":"ro-RO","@id":"https:\/\/kamoto.md\/ro\/shop\/scule-electrice\/ciocane-rotopercutoare\/ciocan-rotopercutor-kamoto-krh-3215\/#primaryimage","url":"https:\/\/kamoto.md\/wp-content\/uploads\/2018\/11\/1_G.O_22.11.2018-55.jpg","contentUrl":"https:\/\/kamoto.md\/wp-content\/uploads\/2018\/11\/1_G.O_22.11.2018-55.jpg","width":1000,"height":1000},{"@type":"BreadcrumbList","@id":"https:\/\/kamoto.md\/ro\/shop\/scule-electrice\/ciocane-rotopercutoare\/ciocan-rotopercutor-kamoto-krh-3215\/#breadcrumb","itemListElement":[{"@type":"ListItem","position":1,"name":"\u0413\u043b\u0430\u0432\u043d\u0430\u044f \u0441\u0442\u0440\u0430\u043d\u0438\u0446\u0430","item":"https:\/\/kamoto.md\/ro\/"},{"@type":"ListItem","position":2,"name":"Catalog","item":"https:\/\/kamoto.md\/ro\/catalog\/"},{"@type":"ListItem","position":3,"name":"Instrumente electrice","item":"https:\/\/kamoto.md\/ro\/catalog\/scule-electrice\/"},{"@type":"ListItem","position":4,"name":"Ciocane rotopercutoare \u0219i demolatoare","item":"https:\/\/kamoto.md\/ro\/catalog\/scule-electrice\/ciocane-rotopercutoare\/"},{"@type":"ListItem","position":5,"name":"Ciocan rotopercutor Kamoto KRH3215"}]},{"@type":"WebSite","@id":"https:\/\/kamoto.md\/ro\/#website","url":"https:\/\/kamoto.md\/ro\/","name":"Kamoto.MD","description":"\u0418\u043d\u0442\u0435\u0440\u043d\u0435\u0442 \u043c\u0430\u0433\u0430\u0437\u0438\u043d \u044d\u043b\u0435\u043a\u0442\u0440\u043e\u0438\u043d\u0441\u0442\u0440\u0443\u043c\u0435\u043d\u0442\u0430, \u0441\u0430\u0434\u043e\u0432\u043e\u0439 \u0438 \u0441\u0438\u043b\u043e\u0432\u043e\u0439 \u0442\u0435\u0445\u043d\u0438\u043a\u0438.","publisher":{"@id":"https:\/\/kamoto.md\/ro\/#organization"},"potentialAction":[{"@type":"SearchAction","target":{"@type":"EntryPoint","urlTemplate":"https:\/\/kamoto.md\/ro\/?s={search_term_string}"},"query-input":{"@type":"PropertyValueSpecification","valueRequired":true,"valueName":"search_term_string"}}],"inLanguage":"ro-RO"},{"@type":"Organization","@id":"https:\/\/kamoto.md\/ro\/#organization","name":"Kamoto S.R.L.","url":"https:\/\/kamoto.md\/ro\/","logo":{"@type":"ImageObject","inLanguage":"ro-RO","@id":"https:\/\/kamoto.md\/ro\/#\/schema\/logo\/image\/","url":"https:\/\/kamoto.md\/wp-content\/uploads\/2017\/08\/logo.png","contentUrl":"https:\/\/kamoto.md\/wp-content\/uploads\/2017\/08\/logo.png","width":323,"height":50,"caption":"Kamoto S.R.L."},"image":{"@id":"https:\/\/kamoto.md\/ro\/#\/schema\/logo\/image\/"}}]}},"_links":{"self":[{"href":"https:\/\/kamoto.md\/ro\/wp-json\/wp\/v2\/product\/5033","targetHints":{"allow":["GET"]}}],"collection":[{"href":"https:\/\/kamoto.md\/ro\/wp-json\/wp\/v2\/product"}],"about":[{"href":"https:\/\/kamoto.md\/ro\/wp-json\/wp\/v2\/types\/product"}],"wp:featuredmedia":[{"embeddable":true,"href":"https:\/\/kamoto.md\/ro\/wp-json\/wp\/v2\/media\/3678"}],"wp:attachment":[{"href":"https:\/\/kamoto.md\/ro\/wp-json\/wp\/v2\/media?parent=5033"}],"wp:term":[{"taxonomy":"product_brand","embeddable":true,"href":"https:\/\/kamoto.md\/ro\/wp-json\/wp\/v2\/product_brand?post=5033"},{"taxonomy":"product_cat","embeddable":true,"href":"https:\/\/kamoto.md\/ro\/wp-json\/wp\/v2\/product_cat?post=5033"},{"taxonomy":"product_tag","embeddable":true,"href":"https:\/\/kamoto.md\/ro\/wp-json\/wp\/v2\/product_tag?post=5033"}],"curies":[{"name":"wp","href":"https:\/\/api.w.org\/{rel}","templated":true}]}}