{"id":5035,"date":"2018-11-28T16:42:11","date_gmt":"2018-11-28T14:42:11","guid":{"rendered":"https:\/\/kamoto.md\/shop\/fara-categorie\/masina-de-gaurit-cu-percutie-kamoto-kid-7513\/"},"modified":"2026-02-27T13:43:03","modified_gmt":"2026-02-27T11:43:03","slug":"masina-de-gaurit-cu-percutie-kamoto-kid7513","status":"publish","type":"product","link":"https:\/\/kamoto.md\/ro\/shop\/scule-electrice\/masini-de-gaurit-si-insurubat-cu-fir\/masina-de-gaurit-cu-percutie-kamoto-kid7513\/","title":{"rendered":"Ma\u0219in\u0103 de g\u0103urit cu percu\u021bie KAMOTO KID7513"},"content":{"rendered":"<p>Ma\u0219in\u0103 de g\u0103urit cu percu\u021bie KAMOTO KID7513 cu o carcas\u0103 metalic\u0103 a reductorului de viteza, un mandrin\u0103 metalic\u0103 f\u0103r\u0103 cheie \u0219i o clem\u0103 pentru curea. Acest model v\u0103 permite s\u0103 face\u021bi nu numai g\u0103uri exacte \u00een lemn sau metal, datorit\u0103 func\u021biei de lovire, poate g\u0103uri g\u0103uri \u00een beton \u0219i zid\u0103rie.<\/p>\n<p>\u2022 Carcasa metalic\u0103 a cutiei de viteze elimin\u0103 eficient c\u0103ldura, men\u021bin\u00e2nd o dimensiune geometric\u0103 stabil\u0103 a sculei, m\u0103re\u0219te durata de via\u021b\u0103 \u0219i asigur\u0103 o precizie sporit\u0103 \u00een func\u021bionare.<br \/>\n\u2022 Rulmen\u021bii de \u00eenalt\u0103 calitate sporesc semnificativ durata de via\u021b\u0103 a mecanismelor de g\u0103urit.<br \/>\n\u2022 Indicatorul de ad\u00e2ncime v\u0103 permite s\u0103 ob\u021bine\u021bi rapid g\u0103uri de aceea\u0219i ad\u00e2ncime.<br \/>\n\u2022 Mecanism de inversare convenabil.<br \/>\n\u2022 Ata\u0219a\u021bi burghiul la centur\u0103.<br \/>\n\u2022 M\u00e2nerele sunt prev\u0103zute cu pl\u0103cu\u021be de cauciuc pentru fixarea sigur\u0103 a sculei \u00een m\u00e2n\u0103.<br \/>\n\u2022 Cablul de re\u021bea din cauciuc rezist\u0103 la temperaturi sc\u0103zute \u0219i v\u0103 permite s\u0103 p\u0103stra\u021bi ma\u0219ina \u00een stare de func\u021bionare pentru o perioad\u0103 lung\u0103 de timp.<\/p>\n","protected":false},"excerpt":{"rendered":"<p>Caracteristici generale<br \/>\nProducator: KAMOTO<br \/>\nPutere: 750 W<br \/>\nAlimentare: 220 V<br \/>\nMandrina tip: Metal f\u0103r\u0103 cheie<br \/>\nMandrina diametru: 13 mm<br \/>\nCutia de viteze: metal<br \/>\nNum\u0103rul de viteze de lucru: 1<br \/>\nMax. Viteza de ralanti: 0 &#8211; 3000 rpm<br \/>\nNum\u0103rul de b\u0103t\u0103i pe minut: 48000 bate \/ min<br \/>\nMax. diametru de g\u0103urire (pentru lemn): 25 mm<br \/>\nMax. diametrul g\u0103urii (\u00een c\u0103r\u0103mid\u0103): 13 mm<br \/>\nMax. diametru de g\u0103urire (metal): 10 mm<br \/>\nGreutate: 2,0 kg<\/p>\n","protected":false},"featured_media":3648,"template":"","meta":[],"product_brand":[],"product_cat":[316],"product_tag":[],"class_list":{"0":"post-5035","1":"product","2":"type-product","3":"status-publish","4":"has-post-thumbnail","6":"product_cat-masini-de-gaurit-si-insurubat-cu-fir","8":"first","9":"outofstock","10":"shipping-taxable","11":"product-type-simple"},"yoast_head":"<!-- This site is optimized with the Yoast SEO plugin v27.3 - https:\/\/yoast.com\/product\/yoast-seo-wordpress\/ -->\n<title>Vrei masini de gaurit cu percutie ieftine? Moldova - Chisinau - Kamoto.md<\/title>\n<meta name=\"description\" content=\"Descoprea gama noastra de Masini de gaurit cu percutie la PRETURI de importator \u25bb Vezi OFERTELE pe site! - Kamoto.md - Ma\u0219in\u0103 de g\u0103urit cu percu\u021bie KAMOTO KID7513\" \/>\n<meta name=\"robots\" content=\"index, follow, max-snippet:-1, max-image-preview:large, max-video-preview:-1\" \/>\n<link rel=\"canonical\" href=\"https:\/\/kamoto.md\/ro\/shop\/scule-electrice\/masini-de-gaurit-si-insurubat-cu-fir\/masina-de-gaurit-cu-percutie-kamoto-kid7513\/\" \/>\n<meta property=\"og:locale\" content=\"ro_RO\" \/>\n<meta property=\"og:type\" content=\"article\" \/>\n<meta property=\"og:title\" content=\"Vrei masini de gaurit cu percutie ieftine? Moldova - Chisinau - Kamoto.md\" \/>\n<meta property=\"og:description\" content=\"Descoprea gama noastra de Masini de gaurit cu percutie la PRETURI de importator \u25bb Vezi OFERTELE pe site! - Kamoto.md - Ma\u0219in\u0103 de g\u0103urit cu percu\u021bie KAMOTO KID7513\" \/>\n<meta property=\"og:url\" content=\"https:\/\/kamoto.md\/ro\/shop\/scule-electrice\/masini-de-gaurit-si-insurubat-cu-fir\/masina-de-gaurit-cu-percutie-kamoto-kid7513\/\" \/>\n<meta property=\"og:site_name\" content=\"Kamoto.md\" \/>\n<meta property=\"article:modified_time\" content=\"2026-02-27T11:43:03+00:00\" \/>\n<meta property=\"og:image\" content=\"https:\/\/kamoto.md\/wp-content\/uploads\/2021\/05\/logo2.png\" \/>\n\t<meta property=\"og:image:width\" content=\"1000\" \/>\n\t<meta property=\"og:image:height\" content=\"1000\" \/>\n\t<meta property=\"og:image:type\" content=\"image\/png\" \/>\n<meta name=\"twitter:card\" content=\"summary_large_image\" \/>\n<meta name=\"twitter:label1\" content=\"Timp estimat pentru citire\" \/>\n\t<meta name=\"twitter:data1\" content=\"1 minut\" \/>\n<script type=\"application\/ld+json\" class=\"yoast-schema-graph\">{\"@context\":\"https:\\\/\\\/schema.org\",\"@graph\":[{\"@type\":[\"WebPage\",\"ItemPage\"],\"@id\":\"https:\\\/\\\/kamoto.md\\\/ro\\\/shop\\\/scule-electrice\\\/masini-de-gaurit-si-insurubat-cu-fir\\\/masina-de-gaurit-cu-percutie-kamoto-kid7513\\\/\",\"url\":\"https:\\\/\\\/kamoto.md\\\/ro\\\/shop\\\/scule-electrice\\\/masini-de-gaurit-si-insurubat-cu-fir\\\/masina-de-gaurit-cu-percutie-kamoto-kid7513\\\/\",\"name\":\"Vrei masini de gaurit cu percutie ieftine? Moldova - Chisinau - Kamoto.md\",\"isPartOf\":{\"@id\":\"https:\\\/\\\/kamoto.md\\\/ro\\\/#website\"},\"primaryImageOfPage\":{\"@id\":\"https:\\\/\\\/kamoto.md\\\/ro\\\/shop\\\/scule-electrice\\\/masini-de-gaurit-si-insurubat-cu-fir\\\/masina-de-gaurit-cu-percutie-kamoto-kid7513\\\/#primaryimage\"},\"image\":{\"@id\":\"https:\\\/\\\/kamoto.md\\\/ro\\\/shop\\\/scule-electrice\\\/masini-de-gaurit-si-insurubat-cu-fir\\\/masina-de-gaurit-cu-percutie-kamoto-kid7513\\\/#primaryimage\"},\"thumbnailUrl\":\"https:\\\/\\\/kamoto.md\\\/wp-content\\\/uploads\\\/2018\\\/11\\\/1_G.O_22.11.2018-27.jpg\",\"datePublished\":\"2018-11-28T14:42:11+00:00\",\"dateModified\":\"2026-02-27T11:43:03+00:00\",\"description\":\"Descoprea gama noastra de Masini de gaurit cu percutie la PRETURI de importator \u25bb Vezi OFERTELE pe site! - Kamoto.md - Ma\u0219in\u0103 de g\u0103urit cu percu\u021bie KAMOTO KID7513\",\"breadcrumb\":{\"@id\":\"https:\\\/\\\/kamoto.md\\\/ro\\\/shop\\\/scule-electrice\\\/masini-de-gaurit-si-insurubat-cu-fir\\\/masina-de-gaurit-cu-percutie-kamoto-kid7513\\\/#breadcrumb\"},\"inLanguage\":\"ro-RO\",\"potentialAction\":[{\"@type\":\"ReadAction\",\"target\":[\"https:\\\/\\\/kamoto.md\\\/ro\\\/shop\\\/scule-electrice\\\/masini-de-gaurit-si-insurubat-cu-fir\\\/masina-de-gaurit-cu-percutie-kamoto-kid7513\\\/\"]}]},{\"@type\":\"ImageObject\",\"inLanguage\":\"ro-RO\",\"@id\":\"https:\\\/\\\/kamoto.md\\\/ro\\\/shop\\\/scule-electrice\\\/masini-de-gaurit-si-insurubat-cu-fir\\\/masina-de-gaurit-cu-percutie-kamoto-kid7513\\\/#primaryimage\",\"url\":\"https:\\\/\\\/kamoto.md\\\/wp-content\\\/uploads\\\/2018\\\/11\\\/1_G.O_22.11.2018-27.jpg\",\"contentUrl\":\"https:\\\/\\\/kamoto.md\\\/wp-content\\\/uploads\\\/2018\\\/11\\\/1_G.O_22.11.2018-27.jpg\",\"width\":1000,\"height\":1000},{\"@type\":\"BreadcrumbList\",\"@id\":\"https:\\\/\\\/kamoto.md\\\/ro\\\/shop\\\/scule-electrice\\\/masini-de-gaurit-si-insurubat-cu-fir\\\/masina-de-gaurit-cu-percutie-kamoto-kid7513\\\/#breadcrumb\",\"itemListElement\":[{\"@type\":\"ListItem\",\"position\":1,\"name\":\"\u0413\u043b\u0430\u0432\u043d\u0430\u044f \u0441\u0442\u0440\u0430\u043d\u0438\u0446\u0430\",\"item\":\"https:\\\/\\\/kamoto.md\\\/ro\\\/\"},{\"@type\":\"ListItem\",\"position\":2,\"name\":\"Catalog\",\"item\":\"https:\\\/\\\/kamoto.md\\\/ro\\\/catalog\\\/\"},{\"@type\":\"ListItem\",\"position\":3,\"name\":\"Instrumente electrice\",\"item\":\"https:\\\/\\\/kamoto.md\\\/ro\\\/catalog\\\/scule-electrice\\\/\"},{\"@type\":\"ListItem\",\"position\":4,\"name\":\"Ma\u0219ini de g\u0103urit \u0219i \u00een\u0219urubat cu fir\",\"item\":\"https:\\\/\\\/kamoto.md\\\/ro\\\/catalog\\\/scule-electrice\\\/masini-de-gaurit-si-insurubat-cu-fir\\\/\"},{\"@type\":\"ListItem\",\"position\":5,\"name\":\"Ma\u0219in\u0103 de g\u0103urit cu percu\u021bie KAMOTO KID7513\"}]},{\"@type\":\"WebSite\",\"@id\":\"https:\\\/\\\/kamoto.md\\\/ro\\\/#website\",\"url\":\"https:\\\/\\\/kamoto.md\\\/ro\\\/\",\"name\":\"Kamoto.MD\",\"description\":\"\u0418\u043d\u0442\u0435\u0440\u043d\u0435\u0442 \u043c\u0430\u0433\u0430\u0437\u0438\u043d \u044d\u043b\u0435\u043a\u0442\u0440\u043e\u0438\u043d\u0441\u0442\u0440\u0443\u043c\u0435\u043d\u0442\u0430, \u0441\u0430\u0434\u043e\u0432\u043e\u0439 \u0438 \u0441\u0438\u043b\u043e\u0432\u043e\u0439 \u0442\u0435\u0445\u043d\u0438\u043a\u0438.\",\"publisher\":{\"@id\":\"https:\\\/\\\/kamoto.md\\\/ro\\\/#organization\"},\"potentialAction\":[{\"@type\":\"SearchAction\",\"target\":{\"@type\":\"EntryPoint\",\"urlTemplate\":\"https:\\\/\\\/kamoto.md\\\/ro\\\/?s={search_term_string}\"},\"query-input\":{\"@type\":\"PropertyValueSpecification\",\"valueRequired\":true,\"valueName\":\"search_term_string\"}}],\"inLanguage\":\"ro-RO\"},{\"@type\":\"Organization\",\"@id\":\"https:\\\/\\\/kamoto.md\\\/ro\\\/#organization\",\"name\":\"Kamoto S.R.L.\",\"url\":\"https:\\\/\\\/kamoto.md\\\/ro\\\/\",\"logo\":{\"@type\":\"ImageObject\",\"inLanguage\":\"ro-RO\",\"@id\":\"https:\\\/\\\/kamoto.md\\\/ro\\\/#\\\/schema\\\/logo\\\/image\\\/\",\"url\":\"https:\\\/\\\/kamoto.md\\\/wp-content\\\/uploads\\\/2017\\\/08\\\/logo.png\",\"contentUrl\":\"https:\\\/\\\/kamoto.md\\\/wp-content\\\/uploads\\\/2017\\\/08\\\/logo.png\",\"width\":323,\"height\":50,\"caption\":\"Kamoto S.R.L.\"},\"image\":{\"@id\":\"https:\\\/\\\/kamoto.md\\\/ro\\\/#\\\/schema\\\/logo\\\/image\\\/\"}}]}<\/script>\n<!-- \/ Yoast SEO plugin. -->","yoast_head_json":{"title":"Vrei masini de gaurit cu percutie ieftine? Moldova - Chisinau - Kamoto.md","description":"Descoprea gama noastra de Masini de gaurit cu percutie la PRETURI de importator \u25bb Vezi OFERTELE pe site! - Kamoto.md - Ma\u0219in\u0103 de g\u0103urit cu percu\u021bie KAMOTO KID7513","robots":{"index":"index","follow":"follow","max-snippet":"max-snippet:-1","max-image-preview":"max-image-preview:large","max-video-preview":"max-video-preview:-1"},"canonical":"https:\/\/kamoto.md\/ro\/shop\/scule-electrice\/masini-de-gaurit-si-insurubat-cu-fir\/masina-de-gaurit-cu-percutie-kamoto-kid7513\/","og_locale":"ro_RO","og_type":"article","og_title":"Vrei masini de gaurit cu percutie ieftine? Moldova - Chisinau - Kamoto.md","og_description":"Descoprea gama noastra de Masini de gaurit cu percutie la PRETURI de importator \u25bb Vezi OFERTELE pe site! - Kamoto.md - Ma\u0219in\u0103 de g\u0103urit cu percu\u021bie KAMOTO KID7513","og_url":"https:\/\/kamoto.md\/ro\/shop\/scule-electrice\/masini-de-gaurit-si-insurubat-cu-fir\/masina-de-gaurit-cu-percutie-kamoto-kid7513\/","og_site_name":"Kamoto.md","article_modified_time":"2026-02-27T11:43:03+00:00","og_image":[{"width":1000,"height":1000,"url":"https:\/\/kamoto.md\/wp-content\/uploads\/2021\/05\/logo2.png","type":"image\/png"}],"twitter_card":"summary_large_image","twitter_misc":{"Timp estimat pentru citire":"1 minut"},"schema":{"@context":"https:\/\/schema.org","@graph":[{"@type":["WebPage","ItemPage"],"@id":"https:\/\/kamoto.md\/ro\/shop\/scule-electrice\/masini-de-gaurit-si-insurubat-cu-fir\/masina-de-gaurit-cu-percutie-kamoto-kid7513\/","url":"https:\/\/kamoto.md\/ro\/shop\/scule-electrice\/masini-de-gaurit-si-insurubat-cu-fir\/masina-de-gaurit-cu-percutie-kamoto-kid7513\/","name":"Vrei masini de gaurit cu percutie ieftine? Moldova - Chisinau - Kamoto.md","isPartOf":{"@id":"https:\/\/kamoto.md\/ro\/#website"},"primaryImageOfPage":{"@id":"https:\/\/kamoto.md\/ro\/shop\/scule-electrice\/masini-de-gaurit-si-insurubat-cu-fir\/masina-de-gaurit-cu-percutie-kamoto-kid7513\/#primaryimage"},"image":{"@id":"https:\/\/kamoto.md\/ro\/shop\/scule-electrice\/masini-de-gaurit-si-insurubat-cu-fir\/masina-de-gaurit-cu-percutie-kamoto-kid7513\/#primaryimage"},"thumbnailUrl":"https:\/\/kamoto.md\/wp-content\/uploads\/2018\/11\/1_G.O_22.11.2018-27.jpg","datePublished":"2018-11-28T14:42:11+00:00","dateModified":"2026-02-27T11:43:03+00:00","description":"Descoprea gama noastra de Masini de gaurit cu percutie la PRETURI de importator \u25bb Vezi OFERTELE pe site! - Kamoto.md - Ma\u0219in\u0103 de g\u0103urit cu percu\u021bie KAMOTO KID7513","breadcrumb":{"@id":"https:\/\/kamoto.md\/ro\/shop\/scule-electrice\/masini-de-gaurit-si-insurubat-cu-fir\/masina-de-gaurit-cu-percutie-kamoto-kid7513\/#breadcrumb"},"inLanguage":"ro-RO","potentialAction":[{"@type":"ReadAction","target":["https:\/\/kamoto.md\/ro\/shop\/scule-electrice\/masini-de-gaurit-si-insurubat-cu-fir\/masina-de-gaurit-cu-percutie-kamoto-kid7513\/"]}]},{"@type":"ImageObject","inLanguage":"ro-RO","@id":"https:\/\/kamoto.md\/ro\/shop\/scule-electrice\/masini-de-gaurit-si-insurubat-cu-fir\/masina-de-gaurit-cu-percutie-kamoto-kid7513\/#primaryimage","url":"https:\/\/kamoto.md\/wp-content\/uploads\/2018\/11\/1_G.O_22.11.2018-27.jpg","contentUrl":"https:\/\/kamoto.md\/wp-content\/uploads\/2018\/11\/1_G.O_22.11.2018-27.jpg","width":1000,"height":1000},{"@type":"BreadcrumbList","@id":"https:\/\/kamoto.md\/ro\/shop\/scule-electrice\/masini-de-gaurit-si-insurubat-cu-fir\/masina-de-gaurit-cu-percutie-kamoto-kid7513\/#breadcrumb","itemListElement":[{"@type":"ListItem","position":1,"name":"\u0413\u043b\u0430\u0432\u043d\u0430\u044f \u0441\u0442\u0440\u0430\u043d\u0438\u0446\u0430","item":"https:\/\/kamoto.md\/ro\/"},{"@type":"ListItem","position":2,"name":"Catalog","item":"https:\/\/kamoto.md\/ro\/catalog\/"},{"@type":"ListItem","position":3,"name":"Instrumente electrice","item":"https:\/\/kamoto.md\/ro\/catalog\/scule-electrice\/"},{"@type":"ListItem","position":4,"name":"Ma\u0219ini de g\u0103urit \u0219i \u00een\u0219urubat cu fir","item":"https:\/\/kamoto.md\/ro\/catalog\/scule-electrice\/masini-de-gaurit-si-insurubat-cu-fir\/"},{"@type":"ListItem","position":5,"name":"Ma\u0219in\u0103 de g\u0103urit cu percu\u021bie KAMOTO KID7513"}]},{"@type":"WebSite","@id":"https:\/\/kamoto.md\/ro\/#website","url":"https:\/\/kamoto.md\/ro\/","name":"Kamoto.MD","description":"\u0418\u043d\u0442\u0435\u0440\u043d\u0435\u0442 \u043c\u0430\u0433\u0430\u0437\u0438\u043d \u044d\u043b\u0435\u043a\u0442\u0440\u043e\u0438\u043d\u0441\u0442\u0440\u0443\u043c\u0435\u043d\u0442\u0430, \u0441\u0430\u0434\u043e\u0432\u043e\u0439 \u0438 \u0441\u0438\u043b\u043e\u0432\u043e\u0439 \u0442\u0435\u0445\u043d\u0438\u043a\u0438.","publisher":{"@id":"https:\/\/kamoto.md\/ro\/#organization"},"potentialAction":[{"@type":"SearchAction","target":{"@type":"EntryPoint","urlTemplate":"https:\/\/kamoto.md\/ro\/?s={search_term_string}"},"query-input":{"@type":"PropertyValueSpecification","valueRequired":true,"valueName":"search_term_string"}}],"inLanguage":"ro-RO"},{"@type":"Organization","@id":"https:\/\/kamoto.md\/ro\/#organization","name":"Kamoto S.R.L.","url":"https:\/\/kamoto.md\/ro\/","logo":{"@type":"ImageObject","inLanguage":"ro-RO","@id":"https:\/\/kamoto.md\/ro\/#\/schema\/logo\/image\/","url":"https:\/\/kamoto.md\/wp-content\/uploads\/2017\/08\/logo.png","contentUrl":"https:\/\/kamoto.md\/wp-content\/uploads\/2017\/08\/logo.png","width":323,"height":50,"caption":"Kamoto S.R.L."},"image":{"@id":"https:\/\/kamoto.md\/ro\/#\/schema\/logo\/image\/"}}]}},"_links":{"self":[{"href":"https:\/\/kamoto.md\/ro\/wp-json\/wp\/v2\/product\/5035","targetHints":{"allow":["GET"]}}],"collection":[{"href":"https:\/\/kamoto.md\/ro\/wp-json\/wp\/v2\/product"}],"about":[{"href":"https:\/\/kamoto.md\/ro\/wp-json\/wp\/v2\/types\/product"}],"wp:featuredmedia":[{"embeddable":true,"href":"https:\/\/kamoto.md\/ro\/wp-json\/wp\/v2\/media\/3648"}],"wp:attachment":[{"href":"https:\/\/kamoto.md\/ro\/wp-json\/wp\/v2\/media?parent=5035"}],"wp:term":[{"taxonomy":"product_brand","embeddable":true,"href":"https:\/\/kamoto.md\/ro\/wp-json\/wp\/v2\/product_brand?post=5035"},{"taxonomy":"product_cat","embeddable":true,"href":"https:\/\/kamoto.md\/ro\/wp-json\/wp\/v2\/product_cat?post=5035"},{"taxonomy":"product_tag","embeddable":true,"href":"https:\/\/kamoto.md\/ro\/wp-json\/wp\/v2\/product_tag?post=5035"}],"curies":[{"name":"wp","href":"https:\/\/api.w.org\/{rel}","templated":true}]}}